{"id":24945,"date":"2023-04-28T17:44:05","date_gmt":"2023-04-28T17:44:05","guid":{"rendered":"https:\/\/vv-dev.webdev.is\/?post_type=product&#038;p=24945"},"modified":"2025-10-21T15:31:46","modified_gmt":"2025-10-21T15:31:46","slug":"hazet-hoggskrufjarn-hledslu-2x2-0ah-li-ion-taska-9213m-6","status":"publish","type":"product","link":"https:\/\/velarogverkfaeri.is\/en\/verkfaeralausnir\/rafmagnsverkfaeri\/hoggborvelar\/product\/hazet-hoggskrufjarn-hledslu-2x2-0ah-li-ion-taska-9213m-6\/","title":{"rendered":"HAZET H\u00f6ggskr\u00fafj\u00e1rn hle\u00f0slu 2&#215;2.0Ah Li-Ion + Taska 9213M\/6"},"content":{"rendered":"<p>HAZET 9213-1000\/3 Cordless impact wrench<\/p>\n<p>Application:<br \/>Work independently<\/p>\n<p>High efficiency thanks to brushless motor<br \/>3-piece set, contents:<br \/>cordless impact wrench, battery charger, Li-ion battery (1x)<br \/>18 V, 5 Ah<\/p>\n<p>Suitable for continuous operation<br \/>Robust machine housing<br \/>There are three power stages to choose from for torque acceleration<br \/>Stage 1: approx. 180 Nm at 0-400 rpm<br \/>Stage 2: approx. 400 Nm at 0-800 rpm<br \/>Stage 3: approx. 1000 Nm at 0-1800 rpm<br \/>Illumination of the work area before the output begins to move<br \/>Li-Ion battery with significantly lower self-discharge (only 2%) compared to a standard NiMH rechargeable battery (15-25%)<br \/>Replacement battery: 9212-05<br \/>Battery net weight: 0.659 kg<br \/>Battery charger net weight: 0.66 kg<br \/>Case net weight: 2.15 kg<br \/>Dimensions including rechargeable battery: 278 x 230 x 89.5 mm<br \/>Including belt clip, attachable on both sides<br \/>Brushless DC motor (BLDC)<br \/>&#8211; Longer lifetime, less wear, no change of the carbon brushes required<br \/>&#8211; Greater efficiency and thus less battery consumption<br \/>&#8211; More compact motor allows for smaller installation dimensions<br \/>Charging time with 5 Ah rechargeable battery approx. 80 min<br \/>Sound power level: 112 db(A) Lp W<br \/>Vibration acceleration: 17.80 m\/s2<br \/>Loosening torque (max) determined with screw size M: 24<br \/>Forward and reverse: multi-stage (right\/left)<br \/>Plastic box<br \/>Output: Square, solid 20 mm (3\/4 inch)<br \/>Net weight: 3.7 kg<br \/>Tightening torque max.: 1000 Nm<br \/>Maximum loosening torque: 1400 Nm<br \/>Sound pressure level: 101 dB(A) Lp A<br \/>Revolutions per minute: 0\u2009\u2013\u20091800<br \/>Do you know \u2013 Li-Ion batteries:<\/p>\n<p>Do not have any memory effect<br \/>Consist of cells with 3.6 V each<br \/>After full charge they have a higher voltage than 3.6 V i.e. 5 cells each 3.6 V = 18 V \u2013 but after full charge a peak voltage of up to 20 V is possible<br \/>Attention: For a longer lifetime of the battery please store it charged up to 50 to 80 % only<br \/>Have an energy density which is twice as high as nickel cadmium batteries, for example<br \/>Have a nominal voltage three times higher than a nickel metal hydride battery<br \/>Require multiple complete charging cycles to reach full capacity<br \/>Number of tools: 3<\/p>","protected":false},"excerpt":{"rendered":"<p>H\u00f6ggskr\u00fafj\u00e1rn me\u00f0 tveimur Li-ion  hle\u00f0slubatter\u00edum <br><br \/>\nTaska fylgir me\u00f0<\/p>","protected":false},"featured_media":27021,"comment_status":"closed","ping_status":"closed","template":"","meta":[],"product_brand":[],"product_cat":[733,592,515],"product_tag":[1098],"class_list":{"0":"post-24945","1":"product","2":"type-product","3":"status-publish","4":"has-post-thumbnail","6":"product_cat-hoggborvelar","7":"product_cat-rafmagnsverkfaeri","8":"product_cat-verkfaeralausnir","9":"product_tag-rafmagnsskrufjarn","11":"first","12":"instock","13":"taxable","14":"shipping-taxable","15":"purchasable","16":"product-type-simple"},"yoast_head":"<!-- This site is optimized with the Yoast SEO plugin v27.3 - https:\/\/yoast.com\/product\/yoast-seo-wordpress\/ -->\n<title>HAZET H\u00f6ggskr\u00fafj\u00e1rn hle\u00f0slu 2x2.0Ah Li-Ion + Taska 9213M\/6 - V\u00e9lar &amp; Verkf\u00e6ri<\/title>\n<meta name=\"robots\" content=\"index, follow, max-snippet:-1, max-image-preview:large, max-video-preview:-1\" \/>\n<link rel=\"canonical\" href=\"https:\/\/velarogverkfaeri.is\/en\/verkfaeralausnir\/rafmagnsverkfaeri\/hoggborvelar\/product\/hazet-hoggskrufjarn-hledslu-2x2-0ah-li-ion-taska-9213m-6\/\" \/>\n<meta property=\"og:locale\" content=\"en_US\" \/>\n<meta property=\"og:type\" content=\"article\" \/>\n<meta property=\"og:title\" content=\"HAZET H\u00f6ggskr\u00fafj\u00e1rn hle\u00f0slu 2x2.0Ah Li-Ion + Taska 9213M\/6 - V\u00e9lar &amp; Verkf\u00e6ri\" \/>\n<meta property=\"og:description\" content=\"H\u00f6ggskr\u00fafj\u00e1rn me\u00f0 tveimur Li-ion hle\u00f0slubatter\u00edum Taska fylgir me\u00f0\" \/>\n<meta property=\"og:url\" content=\"https:\/\/velarogverkfaeri.is\/en\/verkfaeralausnir\/rafmagnsverkfaeri\/hoggborvelar\/product\/hazet-hoggskrufjarn-hledslu-2x2-0ah-li-ion-taska-9213m-6\/\" \/>\n<meta property=\"og:site_name\" content=\"V\u00e9lar &amp; Verkf\u00e6ri\" \/>\n<meta property=\"article:publisher\" content=\"https:\/\/www.facebook.com\/VelarOgVerkfaeri\" \/>\n<meta property=\"article:modified_time\" content=\"2025-10-21T15:31:46+00:00\" \/>\n<meta property=\"og:image\" content=\"https:\/\/velarogverkfaeri.is\/wp-content\/uploads\/2023\/06\/91fa70f3-7e22-4f1e-ac8d-5aa70465a8f3.jpeg\" \/>\n\t<meta property=\"og:image:width\" content=\"1920\" \/>\n\t<meta property=\"og:image:height\" content=\"1920\" \/>\n\t<meta property=\"og:image:type\" content=\"image\/jpeg\" \/>\n<meta name=\"twitter:card\" content=\"summary_large_image\" \/>\n<meta name=\"twitter:label1\" content=\"Est. reading time\" \/>\n\t<meta name=\"twitter:data1\" content=\"1 minute\" \/>\n<script type=\"application\/ld+json\" class=\"yoast-schema-graph\">{\"@context\":\"https:\\\/\\\/schema.org\",\"@graph\":[{\"@type\":\"WebPage\",\"@id\":\"https:\\\/\\\/velarogverkfaeri.is\\\/verkfaeralausnir\\\/rafmagnsverkfaeri\\\/hoggborvelar\\\/product\\\/hazet-hoggskrufjarn-hledslu-2x2-0ah-li-ion-taska-9213m-6\\\/\",\"url\":\"https:\\\/\\\/velarogverkfaeri.is\\\/verkfaeralausnir\\\/rafmagnsverkfaeri\\\/hoggborvelar\\\/product\\\/hazet-hoggskrufjarn-hledslu-2x2-0ah-li-ion-taska-9213m-6\\\/\",\"name\":\"HAZET H\u00f6ggskr\u00fafj\u00e1rn hle\u00f0slu 2x2.0Ah Li-Ion + Taska 9213M\\\/6 - V\u00e9lar &amp; Verkf\u00e6ri\",\"isPartOf\":{\"@id\":\"https:\\\/\\\/velarogverkfaeri.is\\\/en\\\/#website\"},\"primaryImageOfPage\":{\"@id\":\"https:\\\/\\\/velarogverkfaeri.is\\\/verkfaeralausnir\\\/rafmagnsverkfaeri\\\/hoggborvelar\\\/product\\\/hazet-hoggskrufjarn-hledslu-2x2-0ah-li-ion-taska-9213m-6\\\/#primaryimage\"},\"image\":{\"@id\":\"https:\\\/\\\/velarogverkfaeri.is\\\/verkfaeralausnir\\\/rafmagnsverkfaeri\\\/hoggborvelar\\\/product\\\/hazet-hoggskrufjarn-hledslu-2x2-0ah-li-ion-taska-9213m-6\\\/#primaryimage\"},\"thumbnailUrl\":\"https:\\\/\\\/velarogverkfaeri.is\\\/wp-content\\\/uploads\\\/2023\\\/06\\\/91fa70f3-7e22-4f1e-ac8d-5aa70465a8f3.jpeg\",\"datePublished\":\"2023-04-28T17:44:05+00:00\",\"dateModified\":\"2025-10-21T15:31:46+00:00\",\"breadcrumb\":{\"@id\":\"https:\\\/\\\/velarogverkfaeri.is\\\/verkfaeralausnir\\\/rafmagnsverkfaeri\\\/hoggborvelar\\\/product\\\/hazet-hoggskrufjarn-hledslu-2x2-0ah-li-ion-taska-9213m-6\\\/#breadcrumb\"},\"inLanguage\":\"en-US\",\"potentialAction\":[{\"@type\":\"ReadAction\",\"target\":[\"https:\\\/\\\/velarogverkfaeri.is\\\/verkfaeralausnir\\\/rafmagnsverkfaeri\\\/hoggborvelar\\\/product\\\/hazet-hoggskrufjarn-hledslu-2x2-0ah-li-ion-taska-9213m-6\\\/\"]}]},{\"@type\":\"ImageObject\",\"inLanguage\":\"en-US\",\"@id\":\"https:\\\/\\\/velarogverkfaeri.is\\\/verkfaeralausnir\\\/rafmagnsverkfaeri\\\/hoggborvelar\\\/product\\\/hazet-hoggskrufjarn-hledslu-2x2-0ah-li-ion-taska-9213m-6\\\/#primaryimage\",\"url\":\"https:\\\/\\\/velarogverkfaeri.is\\\/wp-content\\\/uploads\\\/2023\\\/06\\\/91fa70f3-7e22-4f1e-ac8d-5aa70465a8f3.jpeg\",\"contentUrl\":\"https:\\\/\\\/velarogverkfaeri.is\\\/wp-content\\\/uploads\\\/2023\\\/06\\\/91fa70f3-7e22-4f1e-ac8d-5aa70465a8f3.jpeg\",\"width\":1920,\"height\":1920},{\"@type\":\"BreadcrumbList\",\"@id\":\"https:\\\/\\\/velarogverkfaeri.is\\\/verkfaeralausnir\\\/rafmagnsverkfaeri\\\/hoggborvelar\\\/product\\\/hazet-hoggskrufjarn-hledslu-2x2-0ah-li-ion-taska-9213m-6\\\/#breadcrumb\",\"itemListElement\":[{\"@type\":\"ListItem\",\"position\":1,\"name\":\"Home\",\"item\":\"https:\\\/\\\/velarogverkfaeri.is\\\/\"},{\"@type\":\"ListItem\",\"position\":2,\"name\":\"Vefverslun\",\"item\":\"https:\\\/\\\/velarogverkfaeri.is\\\/vefverslun\\\/\"},{\"@type\":\"ListItem\",\"position\":3,\"name\":\"HAZET H\u00f6ggskr\u00fafj\u00e1rn hle\u00f0slu 2&#215;2.0Ah Li-Ion + Taska 9213M\\\/6\"}]},{\"@type\":\"WebSite\",\"@id\":\"https:\\\/\\\/velarogverkfaeri.is\\\/en\\\/#website\",\"url\":\"https:\\\/\\\/velarogverkfaeri.is\\\/en\\\/\",\"name\":\"V\u00e9lar & Verkf\u00e6ri\",\"description\":\"Umbo\u00f0s- og heildverslun fr\u00e1 \u00e1rinu 1919\",\"publisher\":{\"@id\":\"https:\\\/\\\/velarogverkfaeri.is\\\/en\\\/#organization\"},\"potentialAction\":[{\"@type\":\"SearchAction\",\"target\":{\"@type\":\"EntryPoint\",\"urlTemplate\":\"https:\\\/\\\/velarogverkfaeri.is\\\/en\\\/?s={search_term_string}\"},\"query-input\":{\"@type\":\"PropertyValueSpecification\",\"valueRequired\":true,\"valueName\":\"search_term_string\"}}],\"inLanguage\":\"en-US\"},{\"@type\":\"Organization\",\"@id\":\"https:\\\/\\\/velarogverkfaeri.is\\\/en\\\/#organization\",\"name\":\"V\u00e9lar & Verkf\u00e6ri\",\"url\":\"https:\\\/\\\/velarogverkfaeri.is\\\/en\\\/\",\"logo\":{\"@type\":\"ImageObject\",\"inLanguage\":\"en-US\",\"@id\":\"https:\\\/\\\/velarogverkfaeri.is\\\/en\\\/#\\\/schema\\\/logo\\\/image\\\/\",\"url\":\"https:\\\/\\\/velarogverkfaeri.is\\\/wp-content\\\/uploads\\\/2021\\\/10\\\/vv_logo_350x100.png\",\"contentUrl\":\"https:\\\/\\\/velarogverkfaeri.is\\\/wp-content\\\/uploads\\\/2021\\\/10\\\/vv_logo_350x100.png\",\"width\":350,\"height\":100,\"caption\":\"V\u00e9lar & Verkf\u00e6ri\"},\"image\":{\"@id\":\"https:\\\/\\\/velarogverkfaeri.is\\\/en\\\/#\\\/schema\\\/logo\\\/image\\\/\"},\"sameAs\":[\"https:\\\/\\\/www.facebook.com\\\/VelarOgVerkfaeri\"]}]}<\/script>\n<!-- \/ Yoast SEO plugin. -->","yoast_head_json":{"title":"HAZET H\u00f6ggskr\u00fafj\u00e1rn hle\u00f0slu 2x2.0Ah Li-Ion + Taska 9213M\/6 - V\u00e9lar &amp; Verkf\u00e6ri","robots":{"index":"index","follow":"follow","max-snippet":"max-snippet:-1","max-image-preview":"max-image-preview:large","max-video-preview":"max-video-preview:-1"},"canonical":"https:\/\/velarogverkfaeri.is\/en\/verkfaeralausnir\/rafmagnsverkfaeri\/hoggborvelar\/product\/hazet-hoggskrufjarn-hledslu-2x2-0ah-li-ion-taska-9213m-6\/","og_locale":"en_US","og_type":"article","og_title":"HAZET H\u00f6ggskr\u00fafj\u00e1rn hle\u00f0slu 2x2.0Ah Li-Ion + Taska 9213M\/6 - V\u00e9lar &amp; Verkf\u00e6ri","og_description":"H\u00f6ggskr\u00fafj\u00e1rn me\u00f0 tveimur Li-ion hle\u00f0slubatter\u00edum Taska fylgir me\u00f0","og_url":"https:\/\/velarogverkfaeri.is\/en\/verkfaeralausnir\/rafmagnsverkfaeri\/hoggborvelar\/product\/hazet-hoggskrufjarn-hledslu-2x2-0ah-li-ion-taska-9213m-6\/","og_site_name":"V\u00e9lar &amp; Verkf\u00e6ri","article_publisher":"https:\/\/www.facebook.com\/VelarOgVerkfaeri","article_modified_time":"2025-10-21T15:31:46+00:00","og_image":[{"width":1920,"height":1920,"url":"https:\/\/velarogverkfaeri.is\/wp-content\/uploads\/2023\/06\/91fa70f3-7e22-4f1e-ac8d-5aa70465a8f3.jpeg","type":"image\/jpeg"}],"twitter_card":"summary_large_image","twitter_misc":{"Est. reading time":"1 minute"},"schema":{"@context":"https:\/\/schema.org","@graph":[{"@type":"WebPage","@id":"https:\/\/velarogverkfaeri.is\/verkfaeralausnir\/rafmagnsverkfaeri\/hoggborvelar\/product\/hazet-hoggskrufjarn-hledslu-2x2-0ah-li-ion-taska-9213m-6\/","url":"https:\/\/velarogverkfaeri.is\/verkfaeralausnir\/rafmagnsverkfaeri\/hoggborvelar\/product\/hazet-hoggskrufjarn-hledslu-2x2-0ah-li-ion-taska-9213m-6\/","name":"HAZET H\u00f6ggskr\u00fafj\u00e1rn hle\u00f0slu 2x2.0Ah Li-Ion + Taska 9213M\/6 - V\u00e9lar &amp; Verkf\u00e6ri","isPartOf":{"@id":"https:\/\/velarogverkfaeri.is\/en\/#website"},"primaryImageOfPage":{"@id":"https:\/\/velarogverkfaeri.is\/verkfaeralausnir\/rafmagnsverkfaeri\/hoggborvelar\/product\/hazet-hoggskrufjarn-hledslu-2x2-0ah-li-ion-taska-9213m-6\/#primaryimage"},"image":{"@id":"https:\/\/velarogverkfaeri.is\/verkfaeralausnir\/rafmagnsverkfaeri\/hoggborvelar\/product\/hazet-hoggskrufjarn-hledslu-2x2-0ah-li-ion-taska-9213m-6\/#primaryimage"},"thumbnailUrl":"https:\/\/velarogverkfaeri.is\/wp-content\/uploads\/2023\/06\/91fa70f3-7e22-4f1e-ac8d-5aa70465a8f3.jpeg","datePublished":"2023-04-28T17:44:05+00:00","dateModified":"2025-10-21T15:31:46+00:00","breadcrumb":{"@id":"https:\/\/velarogverkfaeri.is\/verkfaeralausnir\/rafmagnsverkfaeri\/hoggborvelar\/product\/hazet-hoggskrufjarn-hledslu-2x2-0ah-li-ion-taska-9213m-6\/#breadcrumb"},"inLanguage":"en-US","potentialAction":[{"@type":"ReadAction","target":["https:\/\/velarogverkfaeri.is\/verkfaeralausnir\/rafmagnsverkfaeri\/hoggborvelar\/product\/hazet-hoggskrufjarn-hledslu-2x2-0ah-li-ion-taska-9213m-6\/"]}]},{"@type":"ImageObject","inLanguage":"en-US","@id":"https:\/\/velarogverkfaeri.is\/verkfaeralausnir\/rafmagnsverkfaeri\/hoggborvelar\/product\/hazet-hoggskrufjarn-hledslu-2x2-0ah-li-ion-taska-9213m-6\/#primaryimage","url":"https:\/\/velarogverkfaeri.is\/wp-content\/uploads\/2023\/06\/91fa70f3-7e22-4f1e-ac8d-5aa70465a8f3.jpeg","contentUrl":"https:\/\/velarogverkfaeri.is\/wp-content\/uploads\/2023\/06\/91fa70f3-7e22-4f1e-ac8d-5aa70465a8f3.jpeg","width":1920,"height":1920},{"@type":"BreadcrumbList","@id":"https:\/\/velarogverkfaeri.is\/verkfaeralausnir\/rafmagnsverkfaeri\/hoggborvelar\/product\/hazet-hoggskrufjarn-hledslu-2x2-0ah-li-ion-taska-9213m-6\/#breadcrumb","itemListElement":[{"@type":"ListItem","position":1,"name":"Home","item":"https:\/\/velarogverkfaeri.is\/"},{"@type":"ListItem","position":2,"name":"Vefverslun","item":"https:\/\/velarogverkfaeri.is\/vefverslun\/"},{"@type":"ListItem","position":3,"name":"HAZET H\u00f6ggskr\u00fafj\u00e1rn hle\u00f0slu 2&#215;2.0Ah Li-Ion + Taska 9213M\/6"}]},{"@type":"WebSite","@id":"https:\/\/velarogverkfaeri.is\/en\/#website","url":"https:\/\/velarogverkfaeri.is\/en\/","name":"V\u00e9lar & Verkf\u00e6ri","description":"Umbo\u00f0s- og heildverslun fr\u00e1 \u00e1rinu 1919","publisher":{"@id":"https:\/\/velarogverkfaeri.is\/en\/#organization"},"potentialAction":[{"@type":"SearchAction","target":{"@type":"EntryPoint","urlTemplate":"https:\/\/velarogverkfaeri.is\/en\/?s={search_term_string}"},"query-input":{"@type":"PropertyValueSpecification","valueRequired":true,"valueName":"search_term_string"}}],"inLanguage":"en-US"},{"@type":"Organization","@id":"https:\/\/velarogverkfaeri.is\/en\/#organization","name":"V\u00e9lar & Verkf\u00e6ri","url":"https:\/\/velarogverkfaeri.is\/en\/","logo":{"@type":"ImageObject","inLanguage":"en-US","@id":"https:\/\/velarogverkfaeri.is\/en\/#\/schema\/logo\/image\/","url":"https:\/\/velarogverkfaeri.is\/wp-content\/uploads\/2021\/10\/vv_logo_350x100.png","contentUrl":"https:\/\/velarogverkfaeri.is\/wp-content\/uploads\/2021\/10\/vv_logo_350x100.png","width":350,"height":100,"caption":"V\u00e9lar & Verkf\u00e6ri"},"image":{"@id":"https:\/\/velarogverkfaeri.is\/en\/#\/schema\/logo\/image\/"},"sameAs":["https:\/\/www.facebook.com\/VelarOgVerkfaeri"]}]}},"_links":{"self":[{"href":"https:\/\/velarogverkfaeri.is\/en\/wp-json\/wp\/v2\/product\/24945","targetHints":{"allow":["GET"]}}],"collection":[{"href":"https:\/\/velarogverkfaeri.is\/en\/wp-json\/wp\/v2\/product"}],"about":[{"href":"https:\/\/velarogverkfaeri.is\/en\/wp-json\/wp\/v2\/types\/product"}],"replies":[{"embeddable":true,"href":"https:\/\/velarogverkfaeri.is\/en\/wp-json\/wp\/v2\/comments?post=24945"}],"wp:featuredmedia":[{"embeddable":true,"href":"https:\/\/velarogverkfaeri.is\/en\/wp-json\/wp\/v2\/media\/27021"}],"wp:attachment":[{"href":"https:\/\/velarogverkfaeri.is\/en\/wp-json\/wp\/v2\/media?parent=24945"}],"wp:term":[{"taxonomy":"product_brand","embeddable":true,"href":"https:\/\/velarogverkfaeri.is\/en\/wp-json\/wp\/v2\/product_brand?post=24945"},{"taxonomy":"product_cat","embeddable":true,"href":"https:\/\/velarogverkfaeri.is\/en\/wp-json\/wp\/v2\/product_cat?post=24945"},{"taxonomy":"product_tag","embeddable":true,"href":"https:\/\/velarogverkfaeri.is\/en\/wp-json\/wp\/v2\/product_tag?post=24945"}],"curies":[{"name":"wp","href":"https:\/\/api.w.org\/{rel}","templated":true}]}}