{"id":24898,"date":"2023-04-28T17:44:21","date_gmt":"2023-04-28T17:44:21","guid":{"rendered":"https:\/\/vv-dev.webdev.is\/?post_type=product&#038;p=24898"},"modified":"2026-04-22T15:01:11","modified_gmt":"2026-04-22T15:01:11","slug":"liftmaster-fjarstyring-4-rasa-ev-universal","status":"publish","type":"product","link":"https:\/\/velarogverkfaeri.is\/en\/lykillausnir\/rafdrifnir-opnarar-lykillausnir\/bilskurshurdaopnarar\/product\/liftmaster-fjarstyring-4-rasa-ev-universal\/","title":{"rendered":"LIFTMASTER Fjarst\u00fdring 4 r\u00e1sa EV Universal"},"content":{"rendered":"<p>Fjarst\u00fdringin notar 1 x 3v CR2032 rafhl\u00f6\u00f0u (fylgir me\u00f0)<\/p>\n<p>Au\u00f0velt a\u00f0 festa vi\u00f0 lyklakippu<\/p>\n<p>Lei\u00f0beiningar fylgja me\u00f0<\/p>\n<p>Fjarst\u00fdringin virkar me\u00f0 eftirfarandi b\u00edlsk\u00farshur\u00f0aropnurum:<\/p>\n<ul>\n<li>ML700EV<\/li>\n<li>ML1000EV<\/li>\n<li>LM80EV<\/li>\n<li>LM100EV<\/li>\n<li>Motorlift 700, 850, 1000, 2000, 4000 og 5500<\/li>\n<li>Liftmaster 800,1000, 1000A, 3800A, pro 9000, Sesam<\/li>\n<\/ul>\n<p class=\"MsoNormal\" align=\"center\" style=\"margin-bottom:0cm;text-align:center;line-height:normal\"><u><span lang=\"IS\" style=\"font-size:9.0pt\">&nbsp;<\/span><\/u><\/p>\n<p class=\"MsoNormal\" align=\"center\" style=\"margin-bottom:0cm;text-align:center;line-height:normal\"><u><span lang=\"IS\" style=\"font-size:9.0pt\"><br \/><\/span><\/u><\/p>\n<div style=\"text-align: left;\"><u><span style=\"font-size: 14px;\">Lei\u00f0beiningar<\/span><\/u><\/div>\n<\/p>\n<ol>\n<li style=\"text-align: left; margin-bottom: 0cm; line-height: normal;\"><span lang=\"IS\" style=\"\">\u00deegar fjarst\u00fdring<br \/>\ner virkju\u00f0&nbsp; skal b\u00e1\u00f0um hli\u00f0ar<\/span>hn\u00f6ppum \u00e1<br \/>\nfjarst\u00fdringunni haldi\u00f0 inni \u00fear til lj\u00f3si\u00f0 logar st\u00f6\u00f0ugt.<\/li>\n<li style=\"text-align: left; margin-bottom: 0cm; line-height: normal;\">\u00der\u00fdsta einu sinni \u00e1 forritunartakkann(gr\u00e6nn\/appels\u00ednugulur)<br \/>\n\u00e1 opnaranum, lj\u00f3s<br \/>\nlogar. <\/li>\n<li style=\"text-align: left; margin-bottom: 0cm; line-height: normal;\">\u00dev\u00ed n\u00e6st er valinn einn hnappur \u00e1<br \/>\nfjarst\u00fdringunni og \u00fdtt \u00ferisvar sinnum \u00e1 hann.<\/li>\n<li style=\"text-align: left; margin-bottom: 0cm; line-height: normal;\"><span lang=\"IS\" style=\"\">N\u00e6st er \u00fdtt \u00e1<br \/>\neinhvern annan hnapp<\/span><span lang=\"IS\" style=\"\">.&nbsp;<\/span>N\u00fa \u00e1 s\u00e1 hnappur sem<br \/>\nvar forrita\u00f0ur a\u00f0 vera or\u00f0inn virkur.<\/li>\n<\/ol>\n<p class=\"MsoNormal\" align=\"center\" style=\"text-align: left; margin-bottom: 0cm; line-height: normal;\"><span lang=\"IS\" style=\"\">Ath. Varast skal a\u00f0<br \/>\nhaldsa forritunartakka&nbsp;<\/span>\u00e1 opnara inni lengur<br \/>\nen 6 sek \u00fev\u00ed \u00fe\u00e1 hreinsast allar fjarst\u00fdringar<br \/>\n\u00fat \u00far minninu.<\/p>","protected":false},"excerpt":{"rendered":"<p><span style=\"color: rgb(0, 0, 0);\">TX4UNIF alhli\u00f0a fjarst\u00fdringin er me\u00f0 hv\u00edtum LED-lj\u00f3si og starfar \u00e1 433MHz t\u00ed\u00f0ninni. H\u00f6nnun fjarst\u00fdringarinnar er bygg\u00f0 \u00e1 n\u00fat\u00edmalegum og a\u00f0la\u00f0andi b\u00edllykli. St\u00f3ru hnapparnir \u00e1 henni auka einnig au\u00f0velda notkun og gera \u00fea\u00f0 m\u00f6gulegt a\u00f0 stj\u00f3rna allt a\u00f0 fj\u00f3rum hur\u00f0um.<\/span><\/p>","protected":false},"featured_media":27102,"comment_status":"closed","ping_status":"closed","template":"","meta":[],"product_brand":[],"product_cat":[685,517,599],"product_tag":[956],"class_list":{"0":"post-24898","1":"product","2":"type-product","3":"status-publish","4":"has-post-thumbnail","6":"product_cat-bilskurshurdaopnarar","7":"product_cat-lykillausnir","8":"product_cat-rafdrifnir-opnarar-lykillausnir","9":"product_tag-chamberlain","11":"first","12":"instock","13":"taxable","14":"shipping-taxable","15":"purchasable","16":"product-type-simple"},"yoast_head":"<!-- This site is optimized with the Yoast SEO plugin v27.3 - https:\/\/yoast.com\/product\/yoast-seo-wordpress\/ -->\n<title>LIFTMASTER Fjarst\u00fdring 4 r\u00e1sa EV Universal - V\u00e9lar &amp; Verkf\u00e6ri<\/title>\n<meta name=\"robots\" content=\"index, follow, max-snippet:-1, max-image-preview:large, max-video-preview:-1\" \/>\n<link rel=\"canonical\" href=\"https:\/\/velarogverkfaeri.is\/en\/lykillausnir\/rafdrifnir-opnarar-lykillausnir\/bilskurshurdaopnarar\/product\/liftmaster-fjarstyring-4-rasa-ev-universal\/\" \/>\n<meta property=\"og:locale\" content=\"en_US\" \/>\n<meta property=\"og:type\" content=\"article\" \/>\n<meta property=\"og:title\" content=\"LIFTMASTER Fjarst\u00fdring 4 r\u00e1sa EV Universal - V\u00e9lar &amp; Verkf\u00e6ri\" \/>\n<meta property=\"og:description\" content=\"TX4UNIF alhli\u00f0a fjarst\u00fdringin er me\u00f0 hv\u00edtum LED-lj\u00f3si og starfar \u00e1 433MHz t\u00ed\u00f0ninni. H\u00f6nnun fjarst\u00fdringarinnar er bygg\u00f0 \u00e1 n\u00fat\u00edmalegum og a\u00f0la\u00f0andi b\u00edllykli. St\u00f3ru hnapparnir \u00e1 henni auka einnig au\u00f0velda notkun og gera \u00fea\u00f0 m\u00f6gulegt a\u00f0 stj\u00f3rna allt a\u00f0 fj\u00f3rum hur\u00f0um.\" \/>\n<meta property=\"og:url\" content=\"https:\/\/velarogverkfaeri.is\/en\/lykillausnir\/rafdrifnir-opnarar-lykillausnir\/bilskurshurdaopnarar\/product\/liftmaster-fjarstyring-4-rasa-ev-universal\/\" \/>\n<meta property=\"og:site_name\" content=\"V\u00e9lar &amp; Verkf\u00e6ri\" \/>\n<meta property=\"article:publisher\" content=\"https:\/\/www.facebook.com\/VelarOgVerkfaeri\" \/>\n<meta property=\"article:modified_time\" content=\"2026-04-22T15:01:11+00:00\" \/>\n<meta property=\"og:image\" content=\"https:\/\/velarogverkfaeri.is\/wp-content\/uploads\/2023\/06\/db46a8fe-d6b7-4031-b743-e03bd0b0e70f.jpeg\" \/>\n\t<meta property=\"og:image:width\" content=\"500\" \/>\n\t<meta property=\"og:image:height\" content=\"500\" \/>\n\t<meta property=\"og:image:type\" content=\"image\/jpeg\" \/>\n<meta name=\"twitter:card\" content=\"summary_large_image\" \/>\n<meta name=\"twitter:label1\" content=\"Est. reading time\" \/>\n\t<meta name=\"twitter:data1\" content=\"1 minute\" \/>\n<script type=\"application\/ld+json\" class=\"yoast-schema-graph\">{\"@context\":\"https:\\\/\\\/schema.org\",\"@graph\":[{\"@type\":\"WebPage\",\"@id\":\"https:\\\/\\\/velarogverkfaeri.is\\\/lykillausnir\\\/rafdrifnir-opnarar-lykillausnir\\\/bilskurshurdaopnarar\\\/product\\\/liftmaster-fjarstyring-4-rasa-ev-universal\\\/\",\"url\":\"https:\\\/\\\/velarogverkfaeri.is\\\/lykillausnir\\\/rafdrifnir-opnarar-lykillausnir\\\/bilskurshurdaopnarar\\\/product\\\/liftmaster-fjarstyring-4-rasa-ev-universal\\\/\",\"name\":\"LIFTMASTER Fjarst\u00fdring 4 r\u00e1sa EV Universal - V\u00e9lar &amp; Verkf\u00e6ri\",\"isPartOf\":{\"@id\":\"https:\\\/\\\/velarogverkfaeri.is\\\/en\\\/#website\"},\"primaryImageOfPage\":{\"@id\":\"https:\\\/\\\/velarogverkfaeri.is\\\/lykillausnir\\\/rafdrifnir-opnarar-lykillausnir\\\/bilskurshurdaopnarar\\\/product\\\/liftmaster-fjarstyring-4-rasa-ev-universal\\\/#primaryimage\"},\"image\":{\"@id\":\"https:\\\/\\\/velarogverkfaeri.is\\\/lykillausnir\\\/rafdrifnir-opnarar-lykillausnir\\\/bilskurshurdaopnarar\\\/product\\\/liftmaster-fjarstyring-4-rasa-ev-universal\\\/#primaryimage\"},\"thumbnailUrl\":\"https:\\\/\\\/velarogverkfaeri.is\\\/wp-content\\\/uploads\\\/2023\\\/06\\\/db46a8fe-d6b7-4031-b743-e03bd0b0e70f.jpeg\",\"datePublished\":\"2023-04-28T17:44:21+00:00\",\"dateModified\":\"2026-04-22T15:01:11+00:00\",\"breadcrumb\":{\"@id\":\"https:\\\/\\\/velarogverkfaeri.is\\\/lykillausnir\\\/rafdrifnir-opnarar-lykillausnir\\\/bilskurshurdaopnarar\\\/product\\\/liftmaster-fjarstyring-4-rasa-ev-universal\\\/#breadcrumb\"},\"inLanguage\":\"en-US\",\"potentialAction\":[{\"@type\":\"ReadAction\",\"target\":[\"https:\\\/\\\/velarogverkfaeri.is\\\/lykillausnir\\\/rafdrifnir-opnarar-lykillausnir\\\/bilskurshurdaopnarar\\\/product\\\/liftmaster-fjarstyring-4-rasa-ev-universal\\\/\"]}]},{\"@type\":\"ImageObject\",\"inLanguage\":\"en-US\",\"@id\":\"https:\\\/\\\/velarogverkfaeri.is\\\/lykillausnir\\\/rafdrifnir-opnarar-lykillausnir\\\/bilskurshurdaopnarar\\\/product\\\/liftmaster-fjarstyring-4-rasa-ev-universal\\\/#primaryimage\",\"url\":\"https:\\\/\\\/velarogverkfaeri.is\\\/wp-content\\\/uploads\\\/2023\\\/06\\\/db46a8fe-d6b7-4031-b743-e03bd0b0e70f.jpeg\",\"contentUrl\":\"https:\\\/\\\/velarogverkfaeri.is\\\/wp-content\\\/uploads\\\/2023\\\/06\\\/db46a8fe-d6b7-4031-b743-e03bd0b0e70f.jpeg\",\"width\":500,\"height\":500},{\"@type\":\"BreadcrumbList\",\"@id\":\"https:\\\/\\\/velarogverkfaeri.is\\\/lykillausnir\\\/rafdrifnir-opnarar-lykillausnir\\\/bilskurshurdaopnarar\\\/product\\\/liftmaster-fjarstyring-4-rasa-ev-universal\\\/#breadcrumb\",\"itemListElement\":[{\"@type\":\"ListItem\",\"position\":1,\"name\":\"Home\",\"item\":\"https:\\\/\\\/velarogverkfaeri.is\\\/\"},{\"@type\":\"ListItem\",\"position\":2,\"name\":\"Vefverslun\",\"item\":\"https:\\\/\\\/velarogverkfaeri.is\\\/vefverslun\\\/\"},{\"@type\":\"ListItem\",\"position\":3,\"name\":\"LIFTMASTER Fjarst\u00fdring 4 r\u00e1sa EV Universal\"}]},{\"@type\":\"WebSite\",\"@id\":\"https:\\\/\\\/velarogverkfaeri.is\\\/en\\\/#website\",\"url\":\"https:\\\/\\\/velarogverkfaeri.is\\\/en\\\/\",\"name\":\"V\u00e9lar & Verkf\u00e6ri\",\"description\":\"Umbo\u00f0s- og heildverslun fr\u00e1 \u00e1rinu 1919\",\"publisher\":{\"@id\":\"https:\\\/\\\/velarogverkfaeri.is\\\/en\\\/#organization\"},\"potentialAction\":[{\"@type\":\"SearchAction\",\"target\":{\"@type\":\"EntryPoint\",\"urlTemplate\":\"https:\\\/\\\/velarogverkfaeri.is\\\/en\\\/?s={search_term_string}\"},\"query-input\":{\"@type\":\"PropertyValueSpecification\",\"valueRequired\":true,\"valueName\":\"search_term_string\"}}],\"inLanguage\":\"en-US\"},{\"@type\":\"Organization\",\"@id\":\"https:\\\/\\\/velarogverkfaeri.is\\\/en\\\/#organization\",\"name\":\"V\u00e9lar & Verkf\u00e6ri\",\"url\":\"https:\\\/\\\/velarogverkfaeri.is\\\/en\\\/\",\"logo\":{\"@type\":\"ImageObject\",\"inLanguage\":\"en-US\",\"@id\":\"https:\\\/\\\/velarogverkfaeri.is\\\/en\\\/#\\\/schema\\\/logo\\\/image\\\/\",\"url\":\"https:\\\/\\\/velarogverkfaeri.is\\\/wp-content\\\/uploads\\\/2021\\\/10\\\/vv_logo_350x100.png\",\"contentUrl\":\"https:\\\/\\\/velarogverkfaeri.is\\\/wp-content\\\/uploads\\\/2021\\\/10\\\/vv_logo_350x100.png\",\"width\":350,\"height\":100,\"caption\":\"V\u00e9lar & Verkf\u00e6ri\"},\"image\":{\"@id\":\"https:\\\/\\\/velarogverkfaeri.is\\\/en\\\/#\\\/schema\\\/logo\\\/image\\\/\"},\"sameAs\":[\"https:\\\/\\\/www.facebook.com\\\/VelarOgVerkfaeri\"]}]}<\/script>\n<!-- \/ Yoast SEO plugin. -->","yoast_head_json":{"title":"LIFTMASTER Fjarst\u00fdring 4 r\u00e1sa EV Universal - V\u00e9lar &amp; Verkf\u00e6ri","robots":{"index":"index","follow":"follow","max-snippet":"max-snippet:-1","max-image-preview":"max-image-preview:large","max-video-preview":"max-video-preview:-1"},"canonical":"https:\/\/velarogverkfaeri.is\/en\/lykillausnir\/rafdrifnir-opnarar-lykillausnir\/bilskurshurdaopnarar\/product\/liftmaster-fjarstyring-4-rasa-ev-universal\/","og_locale":"en_US","og_type":"article","og_title":"LIFTMASTER Fjarst\u00fdring 4 r\u00e1sa EV Universal - V\u00e9lar &amp; Verkf\u00e6ri","og_description":"TX4UNIF alhli\u00f0a fjarst\u00fdringin er me\u00f0 hv\u00edtum LED-lj\u00f3si og starfar \u00e1 433MHz t\u00ed\u00f0ninni. H\u00f6nnun fjarst\u00fdringarinnar er bygg\u00f0 \u00e1 n\u00fat\u00edmalegum og a\u00f0la\u00f0andi b\u00edllykli. St\u00f3ru hnapparnir \u00e1 henni auka einnig au\u00f0velda notkun og gera \u00fea\u00f0 m\u00f6gulegt a\u00f0 stj\u00f3rna allt a\u00f0 fj\u00f3rum hur\u00f0um.","og_url":"https:\/\/velarogverkfaeri.is\/en\/lykillausnir\/rafdrifnir-opnarar-lykillausnir\/bilskurshurdaopnarar\/product\/liftmaster-fjarstyring-4-rasa-ev-universal\/","og_site_name":"V\u00e9lar &amp; Verkf\u00e6ri","article_publisher":"https:\/\/www.facebook.com\/VelarOgVerkfaeri","article_modified_time":"2026-04-22T15:01:11+00:00","og_image":[{"width":500,"height":500,"url":"https:\/\/velarogverkfaeri.is\/wp-content\/uploads\/2023\/06\/db46a8fe-d6b7-4031-b743-e03bd0b0e70f.jpeg","type":"image\/jpeg"}],"twitter_card":"summary_large_image","twitter_misc":{"Est. reading time":"1 minute"},"schema":{"@context":"https:\/\/schema.org","@graph":[{"@type":"WebPage","@id":"https:\/\/velarogverkfaeri.is\/lykillausnir\/rafdrifnir-opnarar-lykillausnir\/bilskurshurdaopnarar\/product\/liftmaster-fjarstyring-4-rasa-ev-universal\/","url":"https:\/\/velarogverkfaeri.is\/lykillausnir\/rafdrifnir-opnarar-lykillausnir\/bilskurshurdaopnarar\/product\/liftmaster-fjarstyring-4-rasa-ev-universal\/","name":"LIFTMASTER Fjarst\u00fdring 4 r\u00e1sa EV Universal - V\u00e9lar &amp; Verkf\u00e6ri","isPartOf":{"@id":"https:\/\/velarogverkfaeri.is\/en\/#website"},"primaryImageOfPage":{"@id":"https:\/\/velarogverkfaeri.is\/lykillausnir\/rafdrifnir-opnarar-lykillausnir\/bilskurshurdaopnarar\/product\/liftmaster-fjarstyring-4-rasa-ev-universal\/#primaryimage"},"image":{"@id":"https:\/\/velarogverkfaeri.is\/lykillausnir\/rafdrifnir-opnarar-lykillausnir\/bilskurshurdaopnarar\/product\/liftmaster-fjarstyring-4-rasa-ev-universal\/#primaryimage"},"thumbnailUrl":"https:\/\/velarogverkfaeri.is\/wp-content\/uploads\/2023\/06\/db46a8fe-d6b7-4031-b743-e03bd0b0e70f.jpeg","datePublished":"2023-04-28T17:44:21+00:00","dateModified":"2026-04-22T15:01:11+00:00","breadcrumb":{"@id":"https:\/\/velarogverkfaeri.is\/lykillausnir\/rafdrifnir-opnarar-lykillausnir\/bilskurshurdaopnarar\/product\/liftmaster-fjarstyring-4-rasa-ev-universal\/#breadcrumb"},"inLanguage":"en-US","potentialAction":[{"@type":"ReadAction","target":["https:\/\/velarogverkfaeri.is\/lykillausnir\/rafdrifnir-opnarar-lykillausnir\/bilskurshurdaopnarar\/product\/liftmaster-fjarstyring-4-rasa-ev-universal\/"]}]},{"@type":"ImageObject","inLanguage":"en-US","@id":"https:\/\/velarogverkfaeri.is\/lykillausnir\/rafdrifnir-opnarar-lykillausnir\/bilskurshurdaopnarar\/product\/liftmaster-fjarstyring-4-rasa-ev-universal\/#primaryimage","url":"https:\/\/velarogverkfaeri.is\/wp-content\/uploads\/2023\/06\/db46a8fe-d6b7-4031-b743-e03bd0b0e70f.jpeg","contentUrl":"https:\/\/velarogverkfaeri.is\/wp-content\/uploads\/2023\/06\/db46a8fe-d6b7-4031-b743-e03bd0b0e70f.jpeg","width":500,"height":500},{"@type":"BreadcrumbList","@id":"https:\/\/velarogverkfaeri.is\/lykillausnir\/rafdrifnir-opnarar-lykillausnir\/bilskurshurdaopnarar\/product\/liftmaster-fjarstyring-4-rasa-ev-universal\/#breadcrumb","itemListElement":[{"@type":"ListItem","position":1,"name":"Home","item":"https:\/\/velarogverkfaeri.is\/"},{"@type":"ListItem","position":2,"name":"Vefverslun","item":"https:\/\/velarogverkfaeri.is\/vefverslun\/"},{"@type":"ListItem","position":3,"name":"LIFTMASTER Fjarst\u00fdring 4 r\u00e1sa EV Universal"}]},{"@type":"WebSite","@id":"https:\/\/velarogverkfaeri.is\/en\/#website","url":"https:\/\/velarogverkfaeri.is\/en\/","name":"V\u00e9lar & Verkf\u00e6ri","description":"Umbo\u00f0s- og heildverslun fr\u00e1 \u00e1rinu 1919","publisher":{"@id":"https:\/\/velarogverkfaeri.is\/en\/#organization"},"potentialAction":[{"@type":"SearchAction","target":{"@type":"EntryPoint","urlTemplate":"https:\/\/velarogverkfaeri.is\/en\/?s={search_term_string}"},"query-input":{"@type":"PropertyValueSpecification","valueRequired":true,"valueName":"search_term_string"}}],"inLanguage":"en-US"},{"@type":"Organization","@id":"https:\/\/velarogverkfaeri.is\/en\/#organization","name":"V\u00e9lar & Verkf\u00e6ri","url":"https:\/\/velarogverkfaeri.is\/en\/","logo":{"@type":"ImageObject","inLanguage":"en-US","@id":"https:\/\/velarogverkfaeri.is\/en\/#\/schema\/logo\/image\/","url":"https:\/\/velarogverkfaeri.is\/wp-content\/uploads\/2021\/10\/vv_logo_350x100.png","contentUrl":"https:\/\/velarogverkfaeri.is\/wp-content\/uploads\/2021\/10\/vv_logo_350x100.png","width":350,"height":100,"caption":"V\u00e9lar & Verkf\u00e6ri"},"image":{"@id":"https:\/\/velarogverkfaeri.is\/en\/#\/schema\/logo\/image\/"},"sameAs":["https:\/\/www.facebook.com\/VelarOgVerkfaeri"]}]}},"_links":{"self":[{"href":"https:\/\/velarogverkfaeri.is\/en\/wp-json\/wp\/v2\/product\/24898","targetHints":{"allow":["GET"]}}],"collection":[{"href":"https:\/\/velarogverkfaeri.is\/en\/wp-json\/wp\/v2\/product"}],"about":[{"href":"https:\/\/velarogverkfaeri.is\/en\/wp-json\/wp\/v2\/types\/product"}],"replies":[{"embeddable":true,"href":"https:\/\/velarogverkfaeri.is\/en\/wp-json\/wp\/v2\/comments?post=24898"}],"wp:featuredmedia":[{"embeddable":true,"href":"https:\/\/velarogverkfaeri.is\/en\/wp-json\/wp\/v2\/media\/27102"}],"wp:attachment":[{"href":"https:\/\/velarogverkfaeri.is\/en\/wp-json\/wp\/v2\/media?parent=24898"}],"wp:term":[{"taxonomy":"product_brand","embeddable":true,"href":"https:\/\/velarogverkfaeri.is\/en\/wp-json\/wp\/v2\/product_brand?post=24898"},{"taxonomy":"product_cat","embeddable":true,"href":"https:\/\/velarogverkfaeri.is\/en\/wp-json\/wp\/v2\/product_cat?post=24898"},{"taxonomy":"product_tag","embeddable":true,"href":"https:\/\/velarogverkfaeri.is\/en\/wp-json\/wp\/v2\/product_tag?post=24898"}],"curies":[{"name":"wp","href":"https:\/\/api.w.org\/{rel}","templated":true}]}}