{"id":24796,"date":"2023-06-07T14:25:37","date_gmt":"2023-06-07T14:25:37","guid":{"rendered":"https:\/\/vv-dev.webdev.is\/?post_type=product&#038;p=24796"},"modified":"2026-05-06T10:01:37","modified_gmt":"2026-05-06T10:01:37","slug":"osec-slokkvitaeki-6l-lettvatn-froda","status":"publish","type":"product","link":"https:\/\/velarogverkfaeri.is\/en\/lykillausnir\/oryggisvorur\/eldvarnir-og-slokkvutaeki\/product\/osec-slokkvitaeki-6l-lettvatn-froda\/","title":{"rendered":"OSEC Sl\u00f6kkvit\u00e6ki 6L L\u00e9ttvatn\/Fro\u00f0a"},"content":{"rendered":"<p>Eiginleikar sl\u00f6kkvit\u00e6kis:<\/p>\n<ul>\n<li>Einfalt \u00ed notkun<\/li>\n<li>Slekkur hratt \u00ed eldi<\/li>\n<li>Vi\u00f0hald og \u00fej\u00f3nusta \u00e1 t\u00e6ki er einf\u00f6ld<\/li>\n<li>M\u00f6guleiki a\u00f0 fylla oft \u00e1<\/li>\n<\/ul>\n<p><\/p>\n<ul>\n<li>Sl\u00f6kkvigildi (afk\u00f6st): 21A 183B<\/li>\n<li>R\u00famm\u00e1l innihalds: 6L<\/li>\n<li>K\u00faturinn t\u00e6mist \u00e1 15 sek\u00fandum<\/li>\n<li>M\u00e1 nota \u00e1 eld \u00ed rafb\u00fana\u00f0i upp a\u00f0 1000V<\/li>\n<li>H\u00e6\u00f0 t\u00e6kis: 502mm<\/li>\n<li>\u00deverm\u00e1l t\u00e6kis: 160mm<\/li>\n<\/ul>\n<p><\/p>","protected":false},"excerpt":{"rendered":"<p>Hanna\u00f0 til a\u00f0 vernda alls konar h\u00fasn\u00e6\u00f0i fyrir bruna: heimili, skrifstofur, verksmi\u00f0jur, v\u00f6ruh\u00fas og fleira.<\/p>","protected":false},"featured_media":36801,"comment_status":"closed","ping_status":"closed","template":"","meta":[],"product_brand":[],"product_cat":[699,517,602],"product_tag":[1111,1029],"class_list":{"0":"post-24796","1":"product","2":"type-product","3":"status-publish","4":"has-post-thumbnail","6":"product_cat-eldvarnir-og-slokkvutaeki","7":"product_cat-lykillausnir","8":"product_cat-oryggisvorur","9":"product_tag-eldvarnirodyrt","10":"product_tag-sumaroryggi","12":"first","13":"instock","14":"taxable","15":"shipping-taxable","16":"purchasable","17":"product-type-simple"},"yoast_head":"<!-- This site is optimized with the Yoast SEO plugin v27.3 - https:\/\/yoast.com\/product\/yoast-seo-wordpress\/ -->\n<title>OSEC Sl\u00f6kkvit\u00e6ki 6L L\u00e9ttvatn\/Fro\u00f0a - V\u00e9lar &amp; Verkf\u00e6ri<\/title>\n<meta name=\"robots\" content=\"index, follow, max-snippet:-1, max-image-preview:large, max-video-preview:-1\" \/>\n<link rel=\"canonical\" href=\"https:\/\/velarogverkfaeri.is\/en\/lykillausnir\/oryggisvorur\/eldvarnir-og-slokkvutaeki\/product\/osec-slokkvitaeki-6l-lettvatn-froda\/\" \/>\n<meta property=\"og:locale\" content=\"en_US\" \/>\n<meta property=\"og:type\" content=\"article\" \/>\n<meta property=\"og:title\" content=\"OSEC Sl\u00f6kkvit\u00e6ki 6L L\u00e9ttvatn\/Fro\u00f0a - V\u00e9lar &amp; Verkf\u00e6ri\" \/>\n<meta property=\"og:description\" content=\"Hanna\u00f0 til a\u00f0 vernda alls konar h\u00fasn\u00e6\u00f0i fyrir bruna: heimili, skrifstofur, verksmi\u00f0jur, v\u00f6ruh\u00fas og fleira.\" \/>\n<meta property=\"og:url\" content=\"https:\/\/velarogverkfaeri.is\/en\/lykillausnir\/oryggisvorur\/eldvarnir-og-slokkvutaeki\/product\/osec-slokkvitaeki-6l-lettvatn-froda\/\" \/>\n<meta property=\"og:site_name\" content=\"V\u00e9lar &amp; Verkf\u00e6ri\" \/>\n<meta property=\"article:publisher\" content=\"https:\/\/www.facebook.com\/VelarOgVerkfaeri\" \/>\n<meta property=\"article:modified_time\" content=\"2026-05-06T10:01:37+00:00\" \/>\n<meta property=\"og:image\" content=\"https:\/\/velarogverkfaeri.is\/wp-content\/uploads\/2023\/06\/0c0420f0-9a05-4dcf-a10c-27a7028183cc.jpeg\" \/>\n\t<meta property=\"og:image:width\" content=\"543\" \/>\n\t<meta property=\"og:image:height\" content=\"700\" \/>\n\t<meta property=\"og:image:type\" content=\"image\/jpeg\" \/>\n<meta name=\"twitter:card\" content=\"summary_large_image\" \/>\n<script type=\"application\/ld+json\" class=\"yoast-schema-graph\">{\"@context\":\"https:\\\/\\\/schema.org\",\"@graph\":[{\"@type\":\"WebPage\",\"@id\":\"https:\\\/\\\/velarogverkfaeri.is\\\/lykillausnir\\\/oryggisvorur\\\/eldvarnir-og-slokkvutaeki\\\/product\\\/osec-slokkvitaeki-6l-lettvatn-froda\\\/\",\"url\":\"https:\\\/\\\/velarogverkfaeri.is\\\/lykillausnir\\\/oryggisvorur\\\/eldvarnir-og-slokkvutaeki\\\/product\\\/osec-slokkvitaeki-6l-lettvatn-froda\\\/\",\"name\":\"OSEC Sl\u00f6kkvit\u00e6ki 6L L\u00e9ttvatn\\\/Fro\u00f0a - V\u00e9lar &amp; Verkf\u00e6ri\",\"isPartOf\":{\"@id\":\"https:\\\/\\\/velarogverkfaeri.is\\\/en\\\/#website\"},\"primaryImageOfPage\":{\"@id\":\"https:\\\/\\\/velarogverkfaeri.is\\\/lykillausnir\\\/oryggisvorur\\\/eldvarnir-og-slokkvutaeki\\\/product\\\/osec-slokkvitaeki-6l-lettvatn-froda\\\/#primaryimage\"},\"image\":{\"@id\":\"https:\\\/\\\/velarogverkfaeri.is\\\/lykillausnir\\\/oryggisvorur\\\/eldvarnir-og-slokkvutaeki\\\/product\\\/osec-slokkvitaeki-6l-lettvatn-froda\\\/#primaryimage\"},\"thumbnailUrl\":\"https:\\\/\\\/velarogverkfaeri.is\\\/wp-content\\\/uploads\\\/2023\\\/06\\\/0c0420f0-9a05-4dcf-a10c-27a7028183cc.jpeg\",\"datePublished\":\"2023-06-07T14:25:37+00:00\",\"dateModified\":\"2026-05-06T10:01:37+00:00\",\"breadcrumb\":{\"@id\":\"https:\\\/\\\/velarogverkfaeri.is\\\/lykillausnir\\\/oryggisvorur\\\/eldvarnir-og-slokkvutaeki\\\/product\\\/osec-slokkvitaeki-6l-lettvatn-froda\\\/#breadcrumb\"},\"inLanguage\":\"en-US\",\"potentialAction\":[{\"@type\":\"ReadAction\",\"target\":[\"https:\\\/\\\/velarogverkfaeri.is\\\/lykillausnir\\\/oryggisvorur\\\/eldvarnir-og-slokkvutaeki\\\/product\\\/osec-slokkvitaeki-6l-lettvatn-froda\\\/\"]}]},{\"@type\":\"ImageObject\",\"inLanguage\":\"en-US\",\"@id\":\"https:\\\/\\\/velarogverkfaeri.is\\\/lykillausnir\\\/oryggisvorur\\\/eldvarnir-og-slokkvutaeki\\\/product\\\/osec-slokkvitaeki-6l-lettvatn-froda\\\/#primaryimage\",\"url\":\"https:\\\/\\\/velarogverkfaeri.is\\\/wp-content\\\/uploads\\\/2023\\\/06\\\/0c0420f0-9a05-4dcf-a10c-27a7028183cc.jpeg\",\"contentUrl\":\"https:\\\/\\\/velarogverkfaeri.is\\\/wp-content\\\/uploads\\\/2023\\\/06\\\/0c0420f0-9a05-4dcf-a10c-27a7028183cc.jpeg\",\"width\":543,\"height\":700},{\"@type\":\"BreadcrumbList\",\"@id\":\"https:\\\/\\\/velarogverkfaeri.is\\\/lykillausnir\\\/oryggisvorur\\\/eldvarnir-og-slokkvutaeki\\\/product\\\/osec-slokkvitaeki-6l-lettvatn-froda\\\/#breadcrumb\",\"itemListElement\":[{\"@type\":\"ListItem\",\"position\":1,\"name\":\"Home\",\"item\":\"https:\\\/\\\/velarogverkfaeri.is\\\/\"},{\"@type\":\"ListItem\",\"position\":2,\"name\":\"Vefverslun\",\"item\":\"https:\\\/\\\/velarogverkfaeri.is\\\/vefverslun\\\/\"},{\"@type\":\"ListItem\",\"position\":3,\"name\":\"OSEC Sl\u00f6kkvit\u00e6ki 6L L\u00e9ttvatn\\\/Fro\u00f0a\"}]},{\"@type\":\"WebSite\",\"@id\":\"https:\\\/\\\/velarogverkfaeri.is\\\/en\\\/#website\",\"url\":\"https:\\\/\\\/velarogverkfaeri.is\\\/en\\\/\",\"name\":\"V\u00e9lar & Verkf\u00e6ri\",\"description\":\"Umbo\u00f0s- og heildverslun fr\u00e1 \u00e1rinu 1919\",\"publisher\":{\"@id\":\"https:\\\/\\\/velarogverkfaeri.is\\\/en\\\/#organization\"},\"potentialAction\":[{\"@type\":\"SearchAction\",\"target\":{\"@type\":\"EntryPoint\",\"urlTemplate\":\"https:\\\/\\\/velarogverkfaeri.is\\\/en\\\/?s={search_term_string}\"},\"query-input\":{\"@type\":\"PropertyValueSpecification\",\"valueRequired\":true,\"valueName\":\"search_term_string\"}}],\"inLanguage\":\"en-US\"},{\"@type\":\"Organization\",\"@id\":\"https:\\\/\\\/velarogverkfaeri.is\\\/en\\\/#organization\",\"name\":\"V\u00e9lar & Verkf\u00e6ri\",\"url\":\"https:\\\/\\\/velarogverkfaeri.is\\\/en\\\/\",\"logo\":{\"@type\":\"ImageObject\",\"inLanguage\":\"en-US\",\"@id\":\"https:\\\/\\\/velarogverkfaeri.is\\\/en\\\/#\\\/schema\\\/logo\\\/image\\\/\",\"url\":\"https:\\\/\\\/velarogverkfaeri.is\\\/wp-content\\\/uploads\\\/2021\\\/10\\\/vv_logo_350x100.png\",\"contentUrl\":\"https:\\\/\\\/velarogverkfaeri.is\\\/wp-content\\\/uploads\\\/2021\\\/10\\\/vv_logo_350x100.png\",\"width\":350,\"height\":100,\"caption\":\"V\u00e9lar & Verkf\u00e6ri\"},\"image\":{\"@id\":\"https:\\\/\\\/velarogverkfaeri.is\\\/en\\\/#\\\/schema\\\/logo\\\/image\\\/\"},\"sameAs\":[\"https:\\\/\\\/www.facebook.com\\\/VelarOgVerkfaeri\"]}]}<\/script>\n<!-- \/ Yoast SEO plugin. -->","yoast_head_json":{"title":"OSEC Sl\u00f6kkvit\u00e6ki 6L L\u00e9ttvatn\/Fro\u00f0a - V\u00e9lar &amp; Verkf\u00e6ri","robots":{"index":"index","follow":"follow","max-snippet":"max-snippet:-1","max-image-preview":"max-image-preview:large","max-video-preview":"max-video-preview:-1"},"canonical":"https:\/\/velarogverkfaeri.is\/en\/lykillausnir\/oryggisvorur\/eldvarnir-og-slokkvutaeki\/product\/osec-slokkvitaeki-6l-lettvatn-froda\/","og_locale":"en_US","og_type":"article","og_title":"OSEC Sl\u00f6kkvit\u00e6ki 6L L\u00e9ttvatn\/Fro\u00f0a - V\u00e9lar &amp; Verkf\u00e6ri","og_description":"Hanna\u00f0 til a\u00f0 vernda alls konar h\u00fasn\u00e6\u00f0i fyrir bruna: heimili, skrifstofur, verksmi\u00f0jur, v\u00f6ruh\u00fas og fleira.","og_url":"https:\/\/velarogverkfaeri.is\/en\/lykillausnir\/oryggisvorur\/eldvarnir-og-slokkvutaeki\/product\/osec-slokkvitaeki-6l-lettvatn-froda\/","og_site_name":"V\u00e9lar &amp; Verkf\u00e6ri","article_publisher":"https:\/\/www.facebook.com\/VelarOgVerkfaeri","article_modified_time":"2026-05-06T10:01:37+00:00","og_image":[{"width":543,"height":700,"url":"https:\/\/velarogverkfaeri.is\/wp-content\/uploads\/2023\/06\/0c0420f0-9a05-4dcf-a10c-27a7028183cc.jpeg","type":"image\/jpeg"}],"twitter_card":"summary_large_image","schema":{"@context":"https:\/\/schema.org","@graph":[{"@type":"WebPage","@id":"https:\/\/velarogverkfaeri.is\/lykillausnir\/oryggisvorur\/eldvarnir-og-slokkvutaeki\/product\/osec-slokkvitaeki-6l-lettvatn-froda\/","url":"https:\/\/velarogverkfaeri.is\/lykillausnir\/oryggisvorur\/eldvarnir-og-slokkvutaeki\/product\/osec-slokkvitaeki-6l-lettvatn-froda\/","name":"OSEC Sl\u00f6kkvit\u00e6ki 6L L\u00e9ttvatn\/Fro\u00f0a - V\u00e9lar &amp; Verkf\u00e6ri","isPartOf":{"@id":"https:\/\/velarogverkfaeri.is\/en\/#website"},"primaryImageOfPage":{"@id":"https:\/\/velarogverkfaeri.is\/lykillausnir\/oryggisvorur\/eldvarnir-og-slokkvutaeki\/product\/osec-slokkvitaeki-6l-lettvatn-froda\/#primaryimage"},"image":{"@id":"https:\/\/velarogverkfaeri.is\/lykillausnir\/oryggisvorur\/eldvarnir-og-slokkvutaeki\/product\/osec-slokkvitaeki-6l-lettvatn-froda\/#primaryimage"},"thumbnailUrl":"https:\/\/velarogverkfaeri.is\/wp-content\/uploads\/2023\/06\/0c0420f0-9a05-4dcf-a10c-27a7028183cc.jpeg","datePublished":"2023-06-07T14:25:37+00:00","dateModified":"2026-05-06T10:01:37+00:00","breadcrumb":{"@id":"https:\/\/velarogverkfaeri.is\/lykillausnir\/oryggisvorur\/eldvarnir-og-slokkvutaeki\/product\/osec-slokkvitaeki-6l-lettvatn-froda\/#breadcrumb"},"inLanguage":"en-US","potentialAction":[{"@type":"ReadAction","target":["https:\/\/velarogverkfaeri.is\/lykillausnir\/oryggisvorur\/eldvarnir-og-slokkvutaeki\/product\/osec-slokkvitaeki-6l-lettvatn-froda\/"]}]},{"@type":"ImageObject","inLanguage":"en-US","@id":"https:\/\/velarogverkfaeri.is\/lykillausnir\/oryggisvorur\/eldvarnir-og-slokkvutaeki\/product\/osec-slokkvitaeki-6l-lettvatn-froda\/#primaryimage","url":"https:\/\/velarogverkfaeri.is\/wp-content\/uploads\/2023\/06\/0c0420f0-9a05-4dcf-a10c-27a7028183cc.jpeg","contentUrl":"https:\/\/velarogverkfaeri.is\/wp-content\/uploads\/2023\/06\/0c0420f0-9a05-4dcf-a10c-27a7028183cc.jpeg","width":543,"height":700},{"@type":"BreadcrumbList","@id":"https:\/\/velarogverkfaeri.is\/lykillausnir\/oryggisvorur\/eldvarnir-og-slokkvutaeki\/product\/osec-slokkvitaeki-6l-lettvatn-froda\/#breadcrumb","itemListElement":[{"@type":"ListItem","position":1,"name":"Home","item":"https:\/\/velarogverkfaeri.is\/"},{"@type":"ListItem","position":2,"name":"Vefverslun","item":"https:\/\/velarogverkfaeri.is\/vefverslun\/"},{"@type":"ListItem","position":3,"name":"OSEC Sl\u00f6kkvit\u00e6ki 6L L\u00e9ttvatn\/Fro\u00f0a"}]},{"@type":"WebSite","@id":"https:\/\/velarogverkfaeri.is\/en\/#website","url":"https:\/\/velarogverkfaeri.is\/en\/","name":"V\u00e9lar & Verkf\u00e6ri","description":"Umbo\u00f0s- og heildverslun fr\u00e1 \u00e1rinu 1919","publisher":{"@id":"https:\/\/velarogverkfaeri.is\/en\/#organization"},"potentialAction":[{"@type":"SearchAction","target":{"@type":"EntryPoint","urlTemplate":"https:\/\/velarogverkfaeri.is\/en\/?s={search_term_string}"},"query-input":{"@type":"PropertyValueSpecification","valueRequired":true,"valueName":"search_term_string"}}],"inLanguage":"en-US"},{"@type":"Organization","@id":"https:\/\/velarogverkfaeri.is\/en\/#organization","name":"V\u00e9lar & Verkf\u00e6ri","url":"https:\/\/velarogverkfaeri.is\/en\/","logo":{"@type":"ImageObject","inLanguage":"en-US","@id":"https:\/\/velarogverkfaeri.is\/en\/#\/schema\/logo\/image\/","url":"https:\/\/velarogverkfaeri.is\/wp-content\/uploads\/2021\/10\/vv_logo_350x100.png","contentUrl":"https:\/\/velarogverkfaeri.is\/wp-content\/uploads\/2021\/10\/vv_logo_350x100.png","width":350,"height":100,"caption":"V\u00e9lar & Verkf\u00e6ri"},"image":{"@id":"https:\/\/velarogverkfaeri.is\/en\/#\/schema\/logo\/image\/"},"sameAs":["https:\/\/www.facebook.com\/VelarOgVerkfaeri"]}]}},"_links":{"self":[{"href":"https:\/\/velarogverkfaeri.is\/en\/wp-json\/wp\/v2\/product\/24796","targetHints":{"allow":["GET"]}}],"collection":[{"href":"https:\/\/velarogverkfaeri.is\/en\/wp-json\/wp\/v2\/product"}],"about":[{"href":"https:\/\/velarogverkfaeri.is\/en\/wp-json\/wp\/v2\/types\/product"}],"replies":[{"embeddable":true,"href":"https:\/\/velarogverkfaeri.is\/en\/wp-json\/wp\/v2\/comments?post=24796"}],"wp:featuredmedia":[{"embeddable":true,"href":"https:\/\/velarogverkfaeri.is\/en\/wp-json\/wp\/v2\/media\/36801"}],"wp:attachment":[{"href":"https:\/\/velarogverkfaeri.is\/en\/wp-json\/wp\/v2\/media?parent=24796"}],"wp:term":[{"taxonomy":"product_brand","embeddable":true,"href":"https:\/\/velarogverkfaeri.is\/en\/wp-json\/wp\/v2\/product_brand?post=24796"},{"taxonomy":"product_cat","embeddable":true,"href":"https:\/\/velarogverkfaeri.is\/en\/wp-json\/wp\/v2\/product_cat?post=24796"},{"taxonomy":"product_tag","embeddable":true,"href":"https:\/\/velarogverkfaeri.is\/en\/wp-json\/wp\/v2\/product_tag?post=24796"}],"curies":[{"name":"wp","href":"https:\/\/api.w.org\/{rel}","templated":true}]}}