{"id":24782,"date":"2023-04-28T17:45:18","date_gmt":"2023-04-28T17:45:18","guid":{"rendered":"https:\/\/vv-dev.webdev.is\/?post_type=product&#038;p=24782"},"modified":"2026-03-05T11:30:29","modified_gmt":"2026-03-05T11:30:29","slug":"tecnolumen-bordlampi-wa24-wagenfeld-krom-allur-lampinn-honnun-wilhelm-wagenfeld-1923","status":"publish","type":"product","link":"https:\/\/velarogverkfaeri.is\/en\/honnunarlausnir\/lampar\/bordlampar\/product\/tecnolumen-bordlampi-wa24-wagenfeld-krom-allur-lampinn-honnun-wilhelm-wagenfeld-1923\/","title":{"rendered":"TECNOLUMEN Bor\u00f0lampi WAGENFELD Kr\u00f3m 1923 WA24"},"content":{"rendered":"<p style=\"\"><font color=\"#656565\">\u00deessi bor\u00f0lampi, hanna\u00f0ur af Wilhelm Wagenfeld \u00e1ri\u00f0 1924, er oft nefndur Bauhaus lampinn. Wagenfeld var 24 \u00e1ra \u00feegar hann var tekinn inn sem sveinsma\u00f0ur \u00e1 Bauhaus verkst\u00e6\u00f0i\u00f0 \u00ed Weimar. H\u00e9r hanna\u00f0i hann fyrstu ger\u00f0 \u00feessa lampa sem lausn \u00e1 verkefni sem L\u00e1szl\u00f3 Moholy-Nagy gaf honum. Eins og Wagenfeld sag\u00f0i \u00e1rum seinna var h\u00f6nnun Bauhaus \u00e6tla\u00f0 a\u00f0 vera i\u00f0na\u00f0arv\u00f6rur og leit reyndar \u00fat eins og \u00fe\u00e6r.&nbsp;<\/font><\/p>\n<p style=\"\"><font color=\"#656565\">Einnig \u00ed dag er Wagenfeld bor\u00f0lampinn WA 24 \u00e1fram framleiddur \u00e1 \u00feessum grundvelli, samkv\u00e6mt upprunalegum forskriftum um m\u00e1l og efni. Allir lampar eru n\u00famera\u00f0ir \u00ed r\u00f6\u00f0 undir grunninum og bera Bauhaus og TECNOLUMEN merki. Eins og sanna\u00f0 hefur veri\u00f0 me\u00f0 \u00fev\u00ed a\u00f0 vera kalla\u00f0ur \u201eBauhaus lampinn\u201c er lampi Wagenfeld meistaraverk sem s\u00fdnir b\u00e6\u00f0i Bauhaus heimspeki og v\u00edgslu TECNOLUMEN vi\u00f0 Bauhaus h\u00f6nnun.<\/font><\/p>\n<p style=\"\"><font color=\"#656565\">TECNOLUMEN framlei\u00f0ir 4 mismunandi \u00fatg\u00e1fur af lampanum, allar ekta h\u00f6nnun eftir Wilhelm Wagenfeld.<\/font><\/p>\n<p style=\"\"><font color=\"#656565\">Bauhaus lampinn var og er enn mj\u00f6g oft afrita\u00f0ur og falsa\u00f0ur. Til a\u00f0 vera viss um ekta vi\u00f0urkennda \u00fatg\u00e1funa g\u00e6tir\u00f0u lesi\u00f0 um \u00f3svikna og eftirl\u00edkingu af h\u00f6nnun Wagenfelds.<\/font><\/p>\n<p style=\"\"><\/p>\n<p style=\"\"><span style=\"color: rgb(101, 101, 101);\">Efni: Nikkelh\u00fa\u00f0a\u00f0ur m\u00e1lmur, opal gler.<\/span><\/p>\n<p style=\"\"><font color=\"#656565\">M\u00e1l: 36 cm (h\u00e6\u00f0), 16 cm (\u00d8 grunnur), 18 cm (\u00d8 h\u00f6fu\u00f0)<\/p>\n<p><\/font><\/p>\n<p style=\"\"><font color=\"#656565\">Eina h\u00f6fundarr\u00e9ttarvar\u00f0a endur\u00fatg\u00e1fan sem pr\u00f3fessor Wilhelm Wagenfeld leyfir.<\/font><\/p>\n<p style=\"\"><font color=\"#656565\">Hver lampi er n\u00famera\u00f0ur \u00ed r\u00f6\u00f0 og ber TECNOLUMEN \/ BAUHAUS merki.<\/font><\/p>\n<p style=\"\"><font color=\"#656565\"><br \/><\/font><\/p>\n<p style=\"\"><font color=\"#656565\">Lei\u00f0beinandi lj\u00f3sgjafi: LED lampi 7 W, mattur<\/font><\/p>\n<p style=\"\"><img decoding=\"async\" src=\"data:image\/png;base64,iVBORw0KGgoAAAANSUhEUgAAANwAAAA7CAYAAAAQG+S7AAAAAXNSR0IArs4c6QAAAARnQU1BAACxjwv8YQUAAAAJcEhZcwAADsMAAA7DAcdvqGQAAABfaVRYdFNuaXBNZXRhZGF0YQAAAAAAeyJjbGlwUG9pbnRzIjpbeyJ4IjowLCJ5IjowfSx7IngiOjIyMCwieSI6MH0seyJ4IjoyMjAsInkiOjU5fSx7IngiOjAsInkiOjU5fV19kve9AQAADaVJREFUeF7tnXlwFMUXxx8g4IkHBgp\/JIJKgYhcKcRKCvGiKqmICZYglEX5DwGjkKgBvEBFISiIkATwJxQUGo8UHknQCCiHlhWUSKAgAX4eQNwgKFEsQTkE7V9\/Oz27s7uT2dljZmexP1Wdne45sm9n3\/Tr1+\/1tmEcUigUjtBWvioUCgdQCqdQOIhSOIXCQZTCKRQOohROoXCQIC9lmzZt5FZiEcrZmqhyASVbYmIkm6HCfffdd7KWGPTq1cvSjUs0uYCS7RyTjTf6gaYffvhB1twP3quBGEHgGH7jZC0xwPtVsp1bsqkxXIT8\/fffVFtbS5999pm3fP3116JdoWgNpXBh0NjYSE888QRlZmbSFVdcQUOHDqXbbrvNW2666Sa68sor6a677qInn3xSHK9Q6FEKZ4HTp09TYWEh9e7dm1566SXat28fjRkzhp599llatmwZVVdXi1fU7733Xvrmm2\/oxRdfFMc\/\/vjjdOrUKXklRbz4448\/aPXq1fTQQw\/R4MGDqWPHjpScnEzp6eninv7yyy\/yyPC5++676fvvv5e1EEjT0gua1BjOx19\/\/cVGjBghzs\/NzWUbN26Ue8zZsGGDOB7n4Xxuaso91vm3jnP0RCvbgQMH2NixY1mHDh0Yt0jYCy+8wMrKytgnn3zCVq5cyWbOnMkGDRrEzjvvPHG\/jh49Ks+0xsiRI1laWhr77bffZIu5bErhQjB37lxxblFRkWwJD5yH8xcuXChbrBP7L+U2VpL8H5Ysy8TKI7I9gLpi7zEhj42Q2Mvmz9mzZxk3\/9kFF1zA8vLyGLdK5B5j9u\/fzyZMmMC6du3KysvLZas5RsoGzGRTCheCAQMGsCFDhshaZOB8PF3DJdZfym2LuPI8WMGE6hyqYBO5IpXUiV3+CIWbwCoOyboNxFo2Pdw8ZMOHD2f9+\/dnHo9Htlpjx44drG\/fvqygoMDUKmlN2YCZbGoMF4Lzzz+fkpKSZC0yLr\/8crkVT5qp6X\/8pU8yCWm6pVNmFlFDUzNq5wxnzpwhbsLT77\/\/LjzHGKeFw8CBA6mmpoa2bNlCWVlZ9M8\/\/8g9PjBm+\/XXX8XY\/bLLLpOt1lAKFwJu\/9PHH39M69atky3h8cYbbxAfL4jrxJckynn1IHkKUmXdQ03VcjMMmqtyKSWvhErzulNKCkouVW6vpElim5e8Sq7a8WPatGnCAfLpp59G\/KCDEm3evJkOHjxIzz33nGxtIRplE8iezgualEnpQ+80Wbp0KTt58qTcYw6\/WWzWrFniPJyP64SLnWaXNk5r3aTUj+F85uWRygm6+hFW8aDOTJVjRMNrBmCHbDt37hTHW3VshWLv3r2MWzje\/29mRuoxk031cCFo3749rVmzRjw5H3nkEbrkkksoIyOD3nzzTfEU\/Pbbb4XLec+ePbR+\/Xpavnw53XLLLdS9e3eaN28ezZgxgz788ENxHfdQR6U584iyFtPYwbIpiEwq2cp7RM9BqihcS\/mr62Q7h5ta6d2wkUTJffiRGektZiqlUDI3U+NFUVERDRs2jG6\/\/XbZEh19+vShSZMmiSmeqHs2Dal4XtCkejhj4Om68MILWa9evRj\/0MU1A0unTp3YDTfcIPZzRZRnRoYdvQAQzpMwnCKiV5O9mH4b4Fo+D2ZLjxePHu706dPCtb9kyRLZEhsaGxtZu3bt2M033xyyZ9Mwk031cGFwzTXXiB5u3LhxYpzw5Zdf0qpVq2ju3Lni9auvvqKjR4\/SPffcI5wtF110kTzTRWwvoVELeK9UWkQ5opeySLWHj\/rcS1NTE509e5ZuvPFG2RIbpkyZQm3btqWXX345up5NohQuQvhTj\/hTjx544AER7oVXhHqh3b34TMnZ2a17XoVjJKWEH60jK4UbjO4FXkkQy4ecZkZeddVVMbuvhuk53EzjH7ibP14fHo+Hrr76avTfssUYLc3juuuuky0+Hn30UbkVmrq6OuratasYo7UGnrZHjhyh1FTNIxiahQsXyi0fCBcKJ4XFSDY9dcXdee82nSo8+WT6zg5X0qSh1ZS5dbnoBcV5VCU8nFDG1HVZVPdqjhi3Yd+yHjvoNaHAzVSZN4iacg\/SlFbHhi3EWjZ8Z3v06EHvv\/++sDCiRT9m69atm7ifsG6sYCZbdArHzZMUPDEDmFZp9IHzp2tKNs2XtcxS7Sb5t2sYXyOYWCgcH5fF9QEDGU6cOCFrPmL7pWxRhvzAqQDe20F5CIo0hahEKplQrClr5UE+JXWrwoEuXbrQ+PHjacECbjNHgV7ZfvzxRxE3u3v3brk3NKay8UY\/0GTZaRJGRILlKAexz\/qAPhZOE4T\/8Jska86C\/4v\/bwTeb7SyWcXf+WE\/dsg2evRoEZp15swZ2RI+ga7\/p59+ms2YMUNsW8VMNofGcNajHJprq2mt1+2scARuQi7jpuZEk3FdIlBQUEA\/\/\/wzVVVVyZbwCHT9c6WjRYsWifF5rHBI4axGOTRTzTpuxmiKqXCGbjn0WqhxXQKAVBvkJWI+LlyM5tmQ04jcRyvmrFXi46XcXiPGbP2SA9TqcA2t5Yo4bVii33pFvHjllVfElA0SgQ8fPixbzTFStu3bt9Nbb71l6MyKhhgo3FrKH6rF1aEEuJODMIlyOOzhV8uk5IQ2J+E48H0ek6rOjeDg5uZm4UDQLymhL24BwccVFRV07Ngxeuyxx2Rr62jK9tFHH\/nNs02ePFlECpl5oyNCjuW8oMkOp4mGWZSDn2PFIo46TbQYw0XbZEMwfpEYZs4hiVucJq1RUlLCevbsKf5HcXGxeDUqx48fl2dYw27ZnnnmGXFuQ0ODbAlGc5AEJp2+\/vrrrF+\/frIWPmayOWtSmkY51NEW7PPG5bkMTIF8kU4VhbJuSMsY1CtDgqfAYPySn58v0lSQ9YD5LcSP6stTTz0lj3YXGH9dfPHF9Pbbb8sWf\/Q9W2BWwfPPPy+KHTiocCGiHFob17mFwfk6p485axu1IKgW55BrZTIBaSlISUJqUWlpqZjfgnl16623+pXrr79enuEuEFqH9WUQOB6ImbJt27ZNeDrxkLEDxxSurhiT29OpQk6YBtLcVM\/\/Tqc0C5Pd7iWJcnKnEy2oaRnH4iFiNFZ1Obt27aI5c+bQ1KlTRTKnFbi1JLfcAxYLQjaH\/r2ZKRvYuXOnCNnr0KGDbIktNjhNjBwFch6O5tEo3XG+ZMU6KkdUQ2F6wrumRU\/oSactkA89egJOcaxcuVIEAmMVMqsggBu9olH5888\/5VHOglAvrLj2008\/iXooZQNwDIWbJR4WYiSnA02WnSYuwOlIE+HYMXGatDiFipk4IkGdJmPGjBHrgVihrKxM\/H+zwk00ebQPJ2T7\/PPPvee35iAJBAsP8QeNrEWGmWzOOk3OeVp68szScS09tXSazP\/CfKLEbZw8eVJEyIcD3PD8+2RYEOMYDy699FLxikiRUD2bBpZViHWKjx6lcDElsnVCFPYwYMAAka6DcZwVZYNSYrl6mJ52oRQupqRSWiEf1a6rkWPTFgVUkTPxAYqDiBMkBSN5GApnVpB1gt7QzuUwlMJFjYwskQ6g1IIqmlY9mVKFYyibGkp3WEozipb7778\/yGUfacEScchyDgek0bgJzUGyYsUKsdQdljrEvBwSSeFIwW9DZGdn+xUcY\/ey9CoBlYN8uNmzZ1sKBQoG+Xz\/pWSZRxYuiP3DQkPR5sNhKQB8iWLBO++8Q9dee61YHjAUWEwJc3THjx8XX2ir2JEPp6H3RsLriDEZTEskkOI9oowcOTJocvu+++4TCwfNmjVLtkSGfflwLsBpL2UgIpTLxGsZCjd6KeHRy8jIkDVzNC\/lsWPHZIs17JIt0BtZX18vroE6VwS2detWxh8k4n0jVA1LGcIriYLFnxASFi1msimTMkqSspdbjkBJFDDpixWMw8ENJqXZPBt6f\/SSWHcG5iOWPcQvHm3YsMEbgI1lFOxGKZwiCJhVe\/fulTVr8Ie33IoPZsoGoFgbN24Ur0hQnT9\/Pk2cOJHuvPNO79jViekLpXCKIPr370+HDh0S3j2rdOrUSfRyRsXuniOUsgEo1h133CECsrG46+LFi2nTpk0iZ07\/sMD7tRPlNOFoTpN4EQunSWuyRQLeC\/LKEItYXl4uW43RnCZwsPCxqGz1B71HILGSLZSyNTQ0CKcJPmMAUxlKhnAvPFSwjfM1+BjOVqeJUjgOFC7euEnhAKLmhwwZQmlpafTBBx+IpQGNiKeX0krPhl+rxbmIj0QPh7Fc586dvQV1TIHg\/Tz88MPCc4lfrY0GpXAcO76UdhNPhQPvvfcejR49WqS6oJeaOXOmSNfRg8wCZFg7rXBWlE3j3XffFfOUyAJobX6xvr6ecnJyhCMl2kVfTWXjjX6g6d82LeBW8H7jLVttbS3jPRjr3bu3azK+rQYi68F0AIKycT0tQBkFQdpdunRhK1askEdGj5lsSuFcTDRfSrcTqWyRKJvGqVOnGLeGhJLhF1JR8Nvfa9askUfEBjPZlJdSkVDAw2jFjDSiY8eOVFZWRqNGjfJOBcBbiagTx5CK5wVNqodzB5H2AonAv1U2Q6cJP0HWEoNwBt+JhpLt3JLNUOESESs3LlFRsiUmRrIFKZxCobAP5TRRKBxEKZxC4SBK4RQKB1EKp1A4iFI4hcIxiP4PliqZ4Fb21NMAAAAASUVORK5CYII=\" alt=\"\"><\/p>","protected":false},"excerpt":{"rendered":"<p>Gl\u00e6silegur h\u00f6nnunarlampi af ger\u00f0inni 1923 WA 24. F\u00f3tur og standur er \u00ed kr\u00f3m (silfur) lit<\/p>","protected":false},"featured_media":27372,"comment_status":"closed","ping_status":"closed","template":"","meta":[],"product_brand":[],"product_cat":[575,518,546],"product_tag":[849],"class_list":{"0":"post-24782","1":"product","2":"type-product","3":"status-publish","4":"has-post-thumbnail","6":"product_cat-bordlampar","7":"product_cat-honnunarlausnir","8":"product_cat-lampar","9":"product_tag-tecnolumen","11":"first","12":"instock","13":"taxable","14":"shipping-taxable","15":"purchasable","16":"product-type-simple"},"yoast_head":"<!-- This site is optimized with the Yoast SEO plugin v27.3 - https:\/\/yoast.com\/product\/yoast-seo-wordpress\/ -->\n<title>TECNOLUMEN Bor\u00f0lampi WAGENFELD Kr\u00f3m 1923 WA24 - V\u00e9lar &amp; Verkf\u00e6ri<\/title>\n<meta name=\"robots\" content=\"index, follow, max-snippet:-1, max-image-preview:large, max-video-preview:-1\" \/>\n<link rel=\"canonical\" href=\"https:\/\/velarogverkfaeri.is\/en\/honnunarlausnir\/lampar\/bordlampar\/product\/tecnolumen-bordlampi-wa24-wagenfeld-krom-allur-lampinn-honnun-wilhelm-wagenfeld-1923\/\" \/>\n<meta property=\"og:locale\" content=\"en_US\" \/>\n<meta property=\"og:type\" content=\"article\" \/>\n<meta property=\"og:title\" content=\"TECNOLUMEN Bor\u00f0lampi WAGENFELD Kr\u00f3m 1923 WA24 - V\u00e9lar &amp; Verkf\u00e6ri\" \/>\n<meta property=\"og:description\" content=\"Gl\u00e6silegur h\u00f6nnunarlampi af ger\u00f0inni 1923 WA 24. F\u00f3tur og standur er \u00ed kr\u00f3m (silfur) lit\" \/>\n<meta property=\"og:url\" content=\"https:\/\/velarogverkfaeri.is\/en\/honnunarlausnir\/lampar\/bordlampar\/product\/tecnolumen-bordlampi-wa24-wagenfeld-krom-allur-lampinn-honnun-wilhelm-wagenfeld-1923\/\" \/>\n<meta property=\"og:site_name\" content=\"V\u00e9lar &amp; Verkf\u00e6ri\" \/>\n<meta property=\"article:publisher\" content=\"https:\/\/www.facebook.com\/VelarOgVerkfaeri\" \/>\n<meta property=\"article:modified_time\" content=\"2026-03-05T11:30:29+00:00\" \/>\n<meta property=\"og:image\" content=\"https:\/\/velarogverkfaeri.is\/wp-content\/uploads\/2023\/06\/bdc1b117-6f94-48f3-a446-80affc59c4c9.jpeg\" \/>\n\t<meta property=\"og:image:width\" content=\"1200\" \/>\n\t<meta property=\"og:image:height\" content=\"1200\" \/>\n\t<meta property=\"og:image:type\" content=\"image\/jpeg\" \/>\n<meta name=\"twitter:card\" content=\"summary_large_image\" \/>\n<meta name=\"twitter:label1\" content=\"Est. reading time\" \/>\n\t<meta name=\"twitter:data1\" content=\"1 minute\" \/>\n<script type=\"application\/ld+json\" class=\"yoast-schema-graph\">{\"@context\":\"https:\\\/\\\/schema.org\",\"@graph\":[{\"@type\":\"WebPage\",\"@id\":\"https:\\\/\\\/velarogverkfaeri.is\\\/honnunarlausnir\\\/lampar\\\/bordlampar\\\/product\\\/tecnolumen-bordlampi-wa24-wagenfeld-krom-allur-lampinn-honnun-wilhelm-wagenfeld-1923\\\/\",\"url\":\"https:\\\/\\\/velarogverkfaeri.is\\\/honnunarlausnir\\\/lampar\\\/bordlampar\\\/product\\\/tecnolumen-bordlampi-wa24-wagenfeld-krom-allur-lampinn-honnun-wilhelm-wagenfeld-1923\\\/\",\"name\":\"TECNOLUMEN Bor\u00f0lampi WAGENFELD Kr\u00f3m 1923 WA24 - V\u00e9lar &amp; Verkf\u00e6ri\",\"isPartOf\":{\"@id\":\"https:\\\/\\\/velarogverkfaeri.is\\\/en\\\/#website\"},\"primaryImageOfPage\":{\"@id\":\"https:\\\/\\\/velarogverkfaeri.is\\\/honnunarlausnir\\\/lampar\\\/bordlampar\\\/product\\\/tecnolumen-bordlampi-wa24-wagenfeld-krom-allur-lampinn-honnun-wilhelm-wagenfeld-1923\\\/#primaryimage\"},\"image\":{\"@id\":\"https:\\\/\\\/velarogverkfaeri.is\\\/honnunarlausnir\\\/lampar\\\/bordlampar\\\/product\\\/tecnolumen-bordlampi-wa24-wagenfeld-krom-allur-lampinn-honnun-wilhelm-wagenfeld-1923\\\/#primaryimage\"},\"thumbnailUrl\":\"https:\\\/\\\/velarogverkfaeri.is\\\/wp-content\\\/uploads\\\/2023\\\/06\\\/bdc1b117-6f94-48f3-a446-80affc59c4c9.jpeg\",\"datePublished\":\"2023-04-28T17:45:18+00:00\",\"dateModified\":\"2026-03-05T11:30:29+00:00\",\"breadcrumb\":{\"@id\":\"https:\\\/\\\/velarogverkfaeri.is\\\/honnunarlausnir\\\/lampar\\\/bordlampar\\\/product\\\/tecnolumen-bordlampi-wa24-wagenfeld-krom-allur-lampinn-honnun-wilhelm-wagenfeld-1923\\\/#breadcrumb\"},\"inLanguage\":\"en-US\",\"potentialAction\":[{\"@type\":\"ReadAction\",\"target\":[\"https:\\\/\\\/velarogverkfaeri.is\\\/honnunarlausnir\\\/lampar\\\/bordlampar\\\/product\\\/tecnolumen-bordlampi-wa24-wagenfeld-krom-allur-lampinn-honnun-wilhelm-wagenfeld-1923\\\/\"]}]},{\"@type\":\"ImageObject\",\"inLanguage\":\"en-US\",\"@id\":\"https:\\\/\\\/velarogverkfaeri.is\\\/honnunarlausnir\\\/lampar\\\/bordlampar\\\/product\\\/tecnolumen-bordlampi-wa24-wagenfeld-krom-allur-lampinn-honnun-wilhelm-wagenfeld-1923\\\/#primaryimage\",\"url\":\"https:\\\/\\\/velarogverkfaeri.is\\\/wp-content\\\/uploads\\\/2023\\\/06\\\/bdc1b117-6f94-48f3-a446-80affc59c4c9.jpeg\",\"contentUrl\":\"https:\\\/\\\/velarogverkfaeri.is\\\/wp-content\\\/uploads\\\/2023\\\/06\\\/bdc1b117-6f94-48f3-a446-80affc59c4c9.jpeg\",\"width\":1200,\"height\":1200},{\"@type\":\"BreadcrumbList\",\"@id\":\"https:\\\/\\\/velarogverkfaeri.is\\\/honnunarlausnir\\\/lampar\\\/bordlampar\\\/product\\\/tecnolumen-bordlampi-wa24-wagenfeld-krom-allur-lampinn-honnun-wilhelm-wagenfeld-1923\\\/#breadcrumb\",\"itemListElement\":[{\"@type\":\"ListItem\",\"position\":1,\"name\":\"Home\",\"item\":\"https:\\\/\\\/velarogverkfaeri.is\\\/\"},{\"@type\":\"ListItem\",\"position\":2,\"name\":\"Vefverslun\",\"item\":\"https:\\\/\\\/velarogverkfaeri.is\\\/vefverslun\\\/\"},{\"@type\":\"ListItem\",\"position\":3,\"name\":\"TECNOLUMEN Bor\u00f0lampi WAGENFELD Kr\u00f3m 1923 WA24\"}]},{\"@type\":\"WebSite\",\"@id\":\"https:\\\/\\\/velarogverkfaeri.is\\\/en\\\/#website\",\"url\":\"https:\\\/\\\/velarogverkfaeri.is\\\/en\\\/\",\"name\":\"V\u00e9lar & Verkf\u00e6ri\",\"description\":\"Umbo\u00f0s- og heildverslun fr\u00e1 \u00e1rinu 1919\",\"publisher\":{\"@id\":\"https:\\\/\\\/velarogverkfaeri.is\\\/en\\\/#organization\"},\"potentialAction\":[{\"@type\":\"SearchAction\",\"target\":{\"@type\":\"EntryPoint\",\"urlTemplate\":\"https:\\\/\\\/velarogverkfaeri.is\\\/en\\\/?s={search_term_string}\"},\"query-input\":{\"@type\":\"PropertyValueSpecification\",\"valueRequired\":true,\"valueName\":\"search_term_string\"}}],\"inLanguage\":\"en-US\"},{\"@type\":\"Organization\",\"@id\":\"https:\\\/\\\/velarogverkfaeri.is\\\/en\\\/#organization\",\"name\":\"V\u00e9lar & Verkf\u00e6ri\",\"url\":\"https:\\\/\\\/velarogverkfaeri.is\\\/en\\\/\",\"logo\":{\"@type\":\"ImageObject\",\"inLanguage\":\"en-US\",\"@id\":\"https:\\\/\\\/velarogverkfaeri.is\\\/en\\\/#\\\/schema\\\/logo\\\/image\\\/\",\"url\":\"https:\\\/\\\/velarogverkfaeri.is\\\/wp-content\\\/uploads\\\/2021\\\/10\\\/vv_logo_350x100.png\",\"contentUrl\":\"https:\\\/\\\/velarogverkfaeri.is\\\/wp-content\\\/uploads\\\/2021\\\/10\\\/vv_logo_350x100.png\",\"width\":350,\"height\":100,\"caption\":\"V\u00e9lar & Verkf\u00e6ri\"},\"image\":{\"@id\":\"https:\\\/\\\/velarogverkfaeri.is\\\/en\\\/#\\\/schema\\\/logo\\\/image\\\/\"},\"sameAs\":[\"https:\\\/\\\/www.facebook.com\\\/VelarOgVerkfaeri\"]}]}<\/script>\n<!-- \/ Yoast SEO plugin. -->","yoast_head_json":{"title":"TECNOLUMEN Bor\u00f0lampi WAGENFELD Kr\u00f3m 1923 WA24 - V\u00e9lar &amp; Verkf\u00e6ri","robots":{"index":"index","follow":"follow","max-snippet":"max-snippet:-1","max-image-preview":"max-image-preview:large","max-video-preview":"max-video-preview:-1"},"canonical":"https:\/\/velarogverkfaeri.is\/en\/honnunarlausnir\/lampar\/bordlampar\/product\/tecnolumen-bordlampi-wa24-wagenfeld-krom-allur-lampinn-honnun-wilhelm-wagenfeld-1923\/","og_locale":"en_US","og_type":"article","og_title":"TECNOLUMEN Bor\u00f0lampi WAGENFELD Kr\u00f3m 1923 WA24 - V\u00e9lar &amp; Verkf\u00e6ri","og_description":"Gl\u00e6silegur h\u00f6nnunarlampi af ger\u00f0inni 1923 WA 24. F\u00f3tur og standur er \u00ed kr\u00f3m (silfur) lit","og_url":"https:\/\/velarogverkfaeri.is\/en\/honnunarlausnir\/lampar\/bordlampar\/product\/tecnolumen-bordlampi-wa24-wagenfeld-krom-allur-lampinn-honnun-wilhelm-wagenfeld-1923\/","og_site_name":"V\u00e9lar &amp; Verkf\u00e6ri","article_publisher":"https:\/\/www.facebook.com\/VelarOgVerkfaeri","article_modified_time":"2026-03-05T11:30:29+00:00","og_image":[{"width":1200,"height":1200,"url":"https:\/\/velarogverkfaeri.is\/wp-content\/uploads\/2023\/06\/bdc1b117-6f94-48f3-a446-80affc59c4c9.jpeg","type":"image\/jpeg"}],"twitter_card":"summary_large_image","twitter_misc":{"Est. reading time":"1 minute"},"schema":{"@context":"https:\/\/schema.org","@graph":[{"@type":"WebPage","@id":"https:\/\/velarogverkfaeri.is\/honnunarlausnir\/lampar\/bordlampar\/product\/tecnolumen-bordlampi-wa24-wagenfeld-krom-allur-lampinn-honnun-wilhelm-wagenfeld-1923\/","url":"https:\/\/velarogverkfaeri.is\/honnunarlausnir\/lampar\/bordlampar\/product\/tecnolumen-bordlampi-wa24-wagenfeld-krom-allur-lampinn-honnun-wilhelm-wagenfeld-1923\/","name":"TECNOLUMEN Bor\u00f0lampi WAGENFELD Kr\u00f3m 1923 WA24 - V\u00e9lar &amp; Verkf\u00e6ri","isPartOf":{"@id":"https:\/\/velarogverkfaeri.is\/en\/#website"},"primaryImageOfPage":{"@id":"https:\/\/velarogverkfaeri.is\/honnunarlausnir\/lampar\/bordlampar\/product\/tecnolumen-bordlampi-wa24-wagenfeld-krom-allur-lampinn-honnun-wilhelm-wagenfeld-1923\/#primaryimage"},"image":{"@id":"https:\/\/velarogverkfaeri.is\/honnunarlausnir\/lampar\/bordlampar\/product\/tecnolumen-bordlampi-wa24-wagenfeld-krom-allur-lampinn-honnun-wilhelm-wagenfeld-1923\/#primaryimage"},"thumbnailUrl":"https:\/\/velarogverkfaeri.is\/wp-content\/uploads\/2023\/06\/bdc1b117-6f94-48f3-a446-80affc59c4c9.jpeg","datePublished":"2023-04-28T17:45:18+00:00","dateModified":"2026-03-05T11:30:29+00:00","breadcrumb":{"@id":"https:\/\/velarogverkfaeri.is\/honnunarlausnir\/lampar\/bordlampar\/product\/tecnolumen-bordlampi-wa24-wagenfeld-krom-allur-lampinn-honnun-wilhelm-wagenfeld-1923\/#breadcrumb"},"inLanguage":"en-US","potentialAction":[{"@type":"ReadAction","target":["https:\/\/velarogverkfaeri.is\/honnunarlausnir\/lampar\/bordlampar\/product\/tecnolumen-bordlampi-wa24-wagenfeld-krom-allur-lampinn-honnun-wilhelm-wagenfeld-1923\/"]}]},{"@type":"ImageObject","inLanguage":"en-US","@id":"https:\/\/velarogverkfaeri.is\/honnunarlausnir\/lampar\/bordlampar\/product\/tecnolumen-bordlampi-wa24-wagenfeld-krom-allur-lampinn-honnun-wilhelm-wagenfeld-1923\/#primaryimage","url":"https:\/\/velarogverkfaeri.is\/wp-content\/uploads\/2023\/06\/bdc1b117-6f94-48f3-a446-80affc59c4c9.jpeg","contentUrl":"https:\/\/velarogverkfaeri.is\/wp-content\/uploads\/2023\/06\/bdc1b117-6f94-48f3-a446-80affc59c4c9.jpeg","width":1200,"height":1200},{"@type":"BreadcrumbList","@id":"https:\/\/velarogverkfaeri.is\/honnunarlausnir\/lampar\/bordlampar\/product\/tecnolumen-bordlampi-wa24-wagenfeld-krom-allur-lampinn-honnun-wilhelm-wagenfeld-1923\/#breadcrumb","itemListElement":[{"@type":"ListItem","position":1,"name":"Home","item":"https:\/\/velarogverkfaeri.is\/"},{"@type":"ListItem","position":2,"name":"Vefverslun","item":"https:\/\/velarogverkfaeri.is\/vefverslun\/"},{"@type":"ListItem","position":3,"name":"TECNOLUMEN Bor\u00f0lampi WAGENFELD Kr\u00f3m 1923 WA24"}]},{"@type":"WebSite","@id":"https:\/\/velarogverkfaeri.is\/en\/#website","url":"https:\/\/velarogverkfaeri.is\/en\/","name":"V\u00e9lar & Verkf\u00e6ri","description":"Umbo\u00f0s- og heildverslun fr\u00e1 \u00e1rinu 1919","publisher":{"@id":"https:\/\/velarogverkfaeri.is\/en\/#organization"},"potentialAction":[{"@type":"SearchAction","target":{"@type":"EntryPoint","urlTemplate":"https:\/\/velarogverkfaeri.is\/en\/?s={search_term_string}"},"query-input":{"@type":"PropertyValueSpecification","valueRequired":true,"valueName":"search_term_string"}}],"inLanguage":"en-US"},{"@type":"Organization","@id":"https:\/\/velarogverkfaeri.is\/en\/#organization","name":"V\u00e9lar & Verkf\u00e6ri","url":"https:\/\/velarogverkfaeri.is\/en\/","logo":{"@type":"ImageObject","inLanguage":"en-US","@id":"https:\/\/velarogverkfaeri.is\/en\/#\/schema\/logo\/image\/","url":"https:\/\/velarogverkfaeri.is\/wp-content\/uploads\/2021\/10\/vv_logo_350x100.png","contentUrl":"https:\/\/velarogverkfaeri.is\/wp-content\/uploads\/2021\/10\/vv_logo_350x100.png","width":350,"height":100,"caption":"V\u00e9lar & Verkf\u00e6ri"},"image":{"@id":"https:\/\/velarogverkfaeri.is\/en\/#\/schema\/logo\/image\/"},"sameAs":["https:\/\/www.facebook.com\/VelarOgVerkfaeri"]}]}},"_links":{"self":[{"href":"https:\/\/velarogverkfaeri.is\/en\/wp-json\/wp\/v2\/product\/24782","targetHints":{"allow":["GET"]}}],"collection":[{"href":"https:\/\/velarogverkfaeri.is\/en\/wp-json\/wp\/v2\/product"}],"about":[{"href":"https:\/\/velarogverkfaeri.is\/en\/wp-json\/wp\/v2\/types\/product"}],"replies":[{"embeddable":true,"href":"https:\/\/velarogverkfaeri.is\/en\/wp-json\/wp\/v2\/comments?post=24782"}],"wp:featuredmedia":[{"embeddable":true,"href":"https:\/\/velarogverkfaeri.is\/en\/wp-json\/wp\/v2\/media\/27372"}],"wp:attachment":[{"href":"https:\/\/velarogverkfaeri.is\/en\/wp-json\/wp\/v2\/media?parent=24782"}],"wp:term":[{"taxonomy":"product_brand","embeddable":true,"href":"https:\/\/velarogverkfaeri.is\/en\/wp-json\/wp\/v2\/product_brand?post=24782"},{"taxonomy":"product_cat","embeddable":true,"href":"https:\/\/velarogverkfaeri.is\/en\/wp-json\/wp\/v2\/product_cat?post=24782"},{"taxonomy":"product_tag","embeddable":true,"href":"https:\/\/velarogverkfaeri.is\/en\/wp-json\/wp\/v2\/product_tag?post=24782"}],"curies":[{"name":"wp","href":"https:\/\/api.w.org\/{rel}","templated":true}]}}