{"id":24773,"date":"2023-06-08T19:08:33","date_gmt":"2023-06-08T19:08:33","guid":{"rendered":"https:\/\/vv-dev.webdev.is\/?post_type=product&#038;p=24773"},"modified":"2025-12-05T13:17:38","modified_gmt":"2025-12-05T13:17:38","slug":"bahco-rortong-nr-144-110mm-3-1-2","status":"publish","type":"product","link":"https:\/\/velarogverkfaeri.is\/en\/verkfaeralausnir\/handverkfaeri\/pipulagningarverkfaeri\/product\/bahco-rortong-nr-144-110mm-3-1-2\/","title":{"rendered":"BAHCO R\u00f6rt\u00f6ng nr 144 3 1\/2&#8243;"},"content":{"rendered":"<p><img decoding=\"async\" src=\"data:image\/png;base64,iVBORw0KGgoAAAANSUhEUgAAAeIAAADuCAYAAADlXARsAAAAAXNSR0IArs4c6QAAAARnQU1BAACxjwv8YQUAAAAJcEhZcwAADsMAAA7DAcdvqGQAABsXSURBVHhe7d3da1zV4sbxx9\/fYNKjycGqIbT0zaNWKy16kZIU0ooKJVICxaGe3JzoRTmRYlNCUykGvNB4YbRnpBBKg6BSDXRCc6FE7LEetWlLyxA1xaQ1E+972d9ae689s2cyM0lq96w0fj+wdb\/NTAb22s9629P7bhsCAABe\/J\/7PwAA8IAgBgDAI4IYAACPCGIAADwiiAEA8GiRIL6ioRdf1vMVl7Qm3ZmTQ+G+oYtux5LkNPqGfd0RjebcriVzf9vQFbe9RLkx9djXvTGmObcr\/NsL3wUAgFpZWou4OaWPPjutMwuWlDYHJ+T02y\/Bin6eWU6izmsma\/+f1czNYEfybs7omv1\/diYfxAAA+HKXuqbr1f52GM4D7fVu31JsUJcL9a4tblfStqRKKhEAAPjDGDEAAB7dtSCeGz2ycKz3YjoYNy63RGPJC8Zng9eE29G4c7gscQw3GgOu+Lolji3n\/\/b460vHzEu+b\/DZ4b743768cXMAwF9Jci1iG2R9Y1p34D3XFfyeuprDQ3Zf9a7oMR02ATbc6F47lNI6uy82waqcoDLQlZbyn3lax3bZ91rmZDAbqOZv165e8x6uCzsI2X6N5sfL7ffJaqir9L3tvpd1WPa14d9Qs253AMA9Z2lBnE3r1Xwr0C2LheLMdDDJ62B+zLhe7QdtoEqPNi4+jtzeFxtvrm\/VwQMmxbMT+r5ioF7R5yeyQcjHx6k3d4WB+dWFpSaxafWaML9mA7drg9tnmL9hwAbr261aE+5w36fMe9sAj78WAIAKlhbE5WZN5wOpvDWNa4MA\/zzWLTt3YULX1KzGB9yOZQjer5qL\/9Wo+d+1E68VVxhefE1DWbN\/Zj48ryr7OJVr9S7y\/QL1DXrUrcata6xzawAAVJdc1\/QWE2amFTvaVwjFV02Ltb3vqJY1sXqZbEu6qMIQLYu2UG0Xtg3tZnUdrBzCxePWJrTdfgAA7kRyQRx0FUtdQ8WBmNh46QONQbf3nWvVsfy4b5mJYW7y1uGzJqjz36lX7e4wAAB3IsHJWraruIY\/1OG6iUdPVR+7rs4+D23D1baOi8N48vyY66JPtkUPAPhrSbBrencwSzreNR0tPcuawrxUG9TV1xpOLItNJAsfq1rOZ9ofGXFhHHufNY12slhszDuaRe02AQC4E0sL4nKzpoOl8rO9k0OvaUilk7zCR5iunXh\/eY8TLZX91Sz7qFPs7w3HpU\/r4FZ3zpKYMM6\/T\/h40pr2fxVXLN6RDsYeyQIA4E7cd9tw63eR\/eGLfskE4IIx4eD54mkTdHTxAgCQUNd0nWxP7mhfyY9duB\/50K4OQhgAACOhFnHIPupz+KzbcGw3Mb80BQBAKNEgBgAA1SX4HDEAAFgMQQwAgEcEMQAAHhHEAAB4RBADAOARQQwAgEcEMQAAHhHEAAB4RBADAOARQQwAgEcEMQAAHhHEAAB4RBADAOARQQwAgEcEMQAAHhHEAAB4RBADAOARQQwAgEcEMQAAHt1323DrC9y6dcutAQCAJNAiBgDAI4IYAACPCGIAADwiiAEA8IggBgDAI4IYAACPCGIAADwiiAEA8IggBgDAI4IYAACPCGIAADwiiAEA8IggBgDAI4IYAACPEg3iXOYtdex7pbCkr7oj1lWli7aB1ely2lz7R8aVc9ulKh83ZaRi+QGwWiQXxJeG1X3yIfWe+lgjwTKg1PSnysxHx\/+njFu924IbW3Dzeku9R15Rb\/5DgVqaV8Zcf\/3n3OYC1Y7bYwP6df+AKz8fq1cDhDGwCiUWxJcvjEs7n9BGty3Vqe3om2qrC7dyN66HKwnYmPpYg\/ubzNqUslPSww+6DwVqxrZme5Re26ORQy1uX9wixy9llFanuqMCY2zc06nmc7HKLIBVIbEgrm8wQVjhpmFbrN0nTUKeMzX8oi63sIUQdcUFLdn5cfW67Y59w7rszgy6vc3r8q3foq69eeUe\/GfYkni3U78eL7wOqIn5+7XbXn+p9W5HiUWOBxXZtQ+q3m0H6jZrR9OUJn4oLlQLykJQTorLUvqSOzmoALylzKVCuQrK2aXh\/LnVutEB3H3JBXHbS2ozLdL0665wx7rU8i3WnaY1ELsZXU73aHZv2A03cqpHD5\/sUcfr57XjXbfvkNQfv0mYIP9uqzt2tMXdtOwNqEf9x81r7ed+IXPzGtd3+RsRUAN1dcUhWmqx40Zzw\/1ubQliZWFw\/3X1m9Z2viyZFnemqDJqyuUnUne8nH3ygAaD7QGlNKxBmt1AzSQ4WWu9Uq6gt9nNoPVbvWVqAzq1yW2Y1z+10\/xvpwn0qHdu0xNqmzqvH6N7RFOndufPt8IQDrr7gs82y9abSpvG9683uLFgFYuVhfoHHzL\/bdFTUdn42wNq1nXNxopA296o4nq\/bOdV8\/bNbrtODWul7OwfwRaA5CUYxJF4IC\/eMi10r7lJLFH3dbAMVJ\/gNT+piakmpfbEuvs2darXBjpwjyEMgb+GGgRxJKx5VxaOaY00xGaJmgBtjs0aDZfChK+lmdfsNBO2cG\/ZuLVFmr5RPFbrKpo7HudaBlaThII4DNXCBBHDzgKdinWXLfCHZotmOF\/Vd6ZFnD35YdGEr9x8lS7muhZ17JxS+ovYIx6Lfi6wAm1qWzBWe\/mLYWXjQzUAVoVkgnj+DzXstbOVC93MHcel3lOd+ceZ6h\/fpuao2zmYgLVeu\/c3KZN\/zf\/0lG0Bv7tNE9GEL7MMDmaqPr6xMWWfV451Z5d8LlAr+R+0OT4uTQ2r267HJhtWP24f93MTqex+s\/Srp\/IsbAD3rPtuG259gVu3brk1AACQhBqOEQMAgFIEMQAAHhHEAAB4RBADAOARQQwAgEcEMQAAHhHEAAB4RBADAOARQQwAgEcEMQAAHhHEAAB4RBADAOARQQwAgEcEMQAAHlX9ZxABAECyaBEDAOARQQwAgEcEMQAAHhHEAAB4RBADAOARQQwAgEcEMQAAHhHEAAB4RBADAOARQQwAgEcEMQAAHhHEAAB4RBADAOARQQwAgEeJBvHc6BE9\/+LLhWXoijtiXdFQ0TawyuTG1BO\/\/t8Y05w7VMnk0GLnmXLz4hGN5sKt4Pz8Z6Q1Ge4uFvwd9lhOo2+8rKGLbj+AFSG5IL6Y1qsn1urYZ6d1JljeU9cvI\/kbiC7+V6Nu9W4r3JyOqMfceHryHwrUiA2\/rrQe7Ytd\/zJlomLlMwzJw2fdZgVzoyP6+cC\/1F4fXueH1eve\/7Q+OjCtw5XCGMCKlVgQT54fk3Y9rc1uW6pX+9tHgxuINTczHa4kYHOXvSk1m7WsrmWlRxvdhwI1MndhQtd29apri9thrv8nnzXX5C+zZVq7tpX7moYeMaHa1+r2lZPT919Lz2211\/MVfXu2WV0vbggPGWvaO9Suaf1WWu+sb9CjzY1aY\/6Gvz\/SrMYH3H4AK8J9tw23flfZbulXT0hdQ4XwjQQ1+XjN39ywznTZG4ptFZgbkglPa92B9zSw9aegZXEt2NNqWtipINyD95\/p0DH1h+\/VnNJHb7eam42V0+RFE8hbzAcHLZMZdbrXAX6E1\/bMvtOxcHZyOc3V14fX7sW0nj\/VGLuWY+yx80+7slJGcK1P6LkyZQ7AypVYEIe1\/P5C93M+bENRkMb32YD+dlt0o4peb2r90Y0ldpNSEPRZtfeV3tiKw1y7Uur6JV3+BggkrnA9BhXLxRKyShAXl4+FggruL\/EKKYB7QYKTtTaoKxi76lW73TzbX3kyiWO7lAs3mQ16Zpf5366OQu1+y9Nqz07o+6jrzbSCXygXwraLz42bndk2E9wEf55hnBg+2CGZcIz4ua9fK5mwuAymtTtsQrb4ei+wFdvDZ1t1jBAG7jk1eHwpHshj+naRGZu2Vh\/NAg26nIMAj\/bFWtjl5H7SV9nicTNtSemYDXTAKxPI+1rN9fzfO5pMZcec9exjZUO2MAzE8AtwL6pBEEfq1GjnT1VkW7Mva7jxvXxr1gao7c7Lt26DZbnjXzn99gsTtlBL4bV892brX9HnJ9aqs8yFX20uBoB7Q0JBHN6Iip5XvPilhrKteqbiOO28ZopmONtZodK1E+8XHnky5nJVbm71rercldXQZ7Huv0U\/F7jbwtZv8bVrysSpMVOx3B20WoOen6V2U9tH\/YqeQAgRwsDqkMxkrdwVTd6c1XBfNNvZKsx4DrjnLIPjbsZzNAEr5M6Pn2esa27VcwdTevKCOffrHWUmprhx4uhtSj8XqBU78apvzG3EJ2u5a1SFiVVhqOYv2lBQLh7T92+8Lx0sCduS945b0qQwACtGgrOmAfxppiI6erNV7fToAKsWQQwAgEc1nKwFAABKEcQAAHhEEAMA4BFBDACARwQxAAAeEcQAAHhEEAMA4BFBDACARwQxAAAeEcQAAHhEEAMA4BFBDACARwQxAAAeVf3Xl27duuXWAABAEmgRAwDgEUEMAIBHBDEAAB4RxAAAeEQQAwDgEUEMAIBHBDEAAB4RxAAAeEQQAwDgEUEMAIBHBDEAAB4RxAAAeEQQAwDgEUEMAIBHyf0ziJeG1XFc6j3VqY1ulw+X06+oXz0aSa13e4DkBdfdObdRpEmpd99UW51ZnR9X7+vDyoYH1Lx\/QP3Bgci8Mkd6lJ5ym02dGjzaonq3CWB1oEUMJGBj6mONnCpeBvc3mTDdpn\/kQ\/i8drwbHe\/Rwyd71JuZD9\/AhfDE9oH863vXDqv7yLhy7gwAqwNBDNTEVX15ckpte8MWbe6H88rufClsGQfWa7cJ6uzsH+Hm\/KQmplrUEWshb9zTqeapmwQxsMp465rOZd5St7kxhVoK5wUthZvqOCT1Hx8PjhYdNze09L4BZYL1gny3XvC5hde17Rw359I1Db+C6\/2bbVW7lhcdRqlQpoL3nn1JvTJlIOgOt+WlTbOxbu22Qx8rtcmu2fLzqRoObdPE8bBbPCg7D2YK5YYucKCmvLSIwxB+yNwsXLecDd2iLrdx9V94wnXJDSjVZLbTV4Mjl9MD+tXcOPLddTtjIWxD3NxM7E0nPP6EVHacDqil4tZwWebaHTHXatvWShXGeWU+MUG584nycy7ODei7reF1P7j\/uvr39Wh2rysHh1qUMaF72Z0qTSn9idQdlJGwS7zjkwc0GGyb8qZhDea7yAEkzUMQz+vHb8xN6VCsVr+pzRT+8\/oxX\/ablNoT3ZDq9I\/tTdL0DRPU85qddrvLCLv7elzN31qvp0xQAz7lMp8qY1qZu\/PXZSnTSn19WDIVysK1W+xy2rRuZVqqlVrLsfevf\/Ah898WPRW9198eULOuazaWrYVKwf1qMMWreftmt12nhrUqdJEDSJyHIP5Ds1MyNfRX1LEvWmwX2pRmf3enVFSntqMD2vGNqcG71\/ZPd6rbjaPl7BsDK8pirWE31GIqkMUzpgvCGdgt6qW7GFiVPARxWAMvdB8Xlkqtgbhc5sOimaQj3JywglVvDRdCuNK4cD6EPT8GCCA5HoI47Gq2413x2Z+5+aWNSdU\/vk2yY1r51rRZ3Pjyxq0t0jlz48s\/ARKOuwF+VGsNE8IAQgkH8bj644FpFvucZH3bmxrcfl7dsf2Dg5lCgFZkx9JuqiPWiraTTdqmhvXlJXN4U6cG98uc4953UOqwz24CNWefAzZBW7Y17I7Z1XMD+TIQLuGkKjuhMZwBvbAMpe21DmDVSO7xpSTkfwTB\/TJRfp8NZ1oNAIB7z70VxFbRc8IWXXcAgHvXvRfEAACsIh4mawEAgAhBDACARwQxAAAeEcQAAHhEEAMA4BFBDACARwQxAAAeEcQAAHhEEAMA4BFBDACARwQxAAAeEcQAAHhU9R99AAAAyaJFDACARwQxAAAeEcQAAHhEEAMA4BFBDACARwQxAAAeEcQAAHhEEAMA4BFBDACARwQxAAAeEcQAAHhEEAMA4BFBDACARwQxAAAeJR\/EuTH1vPiyno8vb4xpzh0GVqVy1\/2LRzSac8edySG7P61Jd35P6QllXdHQ0BW3Hslp9A3zXrZsXUwHnzd00R26W4K\/ceF3kPu85xf8TXei3HcDVrdE\/z1ie5M5fLZZXUNH1V7vdhpzo0f06tc79NHbrVrj9i2bvSl0pXXNrK5rbta17Fod+yylzeFRwK\/g+pzQc7FrP7juT9yF69QG3\/mndaZrg9tRI2W+U1QOdeA9DcQL+Z3y9d0Aj5JrEZsCVS6ErTXtR3Xmz4SwVd+qgc961W5Wr2WzUnPjn3s\/IGFr2jvM9Tqmb\/9kS3VuZtqt+WZa4e+YyvCu3rsTwsbK+W5A7SQWxJPnx6Rd5sazlPIZdHlF3XfxLrUrGrJdYRcLx4u628z6M5+d1hmzHHskrXeW1K0HrBy2lRxd96XXt+1R6hm9EnY52+NDV4J9r54wFc+z\/fl9kbCbO1riXcgLy1FpN3nxa92yyBDS5NBrGlJKH5W2XqOuardU\/U5mibrjq303YFWzXdN339ztL3s6bv\/7yzm3XcVc5va\/X+i4\/cFPbvv25dsfvNB7O3ypXe+4vacnc\/v34FjMT\/+5vcceCxZz\/pdmu9x5gA\/BdR1dx6GLHxRfy79\/2Wuu3f\/cvui2S8tCcH7Je1jB6z647LZCpe8dlo\/K5ajofHtu6Wvj25HYd1rwt+fZzyr9ToXtBd+p6O8s\/92A1a62s6bjLV9X2567MBF0bXVtCU+RNuiFA9JXFwrV9fZ9Jd3YtsbdN62uobA1fOazf0lfmxZ4doZJYFhBshrqKrT8Dqs3NiST0\/dfZ9XeFxsvrm9V5y5p9HysJbikXqUr+tYOAx2MlZMtu9XVnK1YjjZva82Xl+V1B4ffybZc1x3YXWase4O64mPg9Q16VNP6Ldb6LvpOW55Wu3nPmZtuG\/gLSiiI6\/X3R6RrM\/Nu2wnGdU1w9pmbgDM3E+uKcost5AteG7Ow27te7QdTWue2gJXBzpGwFcX3TCi6XXnzspd+qTWN5sRfZpdXoczN6me3WlChDJZh52x89OyEXo3KoK3kxkO9iPtOQynpxGsVZnnbrvCoPPdr1O0FUF5iLeKgxn12ZOGjDiWCG49pEYct29iy3FmTN2d0jQlbWJFcRdFUOAvjpXWyl36poGL6SMPyruOg1Vkqp99+kdY11rntKnJjesc+xZAvfwsnWC5gK9Xlwjjo9RpRY763KpxQCaCy5Lqmt6R0bJftxlr43GG8K2zN1h3mBlUS2Llc1RbB5hftTS3+mpxGT41p3bOPEcRYmWxw9bVqtC8qD\/V68tlms53WZHCCYUJs+KzUvm25j+5s0DO2rL0Tm1x18UsNZZv13NYlzJasf0zPKV1oEQfLwnK7QLkwDirEO\/Rk9LEX\/0uLGFhEomPEm7tMjXhoh76KjZPZJXiWMhorCwpzyTnvvK\/Pq90Fgpva2tj422v66tm79BwjkJR85TScSRx0CR+Y1uHouu9K69G+07H5EuWFlVc3nOPmWtiyZp8cKOpeLvPoYDl29vPMvqgFGy7B3\/nZEmYtx8I4+Fvs2HQ81M83lumWr6zcdwNWu0R\/0APASmd\/kau0Ihvus+G8WKUAwJ9HEAN\/eXZyVfGkqvYltMwB3B0EMQAAHtX2OWIAAFCEIAYAwCOCGAAAjwhiAAA8IogBAPCIIAYAwCOCGAAAjwhiAAA8IogBAPCIIAYAwCOCGAAAjwhiAAA8qvqPPty6dcutAQCAJNAiBgDAI4IYAACPCGIAADwiiAEA8IggBgDAI4IYAACPCGIAADwiiAEA8IggBgDAI4IYAACPCGIAADwiiAEA8IggBgDAI4IYAACPkvtnEOfH1fv6ee1490211bl9vqykvwV\/GbnMW+o+OeW2Qm2HPlZqk9sIrsthZd2mmjo1eLRF9W7Tupx+Rf3n3IZa1HuqUxvdlnRV6X0Dyrgt7ezRSGq92wBwr6BFDCQkNzsVBO\/IqcJSGsIP548PKKVhdaevuhNcCMuEa\/T6Q1L\/vmFdDo7OK3NkQL\/uH8gf79WAOmKvB3BvSDiIp5R+\/RV17IuWt5SZd4eAVW1es9NNavib2yyR++G8sqYFmw9m1ekf25uk6RvKBdtX9d25JqX2xFq4m9qUahrXd5fM+qWM0upUd6yLZ+OeTjWf+5QyBtxjEg5icyN5N6rx2xr9QyaYbRjb2rwJ5tLa+6VhE9Zhjd+2BnozV8PzXJD3xu4wttuvEPDREm8tFPb3fnEz2AvUzh8yDeKK6tveLOlGnteP35gW9F7XNT1\/Q78G+8u7fGFcWvtgUTe26jZrR9OUJn5YmMS2PBWXFbMcGXehD8Cn2nZNBzV6e6OQ2rpLa+8mPD8ZV9uhwhhY9uSnUncU4i1m+8Pw\/PlxDZ58SL1RwL9r3is2fnY53RO0Fgbd8e6G64VxOKAWgiAt7hFK25bsAlGlsUcT2wcKLWQXqukvCpXVXOZDpacKrezmhvvDlcWYCm7\/dKE82LJUbjwagB\/+xojrWtSxM1Z7t11tUy16Kt9VZ+x8qTC5atMTajM3ttnfzfrvN6sEq+vS6y7cZOof32aCGqghc333R8FnF1NZ\/PV4uTCuU9tRe86AdnzTE+slsvt71HZuIB\/kwcSveJlYotyN624NwEpU0yCOavQ7Hg\/vJBu32lZuJuyKvjCu5v1tsRmhVWzqdBNXXGsjmPTiWtKLdOkBXgQVTylzodJkKhO8e01L9dz\/3PCKtV6peCvW9vrEurOzs3+4tepsN\/jg9vPqjsrL8etFFVUAftV0slZ30J0ce4TITT4ZSQ9r5Jy5US25qn9V6eMqdE2bpTDpBVjpwu7o+JyHquwM6+PFwza2EluY2OXMT2oiVtHNs0M532wrdE3HyyAA72o7WavoGUgrbAVkz41LS20NB9brqZ3jhRaxW4JuvzJja5e\/iD2rCdTCpeHibmg7TpufBe2u+2jOQyCcI7GwV8jsHzTXb9EMa8NWYjWswViYB9d5ua5rWybso1FF5YUnGICVYgX8oIf9UYJP1VByXv4ZynxXXPjjBTr0sXbfeEuD+qf6Yy8IfjzB1vqDCSjFP3TQdqhHOr7wM4BkmPDMZDR7crzwYxsLfozDsE8JmJZupHn\/QNE1HV3zmYoTq4qv80o\/6GHL0ndbi3uNFpYvAL4kF8RLFATo7EvLuiGUu4nYfSMNpTcy4K\/OdoOHM7ILZSPcN7uXIR1gJfAbxEGL4LpSy26phjeSdOw5zYWtCQChkpazUfRTmwC88t4iBgDgr8zfc8QAAIAgBgDAJ4IYAACPCGIAADwiiAEA8IggBgDAI4IYAACPCGIAALyR\/h9kuj\/zHP\/2uwAAAABJRU5ErkJggg==\" alt=\"\"><\/p>","protected":false},"excerpt":{"rendered":"<p><span style=\"color: rgb(77, 80, 87); font-family: Lato, Arial; font-size: 16px;\">Tveggja handfanga t\u00f6ng.<\/span><br style=\"margin: 0px; outline: none; padding: 0px; color: rgb(77, 80, 87); font-family: Lato, Arial; font-size: 16px;\"><span style=\"color: rgb(77, 80, 87); font-family: Lato, Arial; font-size: 16px;\">Lengd: 722mm<\/span><br style=\"margin: 0px; outline: none; padding: 0px; color: rgb(77, 80, 87); font-family: Lato, Arial; font-size: 16px;\"><span style=\"color: rgb(77, 80, 87); font-family: Lato, Arial; font-size: 16px;\">Geta: 110mm<\/span><\/p>","protected":false},"featured_media":38075,"comment_status":"closed","ping_status":"closed","template":"","meta":[],"product_brand":[],"product_cat":[588,774,515],"product_tag":[1024],"class_list":{"0":"post-24773","1":"product","2":"type-product","3":"status-publish","4":"has-post-thumbnail","6":"product_cat-handverkfaeri","7":"product_cat-pipulagningarverkfaeri","8":"product_cat-verkfaeralausnir","9":"product_tag-bahco","11":"first","12":"instock","13":"taxable","14":"shipping-taxable","15":"purchasable","16":"product-type-simple"},"yoast_head":"<!-- This site is optimized with the Yoast SEO plugin v27.3 - https:\/\/yoast.com\/product\/yoast-seo-wordpress\/ -->\n<title>BAHCO R\u00f6rt\u00f6ng nr 144 3 1\/2&quot; - V\u00e9lar &amp; Verkf\u00e6ri<\/title>\n<meta name=\"robots\" content=\"index, follow, max-snippet:-1, max-image-preview:large, max-video-preview:-1\" \/>\n<link rel=\"canonical\" href=\"https:\/\/velarogverkfaeri.is\/en\/verkfaeralausnir\/handverkfaeri\/pipulagningarverkfaeri\/product\/bahco-rortong-nr-144-110mm-3-1-2\/\" \/>\n<meta property=\"og:locale\" content=\"en_US\" \/>\n<meta property=\"og:type\" content=\"article\" \/>\n<meta property=\"og:title\" content=\"BAHCO R\u00f6rt\u00f6ng nr 144 3 1\/2&quot; - V\u00e9lar &amp; Verkf\u00e6ri\" \/>\n<meta property=\"og:description\" content=\"Tveggja handfanga t\u00f6ng.Lengd: 722mmGeta: 110mm\" \/>\n<meta property=\"og:url\" content=\"https:\/\/velarogverkfaeri.is\/en\/verkfaeralausnir\/handverkfaeri\/pipulagningarverkfaeri\/product\/bahco-rortong-nr-144-110mm-3-1-2\/\" \/>\n<meta property=\"og:site_name\" content=\"V\u00e9lar &amp; Verkf\u00e6ri\" \/>\n<meta property=\"article:publisher\" content=\"https:\/\/www.facebook.com\/VelarOgVerkfaeri\" \/>\n<meta property=\"article:modified_time\" content=\"2025-12-05T13:17:38+00:00\" \/>\n<meta property=\"og:image\" content=\"https:\/\/velarogverkfaeri.is\/wp-content\/uploads\/2023\/06\/8e09c718-3c31-4d77-87a9-7784c8195ca7.png\" \/>\n\t<meta property=\"og:image:width\" content=\"800\" \/>\n\t<meta property=\"og:image:height\" content=\"600\" \/>\n\t<meta property=\"og:image:type\" content=\"image\/png\" \/>\n<meta name=\"twitter:card\" content=\"summary_large_image\" \/>\n<script type=\"application\/ld+json\" class=\"yoast-schema-graph\">{\"@context\":\"https:\\\/\\\/schema.org\",\"@graph\":[{\"@type\":\"WebPage\",\"@id\":\"https:\\\/\\\/velarogverkfaeri.is\\\/verkfaeralausnir\\\/handverkfaeri\\\/pipulagningarverkfaeri\\\/product\\\/bahco-rortong-nr-144-110mm-3-1-2\\\/\",\"url\":\"https:\\\/\\\/velarogverkfaeri.is\\\/verkfaeralausnir\\\/handverkfaeri\\\/pipulagningarverkfaeri\\\/product\\\/bahco-rortong-nr-144-110mm-3-1-2\\\/\",\"name\":\"BAHCO R\u00f6rt\u00f6ng nr 144 3 1\\\/2\\\" - V\u00e9lar &amp; Verkf\u00e6ri\",\"isPartOf\":{\"@id\":\"https:\\\/\\\/velarogverkfaeri.is\\\/en\\\/#website\"},\"primaryImageOfPage\":{\"@id\":\"https:\\\/\\\/velarogverkfaeri.is\\\/verkfaeralausnir\\\/handverkfaeri\\\/pipulagningarverkfaeri\\\/product\\\/bahco-rortong-nr-144-110mm-3-1-2\\\/#primaryimage\"},\"image\":{\"@id\":\"https:\\\/\\\/velarogverkfaeri.is\\\/verkfaeralausnir\\\/handverkfaeri\\\/pipulagningarverkfaeri\\\/product\\\/bahco-rortong-nr-144-110mm-3-1-2\\\/#primaryimage\"},\"thumbnailUrl\":\"https:\\\/\\\/velarogverkfaeri.is\\\/wp-content\\\/uploads\\\/2023\\\/06\\\/8e09c718-3c31-4d77-87a9-7784c8195ca7.png\",\"datePublished\":\"2023-06-08T19:08:33+00:00\",\"dateModified\":\"2025-12-05T13:17:38+00:00\",\"breadcrumb\":{\"@id\":\"https:\\\/\\\/velarogverkfaeri.is\\\/verkfaeralausnir\\\/handverkfaeri\\\/pipulagningarverkfaeri\\\/product\\\/bahco-rortong-nr-144-110mm-3-1-2\\\/#breadcrumb\"},\"inLanguage\":\"en-US\",\"potentialAction\":[{\"@type\":\"ReadAction\",\"target\":[\"https:\\\/\\\/velarogverkfaeri.is\\\/verkfaeralausnir\\\/handverkfaeri\\\/pipulagningarverkfaeri\\\/product\\\/bahco-rortong-nr-144-110mm-3-1-2\\\/\"]}]},{\"@type\":\"ImageObject\",\"inLanguage\":\"en-US\",\"@id\":\"https:\\\/\\\/velarogverkfaeri.is\\\/verkfaeralausnir\\\/handverkfaeri\\\/pipulagningarverkfaeri\\\/product\\\/bahco-rortong-nr-144-110mm-3-1-2\\\/#primaryimage\",\"url\":\"https:\\\/\\\/velarogverkfaeri.is\\\/wp-content\\\/uploads\\\/2023\\\/06\\\/8e09c718-3c31-4d77-87a9-7784c8195ca7.png\",\"contentUrl\":\"https:\\\/\\\/velarogverkfaeri.is\\\/wp-content\\\/uploads\\\/2023\\\/06\\\/8e09c718-3c31-4d77-87a9-7784c8195ca7.png\",\"width\":800,\"height\":600},{\"@type\":\"BreadcrumbList\",\"@id\":\"https:\\\/\\\/velarogverkfaeri.is\\\/verkfaeralausnir\\\/handverkfaeri\\\/pipulagningarverkfaeri\\\/product\\\/bahco-rortong-nr-144-110mm-3-1-2\\\/#breadcrumb\",\"itemListElement\":[{\"@type\":\"ListItem\",\"position\":1,\"name\":\"Home\",\"item\":\"https:\\\/\\\/velarogverkfaeri.is\\\/\"},{\"@type\":\"ListItem\",\"position\":2,\"name\":\"Vefverslun\",\"item\":\"https:\\\/\\\/velarogverkfaeri.is\\\/vefverslun\\\/\"},{\"@type\":\"ListItem\",\"position\":3,\"name\":\"BAHCO R\u00f6rt\u00f6ng nr 144 3 1\\\/2&#8243;\"}]},{\"@type\":\"WebSite\",\"@id\":\"https:\\\/\\\/velarogverkfaeri.is\\\/en\\\/#website\",\"url\":\"https:\\\/\\\/velarogverkfaeri.is\\\/en\\\/\",\"name\":\"V\u00e9lar & Verkf\u00e6ri\",\"description\":\"Umbo\u00f0s- og heildverslun fr\u00e1 \u00e1rinu 1919\",\"publisher\":{\"@id\":\"https:\\\/\\\/velarogverkfaeri.is\\\/en\\\/#organization\"},\"potentialAction\":[{\"@type\":\"SearchAction\",\"target\":{\"@type\":\"EntryPoint\",\"urlTemplate\":\"https:\\\/\\\/velarogverkfaeri.is\\\/en\\\/?s={search_term_string}\"},\"query-input\":{\"@type\":\"PropertyValueSpecification\",\"valueRequired\":true,\"valueName\":\"search_term_string\"}}],\"inLanguage\":\"en-US\"},{\"@type\":\"Organization\",\"@id\":\"https:\\\/\\\/velarogverkfaeri.is\\\/en\\\/#organization\",\"name\":\"V\u00e9lar & Verkf\u00e6ri\",\"url\":\"https:\\\/\\\/velarogverkfaeri.is\\\/en\\\/\",\"logo\":{\"@type\":\"ImageObject\",\"inLanguage\":\"en-US\",\"@id\":\"https:\\\/\\\/velarogverkfaeri.is\\\/en\\\/#\\\/schema\\\/logo\\\/image\\\/\",\"url\":\"https:\\\/\\\/velarogverkfaeri.is\\\/wp-content\\\/uploads\\\/2021\\\/10\\\/vv_logo_350x100.png\",\"contentUrl\":\"https:\\\/\\\/velarogverkfaeri.is\\\/wp-content\\\/uploads\\\/2021\\\/10\\\/vv_logo_350x100.png\",\"width\":350,\"height\":100,\"caption\":\"V\u00e9lar & Verkf\u00e6ri\"},\"image\":{\"@id\":\"https:\\\/\\\/velarogverkfaeri.is\\\/en\\\/#\\\/schema\\\/logo\\\/image\\\/\"},\"sameAs\":[\"https:\\\/\\\/www.facebook.com\\\/VelarOgVerkfaeri\"]}]}<\/script>\n<!-- \/ Yoast SEO plugin. -->","yoast_head_json":{"title":"BAHCO R\u00f6rt\u00f6ng nr 144 3 1\/2\" - V\u00e9lar &amp; Verkf\u00e6ri","robots":{"index":"index","follow":"follow","max-snippet":"max-snippet:-1","max-image-preview":"max-image-preview:large","max-video-preview":"max-video-preview:-1"},"canonical":"https:\/\/velarogverkfaeri.is\/en\/verkfaeralausnir\/handverkfaeri\/pipulagningarverkfaeri\/product\/bahco-rortong-nr-144-110mm-3-1-2\/","og_locale":"en_US","og_type":"article","og_title":"BAHCO R\u00f6rt\u00f6ng nr 144 3 1\/2\" - V\u00e9lar &amp; Verkf\u00e6ri","og_description":"Tveggja handfanga t\u00f6ng.Lengd: 722mmGeta: 110mm","og_url":"https:\/\/velarogverkfaeri.is\/en\/verkfaeralausnir\/handverkfaeri\/pipulagningarverkfaeri\/product\/bahco-rortong-nr-144-110mm-3-1-2\/","og_site_name":"V\u00e9lar &amp; Verkf\u00e6ri","article_publisher":"https:\/\/www.facebook.com\/VelarOgVerkfaeri","article_modified_time":"2025-12-05T13:17:38+00:00","og_image":[{"width":800,"height":600,"url":"https:\/\/velarogverkfaeri.is\/wp-content\/uploads\/2023\/06\/8e09c718-3c31-4d77-87a9-7784c8195ca7.png","type":"image\/png"}],"twitter_card":"summary_large_image","schema":{"@context":"https:\/\/schema.org","@graph":[{"@type":"WebPage","@id":"https:\/\/velarogverkfaeri.is\/verkfaeralausnir\/handverkfaeri\/pipulagningarverkfaeri\/product\/bahco-rortong-nr-144-110mm-3-1-2\/","url":"https:\/\/velarogverkfaeri.is\/verkfaeralausnir\/handverkfaeri\/pipulagningarverkfaeri\/product\/bahco-rortong-nr-144-110mm-3-1-2\/","name":"BAHCO R\u00f6rt\u00f6ng nr 144 3 1\/2\" - V\u00e9lar &amp; Verkf\u00e6ri","isPartOf":{"@id":"https:\/\/velarogverkfaeri.is\/en\/#website"},"primaryImageOfPage":{"@id":"https:\/\/velarogverkfaeri.is\/verkfaeralausnir\/handverkfaeri\/pipulagningarverkfaeri\/product\/bahco-rortong-nr-144-110mm-3-1-2\/#primaryimage"},"image":{"@id":"https:\/\/velarogverkfaeri.is\/verkfaeralausnir\/handverkfaeri\/pipulagningarverkfaeri\/product\/bahco-rortong-nr-144-110mm-3-1-2\/#primaryimage"},"thumbnailUrl":"https:\/\/velarogverkfaeri.is\/wp-content\/uploads\/2023\/06\/8e09c718-3c31-4d77-87a9-7784c8195ca7.png","datePublished":"2023-06-08T19:08:33+00:00","dateModified":"2025-12-05T13:17:38+00:00","breadcrumb":{"@id":"https:\/\/velarogverkfaeri.is\/verkfaeralausnir\/handverkfaeri\/pipulagningarverkfaeri\/product\/bahco-rortong-nr-144-110mm-3-1-2\/#breadcrumb"},"inLanguage":"en-US","potentialAction":[{"@type":"ReadAction","target":["https:\/\/velarogverkfaeri.is\/verkfaeralausnir\/handverkfaeri\/pipulagningarverkfaeri\/product\/bahco-rortong-nr-144-110mm-3-1-2\/"]}]},{"@type":"ImageObject","inLanguage":"en-US","@id":"https:\/\/velarogverkfaeri.is\/verkfaeralausnir\/handverkfaeri\/pipulagningarverkfaeri\/product\/bahco-rortong-nr-144-110mm-3-1-2\/#primaryimage","url":"https:\/\/velarogverkfaeri.is\/wp-content\/uploads\/2023\/06\/8e09c718-3c31-4d77-87a9-7784c8195ca7.png","contentUrl":"https:\/\/velarogverkfaeri.is\/wp-content\/uploads\/2023\/06\/8e09c718-3c31-4d77-87a9-7784c8195ca7.png","width":800,"height":600},{"@type":"BreadcrumbList","@id":"https:\/\/velarogverkfaeri.is\/verkfaeralausnir\/handverkfaeri\/pipulagningarverkfaeri\/product\/bahco-rortong-nr-144-110mm-3-1-2\/#breadcrumb","itemListElement":[{"@type":"ListItem","position":1,"name":"Home","item":"https:\/\/velarogverkfaeri.is\/"},{"@type":"ListItem","position":2,"name":"Vefverslun","item":"https:\/\/velarogverkfaeri.is\/vefverslun\/"},{"@type":"ListItem","position":3,"name":"BAHCO R\u00f6rt\u00f6ng nr 144 3 1\/2&#8243;"}]},{"@type":"WebSite","@id":"https:\/\/velarogverkfaeri.is\/en\/#website","url":"https:\/\/velarogverkfaeri.is\/en\/","name":"V\u00e9lar & Verkf\u00e6ri","description":"Umbo\u00f0s- og heildverslun fr\u00e1 \u00e1rinu 1919","publisher":{"@id":"https:\/\/velarogverkfaeri.is\/en\/#organization"},"potentialAction":[{"@type":"SearchAction","target":{"@type":"EntryPoint","urlTemplate":"https:\/\/velarogverkfaeri.is\/en\/?s={search_term_string}"},"query-input":{"@type":"PropertyValueSpecification","valueRequired":true,"valueName":"search_term_string"}}],"inLanguage":"en-US"},{"@type":"Organization","@id":"https:\/\/velarogverkfaeri.is\/en\/#organization","name":"V\u00e9lar & Verkf\u00e6ri","url":"https:\/\/velarogverkfaeri.is\/en\/","logo":{"@type":"ImageObject","inLanguage":"en-US","@id":"https:\/\/velarogverkfaeri.is\/en\/#\/schema\/logo\/image\/","url":"https:\/\/velarogverkfaeri.is\/wp-content\/uploads\/2021\/10\/vv_logo_350x100.png","contentUrl":"https:\/\/velarogverkfaeri.is\/wp-content\/uploads\/2021\/10\/vv_logo_350x100.png","width":350,"height":100,"caption":"V\u00e9lar & Verkf\u00e6ri"},"image":{"@id":"https:\/\/velarogverkfaeri.is\/en\/#\/schema\/logo\/image\/"},"sameAs":["https:\/\/www.facebook.com\/VelarOgVerkfaeri"]}]}},"_links":{"self":[{"href":"https:\/\/velarogverkfaeri.is\/en\/wp-json\/wp\/v2\/product\/24773","targetHints":{"allow":["GET"]}}],"collection":[{"href":"https:\/\/velarogverkfaeri.is\/en\/wp-json\/wp\/v2\/product"}],"about":[{"href":"https:\/\/velarogverkfaeri.is\/en\/wp-json\/wp\/v2\/types\/product"}],"replies":[{"embeddable":true,"href":"https:\/\/velarogverkfaeri.is\/en\/wp-json\/wp\/v2\/comments?post=24773"}],"wp:featuredmedia":[{"embeddable":true,"href":"https:\/\/velarogverkfaeri.is\/en\/wp-json\/wp\/v2\/media\/38075"}],"wp:attachment":[{"href":"https:\/\/velarogverkfaeri.is\/en\/wp-json\/wp\/v2\/media?parent=24773"}],"wp:term":[{"taxonomy":"product_brand","embeddable":true,"href":"https:\/\/velarogverkfaeri.is\/en\/wp-json\/wp\/v2\/product_brand?post=24773"},{"taxonomy":"product_cat","embeddable":true,"href":"https:\/\/velarogverkfaeri.is\/en\/wp-json\/wp\/v2\/product_cat?post=24773"},{"taxonomy":"product_tag","embeddable":true,"href":"https:\/\/velarogverkfaeri.is\/en\/wp-json\/wp\/v2\/product_tag?post=24773"}],"curies":[{"name":"wp","href":"https:\/\/api.w.org\/{rel}","templated":true}]}}