{"id":24772,"date":"2023-06-08T19:08:34","date_gmt":"2023-06-08T19:08:34","guid":{"rendered":"https:\/\/vv-dev.webdev.is\/?post_type=product&#038;p=24772"},"modified":"2026-02-17T11:00:52","modified_gmt":"2026-02-17T11:00:52","slug":"bobrick-ruslakarfa-48-ltr-rydfr-b-277","status":"publish","type":"product","link":"https:\/\/velarogverkfaeri.is\/en\/lykillausnir\/heimilid-lykillausnir\/ruslafotur-heimilid-lykillausnir\/product\/bobrick-ruslakarfa-48-ltr-rydfr-b-277\/","title":{"rendered":"BOBRICK RUSLAKARFA 48 L Ry\u00f0fr\u00edtt st\u00e1l"},"content":{"rendered":"<h3 data-start=\"234\" data-end=\"259\">\ud83d\udd27 Helstu eiginleikar<\/h3>\n<ul data-start=\"261\" data-end=\"610\">\n<li data-start=\"261\" data-end=\"317\">\n<p data-start=\"263\" data-end=\"317\"><strong data-start=\"263\" data-end=\"278\">H\u00e1g\u00e6\u00f0a efni<\/strong>: <span class=\"relative -mx-px my-[-0.2rem] rounded px-px py-[0.2rem] transition-colors duration-100 ease-in-out\">Ger\u00f0 \u00far 22-gauge (0,8 mm) Type-304 ry\u00f0fr\u00edu st\u00e1li me\u00f0 sat\u00edn\u00e1fer\u00f0, sem er endingargott og vi\u00f0haldsl\u00e9tt efni.<\/span><\/p>\n<\/li>\n<li data-start=\"318\" data-end=\"381\">\n<p data-start=\"320\" data-end=\"381\"><strong data-start=\"320\" data-end=\"340\">LinerMate\u00ae kerfi<\/strong>: <span class=\"relative -mx-px my-[-0.2rem] rounded px-px py-[0.2rem] transition-colors duration-100 ease-in-out\">Innbyggt LinerMate\u00ae festingarkerfi heldur ruslapoka \u00e1 s\u00ednum sta\u00f0.<\/span><\/p>\n<\/li>\n<li data-start=\"382\" data-end=\"447\">\n<p data-start=\"384\" data-end=\"447\"><strong data-start=\"384\" data-end=\"406\">\u00d6ruggt og \u00fe\u00e6gilegt<\/strong>: Engar skarpar<span class=\"relative -mx-px my-[-0.2rem] rounded px-px py-[0.2rem] transition-colors duration-100 ease-in-out\">&nbsp;br\u00fanir og hanna\u00f0 fyrir au\u00f0veldan flutning og uppsetningu.<\/span><\/p>\n<\/li>\n<\/ul>\n<hr data-start=\"612\" data-end=\"615\">\n<h3 data-start=\"617\" data-end=\"646\">\ud83d\udccf T\u00e6knilegar uppl\u00fdsingar<\/h3>\n<\/p>\n<ul data-start=\"648\" data-end=\"955\">\n<li data-start=\"648\" data-end=\"699\">\n<p data-start=\"650\" data-end=\"699\"><strong data-start=\"650\" data-end=\"658\">Efni<\/strong>: <span class=\"relative -mx-px my-[-0.2rem] rounded px-px py-[0.2rem] transition-colors duration-100 ease-in-out\">22-gauge (0,8 mm) Type-304 ry\u00f0fr\u00edtt st\u00e1l me\u00f0 sat\u00ednfini<\/span><\/p>\n<\/li>\n<li data-start=\"700\" data-end=\"750\">\n<p data-start=\"702\" data-end=\"750\"><strong data-start=\"702\" data-end=\"709\">M\u00e1l<\/strong>: <span class=\"relative -mx-px my-[-0.2rem] rounded px-px py-[0.2rem] transition-colors duration-100 ease-in-out\">385 mm breidd x 585 mm h\u00e6\u00f0 x 215 mm d\u00fdpt<\/span><\/p>\n<\/li>\n<li data-start=\"751\" data-end=\"804\">\n<p data-start=\"753\" data-end=\"804\"><strong data-start=\"753\" data-end=\"763\">R\u00famm\u00e1l<\/strong>: <span class=\"relative -mx-px my-[-0.2rem] rounded px-px py-[0.2rem] transition-colors duration-100 ease-in-out\">12,75 gal (48,3 L)<\/span><\/p>\n<\/li>\n<li data-start=\"805\" data-end=\"862\">\n<p data-start=\"807\" data-end=\"862\"><strong data-start=\"807\" data-end=\"821\">LinerMate\u00ae<\/strong>: <span class=\"relative -mx-px my-[-0.2rem] rounded px-px py-[0.2rem] transition-colors duration-100 ease-in-out\">Innbyggt festingarkerfi fyrir ruslapoka<\/span><\/p>\n<\/li>\n<li data-start=\"863\" data-end=\"955\">\n<p data-start=\"865\" data-end=\"955\"><span class=\"\" data-state=\"closed\"><\/span><\/p>\n<\/li>\n<\/ul>\n","protected":false},"excerpt":{"rendered":"<p><span class=\"relative -mx-px my-[-0.2rem] rounded px-px py-[0.2rem] transition-colors duration-100 ease-in-out\">Bobrick B-277 er h\u00e1g\u00e6\u00f0a, hli\u00f0arfest ruslatunna \u00far ry\u00f0fr\u00edu st\u00e1li sem hentar vel \u00e1 opinberum salernum og \u00f6\u00f0rum almenningsr\u00fdmum.<\/span>&nbsp;<\/p>\n","protected":false},"featured_media":38076,"comment_status":"closed","ping_status":"closed","template":"","meta":[],"product_brand":[],"product_cat":[895,517,901],"product_tag":[],"class_list":{"0":"post-24772","1":"product","2":"type-product","3":"status-publish","4":"has-post-thumbnail","6":"product_cat-heimilid-lykillausnir","7":"product_cat-lykillausnir","8":"product_cat-ruslafotur-heimilid-lykillausnir","10":"first","11":"instock","12":"taxable","13":"shipping-taxable","14":"purchasable","15":"product-type-simple"},"yoast_head":"<!-- This site is optimized with the Yoast SEO plugin v27.3 - https:\/\/yoast.com\/product\/yoast-seo-wordpress\/ -->\n<title>BOBRICK RUSLAKARFA 48 L Ry\u00f0fr\u00edtt st\u00e1l - V\u00e9lar &amp; Verkf\u00e6ri<\/title>\n<meta name=\"robots\" content=\"index, follow, max-snippet:-1, max-image-preview:large, max-video-preview:-1\" \/>\n<link rel=\"canonical\" href=\"https:\/\/velarogverkfaeri.is\/en\/lykillausnir\/heimilid-lykillausnir\/ruslafotur-heimilid-lykillausnir\/product\/bobrick-ruslakarfa-48-ltr-rydfr-b-277\/\" \/>\n<meta property=\"og:locale\" content=\"en_US\" \/>\n<meta property=\"og:type\" content=\"article\" \/>\n<meta property=\"og:title\" content=\"BOBRICK RUSLAKARFA 48 L Ry\u00f0fr\u00edtt st\u00e1l - V\u00e9lar &amp; Verkf\u00e6ri\" \/>\n<meta property=\"og:description\" content=\"Bobrick B-277 er h\u00e1g\u00e6\u00f0a, hli\u00f0arfest ruslatunna \u00far ry\u00f0fr\u00edu st\u00e1li sem hentar vel \u00e1 opinberum salernum og \u00f6\u00f0rum almenningsr\u00fdmum.&nbsp;\" \/>\n<meta property=\"og:url\" content=\"https:\/\/velarogverkfaeri.is\/en\/lykillausnir\/heimilid-lykillausnir\/ruslafotur-heimilid-lykillausnir\/product\/bobrick-ruslakarfa-48-ltr-rydfr-b-277\/\" \/>\n<meta property=\"og:site_name\" content=\"V\u00e9lar &amp; Verkf\u00e6ri\" \/>\n<meta property=\"article:publisher\" content=\"https:\/\/www.facebook.com\/VelarOgVerkfaeri\" \/>\n<meta property=\"article:modified_time\" content=\"2026-02-17T11:00:52+00:00\" \/>\n<meta property=\"og:image\" content=\"https:\/\/velarogverkfaeri.is\/wp-content\/uploads\/2023\/06\/14b89c08-ed07-471f-80ad-5e5ca8077cfc.jpeg\" \/>\n\t<meta property=\"og:image:width\" content=\"880\" \/>\n\t<meta property=\"og:image:height\" content=\"1024\" \/>\n\t<meta property=\"og:image:type\" content=\"image\/jpeg\" \/>\n<meta name=\"twitter:card\" content=\"summary_large_image\" \/>\n<script type=\"application\/ld+json\" class=\"yoast-schema-graph\">{\"@context\":\"https:\\\/\\\/schema.org\",\"@graph\":[{\"@type\":\"WebPage\",\"@id\":\"https:\\\/\\\/velarogverkfaeri.is\\\/lykillausnir\\\/heimilid-lykillausnir\\\/ruslafotur-heimilid-lykillausnir\\\/product\\\/bobrick-ruslakarfa-48-ltr-rydfr-b-277\\\/\",\"url\":\"https:\\\/\\\/velarogverkfaeri.is\\\/lykillausnir\\\/heimilid-lykillausnir\\\/ruslafotur-heimilid-lykillausnir\\\/product\\\/bobrick-ruslakarfa-48-ltr-rydfr-b-277\\\/\",\"name\":\"BOBRICK RUSLAKARFA 48 L Ry\u00f0fr\u00edtt st\u00e1l - V\u00e9lar &amp; Verkf\u00e6ri\",\"isPartOf\":{\"@id\":\"https:\\\/\\\/velarogverkfaeri.is\\\/en\\\/#website\"},\"primaryImageOfPage\":{\"@id\":\"https:\\\/\\\/velarogverkfaeri.is\\\/lykillausnir\\\/heimilid-lykillausnir\\\/ruslafotur-heimilid-lykillausnir\\\/product\\\/bobrick-ruslakarfa-48-ltr-rydfr-b-277\\\/#primaryimage\"},\"image\":{\"@id\":\"https:\\\/\\\/velarogverkfaeri.is\\\/lykillausnir\\\/heimilid-lykillausnir\\\/ruslafotur-heimilid-lykillausnir\\\/product\\\/bobrick-ruslakarfa-48-ltr-rydfr-b-277\\\/#primaryimage\"},\"thumbnailUrl\":\"https:\\\/\\\/velarogverkfaeri.is\\\/wp-content\\\/uploads\\\/2023\\\/06\\\/14b89c08-ed07-471f-80ad-5e5ca8077cfc.jpeg\",\"datePublished\":\"2023-06-08T19:08:34+00:00\",\"dateModified\":\"2026-02-17T11:00:52+00:00\",\"breadcrumb\":{\"@id\":\"https:\\\/\\\/velarogverkfaeri.is\\\/lykillausnir\\\/heimilid-lykillausnir\\\/ruslafotur-heimilid-lykillausnir\\\/product\\\/bobrick-ruslakarfa-48-ltr-rydfr-b-277\\\/#breadcrumb\"},\"inLanguage\":\"en-US\",\"potentialAction\":[{\"@type\":\"ReadAction\",\"target\":[\"https:\\\/\\\/velarogverkfaeri.is\\\/lykillausnir\\\/heimilid-lykillausnir\\\/ruslafotur-heimilid-lykillausnir\\\/product\\\/bobrick-ruslakarfa-48-ltr-rydfr-b-277\\\/\"]}]},{\"@type\":\"ImageObject\",\"inLanguage\":\"en-US\",\"@id\":\"https:\\\/\\\/velarogverkfaeri.is\\\/lykillausnir\\\/heimilid-lykillausnir\\\/ruslafotur-heimilid-lykillausnir\\\/product\\\/bobrick-ruslakarfa-48-ltr-rydfr-b-277\\\/#primaryimage\",\"url\":\"https:\\\/\\\/velarogverkfaeri.is\\\/wp-content\\\/uploads\\\/2023\\\/06\\\/14b89c08-ed07-471f-80ad-5e5ca8077cfc.jpeg\",\"contentUrl\":\"https:\\\/\\\/velarogverkfaeri.is\\\/wp-content\\\/uploads\\\/2023\\\/06\\\/14b89c08-ed07-471f-80ad-5e5ca8077cfc.jpeg\",\"width\":880,\"height\":1024},{\"@type\":\"BreadcrumbList\",\"@id\":\"https:\\\/\\\/velarogverkfaeri.is\\\/lykillausnir\\\/heimilid-lykillausnir\\\/ruslafotur-heimilid-lykillausnir\\\/product\\\/bobrick-ruslakarfa-48-ltr-rydfr-b-277\\\/#breadcrumb\",\"itemListElement\":[{\"@type\":\"ListItem\",\"position\":1,\"name\":\"Home\",\"item\":\"https:\\\/\\\/velarogverkfaeri.is\\\/\"},{\"@type\":\"ListItem\",\"position\":2,\"name\":\"Vefverslun\",\"item\":\"https:\\\/\\\/velarogverkfaeri.is\\\/vefverslun\\\/\"},{\"@type\":\"ListItem\",\"position\":3,\"name\":\"BOBRICK RUSLAKARFA 48 L Ry\u00f0fr\u00edtt st\u00e1l\"}]},{\"@type\":\"WebSite\",\"@id\":\"https:\\\/\\\/velarogverkfaeri.is\\\/en\\\/#website\",\"url\":\"https:\\\/\\\/velarogverkfaeri.is\\\/en\\\/\",\"name\":\"V\u00e9lar & Verkf\u00e6ri\",\"description\":\"Umbo\u00f0s- og heildverslun fr\u00e1 \u00e1rinu 1919\",\"publisher\":{\"@id\":\"https:\\\/\\\/velarogverkfaeri.is\\\/en\\\/#organization\"},\"potentialAction\":[{\"@type\":\"SearchAction\",\"target\":{\"@type\":\"EntryPoint\",\"urlTemplate\":\"https:\\\/\\\/velarogverkfaeri.is\\\/en\\\/?s={search_term_string}\"},\"query-input\":{\"@type\":\"PropertyValueSpecification\",\"valueRequired\":true,\"valueName\":\"search_term_string\"}}],\"inLanguage\":\"en-US\"},{\"@type\":\"Organization\",\"@id\":\"https:\\\/\\\/velarogverkfaeri.is\\\/en\\\/#organization\",\"name\":\"V\u00e9lar & Verkf\u00e6ri\",\"url\":\"https:\\\/\\\/velarogverkfaeri.is\\\/en\\\/\",\"logo\":{\"@type\":\"ImageObject\",\"inLanguage\":\"en-US\",\"@id\":\"https:\\\/\\\/velarogverkfaeri.is\\\/en\\\/#\\\/schema\\\/logo\\\/image\\\/\",\"url\":\"https:\\\/\\\/velarogverkfaeri.is\\\/wp-content\\\/uploads\\\/2021\\\/10\\\/vv_logo_350x100.png\",\"contentUrl\":\"https:\\\/\\\/velarogverkfaeri.is\\\/wp-content\\\/uploads\\\/2021\\\/10\\\/vv_logo_350x100.png\",\"width\":350,\"height\":100,\"caption\":\"V\u00e9lar & Verkf\u00e6ri\"},\"image\":{\"@id\":\"https:\\\/\\\/velarogverkfaeri.is\\\/en\\\/#\\\/schema\\\/logo\\\/image\\\/\"},\"sameAs\":[\"https:\\\/\\\/www.facebook.com\\\/VelarOgVerkfaeri\"]}]}<\/script>\n<!-- \/ Yoast SEO plugin. -->","yoast_head_json":{"title":"BOBRICK RUSLAKARFA 48 L Ry\u00f0fr\u00edtt st\u00e1l - V\u00e9lar &amp; Verkf\u00e6ri","robots":{"index":"index","follow":"follow","max-snippet":"max-snippet:-1","max-image-preview":"max-image-preview:large","max-video-preview":"max-video-preview:-1"},"canonical":"https:\/\/velarogverkfaeri.is\/en\/lykillausnir\/heimilid-lykillausnir\/ruslafotur-heimilid-lykillausnir\/product\/bobrick-ruslakarfa-48-ltr-rydfr-b-277\/","og_locale":"en_US","og_type":"article","og_title":"BOBRICK RUSLAKARFA 48 L Ry\u00f0fr\u00edtt st\u00e1l - V\u00e9lar &amp; Verkf\u00e6ri","og_description":"Bobrick B-277 er h\u00e1g\u00e6\u00f0a, hli\u00f0arfest ruslatunna \u00far ry\u00f0fr\u00edu st\u00e1li sem hentar vel \u00e1 opinberum salernum og \u00f6\u00f0rum almenningsr\u00fdmum.&nbsp;","og_url":"https:\/\/velarogverkfaeri.is\/en\/lykillausnir\/heimilid-lykillausnir\/ruslafotur-heimilid-lykillausnir\/product\/bobrick-ruslakarfa-48-ltr-rydfr-b-277\/","og_site_name":"V\u00e9lar &amp; Verkf\u00e6ri","article_publisher":"https:\/\/www.facebook.com\/VelarOgVerkfaeri","article_modified_time":"2026-02-17T11:00:52+00:00","og_image":[{"width":880,"height":1024,"url":"https:\/\/velarogverkfaeri.is\/wp-content\/uploads\/2023\/06\/14b89c08-ed07-471f-80ad-5e5ca8077cfc.jpeg","type":"image\/jpeg"}],"twitter_card":"summary_large_image","schema":{"@context":"https:\/\/schema.org","@graph":[{"@type":"WebPage","@id":"https:\/\/velarogverkfaeri.is\/lykillausnir\/heimilid-lykillausnir\/ruslafotur-heimilid-lykillausnir\/product\/bobrick-ruslakarfa-48-ltr-rydfr-b-277\/","url":"https:\/\/velarogverkfaeri.is\/lykillausnir\/heimilid-lykillausnir\/ruslafotur-heimilid-lykillausnir\/product\/bobrick-ruslakarfa-48-ltr-rydfr-b-277\/","name":"BOBRICK RUSLAKARFA 48 L Ry\u00f0fr\u00edtt st\u00e1l - V\u00e9lar &amp; Verkf\u00e6ri","isPartOf":{"@id":"https:\/\/velarogverkfaeri.is\/en\/#website"},"primaryImageOfPage":{"@id":"https:\/\/velarogverkfaeri.is\/lykillausnir\/heimilid-lykillausnir\/ruslafotur-heimilid-lykillausnir\/product\/bobrick-ruslakarfa-48-ltr-rydfr-b-277\/#primaryimage"},"image":{"@id":"https:\/\/velarogverkfaeri.is\/lykillausnir\/heimilid-lykillausnir\/ruslafotur-heimilid-lykillausnir\/product\/bobrick-ruslakarfa-48-ltr-rydfr-b-277\/#primaryimage"},"thumbnailUrl":"https:\/\/velarogverkfaeri.is\/wp-content\/uploads\/2023\/06\/14b89c08-ed07-471f-80ad-5e5ca8077cfc.jpeg","datePublished":"2023-06-08T19:08:34+00:00","dateModified":"2026-02-17T11:00:52+00:00","breadcrumb":{"@id":"https:\/\/velarogverkfaeri.is\/lykillausnir\/heimilid-lykillausnir\/ruslafotur-heimilid-lykillausnir\/product\/bobrick-ruslakarfa-48-ltr-rydfr-b-277\/#breadcrumb"},"inLanguage":"en-US","potentialAction":[{"@type":"ReadAction","target":["https:\/\/velarogverkfaeri.is\/lykillausnir\/heimilid-lykillausnir\/ruslafotur-heimilid-lykillausnir\/product\/bobrick-ruslakarfa-48-ltr-rydfr-b-277\/"]}]},{"@type":"ImageObject","inLanguage":"en-US","@id":"https:\/\/velarogverkfaeri.is\/lykillausnir\/heimilid-lykillausnir\/ruslafotur-heimilid-lykillausnir\/product\/bobrick-ruslakarfa-48-ltr-rydfr-b-277\/#primaryimage","url":"https:\/\/velarogverkfaeri.is\/wp-content\/uploads\/2023\/06\/14b89c08-ed07-471f-80ad-5e5ca8077cfc.jpeg","contentUrl":"https:\/\/velarogverkfaeri.is\/wp-content\/uploads\/2023\/06\/14b89c08-ed07-471f-80ad-5e5ca8077cfc.jpeg","width":880,"height":1024},{"@type":"BreadcrumbList","@id":"https:\/\/velarogverkfaeri.is\/lykillausnir\/heimilid-lykillausnir\/ruslafotur-heimilid-lykillausnir\/product\/bobrick-ruslakarfa-48-ltr-rydfr-b-277\/#breadcrumb","itemListElement":[{"@type":"ListItem","position":1,"name":"Home","item":"https:\/\/velarogverkfaeri.is\/"},{"@type":"ListItem","position":2,"name":"Vefverslun","item":"https:\/\/velarogverkfaeri.is\/vefverslun\/"},{"@type":"ListItem","position":3,"name":"BOBRICK RUSLAKARFA 48 L Ry\u00f0fr\u00edtt st\u00e1l"}]},{"@type":"WebSite","@id":"https:\/\/velarogverkfaeri.is\/en\/#website","url":"https:\/\/velarogverkfaeri.is\/en\/","name":"V\u00e9lar & Verkf\u00e6ri","description":"Umbo\u00f0s- og heildverslun fr\u00e1 \u00e1rinu 1919","publisher":{"@id":"https:\/\/velarogverkfaeri.is\/en\/#organization"},"potentialAction":[{"@type":"SearchAction","target":{"@type":"EntryPoint","urlTemplate":"https:\/\/velarogverkfaeri.is\/en\/?s={search_term_string}"},"query-input":{"@type":"PropertyValueSpecification","valueRequired":true,"valueName":"search_term_string"}}],"inLanguage":"en-US"},{"@type":"Organization","@id":"https:\/\/velarogverkfaeri.is\/en\/#organization","name":"V\u00e9lar & Verkf\u00e6ri","url":"https:\/\/velarogverkfaeri.is\/en\/","logo":{"@type":"ImageObject","inLanguage":"en-US","@id":"https:\/\/velarogverkfaeri.is\/en\/#\/schema\/logo\/image\/","url":"https:\/\/velarogverkfaeri.is\/wp-content\/uploads\/2021\/10\/vv_logo_350x100.png","contentUrl":"https:\/\/velarogverkfaeri.is\/wp-content\/uploads\/2021\/10\/vv_logo_350x100.png","width":350,"height":100,"caption":"V\u00e9lar & Verkf\u00e6ri"},"image":{"@id":"https:\/\/velarogverkfaeri.is\/en\/#\/schema\/logo\/image\/"},"sameAs":["https:\/\/www.facebook.com\/VelarOgVerkfaeri"]}]}},"_links":{"self":[{"href":"https:\/\/velarogverkfaeri.is\/en\/wp-json\/wp\/v2\/product\/24772","targetHints":{"allow":["GET"]}}],"collection":[{"href":"https:\/\/velarogverkfaeri.is\/en\/wp-json\/wp\/v2\/product"}],"about":[{"href":"https:\/\/velarogverkfaeri.is\/en\/wp-json\/wp\/v2\/types\/product"}],"replies":[{"embeddable":true,"href":"https:\/\/velarogverkfaeri.is\/en\/wp-json\/wp\/v2\/comments?post=24772"}],"wp:featuredmedia":[{"embeddable":true,"href":"https:\/\/velarogverkfaeri.is\/en\/wp-json\/wp\/v2\/media\/38076"}],"wp:attachment":[{"href":"https:\/\/velarogverkfaeri.is\/en\/wp-json\/wp\/v2\/media?parent=24772"}],"wp:term":[{"taxonomy":"product_brand","embeddable":true,"href":"https:\/\/velarogverkfaeri.is\/en\/wp-json\/wp\/v2\/product_brand?post=24772"},{"taxonomy":"product_cat","embeddable":true,"href":"https:\/\/velarogverkfaeri.is\/en\/wp-json\/wp\/v2\/product_cat?post=24772"},{"taxonomy":"product_tag","embeddable":true,"href":"https:\/\/velarogverkfaeri.is\/en\/wp-json\/wp\/v2\/product_tag?post=24772"}],"curies":[{"name":"wp","href":"https:\/\/api.w.org\/{rel}","templated":true}]}}