{"id":24733,"date":"2023-06-07T14:23:16","date_gmt":"2023-06-07T14:23:16","guid":{"rendered":"https:\/\/vv-dev.webdev.is\/?post_type=product&#038;p=24733"},"modified":"2026-03-10T12:45:32","modified_gmt":"2026-03-10T12:45:32","slug":"frost-nova2-snagi-6l-svartur-2-stk","status":"publish","type":"product","link":"https:\/\/velarogverkfaeri.is\/en\/honnunarlausnir\/fataskipulag-honnunarlausnir\/snagar-fataskipulag-honnunarlausnir\/product\/frost-nova2-snagi-6l-svartur-2-stk\/","title":{"rendered":"FROST NOVA2 Snagi 6L &#8211; Svartur (2 stk)"},"content":{"rendered":"<p>D&#253;pt: 50 mm<br \/>&#222;verm&#225;l: &#216;25\/32mm<br \/>&#222;yngd: 0,45 kg.<br \/>H&#246;nnun: B&#248;nnelycke mdd<br \/>Efni: Ry&#240;fr&#237;tt st&#225;l<br \/>Litur: Svartur<\/p>\n<p>Lei&#240;beiningar um uppsetningu m&#225; finna <a href=\"https:\/\/www.frost.dk\/productfiles\/N19011N19012_X19012_1.pdf\">h&#233;r<\/a>.<\/p>","protected":false},"excerpt":{"rendered":"<p>St\u00edlhreinir snagar fr\u00e1 FROST \u00far NOVA2 v\u00f6rul\u00ednunni. H\u00e6gt a\u00f0 nota \u00e1 ba\u00f0herbergi, eldh\u00fasi, ganginum o.s.frv. 2stk saman. . <br><br \/>\n<br><br \/>\nSnagarnir eru framleiddir \u00ed \u00e1fer\u00f0unum: Ry\u00f0fr\u00edtt st\u00e1l, p\u00f3lera\u00f0 st\u00e1l, kopar, mattkopar, gull (messing), mattgull (mattmessing), hv\u00edtt, svart, mattsvart.<\/p>","protected":false},"featured_media":36138,"comment_status":"closed","ping_status":"closed","template":"","meta":[],"product_brand":[],"product_cat":[543,518,825],"product_tag":[1012,1014,1078],"class_list":{"0":"post-24733","1":"product","2":"type-product","3":"status-publish","4":"has-post-thumbnail","6":"product_cat-fataskipulag-honnunarlausnir","7":"product_cat-honnunarlausnir","8":"product_cat-snagar-fataskipulag-honnunarlausnir","9":"product_tag-frost","10":"product_tag-frostsnagar","11":"product_tag-mattsvart","13":"first","14":"instock","15":"taxable","16":"shipping-taxable","17":"purchasable","18":"product-type-simple"},"yoast_head":"<!-- This site is optimized with the Yoast SEO plugin v27.3 - https:\/\/yoast.com\/product\/yoast-seo-wordpress\/ -->\n<title>FROST NOVA2 Snagi 6L - Svartur (2 stk) - V\u00e9lar &amp; Verkf\u00e6ri<\/title>\n<meta name=\"robots\" content=\"index, follow, max-snippet:-1, max-image-preview:large, max-video-preview:-1\" \/>\n<link rel=\"canonical\" href=\"https:\/\/velarogverkfaeri.is\/en\/lykillausnir\/heimilid-lykillausnir\/snagar-heimilid-lykillausnir\/product\/frost-nova2-snagi-6l-svartur-2-stk\/\" \/>\n<meta property=\"og:locale\" content=\"en_US\" \/>\n<meta property=\"og:type\" content=\"article\" \/>\n<meta property=\"og:title\" content=\"FROST NOVA2 Snagi 6L - Svartur (2 stk) - V\u00e9lar &amp; Verkf\u00e6ri\" \/>\n<meta property=\"og:description\" content=\"St\u00edlhreinir snagar fr\u00e1 FROST \u00far NOVA2 v\u00f6rul\u00ednunni. H\u00e6gt a\u00f0 nota \u00e1 ba\u00f0herbergi, eldh\u00fasi, ganginum o.s.frv. 2stk saman. .  Snagarnir eru framleiddir \u00ed \u00e1fer\u00f0unum: Ry\u00f0fr\u00edtt st\u00e1l, p\u00f3lera\u00f0 st\u00e1l, kopar, mattkopar, gull (messing), mattgull (mattmessing), hv\u00edtt, svart, mattsvart.\" \/>\n<meta property=\"og:url\" content=\"https:\/\/velarogverkfaeri.is\/en\/lykillausnir\/heimilid-lykillausnir\/snagar-heimilid-lykillausnir\/product\/frost-nova2-snagi-6l-svartur-2-stk\/\" \/>\n<meta property=\"og:site_name\" content=\"V\u00e9lar &amp; Verkf\u00e6ri\" \/>\n<meta property=\"article:publisher\" content=\"https:\/\/www.facebook.com\/VelarOgVerkfaeri\" \/>\n<meta property=\"article:modified_time\" content=\"2026-03-10T12:45:32+00:00\" \/>\n<meta property=\"og:image\" content=\"https:\/\/velarogverkfaeri.is\/wp-content\/uploads\/2023\/06\/4e1243da-4d1b-4085-9e4a-739dbe6e3f42.jpeg\" \/>\n\t<meta property=\"og:image:width\" content=\"619\" \/>\n\t<meta property=\"og:image:height\" content=\"655\" \/>\n\t<meta property=\"og:image:type\" content=\"image\/jpeg\" \/>\n<meta name=\"twitter:card\" content=\"summary_large_image\" \/>\n<script type=\"application\/ld+json\" class=\"yoast-schema-graph\">{\"@context\":\"https:\\\/\\\/schema.org\",\"@graph\":[{\"@type\":\"WebPage\",\"@id\":\"https:\\\/\\\/velarogverkfaeri.is\\\/lykillausnir\\\/heimilid-lykillausnir\\\/snagar-heimilid-lykillausnir\\\/product\\\/frost-nova2-snagi-6l-svartur-2-stk\\\/\",\"url\":\"https:\\\/\\\/velarogverkfaeri.is\\\/lykillausnir\\\/heimilid-lykillausnir\\\/snagar-heimilid-lykillausnir\\\/product\\\/frost-nova2-snagi-6l-svartur-2-stk\\\/\",\"name\":\"FROST NOVA2 Snagi 6L - Svartur (2 stk) - V\u00e9lar &amp; Verkf\u00e6ri\",\"isPartOf\":{\"@id\":\"https:\\\/\\\/velarogverkfaeri.is\\\/en\\\/#website\"},\"primaryImageOfPage\":{\"@id\":\"https:\\\/\\\/velarogverkfaeri.is\\\/lykillausnir\\\/heimilid-lykillausnir\\\/snagar-heimilid-lykillausnir\\\/product\\\/frost-nova2-snagi-6l-svartur-2-stk\\\/#primaryimage\"},\"image\":{\"@id\":\"https:\\\/\\\/velarogverkfaeri.is\\\/lykillausnir\\\/heimilid-lykillausnir\\\/snagar-heimilid-lykillausnir\\\/product\\\/frost-nova2-snagi-6l-svartur-2-stk\\\/#primaryimage\"},\"thumbnailUrl\":\"https:\\\/\\\/velarogverkfaeri.is\\\/wp-content\\\/uploads\\\/2023\\\/06\\\/4e1243da-4d1b-4085-9e4a-739dbe6e3f42.jpeg\",\"datePublished\":\"2023-06-07T14:23:16+00:00\",\"dateModified\":\"2026-03-10T12:45:32+00:00\",\"breadcrumb\":{\"@id\":\"https:\\\/\\\/velarogverkfaeri.is\\\/lykillausnir\\\/heimilid-lykillausnir\\\/snagar-heimilid-lykillausnir\\\/product\\\/frost-nova2-snagi-6l-svartur-2-stk\\\/#breadcrumb\"},\"inLanguage\":\"en-US\",\"potentialAction\":[{\"@type\":\"ReadAction\",\"target\":[\"https:\\\/\\\/velarogverkfaeri.is\\\/lykillausnir\\\/heimilid-lykillausnir\\\/snagar-heimilid-lykillausnir\\\/product\\\/frost-nova2-snagi-6l-svartur-2-stk\\\/\"]}]},{\"@type\":\"ImageObject\",\"inLanguage\":\"en-US\",\"@id\":\"https:\\\/\\\/velarogverkfaeri.is\\\/lykillausnir\\\/heimilid-lykillausnir\\\/snagar-heimilid-lykillausnir\\\/product\\\/frost-nova2-snagi-6l-svartur-2-stk\\\/#primaryimage\",\"url\":\"https:\\\/\\\/velarogverkfaeri.is\\\/wp-content\\\/uploads\\\/2023\\\/06\\\/4e1243da-4d1b-4085-9e4a-739dbe6e3f42.jpeg\",\"contentUrl\":\"https:\\\/\\\/velarogverkfaeri.is\\\/wp-content\\\/uploads\\\/2023\\\/06\\\/4e1243da-4d1b-4085-9e4a-739dbe6e3f42.jpeg\",\"width\":619,\"height\":655},{\"@type\":\"BreadcrumbList\",\"@id\":\"https:\\\/\\\/velarogverkfaeri.is\\\/lykillausnir\\\/heimilid-lykillausnir\\\/snagar-heimilid-lykillausnir\\\/product\\\/frost-nova2-snagi-6l-svartur-2-stk\\\/#breadcrumb\",\"itemListElement\":[{\"@type\":\"ListItem\",\"position\":1,\"name\":\"Home\",\"item\":\"https:\\\/\\\/velarogverkfaeri.is\\\/\"},{\"@type\":\"ListItem\",\"position\":2,\"name\":\"Vefverslun\",\"item\":\"https:\\\/\\\/velarogverkfaeri.is\\\/vefverslun\\\/\"},{\"@type\":\"ListItem\",\"position\":3,\"name\":\"FROST NOVA2 Snagi 6L &#8211; Svartur (2 stk)\"}]},{\"@type\":\"WebSite\",\"@id\":\"https:\\\/\\\/velarogverkfaeri.is\\\/en\\\/#website\",\"url\":\"https:\\\/\\\/velarogverkfaeri.is\\\/en\\\/\",\"name\":\"V\u00e9lar & Verkf\u00e6ri\",\"description\":\"Umbo\u00f0s- og heildverslun fr\u00e1 \u00e1rinu 1919\",\"publisher\":{\"@id\":\"https:\\\/\\\/velarogverkfaeri.is\\\/en\\\/#organization\"},\"potentialAction\":[{\"@type\":\"SearchAction\",\"target\":{\"@type\":\"EntryPoint\",\"urlTemplate\":\"https:\\\/\\\/velarogverkfaeri.is\\\/en\\\/?s={search_term_string}\"},\"query-input\":{\"@type\":\"PropertyValueSpecification\",\"valueRequired\":true,\"valueName\":\"search_term_string\"}}],\"inLanguage\":\"en-US\"},{\"@type\":\"Organization\",\"@id\":\"https:\\\/\\\/velarogverkfaeri.is\\\/en\\\/#organization\",\"name\":\"V\u00e9lar & Verkf\u00e6ri\",\"url\":\"https:\\\/\\\/velarogverkfaeri.is\\\/en\\\/\",\"logo\":{\"@type\":\"ImageObject\",\"inLanguage\":\"en-US\",\"@id\":\"https:\\\/\\\/velarogverkfaeri.is\\\/en\\\/#\\\/schema\\\/logo\\\/image\\\/\",\"url\":\"https:\\\/\\\/velarogverkfaeri.is\\\/wp-content\\\/uploads\\\/2021\\\/10\\\/vv_logo_350x100.png\",\"contentUrl\":\"https:\\\/\\\/velarogverkfaeri.is\\\/wp-content\\\/uploads\\\/2021\\\/10\\\/vv_logo_350x100.png\",\"width\":350,\"height\":100,\"caption\":\"V\u00e9lar & Verkf\u00e6ri\"},\"image\":{\"@id\":\"https:\\\/\\\/velarogverkfaeri.is\\\/en\\\/#\\\/schema\\\/logo\\\/image\\\/\"},\"sameAs\":[\"https:\\\/\\\/www.facebook.com\\\/VelarOgVerkfaeri\"]}]}<\/script>\n<!-- \/ Yoast SEO plugin. -->","yoast_head_json":{"title":"FROST NOVA2 Snagi 6L - Svartur (2 stk) - V\u00e9lar &amp; Verkf\u00e6ri","robots":{"index":"index","follow":"follow","max-snippet":"max-snippet:-1","max-image-preview":"max-image-preview:large","max-video-preview":"max-video-preview:-1"},"canonical":"https:\/\/velarogverkfaeri.is\/en\/lykillausnir\/heimilid-lykillausnir\/snagar-heimilid-lykillausnir\/product\/frost-nova2-snagi-6l-svartur-2-stk\/","og_locale":"en_US","og_type":"article","og_title":"FROST NOVA2 Snagi 6L - Svartur (2 stk) - V\u00e9lar &amp; Verkf\u00e6ri","og_description":"St\u00edlhreinir snagar fr\u00e1 FROST \u00far NOVA2 v\u00f6rul\u00ednunni. H\u00e6gt a\u00f0 nota \u00e1 ba\u00f0herbergi, eldh\u00fasi, ganginum o.s.frv. 2stk saman. .  Snagarnir eru framleiddir \u00ed \u00e1fer\u00f0unum: Ry\u00f0fr\u00edtt st\u00e1l, p\u00f3lera\u00f0 st\u00e1l, kopar, mattkopar, gull (messing), mattgull (mattmessing), hv\u00edtt, svart, mattsvart.","og_url":"https:\/\/velarogverkfaeri.is\/en\/lykillausnir\/heimilid-lykillausnir\/snagar-heimilid-lykillausnir\/product\/frost-nova2-snagi-6l-svartur-2-stk\/","og_site_name":"V\u00e9lar &amp; Verkf\u00e6ri","article_publisher":"https:\/\/www.facebook.com\/VelarOgVerkfaeri","article_modified_time":"2026-03-10T12:45:32+00:00","og_image":[{"width":619,"height":655,"url":"https:\/\/velarogverkfaeri.is\/wp-content\/uploads\/2023\/06\/4e1243da-4d1b-4085-9e4a-739dbe6e3f42.jpeg","type":"image\/jpeg"}],"twitter_card":"summary_large_image","schema":{"@context":"https:\/\/schema.org","@graph":[{"@type":"WebPage","@id":"https:\/\/velarogverkfaeri.is\/lykillausnir\/heimilid-lykillausnir\/snagar-heimilid-lykillausnir\/product\/frost-nova2-snagi-6l-svartur-2-stk\/","url":"https:\/\/velarogverkfaeri.is\/lykillausnir\/heimilid-lykillausnir\/snagar-heimilid-lykillausnir\/product\/frost-nova2-snagi-6l-svartur-2-stk\/","name":"FROST NOVA2 Snagi 6L - Svartur (2 stk) - V\u00e9lar &amp; Verkf\u00e6ri","isPartOf":{"@id":"https:\/\/velarogverkfaeri.is\/en\/#website"},"primaryImageOfPage":{"@id":"https:\/\/velarogverkfaeri.is\/lykillausnir\/heimilid-lykillausnir\/snagar-heimilid-lykillausnir\/product\/frost-nova2-snagi-6l-svartur-2-stk\/#primaryimage"},"image":{"@id":"https:\/\/velarogverkfaeri.is\/lykillausnir\/heimilid-lykillausnir\/snagar-heimilid-lykillausnir\/product\/frost-nova2-snagi-6l-svartur-2-stk\/#primaryimage"},"thumbnailUrl":"https:\/\/velarogverkfaeri.is\/wp-content\/uploads\/2023\/06\/4e1243da-4d1b-4085-9e4a-739dbe6e3f42.jpeg","datePublished":"2023-06-07T14:23:16+00:00","dateModified":"2026-03-10T12:45:32+00:00","breadcrumb":{"@id":"https:\/\/velarogverkfaeri.is\/lykillausnir\/heimilid-lykillausnir\/snagar-heimilid-lykillausnir\/product\/frost-nova2-snagi-6l-svartur-2-stk\/#breadcrumb"},"inLanguage":"en-US","potentialAction":[{"@type":"ReadAction","target":["https:\/\/velarogverkfaeri.is\/lykillausnir\/heimilid-lykillausnir\/snagar-heimilid-lykillausnir\/product\/frost-nova2-snagi-6l-svartur-2-stk\/"]}]},{"@type":"ImageObject","inLanguage":"en-US","@id":"https:\/\/velarogverkfaeri.is\/lykillausnir\/heimilid-lykillausnir\/snagar-heimilid-lykillausnir\/product\/frost-nova2-snagi-6l-svartur-2-stk\/#primaryimage","url":"https:\/\/velarogverkfaeri.is\/wp-content\/uploads\/2023\/06\/4e1243da-4d1b-4085-9e4a-739dbe6e3f42.jpeg","contentUrl":"https:\/\/velarogverkfaeri.is\/wp-content\/uploads\/2023\/06\/4e1243da-4d1b-4085-9e4a-739dbe6e3f42.jpeg","width":619,"height":655},{"@type":"BreadcrumbList","@id":"https:\/\/velarogverkfaeri.is\/lykillausnir\/heimilid-lykillausnir\/snagar-heimilid-lykillausnir\/product\/frost-nova2-snagi-6l-svartur-2-stk\/#breadcrumb","itemListElement":[{"@type":"ListItem","position":1,"name":"Home","item":"https:\/\/velarogverkfaeri.is\/"},{"@type":"ListItem","position":2,"name":"Vefverslun","item":"https:\/\/velarogverkfaeri.is\/vefverslun\/"},{"@type":"ListItem","position":3,"name":"FROST NOVA2 Snagi 6L &#8211; Svartur (2 stk)"}]},{"@type":"WebSite","@id":"https:\/\/velarogverkfaeri.is\/en\/#website","url":"https:\/\/velarogverkfaeri.is\/en\/","name":"V\u00e9lar & Verkf\u00e6ri","description":"Umbo\u00f0s- og heildverslun fr\u00e1 \u00e1rinu 1919","publisher":{"@id":"https:\/\/velarogverkfaeri.is\/en\/#organization"},"potentialAction":[{"@type":"SearchAction","target":{"@type":"EntryPoint","urlTemplate":"https:\/\/velarogverkfaeri.is\/en\/?s={search_term_string}"},"query-input":{"@type":"PropertyValueSpecification","valueRequired":true,"valueName":"search_term_string"}}],"inLanguage":"en-US"},{"@type":"Organization","@id":"https:\/\/velarogverkfaeri.is\/en\/#organization","name":"V\u00e9lar & Verkf\u00e6ri","url":"https:\/\/velarogverkfaeri.is\/en\/","logo":{"@type":"ImageObject","inLanguage":"en-US","@id":"https:\/\/velarogverkfaeri.is\/en\/#\/schema\/logo\/image\/","url":"https:\/\/velarogverkfaeri.is\/wp-content\/uploads\/2021\/10\/vv_logo_350x100.png","contentUrl":"https:\/\/velarogverkfaeri.is\/wp-content\/uploads\/2021\/10\/vv_logo_350x100.png","width":350,"height":100,"caption":"V\u00e9lar & Verkf\u00e6ri"},"image":{"@id":"https:\/\/velarogverkfaeri.is\/en\/#\/schema\/logo\/image\/"},"sameAs":["https:\/\/www.facebook.com\/VelarOgVerkfaeri"]}]}},"_links":{"self":[{"href":"https:\/\/velarogverkfaeri.is\/en\/wp-json\/wp\/v2\/product\/24733","targetHints":{"allow":["GET"]}}],"collection":[{"href":"https:\/\/velarogverkfaeri.is\/en\/wp-json\/wp\/v2\/product"}],"about":[{"href":"https:\/\/velarogverkfaeri.is\/en\/wp-json\/wp\/v2\/types\/product"}],"replies":[{"embeddable":true,"href":"https:\/\/velarogverkfaeri.is\/en\/wp-json\/wp\/v2\/comments?post=24733"}],"wp:featuredmedia":[{"embeddable":true,"href":"https:\/\/velarogverkfaeri.is\/en\/wp-json\/wp\/v2\/media\/36138"}],"wp:attachment":[{"href":"https:\/\/velarogverkfaeri.is\/en\/wp-json\/wp\/v2\/media?parent=24733"}],"wp:term":[{"taxonomy":"product_brand","embeddable":true,"href":"https:\/\/velarogverkfaeri.is\/en\/wp-json\/wp\/v2\/product_brand?post=24733"},{"taxonomy":"product_cat","embeddable":true,"href":"https:\/\/velarogverkfaeri.is\/en\/wp-json\/wp\/v2\/product_cat?post=24733"},{"taxonomy":"product_tag","embeddable":true,"href":"https:\/\/velarogverkfaeri.is\/en\/wp-json\/wp\/v2\/product_tag?post=24733"}],"curies":[{"name":"wp","href":"https:\/\/api.w.org\/{rel}","templated":true}]}}