{"id":24617,"date":"2023-04-28T17:46:34","date_gmt":"2023-04-28T17:46:34","guid":{"rendered":"https:\/\/vv-dev.webdev.is\/?post_type=product&#038;p=24617"},"modified":"2026-02-04T16:01:32","modified_gmt":"2026-02-04T16:01:32","slug":"stayer-borhamar-hledslu-18v-rocky-l20-lausu-an-rafhlada-eda-hledslutaekis","status":"publish","type":"product","link":"https:\/\/velarogverkfaeri.is\/en\/verkfaeralausnir\/rafmagnsverkfaeri\/borhamrar\/product\/stayer-borhamar-hledslu-18v-rocky-l20-lausu-an-rafhlada-eda-hledslutaekis\/","title":{"rendered":"STAYER Borhamar Hle\u00f0slu 18V ROCKY L20 -LAUSU \u00c1N RAFHLA\u00d0A E\u00d0A HLE\u00d0SLUT\u00c6KIS-"},"content":{"rendered":"<table style=\"height: 181px;\" width=\"490\">\n<tbody>\n<tr>\n<td>Spenna&#160;<\/td>\n<td>18 V<\/td>\n<\/tr>\n<tr>\n<td>H&#246;gg T&#237;&#240;ni<\/td>\n<td>0-5000 \/ min<\/td>\n<\/tr>\n<tr>\n<td>H&#246;gg Kraftur<\/td>\n<td>1.1 J<\/td>\n<\/tr>\n<tr>\n<td>&#222;yngd<\/td>\n<td>1.2 Kg<\/td>\n<\/tr>\n<tr>\n<td>Borgeta &#237; Steypu<\/td>\n<td>16mm<\/td>\n<\/tr>\n<tr>\n<td>Borgeta &#237;&#160;Tr&#233;<\/td>\n<td>25mm<\/td>\n<\/tr>\n<tr>\n<td>Borgeta &#237; St&#225;l<\/td>\n<td>13mm<\/td>\n<\/tr>\n<\/tbody>\n<\/table>","protected":false},"excerpt":{"rendered":"<p>ATH. EINUNGIS 1 STK TIL \u00c1 LAGER<\/p>\n<p>\u00der\u00e1\u00f0laus SDS-PLUS Borhamar me\u00f0 \u00f6flugum 755 m\u00f3tor.&nbsp;<\/p>\n<\/p>\n<p>2 a\u00f0ger\u00f0ir: Boranir \u00e1n h\u00f6ggs: fyrir m\u00e1lm, tr\u00e9 og plast.<\/p>\n<\/p>\n<p>H\u00f6ggboranir: fyrir byggingarefni.&nbsp;<\/p><\/p>","protected":false},"featured_media":27762,"comment_status":"closed","ping_status":"closed","template":"","meta":[],"product_brand":[],"product_cat":[728,592,515],"product_tag":[],"class_list":{"0":"post-24617","1":"product","2":"type-product","3":"status-publish","4":"has-post-thumbnail","6":"product_cat-borhamrar","7":"product_cat-rafmagnsverkfaeri","8":"product_cat-verkfaeralausnir","10":"first","11":"instock","12":"taxable","13":"shipping-taxable","14":"purchasable","15":"product-type-simple"},"yoast_head":"<!-- This site is optimized with the Yoast SEO plugin v27.3 - https:\/\/yoast.com\/product\/yoast-seo-wordpress\/ -->\n<title>STAYER Borhamar Hle\u00f0slu 18V ROCKY L20 -LAUSU \u00c1N RAFHLA\u00d0A E\u00d0A HLE\u00d0SLUT\u00c6KIS- V\u00e9lar &amp; Verkf\u00e6ri<\/title>\n<meta name=\"robots\" content=\"index, follow, max-snippet:-1, max-image-preview:large, max-video-preview:-1\" \/>\n<link rel=\"canonical\" href=\"https:\/\/velarogverkfaeri.is\/en\/verkfaeralausnir\/rafmagnsverkfaeri\/borhamrar\/product\/stayer-borhamar-hledslu-18v-rocky-l20-lausu-an-rafhlada-eda-hledslutaekis\/\" \/>\n<meta property=\"og:locale\" content=\"en_US\" \/>\n<meta property=\"og:type\" content=\"article\" \/>\n<meta property=\"og:title\" content=\"STAYER Borhamar Hle\u00f0slu 18V ROCKY L20 -LAUSU \u00c1N RAFHLA\u00d0A E\u00d0A HLE\u00d0SLUT\u00c6KIS- V\u00e9lar &amp; Verkf\u00e6ri\" \/>\n<meta property=\"og:description\" content=\"ATH. EINUNGIS 1 STK TIL \u00c1 LAGER\u00der\u00e1\u00f0laus SDS-PLUS Borhamar me\u00f0 \u00f6flugum 755 m\u00f3tor.&nbsp; 2 a\u00f0ger\u00f0ir: Boranir \u00e1n h\u00f6ggs: fyrir m\u00e1lm, tr\u00e9 og plast. H\u00f6ggboranir: fyrir byggingarefni.&nbsp;\" \/>\n<meta property=\"og:url\" content=\"https:\/\/velarogverkfaeri.is\/en\/verkfaeralausnir\/rafmagnsverkfaeri\/borhamrar\/product\/stayer-borhamar-hledslu-18v-rocky-l20-lausu-an-rafhlada-eda-hledslutaekis\/\" \/>\n<meta property=\"og:site_name\" content=\"V\u00e9lar &amp; Verkf\u00e6ri\" \/>\n<meta property=\"article:publisher\" content=\"https:\/\/www.facebook.com\/VelarOgVerkfaeri\" \/>\n<meta property=\"article:modified_time\" content=\"2026-02-04T16:01:32+00:00\" \/>\n<meta property=\"og:image\" content=\"https:\/\/velarogverkfaeri.is\/wp-content\/uploads\/2023\/06\/7eeee919-d53b-4c34-871d-bc6f7273474a-scaled.jpeg\" \/>\n\t<meta property=\"og:image:width\" content=\"2525\" \/>\n\t<meta property=\"og:image:height\" content=\"2560\" \/>\n\t<meta property=\"og:image:type\" content=\"image\/jpeg\" \/>\n<meta name=\"twitter:card\" content=\"summary_large_image\" \/>\n<script type=\"application\/ld+json\" class=\"yoast-schema-graph\">{\"@context\":\"https:\\\/\\\/schema.org\",\"@graph\":[{\"@type\":\"WebPage\",\"@id\":\"https:\\\/\\\/velarogverkfaeri.is\\\/verkfaeralausnir\\\/rafmagnsverkfaeri\\\/borhamrar\\\/product\\\/stayer-borhamar-hledslu-18v-rocky-l20-lausu-an-rafhlada-eda-hledslutaekis\\\/\",\"url\":\"https:\\\/\\\/velarogverkfaeri.is\\\/verkfaeralausnir\\\/rafmagnsverkfaeri\\\/borhamrar\\\/product\\\/stayer-borhamar-hledslu-18v-rocky-l20-lausu-an-rafhlada-eda-hledslutaekis\\\/\",\"name\":\"STAYER Borhamar Hle\u00f0slu 18V ROCKY L20 -LAUSU \u00c1N RAFHLA\u00d0A E\u00d0A HLE\u00d0SLUT\u00c6KIS- V\u00e9lar &amp; Verkf\u00e6ri\",\"isPartOf\":{\"@id\":\"https:\\\/\\\/velarogverkfaeri.is\\\/en\\\/#website\"},\"primaryImageOfPage\":{\"@id\":\"https:\\\/\\\/velarogverkfaeri.is\\\/verkfaeralausnir\\\/rafmagnsverkfaeri\\\/borhamrar\\\/product\\\/stayer-borhamar-hledslu-18v-rocky-l20-lausu-an-rafhlada-eda-hledslutaekis\\\/#primaryimage\"},\"image\":{\"@id\":\"https:\\\/\\\/velarogverkfaeri.is\\\/verkfaeralausnir\\\/rafmagnsverkfaeri\\\/borhamrar\\\/product\\\/stayer-borhamar-hledslu-18v-rocky-l20-lausu-an-rafhlada-eda-hledslutaekis\\\/#primaryimage\"},\"thumbnailUrl\":\"https:\\\/\\\/velarogverkfaeri.is\\\/wp-content\\\/uploads\\\/2023\\\/06\\\/7eeee919-d53b-4c34-871d-bc6f7273474a-scaled.jpeg\",\"datePublished\":\"2023-04-28T17:46:34+00:00\",\"dateModified\":\"2026-02-04T16:01:32+00:00\",\"breadcrumb\":{\"@id\":\"https:\\\/\\\/velarogverkfaeri.is\\\/verkfaeralausnir\\\/rafmagnsverkfaeri\\\/borhamrar\\\/product\\\/stayer-borhamar-hledslu-18v-rocky-l20-lausu-an-rafhlada-eda-hledslutaekis\\\/#breadcrumb\"},\"inLanguage\":\"en-US\",\"potentialAction\":[{\"@type\":\"ReadAction\",\"target\":[\"https:\\\/\\\/velarogverkfaeri.is\\\/verkfaeralausnir\\\/rafmagnsverkfaeri\\\/borhamrar\\\/product\\\/stayer-borhamar-hledslu-18v-rocky-l20-lausu-an-rafhlada-eda-hledslutaekis\\\/\"]}]},{\"@type\":\"ImageObject\",\"inLanguage\":\"en-US\",\"@id\":\"https:\\\/\\\/velarogverkfaeri.is\\\/verkfaeralausnir\\\/rafmagnsverkfaeri\\\/borhamrar\\\/product\\\/stayer-borhamar-hledslu-18v-rocky-l20-lausu-an-rafhlada-eda-hledslutaekis\\\/#primaryimage\",\"url\":\"https:\\\/\\\/velarogverkfaeri.is\\\/wp-content\\\/uploads\\\/2023\\\/06\\\/7eeee919-d53b-4c34-871d-bc6f7273474a-scaled.jpeg\",\"contentUrl\":\"https:\\\/\\\/velarogverkfaeri.is\\\/wp-content\\\/uploads\\\/2023\\\/06\\\/7eeee919-d53b-4c34-871d-bc6f7273474a-scaled.jpeg\",\"width\":2525,\"height\":2560},{\"@type\":\"BreadcrumbList\",\"@id\":\"https:\\\/\\\/velarogverkfaeri.is\\\/verkfaeralausnir\\\/rafmagnsverkfaeri\\\/borhamrar\\\/product\\\/stayer-borhamar-hledslu-18v-rocky-l20-lausu-an-rafhlada-eda-hledslutaekis\\\/#breadcrumb\",\"itemListElement\":[{\"@type\":\"ListItem\",\"position\":1,\"name\":\"Home\",\"item\":\"https:\\\/\\\/velarogverkfaeri.is\\\/\"},{\"@type\":\"ListItem\",\"position\":2,\"name\":\"Vefverslun\",\"item\":\"https:\\\/\\\/velarogverkfaeri.is\\\/vefverslun\\\/\"},{\"@type\":\"ListItem\",\"position\":3,\"name\":\"STAYER Borhamar Hle\u00f0slu 18V ROCKY L20 -LAUSU \u00c1N RAFHLA\u00d0A E\u00d0A HLE\u00d0SLUT\u00c6KIS-\"}]},{\"@type\":\"WebSite\",\"@id\":\"https:\\\/\\\/velarogverkfaeri.is\\\/en\\\/#website\",\"url\":\"https:\\\/\\\/velarogverkfaeri.is\\\/en\\\/\",\"name\":\"V\u00e9lar & Verkf\u00e6ri\",\"description\":\"Umbo\u00f0s- og heildverslun fr\u00e1 \u00e1rinu 1919\",\"publisher\":{\"@id\":\"https:\\\/\\\/velarogverkfaeri.is\\\/en\\\/#organization\"},\"potentialAction\":[{\"@type\":\"SearchAction\",\"target\":{\"@type\":\"EntryPoint\",\"urlTemplate\":\"https:\\\/\\\/velarogverkfaeri.is\\\/en\\\/?s={search_term_string}\"},\"query-input\":{\"@type\":\"PropertyValueSpecification\",\"valueRequired\":true,\"valueName\":\"search_term_string\"}}],\"inLanguage\":\"en-US\"},{\"@type\":\"Organization\",\"@id\":\"https:\\\/\\\/velarogverkfaeri.is\\\/en\\\/#organization\",\"name\":\"V\u00e9lar & Verkf\u00e6ri\",\"url\":\"https:\\\/\\\/velarogverkfaeri.is\\\/en\\\/\",\"logo\":{\"@type\":\"ImageObject\",\"inLanguage\":\"en-US\",\"@id\":\"https:\\\/\\\/velarogverkfaeri.is\\\/en\\\/#\\\/schema\\\/logo\\\/image\\\/\",\"url\":\"https:\\\/\\\/velarogverkfaeri.is\\\/wp-content\\\/uploads\\\/2021\\\/10\\\/vv_logo_350x100.png\",\"contentUrl\":\"https:\\\/\\\/velarogverkfaeri.is\\\/wp-content\\\/uploads\\\/2021\\\/10\\\/vv_logo_350x100.png\",\"width\":350,\"height\":100,\"caption\":\"V\u00e9lar & Verkf\u00e6ri\"},\"image\":{\"@id\":\"https:\\\/\\\/velarogverkfaeri.is\\\/en\\\/#\\\/schema\\\/logo\\\/image\\\/\"},\"sameAs\":[\"https:\\\/\\\/www.facebook.com\\\/VelarOgVerkfaeri\"]}]}<\/script>\n<!-- \/ Yoast SEO plugin. -->","yoast_head_json":{"title":"STAYER Borhamar Hle\u00f0slu 18V ROCKY L20 -LAUSU \u00c1N RAFHLA\u00d0A E\u00d0A HLE\u00d0SLUT\u00c6KIS- V\u00e9lar &amp; Verkf\u00e6ri","robots":{"index":"index","follow":"follow","max-snippet":"max-snippet:-1","max-image-preview":"max-image-preview:large","max-video-preview":"max-video-preview:-1"},"canonical":"https:\/\/velarogverkfaeri.is\/en\/verkfaeralausnir\/rafmagnsverkfaeri\/borhamrar\/product\/stayer-borhamar-hledslu-18v-rocky-l20-lausu-an-rafhlada-eda-hledslutaekis\/","og_locale":"en_US","og_type":"article","og_title":"STAYER Borhamar Hle\u00f0slu 18V ROCKY L20 -LAUSU \u00c1N RAFHLA\u00d0A E\u00d0A HLE\u00d0SLUT\u00c6KIS- V\u00e9lar &amp; Verkf\u00e6ri","og_description":"ATH. EINUNGIS 1 STK TIL \u00c1 LAGER\u00der\u00e1\u00f0laus SDS-PLUS Borhamar me\u00f0 \u00f6flugum 755 m\u00f3tor.&nbsp; 2 a\u00f0ger\u00f0ir: Boranir \u00e1n h\u00f6ggs: fyrir m\u00e1lm, tr\u00e9 og plast. H\u00f6ggboranir: fyrir byggingarefni.&nbsp;","og_url":"https:\/\/velarogverkfaeri.is\/en\/verkfaeralausnir\/rafmagnsverkfaeri\/borhamrar\/product\/stayer-borhamar-hledslu-18v-rocky-l20-lausu-an-rafhlada-eda-hledslutaekis\/","og_site_name":"V\u00e9lar &amp; Verkf\u00e6ri","article_publisher":"https:\/\/www.facebook.com\/VelarOgVerkfaeri","article_modified_time":"2026-02-04T16:01:32+00:00","og_image":[{"width":2525,"height":2560,"url":"https:\/\/velarogverkfaeri.is\/wp-content\/uploads\/2023\/06\/7eeee919-d53b-4c34-871d-bc6f7273474a-scaled.jpeg","type":"image\/jpeg"}],"twitter_card":"summary_large_image","schema":{"@context":"https:\/\/schema.org","@graph":[{"@type":"WebPage","@id":"https:\/\/velarogverkfaeri.is\/verkfaeralausnir\/rafmagnsverkfaeri\/borhamrar\/product\/stayer-borhamar-hledslu-18v-rocky-l20-lausu-an-rafhlada-eda-hledslutaekis\/","url":"https:\/\/velarogverkfaeri.is\/verkfaeralausnir\/rafmagnsverkfaeri\/borhamrar\/product\/stayer-borhamar-hledslu-18v-rocky-l20-lausu-an-rafhlada-eda-hledslutaekis\/","name":"STAYER Borhamar Hle\u00f0slu 18V ROCKY L20 -LAUSU \u00c1N RAFHLA\u00d0A E\u00d0A HLE\u00d0SLUT\u00c6KIS- V\u00e9lar &amp; Verkf\u00e6ri","isPartOf":{"@id":"https:\/\/velarogverkfaeri.is\/en\/#website"},"primaryImageOfPage":{"@id":"https:\/\/velarogverkfaeri.is\/verkfaeralausnir\/rafmagnsverkfaeri\/borhamrar\/product\/stayer-borhamar-hledslu-18v-rocky-l20-lausu-an-rafhlada-eda-hledslutaekis\/#primaryimage"},"image":{"@id":"https:\/\/velarogverkfaeri.is\/verkfaeralausnir\/rafmagnsverkfaeri\/borhamrar\/product\/stayer-borhamar-hledslu-18v-rocky-l20-lausu-an-rafhlada-eda-hledslutaekis\/#primaryimage"},"thumbnailUrl":"https:\/\/velarogverkfaeri.is\/wp-content\/uploads\/2023\/06\/7eeee919-d53b-4c34-871d-bc6f7273474a-scaled.jpeg","datePublished":"2023-04-28T17:46:34+00:00","dateModified":"2026-02-04T16:01:32+00:00","breadcrumb":{"@id":"https:\/\/velarogverkfaeri.is\/verkfaeralausnir\/rafmagnsverkfaeri\/borhamrar\/product\/stayer-borhamar-hledslu-18v-rocky-l20-lausu-an-rafhlada-eda-hledslutaekis\/#breadcrumb"},"inLanguage":"en-US","potentialAction":[{"@type":"ReadAction","target":["https:\/\/velarogverkfaeri.is\/verkfaeralausnir\/rafmagnsverkfaeri\/borhamrar\/product\/stayer-borhamar-hledslu-18v-rocky-l20-lausu-an-rafhlada-eda-hledslutaekis\/"]}]},{"@type":"ImageObject","inLanguage":"en-US","@id":"https:\/\/velarogverkfaeri.is\/verkfaeralausnir\/rafmagnsverkfaeri\/borhamrar\/product\/stayer-borhamar-hledslu-18v-rocky-l20-lausu-an-rafhlada-eda-hledslutaekis\/#primaryimage","url":"https:\/\/velarogverkfaeri.is\/wp-content\/uploads\/2023\/06\/7eeee919-d53b-4c34-871d-bc6f7273474a-scaled.jpeg","contentUrl":"https:\/\/velarogverkfaeri.is\/wp-content\/uploads\/2023\/06\/7eeee919-d53b-4c34-871d-bc6f7273474a-scaled.jpeg","width":2525,"height":2560},{"@type":"BreadcrumbList","@id":"https:\/\/velarogverkfaeri.is\/verkfaeralausnir\/rafmagnsverkfaeri\/borhamrar\/product\/stayer-borhamar-hledslu-18v-rocky-l20-lausu-an-rafhlada-eda-hledslutaekis\/#breadcrumb","itemListElement":[{"@type":"ListItem","position":1,"name":"Home","item":"https:\/\/velarogverkfaeri.is\/"},{"@type":"ListItem","position":2,"name":"Vefverslun","item":"https:\/\/velarogverkfaeri.is\/vefverslun\/"},{"@type":"ListItem","position":3,"name":"STAYER Borhamar Hle\u00f0slu 18V ROCKY L20 -LAUSU \u00c1N RAFHLA\u00d0A E\u00d0A HLE\u00d0SLUT\u00c6KIS-"}]},{"@type":"WebSite","@id":"https:\/\/velarogverkfaeri.is\/en\/#website","url":"https:\/\/velarogverkfaeri.is\/en\/","name":"V\u00e9lar & Verkf\u00e6ri","description":"Umbo\u00f0s- og heildverslun fr\u00e1 \u00e1rinu 1919","publisher":{"@id":"https:\/\/velarogverkfaeri.is\/en\/#organization"},"potentialAction":[{"@type":"SearchAction","target":{"@type":"EntryPoint","urlTemplate":"https:\/\/velarogverkfaeri.is\/en\/?s={search_term_string}"},"query-input":{"@type":"PropertyValueSpecification","valueRequired":true,"valueName":"search_term_string"}}],"inLanguage":"en-US"},{"@type":"Organization","@id":"https:\/\/velarogverkfaeri.is\/en\/#organization","name":"V\u00e9lar & Verkf\u00e6ri","url":"https:\/\/velarogverkfaeri.is\/en\/","logo":{"@type":"ImageObject","inLanguage":"en-US","@id":"https:\/\/velarogverkfaeri.is\/en\/#\/schema\/logo\/image\/","url":"https:\/\/velarogverkfaeri.is\/wp-content\/uploads\/2021\/10\/vv_logo_350x100.png","contentUrl":"https:\/\/velarogverkfaeri.is\/wp-content\/uploads\/2021\/10\/vv_logo_350x100.png","width":350,"height":100,"caption":"V\u00e9lar & Verkf\u00e6ri"},"image":{"@id":"https:\/\/velarogverkfaeri.is\/en\/#\/schema\/logo\/image\/"},"sameAs":["https:\/\/www.facebook.com\/VelarOgVerkfaeri"]}]}},"_links":{"self":[{"href":"https:\/\/velarogverkfaeri.is\/en\/wp-json\/wp\/v2\/product\/24617","targetHints":{"allow":["GET"]}}],"collection":[{"href":"https:\/\/velarogverkfaeri.is\/en\/wp-json\/wp\/v2\/product"}],"about":[{"href":"https:\/\/velarogverkfaeri.is\/en\/wp-json\/wp\/v2\/types\/product"}],"replies":[{"embeddable":true,"href":"https:\/\/velarogverkfaeri.is\/en\/wp-json\/wp\/v2\/comments?post=24617"}],"wp:featuredmedia":[{"embeddable":true,"href":"https:\/\/velarogverkfaeri.is\/en\/wp-json\/wp\/v2\/media\/27762"}],"wp:attachment":[{"href":"https:\/\/velarogverkfaeri.is\/en\/wp-json\/wp\/v2\/media?parent=24617"}],"wp:term":[{"taxonomy":"product_brand","embeddable":true,"href":"https:\/\/velarogverkfaeri.is\/en\/wp-json\/wp\/v2\/product_brand?post=24617"},{"taxonomy":"product_cat","embeddable":true,"href":"https:\/\/velarogverkfaeri.is\/en\/wp-json\/wp\/v2\/product_cat?post=24617"},{"taxonomy":"product_tag","embeddable":true,"href":"https:\/\/velarogverkfaeri.is\/en\/wp-json\/wp\/v2\/product_tag?post=24617"}],"curies":[{"name":"wp","href":"https:\/\/api.w.org\/{rel}","templated":true}]}}