{"id":24586,"date":"2023-04-28T17:46:45","date_gmt":"2023-04-28T17:46:45","guid":{"rendered":"https:\/\/vv-dev.webdev.is\/?post_type=product&#038;p=24586"},"modified":"2025-04-25T15:27:40","modified_gmt":"2025-04-25T15:27:40","slug":"midgard-golflampi-ayno-l-neon-snura-honnun-stefan-diaz-verdlaun-german-sustainability-award-2021","status":"publish","type":"product","link":"https:\/\/velarogverkfaeri.is\/en\/honnunarlausnir\/lampar\/golflampar\/product\/midgard-golflampi-ayno-l-neon-snura-honnun-stefan-diaz-verdlaun-german-sustainability-award-2021\/","title":{"rendered":"MIDGARD Ayno L G\u00f3lflampi"},"content":{"rendered":"<p>H\u00f6nnun: Stefan Diez<\/p>\n<p>Ver\u00f0laun German Sustainability award<\/p>\n<p>AYNO &#8211; fyrsta h\u00f6nnun Midgards s\u00ed\u00f0an 1950, er a\u00f0 pr\u00f3fa m\u00f6rkin milli uppruna og \u00f3breytts \u00e1stands stillanlegrar l\u00fdsingar.<\/p>\n<p>M\u00e1l: 33&#215;272 cm<\/p>\n<p>Litur: Svartur me\u00f0 neon appels\u00ednugulri sn\u00faru<\/p>\n<p>Efni: Endurvinnanlegt plast<\/p>\n<p>H\u00e6gt a\u00f0 dimma lj\u00f3sin<\/p>\n<p>10 W<\/p>","protected":false},"excerpt":{"rendered":"<p>Tegund: Ayno floor L<\/p>\n<p>ATH a\u00f0eins 1 stk til \u00e1 lager<\/p>","protected":false},"featured_media":61806,"comment_status":"closed","ping_status":"closed","template":"","meta":[],"product_brand":[],"product_cat":[576,518,546],"product_tag":[],"class_list":{"0":"post-24586","1":"product","2":"type-product","3":"status-publish","4":"has-post-thumbnail","6":"product_cat-golflampar","7":"product_cat-honnunarlausnir","8":"product_cat-lampar","10":"first","11":"instock","12":"taxable","13":"shipping-taxable","14":"purchasable","15":"product-type-simple"},"yoast_head":"<!-- This site is optimized with the Yoast SEO plugin v27.3 - https:\/\/yoast.com\/product\/yoast-seo-wordpress\/ -->\n<title>MIDGARD Ayno L G\u00f3lflampi - V\u00e9lar &amp; Verkf\u00e6ri<\/title>\n<meta name=\"robots\" content=\"index, follow, max-snippet:-1, max-image-preview:large, max-video-preview:-1\" \/>\n<link rel=\"canonical\" href=\"https:\/\/velarogverkfaeri.is\/en\/honnunarlausnir\/lampar\/golflampar\/product\/midgard-golflampi-ayno-l-neon-snura-honnun-stefan-diaz-verdlaun-german-sustainability-award-2021\/\" \/>\n<meta property=\"og:locale\" content=\"en_US\" \/>\n<meta property=\"og:type\" content=\"article\" \/>\n<meta property=\"og:title\" content=\"MIDGARD Ayno L G\u00f3lflampi - V\u00e9lar &amp; Verkf\u00e6ri\" \/>\n<meta property=\"og:description\" content=\"Tegund: Ayno floor LATH a\u00f0eins 1 stk til \u00e1 lager\" \/>\n<meta property=\"og:url\" content=\"https:\/\/velarogverkfaeri.is\/en\/honnunarlausnir\/lampar\/golflampar\/product\/midgard-golflampi-ayno-l-neon-snura-honnun-stefan-diaz-verdlaun-german-sustainability-award-2021\/\" \/>\n<meta property=\"og:site_name\" content=\"V\u00e9lar &amp; Verkf\u00e6ri\" \/>\n<meta property=\"article:publisher\" content=\"https:\/\/www.facebook.com\/VelarOgVerkfaeri\" \/>\n<meta property=\"article:modified_time\" content=\"2025-04-25T15:27:40+00:00\" \/>\n<meta property=\"og:image\" content=\"https:\/\/velarogverkfaeri.is\/wp-content\/uploads\/2024\/06\/b3afcb17-fc6b-49af-8156-31128e36538b.jpg\" \/>\n\t<meta property=\"og:image:width\" content=\"1200\" \/>\n\t<meta property=\"og:image:height\" content=\"900\" \/>\n\t<meta property=\"og:image:type\" content=\"image\/jpeg\" \/>\n<meta name=\"twitter:card\" content=\"summary_large_image\" \/>\n<script type=\"application\/ld+json\" class=\"yoast-schema-graph\">{\"@context\":\"https:\\\/\\\/schema.org\",\"@graph\":[{\"@type\":\"WebPage\",\"@id\":\"https:\\\/\\\/velarogverkfaeri.is\\\/honnunarlausnir\\\/lampar\\\/golflampar\\\/product\\\/midgard-golflampi-ayno-l-neon-snura-honnun-stefan-diaz-verdlaun-german-sustainability-award-2021\\\/\",\"url\":\"https:\\\/\\\/velarogverkfaeri.is\\\/honnunarlausnir\\\/lampar\\\/golflampar\\\/product\\\/midgard-golflampi-ayno-l-neon-snura-honnun-stefan-diaz-verdlaun-german-sustainability-award-2021\\\/\",\"name\":\"MIDGARD Ayno L G\u00f3lflampi - V\u00e9lar &amp; Verkf\u00e6ri\",\"isPartOf\":{\"@id\":\"https:\\\/\\\/velarogverkfaeri.is\\\/en\\\/#website\"},\"primaryImageOfPage\":{\"@id\":\"https:\\\/\\\/velarogverkfaeri.is\\\/honnunarlausnir\\\/lampar\\\/golflampar\\\/product\\\/midgard-golflampi-ayno-l-neon-snura-honnun-stefan-diaz-verdlaun-german-sustainability-award-2021\\\/#primaryimage\"},\"image\":{\"@id\":\"https:\\\/\\\/velarogverkfaeri.is\\\/honnunarlausnir\\\/lampar\\\/golflampar\\\/product\\\/midgard-golflampi-ayno-l-neon-snura-honnun-stefan-diaz-verdlaun-german-sustainability-award-2021\\\/#primaryimage\"},\"thumbnailUrl\":\"https:\\\/\\\/velarogverkfaeri.is\\\/wp-content\\\/uploads\\\/2024\\\/06\\\/b3afcb17-fc6b-49af-8156-31128e36538b.jpg\",\"datePublished\":\"2023-04-28T17:46:45+00:00\",\"dateModified\":\"2025-04-25T15:27:40+00:00\",\"breadcrumb\":{\"@id\":\"https:\\\/\\\/velarogverkfaeri.is\\\/honnunarlausnir\\\/lampar\\\/golflampar\\\/product\\\/midgard-golflampi-ayno-l-neon-snura-honnun-stefan-diaz-verdlaun-german-sustainability-award-2021\\\/#breadcrumb\"},\"inLanguage\":\"en-US\",\"potentialAction\":[{\"@type\":\"ReadAction\",\"target\":[\"https:\\\/\\\/velarogverkfaeri.is\\\/honnunarlausnir\\\/lampar\\\/golflampar\\\/product\\\/midgard-golflampi-ayno-l-neon-snura-honnun-stefan-diaz-verdlaun-german-sustainability-award-2021\\\/\"]}]},{\"@type\":\"ImageObject\",\"inLanguage\":\"en-US\",\"@id\":\"https:\\\/\\\/velarogverkfaeri.is\\\/honnunarlausnir\\\/lampar\\\/golflampar\\\/product\\\/midgard-golflampi-ayno-l-neon-snura-honnun-stefan-diaz-verdlaun-german-sustainability-award-2021\\\/#primaryimage\",\"url\":\"https:\\\/\\\/velarogverkfaeri.is\\\/wp-content\\\/uploads\\\/2024\\\/06\\\/b3afcb17-fc6b-49af-8156-31128e36538b.jpg\",\"contentUrl\":\"https:\\\/\\\/velarogverkfaeri.is\\\/wp-content\\\/uploads\\\/2024\\\/06\\\/b3afcb17-fc6b-49af-8156-31128e36538b.jpg\",\"width\":1200,\"height\":900},{\"@type\":\"BreadcrumbList\",\"@id\":\"https:\\\/\\\/velarogverkfaeri.is\\\/honnunarlausnir\\\/lampar\\\/golflampar\\\/product\\\/midgard-golflampi-ayno-l-neon-snura-honnun-stefan-diaz-verdlaun-german-sustainability-award-2021\\\/#breadcrumb\",\"itemListElement\":[{\"@type\":\"ListItem\",\"position\":1,\"name\":\"Home\",\"item\":\"https:\\\/\\\/velarogverkfaeri.is\\\/\"},{\"@type\":\"ListItem\",\"position\":2,\"name\":\"Vefverslun\",\"item\":\"https:\\\/\\\/velarogverkfaeri.is\\\/vefverslun\\\/\"},{\"@type\":\"ListItem\",\"position\":3,\"name\":\"MIDGARD Ayno L G\u00f3lflampi\"}]},{\"@type\":\"WebSite\",\"@id\":\"https:\\\/\\\/velarogverkfaeri.is\\\/en\\\/#website\",\"url\":\"https:\\\/\\\/velarogverkfaeri.is\\\/en\\\/\",\"name\":\"V\u00e9lar & Verkf\u00e6ri\",\"description\":\"Umbo\u00f0s- og heildverslun fr\u00e1 \u00e1rinu 1919\",\"publisher\":{\"@id\":\"https:\\\/\\\/velarogverkfaeri.is\\\/en\\\/#organization\"},\"potentialAction\":[{\"@type\":\"SearchAction\",\"target\":{\"@type\":\"EntryPoint\",\"urlTemplate\":\"https:\\\/\\\/velarogverkfaeri.is\\\/en\\\/?s={search_term_string}\"},\"query-input\":{\"@type\":\"PropertyValueSpecification\",\"valueRequired\":true,\"valueName\":\"search_term_string\"}}],\"inLanguage\":\"en-US\"},{\"@type\":\"Organization\",\"@id\":\"https:\\\/\\\/velarogverkfaeri.is\\\/en\\\/#organization\",\"name\":\"V\u00e9lar & Verkf\u00e6ri\",\"url\":\"https:\\\/\\\/velarogverkfaeri.is\\\/en\\\/\",\"logo\":{\"@type\":\"ImageObject\",\"inLanguage\":\"en-US\",\"@id\":\"https:\\\/\\\/velarogverkfaeri.is\\\/en\\\/#\\\/schema\\\/logo\\\/image\\\/\",\"url\":\"https:\\\/\\\/velarogverkfaeri.is\\\/wp-content\\\/uploads\\\/2021\\\/10\\\/vv_logo_350x100.png\",\"contentUrl\":\"https:\\\/\\\/velarogverkfaeri.is\\\/wp-content\\\/uploads\\\/2021\\\/10\\\/vv_logo_350x100.png\",\"width\":350,\"height\":100,\"caption\":\"V\u00e9lar & Verkf\u00e6ri\"},\"image\":{\"@id\":\"https:\\\/\\\/velarogverkfaeri.is\\\/en\\\/#\\\/schema\\\/logo\\\/image\\\/\"},\"sameAs\":[\"https:\\\/\\\/www.facebook.com\\\/VelarOgVerkfaeri\"]}]}<\/script>\n<!-- \/ Yoast SEO plugin. -->","yoast_head_json":{"title":"MIDGARD Ayno L G\u00f3lflampi - V\u00e9lar &amp; Verkf\u00e6ri","robots":{"index":"index","follow":"follow","max-snippet":"max-snippet:-1","max-image-preview":"max-image-preview:large","max-video-preview":"max-video-preview:-1"},"canonical":"https:\/\/velarogverkfaeri.is\/en\/honnunarlausnir\/lampar\/golflampar\/product\/midgard-golflampi-ayno-l-neon-snura-honnun-stefan-diaz-verdlaun-german-sustainability-award-2021\/","og_locale":"en_US","og_type":"article","og_title":"MIDGARD Ayno L G\u00f3lflampi - V\u00e9lar &amp; Verkf\u00e6ri","og_description":"Tegund: Ayno floor LATH a\u00f0eins 1 stk til \u00e1 lager","og_url":"https:\/\/velarogverkfaeri.is\/en\/honnunarlausnir\/lampar\/golflampar\/product\/midgard-golflampi-ayno-l-neon-snura-honnun-stefan-diaz-verdlaun-german-sustainability-award-2021\/","og_site_name":"V\u00e9lar &amp; Verkf\u00e6ri","article_publisher":"https:\/\/www.facebook.com\/VelarOgVerkfaeri","article_modified_time":"2025-04-25T15:27:40+00:00","og_image":[{"width":1200,"height":900,"url":"https:\/\/velarogverkfaeri.is\/wp-content\/uploads\/2024\/06\/b3afcb17-fc6b-49af-8156-31128e36538b.jpg","type":"image\/jpeg"}],"twitter_card":"summary_large_image","schema":{"@context":"https:\/\/schema.org","@graph":[{"@type":"WebPage","@id":"https:\/\/velarogverkfaeri.is\/honnunarlausnir\/lampar\/golflampar\/product\/midgard-golflampi-ayno-l-neon-snura-honnun-stefan-diaz-verdlaun-german-sustainability-award-2021\/","url":"https:\/\/velarogverkfaeri.is\/honnunarlausnir\/lampar\/golflampar\/product\/midgard-golflampi-ayno-l-neon-snura-honnun-stefan-diaz-verdlaun-german-sustainability-award-2021\/","name":"MIDGARD Ayno L G\u00f3lflampi - V\u00e9lar &amp; Verkf\u00e6ri","isPartOf":{"@id":"https:\/\/velarogverkfaeri.is\/en\/#website"},"primaryImageOfPage":{"@id":"https:\/\/velarogverkfaeri.is\/honnunarlausnir\/lampar\/golflampar\/product\/midgard-golflampi-ayno-l-neon-snura-honnun-stefan-diaz-verdlaun-german-sustainability-award-2021\/#primaryimage"},"image":{"@id":"https:\/\/velarogverkfaeri.is\/honnunarlausnir\/lampar\/golflampar\/product\/midgard-golflampi-ayno-l-neon-snura-honnun-stefan-diaz-verdlaun-german-sustainability-award-2021\/#primaryimage"},"thumbnailUrl":"https:\/\/velarogverkfaeri.is\/wp-content\/uploads\/2024\/06\/b3afcb17-fc6b-49af-8156-31128e36538b.jpg","datePublished":"2023-04-28T17:46:45+00:00","dateModified":"2025-04-25T15:27:40+00:00","breadcrumb":{"@id":"https:\/\/velarogverkfaeri.is\/honnunarlausnir\/lampar\/golflampar\/product\/midgard-golflampi-ayno-l-neon-snura-honnun-stefan-diaz-verdlaun-german-sustainability-award-2021\/#breadcrumb"},"inLanguage":"en-US","potentialAction":[{"@type":"ReadAction","target":["https:\/\/velarogverkfaeri.is\/honnunarlausnir\/lampar\/golflampar\/product\/midgard-golflampi-ayno-l-neon-snura-honnun-stefan-diaz-verdlaun-german-sustainability-award-2021\/"]}]},{"@type":"ImageObject","inLanguage":"en-US","@id":"https:\/\/velarogverkfaeri.is\/honnunarlausnir\/lampar\/golflampar\/product\/midgard-golflampi-ayno-l-neon-snura-honnun-stefan-diaz-verdlaun-german-sustainability-award-2021\/#primaryimage","url":"https:\/\/velarogverkfaeri.is\/wp-content\/uploads\/2024\/06\/b3afcb17-fc6b-49af-8156-31128e36538b.jpg","contentUrl":"https:\/\/velarogverkfaeri.is\/wp-content\/uploads\/2024\/06\/b3afcb17-fc6b-49af-8156-31128e36538b.jpg","width":1200,"height":900},{"@type":"BreadcrumbList","@id":"https:\/\/velarogverkfaeri.is\/honnunarlausnir\/lampar\/golflampar\/product\/midgard-golflampi-ayno-l-neon-snura-honnun-stefan-diaz-verdlaun-german-sustainability-award-2021\/#breadcrumb","itemListElement":[{"@type":"ListItem","position":1,"name":"Home","item":"https:\/\/velarogverkfaeri.is\/"},{"@type":"ListItem","position":2,"name":"Vefverslun","item":"https:\/\/velarogverkfaeri.is\/vefverslun\/"},{"@type":"ListItem","position":3,"name":"MIDGARD Ayno L G\u00f3lflampi"}]},{"@type":"WebSite","@id":"https:\/\/velarogverkfaeri.is\/en\/#website","url":"https:\/\/velarogverkfaeri.is\/en\/","name":"V\u00e9lar & Verkf\u00e6ri","description":"Umbo\u00f0s- og heildverslun fr\u00e1 \u00e1rinu 1919","publisher":{"@id":"https:\/\/velarogverkfaeri.is\/en\/#organization"},"potentialAction":[{"@type":"SearchAction","target":{"@type":"EntryPoint","urlTemplate":"https:\/\/velarogverkfaeri.is\/en\/?s={search_term_string}"},"query-input":{"@type":"PropertyValueSpecification","valueRequired":true,"valueName":"search_term_string"}}],"inLanguage":"en-US"},{"@type":"Organization","@id":"https:\/\/velarogverkfaeri.is\/en\/#organization","name":"V\u00e9lar & Verkf\u00e6ri","url":"https:\/\/velarogverkfaeri.is\/en\/","logo":{"@type":"ImageObject","inLanguage":"en-US","@id":"https:\/\/velarogverkfaeri.is\/en\/#\/schema\/logo\/image\/","url":"https:\/\/velarogverkfaeri.is\/wp-content\/uploads\/2021\/10\/vv_logo_350x100.png","contentUrl":"https:\/\/velarogverkfaeri.is\/wp-content\/uploads\/2021\/10\/vv_logo_350x100.png","width":350,"height":100,"caption":"V\u00e9lar & Verkf\u00e6ri"},"image":{"@id":"https:\/\/velarogverkfaeri.is\/en\/#\/schema\/logo\/image\/"},"sameAs":["https:\/\/www.facebook.com\/VelarOgVerkfaeri"]}]}},"_links":{"self":[{"href":"https:\/\/velarogverkfaeri.is\/en\/wp-json\/wp\/v2\/product\/24586","targetHints":{"allow":["GET"]}}],"collection":[{"href":"https:\/\/velarogverkfaeri.is\/en\/wp-json\/wp\/v2\/product"}],"about":[{"href":"https:\/\/velarogverkfaeri.is\/en\/wp-json\/wp\/v2\/types\/product"}],"replies":[{"embeddable":true,"href":"https:\/\/velarogverkfaeri.is\/en\/wp-json\/wp\/v2\/comments?post=24586"}],"wp:featuredmedia":[{"embeddable":true,"href":"https:\/\/velarogverkfaeri.is\/en\/wp-json\/wp\/v2\/media\/61806"}],"wp:attachment":[{"href":"https:\/\/velarogverkfaeri.is\/en\/wp-json\/wp\/v2\/media?parent=24586"}],"wp:term":[{"taxonomy":"product_brand","embeddable":true,"href":"https:\/\/velarogverkfaeri.is\/en\/wp-json\/wp\/v2\/product_brand?post=24586"},{"taxonomy":"product_cat","embeddable":true,"href":"https:\/\/velarogverkfaeri.is\/en\/wp-json\/wp\/v2\/product_cat?post=24586"},{"taxonomy":"product_tag","embeddable":true,"href":"https:\/\/velarogverkfaeri.is\/en\/wp-json\/wp\/v2\/product_tag?post=24586"}],"curies":[{"name":"wp","href":"https:\/\/api.w.org\/{rel}","templated":true}]}}