{"id":24583,"date":"2023-04-28T18:00:53","date_gmt":"2023-04-28T18:00:53","guid":{"rendered":"https:\/\/vv-dev.webdev.is\/?post_type=product&#038;p=24583"},"modified":"2025-10-21T15:43:12","modified_gmt":"2025-10-21T15:43:12","slug":"stabila-laser-linu-kross-lax-50-stakur","status":"publish","type":"product","link":"https:\/\/velarogverkfaeri.is\/en\/verkfaeralausnir\/laser\/linulaserar\/product\/stabila-laser-linu-kross-lax-50-stakur\/","title":{"rendered":"STABILA Laser L\u00ednu Kross LAX 50 me\u00f0 \u00fer\u00edf\u00e6ti"},"content":{"rendered":"<h3 data-start=\"252\" data-end=\"277\">Helstu eiginleikar<\/h3>\n<ul data-start=\"279\" data-end=\"714\">\n<li data-start=\"279\" data-end=\"356\">\n<p data-start=\"281\" data-end=\"356\"><strong data-start=\"281\" data-end=\"317\">Sj\u00e1lfstillanlegur krossl\u00ednulaser<\/strong>: <span class=\"relative -mx-px my-[-0.2rem] rounded px-px py-[0.2rem] transition-colors duration-100 ease-in-out\">Me\u00f0 sj\u00e1lfstillanlegri pend\u00fallt\u00e6kni sem tryggir hra\u00f0a og n\u00e1kv\u00e6ma uppsetningu.<\/span><\/p>\n<\/li>\n<li data-start=\"357\" data-end=\"424\">\n<p data-start=\"359\" data-end=\"424\"><strong data-start=\"359\" data-end=\"383\">S\u00fdnileiki upp \u00ed 10 m<\/strong>: <span class=\"relative -mx-px my-[-0.2rem] rounded px-px py-[0.2rem] transition-colors duration-100 ease-in-out\">Rau\u00f0ir geislar (635 nm) me\u00f0 0,5 mm\/m n\u00e1kv\u00e6mni, fullkomnir fyrir innanh\u00fassnotkun.<\/span><\/p>\n<\/li>\n<li data-start=\"425\" data-end=\"488\">\n<p data-start=\"427\" data-end=\"488\"><strong data-start=\"427\" data-end=\"447\">Einhnappast\u00fdring<\/strong>: <span class=\"relative -mx-px my-[-0.2rem] rounded px-px py-[0.2rem] transition-colors duration-100 ease-in-out\">Au\u00f0velt \u00ed notkun \u2013 einfaldlega sl\u00f6kktu e\u00f0a kveiktu \u00e1 me\u00f0 einum hnappi.<\/span><\/p>\n<\/li>\n<li data-start=\"489\" data-end=\"557\">\n<p data-start=\"491\" data-end=\"557\"><strong data-start=\"491\" data-end=\"516\">Fj\u00f6lh\u00e6fur st\u00f6\u00f0ugleiki<\/strong>: <span class=\"relative -mx-px my-[-0.2rem] rounded px-px py-[0.2rem] transition-colors duration-100 ease-in-out\">\u00der\u00edf\u00f3t me\u00f0 h\u00e6\u00f0arstillingu fr\u00e1 60\u2013100 cm og stu\u00f0ningssl\u00e1 sem n\u00e6r allt a\u00f0 275 cm \u2013 h\u00e6gt a\u00f0 festa \u00ed gluggakarma, hur\u00f0arkarma e\u00f0a \u00e1 ofnsl\u00f6gn.<\/span><\/p>\n<\/li>\n<li data-start=\"558\" data-end=\"616\">\n<p data-start=\"560\" data-end=\"616\"><strong data-start=\"560\" data-end=\"575\">IP53 vottun<\/strong>: <span class=\"relative -mx-px my-[-0.2rem] rounded px-px py-[0.2rem] transition-colors duration-100 ease-in-out\">V\u00f6rn gegn ryk og vatns\u00fa\u00f0a (allt a\u00f0 60\u00b0 \u00e1 l\u00f3\u00f0r\u00e9ttum fleti), fullkominn fyrir byggingasv\u00e6\u00f0i.<\/span><\/p>\n<\/li>\n<li data-start=\"617\" data-end=\"714\">\n<p data-start=\"619\" data-end=\"714\"><strong data-start=\"619\" data-end=\"634\">Vinnslut\u00edmi<\/strong>: <span class=\"relative -mx-px my-[-0.2rem] rounded px-px py-[0.2rem] transition-colors duration-100 ease-in-out\">Upp \u00ed 30 klukkustundir me\u00f0 3x AA 1,5 V batter\u00edum<\/span><\/p>\n<\/li>\n<\/ul>\n<hr data-start=\"716\" data-end=\"719\">\n<h3 data-start=\"721\" data-end=\"744\">\ud83e\uddf0 Innihald pakkans<\/h3>\n<ul data-start=\"746\" data-end=\"910\">\n<li data-start=\"746\" data-end=\"787\">\n<p data-start=\"748\" data-end=\"787\"><span class=\"relative -mx-px my-[-0.2rem] rounded px-px py-[0.2rem] transition-colors duration-100 ease-in-out\">Stabila LAX 50 krossl\u00ednulaser (16789)<\/span><\/p>\n<\/li>\n<li data-start=\"788\" data-end=\"829\">\n<p data-start=\"790\" data-end=\"829\"><span class=\"relative -mx-px my-[-0.2rem] rounded px-px py-[0.2rem] transition-colors duration-100 ease-in-out\">\u00der\u00edf\u00f3tur og st\u00f6ng<\/span><\/p>\n<\/li>\n<li data-start=\"830\" data-end=\"910\">\n<p data-start=\"832\" data-end=\"910\"><span class=\"relative -mx-px my-[-0.2rem] rounded px-px py-[0.2rem] transition-colors duration-100 ease-in-out\">4x AA 1,5 V batter\u00ed<\/span><\/p>\n<\/li>\n<\/ul>\n<hr data-start=\"912\" data-end=\"915\">\n<h3 data-start=\"917\" data-end=\"941\">\ud83d\udee0\ufe0f Notkunartilfelli<\/h3>\n<ul data-start=\"943\" data-end=\"1149\">\n<li data-start=\"943\" data-end=\"984\">\n<p data-start=\"945\" data-end=\"984\"><span class=\"relative -mx-px my-[-0.2rem] rounded px-px py-[0.2rem] transition-colors duration-100 ease-in-out\">Fl\u00edsalagnir \u2013 l\u00f3\u00f0r\u00e9ttar og l\u00e1r\u00e9ttar ra\u00f0ir<\/span><\/p>\n<\/li>\n<li data-start=\"985\" data-end=\"1026\">\n<p data-start=\"987\" data-end=\"1026\"><span class=\"relative -mx-px my-[-0.2rem] rounded px-px py-[0.2rem] transition-colors duration-100 ease-in-out\">Sm\u00ed\u00f0i \u2013 samr\u00e6ming efri og ne\u00f0ri sk\u00e1pa<\/span><\/p>\n<\/li>\n<li data-start=\"1027\" data-end=\"1068\">\n<p data-start=\"1029\" data-end=\"1068\"><span class=\"relative -mx-px my-[-0.2rem] rounded px-px py-[0.2rem] transition-colors duration-100 ease-in-out\">Rafmagns- og p\u00edpulagnir \u2013 festing og ra\u00f0stilling<\/span><\/p>\n<\/li>\n<\/ul>\n<hr data-start=\"1151\" data-end=\"1154\">\n<h3 data-start=\"1156\" data-end=\"1185\">\ud83d\udccf T\u00e6knilegar uppl\u00fdsingar<\/h3>\n<\/p>\n<ul data-start=\"1187\" data-end=\"1594\">\n<li data-start=\"1187\" data-end=\"1208\">\n<p data-start=\"1189\" data-end=\"1208\"><strong data-start=\"1189\" data-end=\"1205\">Laserflokkur<\/strong>: 2<\/p>\n<\/li>\n<li data-start=\"1209\" data-end=\"1261\">\n<p data-start=\"1211\" data-end=\"1261\"><strong data-start=\"1211\" data-end=\"1220\">\u00dattak<\/strong>: <span class=\"relative -mx-px my-[-0.2rem] rounded px-px py-[0.2rem] transition-colors duration-100 ease-in-out\">&lt; 1 mW<\/span><\/p>\n<\/li>\n<li data-start=\"1262\" data-end=\"1325\">\n<p data-start=\"1264\" data-end=\"1325\"><strong data-start=\"1264\" data-end=\"1284\">Laserbylgjulengd<\/strong>: <span class=\"relative -mx-px my-[-0.2rem] rounded px-px py-[0.2rem] transition-colors duration-100 ease-in-out\">635 nm<\/span><\/p>\n<\/li>\n<li data-start=\"1326\" data-end=\"1398\">\n<p data-start=\"1328\" data-end=\"1398\"><strong data-start=\"1328\" data-end=\"1357\">Sj\u00e1lfstillanlega n\u00e1kv\u00e6mni<\/strong>: <span class=\"relative -mx-px my-[-0.2rem] rounded px-px py-[0.2rem] transition-colors duration-100 ease-in-out\">\u00b10,5 mm\/m<\/span><\/p>\n<\/li>\n<li data-start=\"1399\" data-end=\"1420\">\n<p data-start=\"1401\" data-end=\"1420\"><strong data-start=\"1401\" data-end=\"1414\">S\u00fdnileiki<\/strong>: 10 m<\/p>\n<\/li>\n<li data-start=\"1421\" data-end=\"1479\">\n<p data-start=\"1423\" data-end=\"1479\"><strong data-start=\"1423\" data-end=\"1438\">Vinnslut\u00edmi<\/strong>: <span class=\"relative -mx-px my-[-0.2rem] rounded px-px py-[0.2rem] transition-colors duration-100 ease-in-out\">30 klst<\/span><\/p>\n<\/li>\n<li data-start=\"1480\" data-end=\"1496\">\n<p data-start=\"1482\" data-end=\"1496\"><strong data-start=\"1482\" data-end=\"1490\">V\u00f6rn<\/strong>: IP53<\/p>\n<\/li>\n<li data-start=\"1497\" data-end=\"1594\">\n<p data-start=\"1499\" data-end=\"1594\"><strong data-start=\"1499\" data-end=\"1514\">Vinnsluhiti<\/strong>: <span class=\"relative -mx-px my-[-0.2rem] rounded px-px py-[0.2rem] transition-colors duration-100 ease-in-out\">-10\u00b0C til +50\u00b0C<\/span><\/p>\n<\/li>\n<\/ul>\n","protected":false},"excerpt":{"rendered":"<p>Gl\u00e6silegur krossl\u00ednulaser fyrir metna\u00f0arfulla notendur.<\/p>","protected":false},"featured_media":72344,"comment_status":"closed","ping_status":"closed","template":"","meta":[],"product_brand":[],"product_cat":[589,759,515],"product_tag":[1096,987],"class_list":{"0":"post-24583","1":"product","2":"type-product","3":"status-publish","4":"has-post-thumbnail","6":"product_cat-laser","7":"product_cat-linulaserar","8":"product_cat-verkfaeralausnir","9":"product_tag-laser","10":"product_tag-stabila","12":"first","13":"instock","14":"taxable","15":"shipping-taxable","16":"purchasable","17":"product-type-simple"},"yoast_head":"<!-- This site is optimized with the Yoast SEO plugin v27.3 - https:\/\/yoast.com\/product\/yoast-seo-wordpress\/ -->\n<title>STABILA Laser L\u00ednu Kross LAX 50 me\u00f0 \u00fer\u00edf\u00e6ti - V\u00e9lar &amp; Verkf\u00e6ri<\/title>\n<meta name=\"robots\" content=\"index, follow, max-snippet:-1, max-image-preview:large, max-video-preview:-1\" \/>\n<link rel=\"canonical\" href=\"https:\/\/velarogverkfaeri.is\/en\/verkfaeralausnir\/laser\/linulaserar\/product\/stabila-laser-linu-kross-lax-50-stakur\/\" \/>\n<meta property=\"og:locale\" content=\"en_US\" \/>\n<meta property=\"og:type\" content=\"article\" \/>\n<meta property=\"og:title\" content=\"STABILA Laser L\u00ednu Kross LAX 50 me\u00f0 \u00fer\u00edf\u00e6ti - V\u00e9lar &amp; Verkf\u00e6ri\" \/>\n<meta property=\"og:description\" content=\"Gl\u00e6silegur krossl\u00ednulaser fyrir metna\u00f0arfulla notendur.\" \/>\n<meta property=\"og:url\" content=\"https:\/\/velarogverkfaeri.is\/en\/verkfaeralausnir\/laser\/linulaserar\/product\/stabila-laser-linu-kross-lax-50-stakur\/\" \/>\n<meta property=\"og:site_name\" content=\"V\u00e9lar &amp; Verkf\u00e6ri\" \/>\n<meta property=\"article:publisher\" content=\"https:\/\/www.facebook.com\/VelarOgVerkfaeri\" \/>\n<meta property=\"article:modified_time\" content=\"2025-10-21T15:43:12+00:00\" \/>\n<meta property=\"og:image\" content=\"https:\/\/velarogverkfaeri.is\/wp-content\/uploads\/2025\/05\/ff21e614-0555-443f-afc4-37e309e9911a.jpg\" \/>\n\t<meta property=\"og:image:width\" content=\"444\" \/>\n\t<meta property=\"og:image:height\" content=\"487\" \/>\n\t<meta property=\"og:image:type\" content=\"image\/jpeg\" \/>\n<meta name=\"twitter:card\" content=\"summary_large_image\" \/>\n<meta name=\"twitter:label1\" content=\"Est. reading time\" \/>\n\t<meta name=\"twitter:data1\" content=\"1 minute\" \/>\n<script type=\"application\/ld+json\" class=\"yoast-schema-graph\">{\"@context\":\"https:\\\/\\\/schema.org\",\"@graph\":[{\"@type\":\"WebPage\",\"@id\":\"https:\\\/\\\/velarogverkfaeri.is\\\/verkfaeralausnir\\\/laser\\\/linulaserar\\\/product\\\/stabila-laser-linu-kross-lax-50-stakur\\\/\",\"url\":\"https:\\\/\\\/velarogverkfaeri.is\\\/verkfaeralausnir\\\/laser\\\/linulaserar\\\/product\\\/stabila-laser-linu-kross-lax-50-stakur\\\/\",\"name\":\"STABILA Laser L\u00ednu Kross LAX 50 me\u00f0 \u00fer\u00edf\u00e6ti - V\u00e9lar &amp; Verkf\u00e6ri\",\"isPartOf\":{\"@id\":\"https:\\\/\\\/velarogverkfaeri.is\\\/en\\\/#website\"},\"primaryImageOfPage\":{\"@id\":\"https:\\\/\\\/velarogverkfaeri.is\\\/verkfaeralausnir\\\/laser\\\/linulaserar\\\/product\\\/stabila-laser-linu-kross-lax-50-stakur\\\/#primaryimage\"},\"image\":{\"@id\":\"https:\\\/\\\/velarogverkfaeri.is\\\/verkfaeralausnir\\\/laser\\\/linulaserar\\\/product\\\/stabila-laser-linu-kross-lax-50-stakur\\\/#primaryimage\"},\"thumbnailUrl\":\"https:\\\/\\\/velarogverkfaeri.is\\\/wp-content\\\/uploads\\\/2025\\\/05\\\/ff21e614-0555-443f-afc4-37e309e9911a.jpg\",\"datePublished\":\"2023-04-28T18:00:53+00:00\",\"dateModified\":\"2025-10-21T15:43:12+00:00\",\"breadcrumb\":{\"@id\":\"https:\\\/\\\/velarogverkfaeri.is\\\/verkfaeralausnir\\\/laser\\\/linulaserar\\\/product\\\/stabila-laser-linu-kross-lax-50-stakur\\\/#breadcrumb\"},\"inLanguage\":\"en-US\",\"potentialAction\":[{\"@type\":\"ReadAction\",\"target\":[\"https:\\\/\\\/velarogverkfaeri.is\\\/verkfaeralausnir\\\/laser\\\/linulaserar\\\/product\\\/stabila-laser-linu-kross-lax-50-stakur\\\/\"]}]},{\"@type\":\"ImageObject\",\"inLanguage\":\"en-US\",\"@id\":\"https:\\\/\\\/velarogverkfaeri.is\\\/verkfaeralausnir\\\/laser\\\/linulaserar\\\/product\\\/stabila-laser-linu-kross-lax-50-stakur\\\/#primaryimage\",\"url\":\"https:\\\/\\\/velarogverkfaeri.is\\\/wp-content\\\/uploads\\\/2025\\\/05\\\/ff21e614-0555-443f-afc4-37e309e9911a.jpg\",\"contentUrl\":\"https:\\\/\\\/velarogverkfaeri.is\\\/wp-content\\\/uploads\\\/2025\\\/05\\\/ff21e614-0555-443f-afc4-37e309e9911a.jpg\",\"width\":444,\"height\":487},{\"@type\":\"BreadcrumbList\",\"@id\":\"https:\\\/\\\/velarogverkfaeri.is\\\/verkfaeralausnir\\\/laser\\\/linulaserar\\\/product\\\/stabila-laser-linu-kross-lax-50-stakur\\\/#breadcrumb\",\"itemListElement\":[{\"@type\":\"ListItem\",\"position\":1,\"name\":\"Home\",\"item\":\"https:\\\/\\\/velarogverkfaeri.is\\\/\"},{\"@type\":\"ListItem\",\"position\":2,\"name\":\"Vefverslun\",\"item\":\"https:\\\/\\\/velarogverkfaeri.is\\\/vefverslun\\\/\"},{\"@type\":\"ListItem\",\"position\":3,\"name\":\"STABILA Laser L\u00ednu Kross LAX 50 me\u00f0 \u00fer\u00edf\u00e6ti\"}]},{\"@type\":\"WebSite\",\"@id\":\"https:\\\/\\\/velarogverkfaeri.is\\\/en\\\/#website\",\"url\":\"https:\\\/\\\/velarogverkfaeri.is\\\/en\\\/\",\"name\":\"V\u00e9lar & Verkf\u00e6ri\",\"description\":\"Umbo\u00f0s- og heildverslun fr\u00e1 \u00e1rinu 1919\",\"publisher\":{\"@id\":\"https:\\\/\\\/velarogverkfaeri.is\\\/en\\\/#organization\"},\"potentialAction\":[{\"@type\":\"SearchAction\",\"target\":{\"@type\":\"EntryPoint\",\"urlTemplate\":\"https:\\\/\\\/velarogverkfaeri.is\\\/en\\\/?s={search_term_string}\"},\"query-input\":{\"@type\":\"PropertyValueSpecification\",\"valueRequired\":true,\"valueName\":\"search_term_string\"}}],\"inLanguage\":\"en-US\"},{\"@type\":\"Organization\",\"@id\":\"https:\\\/\\\/velarogverkfaeri.is\\\/en\\\/#organization\",\"name\":\"V\u00e9lar & Verkf\u00e6ri\",\"url\":\"https:\\\/\\\/velarogverkfaeri.is\\\/en\\\/\",\"logo\":{\"@type\":\"ImageObject\",\"inLanguage\":\"en-US\",\"@id\":\"https:\\\/\\\/velarogverkfaeri.is\\\/en\\\/#\\\/schema\\\/logo\\\/image\\\/\",\"url\":\"https:\\\/\\\/velarogverkfaeri.is\\\/wp-content\\\/uploads\\\/2021\\\/10\\\/vv_logo_350x100.png\",\"contentUrl\":\"https:\\\/\\\/velarogverkfaeri.is\\\/wp-content\\\/uploads\\\/2021\\\/10\\\/vv_logo_350x100.png\",\"width\":350,\"height\":100,\"caption\":\"V\u00e9lar & Verkf\u00e6ri\"},\"image\":{\"@id\":\"https:\\\/\\\/velarogverkfaeri.is\\\/en\\\/#\\\/schema\\\/logo\\\/image\\\/\"},\"sameAs\":[\"https:\\\/\\\/www.facebook.com\\\/VelarOgVerkfaeri\"]}]}<\/script>\n<!-- \/ Yoast SEO plugin. -->","yoast_head_json":{"title":"STABILA Laser L\u00ednu Kross LAX 50 me\u00f0 \u00fer\u00edf\u00e6ti - V\u00e9lar &amp; Verkf\u00e6ri","robots":{"index":"index","follow":"follow","max-snippet":"max-snippet:-1","max-image-preview":"max-image-preview:large","max-video-preview":"max-video-preview:-1"},"canonical":"https:\/\/velarogverkfaeri.is\/en\/verkfaeralausnir\/laser\/linulaserar\/product\/stabila-laser-linu-kross-lax-50-stakur\/","og_locale":"en_US","og_type":"article","og_title":"STABILA Laser L\u00ednu Kross LAX 50 me\u00f0 \u00fer\u00edf\u00e6ti - V\u00e9lar &amp; Verkf\u00e6ri","og_description":"Gl\u00e6silegur krossl\u00ednulaser fyrir metna\u00f0arfulla notendur.","og_url":"https:\/\/velarogverkfaeri.is\/en\/verkfaeralausnir\/laser\/linulaserar\/product\/stabila-laser-linu-kross-lax-50-stakur\/","og_site_name":"V\u00e9lar &amp; Verkf\u00e6ri","article_publisher":"https:\/\/www.facebook.com\/VelarOgVerkfaeri","article_modified_time":"2025-10-21T15:43:12+00:00","og_image":[{"width":444,"height":487,"url":"https:\/\/velarogverkfaeri.is\/wp-content\/uploads\/2025\/05\/ff21e614-0555-443f-afc4-37e309e9911a.jpg","type":"image\/jpeg"}],"twitter_card":"summary_large_image","twitter_misc":{"Est. reading time":"1 minute"},"schema":{"@context":"https:\/\/schema.org","@graph":[{"@type":"WebPage","@id":"https:\/\/velarogverkfaeri.is\/verkfaeralausnir\/laser\/linulaserar\/product\/stabila-laser-linu-kross-lax-50-stakur\/","url":"https:\/\/velarogverkfaeri.is\/verkfaeralausnir\/laser\/linulaserar\/product\/stabila-laser-linu-kross-lax-50-stakur\/","name":"STABILA Laser L\u00ednu Kross LAX 50 me\u00f0 \u00fer\u00edf\u00e6ti - V\u00e9lar &amp; Verkf\u00e6ri","isPartOf":{"@id":"https:\/\/velarogverkfaeri.is\/en\/#website"},"primaryImageOfPage":{"@id":"https:\/\/velarogverkfaeri.is\/verkfaeralausnir\/laser\/linulaserar\/product\/stabila-laser-linu-kross-lax-50-stakur\/#primaryimage"},"image":{"@id":"https:\/\/velarogverkfaeri.is\/verkfaeralausnir\/laser\/linulaserar\/product\/stabila-laser-linu-kross-lax-50-stakur\/#primaryimage"},"thumbnailUrl":"https:\/\/velarogverkfaeri.is\/wp-content\/uploads\/2025\/05\/ff21e614-0555-443f-afc4-37e309e9911a.jpg","datePublished":"2023-04-28T18:00:53+00:00","dateModified":"2025-10-21T15:43:12+00:00","breadcrumb":{"@id":"https:\/\/velarogverkfaeri.is\/verkfaeralausnir\/laser\/linulaserar\/product\/stabila-laser-linu-kross-lax-50-stakur\/#breadcrumb"},"inLanguage":"en-US","potentialAction":[{"@type":"ReadAction","target":["https:\/\/velarogverkfaeri.is\/verkfaeralausnir\/laser\/linulaserar\/product\/stabila-laser-linu-kross-lax-50-stakur\/"]}]},{"@type":"ImageObject","inLanguage":"en-US","@id":"https:\/\/velarogverkfaeri.is\/verkfaeralausnir\/laser\/linulaserar\/product\/stabila-laser-linu-kross-lax-50-stakur\/#primaryimage","url":"https:\/\/velarogverkfaeri.is\/wp-content\/uploads\/2025\/05\/ff21e614-0555-443f-afc4-37e309e9911a.jpg","contentUrl":"https:\/\/velarogverkfaeri.is\/wp-content\/uploads\/2025\/05\/ff21e614-0555-443f-afc4-37e309e9911a.jpg","width":444,"height":487},{"@type":"BreadcrumbList","@id":"https:\/\/velarogverkfaeri.is\/verkfaeralausnir\/laser\/linulaserar\/product\/stabila-laser-linu-kross-lax-50-stakur\/#breadcrumb","itemListElement":[{"@type":"ListItem","position":1,"name":"Home","item":"https:\/\/velarogverkfaeri.is\/"},{"@type":"ListItem","position":2,"name":"Vefverslun","item":"https:\/\/velarogverkfaeri.is\/vefverslun\/"},{"@type":"ListItem","position":3,"name":"STABILA Laser L\u00ednu Kross LAX 50 me\u00f0 \u00fer\u00edf\u00e6ti"}]},{"@type":"WebSite","@id":"https:\/\/velarogverkfaeri.is\/en\/#website","url":"https:\/\/velarogverkfaeri.is\/en\/","name":"V\u00e9lar & Verkf\u00e6ri","description":"Umbo\u00f0s- og heildverslun fr\u00e1 \u00e1rinu 1919","publisher":{"@id":"https:\/\/velarogverkfaeri.is\/en\/#organization"},"potentialAction":[{"@type":"SearchAction","target":{"@type":"EntryPoint","urlTemplate":"https:\/\/velarogverkfaeri.is\/en\/?s={search_term_string}"},"query-input":{"@type":"PropertyValueSpecification","valueRequired":true,"valueName":"search_term_string"}}],"inLanguage":"en-US"},{"@type":"Organization","@id":"https:\/\/velarogverkfaeri.is\/en\/#organization","name":"V\u00e9lar & Verkf\u00e6ri","url":"https:\/\/velarogverkfaeri.is\/en\/","logo":{"@type":"ImageObject","inLanguage":"en-US","@id":"https:\/\/velarogverkfaeri.is\/en\/#\/schema\/logo\/image\/","url":"https:\/\/velarogverkfaeri.is\/wp-content\/uploads\/2021\/10\/vv_logo_350x100.png","contentUrl":"https:\/\/velarogverkfaeri.is\/wp-content\/uploads\/2021\/10\/vv_logo_350x100.png","width":350,"height":100,"caption":"V\u00e9lar & Verkf\u00e6ri"},"image":{"@id":"https:\/\/velarogverkfaeri.is\/en\/#\/schema\/logo\/image\/"},"sameAs":["https:\/\/www.facebook.com\/VelarOgVerkfaeri"]}]}},"_links":{"self":[{"href":"https:\/\/velarogverkfaeri.is\/en\/wp-json\/wp\/v2\/product\/24583","targetHints":{"allow":["GET"]}}],"collection":[{"href":"https:\/\/velarogverkfaeri.is\/en\/wp-json\/wp\/v2\/product"}],"about":[{"href":"https:\/\/velarogverkfaeri.is\/en\/wp-json\/wp\/v2\/types\/product"}],"replies":[{"embeddable":true,"href":"https:\/\/velarogverkfaeri.is\/en\/wp-json\/wp\/v2\/comments?post=24583"}],"wp:featuredmedia":[{"embeddable":true,"href":"https:\/\/velarogverkfaeri.is\/en\/wp-json\/wp\/v2\/media\/72344"}],"wp:attachment":[{"href":"https:\/\/velarogverkfaeri.is\/en\/wp-json\/wp\/v2\/media?parent=24583"}],"wp:term":[{"taxonomy":"product_brand","embeddable":true,"href":"https:\/\/velarogverkfaeri.is\/en\/wp-json\/wp\/v2\/product_brand?post=24583"},{"taxonomy":"product_cat","embeddable":true,"href":"https:\/\/velarogverkfaeri.is\/en\/wp-json\/wp\/v2\/product_cat?post=24583"},{"taxonomy":"product_tag","embeddable":true,"href":"https:\/\/velarogverkfaeri.is\/en\/wp-json\/wp\/v2\/product_tag?post=24583"}],"curies":[{"name":"wp","href":"https:\/\/api.w.org\/{rel}","templated":true}]}}