{"id":24510,"date":"2023-04-28T17:48:36","date_gmt":"2023-04-28T17:48:36","guid":{"rendered":"https:\/\/vv-dev.webdev.is\/?post_type=product&#038;p=24510"},"modified":"2026-04-29T12:01:25","modified_gmt":"2026-04-29T12:01:25","slug":"assa-takkalas-code-handle-fyrir-assa-560-565-laesingar-haegri-ath-ekki-fyrir-mikla-umferd","status":"publish","type":"product","link":"https:\/\/velarogverkfaeri.is\/en\/lykillausnir\/adgangskerfi\/takkalasar-adgangskerfi\/product\/assa-takkalas-code-handle-fyrir-assa-560-565-laesingar-haegri-ath-ekki-fyrir-mikla-umferd\/","title":{"rendered":"ASSA Code Handle Takkal\u00e1s f. ASSA 560\/565 h\u00e6gri"},"content":{"rendered":"<p>L\u00e1sinnlegg \u00far sinki.<br \/>Grip \u00far ry\u00f0fr\u00edu st\u00e1li.<br \/>Veitir \u00fe\u00e6gilega l\u00e6singu \u00e1 innihur\u00f0um.<br \/>Assa 8810 passar skandinav\u00edskt l\u00e1sh\u00fas eins og ASSA Connect og einingal\u00e1sa. <br \/>Uppsetningin er au\u00f0veld: Skr\u00fafa\u00f0u einfaldlega af 2 skr\u00fafur n\u00faverandi hur\u00f0arhandfangs og skiptu yfir \u00ed Code Handle Hur\u00f0. L\u00e6sab\u00fana\u00f0urinn er stj\u00f3rna\u00f0ur me\u00f0 fimm hn\u00f6ppum. Fj\u00f3rir hnappar til a\u00f0 sl\u00e1 inn fj\u00f6gurra til sex stafa k\u00f3\u00f0a til a\u00f0 taka \u00far l\u00e1s og hnappur til a\u00f0 l\u00e6sa. <br \/>Allt a\u00f0 9 mismunandi k\u00f3\u00f0ar. H\u00e6gt er a\u00f0 velja \u00e1 milli \u00feess a\u00f0 l\u00e6sa me\u00f0 hnappinum e\u00f0a sj\u00e1lfvirkri l\u00e6singu \u00feegar hur\u00f0in er loku\u00f0. A\u00f0 innan er handfangi\u00f0 alltaf \u00f3l\u00e6st.<\/p>","protected":false},"excerpt":{"rendered":"<p>Tegund: 8810<\/p>\n<p>ATH. A\u00f0eins fyrir inni hur\u00f0ir og ekki fyrir mikla umfer\u00f0<\/p>","protected":false},"featured_media":60499,"comment_status":"closed","ping_status":"closed","template":"","meta":[],"product_brand":[],"product_cat":[579,517,608],"product_tag":[],"class_list":{"0":"post-24510","1":"product","2":"type-product","3":"status-publish","4":"has-post-thumbnail","6":"product_cat-adgangskerfi","7":"product_cat-lykillausnir","8":"product_cat-takkalasar-adgangskerfi","10":"first","11":"instock","12":"taxable","13":"shipping-taxable","14":"purchasable","15":"product-type-simple"},"yoast_head":"<!-- This site is optimized with the Yoast SEO plugin v27.3 - https:\/\/yoast.com\/product\/yoast-seo-wordpress\/ -->\n<title>ASSA Code Handle Takkal\u00e1s f. ASSA 560\/565 h\u00e6gri - V\u00e9lar &amp; Verkf\u00e6ri<\/title>\n<meta name=\"robots\" content=\"index, follow, max-snippet:-1, max-image-preview:large, max-video-preview:-1\" \/>\n<link rel=\"canonical\" href=\"https:\/\/velarogverkfaeri.is\/en\/lykillausnir\/adgangskerfi\/takkalasar-adgangskerfi\/product\/assa-takkalas-code-handle-fyrir-assa-560-565-laesingar-haegri-ath-ekki-fyrir-mikla-umferd\/\" \/>\n<meta property=\"og:locale\" content=\"en_US\" \/>\n<meta property=\"og:type\" content=\"article\" \/>\n<meta property=\"og:title\" content=\"ASSA Code Handle Takkal\u00e1s f. ASSA 560\/565 h\u00e6gri - V\u00e9lar &amp; Verkf\u00e6ri\" \/>\n<meta property=\"og:description\" content=\"Tegund: 8810ATH. A\u00f0eins fyrir inni hur\u00f0ir og ekki fyrir mikla umfer\u00f0\" \/>\n<meta property=\"og:url\" content=\"https:\/\/velarogverkfaeri.is\/en\/lykillausnir\/adgangskerfi\/takkalasar-adgangskerfi\/product\/assa-takkalas-code-handle-fyrir-assa-560-565-laesingar-haegri-ath-ekki-fyrir-mikla-umferd\/\" \/>\n<meta property=\"og:site_name\" content=\"V\u00e9lar &amp; Verkf\u00e6ri\" \/>\n<meta property=\"article:publisher\" content=\"https:\/\/www.facebook.com\/VelarOgVerkfaeri\" \/>\n<meta property=\"article:modified_time\" content=\"2026-04-29T12:01:25+00:00\" \/>\n<meta property=\"og:image\" content=\"https:\/\/velarogverkfaeri.is\/wp-content\/uploads\/2024\/05\/fb83bc4d-d288-4523-84eb-2345689d6c20.jpg\" \/>\n\t<meta property=\"og:image:width\" content=\"400\" \/>\n\t<meta property=\"og:image:height\" content=\"269\" \/>\n\t<meta property=\"og:image:type\" content=\"image\/jpeg\" \/>\n<meta name=\"twitter:card\" content=\"summary_large_image\" \/>\n<meta name=\"twitter:label1\" content=\"Est. reading time\" \/>\n\t<meta name=\"twitter:data1\" content=\"1 minute\" \/>\n<script type=\"application\/ld+json\" class=\"yoast-schema-graph\">{\"@context\":\"https:\\\/\\\/schema.org\",\"@graph\":[{\"@type\":\"WebPage\",\"@id\":\"https:\\\/\\\/velarogverkfaeri.is\\\/lykillausnir\\\/adgangskerfi\\\/takkalasar-adgangskerfi\\\/product\\\/assa-takkalas-code-handle-fyrir-assa-560-565-laesingar-haegri-ath-ekki-fyrir-mikla-umferd\\\/\",\"url\":\"https:\\\/\\\/velarogverkfaeri.is\\\/lykillausnir\\\/adgangskerfi\\\/takkalasar-adgangskerfi\\\/product\\\/assa-takkalas-code-handle-fyrir-assa-560-565-laesingar-haegri-ath-ekki-fyrir-mikla-umferd\\\/\",\"name\":\"ASSA Code Handle Takkal\u00e1s f. ASSA 560\\\/565 h\u00e6gri - V\u00e9lar &amp; Verkf\u00e6ri\",\"isPartOf\":{\"@id\":\"https:\\\/\\\/velarogverkfaeri.is\\\/en\\\/#website\"},\"primaryImageOfPage\":{\"@id\":\"https:\\\/\\\/velarogverkfaeri.is\\\/lykillausnir\\\/adgangskerfi\\\/takkalasar-adgangskerfi\\\/product\\\/assa-takkalas-code-handle-fyrir-assa-560-565-laesingar-haegri-ath-ekki-fyrir-mikla-umferd\\\/#primaryimage\"},\"image\":{\"@id\":\"https:\\\/\\\/velarogverkfaeri.is\\\/lykillausnir\\\/adgangskerfi\\\/takkalasar-adgangskerfi\\\/product\\\/assa-takkalas-code-handle-fyrir-assa-560-565-laesingar-haegri-ath-ekki-fyrir-mikla-umferd\\\/#primaryimage\"},\"thumbnailUrl\":\"https:\\\/\\\/velarogverkfaeri.is\\\/wp-content\\\/uploads\\\/2024\\\/05\\\/fb83bc4d-d288-4523-84eb-2345689d6c20.jpg\",\"datePublished\":\"2023-04-28T17:48:36+00:00\",\"dateModified\":\"2026-04-29T12:01:25+00:00\",\"breadcrumb\":{\"@id\":\"https:\\\/\\\/velarogverkfaeri.is\\\/lykillausnir\\\/adgangskerfi\\\/takkalasar-adgangskerfi\\\/product\\\/assa-takkalas-code-handle-fyrir-assa-560-565-laesingar-haegri-ath-ekki-fyrir-mikla-umferd\\\/#breadcrumb\"},\"inLanguage\":\"en-US\",\"potentialAction\":[{\"@type\":\"ReadAction\",\"target\":[\"https:\\\/\\\/velarogverkfaeri.is\\\/lykillausnir\\\/adgangskerfi\\\/takkalasar-adgangskerfi\\\/product\\\/assa-takkalas-code-handle-fyrir-assa-560-565-laesingar-haegri-ath-ekki-fyrir-mikla-umferd\\\/\"]}]},{\"@type\":\"ImageObject\",\"inLanguage\":\"en-US\",\"@id\":\"https:\\\/\\\/velarogverkfaeri.is\\\/lykillausnir\\\/adgangskerfi\\\/takkalasar-adgangskerfi\\\/product\\\/assa-takkalas-code-handle-fyrir-assa-560-565-laesingar-haegri-ath-ekki-fyrir-mikla-umferd\\\/#primaryimage\",\"url\":\"https:\\\/\\\/velarogverkfaeri.is\\\/wp-content\\\/uploads\\\/2024\\\/05\\\/fb83bc4d-d288-4523-84eb-2345689d6c20.jpg\",\"contentUrl\":\"https:\\\/\\\/velarogverkfaeri.is\\\/wp-content\\\/uploads\\\/2024\\\/05\\\/fb83bc4d-d288-4523-84eb-2345689d6c20.jpg\",\"width\":400,\"height\":269},{\"@type\":\"BreadcrumbList\",\"@id\":\"https:\\\/\\\/velarogverkfaeri.is\\\/lykillausnir\\\/adgangskerfi\\\/takkalasar-adgangskerfi\\\/product\\\/assa-takkalas-code-handle-fyrir-assa-560-565-laesingar-haegri-ath-ekki-fyrir-mikla-umferd\\\/#breadcrumb\",\"itemListElement\":[{\"@type\":\"ListItem\",\"position\":1,\"name\":\"Home\",\"item\":\"https:\\\/\\\/velarogverkfaeri.is\\\/\"},{\"@type\":\"ListItem\",\"position\":2,\"name\":\"Vefverslun\",\"item\":\"https:\\\/\\\/velarogverkfaeri.is\\\/vefverslun\\\/\"},{\"@type\":\"ListItem\",\"position\":3,\"name\":\"ASSA Code Handle Takkal\u00e1s f. ASSA 560\\\/565 h\u00e6gri\"}]},{\"@type\":\"WebSite\",\"@id\":\"https:\\\/\\\/velarogverkfaeri.is\\\/en\\\/#website\",\"url\":\"https:\\\/\\\/velarogverkfaeri.is\\\/en\\\/\",\"name\":\"V\u00e9lar & Verkf\u00e6ri\",\"description\":\"Umbo\u00f0s- og heildverslun fr\u00e1 \u00e1rinu 1919\",\"publisher\":{\"@id\":\"https:\\\/\\\/velarogverkfaeri.is\\\/en\\\/#organization\"},\"potentialAction\":[{\"@type\":\"SearchAction\",\"target\":{\"@type\":\"EntryPoint\",\"urlTemplate\":\"https:\\\/\\\/velarogverkfaeri.is\\\/en\\\/?s={search_term_string}\"},\"query-input\":{\"@type\":\"PropertyValueSpecification\",\"valueRequired\":true,\"valueName\":\"search_term_string\"}}],\"inLanguage\":\"en-US\"},{\"@type\":\"Organization\",\"@id\":\"https:\\\/\\\/velarogverkfaeri.is\\\/en\\\/#organization\",\"name\":\"V\u00e9lar & Verkf\u00e6ri\",\"url\":\"https:\\\/\\\/velarogverkfaeri.is\\\/en\\\/\",\"logo\":{\"@type\":\"ImageObject\",\"inLanguage\":\"en-US\",\"@id\":\"https:\\\/\\\/velarogverkfaeri.is\\\/en\\\/#\\\/schema\\\/logo\\\/image\\\/\",\"url\":\"https:\\\/\\\/velarogverkfaeri.is\\\/wp-content\\\/uploads\\\/2021\\\/10\\\/vv_logo_350x100.png\",\"contentUrl\":\"https:\\\/\\\/velarogverkfaeri.is\\\/wp-content\\\/uploads\\\/2021\\\/10\\\/vv_logo_350x100.png\",\"width\":350,\"height\":100,\"caption\":\"V\u00e9lar & Verkf\u00e6ri\"},\"image\":{\"@id\":\"https:\\\/\\\/velarogverkfaeri.is\\\/en\\\/#\\\/schema\\\/logo\\\/image\\\/\"},\"sameAs\":[\"https:\\\/\\\/www.facebook.com\\\/VelarOgVerkfaeri\"]}]}<\/script>\n<!-- \/ Yoast SEO plugin. -->","yoast_head_json":{"title":"ASSA Code Handle Takkal\u00e1s f. ASSA 560\/565 h\u00e6gri - V\u00e9lar &amp; Verkf\u00e6ri","robots":{"index":"index","follow":"follow","max-snippet":"max-snippet:-1","max-image-preview":"max-image-preview:large","max-video-preview":"max-video-preview:-1"},"canonical":"https:\/\/velarogverkfaeri.is\/en\/lykillausnir\/adgangskerfi\/takkalasar-adgangskerfi\/product\/assa-takkalas-code-handle-fyrir-assa-560-565-laesingar-haegri-ath-ekki-fyrir-mikla-umferd\/","og_locale":"en_US","og_type":"article","og_title":"ASSA Code Handle Takkal\u00e1s f. ASSA 560\/565 h\u00e6gri - V\u00e9lar &amp; Verkf\u00e6ri","og_description":"Tegund: 8810ATH. A\u00f0eins fyrir inni hur\u00f0ir og ekki fyrir mikla umfer\u00f0","og_url":"https:\/\/velarogverkfaeri.is\/en\/lykillausnir\/adgangskerfi\/takkalasar-adgangskerfi\/product\/assa-takkalas-code-handle-fyrir-assa-560-565-laesingar-haegri-ath-ekki-fyrir-mikla-umferd\/","og_site_name":"V\u00e9lar &amp; Verkf\u00e6ri","article_publisher":"https:\/\/www.facebook.com\/VelarOgVerkfaeri","article_modified_time":"2026-04-29T12:01:25+00:00","og_image":[{"width":400,"height":269,"url":"https:\/\/velarogverkfaeri.is\/wp-content\/uploads\/2024\/05\/fb83bc4d-d288-4523-84eb-2345689d6c20.jpg","type":"image\/jpeg"}],"twitter_card":"summary_large_image","twitter_misc":{"Est. reading time":"1 minute"},"schema":{"@context":"https:\/\/schema.org","@graph":[{"@type":"WebPage","@id":"https:\/\/velarogverkfaeri.is\/lykillausnir\/adgangskerfi\/takkalasar-adgangskerfi\/product\/assa-takkalas-code-handle-fyrir-assa-560-565-laesingar-haegri-ath-ekki-fyrir-mikla-umferd\/","url":"https:\/\/velarogverkfaeri.is\/lykillausnir\/adgangskerfi\/takkalasar-adgangskerfi\/product\/assa-takkalas-code-handle-fyrir-assa-560-565-laesingar-haegri-ath-ekki-fyrir-mikla-umferd\/","name":"ASSA Code Handle Takkal\u00e1s f. ASSA 560\/565 h\u00e6gri - V\u00e9lar &amp; Verkf\u00e6ri","isPartOf":{"@id":"https:\/\/velarogverkfaeri.is\/en\/#website"},"primaryImageOfPage":{"@id":"https:\/\/velarogverkfaeri.is\/lykillausnir\/adgangskerfi\/takkalasar-adgangskerfi\/product\/assa-takkalas-code-handle-fyrir-assa-560-565-laesingar-haegri-ath-ekki-fyrir-mikla-umferd\/#primaryimage"},"image":{"@id":"https:\/\/velarogverkfaeri.is\/lykillausnir\/adgangskerfi\/takkalasar-adgangskerfi\/product\/assa-takkalas-code-handle-fyrir-assa-560-565-laesingar-haegri-ath-ekki-fyrir-mikla-umferd\/#primaryimage"},"thumbnailUrl":"https:\/\/velarogverkfaeri.is\/wp-content\/uploads\/2024\/05\/fb83bc4d-d288-4523-84eb-2345689d6c20.jpg","datePublished":"2023-04-28T17:48:36+00:00","dateModified":"2026-04-29T12:01:25+00:00","breadcrumb":{"@id":"https:\/\/velarogverkfaeri.is\/lykillausnir\/adgangskerfi\/takkalasar-adgangskerfi\/product\/assa-takkalas-code-handle-fyrir-assa-560-565-laesingar-haegri-ath-ekki-fyrir-mikla-umferd\/#breadcrumb"},"inLanguage":"en-US","potentialAction":[{"@type":"ReadAction","target":["https:\/\/velarogverkfaeri.is\/lykillausnir\/adgangskerfi\/takkalasar-adgangskerfi\/product\/assa-takkalas-code-handle-fyrir-assa-560-565-laesingar-haegri-ath-ekki-fyrir-mikla-umferd\/"]}]},{"@type":"ImageObject","inLanguage":"en-US","@id":"https:\/\/velarogverkfaeri.is\/lykillausnir\/adgangskerfi\/takkalasar-adgangskerfi\/product\/assa-takkalas-code-handle-fyrir-assa-560-565-laesingar-haegri-ath-ekki-fyrir-mikla-umferd\/#primaryimage","url":"https:\/\/velarogverkfaeri.is\/wp-content\/uploads\/2024\/05\/fb83bc4d-d288-4523-84eb-2345689d6c20.jpg","contentUrl":"https:\/\/velarogverkfaeri.is\/wp-content\/uploads\/2024\/05\/fb83bc4d-d288-4523-84eb-2345689d6c20.jpg","width":400,"height":269},{"@type":"BreadcrumbList","@id":"https:\/\/velarogverkfaeri.is\/lykillausnir\/adgangskerfi\/takkalasar-adgangskerfi\/product\/assa-takkalas-code-handle-fyrir-assa-560-565-laesingar-haegri-ath-ekki-fyrir-mikla-umferd\/#breadcrumb","itemListElement":[{"@type":"ListItem","position":1,"name":"Home","item":"https:\/\/velarogverkfaeri.is\/"},{"@type":"ListItem","position":2,"name":"Vefverslun","item":"https:\/\/velarogverkfaeri.is\/vefverslun\/"},{"@type":"ListItem","position":3,"name":"ASSA Code Handle Takkal\u00e1s f. ASSA 560\/565 h\u00e6gri"}]},{"@type":"WebSite","@id":"https:\/\/velarogverkfaeri.is\/en\/#website","url":"https:\/\/velarogverkfaeri.is\/en\/","name":"V\u00e9lar & Verkf\u00e6ri","description":"Umbo\u00f0s- og heildverslun fr\u00e1 \u00e1rinu 1919","publisher":{"@id":"https:\/\/velarogverkfaeri.is\/en\/#organization"},"potentialAction":[{"@type":"SearchAction","target":{"@type":"EntryPoint","urlTemplate":"https:\/\/velarogverkfaeri.is\/en\/?s={search_term_string}"},"query-input":{"@type":"PropertyValueSpecification","valueRequired":true,"valueName":"search_term_string"}}],"inLanguage":"en-US"},{"@type":"Organization","@id":"https:\/\/velarogverkfaeri.is\/en\/#organization","name":"V\u00e9lar & Verkf\u00e6ri","url":"https:\/\/velarogverkfaeri.is\/en\/","logo":{"@type":"ImageObject","inLanguage":"en-US","@id":"https:\/\/velarogverkfaeri.is\/en\/#\/schema\/logo\/image\/","url":"https:\/\/velarogverkfaeri.is\/wp-content\/uploads\/2021\/10\/vv_logo_350x100.png","contentUrl":"https:\/\/velarogverkfaeri.is\/wp-content\/uploads\/2021\/10\/vv_logo_350x100.png","width":350,"height":100,"caption":"V\u00e9lar & Verkf\u00e6ri"},"image":{"@id":"https:\/\/velarogverkfaeri.is\/en\/#\/schema\/logo\/image\/"},"sameAs":["https:\/\/www.facebook.com\/VelarOgVerkfaeri"]}]}},"_links":{"self":[{"href":"https:\/\/velarogverkfaeri.is\/en\/wp-json\/wp\/v2\/product\/24510","targetHints":{"allow":["GET"]}}],"collection":[{"href":"https:\/\/velarogverkfaeri.is\/en\/wp-json\/wp\/v2\/product"}],"about":[{"href":"https:\/\/velarogverkfaeri.is\/en\/wp-json\/wp\/v2\/types\/product"}],"replies":[{"embeddable":true,"href":"https:\/\/velarogverkfaeri.is\/en\/wp-json\/wp\/v2\/comments?post=24510"}],"wp:featuredmedia":[{"embeddable":true,"href":"https:\/\/velarogverkfaeri.is\/en\/wp-json\/wp\/v2\/media\/60499"}],"wp:attachment":[{"href":"https:\/\/velarogverkfaeri.is\/en\/wp-json\/wp\/v2\/media?parent=24510"}],"wp:term":[{"taxonomy":"product_brand","embeddable":true,"href":"https:\/\/velarogverkfaeri.is\/en\/wp-json\/wp\/v2\/product_brand?post=24510"},{"taxonomy":"product_cat","embeddable":true,"href":"https:\/\/velarogverkfaeri.is\/en\/wp-json\/wp\/v2\/product_cat?post=24510"},{"taxonomy":"product_tag","embeddable":true,"href":"https:\/\/velarogverkfaeri.is\/en\/wp-json\/wp\/v2\/product_tag?post=24510"}],"curies":[{"name":"wp","href":"https:\/\/api.w.org\/{rel}","templated":true}]}}