{"id":24437,"date":"2023-04-28T18:02:04","date_gmt":"2023-04-28T18:02:04","guid":{"rendered":"https:\/\/vv-dev.webdev.is\/?post_type=product&#038;p=24437"},"modified":"2025-04-25T16:26:38","modified_gmt":"2025-04-25T16:26:38","slug":"tecnolumen-bordlampi-sf27-hannadur-1927","status":"publish","type":"product","link":"https:\/\/velarogverkfaeri.is\/en\/honnunarlausnir\/lampar\/bordlampar\/product\/tecnolumen-bordlampi-sf27-hannadur-1927\/","title":{"rendered":"TECNOLUMEN Bauhaus Bor\u00f0lampi"},"content":{"rendered":"<p>\u00c1 2. \u00e1ratugnum var til r\u00f6\u00f0 af svipu\u00f0um skrifbor\u00f0sl\u00f6mpum sem h\u00e6gt var a\u00f0 f\u00e6ra til e\u00f0a sn\u00faa \u00e1 \u00fdmsum st\u00f6\u00f0um. Alls konar m\u00f3del voru b\u00fain til af h\u00f6nnu\u00f0um eins og Christian Dell, Ferdinand Kramer, Marianne Brandt og Eduard-Wilfrid Buquet. \u00deegar vi\u00f0 uppg\u00f6tvu\u00f0um upprunalegu \u00fatg\u00e1funa af lampanum okkar \u00ed Sv\u00ed\u00fej\u00f3\u00f0 g\u00e1tum vi\u00f0 ekki \u00e1kvar\u00f0a\u00f0 yfirbor\u00f0sefni hans, svo vi\u00f0 kr\u00f3mh\u00fa\u00f0u\u00f0um yfirbor\u00f0 stanganna og grunnpl\u00f6tunnar, m\u00e1lu\u00f0um endurskini\u00f0 svart og skildum eftir a\u00f0ger\u00f0apunktana \u00ed kopar e\u00f0a kr\u00f3m.<\/p>\n<p>Hver lampi er n\u00famera\u00f0ur \u00ed r\u00f6\u00f0 og ber TECNOLUMEN innsigli\u00f0.<\/p>\n<p><\/p>\n<p>Lei\u00f0beinandi lj\u00f3sgjafi: LED lampi 7 W, matt<\/p>\n<p><img decoding=\"async\" src=\"data:image\/png;base64,iVBORw0KGgoAAAANSUhEUgAAARgAAAA7CAYAAACgwZWgAAAAAXNSR0IArs4c6QAAAARnQU1BAACxjwv8YQUAAAAJcEhZcwAADsMAAA7DAcdvqGQAABFsSURBVHhe7Z0JcBRFF8cfXiAqYgQ0QCKgKCgoBCECClqKEFEJHogXgpLEKAkqBhQPBDGgFAoJymWp5QWokKBG0OIQKVCOQOGHiiUoJpEowQsUEJT++v\/Sm2w2u7M9e86G\/lUNu9PTs9lmp9+8ftfUExIyGAyGMHCMejUYDIaQYwSMwWAIG0bAGAyGsGEEjMFgCBtGwBgMhrBhBIzBYAgbft3U9erVU+9iC3\/e91gdFzBji03q6tisxqUlYL777ju1Fxu0bdtW68eMtXEBMzYzNifhb1xaAubHH3+kxMRE1eJsSkpK6KyzztL+Mc855xzV4ny2b99u60I1Y3MGdsZW1+aascGEiP\/++4\/Wr19Pn376adW2YcMGbjcYjlaMgAmCnTt30iOPPEIpKSkUFxdHycnJdMUVV1Rt3bp1oyZNmtC1115Ljz76KPc3GI4mjIAJgH\/++YdGjRpF5513Hj377LO0Y8cOGjRoEI0bN47mzJlDRUVF\/Ir9m266ib799luaPHky9x8zZgwdPHhQfZIh3Bw4cICmTp1Kv\/76q2qp++B6nDJlCt\/YTj\/9dDr11FPpggsuoDvuuIM+++wz1cs+w4cPp3Xr1qk9TeT6yRJ0ketCted88F01hsV95Fpe7elz6NAh0adPHz4\/LS1NLF++XB2xZtmyZdwf5+F8uXRSR\/TB9w3n2KJJqMcmhbh44YUXxJlnnsnn7Nq1Sx2JPHbGFsxcW7hwobjoootEw4YNxdChQ0V+fr746KOPuB3\/F1LA8LEOHToIKWjUWXpkZGSIc889V2zfvl216M01v6MOdtCRJtwCZtKkSXxubm6uarEHzsP5+MHtEupJKMRGkZfQQiSoLb1wt2r3oHh6VR+\/fQMkVGODYMnLyxPx8fHc17XVZQFTWloq5JJcJCYmitmzZ4v9+\/erI7XB\/89rr73G\/z\/p6eli37596ohv7r\/\/ftGmTRuxbds21VKJETAWoI\/eJKwJ7hBdu3ZVe4GB85OTk9WePqGahC42TpPC4t4CwaJiV4FIl4Ijr5gP1YQFzHBREMY5GuzY5LJVzJgxQ7Ro0YL7eG51VcCsXbtWNGvWjIUA\/g90+euvv0RmZqa48MILxU8\/\/aRaazNy5EgWXFu3blUt1ejMNWODsUmDBg2oadOmai8wTjvtNPUumlRQ6Tb50i6BeDTxPSmlP9HW0grsxQyHDx+mWbNmsdt6xIgRJCeLOlKTZ555hl5++WW2IcjrXrXGNrDtXXnllXTzzTeTFK50wgknqCP+Oemkk+ill17iczt16uQ1\/ubhhx+md999l95\/\/3224QSCETA2GTx4MMl1LS1dulS12OP111+nTz75hD8nujSl1JllVDKyi9ovodIi9dYGFYvTKDEzj\/IzW1JiIrY0KtxUSBn8Xm6ZhVKUhRfEj\/ijuLiYnnjiCbrkkkuoVatW7NX75ptv1NHYA+EPcCz079+fhUugPP7445SWlka33HIL\/fvvv6qV2Dv6xhtv0AcffEBSa1etAVCpyPgGXcwSqRp3I6+8A4gDBw6oI9aUlZWJ8ePH83k4H59jl2CXEZYoO4vvJZK7DaZ6ubS7cLjb\/m5RcK\/bskvZeLx+pgfBjg3LgxdffNHvEmnnzp1i3LhxonXr1tzesWNHMXnyZFFSUsLHw4GdsenONRhw4+LixJ9\/\/qlaAgcOh6SkJP5MMHbsWP5sqe3xvi905prfUdsZtBMIt4ABECo5OTlCqqTiuOOOE3379hVS2osVK1YIqbay4eyrr74SUssRc+bMEZdddhn\/PamWCnnHYENbIAQ7CX2jjL1VgsEDDxsM226mbeT3LGDczsOxagNwpcCJhIBxoWvkPXLkiFi1ahUbOvG7oA8E\/5YtW1SP0GFnbDpzDd89ISFBTJgwQbUEz8qVK0Xz5s35+mzUqJFYs2aNOuIbI2AsQB97k7A2O3bsYLdf27ZtRePGjfkzPTf8WHL9ysdhWAuGUE1CT1hg2DDiugsVpwkYFy439RlnnMHnWBl5ccOAZ6Vdu3ZCLrfYsBkKzcCFnbHpzDW4mNFXLvFUS2iAS79BgwYseHXQmWvGBhMEbdq0oVNOOYVuvfVW2rNnD33++eckL1SaNGkSv37xxRf022+\/0Q033MDGYRjWHMemPBo4lSglP5dS41WbDkUlVKLeOpH69evTAw88QD\/88AMH2lkZQPHb3HXXXSS1Tpo7dy7NmzePc4eWLVumejgL5DZJzZkDN0MFrtmKigoaMmQI9erVS7UGjxEwIeLYY49lAyIuVBjI8IrUAbQ7l2LKT32OqP8MmjjAt2eMDbmJebK3G\/0TKRZS8k488UR66KGHOKLVH8cccwzdc889nNJxzTXX0NVXX01PP\/20OuocpCZMJ598spZxWwdE\/cIADoNxy5YtVWtoMNnUXrJyH3zwQfXOP\/BOSDXc8ocpLS2l3bt3U5cuLo+Nf6R6r95VE+qM4+LpLaX2MpoKSrLJ8puVF1JGchGlrJvLWg6fR4vZAwXh02Vpfyqemcrubhyb02ozzWaBVUGFmZ2pNK2MspL4k3zixGxq\/AY5OTl8s4CLO9AJHeps6rfffptuv\/122rdvHwuaYMAYIYCR3vLKK6+wNwmuax105lpoBYxUtxNxR\/Qgp9DbBSbvnokDaIraS8l3XZQ12114\/4zahELANGzYMKoCFWPYv3+\/2qsmtJOwcvJne7qmpTYDYUEQHFlEeUqosCDJWqI6VQuluixgAJZJN954I+eUBSpkQi1gtm3bRu3bt2ehAE0rUPLz8yk7O5sWL15M119\/PbVu3ZpWrVqlfe1rzTV50BJ0gTFHCxsRn9pRpHxM3wCJ76oxLO4jL1S1VxOpVgu5bld7kQV\/F3\/fG\/i+wY5Nl5rG2vATybHZZcOGDaJ+\/fri7rvvZg+OXeyMTXeuwXgttRi1Zx+EWODvLVq0iPfhku7UqRO\/10VnrkXJBqMfRVqxvoiWyLVhTzsGSENwyCXRHLl0SrewyxxNXHzxxfTWW2\/Rq6++yvYKJ4Co5fnz5weUJY5M\/\/vuu4\/eeecdGjhwILch0nno0KH8PpREScDoRpFW0JqlUi13CSJDZIhPpdn+7DJHGVgmwVYBYyiWKNEmKyuLDdjebHVWwM6SkZHBdhyXrQWR5atXryapofF+KHGGF2nTGra5dEjwECPla2iJFDw5l5lL3RB9cnNzKSEhoVZYfTRAjZfZs2dznaHrrrtOtVqDNBV4yfCK0AqAlAO4859\/\/nkOuQg1YRAwSyg72ZWXgs3DvVmLalfpYE9DYHmJ\/LQUSnDi8gielaoxtqT8Taq9FjBaV\/fLWBxbyYS+QMwEEgvdS4S6b3URxNIgRmbr1q2cYBltbrvtNnajf\/jhh7Ro0SLV6h1oLPCGQYO58847VSvRzJkzOXk3HMsjRtlifIIu4TDyurCKIq1hCNYkMkbeytD6KiOoz3Gr3BwVVm9pzFY4xcjrC4Thu\/J4pk+fzq\/eNp06I+44YWy6yInKYfWHDx9WLdbYGZv2XFNITYpLiLRv31611GbBggX82UhbcWfPnj1CakJeSzHo4GAjr8IyirSY1uJYv57Os7+Ul9JW+VK1pEvqSTlS1yotr9ytptK2lNJKuf1itCSCC9QehlsTAVlQsxGhvHLlyhrb2LFjVe+6CzKxd+3axdnG0QaBnE899RRnhkOz8gSaDZZ0KM2ArGl3YOxFuYdASzHoEEUB4yeK1JddxgmwEVQnLqcLZcl+lTEhsQ0uYpSogEEQ8RNQsxFcePnll9fYEJ9R10GIfr9+\/dgG4gQg8Bs3bsxxMe6gjguM01LrpMzMTNVajbuhN1xETcAUT0cw3WgqUAFanlSU\/k\/+O5p6aATXRZuKxbN4LH6\/66Z5lF2UQindYkvgfPnll+zGRAGiPn36qFZrpHas3tVNhg0bxsWrystrqa0R5\/jjj2ctRC7FVAtxzaIBAwaw8RYeJ09gpP7666+pd+\/eqiU8RMDI682wqeJg6Dka6NavujhRMc1H1Oions52lSpD7+OUSyWWbl1l6F3dU\/arjIyNJWAYxAWJpyToguQ5aD3etr\/\/\/lv1il1QsR\/Lk4ULF6qW6IIiWoisBR9\/\/DF7lhCz4yvt5ZdffuFXpLmElUpTjG\/Qxa7hKZpExshbk5pFlyxQhZtizcg7aNAgrt2qA+ri4O9bbfLiVr2ridbYggH1Y1Bs2x92xhboXENN3u7du\/PTK1CnCMXprUCpERjrg8H5Rt46QtMBuZTXfwktWe\/HeJuUTQWjiKastnbcOw08W6h58+ZqT4+9e\/fiyvO6NWvWTPWKbVDWYO3atY54emejRo3o+++\/55wiBAMio98KhBh06NBB7YUPI2ACAUmdqD3rb\/mtllC+Y2QMsYzU6vghfHjQWbRp164dL3sQ+o86u\/6AgdqbbSbUGAETCPGJlOLullYRx7U8XvEJhHtEtVtaud5dbmtDTNOxY0d+hbE0msDYDFsLat689957\/NQKfxueo65rsA8GI2ACIT6VJuan0JRUZZxOHkGUv1m5rVGiwGWw7kJZhaNpSVZnZcgeQFNGLY6I2xr1QjxdyIFuWAagGJMdAilrEGugvAGqFEZTwKAeEZZFiHFBSQnkJ0GAoErfkSNH2KAOTxE8Sq6te\/fuXEsmEhgBEyBNB8ylkpKyqq1aaCC4LoXynlTu96TsGv2qEzzDC6rpeRMWgWy4M8J2YqgMToPwdG2YwI899liNtkhVwduyZQt7ixCThJwkxMKg2t3vv\/\/OrusWLVpQ586duWQoSri6NgQK2r1hBIy8cCxBF+NF0oc9Sq7UgABwohdJXsSiX79+as8alxdp7969qkWPaI3NLgjNR0V\/fA9vG0LvPYu72xmb7lxDeD++BwqUuxgzZowYMmSIKC8v5+Mo3o3nUiNFAF4lPK4F27BhwzjVIViMFykKsGYTIS0lUiDJD09QtAPu5HURV2i+L+QkD3txdzzREZoLlkbTpk1TrZUghSM+Pp49RFgaISAQMUmI13Elom7evFn1Dj9GwBj8Ag+F3acgypuXelf3QFYynijhCZaSyNUKJyi\/CeHSt29fr090RAoDynwuX76cVqxYwUWysCRCyoBryYtlU6QwAsbgF7hjkdyHR7DogrgMd7uE+4YC6LEMtBhvUc3h1l7wtANoLdBMUGbBG8gXu+qqqziJES5r2IcWLFjAiZAHDx5UvSKnYZqnCvgo+j1x4kS1F3kQxxD+ot\/64LvgAelJSUlcptGKN998k42OyIWBR8MbuIt64tSi376AhwbfF8FtANpLWVkZe288CUXRb3w2CnzjyRTQSryB4DoIGGg4+CwYe3FjQL6U6\/XQoUPcF4GTCLYLBp25ZgSMDwETbZwkYMDGjRupa9eu1KNHDy4B4CuHxSVg7D5SI9YEDHA9PgQgqdBX3k+wAubnn39m4YKERqsSERMmTKDx48fTpZdeSueffz41adKE4uLiWPhhg3aF74AlE2r54v8xGIyAscBJF6ou0Z6ECOJCej\/u0tBCEJKO8g3uIPO6oKDgqBAw0GIw6f\/44w+eI76eHhmMgMETQyFczj77bK6mZwUM8bAPoS6Pr6c+4rtiqQtNB0IoGHTmmrHBGLRBIBciQCFk8EhWaDW4Y7pvEC5HC4glgdYAO4fVo2kDBcIANhdMYn\/CBSD2BVoVBD8mP2JiXIZd2NHwzCO84jcMVrhoI6WPJegiparacz74rhrD4j7yTqj2YgN8XzO2uj0211xDyVG51BGpqam8bxfEv8glkejduzdvUoMSvXr1Cui5Tr7QmWtGgzEYHAiWl+np6QFrhChn+uSTT1ZpMCgQjiheLMMiiREwBoNDca\/+HwijR4+uUegLuVORRsvIK1U8tRcb2DEWxhpmbGZsTsLfuLQETCyi82PGKmZssUldHZvVuPwKGIPBYAgUY4MxGAxhwwgYg8EQNoyAMRgMYcMIGIPBECaI\/g8uhXQQEZni7gAAAABJRU5ErkJggg==\" alt=\"\"><\/p>","protected":false},"excerpt":{"rendered":"<p>Tegund:&nbsp;SF 27 Chr<\/p>\n<p>ATH a\u00f0eins 1 stk til \u00e1 lager<\/p>","protected":false},"featured_media":32668,"comment_status":"closed","ping_status":"closed","template":"","meta":[],"product_brand":[],"product_cat":[575,518,546],"product_tag":[849],"class_list":{"0":"post-24437","1":"product","2":"type-product","3":"status-publish","4":"has-post-thumbnail","6":"product_cat-bordlampar","7":"product_cat-honnunarlausnir","8":"product_cat-lampar","9":"product_tag-tecnolumen","11":"first","12":"instock","13":"taxable","14":"shipping-taxable","15":"purchasable","16":"product-type-simple"},"yoast_head":"<!-- This site is optimized with the Yoast SEO plugin v27.3 - https:\/\/yoast.com\/product\/yoast-seo-wordpress\/ -->\n<title>TECNOLUMEN Bauhaus Bor\u00f0lampi - V\u00e9lar &amp; Verkf\u00e6ri<\/title>\n<meta name=\"robots\" content=\"index, follow, max-snippet:-1, max-image-preview:large, max-video-preview:-1\" \/>\n<link rel=\"canonical\" href=\"https:\/\/velarogverkfaeri.is\/en\/honnunarlausnir\/lampar\/bordlampar\/product\/tecnolumen-bordlampi-sf27-hannadur-1927\/\" \/>\n<meta property=\"og:locale\" content=\"en_US\" \/>\n<meta property=\"og:type\" content=\"article\" \/>\n<meta property=\"og:title\" content=\"TECNOLUMEN Bauhaus Bor\u00f0lampi - V\u00e9lar &amp; Verkf\u00e6ri\" \/>\n<meta property=\"og:description\" content=\"Tegund:&nbsp;SF 27 ChrATH a\u00f0eins 1 stk til \u00e1 lager\" \/>\n<meta property=\"og:url\" content=\"https:\/\/velarogverkfaeri.is\/en\/honnunarlausnir\/lampar\/bordlampar\/product\/tecnolumen-bordlampi-sf27-hannadur-1927\/\" \/>\n<meta property=\"og:site_name\" content=\"V\u00e9lar &amp; Verkf\u00e6ri\" \/>\n<meta property=\"article:publisher\" content=\"https:\/\/www.facebook.com\/VelarOgVerkfaeri\" \/>\n<meta property=\"article:modified_time\" content=\"2025-04-25T16:26:38+00:00\" \/>\n<meta property=\"og:image\" content=\"https:\/\/velarogverkfaeri.is\/wp-content\/uploads\/2023\/06\/bf558ecf-2f19-4bcf-91bc-d023c2576f2c.jpeg\" \/>\n\t<meta property=\"og:image:width\" content=\"1228\" \/>\n\t<meta property=\"og:image:height\" content=\"1500\" \/>\n\t<meta property=\"og:image:type\" content=\"image\/jpeg\" \/>\n<meta name=\"twitter:card\" content=\"summary_large_image\" \/>\n<meta name=\"twitter:label1\" content=\"Est. reading time\" \/>\n\t<meta name=\"twitter:data1\" content=\"1 minute\" \/>\n<script type=\"application\/ld+json\" class=\"yoast-schema-graph\">{\"@context\":\"https:\\\/\\\/schema.org\",\"@graph\":[{\"@type\":\"WebPage\",\"@id\":\"https:\\\/\\\/velarogverkfaeri.is\\\/honnunarlausnir\\\/lampar\\\/bordlampar\\\/product\\\/tecnolumen-bordlampi-sf27-hannadur-1927\\\/\",\"url\":\"https:\\\/\\\/velarogverkfaeri.is\\\/honnunarlausnir\\\/lampar\\\/bordlampar\\\/product\\\/tecnolumen-bordlampi-sf27-hannadur-1927\\\/\",\"name\":\"TECNOLUMEN Bauhaus Bor\u00f0lampi - V\u00e9lar &amp; Verkf\u00e6ri\",\"isPartOf\":{\"@id\":\"https:\\\/\\\/velarogverkfaeri.is\\\/en\\\/#website\"},\"primaryImageOfPage\":{\"@id\":\"https:\\\/\\\/velarogverkfaeri.is\\\/honnunarlausnir\\\/lampar\\\/bordlampar\\\/product\\\/tecnolumen-bordlampi-sf27-hannadur-1927\\\/#primaryimage\"},\"image\":{\"@id\":\"https:\\\/\\\/velarogverkfaeri.is\\\/honnunarlausnir\\\/lampar\\\/bordlampar\\\/product\\\/tecnolumen-bordlampi-sf27-hannadur-1927\\\/#primaryimage\"},\"thumbnailUrl\":\"https:\\\/\\\/velarogverkfaeri.is\\\/wp-content\\\/uploads\\\/2023\\\/06\\\/bf558ecf-2f19-4bcf-91bc-d023c2576f2c.jpeg\",\"datePublished\":\"2023-04-28T18:02:04+00:00\",\"dateModified\":\"2025-04-25T16:26:38+00:00\",\"breadcrumb\":{\"@id\":\"https:\\\/\\\/velarogverkfaeri.is\\\/honnunarlausnir\\\/lampar\\\/bordlampar\\\/product\\\/tecnolumen-bordlampi-sf27-hannadur-1927\\\/#breadcrumb\"},\"inLanguage\":\"en-US\",\"potentialAction\":[{\"@type\":\"ReadAction\",\"target\":[\"https:\\\/\\\/velarogverkfaeri.is\\\/honnunarlausnir\\\/lampar\\\/bordlampar\\\/product\\\/tecnolumen-bordlampi-sf27-hannadur-1927\\\/\"]}]},{\"@type\":\"ImageObject\",\"inLanguage\":\"en-US\",\"@id\":\"https:\\\/\\\/velarogverkfaeri.is\\\/honnunarlausnir\\\/lampar\\\/bordlampar\\\/product\\\/tecnolumen-bordlampi-sf27-hannadur-1927\\\/#primaryimage\",\"url\":\"https:\\\/\\\/velarogverkfaeri.is\\\/wp-content\\\/uploads\\\/2023\\\/06\\\/bf558ecf-2f19-4bcf-91bc-d023c2576f2c.jpeg\",\"contentUrl\":\"https:\\\/\\\/velarogverkfaeri.is\\\/wp-content\\\/uploads\\\/2023\\\/06\\\/bf558ecf-2f19-4bcf-91bc-d023c2576f2c.jpeg\",\"width\":1228,\"height\":1500},{\"@type\":\"BreadcrumbList\",\"@id\":\"https:\\\/\\\/velarogverkfaeri.is\\\/honnunarlausnir\\\/lampar\\\/bordlampar\\\/product\\\/tecnolumen-bordlampi-sf27-hannadur-1927\\\/#breadcrumb\",\"itemListElement\":[{\"@type\":\"ListItem\",\"position\":1,\"name\":\"Home\",\"item\":\"https:\\\/\\\/velarogverkfaeri.is\\\/\"},{\"@type\":\"ListItem\",\"position\":2,\"name\":\"Vefverslun\",\"item\":\"https:\\\/\\\/velarogverkfaeri.is\\\/vefverslun\\\/\"},{\"@type\":\"ListItem\",\"position\":3,\"name\":\"TECNOLUMEN Bauhaus Bor\u00f0lampi\"}]},{\"@type\":\"WebSite\",\"@id\":\"https:\\\/\\\/velarogverkfaeri.is\\\/en\\\/#website\",\"url\":\"https:\\\/\\\/velarogverkfaeri.is\\\/en\\\/\",\"name\":\"V\u00e9lar & Verkf\u00e6ri\",\"description\":\"Umbo\u00f0s- og heildverslun fr\u00e1 \u00e1rinu 1919\",\"publisher\":{\"@id\":\"https:\\\/\\\/velarogverkfaeri.is\\\/en\\\/#organization\"},\"potentialAction\":[{\"@type\":\"SearchAction\",\"target\":{\"@type\":\"EntryPoint\",\"urlTemplate\":\"https:\\\/\\\/velarogverkfaeri.is\\\/en\\\/?s={search_term_string}\"},\"query-input\":{\"@type\":\"PropertyValueSpecification\",\"valueRequired\":true,\"valueName\":\"search_term_string\"}}],\"inLanguage\":\"en-US\"},{\"@type\":\"Organization\",\"@id\":\"https:\\\/\\\/velarogverkfaeri.is\\\/en\\\/#organization\",\"name\":\"V\u00e9lar & Verkf\u00e6ri\",\"url\":\"https:\\\/\\\/velarogverkfaeri.is\\\/en\\\/\",\"logo\":{\"@type\":\"ImageObject\",\"inLanguage\":\"en-US\",\"@id\":\"https:\\\/\\\/velarogverkfaeri.is\\\/en\\\/#\\\/schema\\\/logo\\\/image\\\/\",\"url\":\"https:\\\/\\\/velarogverkfaeri.is\\\/wp-content\\\/uploads\\\/2021\\\/10\\\/vv_logo_350x100.png\",\"contentUrl\":\"https:\\\/\\\/velarogverkfaeri.is\\\/wp-content\\\/uploads\\\/2021\\\/10\\\/vv_logo_350x100.png\",\"width\":350,\"height\":100,\"caption\":\"V\u00e9lar & Verkf\u00e6ri\"},\"image\":{\"@id\":\"https:\\\/\\\/velarogverkfaeri.is\\\/en\\\/#\\\/schema\\\/logo\\\/image\\\/\"},\"sameAs\":[\"https:\\\/\\\/www.facebook.com\\\/VelarOgVerkfaeri\"]}]}<\/script>\n<!-- \/ Yoast SEO plugin. -->","yoast_head_json":{"title":"TECNOLUMEN Bauhaus Bor\u00f0lampi - V\u00e9lar &amp; Verkf\u00e6ri","robots":{"index":"index","follow":"follow","max-snippet":"max-snippet:-1","max-image-preview":"max-image-preview:large","max-video-preview":"max-video-preview:-1"},"canonical":"https:\/\/velarogverkfaeri.is\/en\/honnunarlausnir\/lampar\/bordlampar\/product\/tecnolumen-bordlampi-sf27-hannadur-1927\/","og_locale":"en_US","og_type":"article","og_title":"TECNOLUMEN Bauhaus Bor\u00f0lampi - V\u00e9lar &amp; Verkf\u00e6ri","og_description":"Tegund:&nbsp;SF 27 ChrATH a\u00f0eins 1 stk til \u00e1 lager","og_url":"https:\/\/velarogverkfaeri.is\/en\/honnunarlausnir\/lampar\/bordlampar\/product\/tecnolumen-bordlampi-sf27-hannadur-1927\/","og_site_name":"V\u00e9lar &amp; Verkf\u00e6ri","article_publisher":"https:\/\/www.facebook.com\/VelarOgVerkfaeri","article_modified_time":"2025-04-25T16:26:38+00:00","og_image":[{"width":1228,"height":1500,"url":"https:\/\/velarogverkfaeri.is\/wp-content\/uploads\/2023\/06\/bf558ecf-2f19-4bcf-91bc-d023c2576f2c.jpeg","type":"image\/jpeg"}],"twitter_card":"summary_large_image","twitter_misc":{"Est. reading time":"1 minute"},"schema":{"@context":"https:\/\/schema.org","@graph":[{"@type":"WebPage","@id":"https:\/\/velarogverkfaeri.is\/honnunarlausnir\/lampar\/bordlampar\/product\/tecnolumen-bordlampi-sf27-hannadur-1927\/","url":"https:\/\/velarogverkfaeri.is\/honnunarlausnir\/lampar\/bordlampar\/product\/tecnolumen-bordlampi-sf27-hannadur-1927\/","name":"TECNOLUMEN Bauhaus Bor\u00f0lampi - V\u00e9lar &amp; Verkf\u00e6ri","isPartOf":{"@id":"https:\/\/velarogverkfaeri.is\/en\/#website"},"primaryImageOfPage":{"@id":"https:\/\/velarogverkfaeri.is\/honnunarlausnir\/lampar\/bordlampar\/product\/tecnolumen-bordlampi-sf27-hannadur-1927\/#primaryimage"},"image":{"@id":"https:\/\/velarogverkfaeri.is\/honnunarlausnir\/lampar\/bordlampar\/product\/tecnolumen-bordlampi-sf27-hannadur-1927\/#primaryimage"},"thumbnailUrl":"https:\/\/velarogverkfaeri.is\/wp-content\/uploads\/2023\/06\/bf558ecf-2f19-4bcf-91bc-d023c2576f2c.jpeg","datePublished":"2023-04-28T18:02:04+00:00","dateModified":"2025-04-25T16:26:38+00:00","breadcrumb":{"@id":"https:\/\/velarogverkfaeri.is\/honnunarlausnir\/lampar\/bordlampar\/product\/tecnolumen-bordlampi-sf27-hannadur-1927\/#breadcrumb"},"inLanguage":"en-US","potentialAction":[{"@type":"ReadAction","target":["https:\/\/velarogverkfaeri.is\/honnunarlausnir\/lampar\/bordlampar\/product\/tecnolumen-bordlampi-sf27-hannadur-1927\/"]}]},{"@type":"ImageObject","inLanguage":"en-US","@id":"https:\/\/velarogverkfaeri.is\/honnunarlausnir\/lampar\/bordlampar\/product\/tecnolumen-bordlampi-sf27-hannadur-1927\/#primaryimage","url":"https:\/\/velarogverkfaeri.is\/wp-content\/uploads\/2023\/06\/bf558ecf-2f19-4bcf-91bc-d023c2576f2c.jpeg","contentUrl":"https:\/\/velarogverkfaeri.is\/wp-content\/uploads\/2023\/06\/bf558ecf-2f19-4bcf-91bc-d023c2576f2c.jpeg","width":1228,"height":1500},{"@type":"BreadcrumbList","@id":"https:\/\/velarogverkfaeri.is\/honnunarlausnir\/lampar\/bordlampar\/product\/tecnolumen-bordlampi-sf27-hannadur-1927\/#breadcrumb","itemListElement":[{"@type":"ListItem","position":1,"name":"Home","item":"https:\/\/velarogverkfaeri.is\/"},{"@type":"ListItem","position":2,"name":"Vefverslun","item":"https:\/\/velarogverkfaeri.is\/vefverslun\/"},{"@type":"ListItem","position":3,"name":"TECNOLUMEN Bauhaus Bor\u00f0lampi"}]},{"@type":"WebSite","@id":"https:\/\/velarogverkfaeri.is\/en\/#website","url":"https:\/\/velarogverkfaeri.is\/en\/","name":"V\u00e9lar & Verkf\u00e6ri","description":"Umbo\u00f0s- og heildverslun fr\u00e1 \u00e1rinu 1919","publisher":{"@id":"https:\/\/velarogverkfaeri.is\/en\/#organization"},"potentialAction":[{"@type":"SearchAction","target":{"@type":"EntryPoint","urlTemplate":"https:\/\/velarogverkfaeri.is\/en\/?s={search_term_string}"},"query-input":{"@type":"PropertyValueSpecification","valueRequired":true,"valueName":"search_term_string"}}],"inLanguage":"en-US"},{"@type":"Organization","@id":"https:\/\/velarogverkfaeri.is\/en\/#organization","name":"V\u00e9lar & Verkf\u00e6ri","url":"https:\/\/velarogverkfaeri.is\/en\/","logo":{"@type":"ImageObject","inLanguage":"en-US","@id":"https:\/\/velarogverkfaeri.is\/en\/#\/schema\/logo\/image\/","url":"https:\/\/velarogverkfaeri.is\/wp-content\/uploads\/2021\/10\/vv_logo_350x100.png","contentUrl":"https:\/\/velarogverkfaeri.is\/wp-content\/uploads\/2021\/10\/vv_logo_350x100.png","width":350,"height":100,"caption":"V\u00e9lar & Verkf\u00e6ri"},"image":{"@id":"https:\/\/velarogverkfaeri.is\/en\/#\/schema\/logo\/image\/"},"sameAs":["https:\/\/www.facebook.com\/VelarOgVerkfaeri"]}]}},"_links":{"self":[{"href":"https:\/\/velarogverkfaeri.is\/en\/wp-json\/wp\/v2\/product\/24437","targetHints":{"allow":["GET"]}}],"collection":[{"href":"https:\/\/velarogverkfaeri.is\/en\/wp-json\/wp\/v2\/product"}],"about":[{"href":"https:\/\/velarogverkfaeri.is\/en\/wp-json\/wp\/v2\/types\/product"}],"replies":[{"embeddable":true,"href":"https:\/\/velarogverkfaeri.is\/en\/wp-json\/wp\/v2\/comments?post=24437"}],"wp:featuredmedia":[{"embeddable":true,"href":"https:\/\/velarogverkfaeri.is\/en\/wp-json\/wp\/v2\/media\/32668"}],"wp:attachment":[{"href":"https:\/\/velarogverkfaeri.is\/en\/wp-json\/wp\/v2\/media?parent=24437"}],"wp:term":[{"taxonomy":"product_brand","embeddable":true,"href":"https:\/\/velarogverkfaeri.is\/en\/wp-json\/wp\/v2\/product_brand?post=24437"},{"taxonomy":"product_cat","embeddable":true,"href":"https:\/\/velarogverkfaeri.is\/en\/wp-json\/wp\/v2\/product_cat?post=24437"},{"taxonomy":"product_tag","embeddable":true,"href":"https:\/\/velarogverkfaeri.is\/en\/wp-json\/wp\/v2\/product_tag?post=24437"}],"curies":[{"name":"wp","href":"https:\/\/api.w.org\/{rel}","templated":true}]}}