{"id":24416,"date":"2023-06-08T19:10:31","date_gmt":"2023-06-08T19:10:31","guid":{"rendered":"https:\/\/vv-dev.webdev.is\/?post_type=product&#038;p=24416"},"modified":"2025-04-25T17:01:25","modified_gmt":"2025-04-25T17:01:25","slug":"bahco-skiptilykill-12-krom","status":"publish","type":"product","link":"https:\/\/velarogverkfaeri.is\/en\/verkfaeralausnir\/handverkfaeri\/skiptilyklar\/product\/bahco-skiptilykill-12-krom\/","title":{"rendered":"Bahco Skiptilykill 12&#8243; KR\u00d3M"},"content":{"rendered":"<p><img decoding=\"async\" src=\"data:image\/png;base64,iVBORw0KGgoAAAANSUhEUgAAAd8AAADsCAYAAAA1mazvAAAAAXNSR0IArs4c6QAAAARnQU1BAACxjwv8YQUAAAAJcEhZcwAADsMAAA7DAcdvqGQAABoSSURBVHhe7d3da1TXwsfxX5+\/oYmnTQ7aGoLi2znto7Uo7YWSCPGUWigpEhAHbW6e2AshRdpIMBZpoBea3kwrU4QgSqE92AZMMBctlnpqe84xRgxD2kaaaDPpvZd91tp77dl7JjN50ZmVmHw\/dNf9Mq+y1v7t9bLHp\/40BAAAvPkf9ycAAPCE8AUAwDPCFwAAzwhfAAA8I3wBAPCsRPjeUfrAW3qt7JLRiHvkSDrcl77ldixITgPv2ued1EDO7Vow99nSd9z2AuWG1Gmf9+6Qpt2u8LPH3wUAAF\/Kt3wbU\/r0y0u6MmtJaWvwgJx++yVY0c+Ti0nRGU1m7Z9ZTT4IdlTfg0mN2T+zk\/nwBQBgqTxGt3OtWj4MA7m3pdbtW4hNandB3r7N7aq2bamiCwcAAJYOY74AAHj2WOE7PXBy9tjtrUwwDlxqicaGZ423Bs8Jt6Nx5HBZ4JhsNKZb9nkLHCvOf\/bk84vHwIu+b\/De4b7kZ1\/cODgAYDWpbMvXhlf3kDYcOee6ec+pvTE8ZPfN3c08pPdNaPXXu+emU9pg9yUmSZUSXAC0Z6T8e17S6X32tRY5ocuGqPns2tdlXsN1TwfB2qOB\/Pi3\/T5ZpduLX9vue0vvyz43\/AzeutQBAE+c8uGbzehovrXnlvmCcHIimKh1PD8GXKuW4zZEpfX1848Lt3Qnxo9rm3T8iEnu7HX9WDZE7+if57NBsCfHnbe2hyH5zc2Fpq9p3ZoAH7Mh277J7TPMZ+i1Yfphk9aEO9z3KfHaNrSTzwUAoIzy4VtqtnM+hEpbU78uCO1\/Jrpcp29e15gaVf+M27EIwevN5da\/NGD+GDt\/rPAi4cAxpbNm\/+RM+Lg52VufXOt2nu8XqK3TereatKG+xq0BADC3ynY7bzMBZlqrA91xEB41LdOW7lNa1IToRbIt5oKLhGiZtyVqu6dtUDeq\/Xj54C0chzZB7fYDAPAoKhu+QTew1J4uDMGqjX8+Ux90aT+6Jp3Oj+OWmNzlJmC9f9WEc\/47danFHQYA4FFUeMKV7Qb2+OMZrgt44OLcY9Fzs\/cr20C1reDCAB65MeS636vbcgcArC4V7nbeH8xuTnY7R0vnoqYeL9QmtXc3hZPDEpPBwlugFvOe9oc\/XAAnXmdNvZ3wlRjDjmY\/u00AAB5F+fAtNds5WMrfezuSPqa0iidqhbcbjZ3\/eHG3\/iyU\/fUqe1tS4vOG48yXdHy7e8yCmADOv054K9Galv8rvJj4SDqeuH0KAIBH8dSfhlt\/TPbHKHokE3qzxniD+38nTLjRfQsAQAW7nWtke2kHuot+gML98Ib2tRK8AAAYFWz5huxtOe9fdRuO7QLmF58AAAhVPHwBAMDcKnyfLwAAmA\/hCwCAZ4QvAACeEb4AAHhG+AIA4BnhCwCAZ4QvAACeEb4AAHhG+AIA4BnhCwCAZ4QvAACeEb4AAHhG+AIA4BnhCwCAZ4QvAACeEb4AAHhG+AIA4BnhCwCAZ4QvAACePfWn4dYDDx8+dGsAAKAaaPkCAOAZ4QsAgGeELwAAnhG+AAB4RvgCAOAZ4QsAgGeELwAAnhG+AAB4RvgCAOAZ4QsAgGeELwAAnhG+AAB4RvgCAOAZ4QsAgGcV\/ycFc4MfqOPCuNsy9nbqcmqj27irTEZK5beBFWZmWF3v9CvrNtXQpr5Te1TrNpNGM4fVM1H+OICVq7It39v9JnjXquviZ7ocLL1KTXyhwZno+E8adKuVZk9krQft8oG6Th5WV\/5NAU9c8D53IlH+ZepE5q57QMxepPZMNKjRbQNYXSoavqM3h01L90VtdttSjZpPvafmmnArd\/9euFIFm1Ofqe9Qg1kbV9Y0vJ971r0p4Enu3zeU3dup1Ba3w5T\/v+8yZXLivnJuTyC6SH1zbdxCBrCqVLTbOexyllJn48CNBF1s19yGle+OntHgyU5lXE9146Fe9bwwkui622Na0m1BoAevP\/WGumQeY1+roEtvRqO3TQhvMW8ctEAeqNU9D1gaYdmeevOzOJCDsnlDu20d+b1frZ8\/U7LbeVZZD+pBs6YSdaXZtLDD172rzMEvVHdip66fCetNUI+eHVTrGXNBbM3R\/Q3AvwqP+dqTQG\/ctVww3hufUJL7bCj\/sD15ErHPb4gD3LQSohOUgnAfT5x0IoUBrr1tSk30F570AG\/i8hiEYP5KNCzfispvomyXDN9EWS\/eDp57Ru7C1NWbfMAWb4ef5\/qu5GcBsJQqPNt5o1LBWFenmu3mtV61HuzXaHCsNNtdHAfkRu3Ya\/7Y+0bcct7yoprHb+g\/0RCuOaHsLwhUd6JbZ4I+Gmve\/iA48f16n3FfLAU73BKO+e7+rlOtbsx3NNOrX00YL\/iCMFHWa59da\/6\/Rzui5\/7lGTXqnqYSRbz5zSjEn1Zdgwn+XVvddo3q1knZqT+CLQBLr0q3GiVDeFg\/3Ha7y4gnS7mu6SC0o32JlnQpMyO6Pm5ayv9IzKDe0qYuG+LAkjIhbAJR137S6MywLpuynb1gwjgq27ZLeLxfHWY9M08dAbCyVPk+3\/AKvDzbaj2sy3W9+VarDU3bVZdvxQbL7DHkuc1oaoJJV\/ApLMtlZ9nX7FFPQZk2ywkTzLZr2KwvuDUMYEWoYPiGJ5+CK\/jbg8qMJ7rKZvlDU+PJkLyrH4LWwSfx7UlGbmaO7mNzUmvdO67MV4nbOeZ9X6DSwlZuYdk1deLzYXMx2czEPwAFKhe+M3+o7s02\/Xom6i623WrRhJBQ7Qs71Rh1KZ8cVk4btf9Qgwbzz\/lJO2yL4OxOXX8n2ndYfX2DBWFcbHPK3k+c6Kouel\/Aiy1tpjW7Vpl82WWSE4DSKv4LVwAAYG5VHvMFAADFCF8AADwjfAEA8IzwBQDAM8IXAADPCF8AADwjfAEA8IzwBQDAM8IXAADPCF8AADwjfAEA8IzwBQDAM8IXAADPCF8AADyb9U8KAgCA6qLlCwCAZ4QvAACeEb4AAHhG+AIA4BnhCwCAZ4QvAACeEb4AAHhG+AIA4BnhCwCAZ4QvAACeEb4AAHhG+AIA4BnhCwCAZ4QvAACeVTx8pwdO6rUDb8VL+o47Yt1RumAbWJlG0qbsvzukabedlxtSZ6J+dA7k3IFCQT2ydSV4fEYjbj+AlaGy4Xsro6Pn1+n0l5d0JVjOqf2Xy8qfX279SwNutdKCk11wQjupznfLn9SA6sppwJS\/96+6zSQbpO3X9Wo6qh9dWn\/+GGUVWIUqGr4jN4akfS9pq9uWatXy4Sm11IZb05MT4UoVbG2\/pE+PNJq1rMay0vp696aAN3eUPnBM6ee7dKW7ye2LTd+8rrF9rfn6IG3S66bMjk3OuO3Ymvp12lBfY6pQndY31muN2w9gZXjqT8OtPzbbVXb0vNSejgM3YlumBa2BfeYE1b7JrNiWgjlhmcC0Nhw5p97t\/zUthIzGgj1NpiWdCgI9eP3JVp1WT\/hajSl9+mGTOzHlNHLLhPA288ZBC2NSbe55gBe5nKZra8PyeCuj1y7WJ8pnaUG9UFQXAKwWFQ3f8Mq\/J+5azgdsKArP5D578vl+5yW1b7Nb0fMb4wBPnMQUhHtWLd3R4yOFAa59KbX\/ktHkweLHAZ4sJHyDi8SM1s8qzwBWugpPuNqkdjeW1WI3r\/botXkmi9ju4vjEs0kv7zN\/JLvmtr2klux1\/RgNi5nW7uulgtd29UVjzTsngyD+eZKxNCxX5kLTBK+OnCN4gVWoSrcaJUN4SN\/fcrvLiCdLua7pILSjfYmWdCm5\/+qbrGkpH0h0221L6bQNcWBZcj08+7rUWzw+A2BVqFL4RmpUb+dAlRXODO2vP5dvtdrQtOO++VZssMweQ55bTr\/9wqQrLEdx8DLOC6xeFQzfMEjTyVbura+Vzjbp5bLdajOaLJiZfEffm5bv2PmP49uTjOncHN3HtU1q25dV+svE\/cPzvi+wFAheAKHKTbjK3dHIgyn1d0ezlK14pnLATTAJjruZytEkqpB7fPJxxobGJr16PKX\/vWke++3uEpNYiiZcFb8v4Ek44z9fEENBWf+bfiwoo0mUV2C1qfBsZwAAMJ8qj\/kCAIBihC8AAJ4RvgAAeEb4AgDgGeELAIBnhC8AAJ4RvgAAeEb4AgDgGeELAIBnhC8AAJ4RvgAAeEb4AgDgGeELAIBnhC8AAJ7N+icFHz586NYAAEA10PIFAMAzwhcAAM8IXwAAPCN8AQDwjPAFAMAzwhcAAM8IXwAAPCN8AQDwjPAFAMAzwhcAAM8IXwAAPCN8AQDwjPAFAMAzwhcAAM8q+08K3u5X6xmp62KbNrtdS2E0c1g96tTl1Ea3B\/BkZlhd7\/Qr6zbV0Ka+U3tU6zbDOjLsNqTmE58ptcVtWMXPt\/ZSloGVhpYvUCkuOJ8zgXr5ol16lVK\/OjJ34+Nn7il1NjreKZ05rMzt8HDg9wfK2rANjruF4AVWHMIXqJDcv28EwRm3ZGv0910N0sR95czW6Ff90qG31VwTHpU2av+hBg1+Phwct3L376mx7mm3BWCl8hq+ucEP1HrwsFv6Ner2By0Cu2275Eod111l8vvjpWtwJjxc9Lwfwr2AV7XN7xW1Umf0n+\/G1fym7Xa+qx+uSc89m0\/eQO0LO9U4fkP\/cUU5NzUerswjqEumRW2HWKJyP2reb\/BktJ1sUdv684EGb9t6Fh4L6k6y3pyMLwAAVJ+38LUni44La9UVdaWdkHoKKvywem6+6LraepVqMNuuu24006tfD\/Xmu+G69kqNZrvHNiGCrrzhYOwsPP6iZE5ywNKJQrBT13eZspxvCTeo7i9utaQZTU1I2QudcShGXdalXOvVD9vDct936J56zPtNvenqwYk9GjyTvIAdV+ZzqSOoI516zr7H58+oL9gOu8f7ootZAFXnKXxdC+BEYiLWlmZT4eMrfntiSv0jajUku+vCE1I5s7v6NmqHCWdg6dSo+VQYaru\/MyE3V4AWiJ4XLSYUJ3rLP7+hTftdua99dq35\/x7tiOrBX55Ro+5pKpGnYQvcelp1pno17trqtmtUt86E\/tQfwRaA6vMUvn\/I9qYNnnFX88HSqcz4uKZ+dw8py56Q3EnMPbdnok0dbuBsod10gH+m7JrA07WfXAt0IeU9qfj5AFYKT+EbXmnHXcPxUnCbRRm5wU+C7rv885K3bgDLQtjVnJ+HMEvYI\/Pr\/cLjQc9Nw079vXAoGMAK5yl8w27k5KxOKzezsDEmOylFyXEwu7jx4s3bbcvgC+XPeTPDusyYL7wLW6nZC5\/EZdEGsinzjYeag+GWzf9oM+U4efyuvr4QTcgKtzMFXcxm+0z8fAArRxXCd1g9yZA0i20N2JmgfbtuqCOxv69vMHEiKsecgN55oNZEa9lOGGke79fXdjbnljb1HZJ5jHvdPqn1kGlmA76Zsnj5xNq4LLoJV8HEQKtmj3oKjvdKiR\/ZyA3eN\/\/vdcfi4\/nnA1gxKvsLV9UQ\/HDBDe0++158f2Swzwby0v6SFgAAj2L5h69V9JN8dlbnUv+EJQAAj+rJCF8AAFYQTxOuAABAhPAFAMAzwhcAAM8IXwAAPCN8AQDwjPAFAMAzwhcAAM8IXwAAPCN8AQDwjPAFAMAzwhcAAM8IXwAAPJv1DysAAIDqouULAIBnhC8AAJ4RvgAAeEb4AgDgGeELAIBnhC8AAJ4RvgAAeEb4AgDgGeELAIBnhC8AAJ4RvgAAeEb4AgDgGeELAIBnhC8AAJ5VJ3xzQ+o88JZeSy7vDmnaHQZWqumBk4XlPn3HHbmjtNlO33KbRUbS9vEZjbjt+UwPZDSQcxuWq3OdbmfwOfLvPbfgvcs8Nvw+J9175TTwbvI72O8UHStU+jXD58ev93hG0gv\/+wKWm4qHb1Dp2q\/r1fQlXfkyXj595bqOPm4AJ0K98117UqDyYRm5ldHR8+t0Ol\/uz6n9l8sLCBr7gEbzX73WhDvmkdOP30649ULr62vdWiWt018r8LIj6WNKZ5vM388ptTz2693R91fdKvAEqmz4mpPP+1cb1Z6eXbnWtJzSlQ+bFnhyKaO2Sb1fdqnFrI5ls4s4WQHVN3JjSNr3kra6bVNg1fLhQoKmVlvbF1M\/ZjRpin+BoG5cUvs2t10hQb39MpX4To8of26owGtZuSn97FaBJ1FFwzc8+bQu7Kq2qGt6VlfWrfh4QVedWX\/ZtSxOP5\/RR5XovwIqYE29ab1eXUhL14q6YMPem4Ju4qBumP0FdcT18gT7ejSgrNLtdn\/UhVuuC9i9T3EXsAnDcj1HUdd5UO\/s4yrRY9U9pJbu4guR6O\/ALYn3if4+wu54t0TfwX6m9ozGNKT3g2P0gOHJU8Hwzem3X6QN9TVuew62MprKs7476p7rkrqTJw5zYrkoHXchm7+at5Wuu8dVuJP6rb5JY9\/+l7FkLAtrWsyFZz4UE2Exiw2dY0o\/3zVHq9IEy0dxHTi9z2zb18v3\/thWpD02X8vatL6Pp7Sh4KLAvP9FG4az39uGXtR1XplWtLkoMHVdR87Ner3pgY\/1zSvngu9X8mL6ao++3xkeu2JazBvMdnBBsC0Vbst2YdvjFWpNAx5VZ8JVUvLq3V3ZTt+8rrF9XYnKuEmvH5G+uRlXvJaDRV1wQfBOuBOOXf5P+ta0tLOThC+WiU1qD8pmODRiw6NUqywY+7TB277J7SnFhOvxuA5s3dlkXu9fj9bCM4Hdti8b169bXwdjry8Xh6upY2HwVijMgu9vW+nm\/UtcIdgu7d7EfttzMDY547aMxpRejz5j7d\/0aqP082QinIEnWAXDt1Z\/fV6FlcdyY1FXus3Jw5m2A1ZBxXShbJaj57Ozn5swu0vbXdG7LWD5SIbwkL5PDJsMdL8Vjn0emCt4S3im3pT1Cf32iNljw3vs\/NdBeNu6tOHI\/sKAtfWxu8T+x2EusPOt9nm6uKNzALBaVLTlG16dzz\/mFYyNuYpZsMzZEijhwaTGmHSFZatGtqgntXRf0qdHFHTFLqoVa8v648w63rZf7Y1D6k9n1H+1REvU1sd0SjpvWuXJORYVsLW9dADb8dyjk635+v\/pkaK\/LGAFq2y387aUqWR2zGv2xI\/pyfjWiDXbdxeNQRm53Jzdx1sPlB632vDK3whfLAPh5KHCyYGlu3dtd2sQRnNOZMpq8oFbdWW9cCb1YtUGQzljV83rlGvd2l6q7ibTOi81cevxzA7gcI5Iy87ogtvePkXLF6tHxcd8bSW7kt6tb6JJJ\/kupXU6Hd1KYSt58WM++lj\/nKvGByeGdfFklgPHgskayTEjYMnkZvTXgyn93J0o090qO34ahNHzGR0t+4MTjfr5YlzWC8eIN+nl4CI3PL7gluq2l4KJWq9un6PO2MlMrp5FP9hRKXEA288cXgzYbvjwO34svRIPTc0rGAMOX6tSP9oB+PTUn4ZbB7AcBHcD2B+qqcSPUcSCmcy2m3exwzsAKq76s50BLL1gJrMWP9ELQFXQ8gUAwDNavgAAeEb4AgDgGeELAIBnhC8AAJ4RvgAAeEb4AgDgGeELAIBnhC8AAJ4RvgAAeEb4AgDgGeELAIBnhC8AAJ7N+ocVHj586NYAAEA10PIFAMAzwhcAAM8IXwAAPCN8AQDwjPAFAMAzwhcAAM8IXwAAPCN8AQDwjPAFAMAzwhcAAM8IXwAAPCN8AQDwjPAFAMAzwhcAAM8qG74zw+o6+IEGZ9z2UlpOnwWrT1D+Dqv15LBybleBcsej\/cklc9cdBLBS0PIFKm5Gg339yu7t1OVTe1Tr9sbmOP77g3D\/xc\/iJbXRHQSwUlQhfMeVeSd55U7rE6vLaKZTGbWpr0xoznU8d\/+eGuuedlsAVqqn\/jTceuDhw4du7RHYLrN3bmj32ffUXOP23e5X65l7Sp19W+ozJ5115qo+edIJjktdF9ukzGFdruvU7u96lRkPDzce6lWPe7Hc4AfquOAO5O0JnrvZtiZOmtePnrd3j3TtXuFnAaotX97LlLt5jo8GdSAu8+XdVeZgrwbdViRZXwAsX9Xvdt7SrFTDuK7\/W2ruaFPjtS8SLWETmJ8Pq\/mEDc9Q9sIXUofrbjuxx2x\/Ej7eBHvfhbUmaN2xs+a18sGbaE244x1195QNXhHwxQTimWHzZ6L3p2BMd77jM5qasHWgM+45KjPeO5rp1a8maKOu6a69BC\/wJPE75luzR617bRC79L09aFqqe7RjS7gZ2PtG3CLY8qKazYlq6nezbsfCwr0l3NUP1xqU6ojHz2pf2GnCGfAnN2guLGXK4Vl3gXixVyn1q8MF6HzHTQVR86nomDs+0VsigMOQBvDkqnr45gY\/MQHboN0vhIm6ebttzQ5q1KyP3hw2V+vN+VbvnLa0mZaw1BO1CN7p13NRi3nmvn4NHgQsndzUuCnPbye6k02YvmmHP34Kyvt8x2crd9yGdK92fxe3kHsm2tRBqxd4YlR9wlVH0FWcGN8KuqGHdTnTr8vXTEt4wScM22Vnx4bjlkEq2WIGltR8rdHKtlbtRe31XXG3c+lZ1QCWqyqEb7JbzS7xeG4ovJrPXhuWFtrqDWzUjr3DccvXLZnb5lDNVu1uMKH\/Vdw9N\/pVP2O+8MiVa9erEwrnNIS9O\/Mdt8wFZkEXczhGXKp3yA6rKDk2bJdy9xQDWHaqP9u5JHNSOfiF6ooeZ2d69ig5G9o+rlc68Zn23\/9AfXq7YEJJMPv5u53qC676w8dGsz+bT3RKZ2a\/B1BVwWxmO6kqNGsS1BzHc4PD+nqqX4PXgs1Asyn7s3t4bFn\/STsKLmzjukKPELD8VTZ8FygIzak3FvXjAbODOdy3sNsygBWk1EVusO+BWmf1NAFYjvyH73z3QZZVeB+vxa0VWLWKWtDx\/e4AngRL0vIFAGA183ufLwAAIHwBAPCN8AUAwDPCFwAAzwhfAAA8I3wBAPBK+n+GIeTEPj7gKAAAAABJRU5ErkJggg==\" alt=\"\"><\/p>","protected":false},"excerpt":{"rendered":"<p><span style=\"color: rgb(77, 80, 87); font-family: Lato, Arial; font-size: 16px;\">Skiptilykill 12&#8243;<\/span><br style=\"margin: 0px; outline: none; padding: 0px; color: rgb(77, 80, 87); font-family: Lato, Arial; font-size: 16px;\"><span style=\"color: rgb(77, 80, 87); font-family: Lato, Arial; font-size: 16px;\">Mesta opnun: 34mm<\/span><br style=\"margin: 0px; outline: none; padding: 0px; color: rgb(77, 80, 87); font-family: Lato, Arial; font-size: 16px;\"><span style=\"color: rgb(77, 80, 87); font-family: Lato, Arial; font-size: 16px;\">Lengd: 305mm<\/span><\/p>","protected":false},"featured_media":38363,"comment_status":"closed","ping_status":"closed","template":"","meta":[],"product_brand":[],"product_cat":[588,777,515],"product_tag":[1024],"class_list":{"0":"post-24416","1":"product","2":"type-product","3":"status-publish","4":"has-post-thumbnail","6":"product_cat-handverkfaeri","7":"product_cat-skiptilyklar","8":"product_cat-verkfaeralausnir","9":"product_tag-bahco","11":"first","12":"instock","13":"taxable","14":"shipping-taxable","15":"purchasable","16":"product-type-simple"},"yoast_head":"<!-- This site is optimized with the Yoast SEO plugin v27.3 - https:\/\/yoast.com\/product\/yoast-seo-wordpress\/ -->\n<title>Bahco Skiptilykill 12&quot; KR\u00d3M - V\u00e9lar &amp; Verkf\u00e6ri<\/title>\n<meta name=\"robots\" content=\"index, follow, max-snippet:-1, max-image-preview:large, max-video-preview:-1\" \/>\n<link rel=\"canonical\" href=\"https:\/\/velarogverkfaeri.is\/en\/verkfaeralausnir\/handverkfaeri\/skiptilyklar\/product\/bahco-skiptilykill-12-krom\/\" \/>\n<meta property=\"og:locale\" content=\"en_US\" \/>\n<meta property=\"og:type\" content=\"article\" \/>\n<meta property=\"og:title\" content=\"Bahco Skiptilykill 12&quot; KR\u00d3M - V\u00e9lar &amp; Verkf\u00e6ri\" \/>\n<meta property=\"og:description\" content=\"Skiptilykill 12&quot;Mesta opnun: 34mmLengd: 305mm\" \/>\n<meta property=\"og:url\" content=\"https:\/\/velarogverkfaeri.is\/en\/verkfaeralausnir\/handverkfaeri\/skiptilyklar\/product\/bahco-skiptilykill-12-krom\/\" \/>\n<meta property=\"og:site_name\" content=\"V\u00e9lar &amp; Verkf\u00e6ri\" \/>\n<meta property=\"article:publisher\" content=\"https:\/\/www.facebook.com\/VelarOgVerkfaeri\" \/>\n<meta property=\"article:modified_time\" content=\"2025-04-25T17:01:25+00:00\" \/>\n<meta property=\"og:image\" content=\"https:\/\/velarogverkfaeri.is\/wp-content\/uploads\/2023\/06\/f695491b-78f2-485e-92fb-c3994bd299f1-scaled.jpeg\" \/>\n\t<meta property=\"og:image:width\" content=\"2560\" \/>\n\t<meta property=\"og:image:height\" content=\"965\" \/>\n\t<meta property=\"og:image:type\" content=\"image\/jpeg\" \/>\n<meta name=\"twitter:card\" content=\"summary_large_image\" \/>\n<script type=\"application\/ld+json\" class=\"yoast-schema-graph\">{\"@context\":\"https:\\\/\\\/schema.org\",\"@graph\":[{\"@type\":\"WebPage\",\"@id\":\"https:\\\/\\\/velarogverkfaeri.is\\\/verkfaeralausnir\\\/handverkfaeri\\\/skiptilyklar\\\/product\\\/bahco-skiptilykill-12-krom\\\/\",\"url\":\"https:\\\/\\\/velarogverkfaeri.is\\\/verkfaeralausnir\\\/handverkfaeri\\\/skiptilyklar\\\/product\\\/bahco-skiptilykill-12-krom\\\/\",\"name\":\"Bahco Skiptilykill 12\\\" KR\u00d3M - V\u00e9lar &amp; Verkf\u00e6ri\",\"isPartOf\":{\"@id\":\"https:\\\/\\\/velarogverkfaeri.is\\\/en\\\/#website\"},\"primaryImageOfPage\":{\"@id\":\"https:\\\/\\\/velarogverkfaeri.is\\\/verkfaeralausnir\\\/handverkfaeri\\\/skiptilyklar\\\/product\\\/bahco-skiptilykill-12-krom\\\/#primaryimage\"},\"image\":{\"@id\":\"https:\\\/\\\/velarogverkfaeri.is\\\/verkfaeralausnir\\\/handverkfaeri\\\/skiptilyklar\\\/product\\\/bahco-skiptilykill-12-krom\\\/#primaryimage\"},\"thumbnailUrl\":\"https:\\\/\\\/velarogverkfaeri.is\\\/wp-content\\\/uploads\\\/2023\\\/06\\\/f695491b-78f2-485e-92fb-c3994bd299f1-scaled.jpeg\",\"datePublished\":\"2023-06-08T19:10:31+00:00\",\"dateModified\":\"2025-04-25T17:01:25+00:00\",\"breadcrumb\":{\"@id\":\"https:\\\/\\\/velarogverkfaeri.is\\\/verkfaeralausnir\\\/handverkfaeri\\\/skiptilyklar\\\/product\\\/bahco-skiptilykill-12-krom\\\/#breadcrumb\"},\"inLanguage\":\"en-US\",\"potentialAction\":[{\"@type\":\"ReadAction\",\"target\":[\"https:\\\/\\\/velarogverkfaeri.is\\\/verkfaeralausnir\\\/handverkfaeri\\\/skiptilyklar\\\/product\\\/bahco-skiptilykill-12-krom\\\/\"]}]},{\"@type\":\"ImageObject\",\"inLanguage\":\"en-US\",\"@id\":\"https:\\\/\\\/velarogverkfaeri.is\\\/verkfaeralausnir\\\/handverkfaeri\\\/skiptilyklar\\\/product\\\/bahco-skiptilykill-12-krom\\\/#primaryimage\",\"url\":\"https:\\\/\\\/velarogverkfaeri.is\\\/wp-content\\\/uploads\\\/2023\\\/06\\\/f695491b-78f2-485e-92fb-c3994bd299f1-scaled.jpeg\",\"contentUrl\":\"https:\\\/\\\/velarogverkfaeri.is\\\/wp-content\\\/uploads\\\/2023\\\/06\\\/f695491b-78f2-485e-92fb-c3994bd299f1-scaled.jpeg\",\"width\":2560,\"height\":965},{\"@type\":\"BreadcrumbList\",\"@id\":\"https:\\\/\\\/velarogverkfaeri.is\\\/verkfaeralausnir\\\/handverkfaeri\\\/skiptilyklar\\\/product\\\/bahco-skiptilykill-12-krom\\\/#breadcrumb\",\"itemListElement\":[{\"@type\":\"ListItem\",\"position\":1,\"name\":\"Home\",\"item\":\"https:\\\/\\\/velarogverkfaeri.is\\\/\"},{\"@type\":\"ListItem\",\"position\":2,\"name\":\"Vefverslun\",\"item\":\"https:\\\/\\\/velarogverkfaeri.is\\\/vefverslun\\\/\"},{\"@type\":\"ListItem\",\"position\":3,\"name\":\"Bahco Skiptilykill 12&#8243; KR\u00d3M\"}]},{\"@type\":\"WebSite\",\"@id\":\"https:\\\/\\\/velarogverkfaeri.is\\\/en\\\/#website\",\"url\":\"https:\\\/\\\/velarogverkfaeri.is\\\/en\\\/\",\"name\":\"V\u00e9lar & Verkf\u00e6ri\",\"description\":\"Umbo\u00f0s- og heildverslun fr\u00e1 \u00e1rinu 1919\",\"publisher\":{\"@id\":\"https:\\\/\\\/velarogverkfaeri.is\\\/en\\\/#organization\"},\"potentialAction\":[{\"@type\":\"SearchAction\",\"target\":{\"@type\":\"EntryPoint\",\"urlTemplate\":\"https:\\\/\\\/velarogverkfaeri.is\\\/en\\\/?s={search_term_string}\"},\"query-input\":{\"@type\":\"PropertyValueSpecification\",\"valueRequired\":true,\"valueName\":\"search_term_string\"}}],\"inLanguage\":\"en-US\"},{\"@type\":\"Organization\",\"@id\":\"https:\\\/\\\/velarogverkfaeri.is\\\/en\\\/#organization\",\"name\":\"V\u00e9lar & Verkf\u00e6ri\",\"url\":\"https:\\\/\\\/velarogverkfaeri.is\\\/en\\\/\",\"logo\":{\"@type\":\"ImageObject\",\"inLanguage\":\"en-US\",\"@id\":\"https:\\\/\\\/velarogverkfaeri.is\\\/en\\\/#\\\/schema\\\/logo\\\/image\\\/\",\"url\":\"https:\\\/\\\/velarogverkfaeri.is\\\/wp-content\\\/uploads\\\/2021\\\/10\\\/vv_logo_350x100.png\",\"contentUrl\":\"https:\\\/\\\/velarogverkfaeri.is\\\/wp-content\\\/uploads\\\/2021\\\/10\\\/vv_logo_350x100.png\",\"width\":350,\"height\":100,\"caption\":\"V\u00e9lar & Verkf\u00e6ri\"},\"image\":{\"@id\":\"https:\\\/\\\/velarogverkfaeri.is\\\/en\\\/#\\\/schema\\\/logo\\\/image\\\/\"},\"sameAs\":[\"https:\\\/\\\/www.facebook.com\\\/VelarOgVerkfaeri\"]}]}<\/script>\n<!-- \/ Yoast SEO plugin. -->","yoast_head_json":{"title":"Bahco Skiptilykill 12\" KR\u00d3M - V\u00e9lar &amp; Verkf\u00e6ri","robots":{"index":"index","follow":"follow","max-snippet":"max-snippet:-1","max-image-preview":"max-image-preview:large","max-video-preview":"max-video-preview:-1"},"canonical":"https:\/\/velarogverkfaeri.is\/en\/verkfaeralausnir\/handverkfaeri\/skiptilyklar\/product\/bahco-skiptilykill-12-krom\/","og_locale":"en_US","og_type":"article","og_title":"Bahco Skiptilykill 12\" KR\u00d3M - V\u00e9lar &amp; Verkf\u00e6ri","og_description":"Skiptilykill 12\"Mesta opnun: 34mmLengd: 305mm","og_url":"https:\/\/velarogverkfaeri.is\/en\/verkfaeralausnir\/handverkfaeri\/skiptilyklar\/product\/bahco-skiptilykill-12-krom\/","og_site_name":"V\u00e9lar &amp; Verkf\u00e6ri","article_publisher":"https:\/\/www.facebook.com\/VelarOgVerkfaeri","article_modified_time":"2025-04-25T17:01:25+00:00","og_image":[{"width":2560,"height":965,"url":"https:\/\/velarogverkfaeri.is\/wp-content\/uploads\/2023\/06\/f695491b-78f2-485e-92fb-c3994bd299f1-scaled.jpeg","type":"image\/jpeg"}],"twitter_card":"summary_large_image","schema":{"@context":"https:\/\/schema.org","@graph":[{"@type":"WebPage","@id":"https:\/\/velarogverkfaeri.is\/verkfaeralausnir\/handverkfaeri\/skiptilyklar\/product\/bahco-skiptilykill-12-krom\/","url":"https:\/\/velarogverkfaeri.is\/verkfaeralausnir\/handverkfaeri\/skiptilyklar\/product\/bahco-skiptilykill-12-krom\/","name":"Bahco Skiptilykill 12\" KR\u00d3M - V\u00e9lar &amp; Verkf\u00e6ri","isPartOf":{"@id":"https:\/\/velarogverkfaeri.is\/en\/#website"},"primaryImageOfPage":{"@id":"https:\/\/velarogverkfaeri.is\/verkfaeralausnir\/handverkfaeri\/skiptilyklar\/product\/bahco-skiptilykill-12-krom\/#primaryimage"},"image":{"@id":"https:\/\/velarogverkfaeri.is\/verkfaeralausnir\/handverkfaeri\/skiptilyklar\/product\/bahco-skiptilykill-12-krom\/#primaryimage"},"thumbnailUrl":"https:\/\/velarogverkfaeri.is\/wp-content\/uploads\/2023\/06\/f695491b-78f2-485e-92fb-c3994bd299f1-scaled.jpeg","datePublished":"2023-06-08T19:10:31+00:00","dateModified":"2025-04-25T17:01:25+00:00","breadcrumb":{"@id":"https:\/\/velarogverkfaeri.is\/verkfaeralausnir\/handverkfaeri\/skiptilyklar\/product\/bahco-skiptilykill-12-krom\/#breadcrumb"},"inLanguage":"en-US","potentialAction":[{"@type":"ReadAction","target":["https:\/\/velarogverkfaeri.is\/verkfaeralausnir\/handverkfaeri\/skiptilyklar\/product\/bahco-skiptilykill-12-krom\/"]}]},{"@type":"ImageObject","inLanguage":"en-US","@id":"https:\/\/velarogverkfaeri.is\/verkfaeralausnir\/handverkfaeri\/skiptilyklar\/product\/bahco-skiptilykill-12-krom\/#primaryimage","url":"https:\/\/velarogverkfaeri.is\/wp-content\/uploads\/2023\/06\/f695491b-78f2-485e-92fb-c3994bd299f1-scaled.jpeg","contentUrl":"https:\/\/velarogverkfaeri.is\/wp-content\/uploads\/2023\/06\/f695491b-78f2-485e-92fb-c3994bd299f1-scaled.jpeg","width":2560,"height":965},{"@type":"BreadcrumbList","@id":"https:\/\/velarogverkfaeri.is\/verkfaeralausnir\/handverkfaeri\/skiptilyklar\/product\/bahco-skiptilykill-12-krom\/#breadcrumb","itemListElement":[{"@type":"ListItem","position":1,"name":"Home","item":"https:\/\/velarogverkfaeri.is\/"},{"@type":"ListItem","position":2,"name":"Vefverslun","item":"https:\/\/velarogverkfaeri.is\/vefverslun\/"},{"@type":"ListItem","position":3,"name":"Bahco Skiptilykill 12&#8243; KR\u00d3M"}]},{"@type":"WebSite","@id":"https:\/\/velarogverkfaeri.is\/en\/#website","url":"https:\/\/velarogverkfaeri.is\/en\/","name":"V\u00e9lar & Verkf\u00e6ri","description":"Umbo\u00f0s- og heildverslun fr\u00e1 \u00e1rinu 1919","publisher":{"@id":"https:\/\/velarogverkfaeri.is\/en\/#organization"},"potentialAction":[{"@type":"SearchAction","target":{"@type":"EntryPoint","urlTemplate":"https:\/\/velarogverkfaeri.is\/en\/?s={search_term_string}"},"query-input":{"@type":"PropertyValueSpecification","valueRequired":true,"valueName":"search_term_string"}}],"inLanguage":"en-US"},{"@type":"Organization","@id":"https:\/\/velarogverkfaeri.is\/en\/#organization","name":"V\u00e9lar & Verkf\u00e6ri","url":"https:\/\/velarogverkfaeri.is\/en\/","logo":{"@type":"ImageObject","inLanguage":"en-US","@id":"https:\/\/velarogverkfaeri.is\/en\/#\/schema\/logo\/image\/","url":"https:\/\/velarogverkfaeri.is\/wp-content\/uploads\/2021\/10\/vv_logo_350x100.png","contentUrl":"https:\/\/velarogverkfaeri.is\/wp-content\/uploads\/2021\/10\/vv_logo_350x100.png","width":350,"height":100,"caption":"V\u00e9lar & Verkf\u00e6ri"},"image":{"@id":"https:\/\/velarogverkfaeri.is\/en\/#\/schema\/logo\/image\/"},"sameAs":["https:\/\/www.facebook.com\/VelarOgVerkfaeri"]}]}},"_links":{"self":[{"href":"https:\/\/velarogverkfaeri.is\/en\/wp-json\/wp\/v2\/product\/24416","targetHints":{"allow":["GET"]}}],"collection":[{"href":"https:\/\/velarogverkfaeri.is\/en\/wp-json\/wp\/v2\/product"}],"about":[{"href":"https:\/\/velarogverkfaeri.is\/en\/wp-json\/wp\/v2\/types\/product"}],"replies":[{"embeddable":true,"href":"https:\/\/velarogverkfaeri.is\/en\/wp-json\/wp\/v2\/comments?post=24416"}],"wp:featuredmedia":[{"embeddable":true,"href":"https:\/\/velarogverkfaeri.is\/en\/wp-json\/wp\/v2\/media\/38363"}],"wp:attachment":[{"href":"https:\/\/velarogverkfaeri.is\/en\/wp-json\/wp\/v2\/media?parent=24416"}],"wp:term":[{"taxonomy":"product_brand","embeddable":true,"href":"https:\/\/velarogverkfaeri.is\/en\/wp-json\/wp\/v2\/product_brand?post=24416"},{"taxonomy":"product_cat","embeddable":true,"href":"https:\/\/velarogverkfaeri.is\/en\/wp-json\/wp\/v2\/product_cat?post=24416"},{"taxonomy":"product_tag","embeddable":true,"href":"https:\/\/velarogverkfaeri.is\/en\/wp-json\/wp\/v2\/product_tag?post=24416"}],"curies":[{"name":"wp","href":"https:\/\/api.w.org\/{rel}","templated":true}]}}