{"id":24278,"date":"2023-04-28T17:49:26","date_gmt":"2023-04-28T17:49:26","guid":{"rendered":"https:\/\/vv-dev.webdev.is\/?post_type=product&#038;p=24278"},"modified":"2025-04-25T15:38:49","modified_gmt":"2025-04-25T15:38:49","slug":"dcw-bordlampi-in-the-sun-krom-hledslurafhlada","status":"publish","type":"product","link":"https:\/\/velarogverkfaeri.is\/en\/honnunarlausnir\/lampar\/bordlampar\/product\/dcw-bordlampi-in-the-sun-krom-hledslurafhlada\/","title":{"rendered":"DCW Bor\u00f0lampi IN THE SUN Kr\u00f3m &#8211; hle\u00f0slurafhla\u00f0a"},"content":{"rendered":"","protected":false},"excerpt":{"rendered":"<p>DCW Bor\u00f0lampi &#8211; In The Sun LED hanna\u00f0ur af Dominique Perrault &#038; Ga\u00eblle Lauriot-Pr\u00e9vost.  \u00der\u00e1\u00f0laus bor\u00f0lampi me\u00f0 5 mismunandi stillingar fyrir lj\u00f3sstyrk.<br \/>\nHle\u00f0slurafhla\u00f0a &#8211;  l\u00edft\u00edmi batteris 7 klst  <br><br \/>\nLitur: st\u00e1l <br><br \/>\nSt\u00e6r\u00f0 H 12,7 x 13 cm, skermur 8,1 cm \u00e1 breidd<\/p>","protected":false},"featured_media":28568,"comment_status":"closed","ping_status":"closed","template":"","meta":[],"product_brand":[],"product_cat":[575,518,546],"product_tag":[1008],"class_list":{"0":"post-24278","1":"product","2":"type-product","3":"status-publish","4":"has-post-thumbnail","6":"product_cat-bordlampar","7":"product_cat-honnunarlausnir","8":"product_cat-lampar","9":"product_tag-dcw","11":"first","12":"outofstock","13":"taxable","14":"shipping-taxable","15":"purchasable","16":"product-type-simple"},"yoast_head":"<!-- This site is optimized with the Yoast SEO plugin v27.3 - https:\/\/yoast.com\/product\/yoast-seo-wordpress\/ -->\n<title>DCW Bor\u00f0lampi IN THE SUN Kr\u00f3m - hle\u00f0slurafhla\u00f0a - V\u00e9lar &amp; Verkf\u00e6ri<\/title>\n<meta name=\"robots\" content=\"index, follow, max-snippet:-1, max-image-preview:large, max-video-preview:-1\" \/>\n<link rel=\"canonical\" href=\"https:\/\/velarogverkfaeri.is\/en\/honnunarlausnir\/lampar\/bordlampar\/product\/dcw-bordlampi-in-the-sun-krom-hledslurafhlada\/\" \/>\n<meta property=\"og:locale\" content=\"en_US\" \/>\n<meta property=\"og:type\" content=\"article\" \/>\n<meta property=\"og:title\" content=\"DCW Bor\u00f0lampi IN THE SUN Kr\u00f3m - hle\u00f0slurafhla\u00f0a - V\u00e9lar &amp; Verkf\u00e6ri\" \/>\n<meta property=\"og:description\" content=\"DCW Bor\u00f0lampi &#8211; In The Sun LED hanna\u00f0ur af Dominique Perrault &#038; Ga\u00eblle Lauriot-Pr\u00e9vost. \u00der\u00e1\u00f0laus bor\u00f0lampi me\u00f0 5 mismunandi stillingar fyrir lj\u00f3sstyrk. Hle\u00f0slurafhla\u00f0a &#8211; l\u00edft\u00edmi batteris 7 klst  Litur: st\u00e1l St\u00e6r\u00f0 H 12,7 x 13 cm, skermur 8,1 cm \u00e1 breidd\" \/>\n<meta property=\"og:url\" content=\"https:\/\/velarogverkfaeri.is\/en\/honnunarlausnir\/lampar\/bordlampar\/product\/dcw-bordlampi-in-the-sun-krom-hledslurafhlada\/\" \/>\n<meta property=\"og:site_name\" content=\"V\u00e9lar &amp; Verkf\u00e6ri\" \/>\n<meta property=\"article:publisher\" content=\"https:\/\/www.facebook.com\/VelarOgVerkfaeri\" \/>\n<meta property=\"article:modified_time\" content=\"2025-04-25T15:38:49+00:00\" \/>\n<meta property=\"og:image\" content=\"https:\/\/velarogverkfaeri.is\/wp-content\/uploads\/2023\/06\/5b4057de-0e6f-4bb5-9092-26a1a00d07ed.jpeg\" \/>\n\t<meta property=\"og:image:width\" content=\"400\" \/>\n\t<meta property=\"og:image:height\" content=\"400\" \/>\n\t<meta property=\"og:image:type\" content=\"image\/jpeg\" \/>\n<meta name=\"twitter:card\" content=\"summary_large_image\" \/>\n<script type=\"application\/ld+json\" class=\"yoast-schema-graph\">{\"@context\":\"https:\\\/\\\/schema.org\",\"@graph\":[{\"@type\":\"WebPage\",\"@id\":\"https:\\\/\\\/velarogverkfaeri.is\\\/honnunarlausnir\\\/lampar\\\/bordlampar\\\/product\\\/dcw-bordlampi-in-the-sun-krom-hledslurafhlada\\\/\",\"url\":\"https:\\\/\\\/velarogverkfaeri.is\\\/honnunarlausnir\\\/lampar\\\/bordlampar\\\/product\\\/dcw-bordlampi-in-the-sun-krom-hledslurafhlada\\\/\",\"name\":\"DCW Bor\u00f0lampi IN THE SUN Kr\u00f3m - hle\u00f0slurafhla\u00f0a - V\u00e9lar &amp; Verkf\u00e6ri\",\"isPartOf\":{\"@id\":\"https:\\\/\\\/velarogverkfaeri.is\\\/en\\\/#website\"},\"primaryImageOfPage\":{\"@id\":\"https:\\\/\\\/velarogverkfaeri.is\\\/honnunarlausnir\\\/lampar\\\/bordlampar\\\/product\\\/dcw-bordlampi-in-the-sun-krom-hledslurafhlada\\\/#primaryimage\"},\"image\":{\"@id\":\"https:\\\/\\\/velarogverkfaeri.is\\\/honnunarlausnir\\\/lampar\\\/bordlampar\\\/product\\\/dcw-bordlampi-in-the-sun-krom-hledslurafhlada\\\/#primaryimage\"},\"thumbnailUrl\":\"https:\\\/\\\/velarogverkfaeri.is\\\/wp-content\\\/uploads\\\/2023\\\/06\\\/5b4057de-0e6f-4bb5-9092-26a1a00d07ed.jpeg\",\"datePublished\":\"2023-04-28T17:49:26+00:00\",\"dateModified\":\"2025-04-25T15:38:49+00:00\",\"breadcrumb\":{\"@id\":\"https:\\\/\\\/velarogverkfaeri.is\\\/honnunarlausnir\\\/lampar\\\/bordlampar\\\/product\\\/dcw-bordlampi-in-the-sun-krom-hledslurafhlada\\\/#breadcrumb\"},\"inLanguage\":\"en-US\",\"potentialAction\":[{\"@type\":\"ReadAction\",\"target\":[\"https:\\\/\\\/velarogverkfaeri.is\\\/honnunarlausnir\\\/lampar\\\/bordlampar\\\/product\\\/dcw-bordlampi-in-the-sun-krom-hledslurafhlada\\\/\"]}]},{\"@type\":\"ImageObject\",\"inLanguage\":\"en-US\",\"@id\":\"https:\\\/\\\/velarogverkfaeri.is\\\/honnunarlausnir\\\/lampar\\\/bordlampar\\\/product\\\/dcw-bordlampi-in-the-sun-krom-hledslurafhlada\\\/#primaryimage\",\"url\":\"https:\\\/\\\/velarogverkfaeri.is\\\/wp-content\\\/uploads\\\/2023\\\/06\\\/5b4057de-0e6f-4bb5-9092-26a1a00d07ed.jpeg\",\"contentUrl\":\"https:\\\/\\\/velarogverkfaeri.is\\\/wp-content\\\/uploads\\\/2023\\\/06\\\/5b4057de-0e6f-4bb5-9092-26a1a00d07ed.jpeg\",\"width\":400,\"height\":400},{\"@type\":\"BreadcrumbList\",\"@id\":\"https:\\\/\\\/velarogverkfaeri.is\\\/honnunarlausnir\\\/lampar\\\/bordlampar\\\/product\\\/dcw-bordlampi-in-the-sun-krom-hledslurafhlada\\\/#breadcrumb\",\"itemListElement\":[{\"@type\":\"ListItem\",\"position\":1,\"name\":\"Home\",\"item\":\"https:\\\/\\\/velarogverkfaeri.is\\\/\"},{\"@type\":\"ListItem\",\"position\":2,\"name\":\"Vefverslun\",\"item\":\"https:\\\/\\\/velarogverkfaeri.is\\\/vefverslun\\\/\"},{\"@type\":\"ListItem\",\"position\":3,\"name\":\"DCW Bor\u00f0lampi IN THE SUN Kr\u00f3m &#8211; hle\u00f0slurafhla\u00f0a\"}]},{\"@type\":\"WebSite\",\"@id\":\"https:\\\/\\\/velarogverkfaeri.is\\\/en\\\/#website\",\"url\":\"https:\\\/\\\/velarogverkfaeri.is\\\/en\\\/\",\"name\":\"V\u00e9lar & Verkf\u00e6ri\",\"description\":\"Umbo\u00f0s- og heildverslun fr\u00e1 \u00e1rinu 1919\",\"publisher\":{\"@id\":\"https:\\\/\\\/velarogverkfaeri.is\\\/en\\\/#organization\"},\"potentialAction\":[{\"@type\":\"SearchAction\",\"target\":{\"@type\":\"EntryPoint\",\"urlTemplate\":\"https:\\\/\\\/velarogverkfaeri.is\\\/en\\\/?s={search_term_string}\"},\"query-input\":{\"@type\":\"PropertyValueSpecification\",\"valueRequired\":true,\"valueName\":\"search_term_string\"}}],\"inLanguage\":\"en-US\"},{\"@type\":\"Organization\",\"@id\":\"https:\\\/\\\/velarogverkfaeri.is\\\/en\\\/#organization\",\"name\":\"V\u00e9lar & Verkf\u00e6ri\",\"url\":\"https:\\\/\\\/velarogverkfaeri.is\\\/en\\\/\",\"logo\":{\"@type\":\"ImageObject\",\"inLanguage\":\"en-US\",\"@id\":\"https:\\\/\\\/velarogverkfaeri.is\\\/en\\\/#\\\/schema\\\/logo\\\/image\\\/\",\"url\":\"https:\\\/\\\/velarogverkfaeri.is\\\/wp-content\\\/uploads\\\/2021\\\/10\\\/vv_logo_350x100.png\",\"contentUrl\":\"https:\\\/\\\/velarogverkfaeri.is\\\/wp-content\\\/uploads\\\/2021\\\/10\\\/vv_logo_350x100.png\",\"width\":350,\"height\":100,\"caption\":\"V\u00e9lar & Verkf\u00e6ri\"},\"image\":{\"@id\":\"https:\\\/\\\/velarogverkfaeri.is\\\/en\\\/#\\\/schema\\\/logo\\\/image\\\/\"},\"sameAs\":[\"https:\\\/\\\/www.facebook.com\\\/VelarOgVerkfaeri\"]}]}<\/script>\n<!-- \/ Yoast SEO plugin. -->","yoast_head_json":{"title":"DCW Bor\u00f0lampi IN THE SUN Kr\u00f3m - hle\u00f0slurafhla\u00f0a - V\u00e9lar &amp; Verkf\u00e6ri","robots":{"index":"index","follow":"follow","max-snippet":"max-snippet:-1","max-image-preview":"max-image-preview:large","max-video-preview":"max-video-preview:-1"},"canonical":"https:\/\/velarogverkfaeri.is\/en\/honnunarlausnir\/lampar\/bordlampar\/product\/dcw-bordlampi-in-the-sun-krom-hledslurafhlada\/","og_locale":"en_US","og_type":"article","og_title":"DCW Bor\u00f0lampi IN THE SUN Kr\u00f3m - hle\u00f0slurafhla\u00f0a - V\u00e9lar &amp; Verkf\u00e6ri","og_description":"DCW Bor\u00f0lampi &#8211; In The Sun LED hanna\u00f0ur af Dominique Perrault &#038; Ga\u00eblle Lauriot-Pr\u00e9vost. \u00der\u00e1\u00f0laus bor\u00f0lampi me\u00f0 5 mismunandi stillingar fyrir lj\u00f3sstyrk. Hle\u00f0slurafhla\u00f0a &#8211; l\u00edft\u00edmi batteris 7 klst  Litur: st\u00e1l St\u00e6r\u00f0 H 12,7 x 13 cm, skermur 8,1 cm \u00e1 breidd","og_url":"https:\/\/velarogverkfaeri.is\/en\/honnunarlausnir\/lampar\/bordlampar\/product\/dcw-bordlampi-in-the-sun-krom-hledslurafhlada\/","og_site_name":"V\u00e9lar &amp; Verkf\u00e6ri","article_publisher":"https:\/\/www.facebook.com\/VelarOgVerkfaeri","article_modified_time":"2025-04-25T15:38:49+00:00","og_image":[{"width":400,"height":400,"url":"https:\/\/velarogverkfaeri.is\/wp-content\/uploads\/2023\/06\/5b4057de-0e6f-4bb5-9092-26a1a00d07ed.jpeg","type":"image\/jpeg"}],"twitter_card":"summary_large_image","schema":{"@context":"https:\/\/schema.org","@graph":[{"@type":"WebPage","@id":"https:\/\/velarogverkfaeri.is\/honnunarlausnir\/lampar\/bordlampar\/product\/dcw-bordlampi-in-the-sun-krom-hledslurafhlada\/","url":"https:\/\/velarogverkfaeri.is\/honnunarlausnir\/lampar\/bordlampar\/product\/dcw-bordlampi-in-the-sun-krom-hledslurafhlada\/","name":"DCW Bor\u00f0lampi IN THE SUN Kr\u00f3m - hle\u00f0slurafhla\u00f0a - V\u00e9lar &amp; Verkf\u00e6ri","isPartOf":{"@id":"https:\/\/velarogverkfaeri.is\/en\/#website"},"primaryImageOfPage":{"@id":"https:\/\/velarogverkfaeri.is\/honnunarlausnir\/lampar\/bordlampar\/product\/dcw-bordlampi-in-the-sun-krom-hledslurafhlada\/#primaryimage"},"image":{"@id":"https:\/\/velarogverkfaeri.is\/honnunarlausnir\/lampar\/bordlampar\/product\/dcw-bordlampi-in-the-sun-krom-hledslurafhlada\/#primaryimage"},"thumbnailUrl":"https:\/\/velarogverkfaeri.is\/wp-content\/uploads\/2023\/06\/5b4057de-0e6f-4bb5-9092-26a1a00d07ed.jpeg","datePublished":"2023-04-28T17:49:26+00:00","dateModified":"2025-04-25T15:38:49+00:00","breadcrumb":{"@id":"https:\/\/velarogverkfaeri.is\/honnunarlausnir\/lampar\/bordlampar\/product\/dcw-bordlampi-in-the-sun-krom-hledslurafhlada\/#breadcrumb"},"inLanguage":"en-US","potentialAction":[{"@type":"ReadAction","target":["https:\/\/velarogverkfaeri.is\/honnunarlausnir\/lampar\/bordlampar\/product\/dcw-bordlampi-in-the-sun-krom-hledslurafhlada\/"]}]},{"@type":"ImageObject","inLanguage":"en-US","@id":"https:\/\/velarogverkfaeri.is\/honnunarlausnir\/lampar\/bordlampar\/product\/dcw-bordlampi-in-the-sun-krom-hledslurafhlada\/#primaryimage","url":"https:\/\/velarogverkfaeri.is\/wp-content\/uploads\/2023\/06\/5b4057de-0e6f-4bb5-9092-26a1a00d07ed.jpeg","contentUrl":"https:\/\/velarogverkfaeri.is\/wp-content\/uploads\/2023\/06\/5b4057de-0e6f-4bb5-9092-26a1a00d07ed.jpeg","width":400,"height":400},{"@type":"BreadcrumbList","@id":"https:\/\/velarogverkfaeri.is\/honnunarlausnir\/lampar\/bordlampar\/product\/dcw-bordlampi-in-the-sun-krom-hledslurafhlada\/#breadcrumb","itemListElement":[{"@type":"ListItem","position":1,"name":"Home","item":"https:\/\/velarogverkfaeri.is\/"},{"@type":"ListItem","position":2,"name":"Vefverslun","item":"https:\/\/velarogverkfaeri.is\/vefverslun\/"},{"@type":"ListItem","position":3,"name":"DCW Bor\u00f0lampi IN THE SUN Kr\u00f3m &#8211; hle\u00f0slurafhla\u00f0a"}]},{"@type":"WebSite","@id":"https:\/\/velarogverkfaeri.is\/en\/#website","url":"https:\/\/velarogverkfaeri.is\/en\/","name":"V\u00e9lar & Verkf\u00e6ri","description":"Umbo\u00f0s- og heildverslun fr\u00e1 \u00e1rinu 1919","publisher":{"@id":"https:\/\/velarogverkfaeri.is\/en\/#organization"},"potentialAction":[{"@type":"SearchAction","target":{"@type":"EntryPoint","urlTemplate":"https:\/\/velarogverkfaeri.is\/en\/?s={search_term_string}"},"query-input":{"@type":"PropertyValueSpecification","valueRequired":true,"valueName":"search_term_string"}}],"inLanguage":"en-US"},{"@type":"Organization","@id":"https:\/\/velarogverkfaeri.is\/en\/#organization","name":"V\u00e9lar & Verkf\u00e6ri","url":"https:\/\/velarogverkfaeri.is\/en\/","logo":{"@type":"ImageObject","inLanguage":"en-US","@id":"https:\/\/velarogverkfaeri.is\/en\/#\/schema\/logo\/image\/","url":"https:\/\/velarogverkfaeri.is\/wp-content\/uploads\/2021\/10\/vv_logo_350x100.png","contentUrl":"https:\/\/velarogverkfaeri.is\/wp-content\/uploads\/2021\/10\/vv_logo_350x100.png","width":350,"height":100,"caption":"V\u00e9lar & Verkf\u00e6ri"},"image":{"@id":"https:\/\/velarogverkfaeri.is\/en\/#\/schema\/logo\/image\/"},"sameAs":["https:\/\/www.facebook.com\/VelarOgVerkfaeri"]}]}},"_links":{"self":[{"href":"https:\/\/velarogverkfaeri.is\/en\/wp-json\/wp\/v2\/product\/24278","targetHints":{"allow":["GET"]}}],"collection":[{"href":"https:\/\/velarogverkfaeri.is\/en\/wp-json\/wp\/v2\/product"}],"about":[{"href":"https:\/\/velarogverkfaeri.is\/en\/wp-json\/wp\/v2\/types\/product"}],"replies":[{"embeddable":true,"href":"https:\/\/velarogverkfaeri.is\/en\/wp-json\/wp\/v2\/comments?post=24278"}],"wp:featuredmedia":[{"embeddable":true,"href":"https:\/\/velarogverkfaeri.is\/en\/wp-json\/wp\/v2\/media\/28568"}],"wp:attachment":[{"href":"https:\/\/velarogverkfaeri.is\/en\/wp-json\/wp\/v2\/media?parent=24278"}],"wp:term":[{"taxonomy":"product_brand","embeddable":true,"href":"https:\/\/velarogverkfaeri.is\/en\/wp-json\/wp\/v2\/product_brand?post=24278"},{"taxonomy":"product_cat","embeddable":true,"href":"https:\/\/velarogverkfaeri.is\/en\/wp-json\/wp\/v2\/product_cat?post=24278"},{"taxonomy":"product_tag","embeddable":true,"href":"https:\/\/velarogverkfaeri.is\/en\/wp-json\/wp\/v2\/product_tag?post=24278"}],"curies":[{"name":"wp","href":"https:\/\/api.w.org\/{rel}","templated":true}]}}