{"id":24214,"date":"2023-06-07T14:24:36","date_gmt":"2023-06-07T14:24:36","guid":{"rendered":"https:\/\/vv-dev.webdev.is\/?post_type=product&#038;p=24214"},"modified":"2026-04-09T13:30:55","modified_gmt":"2026-04-09T13:30:55","slug":"master-lock-hengilas-excell-48mm-vedurtholinn-oryggis","status":"publish","type":"product","link":"https:\/\/velarogverkfaeri.is\/en\/lykillausnir\/hurdabunadur-lykillausnir\/hengilasar-hurdabunadur-lykillausnir\/product\/master-lock-hengilas-excell-48mm-vedurtholinn-oryggis\/","title":{"rendered":"MASTER LOCK Hengil\u00e1s Excell\u00ae Black Laminated Padlock 49mm"},"content":{"rendered":"<p>V\u00f6run\u00famer Framlei\u00f0anda: M115EURDLF<\/p>\n<ul>\n<li>Rust-Oleum\u00ae vottu\u00f0 ry\u00f0v\u00f6rn tryggir a\u00f0 l\u00edkami l\u00e1ssins ry\u00f0gi ekki.<br data-start=\"63\" data-end=\"66\"><br \/>\nTough-Cut\u2122 efni\u00f0 er 50% har\u00f0ara en hert st\u00e1l.<br data-start=\"140\" data-end=\"143\"><br \/>\n38 mm lengd kengs fyrir fj\u00f6lbreyttari notkun.<br data-start=\"186\" data-end=\"189\"><br \/>\nDual-Armor\u00ae sm\u00ed\u00f0i: 49 mm brei\u00f0ur lagskiptur st\u00e1lkjarni me\u00f0 ve\u00f0ur\u00feolinni hl\u00edf sem ver gegn snj\u00f3, regni, ryki, le\u00f0ju, \u00f3hreinindum og salti.<br data-start=\"326\" data-end=\"329\"><br \/>\nH\u00fa\u00f0a\u00f0 lyklaop og \u00fe\u00e9tting vi\u00f0 keng eykur ve\u00f0urv\u00f6rn.<\/li>\n<\/ul>\n<p>Miki\u00f0 vi\u00f0n\u00e1m vi\u00f0 tilraunum til a\u00f0 brj\u00f3ta upp l\u00e1sinn.<br data-start=\"449\" data-end=\"452\"><br \/>\n4-pinna s\u00edlinder fyrir aukna v\u00f6rn gegn uppd\u00fdrkun (pickingu).<\/p>\n<p><img decoding=\"async\" src=\"data:image\/png;base64,iVBORw0KGgoAAAANSUhEUgAAAngAAADICAYAAAB7wpxmAAAAAXNSR0IArs4c6QAAAARnQU1BAACxjwv8YQUAAAAJcEhZcwAADsMAAA7DAcdvqGQAACJSSURBVHhe7d3fSxxZ2sDxxxd2985\/QZSZ7W0nBmcgkL9ASCSBDC1mlAgvwtxJLuKEYZ1k2GRchkQvgncD8oIhRlEmYNCAf8FAYBI0q9uboHi1LOyVV0lufM85dar6VHV1d3Xb0e7j9wOV2PW7KtbTz\/lV6Xj\/4eORKB8\/vNd\/AQAAoM39j\/0bAAAAniDBAwAA8AwJHgAAgGdI8AAAADxDggcAAOAZEjwAAADPkOABAAB4hgQPAADAMyR4AAAAniHBAwAA8EzrJ3h7c3Kh84LM7dnP3juQuYud0vntpv0MAABQnzoSvE0Z71SJR9rUdsmIvpZx9SeA02MLMyqGjL+ws1KF66UX9Da\/zRCHXozbeJX23JfOIzZdnFNLrGj7lClczxRGK1+LOU93n3b9tH1eeBStVXU9PcXW1ez6ZfMjFa7XTtX\/LQC0i\/pr8K6vyuHhYWlaHhJZKrRXUNgrypb9EcDpW\/mbk\/gkHDwqyNSO\/RATJCqFpZzkeu2sFAePLkjn8IpaJ2fnJBXltdr\/0LIT1\/T024R02TVCZetUWK8eufvbsf2tXldndKdQlswm1zOTir\/FO32NFbJ7p2U7uT81zV+yywG0teM30V66K9MquK48oz4MQP1y96dlaGdKCqk1Tpty705RcteHJJ6e6eSuTyV+Q7J6+FKmz9vZCTq561Pb68Ts5Y8VVjIFvpz0V8r\/TtjA99PqbFTSWbQzqrk0L9v31YkvTZ2hbiwAsmh6HzxTWr44J5v6b1vlHzUVpDU1JEqeZntn+YWfX9slgXD\/sa8Cs994801yP2Hzjmkm6Z9S4XNFCnZZee1jUDNw4dFmoinDPUbQZJ3c1uw\/uia7ziP3up3zSMyLK5Y1o8SOlXIv3eVV\/x2AFlL8R07uqiSleOdeWfPpwaMpWemdltXv++2cUJdM\/KZrnOZlwM5J03XzZe1aqeJr9bSdl1yP\/XzazPlkTzi7bqoEWW0x9TOFbAAlx0\/wXtwzzSe5L5xopEvjT8ei6v+XN3UDhkp2dGLlNvG+ViXVpUIp8XgxHpW2w3VWv9hSoatOKfvRx5LigQz8on7WzcoqJK7aZZWCf\/HOlMhiuI9tme5tLIiuPJXoWNv3Rab6O6Ug4X2w+x1JJK1LC86xg2ableGw\/1BwL8VtslHXtzWcSBRT\/x2A1hMkKSsy5RZCVCGmoJ\/jH4\/XBFrLwb90h41SgS+YTquPrnq2h1dEesfkauaEUyWDuol6qxiPIQDOtPoTPJWQlYKgmkwwUiXsWPKgkqdkv5QXyyqEqvm\/OOXtnglZdUrum8\/UvlQC6CZcXVfGEk0ztZn9qHO66yZuPQMycanOr4nr0zIRBdkuufqNOpMGgmjum6vRvQiuJyfT34f3we53R5faHbFjiwxc00mpSnZ1Amfv5bR7z3uuyphKFBeeu2eX8u8AtKQBmTf9yUp9zzZ\/VgXC5HP8CYS1fKVJF7pUwpdsKVBWhp3Yp6cmDDAzfeiifRZkRReCT+K5VQXAPvda1EQtP+CPY9bg2VqwDMHIlJJ7+8uSta4\/634xOnE5kKJaJVYT2BC7Hyep8kJO37ugX056jYPujxSsCrQl05\/X1pLvzcnUkoown7j2Ll2XTPyoClQ7C7KW6DpRNsjCLbA2KBw8oWvpTUxtdJ\/nc\/Xdq5RBFtTyA\/6oP8GLjaKt3v\/FVfxHrYbWYCRbs9Q+XptLCc56IkCjfdnEamlKLowE3TnacUTn1r\/SasGCgmc1A7+sqvQuveawqr01WUh2kwFw5jV9kEUlpokxpUQc1EbpDs5BP5JMiVmyOTOmS3KmUvBk+qOkB\/NPwOl4bWo9U+4l0PYuzcvq9aIUd9xuDCevFJeCz5mYbhLqUX26Vh57wiSsasvCgMzrfskVRxSnOZA5nQwnu2wAOPNOLMGLml\/cwQS2E3Xu\/l0V2mxftNg79ezADPtJC5p0V2Q5WicMcCVBMhkPknpUaXzEq+3P1jCbkLrB\/MW4FJbsz8e1tOx08rYdr8N+eWn3Ut+Hi2mjcYH2YgZCHb6M9UH9dMIR805CZQdpBXGpHmHTru7b5gzS0C9JNnEsQxIW9UvuKxuhX0bv13TNUMnw6+ytKQDOhpNL8HTw+23VvO8q6thrR4KGzYq6s3MwWjTsV7Ysw4e62cJhSvjuOgWRxfJ1oheA2mP13dGJoQ25l4bV+ipB6g+WNdaxWF3PYlDajq7n2XDwTqomyN3vl+Vwv7rjtW6Sjfrm6Hu5LdPidpJWgf78mOSKjVwL0IacVwWZglU0AMwdARskcGa+LiQ5fVdNArWnErlv4rFCr2fem5eSjJUNstCT26SqY4+uhXP7yOrjmi4V2ZKwrpurqgAXHMtN8uKDMex+TZeZ9GS4bH011UwaAXij4\/2Hj0f6h48f3psZAAAAaG8nWIMHAACAk0CCBwAA4BkSPAAAAM+Q4AEAAHiGBA8AAMAzJHgAAACeIcEDAADwDAkeAACAZ0jwAAAAPEOCBwAA4BkSPAAAAM+Q4AEAAHiGBA8AAMAzHe8\/fDzSP\/z7P\/81MwAAANDeogTvT3\/8g5kBAACA9kYTLQAAgGdI8AAAADxDggcAAOAZEjwAAADPkOABAAB4hgQPAADAMyR4AAAAniHBAwAA8AwJHgAAgGdI8AAAADxDggcAAOAZEjwAAADPkOABAAB4poUSvH2Z7euQ3of79vMJezcrvR2jsmE\/pno+Kh211lH2H\/ZmWg9APTZktKNDOvpmVbQAAFSTPcEzCZAKrmnTqQbcIDHs6OiV2Xd2lmNjLNuyjXuTsiuL8uS5XZiR3sdondsASGMTuLLCUfiMD6onVHkzKT16vTGKUABQSd01ePkHe3J0dFSa1kZMwB08rZo36ZZbf1fnoNKz33eDORGVlE4+1j\/syvyz5PltyBO1LP9gXW59JnJ5IbieJ1fs4kz2ZfeV\/RHAMegkTiVw5\/KSt3NC+w8HZfLNiKy7ceftjOQfD1K4AoAKjt9Ee2VUTHq1ncyuTpA9h8WVRLn\/2bzsnpuRmRvq\/BZ+jdcyPn9iagO+\/Et38BnAqTFJnMzI3rNxOye0L78uqNhyY1Qu2znGZ1\/L+LnyZx4AEDh+gvduV3Ql1siQE37TmnOTzSnJdfp+kN\/toqippqwJxjbVlDUJX5ZRlcTJ4ydO007wxZAf+1puDelaxnn51Wmm3VjR6d2IjIY1dqZ\/XbwpN2jCLU2jK3aBZtbvkck36kvmql0ncb67pi9eaftT618ItDL1LPXcFpl5dksaLW6Zfq8qLsy6z6x+HpNxxn1GbZ\/aWfc5NbElbCp25wFAm3n\/4eORnmp6O3OUFznKP9izM5S1kSO1iyO5sW5naOtHKp2KzyvbNsM6Zt\/5o5m3wUfDrJOYF7LnMrJmP8fWDY5XOv7e0cy5xPETx9t7kC87\/voNtY2MqL2Fgv1Gx7SCbeP3Kpjnbgug7Nk0z238OUl7FpPPe\/jMlZ5FG2Pc7ZIxwn4uiwvuOmWxCwDaQ90Jng5+ZVNZolSeyMQSnNR1guBaLQkzCda5GbUkTTxpNMdz1o1ta68llpiZcwq\/DJLnYpWdd7UEL3F9sYQTQNoznpbgReuF8SaaSuulPXPmmXf3bZ\/X6LmOPfOBZNxIPUcAaAPHH2RxtC4jjwejpo\/9f74SOfdVWUfp7r98qf58JbvvKq8T1y1fj6k1ombXYFDEyN8rNePYZtpXu7LvNM+G6152mmlN3zy3ebbMrvz+hv55wKcUDZ5YiPWuS9Ett7admKMHWKi5I2tP4v3yAACR4\/fBUyH2pwelRCzLYIusAzK6v5tRadiiTD5UKdvDSVk8NyM\/VRnlGiVxz3+V+Td5Gb\/mJGhmIIYeTbuR3mnbZfsVAvhU7OAJ9XwPuv3dPg9eV2TmpfZ925fZa2qdG+t1jngHgLOlCQmeTdhsjZxbU+YytXbypeQ\/E8n3qTXf\/K4CeS1Brdzuwg\/yQ6JGLlVen4NK4v6qR8+Oy9fqWCXhviZV8qdK\/+6gkKTP8upMRV79k67VwKeRqJWL1c7ZV6Jsl9fWb4zpgU1Zav0A4Gw7doKnR5oO6vfJhcnXlZ9k5tyuTF5zSt\/vZmXwtkrQHvxkas26r42rIK5K6c6ItiBw2w+Oy3dVwH+zKIsqqM98V6PJ1L46YfdNejIYJJ+7KgWs1jyr2WTw9mBpVK0ejXfVvGa1DIkgcAKej5pYQ9MsANRWd4K3e7un1JyipiDgHslOlHzpkvm6jIRvm9fT55MiD\/ZK63x2S3b0C5J13z27zpOhI1nXfeiS1Lr6PXZVm1Qjtt+eSh9jzbMh+7682v3\/VIq3sBckqp\/ba7gmsm77\/pSEiaC9J7xOAfgkzGtQdAGLplkAyKRDj6DVP\/zpj38wM1qOrjn7fF7G3+6Y\/3ECAAAA1TWlD96nZP6P2LL+dAAAAKiktWvwTO3dpHy5Vu\/\/EQsAAHB2tX4TLQAAAOrS8k20AAAAqA8JHgAAgGdI8AAAADxDggcAAOAZEjwAAADPkOABAAB4hgQPAADAMyR4AAAAniHBAwAA8AwJHgAAgGei\/6rs3\/\/5r5kBAACA9hYleB8\/vDczAAAA0N5oogUAAPAMCR4AAIBnSPAAAAA8Q4IHAADgGRI8AAAAz5DgAQAAeIYEDwAAwDMkeAAAAJ4hwQMAAPAMCR4AAIBnSPAAAAA8Q4IHAADgGRI8AAAAz3iX4G1+2ykXHh3YT8fTzH0BaDcHMnexeTHg4NEF6fx2034q0XGms\/OCzO3ZGdrenFzoVPNT1geALLIneGHAqTC1RCKkznFqSaT4dE2F5jroa7s4F9+m0X0ByCxIbsalLI15MW5jSyLxaRlB8peMg9GUjCfqCu\/dKYosLTvXuinjat3CUk6mX6\/KVTvXJIL9U1K8viqH3+daJP7oc035dwLQsuquwcvd35bDw8P4tDwkxTt9p1\/a7JmQl\/p8fpuQLjsrk+JrUaE3rtF9ATgendwNr9hY81Imeuz8VtQ7LdtuLDTTqgztTElfLCEakHmzbF79FDh4NCUrMiSr5hq7pMtcZ5AImmv\/Ra2p55u1T9leUbbsjwDaQ3OaaC\/Ny\/b9nCqdTrVoaRtAW9C16Sq5k+ur8vJmuxatVDL3elpyKn2bqtWy0duv1it3\/s8UKwEcT9P64HXdnFZl0aJM\/Vwqs5qmhljTRbyKv2x5rFkjaL6ILbc1hGY7te6ms33QRGybTaKaxLAPzWaiOSVs9rHr6y8UU+JOWebWSqY1U8dqLYNzHn+RPHeaNoDa1HMTNk3q2quEoDnXmcJ4YZtzx1+Y1Urs8xp2H6kVj8qe74v35LVdVLeeCZm+LlK8cy86hjl\/c85BbOnTTbZu3Pk\/fR0FlRaKrAzbcwjjS0rsca+3ckxUqm5bK0ba89b\/LurMCmXbA2hVTRxkkZP+XvXXVjEKun13RKZf62aJYNq+vyWFMCiroFNILD9czEkxSq5UoEs0f2x\/USwFZBUYC0\/HouXVSvvFO1Mii+F+tmW6VyWiI\/o8umTiN31eqgwdHatSk5Dz5WOPeahL6UuFUiC1VoaXZThcRzfXZCnJA2eaLhTZZz4ludMJTGFJN2eGz9WhrJ5XyZFOgC7Ny6pKplb+5hYQ1TbPF6So9reqY0OteJT2fC\/2y9aOWdiQ3Be6bm7LxjSXE3dME60+noo7\/zuv\/tbxwukKY+5FcG7ido9RsWdrONE\/MTUmZts2NUbawvrAL2resj6r0v2fv2QWAWhhTUzw4jaf6WaW6Viy1HVlTHI7C7KmA0tqv7cBGdDr763JggqsQz\/G+7913ZyI+q+YYJO1f1zsPFRw\/VEFq\/A8snqxHPSXcb98VCl9VQVpt5Su5e7fdc5zQIZ1Sf4fZVcLwNA1Q0HNleykxAWVgq091f3S3OdKPVnX1HNsBy0MfK8KWyrBuRfVLNm+bN9cNTGiZjxKfb6vypgutJ42e27TbiHWnFtRFp67KW1KTMy6bSJGXv1GJZ9hYR1AW2p+gnc+p8LDgRR1j9ylglPlH1bzW5fuBqXE\/mBZrBbMJH9DMvypSok53e+lKK\/ryLkO\/qUuKKW\/TNefz6s\/00rpALKxNUO231qpVi2knlVV4DMDudx4ortWhGwytvLMFrViiU3teFTp+T6+85JzkspGmHPT98U9984+mcpQu3icbQG0t+YleLbWLWiWCKSOuI2aQINmCj1PN68EwdvtE9NaSRM1cMAnpkeu66ZA3S8t1rc1MLScjCV6Ckel2pp5M9DrQOb+pkfhxmv8qsWj5j\/fQa1j05LG1NG61bumRI6zLYC21aQETwXUEV0aDkvMXZI7r4JmxnfImT4etvS+rJtYGqhhq4upIcxJfx2R1zQHpTTrBiXk45fSASiX5oP+XrG+rUH\/3qh2rpJLwyoCFWXh53uqsJmTsSthAlM7HpmCaWrzcGMOHhVMLVmym0kjTCtBvV1KrONsC6C9HT\/BMyPYdJW\/flln6R1PYZ+Ygtv0qkdzOYMsxis1y4bNLcNujd6mjJc13WSUfLmobtpJ9MepGdzDJmUzOMMyA0XK+wYBOAb72iVdqx+M1gxr5wrx0Zs69sRq+gbkrt5uaUWKiee7Vjwy\/fF0U6azv81vG2nKVPGlMxghq2sMmzIYIS32qJ\/mLiYGWaQ5zrZl6IoCtJO6E7zUfjBm5Fli9Klubnk9LeKu3z8l579RAVgFiQOV0G25y9R+hpad5pbf9Egut+9IQbZ0KbyRAHNdZNnZT3KkXhTc7TrprwDQ5xS+wNTuy45Oo6kDaK6umy+DkbHDtn+urdmLXh+ip+Etmf5Cp1QlweuaRIauJYpcNeJR1Dzs9NNbvhZ0H6nKjQdm0oNFgj6FzYsLNh6KeyyVfJ5XcavoJKypjrOtw9aOpvaZBtCSOt5\/+Hikf\/j44b2Z4RddUtXBLP29WgD8ol+n0qdfFcL\/QAPgjGv+KFoAOBXxV6MAwFlGggfAC+H\/7Rp75xsAnFGeN9ECAACcPdTgAQAAeIYEDwAAwDMkeAAAAJ4hwQMAAPAMCR4AAIBnSPAAAAA8Q4IHAADgGRI8AAAAz5DgAQAAeIYEDwAAwDPRf1X27\/\/818wAAABAe4sSvD\/98Q9mBgAAANobTbQAAACeIcEDAADwDAkeAACAZ0jwAAAAPEOCBwAA4BkSPAAAAM+Q4AEAAHiGBA8AAMAzJHgAAACeIcEDAADwDAkeAACAZ0jwAAAAPEOCBwAA4JkGErwNGe3okI6OUfWTa19m+9T8sfjcpno+qo7bK7Pv7OcyJ3AOMfpeVDuf1rD\/sPcE7wlweszvuopPo8\/tDN+8m5VeHX+rPc8mTnZI78N9O6PV2Dj9qc+x5e8D8GnVleBtjOmHclAWzadFGdSBpizRa2Nh8KwwJQPF\/sNJdRd2Zf5ZKweQDfnh9q7I4yf+\/DvBQ8f80rdf5j36d11ZvKr31QKFL3teqVNdhS5bsP58UkUc5fGg2UfsXoXx62oQoXdv95h1WibZjeJrj0y+CWaF51h3ATS6r2nfP\/Zetep9AE5I9gRPPVCDj\/My8\/ZIjo7CaU9mHnwl+RavwapX\/sGec412WhsJAoUTiLq\/2zHLdr7rtnNa0WV5Yq7hifoJaFHPf1Bf+nkZuZGX3YVfVbpXD5Uc\/lV9md9Yjz2z6zd2ZfLabJ37+jRG1krnpae9B3mTpGVNOjbGVMH63IzsJfaxe\/uHKMHZuKeSv5R1Fq+2QCFcJ2Q6OU2cn5nezkj+8WTmZNzU0qrkLX9O3cMUle5VS9wH4ARlTvD2\/\/lK5Ny4fP2ZnWF0y63vbkl3bJ6nrjyxQTl7IAKQzcaKStBUfPnp7rjk30zKD3XVtuzK729UEjUUL8Lk+9Tz+ub3oMarxXRfU9ep\/n71zyzp54Y8eayuZ+xrFXFLuv\/ypfrzleyaeLQvuypEV1\/ntNgEXCdd2+r7ws6NfHZLdo525FaG7xGd3OlaWp0w7\/xdX1vCu1mZVPdq5O\/x43R\/NyMjsiiTNNfiDKmvD16mwLsbNbUEU6KZJKUZNF6KDfv4OVOV6vug2bhas075\/hrtkxEEiV2ZvGfPx15LdP6m2WBUZm0\/IDP16RqExDmYeY6q9yRouup9uFH1voZ9j6LJOYa5R7Fjptzj2PJsxwzvfTTV28wCaO6X8mdfy\/g5kcWVxO+SbZJLr\/HKy1cp2+xuq9TuxqituQ5\/p2djv\/t6f8lnp\/zZq2ebjHZ14pmX8WthGmKfydRnKKiFT7YUmEK3fCl5kxh1S17lO8naz2TB3Jy3etZn3WdXHzMZg9zzaDSuhd79KvM6AU8kXemq3Qcdg4NWkydX7Iwkc19HZLRsefA7Yn4nlFO5D8BJe\/\/h45Geats7mjknR2oTM+Uf7Nn5oXB5\/mjmrZ0VzruxHvusSl+R9Rtq+bkZtUSz60efA3sPZo7MHtZGYvuPb6ulH6\/0WVs\/GlHn755D5O3MkSpVp1xbKHF+dv1oX+b83O3t+u46ZccIzid2TLNOeJ3hPqrc19j61tv1o\/XU+5S4BiM4h7L7Vu2Y5lpHgn+X0Jo6pv0RyGrvQT72u5T8rAXzqjyb9rkK41MwufsIf6edefZ5dZ8F86xE6zSyTYJd3403qdcSnn\/suazEPq\/JZz6a707xdcJjl84nZV\/Jc7af64trDrN98lwrqOc+mP3G73va707IjYOnch+AE1ZHgmclAmnZL3ssmbIPUrWH1X347b5LD12Cs256UE2cg9lfeWAx2ybO06j5cNr9h9eTPF\/3Wqzy60+co9km\/TqC88hwX1OO63IDW6V7Et9H7WMGAbLClxqQWdrvWvBlW9eXpH0Ww7gUTO7veeXjxOJNzeeg1jYJZpl7TqWpsSQgTESCKR4r48vS1kl7bsvjYeL+p1xfzbjmCI5Z4f4chzmv+LVUi0vlCd7J3gfgpNX\/mhTTXyLouKoeCNm9Pdh4nzRdHW5HOhkVq9dduzL5eYcMPh6R9VoDB8z+gvWj6nM1DT62yxv1ZT5DU0M2QTNLOCI5nEqjzDK58pPMnCtdZ9UmaHNPwmYdR\/4ryaslv2fssBT2aQnPu+4mKkCzgytm7rpP8mUZ1bEl62ALHUc+nxRJDI7aeyDqmWiNjvUqyYqdm0pIRW73VH9WU4WDptS0pp7Aq2G3Cd1MOCiLiYEm8XVOR9APsEU0MXYDra7+BM9xeWHd9EnLmhRosb4r10TWVQCKq9UhWI\/k3VMJjUouMvV10ImgE\/DCaaGBMaW2L4npvN1MaSPL1JR9dG633NoOtgmSbv1agPQvtiChbIbwi0b\/W9jXUtD3BHUygysqFcKyDrYo688WCAYyLMqTVix8qILyTD1JbJoro6X4+25XRU4V7RIDTcJ1TvVVTrbweBLnUHlQiR2E0uzYDbSwYyV4YVDJTJW0B29L6VUryRFVmWuRdEKjkkv1BdBToTOuYfbXrAC\/L7PX9DuoRmSmia9FMQHpzbz82qQS9uUFdV\/1awcqXHfFLz37JflV3fHPJpc6UW\/ideAMUPFAD67Ip72WKCw4JAdbeCNIODLVKFUaYFJv\/D0tYTJ7nNaerColtKamWN3uvzQvdgOtLmOCF44Scqv61Tz7XqOfqjapOkwS4VJJkx4+HwpH0MXeV6SOk1ozdFmemPcnDVZu5rCBJfn+Iz36s64mRRNgdbOprj1s8vvkwubV2Pu69Oi9OppV1BflqHsPzH2u0NSdek\/UPdZN5TdmMr2qwFD3xL2H6a\/RASrbfzZfpcDULV+PqdJG+ILuSkmOZr\/Uy54hXSCrJz6dGP18B90wSjVuNsamFVivPDE18\/Gm1kT8TY2dOtbpF9M3t1DaiLC1R9fUxuK1bl6PfbdUuQ+ZXJafzPsBe5zflTC+rVcefQt4KGOCp5vjdInabUqxL5NMe69RJSZQxfchz\/SDH9K1Qbb51SwP1nmlh\/+nJTu6P2DKC4hdukZr\/Ua8j9vgqxn5KhYG48I3n0eTDQ5HGd\/VVB97zTIpPdExVfD\/clzyuxUS14R9ldC9cs9Zne\/IWuVE9PJC+T02fXfqaLbeUAndK\/O\/BQRTj66ZfVbH7wLONlObr4p70WtMyoW1zYPq2Q67FqS\/N07HJ1ujH\/1Oq2dIPVV1xadPKPifNZxzM4VF53UfYW3cq10nSS0Jntlq8Tctdmbsq3wigi4dpS4k9hyjlx\/b2FrjPgTJsd3W9N8uXW+Y0OlXqeyZFxvb9RqIb4APOvQIWv3Dn\/74BzMDAAAA7e14ffAAAADQckjwAAAAPEOCBwAA4BkSPAAAAM+Q4AEAAHiGBA8AAMAzJHgAAACeIcEDAADwDAkeAACAZ0jwAAAAPEOCBwAA4BkSPAAAAM+Q4AEAAHim4\/2Hj0f6h3\/\/579mBgAAANpblOB9\/PDezAAAAEB7o4kWAADAMyR4AAAAniHBAwAA8AwJHgAAgGdI8AAAADxDggcAAOAZEjwAAADPkOABAAB4hgQPAADAMyR4AAAAniHBAwAA8AwJHgAAgGdI8AAAADzTeIK3NycXOjuls\/OCzO3ZefV4Md74tgDOlM1vVay5OCcH9vPxbMq4il0XHjVnbwDQiupO8A4eXVCJmQq2\/VNSNHOKMtWvE71OGX9hZgBABgcydzGIHeUThT8AOI66Ejxdiu67U5Tc\/W05PDyMTdv3c7Lyt2aVsAGcGb3Tsh2LJ6sypAuOI8QTAGhU9gRvb06mlsQkdy9vdtmZJV03X8rhbxNSvgQA6jEgw9fVXzuvbSsBAKBemRO8g+cLKtgOyXRKcpcmasp1plpNuLW2Mcsvzsmmsx79aADfHEhxS\/11fVilepWkNO9+u2mXBUy\/PXd557jE13CYPsFqnab18wOA05U5wSv+Q5Wle\/slZz9XpYKlbsodWk404Q5X6VeTdZudKSk8HYuadNJqEwG0Kz0Aok+mdoZk9Zcq6d2jgkydX41ixeHykMjSVBQrdGGwsJST6deleHL4ul+KaYVMndwNbwXr0goBwBMZEzxbos5o89mKKn2vyvwlO0Ppurkq071Fmfo5vQydfRsV+AnCgD9Uoa0vqmUriIoENZkuIW4CeGnY9NtbeK7r3w5k7akqkF6flomeYLHRMyETTnwxTHK3ogqWL+PrAkCby5jgdUnuvP2xpiAZzH2RrOuz+9gqpjSBNLINAC+UDbI4lNXrK1Ko1qQao5tr3cSwKK93VFHwWuUaQK14p88md4exgiUA+CBzE61JvnYWZK3mqwuC4FqfRrYB4KuB76clp1K25Ur9dqP3cAa1frKoR97Gbf2rerFQDxir2XUEANpU5gSv6+Z0xlcXBCPgik\/XEuvZZt7zuZTm1Ua2AeCtoh5Bm5P+1E6\/BzI3MiUSva4p2byqtutVu9D9hmvQTb2r1\/W7PLPWFgJAe8ic4OkkbF53ZDb9ZeIl3mj0qx2BZkrfejCEM8LVdIreycn09+nNJo1sA8BDtl+c9I7J1dR+ceU1\/gePppwm2i65+o3KDJcKsVH4m9+m19QN\/LIt070rUmAELQCP1JHgKZfmVWnZvoTU\/u8VeopefhwOfuiZkJcqGTR9XKJ1RKZfV+nI3Mg2ANpfbJCFmnRyd321yojWoLDpxoqCrMqqfneepWvmgubX0n4LW+dVbpiWwnXJxG8qrpnzoCYPgB863n\/4eKR\/+PjhvZkBAACA9lZfDR4AAABaHgkeAACAZ0jwAAAAPEOCBwAA4BkSPAAAAM+Q4AEAAHiGBA8AAMAzJHgAAACeIcEDAADwDAkeAACAZ0jwAAAAPEOCBwAA4BWR\/wdaFT0YEcwNewAAAABJRU5ErkJggg==\" alt=\"\"><\/p>","protected":false},"excerpt":{"rendered":"<p>Einstaklega \u00f6ruggur og ve\u00f0ur\u00feolinn hengil\u00e1s fr\u00e1 MASTER LOCK.<\/p>","protected":false},"featured_media":36537,"comment_status":"closed","ping_status":"closed","template":"","meta":[],"product_brand":[],"product_cat":[661,597,517],"product_tag":[1122],"class_list":{"0":"post-24214","1":"product","2":"type-product","3":"status-publish","4":"has-post-thumbnail","6":"product_cat-hengilasar-hurdabunadur-lykillausnir","7":"product_cat-hurdabunadur-lykillausnir","8":"product_cat-lykillausnir","9":"product_tag-vedurtholnar","11":"first","12":"instock","13":"taxable","14":"shipping-taxable","15":"purchasable","16":"product-type-simple"},"yoast_head":"<!-- This site is optimized with the Yoast SEO plugin v27.3 - https:\/\/yoast.com\/product\/yoast-seo-wordpress\/ -->\n<title>MASTER LOCK Hengil\u00e1s Excell\u00ae Black Laminated Padlock 49mm - V\u00e9lar &amp; Verkf\u00e6ri<\/title>\n<meta name=\"robots\" content=\"index, follow, max-snippet:-1, max-image-preview:large, max-video-preview:-1\" \/>\n<link rel=\"canonical\" href=\"https:\/\/velarogverkfaeri.is\/en\/lykillausnir\/hurdabunadur-lykillausnir\/hengilasar-hurdabunadur-lykillausnir\/product\/master-lock-hengilas-excell-48mm-vedurtholinn-oryggis\/\" \/>\n<meta property=\"og:locale\" content=\"en_US\" \/>\n<meta property=\"og:type\" content=\"article\" \/>\n<meta property=\"og:title\" content=\"MASTER LOCK Hengil\u00e1s Excell\u00ae Black Laminated Padlock 49mm - V\u00e9lar &amp; Verkf\u00e6ri\" \/>\n<meta property=\"og:description\" content=\"Einstaklega \u00f6ruggur og ve\u00f0ur\u00feolinn hengil\u00e1s fr\u00e1 MASTER LOCK.\" \/>\n<meta property=\"og:url\" content=\"https:\/\/velarogverkfaeri.is\/en\/lykillausnir\/hurdabunadur-lykillausnir\/hengilasar-hurdabunadur-lykillausnir\/product\/master-lock-hengilas-excell-48mm-vedurtholinn-oryggis\/\" \/>\n<meta property=\"og:site_name\" content=\"V\u00e9lar &amp; Verkf\u00e6ri\" \/>\n<meta property=\"article:publisher\" content=\"https:\/\/www.facebook.com\/VelarOgVerkfaeri\" \/>\n<meta property=\"article:modified_time\" content=\"2026-04-09T13:30:55+00:00\" \/>\n<meta property=\"og:image\" content=\"https:\/\/velarogverkfaeri.is\/wp-content\/uploads\/2023\/06\/87e905bf-c261-4472-8611-10b8f5fc3fc3.jpeg\" \/>\n\t<meta property=\"og:image:width\" content=\"181\" \/>\n\t<meta property=\"og:image:height\" content=\"285\" \/>\n\t<meta property=\"og:image:type\" content=\"image\/jpeg\" \/>\n<meta name=\"twitter:card\" content=\"summary_large_image\" \/>\n<script type=\"application\/ld+json\" class=\"yoast-schema-graph\">{\"@context\":\"https:\\\/\\\/schema.org\",\"@graph\":[{\"@type\":\"WebPage\",\"@id\":\"https:\\\/\\\/velarogverkfaeri.is\\\/lykillausnir\\\/hurdabunadur-lykillausnir\\\/hengilasar-hurdabunadur-lykillausnir\\\/product\\\/master-lock-hengilas-excell-48mm-vedurtholinn-oryggis\\\/\",\"url\":\"https:\\\/\\\/velarogverkfaeri.is\\\/lykillausnir\\\/hurdabunadur-lykillausnir\\\/hengilasar-hurdabunadur-lykillausnir\\\/product\\\/master-lock-hengilas-excell-48mm-vedurtholinn-oryggis\\\/\",\"name\":\"MASTER LOCK Hengil\u00e1s Excell\u00ae Black Laminated Padlock 49mm - V\u00e9lar &amp; Verkf\u00e6ri\",\"isPartOf\":{\"@id\":\"https:\\\/\\\/velarogverkfaeri.is\\\/en\\\/#website\"},\"primaryImageOfPage\":{\"@id\":\"https:\\\/\\\/velarogverkfaeri.is\\\/lykillausnir\\\/hurdabunadur-lykillausnir\\\/hengilasar-hurdabunadur-lykillausnir\\\/product\\\/master-lock-hengilas-excell-48mm-vedurtholinn-oryggis\\\/#primaryimage\"},\"image\":{\"@id\":\"https:\\\/\\\/velarogverkfaeri.is\\\/lykillausnir\\\/hurdabunadur-lykillausnir\\\/hengilasar-hurdabunadur-lykillausnir\\\/product\\\/master-lock-hengilas-excell-48mm-vedurtholinn-oryggis\\\/#primaryimage\"},\"thumbnailUrl\":\"https:\\\/\\\/velarogverkfaeri.is\\\/wp-content\\\/uploads\\\/2023\\\/06\\\/87e905bf-c261-4472-8611-10b8f5fc3fc3.jpeg\",\"datePublished\":\"2023-06-07T14:24:36+00:00\",\"dateModified\":\"2026-04-09T13:30:55+00:00\",\"breadcrumb\":{\"@id\":\"https:\\\/\\\/velarogverkfaeri.is\\\/lykillausnir\\\/hurdabunadur-lykillausnir\\\/hengilasar-hurdabunadur-lykillausnir\\\/product\\\/master-lock-hengilas-excell-48mm-vedurtholinn-oryggis\\\/#breadcrumb\"},\"inLanguage\":\"en-US\",\"potentialAction\":[{\"@type\":\"ReadAction\",\"target\":[\"https:\\\/\\\/velarogverkfaeri.is\\\/lykillausnir\\\/hurdabunadur-lykillausnir\\\/hengilasar-hurdabunadur-lykillausnir\\\/product\\\/master-lock-hengilas-excell-48mm-vedurtholinn-oryggis\\\/\"]}]},{\"@type\":\"ImageObject\",\"inLanguage\":\"en-US\",\"@id\":\"https:\\\/\\\/velarogverkfaeri.is\\\/lykillausnir\\\/hurdabunadur-lykillausnir\\\/hengilasar-hurdabunadur-lykillausnir\\\/product\\\/master-lock-hengilas-excell-48mm-vedurtholinn-oryggis\\\/#primaryimage\",\"url\":\"https:\\\/\\\/velarogverkfaeri.is\\\/wp-content\\\/uploads\\\/2023\\\/06\\\/87e905bf-c261-4472-8611-10b8f5fc3fc3.jpeg\",\"contentUrl\":\"https:\\\/\\\/velarogverkfaeri.is\\\/wp-content\\\/uploads\\\/2023\\\/06\\\/87e905bf-c261-4472-8611-10b8f5fc3fc3.jpeg\",\"width\":181,\"height\":285},{\"@type\":\"BreadcrumbList\",\"@id\":\"https:\\\/\\\/velarogverkfaeri.is\\\/lykillausnir\\\/hurdabunadur-lykillausnir\\\/hengilasar-hurdabunadur-lykillausnir\\\/product\\\/master-lock-hengilas-excell-48mm-vedurtholinn-oryggis\\\/#breadcrumb\",\"itemListElement\":[{\"@type\":\"ListItem\",\"position\":1,\"name\":\"Home\",\"item\":\"https:\\\/\\\/velarogverkfaeri.is\\\/\"},{\"@type\":\"ListItem\",\"position\":2,\"name\":\"Vefverslun\",\"item\":\"https:\\\/\\\/velarogverkfaeri.is\\\/vefverslun\\\/\"},{\"@type\":\"ListItem\",\"position\":3,\"name\":\"MASTER LOCK Hengil\u00e1s Excell\u00ae Black Laminated Padlock 49mm\"}]},{\"@type\":\"WebSite\",\"@id\":\"https:\\\/\\\/velarogverkfaeri.is\\\/en\\\/#website\",\"url\":\"https:\\\/\\\/velarogverkfaeri.is\\\/en\\\/\",\"name\":\"V\u00e9lar & Verkf\u00e6ri\",\"description\":\"Umbo\u00f0s- og heildverslun fr\u00e1 \u00e1rinu 1919\",\"publisher\":{\"@id\":\"https:\\\/\\\/velarogverkfaeri.is\\\/en\\\/#organization\"},\"potentialAction\":[{\"@type\":\"SearchAction\",\"target\":{\"@type\":\"EntryPoint\",\"urlTemplate\":\"https:\\\/\\\/velarogverkfaeri.is\\\/en\\\/?s={search_term_string}\"},\"query-input\":{\"@type\":\"PropertyValueSpecification\",\"valueRequired\":true,\"valueName\":\"search_term_string\"}}],\"inLanguage\":\"en-US\"},{\"@type\":\"Organization\",\"@id\":\"https:\\\/\\\/velarogverkfaeri.is\\\/en\\\/#organization\",\"name\":\"V\u00e9lar & Verkf\u00e6ri\",\"url\":\"https:\\\/\\\/velarogverkfaeri.is\\\/en\\\/\",\"logo\":{\"@type\":\"ImageObject\",\"inLanguage\":\"en-US\",\"@id\":\"https:\\\/\\\/velarogverkfaeri.is\\\/en\\\/#\\\/schema\\\/logo\\\/image\\\/\",\"url\":\"https:\\\/\\\/velarogverkfaeri.is\\\/wp-content\\\/uploads\\\/2021\\\/10\\\/vv_logo_350x100.png\",\"contentUrl\":\"https:\\\/\\\/velarogverkfaeri.is\\\/wp-content\\\/uploads\\\/2021\\\/10\\\/vv_logo_350x100.png\",\"width\":350,\"height\":100,\"caption\":\"V\u00e9lar & Verkf\u00e6ri\"},\"image\":{\"@id\":\"https:\\\/\\\/velarogverkfaeri.is\\\/en\\\/#\\\/schema\\\/logo\\\/image\\\/\"},\"sameAs\":[\"https:\\\/\\\/www.facebook.com\\\/VelarOgVerkfaeri\"]}]}<\/script>\n<!-- \/ Yoast SEO plugin. -->","yoast_head_json":{"title":"MASTER LOCK Hengil\u00e1s Excell\u00ae Black Laminated Padlock 49mm - V\u00e9lar &amp; Verkf\u00e6ri","robots":{"index":"index","follow":"follow","max-snippet":"max-snippet:-1","max-image-preview":"max-image-preview:large","max-video-preview":"max-video-preview:-1"},"canonical":"https:\/\/velarogverkfaeri.is\/en\/lykillausnir\/hurdabunadur-lykillausnir\/hengilasar-hurdabunadur-lykillausnir\/product\/master-lock-hengilas-excell-48mm-vedurtholinn-oryggis\/","og_locale":"en_US","og_type":"article","og_title":"MASTER LOCK Hengil\u00e1s Excell\u00ae Black Laminated Padlock 49mm - V\u00e9lar &amp; Verkf\u00e6ri","og_description":"Einstaklega \u00f6ruggur og ve\u00f0ur\u00feolinn hengil\u00e1s fr\u00e1 MASTER LOCK.","og_url":"https:\/\/velarogverkfaeri.is\/en\/lykillausnir\/hurdabunadur-lykillausnir\/hengilasar-hurdabunadur-lykillausnir\/product\/master-lock-hengilas-excell-48mm-vedurtholinn-oryggis\/","og_site_name":"V\u00e9lar &amp; Verkf\u00e6ri","article_publisher":"https:\/\/www.facebook.com\/VelarOgVerkfaeri","article_modified_time":"2026-04-09T13:30:55+00:00","og_image":[{"width":181,"height":285,"url":"https:\/\/velarogverkfaeri.is\/wp-content\/uploads\/2023\/06\/87e905bf-c261-4472-8611-10b8f5fc3fc3.jpeg","type":"image\/jpeg"}],"twitter_card":"summary_large_image","schema":{"@context":"https:\/\/schema.org","@graph":[{"@type":"WebPage","@id":"https:\/\/velarogverkfaeri.is\/lykillausnir\/hurdabunadur-lykillausnir\/hengilasar-hurdabunadur-lykillausnir\/product\/master-lock-hengilas-excell-48mm-vedurtholinn-oryggis\/","url":"https:\/\/velarogverkfaeri.is\/lykillausnir\/hurdabunadur-lykillausnir\/hengilasar-hurdabunadur-lykillausnir\/product\/master-lock-hengilas-excell-48mm-vedurtholinn-oryggis\/","name":"MASTER LOCK Hengil\u00e1s Excell\u00ae Black Laminated Padlock 49mm - V\u00e9lar &amp; Verkf\u00e6ri","isPartOf":{"@id":"https:\/\/velarogverkfaeri.is\/en\/#website"},"primaryImageOfPage":{"@id":"https:\/\/velarogverkfaeri.is\/lykillausnir\/hurdabunadur-lykillausnir\/hengilasar-hurdabunadur-lykillausnir\/product\/master-lock-hengilas-excell-48mm-vedurtholinn-oryggis\/#primaryimage"},"image":{"@id":"https:\/\/velarogverkfaeri.is\/lykillausnir\/hurdabunadur-lykillausnir\/hengilasar-hurdabunadur-lykillausnir\/product\/master-lock-hengilas-excell-48mm-vedurtholinn-oryggis\/#primaryimage"},"thumbnailUrl":"https:\/\/velarogverkfaeri.is\/wp-content\/uploads\/2023\/06\/87e905bf-c261-4472-8611-10b8f5fc3fc3.jpeg","datePublished":"2023-06-07T14:24:36+00:00","dateModified":"2026-04-09T13:30:55+00:00","breadcrumb":{"@id":"https:\/\/velarogverkfaeri.is\/lykillausnir\/hurdabunadur-lykillausnir\/hengilasar-hurdabunadur-lykillausnir\/product\/master-lock-hengilas-excell-48mm-vedurtholinn-oryggis\/#breadcrumb"},"inLanguage":"en-US","potentialAction":[{"@type":"ReadAction","target":["https:\/\/velarogverkfaeri.is\/lykillausnir\/hurdabunadur-lykillausnir\/hengilasar-hurdabunadur-lykillausnir\/product\/master-lock-hengilas-excell-48mm-vedurtholinn-oryggis\/"]}]},{"@type":"ImageObject","inLanguage":"en-US","@id":"https:\/\/velarogverkfaeri.is\/lykillausnir\/hurdabunadur-lykillausnir\/hengilasar-hurdabunadur-lykillausnir\/product\/master-lock-hengilas-excell-48mm-vedurtholinn-oryggis\/#primaryimage","url":"https:\/\/velarogverkfaeri.is\/wp-content\/uploads\/2023\/06\/87e905bf-c261-4472-8611-10b8f5fc3fc3.jpeg","contentUrl":"https:\/\/velarogverkfaeri.is\/wp-content\/uploads\/2023\/06\/87e905bf-c261-4472-8611-10b8f5fc3fc3.jpeg","width":181,"height":285},{"@type":"BreadcrumbList","@id":"https:\/\/velarogverkfaeri.is\/lykillausnir\/hurdabunadur-lykillausnir\/hengilasar-hurdabunadur-lykillausnir\/product\/master-lock-hengilas-excell-48mm-vedurtholinn-oryggis\/#breadcrumb","itemListElement":[{"@type":"ListItem","position":1,"name":"Home","item":"https:\/\/velarogverkfaeri.is\/"},{"@type":"ListItem","position":2,"name":"Vefverslun","item":"https:\/\/velarogverkfaeri.is\/vefverslun\/"},{"@type":"ListItem","position":3,"name":"MASTER LOCK Hengil\u00e1s Excell\u00ae Black Laminated Padlock 49mm"}]},{"@type":"WebSite","@id":"https:\/\/velarogverkfaeri.is\/en\/#website","url":"https:\/\/velarogverkfaeri.is\/en\/","name":"V\u00e9lar & Verkf\u00e6ri","description":"Umbo\u00f0s- og heildverslun fr\u00e1 \u00e1rinu 1919","publisher":{"@id":"https:\/\/velarogverkfaeri.is\/en\/#organization"},"potentialAction":[{"@type":"SearchAction","target":{"@type":"EntryPoint","urlTemplate":"https:\/\/velarogverkfaeri.is\/en\/?s={search_term_string}"},"query-input":{"@type":"PropertyValueSpecification","valueRequired":true,"valueName":"search_term_string"}}],"inLanguage":"en-US"},{"@type":"Organization","@id":"https:\/\/velarogverkfaeri.is\/en\/#organization","name":"V\u00e9lar & Verkf\u00e6ri","url":"https:\/\/velarogverkfaeri.is\/en\/","logo":{"@type":"ImageObject","inLanguage":"en-US","@id":"https:\/\/velarogverkfaeri.is\/en\/#\/schema\/logo\/image\/","url":"https:\/\/velarogverkfaeri.is\/wp-content\/uploads\/2021\/10\/vv_logo_350x100.png","contentUrl":"https:\/\/velarogverkfaeri.is\/wp-content\/uploads\/2021\/10\/vv_logo_350x100.png","width":350,"height":100,"caption":"V\u00e9lar & Verkf\u00e6ri"},"image":{"@id":"https:\/\/velarogverkfaeri.is\/en\/#\/schema\/logo\/image\/"},"sameAs":["https:\/\/www.facebook.com\/VelarOgVerkfaeri"]}]}},"_links":{"self":[{"href":"https:\/\/velarogverkfaeri.is\/en\/wp-json\/wp\/v2\/product\/24214","targetHints":{"allow":["GET"]}}],"collection":[{"href":"https:\/\/velarogverkfaeri.is\/en\/wp-json\/wp\/v2\/product"}],"about":[{"href":"https:\/\/velarogverkfaeri.is\/en\/wp-json\/wp\/v2\/types\/product"}],"replies":[{"embeddable":true,"href":"https:\/\/velarogverkfaeri.is\/en\/wp-json\/wp\/v2\/comments?post=24214"}],"wp:featuredmedia":[{"embeddable":true,"href":"https:\/\/velarogverkfaeri.is\/en\/wp-json\/wp\/v2\/media\/36537"}],"wp:attachment":[{"href":"https:\/\/velarogverkfaeri.is\/en\/wp-json\/wp\/v2\/media?parent=24214"}],"wp:term":[{"taxonomy":"product_brand","embeddable":true,"href":"https:\/\/velarogverkfaeri.is\/en\/wp-json\/wp\/v2\/product_brand?post=24214"},{"taxonomy":"product_cat","embeddable":true,"href":"https:\/\/velarogverkfaeri.is\/en\/wp-json\/wp\/v2\/product_cat?post=24214"},{"taxonomy":"product_tag","embeddable":true,"href":"https:\/\/velarogverkfaeri.is\/en\/wp-json\/wp\/v2\/product_tag?post=24214"}],"curies":[{"name":"wp","href":"https:\/\/api.w.org\/{rel}","templated":true}]}}