{"id":24205,"date":"2023-04-28T17:50:50","date_gmt":"2023-04-28T17:50:50","guid":{"rendered":"https:\/\/vv-dev.webdev.is\/?post_type=product&#038;p=24205"},"modified":"2026-04-28T09:31:26","modified_gmt":"2026-04-28T09:31:26","slug":"ucs-gluggamotor-vega-ac-300mm-230v-silfur","status":"publish","type":"product","link":"https:\/\/velarogverkfaeri.is\/en\/lykillausnir\/rafdrifnir-opnarar-lykillausnir\/rafdrifnir-gluggaopnarar-rafdrifnir-opnarar-lykillausnir\/product\/ucs-gluggamotor-vega-ac-300mm-230v-silfur\/","title":{"rendered":"UCS Gluggam\u00f3tor Vega AC 300mm  230V Silfur"},"content":{"rendered":"","protected":false},"excerpt":{"rendered":"<p>Ultraflex gluggaopnarar eru au\u00f0veldir \u00ed uppsetningu og henta fyrir glugga \u00ed  mismunandi h\u00e6\u00f0. Fj\u00f6ldi lausna er \u00ed bo\u00f0i fyrir flestar ger\u00f0ir glugga. <br><br \/>\n<br><br \/>\nMj\u00f6g nettur rafkn\u00fainn gluggaopnari \u00far \u00e1li, drifinn ke\u00f0ju \u00far ry\u00f0fr\u00edu st\u00e1li, s\u00e9rlega au\u00f0veldur \u00ed uppsetningu. Hentar vel fyrir glugga me\u00f0 gard\u00ednum.  \u00c1taki\u00f0 er sta\u00f0sett \u00ed mi\u00f0ju opnarans.<br><br \/>\nTogkraftur: 300N <br><br \/>\nKe\u00f0ja: 300mm <br><br \/>\nLitur: Silfur <br><br \/>\nSt\u00e6r\u00f0: B450mm, H32mm, D45mm<\/p>","protected":false},"featured_media":29048,"comment_status":"closed","ping_status":"closed","template":"","meta":[],"product_brand":[],"product_cat":[517,686,599],"product_tag":[],"class_list":{"0":"post-24205","1":"product","2":"type-product","3":"status-publish","4":"has-post-thumbnail","6":"product_cat-lykillausnir","7":"product_cat-rafdrifnir-gluggaopnarar-rafdrifnir-opnarar-lykillausnir","8":"product_cat-rafdrifnir-opnarar-lykillausnir","10":"first","11":"instock","12":"taxable","13":"shipping-taxable","14":"purchasable","15":"product-type-simple"},"yoast_head":"<!-- This site is optimized with the Yoast SEO plugin v27.3 - https:\/\/yoast.com\/product\/yoast-seo-wordpress\/ -->\n<title>UCS Gluggam\u00f3tor Vega AC 300mm 230V Silfur - V\u00e9lar &amp; Verkf\u00e6ri<\/title>\n<meta name=\"robots\" content=\"index, follow, max-snippet:-1, max-image-preview:large, max-video-preview:-1\" \/>\n<link rel=\"canonical\" href=\"https:\/\/velarogverkfaeri.is\/en\/lykillausnir\/rafdrifnir-opnarar-lykillausnir\/rafdrifnir-gluggaopnarar-rafdrifnir-opnarar-lykillausnir\/product\/ucs-gluggamotor-vega-ac-300mm-230v-silfur\/\" \/>\n<meta property=\"og:locale\" content=\"en_US\" \/>\n<meta property=\"og:type\" content=\"article\" \/>\n<meta property=\"og:title\" content=\"UCS Gluggam\u00f3tor Vega AC 300mm 230V Silfur - V\u00e9lar &amp; Verkf\u00e6ri\" \/>\n<meta property=\"og:description\" content=\"Ultraflex gluggaopnarar eru au\u00f0veldir \u00ed uppsetningu og henta fyrir glugga \u00ed mismunandi h\u00e6\u00f0. Fj\u00f6ldi lausna er \u00ed bo\u00f0i fyrir flestar ger\u00f0ir glugga.  Mj\u00f6g nettur rafkn\u00fainn gluggaopnari \u00far \u00e1li, drifinn ke\u00f0ju \u00far ry\u00f0fr\u00edu st\u00e1li, s\u00e9rlega au\u00f0veldur \u00ed uppsetningu. Hentar vel fyrir glugga me\u00f0 gard\u00ednum. \u00c1taki\u00f0 er sta\u00f0sett \u00ed mi\u00f0ju opnarans. Togkraftur: 300N Ke\u00f0ja: 300mm Litur: Silfur St\u00e6r\u00f0: B450mm, H32mm, D45mm\" \/>\n<meta property=\"og:url\" content=\"https:\/\/velarogverkfaeri.is\/en\/lykillausnir\/rafdrifnir-opnarar-lykillausnir\/rafdrifnir-gluggaopnarar-rafdrifnir-opnarar-lykillausnir\/product\/ucs-gluggamotor-vega-ac-300mm-230v-silfur\/\" \/>\n<meta property=\"og:site_name\" content=\"V\u00e9lar &amp; Verkf\u00e6ri\" \/>\n<meta property=\"article:publisher\" content=\"https:\/\/www.facebook.com\/VelarOgVerkfaeri\" \/>\n<meta property=\"article:modified_time\" content=\"2026-04-28T09:31:26+00:00\" \/>\n<meta property=\"og:image\" content=\"https:\/\/velarogverkfaeri.is\/wp-content\/uploads\/2023\/06\/8a8553df-3a33-4e00-99f5-b8c03e4c72ea.jpeg\" \/>\n\t<meta property=\"og:image:width\" content=\"600\" \/>\n\t<meta property=\"og:image:height\" content=\"600\" \/>\n\t<meta property=\"og:image:type\" content=\"image\/jpeg\" \/>\n<meta name=\"twitter:card\" content=\"summary_large_image\" \/>\n<script type=\"application\/ld+json\" class=\"yoast-schema-graph\">{\"@context\":\"https:\\\/\\\/schema.org\",\"@graph\":[{\"@type\":\"WebPage\",\"@id\":\"https:\\\/\\\/velarogverkfaeri.is\\\/lykillausnir\\\/rafdrifnir-opnarar-lykillausnir\\\/rafdrifnir-gluggaopnarar-rafdrifnir-opnarar-lykillausnir\\\/product\\\/ucs-gluggamotor-vega-ac-300mm-230v-silfur\\\/\",\"url\":\"https:\\\/\\\/velarogverkfaeri.is\\\/lykillausnir\\\/rafdrifnir-opnarar-lykillausnir\\\/rafdrifnir-gluggaopnarar-rafdrifnir-opnarar-lykillausnir\\\/product\\\/ucs-gluggamotor-vega-ac-300mm-230v-silfur\\\/\",\"name\":\"UCS Gluggam\u00f3tor Vega AC 300mm 230V Silfur - V\u00e9lar &amp; Verkf\u00e6ri\",\"isPartOf\":{\"@id\":\"https:\\\/\\\/velarogverkfaeri.is\\\/en\\\/#website\"},\"primaryImageOfPage\":{\"@id\":\"https:\\\/\\\/velarogverkfaeri.is\\\/lykillausnir\\\/rafdrifnir-opnarar-lykillausnir\\\/rafdrifnir-gluggaopnarar-rafdrifnir-opnarar-lykillausnir\\\/product\\\/ucs-gluggamotor-vega-ac-300mm-230v-silfur\\\/#primaryimage\"},\"image\":{\"@id\":\"https:\\\/\\\/velarogverkfaeri.is\\\/lykillausnir\\\/rafdrifnir-opnarar-lykillausnir\\\/rafdrifnir-gluggaopnarar-rafdrifnir-opnarar-lykillausnir\\\/product\\\/ucs-gluggamotor-vega-ac-300mm-230v-silfur\\\/#primaryimage\"},\"thumbnailUrl\":\"https:\\\/\\\/velarogverkfaeri.is\\\/wp-content\\\/uploads\\\/2023\\\/06\\\/8a8553df-3a33-4e00-99f5-b8c03e4c72ea.jpeg\",\"datePublished\":\"2023-04-28T17:50:50+00:00\",\"dateModified\":\"2026-04-28T09:31:26+00:00\",\"breadcrumb\":{\"@id\":\"https:\\\/\\\/velarogverkfaeri.is\\\/lykillausnir\\\/rafdrifnir-opnarar-lykillausnir\\\/rafdrifnir-gluggaopnarar-rafdrifnir-opnarar-lykillausnir\\\/product\\\/ucs-gluggamotor-vega-ac-300mm-230v-silfur\\\/#breadcrumb\"},\"inLanguage\":\"en-US\",\"potentialAction\":[{\"@type\":\"ReadAction\",\"target\":[\"https:\\\/\\\/velarogverkfaeri.is\\\/lykillausnir\\\/rafdrifnir-opnarar-lykillausnir\\\/rafdrifnir-gluggaopnarar-rafdrifnir-opnarar-lykillausnir\\\/product\\\/ucs-gluggamotor-vega-ac-300mm-230v-silfur\\\/\"]}]},{\"@type\":\"ImageObject\",\"inLanguage\":\"en-US\",\"@id\":\"https:\\\/\\\/velarogverkfaeri.is\\\/lykillausnir\\\/rafdrifnir-opnarar-lykillausnir\\\/rafdrifnir-gluggaopnarar-rafdrifnir-opnarar-lykillausnir\\\/product\\\/ucs-gluggamotor-vega-ac-300mm-230v-silfur\\\/#primaryimage\",\"url\":\"https:\\\/\\\/velarogverkfaeri.is\\\/wp-content\\\/uploads\\\/2023\\\/06\\\/8a8553df-3a33-4e00-99f5-b8c03e4c72ea.jpeg\",\"contentUrl\":\"https:\\\/\\\/velarogverkfaeri.is\\\/wp-content\\\/uploads\\\/2023\\\/06\\\/8a8553df-3a33-4e00-99f5-b8c03e4c72ea.jpeg\",\"width\":600,\"height\":600},{\"@type\":\"BreadcrumbList\",\"@id\":\"https:\\\/\\\/velarogverkfaeri.is\\\/lykillausnir\\\/rafdrifnir-opnarar-lykillausnir\\\/rafdrifnir-gluggaopnarar-rafdrifnir-opnarar-lykillausnir\\\/product\\\/ucs-gluggamotor-vega-ac-300mm-230v-silfur\\\/#breadcrumb\",\"itemListElement\":[{\"@type\":\"ListItem\",\"position\":1,\"name\":\"Home\",\"item\":\"https:\\\/\\\/velarogverkfaeri.is\\\/\"},{\"@type\":\"ListItem\",\"position\":2,\"name\":\"Vefverslun\",\"item\":\"https:\\\/\\\/velarogverkfaeri.is\\\/vefverslun\\\/\"},{\"@type\":\"ListItem\",\"position\":3,\"name\":\"UCS Gluggam\u00f3tor Vega AC 300mm 230V Silfur\"}]},{\"@type\":\"WebSite\",\"@id\":\"https:\\\/\\\/velarogverkfaeri.is\\\/en\\\/#website\",\"url\":\"https:\\\/\\\/velarogverkfaeri.is\\\/en\\\/\",\"name\":\"V\u00e9lar & Verkf\u00e6ri\",\"description\":\"Umbo\u00f0s- og heildverslun fr\u00e1 \u00e1rinu 1919\",\"publisher\":{\"@id\":\"https:\\\/\\\/velarogverkfaeri.is\\\/en\\\/#organization\"},\"potentialAction\":[{\"@type\":\"SearchAction\",\"target\":{\"@type\":\"EntryPoint\",\"urlTemplate\":\"https:\\\/\\\/velarogverkfaeri.is\\\/en\\\/?s={search_term_string}\"},\"query-input\":{\"@type\":\"PropertyValueSpecification\",\"valueRequired\":true,\"valueName\":\"search_term_string\"}}],\"inLanguage\":\"en-US\"},{\"@type\":\"Organization\",\"@id\":\"https:\\\/\\\/velarogverkfaeri.is\\\/en\\\/#organization\",\"name\":\"V\u00e9lar & Verkf\u00e6ri\",\"url\":\"https:\\\/\\\/velarogverkfaeri.is\\\/en\\\/\",\"logo\":{\"@type\":\"ImageObject\",\"inLanguage\":\"en-US\",\"@id\":\"https:\\\/\\\/velarogverkfaeri.is\\\/en\\\/#\\\/schema\\\/logo\\\/image\\\/\",\"url\":\"https:\\\/\\\/velarogverkfaeri.is\\\/wp-content\\\/uploads\\\/2021\\\/10\\\/vv_logo_350x100.png\",\"contentUrl\":\"https:\\\/\\\/velarogverkfaeri.is\\\/wp-content\\\/uploads\\\/2021\\\/10\\\/vv_logo_350x100.png\",\"width\":350,\"height\":100,\"caption\":\"V\u00e9lar & Verkf\u00e6ri\"},\"image\":{\"@id\":\"https:\\\/\\\/velarogverkfaeri.is\\\/en\\\/#\\\/schema\\\/logo\\\/image\\\/\"},\"sameAs\":[\"https:\\\/\\\/www.facebook.com\\\/VelarOgVerkfaeri\"]}]}<\/script>\n<!-- \/ Yoast SEO plugin. -->","yoast_head_json":{"title":"UCS Gluggam\u00f3tor Vega AC 300mm 230V Silfur - V\u00e9lar &amp; Verkf\u00e6ri","robots":{"index":"index","follow":"follow","max-snippet":"max-snippet:-1","max-image-preview":"max-image-preview:large","max-video-preview":"max-video-preview:-1"},"canonical":"https:\/\/velarogverkfaeri.is\/en\/lykillausnir\/rafdrifnir-opnarar-lykillausnir\/rafdrifnir-gluggaopnarar-rafdrifnir-opnarar-lykillausnir\/product\/ucs-gluggamotor-vega-ac-300mm-230v-silfur\/","og_locale":"en_US","og_type":"article","og_title":"UCS Gluggam\u00f3tor Vega AC 300mm 230V Silfur - V\u00e9lar &amp; Verkf\u00e6ri","og_description":"Ultraflex gluggaopnarar eru au\u00f0veldir \u00ed uppsetningu og henta fyrir glugga \u00ed mismunandi h\u00e6\u00f0. Fj\u00f6ldi lausna er \u00ed bo\u00f0i fyrir flestar ger\u00f0ir glugga.  Mj\u00f6g nettur rafkn\u00fainn gluggaopnari \u00far \u00e1li, drifinn ke\u00f0ju \u00far ry\u00f0fr\u00edu st\u00e1li, s\u00e9rlega au\u00f0veldur \u00ed uppsetningu. Hentar vel fyrir glugga me\u00f0 gard\u00ednum. \u00c1taki\u00f0 er sta\u00f0sett \u00ed mi\u00f0ju opnarans. Togkraftur: 300N Ke\u00f0ja: 300mm Litur: Silfur St\u00e6r\u00f0: B450mm, H32mm, D45mm","og_url":"https:\/\/velarogverkfaeri.is\/en\/lykillausnir\/rafdrifnir-opnarar-lykillausnir\/rafdrifnir-gluggaopnarar-rafdrifnir-opnarar-lykillausnir\/product\/ucs-gluggamotor-vega-ac-300mm-230v-silfur\/","og_site_name":"V\u00e9lar &amp; Verkf\u00e6ri","article_publisher":"https:\/\/www.facebook.com\/VelarOgVerkfaeri","article_modified_time":"2026-04-28T09:31:26+00:00","og_image":[{"width":600,"height":600,"url":"https:\/\/velarogverkfaeri.is\/wp-content\/uploads\/2023\/06\/8a8553df-3a33-4e00-99f5-b8c03e4c72ea.jpeg","type":"image\/jpeg"}],"twitter_card":"summary_large_image","schema":{"@context":"https:\/\/schema.org","@graph":[{"@type":"WebPage","@id":"https:\/\/velarogverkfaeri.is\/lykillausnir\/rafdrifnir-opnarar-lykillausnir\/rafdrifnir-gluggaopnarar-rafdrifnir-opnarar-lykillausnir\/product\/ucs-gluggamotor-vega-ac-300mm-230v-silfur\/","url":"https:\/\/velarogverkfaeri.is\/lykillausnir\/rafdrifnir-opnarar-lykillausnir\/rafdrifnir-gluggaopnarar-rafdrifnir-opnarar-lykillausnir\/product\/ucs-gluggamotor-vega-ac-300mm-230v-silfur\/","name":"UCS Gluggam\u00f3tor Vega AC 300mm 230V Silfur - V\u00e9lar &amp; Verkf\u00e6ri","isPartOf":{"@id":"https:\/\/velarogverkfaeri.is\/en\/#website"},"primaryImageOfPage":{"@id":"https:\/\/velarogverkfaeri.is\/lykillausnir\/rafdrifnir-opnarar-lykillausnir\/rafdrifnir-gluggaopnarar-rafdrifnir-opnarar-lykillausnir\/product\/ucs-gluggamotor-vega-ac-300mm-230v-silfur\/#primaryimage"},"image":{"@id":"https:\/\/velarogverkfaeri.is\/lykillausnir\/rafdrifnir-opnarar-lykillausnir\/rafdrifnir-gluggaopnarar-rafdrifnir-opnarar-lykillausnir\/product\/ucs-gluggamotor-vega-ac-300mm-230v-silfur\/#primaryimage"},"thumbnailUrl":"https:\/\/velarogverkfaeri.is\/wp-content\/uploads\/2023\/06\/8a8553df-3a33-4e00-99f5-b8c03e4c72ea.jpeg","datePublished":"2023-04-28T17:50:50+00:00","dateModified":"2026-04-28T09:31:26+00:00","breadcrumb":{"@id":"https:\/\/velarogverkfaeri.is\/lykillausnir\/rafdrifnir-opnarar-lykillausnir\/rafdrifnir-gluggaopnarar-rafdrifnir-opnarar-lykillausnir\/product\/ucs-gluggamotor-vega-ac-300mm-230v-silfur\/#breadcrumb"},"inLanguage":"en-US","potentialAction":[{"@type":"ReadAction","target":["https:\/\/velarogverkfaeri.is\/lykillausnir\/rafdrifnir-opnarar-lykillausnir\/rafdrifnir-gluggaopnarar-rafdrifnir-opnarar-lykillausnir\/product\/ucs-gluggamotor-vega-ac-300mm-230v-silfur\/"]}]},{"@type":"ImageObject","inLanguage":"en-US","@id":"https:\/\/velarogverkfaeri.is\/lykillausnir\/rafdrifnir-opnarar-lykillausnir\/rafdrifnir-gluggaopnarar-rafdrifnir-opnarar-lykillausnir\/product\/ucs-gluggamotor-vega-ac-300mm-230v-silfur\/#primaryimage","url":"https:\/\/velarogverkfaeri.is\/wp-content\/uploads\/2023\/06\/8a8553df-3a33-4e00-99f5-b8c03e4c72ea.jpeg","contentUrl":"https:\/\/velarogverkfaeri.is\/wp-content\/uploads\/2023\/06\/8a8553df-3a33-4e00-99f5-b8c03e4c72ea.jpeg","width":600,"height":600},{"@type":"BreadcrumbList","@id":"https:\/\/velarogverkfaeri.is\/lykillausnir\/rafdrifnir-opnarar-lykillausnir\/rafdrifnir-gluggaopnarar-rafdrifnir-opnarar-lykillausnir\/product\/ucs-gluggamotor-vega-ac-300mm-230v-silfur\/#breadcrumb","itemListElement":[{"@type":"ListItem","position":1,"name":"Home","item":"https:\/\/velarogverkfaeri.is\/"},{"@type":"ListItem","position":2,"name":"Vefverslun","item":"https:\/\/velarogverkfaeri.is\/vefverslun\/"},{"@type":"ListItem","position":3,"name":"UCS Gluggam\u00f3tor Vega AC 300mm 230V Silfur"}]},{"@type":"WebSite","@id":"https:\/\/velarogverkfaeri.is\/en\/#website","url":"https:\/\/velarogverkfaeri.is\/en\/","name":"V\u00e9lar & Verkf\u00e6ri","description":"Umbo\u00f0s- og heildverslun fr\u00e1 \u00e1rinu 1919","publisher":{"@id":"https:\/\/velarogverkfaeri.is\/en\/#organization"},"potentialAction":[{"@type":"SearchAction","target":{"@type":"EntryPoint","urlTemplate":"https:\/\/velarogverkfaeri.is\/en\/?s={search_term_string}"},"query-input":{"@type":"PropertyValueSpecification","valueRequired":true,"valueName":"search_term_string"}}],"inLanguage":"en-US"},{"@type":"Organization","@id":"https:\/\/velarogverkfaeri.is\/en\/#organization","name":"V\u00e9lar & Verkf\u00e6ri","url":"https:\/\/velarogverkfaeri.is\/en\/","logo":{"@type":"ImageObject","inLanguage":"en-US","@id":"https:\/\/velarogverkfaeri.is\/en\/#\/schema\/logo\/image\/","url":"https:\/\/velarogverkfaeri.is\/wp-content\/uploads\/2021\/10\/vv_logo_350x100.png","contentUrl":"https:\/\/velarogverkfaeri.is\/wp-content\/uploads\/2021\/10\/vv_logo_350x100.png","width":350,"height":100,"caption":"V\u00e9lar & Verkf\u00e6ri"},"image":{"@id":"https:\/\/velarogverkfaeri.is\/en\/#\/schema\/logo\/image\/"},"sameAs":["https:\/\/www.facebook.com\/VelarOgVerkfaeri"]}]}},"_links":{"self":[{"href":"https:\/\/velarogverkfaeri.is\/en\/wp-json\/wp\/v2\/product\/24205","targetHints":{"allow":["GET"]}}],"collection":[{"href":"https:\/\/velarogverkfaeri.is\/en\/wp-json\/wp\/v2\/product"}],"about":[{"href":"https:\/\/velarogverkfaeri.is\/en\/wp-json\/wp\/v2\/types\/product"}],"replies":[{"embeddable":true,"href":"https:\/\/velarogverkfaeri.is\/en\/wp-json\/wp\/v2\/comments?post=24205"}],"wp:featuredmedia":[{"embeddable":true,"href":"https:\/\/velarogverkfaeri.is\/en\/wp-json\/wp\/v2\/media\/29048"}],"wp:attachment":[{"href":"https:\/\/velarogverkfaeri.is\/en\/wp-json\/wp\/v2\/media?parent=24205"}],"wp:term":[{"taxonomy":"product_brand","embeddable":true,"href":"https:\/\/velarogverkfaeri.is\/en\/wp-json\/wp\/v2\/product_brand?post=24205"},{"taxonomy":"product_cat","embeddable":true,"href":"https:\/\/velarogverkfaeri.is\/en\/wp-json\/wp\/v2\/product_cat?post=24205"},{"taxonomy":"product_tag","embeddable":true,"href":"https:\/\/velarogverkfaeri.is\/en\/wp-json\/wp\/v2\/product_tag?post=24205"}],"curies":[{"name":"wp","href":"https:\/\/api.w.org\/{rel}","templated":true}]}}