{"id":24176,"date":"2023-04-28T17:50:16","date_gmt":"2023-04-28T17:50:16","guid":{"rendered":"https:\/\/vv-dev.webdev.is\/?post_type=product&#038;p=24176"},"modified":"2026-04-14T08:45:38","modified_gmt":"2026-04-14T08:45:38","slug":"yale-snjalllas-linus-svartur-f-thyskar-laesingar-an-bruar-wifi","status":"publish","type":"product","link":"https:\/\/velarogverkfaeri.is\/en\/lykillausnir\/snjallheimili\/laesingar\/product\/yale-snjalllas-linus-svartur-f-thyskar-laesingar-an-bruar-wifi\/","title":{"rendered":"YALE Linus Snjalll\u00e1s L1 fyrir \u00fe\u00fdskar l\u00e6singar Svartur \u2013 \u00e1n WiFi br\u00faar"},"content":{"rendered":"<p>Yale Linus er fr\u00e1b\u00e6r lausn fyrir \u00fe\u00e1 sem vilja b\u00e6\u00f0i geta\u00f0 nota\u00f0 lykil og snjalll\u00e6singu til a\u00f0 opna hur\u00f0ina a\u00f0 heimili s\u00ednu. L\u00e1sinn er hanna\u00f0ur fyrir \u00edb\u00fa\u00f0ir og er festur \u00e1 \u00fe\u00e1 hur\u00f0 sem fyrir er. \u00dear sem Linus l\u00e1sinn er sta\u00f0settur \u00e1 hur\u00f0inni innanver\u00f0ri getur ma\u00f0ur enn nota\u00f0 gamla lykilinn sinn ef ma\u00f0ur vill til a\u00f0 komast inn. L\u00e1sinn talar vi\u00f0 snjalls\u00edmann \u00feinn \u00ed gegnum Bluetooth.<\/p>\n<p>Yale Linus snjalll\u00e1s er \u00f6ruggur og au\u00f0veldur \u00ed uppsetningu. Doorsense\u2122 t\u00e6knin l\u00e6tur \u00feig vita ef gleymist a\u00f0 loka hur\u00f0inni. Red Dot\u2019s winner 2020&nbsp;Security System and Smart Products categories<\/p>\n<p><b>&nbsp;Me\u00f0al \u00feess sem au\u00f0velt er a\u00f0 gera me\u00f0 Yale Linus snjalll\u00e1snum er:<\/b><\/p>\n<ul>\n<li>Sj\u00e1lfvirk l\u00e6sing: S\u00e9 l\u00e6singin stillt \u00e1 sj\u00e1lfvirka l\u00e6singu \u00fe\u00e1 mun hur\u00f0in alltaf l\u00e6sast sj\u00e1lfkrafa \u00feegar \u00fe\u00fa yfirgefur heimili\u00f0. Ef sj\u00e1lfvirk afl\u00e6sing er virkju\u00f0 mun l\u00e6singin opna sj\u00e1lfkrafa \u00feegar \u00fe\u00fa kemur aftur heim.<\/li>\n<li>S\u00e9 Yale Linus snjalll\u00e1sinn tengdur vi\u00f0 WiFi br\u00fa er h\u00e6gt a\u00f0 st\u00fdra a\u00f0gengi gesta: H\u00e6gt er a\u00f0 veita f\u00f3lki sem \u00fe\u00fa treystir varanlegan e\u00f0a t\u00edmastilltan a\u00f0gang a\u00f0 l\u00e6singunni. L\u00e6singin skr\u00e1ir l\u00edka hver fer um l\u00e1sinn og hven\u00e6r og \u00fe\u00fa getur n\u00e1lgast uppl\u00fdsingarnar \u00ed Yale Home appinu.<\/li>\n<li><\/li>\n<li>Einf\u00f6ld uppsetning: Uppsetningin \u00e1 l\u00e6singunni er einstaklega einf\u00f6ld og krefst engra a\u00f0ger\u00f0a \u00e1 hur\u00f0inni. H\u00e6gt er a\u00f0 nota handf\u00f6ng, l\u00e1sh\u00fas og sylindra \u00e1fram.<\/li>\n<li>Hluti af Yale vistbl\u00f3minu: Yale Linus er hluti af Yale vistbl\u00f3minu sem er v\u00f6rul\u00edna af snjallv\u00f6rum sem h\u00e6gt er a\u00f0 stj\u00f3rna \u00ed Yale Home appinu.<\/li>\n<\/ul>\n<p><\/p>\n<p><b>Eiginleikar v\u00f6ru:<\/b><\/p>\n<ul>\n<li>Engin \u00fe\u00f6rf \u00e1 a\u00f0 leggja rafmagn \u00ed hur\u00f0ina<\/li>\n<li>Notar 4 x AA rafhl\u00f6\u00f0ur<\/li>\n<li>Samskiptat\u00e6kni: Bluetooth<\/li>\n<li>Tengist netinu gegnum Yale Connect br\u00fana (fylgir me\u00f0)<\/li>\n<li>St\u00e6r\u00f0: 58 mm, 58 mm, lengd 150 mm<\/li>\n<li>\u00deyngd me\u00f0 rafhl\u00f6\u00f0um: 623g<\/li>\n<li>Litur: Svartur<\/li>\n<li>Fjarl\u00e6g\u00f0 l\u00e6singar fr\u00e1 Yale Connect br\u00fa \u00e6tti ekki a\u00f0 vera meiri en 3m<\/li>\n<\/ul>\n<p><\/p>\n<p>M\u00e6lt er me\u00f0 a\u00f0 kaupa br\u00fa me\u00f0 l\u00e1snum til a\u00f0 auka enn&nbsp; \u00e1 notkunarm\u00f6guleikana:<\/p>\n<p><a href=\"https:\/\/velarogverkfaeri.is\/en\/lykillausnir\/snjallheimili\/laesingar\/product\/yale-bru-fyrir-linus-wifi\/\">WiFi br\u00fa fyrir Yale Linus<\/a><\/p>\n<p class=\"MsoNormal\"><b>Uppsetning \u00e1 Yale Home b\u00fana\u00f0i<\/b><o:p><\/o:p><\/p>\n<\/p>\n<p class=\"MsoNormal\">V\u00e9lar og verkf\u00e6ri bj\u00f3\u00f0a upp \u00e1 uppsetningu \u00e1 Yale Linus og<br \/>\n\u00f6\u00f0rum Yale Home b\u00fana\u00f0i. Grunngjald fyrir \u00feessa \u00fej\u00f3nustu er 19.840 kr. me\u00f0 vsk.<br \/>\nInnifali\u00f0 \u00ed \u00fev\u00ed er 30 m\u00edn\u00fatna vinna \u00e1 verksta\u00f0 en eftir \u00fea\u00f0 er rukka\u00f0<br \/>\nt\u00edmagjald. Til a\u00f0 panta \u00feessa \u00fej\u00f3nustu er best a\u00f0 senda t\u00f6lvup\u00f3st \u00e1<br \/>\nsoludeild@vv.is<o:p><\/o:p><\/p>","protected":false},"excerpt":{"rendered":"<p>Yale Linus snjalll\u00e1s t\u00e6kniv\u00e6\u00f0ir heimili\u00f0 \u00feitt.<\/p>","protected":false},"featured_media":28845,"comment_status":"closed","ping_status":"closed","template":"","meta":[],"product_brand":[],"product_cat":[579,861,517,607,853],"product_tag":[817,1144,875,995],"class_list":{"0":"post-24176","1":"product","2":"type-product","3":"status-publish","4":"has-post-thumbnail","6":"product_cat-adgangskerfi","7":"product_cat-laesingar","8":"product_cat-lykillausnir","9":"product_cat-snjalllasar-adgangskerfi","10":"product_cat-snjallheimili","11":"product_tag-outlet","12":"product_tag-snjallvorudagar","13":"product_tag-yalehome","14":"product_tag-yaletilbod","16":"first","17":"instock","18":"sale","19":"taxable","20":"shipping-taxable","21":"purchasable","22":"product-type-simple"},"yoast_head":"<!-- This site is optimized with the Yoast SEO plugin v27.3 - https:\/\/yoast.com\/product\/yoast-seo-wordpress\/ -->\n<title>YALE Linus Snjalll\u00e1s L1 fyrir \u00fe\u00fdskar l\u00e6singar Svartur \u2013 \u00e1n WiFi br\u00faar - V\u00e9lar &amp; Verkf\u00e6ri<\/title>\n<meta name=\"robots\" content=\"index, follow, max-snippet:-1, max-image-preview:large, max-video-preview:-1\" \/>\n<link rel=\"canonical\" href=\"https:\/\/velarogverkfaeri.is\/en\/lykillausnir\/snjallheimili\/laesingar\/product\/yale-snjalllas-linus-svartur-f-thyskar-laesingar-an-bruar-wifi\/\" \/>\n<meta property=\"og:locale\" content=\"en_US\" \/>\n<meta property=\"og:type\" content=\"article\" \/>\n<meta property=\"og:title\" content=\"YALE Linus Snjalll\u00e1s L1 fyrir \u00fe\u00fdskar l\u00e6singar Svartur \u2013 \u00e1n WiFi br\u00faar - V\u00e9lar &amp; Verkf\u00e6ri\" \/>\n<meta property=\"og:description\" content=\"Yale Linus snjalll\u00e1s t\u00e6kniv\u00e6\u00f0ir heimili\u00f0 \u00feitt.\" \/>\n<meta property=\"og:url\" content=\"https:\/\/velarogverkfaeri.is\/en\/lykillausnir\/snjallheimili\/laesingar\/product\/yale-snjalllas-linus-svartur-f-thyskar-laesingar-an-bruar-wifi\/\" \/>\n<meta property=\"og:site_name\" content=\"V\u00e9lar &amp; Verkf\u00e6ri\" \/>\n<meta property=\"article:publisher\" content=\"https:\/\/www.facebook.com\/VelarOgVerkfaeri\" \/>\n<meta property=\"article:modified_time\" content=\"2026-04-14T08:45:38+00:00\" \/>\n<meta property=\"og:image\" content=\"https:\/\/velarogverkfaeri.is\/wp-content\/uploads\/2023\/06\/bd9d4b07-7583-44c4-9783-3880c4608337.png\" \/>\n\t<meta property=\"og:image:width\" content=\"450\" \/>\n\t<meta property=\"og:image:height\" content=\"450\" \/>\n\t<meta property=\"og:image:type\" content=\"image\/png\" \/>\n<meta name=\"twitter:card\" content=\"summary_large_image\" \/>\n<meta name=\"twitter:label1\" content=\"Est. reading time\" \/>\n\t<meta name=\"twitter:data1\" content=\"2 minutes\" \/>\n<script type=\"application\/ld+json\" class=\"yoast-schema-graph\">{\"@context\":\"https:\\\/\\\/schema.org\",\"@graph\":[{\"@type\":\"WebPage\",\"@id\":\"https:\\\/\\\/velarogverkfaeri.is\\\/lykillausnir\\\/snjallheimili\\\/laesingar\\\/product\\\/yale-snjalllas-linus-svartur-f-thyskar-laesingar-an-bruar-wifi\\\/\",\"url\":\"https:\\\/\\\/velarogverkfaeri.is\\\/lykillausnir\\\/snjallheimili\\\/laesingar\\\/product\\\/yale-snjalllas-linus-svartur-f-thyskar-laesingar-an-bruar-wifi\\\/\",\"name\":\"YALE Linus Snjalll\u00e1s L1 fyrir \u00fe\u00fdskar l\u00e6singar Svartur \u2013 \u00e1n WiFi br\u00faar - V\u00e9lar &amp; Verkf\u00e6ri\",\"isPartOf\":{\"@id\":\"https:\\\/\\\/velarogverkfaeri.is\\\/en\\\/#website\"},\"primaryImageOfPage\":{\"@id\":\"https:\\\/\\\/velarogverkfaeri.is\\\/lykillausnir\\\/snjallheimili\\\/laesingar\\\/product\\\/yale-snjalllas-linus-svartur-f-thyskar-laesingar-an-bruar-wifi\\\/#primaryimage\"},\"image\":{\"@id\":\"https:\\\/\\\/velarogverkfaeri.is\\\/lykillausnir\\\/snjallheimili\\\/laesingar\\\/product\\\/yale-snjalllas-linus-svartur-f-thyskar-laesingar-an-bruar-wifi\\\/#primaryimage\"},\"thumbnailUrl\":\"https:\\\/\\\/velarogverkfaeri.is\\\/wp-content\\\/uploads\\\/2023\\\/06\\\/bd9d4b07-7583-44c4-9783-3880c4608337.png\",\"datePublished\":\"2023-04-28T17:50:16+00:00\",\"dateModified\":\"2026-04-14T08:45:38+00:00\",\"breadcrumb\":{\"@id\":\"https:\\\/\\\/velarogverkfaeri.is\\\/lykillausnir\\\/snjallheimili\\\/laesingar\\\/product\\\/yale-snjalllas-linus-svartur-f-thyskar-laesingar-an-bruar-wifi\\\/#breadcrumb\"},\"inLanguage\":\"en-US\",\"potentialAction\":[{\"@type\":\"ReadAction\",\"target\":[\"https:\\\/\\\/velarogverkfaeri.is\\\/lykillausnir\\\/snjallheimili\\\/laesingar\\\/product\\\/yale-snjalllas-linus-svartur-f-thyskar-laesingar-an-bruar-wifi\\\/\"]}]},{\"@type\":\"ImageObject\",\"inLanguage\":\"en-US\",\"@id\":\"https:\\\/\\\/velarogverkfaeri.is\\\/lykillausnir\\\/snjallheimili\\\/laesingar\\\/product\\\/yale-snjalllas-linus-svartur-f-thyskar-laesingar-an-bruar-wifi\\\/#primaryimage\",\"url\":\"https:\\\/\\\/velarogverkfaeri.is\\\/wp-content\\\/uploads\\\/2023\\\/06\\\/bd9d4b07-7583-44c4-9783-3880c4608337.png\",\"contentUrl\":\"https:\\\/\\\/velarogverkfaeri.is\\\/wp-content\\\/uploads\\\/2023\\\/06\\\/bd9d4b07-7583-44c4-9783-3880c4608337.png\",\"width\":450,\"height\":450},{\"@type\":\"BreadcrumbList\",\"@id\":\"https:\\\/\\\/velarogverkfaeri.is\\\/lykillausnir\\\/snjallheimili\\\/laesingar\\\/product\\\/yale-snjalllas-linus-svartur-f-thyskar-laesingar-an-bruar-wifi\\\/#breadcrumb\",\"itemListElement\":[{\"@type\":\"ListItem\",\"position\":1,\"name\":\"Home\",\"item\":\"https:\\\/\\\/velarogverkfaeri.is\\\/\"},{\"@type\":\"ListItem\",\"position\":2,\"name\":\"Vefverslun\",\"item\":\"https:\\\/\\\/velarogverkfaeri.is\\\/vefverslun\\\/\"},{\"@type\":\"ListItem\",\"position\":3,\"name\":\"YALE Linus Snjalll\u00e1s L1 fyrir \u00fe\u00fdskar l\u00e6singar Svartur \u2013 \u00e1n WiFi br\u00faar\"}]},{\"@type\":\"WebSite\",\"@id\":\"https:\\\/\\\/velarogverkfaeri.is\\\/en\\\/#website\",\"url\":\"https:\\\/\\\/velarogverkfaeri.is\\\/en\\\/\",\"name\":\"V\u00e9lar & Verkf\u00e6ri\",\"description\":\"Umbo\u00f0s- og heildverslun fr\u00e1 \u00e1rinu 1919\",\"publisher\":{\"@id\":\"https:\\\/\\\/velarogverkfaeri.is\\\/en\\\/#organization\"},\"potentialAction\":[{\"@type\":\"SearchAction\",\"target\":{\"@type\":\"EntryPoint\",\"urlTemplate\":\"https:\\\/\\\/velarogverkfaeri.is\\\/en\\\/?s={search_term_string}\"},\"query-input\":{\"@type\":\"PropertyValueSpecification\",\"valueRequired\":true,\"valueName\":\"search_term_string\"}}],\"inLanguage\":\"en-US\"},{\"@type\":\"Organization\",\"@id\":\"https:\\\/\\\/velarogverkfaeri.is\\\/en\\\/#organization\",\"name\":\"V\u00e9lar & Verkf\u00e6ri\",\"url\":\"https:\\\/\\\/velarogverkfaeri.is\\\/en\\\/\",\"logo\":{\"@type\":\"ImageObject\",\"inLanguage\":\"en-US\",\"@id\":\"https:\\\/\\\/velarogverkfaeri.is\\\/en\\\/#\\\/schema\\\/logo\\\/image\\\/\",\"url\":\"https:\\\/\\\/velarogverkfaeri.is\\\/wp-content\\\/uploads\\\/2021\\\/10\\\/vv_logo_350x100.png\",\"contentUrl\":\"https:\\\/\\\/velarogverkfaeri.is\\\/wp-content\\\/uploads\\\/2021\\\/10\\\/vv_logo_350x100.png\",\"width\":350,\"height\":100,\"caption\":\"V\u00e9lar & Verkf\u00e6ri\"},\"image\":{\"@id\":\"https:\\\/\\\/velarogverkfaeri.is\\\/en\\\/#\\\/schema\\\/logo\\\/image\\\/\"},\"sameAs\":[\"https:\\\/\\\/www.facebook.com\\\/VelarOgVerkfaeri\"]}]}<\/script>\n<!-- \/ Yoast SEO plugin. -->","yoast_head_json":{"title":"YALE Linus Snjalll\u00e1s L1 fyrir \u00fe\u00fdskar l\u00e6singar Svartur \u2013 \u00e1n WiFi br\u00faar - V\u00e9lar &amp; Verkf\u00e6ri","robots":{"index":"index","follow":"follow","max-snippet":"max-snippet:-1","max-image-preview":"max-image-preview:large","max-video-preview":"max-video-preview:-1"},"canonical":"https:\/\/velarogverkfaeri.is\/en\/lykillausnir\/snjallheimili\/laesingar\/product\/yale-snjalllas-linus-svartur-f-thyskar-laesingar-an-bruar-wifi\/","og_locale":"en_US","og_type":"article","og_title":"YALE Linus Snjalll\u00e1s L1 fyrir \u00fe\u00fdskar l\u00e6singar Svartur \u2013 \u00e1n WiFi br\u00faar - V\u00e9lar &amp; Verkf\u00e6ri","og_description":"Yale Linus snjalll\u00e1s t\u00e6kniv\u00e6\u00f0ir heimili\u00f0 \u00feitt.","og_url":"https:\/\/velarogverkfaeri.is\/en\/lykillausnir\/snjallheimili\/laesingar\/product\/yale-snjalllas-linus-svartur-f-thyskar-laesingar-an-bruar-wifi\/","og_site_name":"V\u00e9lar &amp; Verkf\u00e6ri","article_publisher":"https:\/\/www.facebook.com\/VelarOgVerkfaeri","article_modified_time":"2026-04-14T08:45:38+00:00","og_image":[{"width":450,"height":450,"url":"https:\/\/velarogverkfaeri.is\/wp-content\/uploads\/2023\/06\/bd9d4b07-7583-44c4-9783-3880c4608337.png","type":"image\/png"}],"twitter_card":"summary_large_image","twitter_misc":{"Est. reading time":"2 minutes"},"schema":{"@context":"https:\/\/schema.org","@graph":[{"@type":"WebPage","@id":"https:\/\/velarogverkfaeri.is\/lykillausnir\/snjallheimili\/laesingar\/product\/yale-snjalllas-linus-svartur-f-thyskar-laesingar-an-bruar-wifi\/","url":"https:\/\/velarogverkfaeri.is\/lykillausnir\/snjallheimili\/laesingar\/product\/yale-snjalllas-linus-svartur-f-thyskar-laesingar-an-bruar-wifi\/","name":"YALE Linus Snjalll\u00e1s L1 fyrir \u00fe\u00fdskar l\u00e6singar Svartur \u2013 \u00e1n WiFi br\u00faar - V\u00e9lar &amp; Verkf\u00e6ri","isPartOf":{"@id":"https:\/\/velarogverkfaeri.is\/en\/#website"},"primaryImageOfPage":{"@id":"https:\/\/velarogverkfaeri.is\/lykillausnir\/snjallheimili\/laesingar\/product\/yale-snjalllas-linus-svartur-f-thyskar-laesingar-an-bruar-wifi\/#primaryimage"},"image":{"@id":"https:\/\/velarogverkfaeri.is\/lykillausnir\/snjallheimili\/laesingar\/product\/yale-snjalllas-linus-svartur-f-thyskar-laesingar-an-bruar-wifi\/#primaryimage"},"thumbnailUrl":"https:\/\/velarogverkfaeri.is\/wp-content\/uploads\/2023\/06\/bd9d4b07-7583-44c4-9783-3880c4608337.png","datePublished":"2023-04-28T17:50:16+00:00","dateModified":"2026-04-14T08:45:38+00:00","breadcrumb":{"@id":"https:\/\/velarogverkfaeri.is\/lykillausnir\/snjallheimili\/laesingar\/product\/yale-snjalllas-linus-svartur-f-thyskar-laesingar-an-bruar-wifi\/#breadcrumb"},"inLanguage":"en-US","potentialAction":[{"@type":"ReadAction","target":["https:\/\/velarogverkfaeri.is\/lykillausnir\/snjallheimili\/laesingar\/product\/yale-snjalllas-linus-svartur-f-thyskar-laesingar-an-bruar-wifi\/"]}]},{"@type":"ImageObject","inLanguage":"en-US","@id":"https:\/\/velarogverkfaeri.is\/lykillausnir\/snjallheimili\/laesingar\/product\/yale-snjalllas-linus-svartur-f-thyskar-laesingar-an-bruar-wifi\/#primaryimage","url":"https:\/\/velarogverkfaeri.is\/wp-content\/uploads\/2023\/06\/bd9d4b07-7583-44c4-9783-3880c4608337.png","contentUrl":"https:\/\/velarogverkfaeri.is\/wp-content\/uploads\/2023\/06\/bd9d4b07-7583-44c4-9783-3880c4608337.png","width":450,"height":450},{"@type":"BreadcrumbList","@id":"https:\/\/velarogverkfaeri.is\/lykillausnir\/snjallheimili\/laesingar\/product\/yale-snjalllas-linus-svartur-f-thyskar-laesingar-an-bruar-wifi\/#breadcrumb","itemListElement":[{"@type":"ListItem","position":1,"name":"Home","item":"https:\/\/velarogverkfaeri.is\/"},{"@type":"ListItem","position":2,"name":"Vefverslun","item":"https:\/\/velarogverkfaeri.is\/vefverslun\/"},{"@type":"ListItem","position":3,"name":"YALE Linus Snjalll\u00e1s L1 fyrir \u00fe\u00fdskar l\u00e6singar Svartur \u2013 \u00e1n WiFi br\u00faar"}]},{"@type":"WebSite","@id":"https:\/\/velarogverkfaeri.is\/en\/#website","url":"https:\/\/velarogverkfaeri.is\/en\/","name":"V\u00e9lar & Verkf\u00e6ri","description":"Umbo\u00f0s- og heildverslun fr\u00e1 \u00e1rinu 1919","publisher":{"@id":"https:\/\/velarogverkfaeri.is\/en\/#organization"},"potentialAction":[{"@type":"SearchAction","target":{"@type":"EntryPoint","urlTemplate":"https:\/\/velarogverkfaeri.is\/en\/?s={search_term_string}"},"query-input":{"@type":"PropertyValueSpecification","valueRequired":true,"valueName":"search_term_string"}}],"inLanguage":"en-US"},{"@type":"Organization","@id":"https:\/\/velarogverkfaeri.is\/en\/#organization","name":"V\u00e9lar & Verkf\u00e6ri","url":"https:\/\/velarogverkfaeri.is\/en\/","logo":{"@type":"ImageObject","inLanguage":"en-US","@id":"https:\/\/velarogverkfaeri.is\/en\/#\/schema\/logo\/image\/","url":"https:\/\/velarogverkfaeri.is\/wp-content\/uploads\/2021\/10\/vv_logo_350x100.png","contentUrl":"https:\/\/velarogverkfaeri.is\/wp-content\/uploads\/2021\/10\/vv_logo_350x100.png","width":350,"height":100,"caption":"V\u00e9lar & Verkf\u00e6ri"},"image":{"@id":"https:\/\/velarogverkfaeri.is\/en\/#\/schema\/logo\/image\/"},"sameAs":["https:\/\/www.facebook.com\/VelarOgVerkfaeri"]}]}},"_links":{"self":[{"href":"https:\/\/velarogverkfaeri.is\/en\/wp-json\/wp\/v2\/product\/24176","targetHints":{"allow":["GET"]}}],"collection":[{"href":"https:\/\/velarogverkfaeri.is\/en\/wp-json\/wp\/v2\/product"}],"about":[{"href":"https:\/\/velarogverkfaeri.is\/en\/wp-json\/wp\/v2\/types\/product"}],"replies":[{"embeddable":true,"href":"https:\/\/velarogverkfaeri.is\/en\/wp-json\/wp\/v2\/comments?post=24176"}],"wp:featuredmedia":[{"embeddable":true,"href":"https:\/\/velarogverkfaeri.is\/en\/wp-json\/wp\/v2\/media\/28845"}],"wp:attachment":[{"href":"https:\/\/velarogverkfaeri.is\/en\/wp-json\/wp\/v2\/media?parent=24176"}],"wp:term":[{"taxonomy":"product_brand","embeddable":true,"href":"https:\/\/velarogverkfaeri.is\/en\/wp-json\/wp\/v2\/product_brand?post=24176"},{"taxonomy":"product_cat","embeddable":true,"href":"https:\/\/velarogverkfaeri.is\/en\/wp-json\/wp\/v2\/product_cat?post=24176"},{"taxonomy":"product_tag","embeddable":true,"href":"https:\/\/velarogverkfaeri.is\/en\/wp-json\/wp\/v2\/product_tag?post=24176"}],"curies":[{"name":"wp","href":"https:\/\/api.w.org\/{rel}","templated":true}]}}