{"id":24112,"date":"2023-04-28T17:51:38","date_gmt":"2023-04-28T17:51:38","guid":{"rendered":"https:\/\/vv-dev.webdev.is\/?post_type=product&#038;p=24112"},"modified":"2026-03-12T14:01:29","modified_gmt":"2026-03-12T14:01:29","slug":"bahco-skiptilykill-18-svartur","status":"publish","type":"product","link":"https:\/\/velarogverkfaeri.is\/en\/verkfaeralausnir\/handverkfaeri\/skiptilyklar\/product\/bahco-skiptilykill-18-svartur\/","title":{"rendered":"BAHCO Skiptilykill 18&#8243; Svartur"},"content":{"rendered":"<p><img decoding=\"async\" src=\"data:image\/png;base64,iVBORw0KGgoAAAANSUhEUgAAAeAAAADzCAYAAABe4cUUAAAAAXNSR0IArs4c6QAAAARnQU1BAACxjwv8YQUAAAAJcEhZcwAADsMAAA7DAcdvqGQAABq4SURBVHhe7d3fa1R3\/sfxV79\/QxNrk6W2DYNi1d12bS1Ke6EkQtylFiRFAuKgOzdreyGkSBsJxiIN9MKmN9PKiBBEKdTFbcAEc9FiqdX95S8MQ9pGmmid9N7Lfj+fcz5n5pzJTH7ozHyieT7Ys5nzY2aScj7ndd6fz2fGp343BAAAGur\/3E8AANBABDAAAB4QwAAAeEAAAwDgAQEMAIAHBDAAAB4QwAAAeFAlgG8pu\/Md\/bXqktN1d+T1bLgte81tWJCCht+3zzus4YLbtGDud8vecusLVBhVj33e+6O67zaFv3vpbwEAoFHmroBTaX1x7ozOz1rSWh8cUNAvPwUP9OPUYpJ0RlN5+zOvqXvBhvq7N6Vx+zM\/VQxgAAB8ecQu6GZ1fhyG8kBns9u2EGuVcWGe2eA21duGdNnNAwAA\/jAGDACAB48cwPeHD88ey72WC8aFKy3RWPGs8dfgOeF6NK4cLgsco43GeKs+b4Fjx8XfPf788jHxsr83eO9wW\/x3X9y4OABgOal9BWwDrG9Uq\/d96rp8P1UmFe6y2+buch7Vhya4hlrdc7NprbbbYhOnKgluAjI5qfieZ3R0u32tRU7yskFqfndt7zWv4bqqg3Dt13BxPNz+PXllM+Wvbbe9ow9lnxv+Dg3rXgcAPHbmDuB8TvuLVZ9b5gvDqclg8tbB4phwszoP2iCVXmydf5y4sy82ntzcroP7THrnL+lfVYP0lv5xIh+Ee3wcen0mDMpvri40gU2Va0J83AZtZq3bZpjfYcAG6sftWhFucH9Phde2wR1\/LgAAVcwdwJVmQReDqLIVrauC4P5HrPv1\/tVLGldKrSvdhkUIXm8u137QsPkxfuLd5I3CzneVzZvtUzPhcXOyH4tyVe48f1+guUUvuodxq1ub3CMAAOZW+y7oDSbETNU63FcKw\/2mQu3sO6JFTZReJFs5J24UomXeitR2VduwTilzsHr4JselTVi77QAAPIzaB3DQJSxlsskgrNt46MrWoHv74bXraHFct8KELzcp68MLJqCLf1OvOt1uAAAeRh0mYdku4QZ+wYbrDh4+PffY9Nzs55ltqNpqOBnC1y+Puq74+lbwAIDlpQ5d0DuCWc\/xLuho6VnUlOSFWqtMX3s4YSw2QSz8eNRi3tN+OYgL4djrrGi1k8BiY9rRrGi3CgDAw5g7gCvNgg6W6p\/NvZ59V1mVT94KP4o0fuKzxX0saKHst1zZjyzFft9w3PmMDm50xyyICeHi64QfM1rR+ffkDcUn0sHYR6sAAHgYT\/1uuMc1YL+wol8ywTdrzDf4fPCkCTi6cgEAqHEXdJNsj+1wX9mXVLgv59D2LsIXAACjxhVwyH5k58MLbsWx3cF8MxQAAKG6BDAAAJhbHT4HDAAA5kMAAwDgAQEMAIAHBDAAAB4QwAAAeEAAAwDgAQEMAIAHBDAAAB4QwAAAeEAAAwDgAQEMAIAHBDAAAB4QwAAAeEAAAwDgAQEMAIAHBDAAAB4QwAAAeEAAAwDgAQEMAIAHT\/1uuMdFDx48cI8AAEA9UAEDAOABAQwAgAcEMAAAHhDAAAB4QAADAOABAQwAgAcEMAAAHhDAAAB4QAADAOABAQwAgAcEMAAAHhDAAAB4QAADAOABAQwAgAd1+ecICyMf6cCpCbdmbOvR2fQat3JbuZyULq4DT5ZZ57\/Rceik0uvcysyYet8bUt6tqq1bg0e2qtmtAlgeah\/AN4bUdUzqPd2tl4INMxo5\/Ll04AN1NLn9V1+JBXLt3MztVf9F+6hNqTZzAdw8oP7gTYHGsefhlY2xwI1z4ft8MZBt++hRblX8JhXAclDzLuibV8dMxfuKC1+rSR1HXPgahbt3wgd18FL6pAb3tJlHE8qb\/H3+WcIXjTaj6ck2tTzjVssU\/nNZ+W09sXBu0p82m3N28q4KbguA5aHmFXDY\/Salj5dCN1KqUJ1i17SrAlyvXWqPqVxfvh7rpttarKiD159+W70yx9jXSnTfzejmDRPE68wbB5XGPXUVK3GgEW4rt\/srtVQ4\/ysLz\/3pXbMr5lnnetAOOjQdayulrm33voc26dKxsN0E7ejZEXUdMzfFFl3dwJJShzFgeyEY0IhbS47\/li4q8W3JLrvo+W2lELfd1l+uDC4ecuNriTG1QDLEta1b6cmhihc2oG7Kx3eN2eeqVTpfg6CskNbRWHL0\/PL15HCPazfFkC1fD9\/vEsMywJJRh1nQa5Q+fVJnT\/eow65eHFDX7iHdDPZVZruOSxeoNXp1m\/mx7e1SBbHuFXVMXNZ\/Z9y6uajsSFzQ3MXMjqMF722WjfeCi9vPd6MnAQ3QtFX90Tlol+Pd+vnYXuVuuP1FdmjGHjOgLd\/1qCt3220vEzvXm599zvz\/Vr0anfvPrFRKdzQdO8U7dkUV7tNqaTPhvnm9W29SyyopP\/1bsAbAvzp+DCkexGO6MusClGSr4K7d4RJ0twXBHW2LVdSVzFzXpQlTMf8lNollXbd6bZADPplA7jLn4cjVKgFrg9iEpi7+e86bVABPngZ8Dji8E6\/OVq97dbZloFg12OC03XLFKiJYFjqmFrGTYZiIhaUkPNd7R+iVAVDzAA4vMInuthsjyk3Eus1m+U3TE\/GgvK0rpgLOn\/pc8etUYWaOi1ZQZUwo989YlTHv+wJ1cGOo7PwfUv\/FqHcmrHaT57ZpM1+OmRvODiYLAstMbQN45je17ArHvIrdx4nPBEvNL29SKupePjymgtZox542jRSf82+9aive45t06b1o214NDo4kArncS+kBpSdj3dZl7wvUnwnTu+bHrPM\/1nuzrltnDz2nXPHcZmIUsFzV5ZuwAADA3BowBgwAAMoRwAAAeEAAAwDgAQEMAIAHBDAAAB4QwAAAeEAAAwDgAQEMAIAHBDAAAB4QwAAAeEAAAwDgAQEMAIAHBDAAAB4QwAAAeFDxnyMEAAD1RQUMAIAHBDAAAB4QwAAAeEAAAwDgAQEMAIAHBDAAAB4QwAAAeEAAAwDgAQEMAIAHBDAAAB4QwAAAeEAAAwDgAQEMAIAHBDAAAB7UJYDvDx\/WX3e+U1qyt9we65ayiXXgyXQ9a87990d1360XXcsl2kfPcMHtSArakW0rhVH17MzputsO4MlQ+wA2F5f9J1bp6LkzOh8snyrz01kVrzHXftCwe1hrwQUvuKgdVs\/71S9sQH0VNGzOvw8vuNU4G759k8pko\/bRqxdPvKvsNbcfwLJR8wC+fnlU2v6a1rt1qVmdHx9RZ3O4dn9qMnxQB+szZ\/TFvpR5lNd4Xnqx1b0p0DC3lN1pAvWFXp3va3fbSoLzf3tXsT1Ia\/X6dunHqdk3iytaV2l1a5NpQi16MdWqFW47gCdDzQN4RasJwAuxijfGVqj7T5hkvNAfVqrFruiwYkh0yQXdbtG2Uvdb1C1XrHYTXXwF3W\/9e1hZZNP6sY9uOzRYoUlv2fMvs9ZtSFqxcYtWJ9rHLX1vKuWKN4sb0hoIknqtMh+3E8DAE+ap3w33uEZsBdBf6mbebiqB2MXIBuj+qa7ENhum3286o8wGuxY9P6VM1lXOttvudKu+MBch2eebEO\/si46P2BA3lYfJ98D2tDI\/5TS1u\/w4oEFi520yPONtJHaeA1hW6jAJy9ytu7GtTrsaVLtzV6K267gUkmGXXKKbbsNr6sxf0r+iqiGV1luVwtd2+wXvbZZNU0EYV+raA7wJJmD9oNej8\/Rcl6YyzFcAlqO6zIIOxYN4VN\/PM8mkNIHKTV6JuqmDJVZRV1L4n77Jm0piZ6zbb0NaR22QA0uGuVE8ParV+3bE5kiYdtLXrvFv\/zd7tjSAJ1odAzjSJDssXF04\/jvU+mmxerXBuXpfaT1cFttNV9AvPzERC4+J\/BQBDCwzNQ7gMEwTH6m49rWy+Xa9XnUcdkZTiRnL4aSU8ROfJSZy3S\/M0UXX3K7u7Xllz8U+Xzzv+wKN1qw\/v5Ey5\/bXsSGZW8r2lVfFAJaD2k7CKtzS9XvTGurLadxtktp19Fy6dHGxs5szbn8qnZhYFXLHx48zVqfa9ebBtP581Rz77ZYKE1vKJmGVvy\/QIMFEw+L57Lhz3Z6zs\/aXTVQEsDzUYRY0AACYTwPGgAEAQDkCGAAADwhgAAA8IIABAPCAAAYAwAMCGAAADwhgAAA8IIABAPCAAAYAwAMCGAAADwhgAAA8IIABAPCAAAYAwAMCGAAADyr+c4QPHjxwjwAAQD1QAQMA4AEBDACABwQwAAAeEMAAAHhAAAMA4AEBDACABwQwAAAeEMAAAHhAAAMA4AEBDACABwQwAAAeEMAAAHhAAAMA4AEBDACAB7X\/5whvDKnrmNR7ulsvuU0+3MztVb96dDa9xm0BGi84Dye7NXhkq5rdtsLIRzpwasKthToOnVR6nVuZGVPve0PKu9XANs5l4ElDBQzUiQ3a\/sk2pdx6pDA9EQTu2dOlpRi+1q\/3lLeBG9tP+AJPHgIYqIcbQ6bKfU69u55LVrKa0bQJ5ZZn3GoFhbt3lGp52q0BeFI1PIBtVdC1e69bhnTTbQ+63ey67cKutF+3lStuLy29IzPh7rLnXQm3Ao1nz+Vjd5Q+XmkY5jeZAnhOtkJeiKAt5W4H3dzReX\/TBPzI4Wh9r3I33MFB+\/lIIzdsOwv3BW0n3m4Oj6ngjgZQfw0N4HDsy1QFUbfaIak\/0ejH1H\/1FdftNqB0m1k3FxjrZm5AP+8ZKHbJ9W6TUma9v6PJXfDGYt16r0gXg6cBDWaC7r0hPX\/oA9lTc5aZu\/pZE+aYSiFp2QpZyp\/qKQWjawMVXRzQlY3heT+45476d\/doepdrB4e2auRY\/CbWvO+X0oGgjfToefseX67UYLBu2puGNBjd0AKouwYG8Iz++50d+4pVBes6TKO\/rP8W23yb0n+Jxrqa9KfNbdLkXRPQ4UWpmsJ\/LgdjZqVxtDV61QQ00GjRjWJiTDeuaav6g8Bzi6mSfz4WD+EmdRyJ7bfBODlQPYTburXDvVfzs8+Z\/9+qV6P3fmalUrqj6VimduyKJoM9rRbTvFKb17v1JrWsMsE\/\/VuwBqD+GhjAYdfbiLnYFO\/szd16bmJC07+6Q6qyF6UBbfmuVBXYmaUHXImx0C47oK5mxnT2Yln1emzMFJ5DOmAeJytdxwRyl7lZHLlarco1574JTV38d6ySBfAkaGAAh3fc5bM\/7VK1WogpjHyuS5tLXdBnYx\/rAJaE8urWLodMeJoq1XbzLuQ8B7B8NDCAwy7lkS+TEz0KMwsbc2p+eZMUryzs4saPX9poK4SvVBy+cpUIsOTcGEpWwma9\/2J86OW2conuZrNuqujUng6vn6sHUHt1CuAx9ceD0ix2xmVzxwca3Hw56I6Ltg8OjpSCsyo7seWeuhLVRY86Job0tb2YrTMVxh6VJrYMSl17TLkNLCkzGrlrfsSHYYIvrSlN2CoEBwyU9u8ekA6dDCcbAnii1P6bsOrBznJ+77K2HI\/NLA222VD2+41bAAA8jMcjgC37eUU7oaVoq\/evuwQA4GE9PgEMAMATpIGTsAAAQIQABgDAAwIYAAAPCGAAADwggAEA8IAABgDAAwIYAAAPCGAAADwggAEA8IAABgDAAwIYAAAPCGAAADyo+I8xAACA+qICBgDAAwIYAAAPCGAAADwggAEA8IAABgDAAwIYAAAPCGAAADwggAEA8IAABgDAAwIYAAAPCGAAADwggAEA8IAABgDAAwIYAAAP6hfAhVH17HxHf40v74\/qvtsNPKnuDx9OnvfZW27PLWXNevaaWy1zPWuPz+m6W5\/P\/eGchgtuxXJtrsdtDH6P4nvPLXjvKseGf89h914FDb8f\/xvs3xTtS6r8muHzS6\/3aK5nF\/7fC1hq6hLAQcPLXNKb2TM6f660fPHGJe1\/1BCOBXvP+\/bCQAPEEnItp\/0nVulo8bz\/VJmfzi4gbOwBKfO\/Vq0IN8yjoH99O+keJ73Y2uwe1dIq\/aEGL3s9+66y+Xbz3+eIOh\/59W7p+wvuIfAYqn0AmwvQhxdSymRnN7AVnUd0\/uP2BV5gqmhu18C5XnWah+P5\/CIuWED9Xb88Km1\/Tevdujlh1fnxQsKmWeszi2kfM5oyp39C0DbOKLPBrddI0G7PpWN\/00MqXhtq8FpWYVo\/uofA46jmARxegLoWdndb1k09q1vrWml\/otvOPH7dVRhHX8jpk1r0ZQE1sKLVVLEXFlLxWlF3bNiLk+gyDtqG2Z5oI663J9jWr2Hllc3Y7VF3brXuYPc+5d3BJhCr9SBF3ehBu7PH1aLnqm9UnX3lNyPRfwO3xN4n+u8Rds27Jfob7O+UyWlco\/ow2EdPGB4\/NQ7ggn75SVrd2uTW52AbpGlAL\/ZFXXW9Ul\/84mEuLqelgy5oi3f1tuH19btGd1i\/tLZr\/Nv\/MbaMJWFFp7n5LAZjLDBmscHzrrIv9M5RXZpw+aTUBo5uN+v29Yq9QLaatPvmq7BNFX4wrdWJGwPz\/qdtIM5+bxt8UTd6bappc2Ng2rr2fTrr9e4Pf6Zv3vg0+Psq3lBf6Nf3m8J9503lvNqsBzcFG9Lhumx3tt1fo6oaaKD6TcKKi9\/Fuzvc+1cvaXx7b6xBrtVb+6RvrpYaX+fusu64IHwn3UXHLn+XvjUVd36KAMYSsVaZ4NwMh0lsgFSqzoKxUBu+mbVuSyUmYA+W2sD6Te3m9X54uErPhHb39nypfV37OhiLfb08YE0bC8O3RoEW\/P22WjfvX+EuwXZvD8S22x6E8akZt2ak0nor+h2b\/6g3U9KPU7GABh5jNQ7gZv3hBSUbkOXGps73mQuIc98OYAWN0wWzWfafyM9+bszs7m13Z+\/WgKUjHsSj+j42hDLc9044FrpzrvCtYGWrOdcn9ctD5o8N8PETXwcBbtvS6n07kiFr22Nfhe2PwtxkF6v3ebq7o2sAsFzUvAIO79LnHwMLxspc40wsc1YEFdyb0jgTsbBkNcme6nGdfWf0xT4F3bKLqmbtuf4os5E37FAmNaqhbE5DFypUpLY9ZtPSCVOdx+dc1MD6TOUQtuO7+6e6iu3\/i31l\/7GAJ1jtu6A3pE1Ds2NgsyeD3J8qfWxixcYtZWNSRqEwZ1fy+p2Vx7FWv\/FHAhhLQDihKDlhsHJXr+16DQJpzslNeU3dcw\/duZ6cYb1YzcGwzvgF8zrVqlzbW9XXbqr0SpO5Hs3sEA7njHRuim667UerqICxfNRlDNg2tPPZLfommohS7F5apaPRxyxsQy8\/5pPP9I+5Wn1wcVhVmuCy891gAkd8DAnwpjCjP+xO68e+2Dndp6rjqUEgvZDT\/qpfSpHSj6dL53pyzHitXg9udMP9C65YN7wWTN56c+McbcZOcHLtLPpSj1ophbD9ncMbAtslH\/6Nn0lvlIap5hWMCYevVasv9gAa6anfDfcYwFIRfErAfplNLb6woiSY4Wy7fBc71AOg5hozCxqAf8EMZy1+8heAuqACBgDAAypgAAA8IIABAPCAAAYAwAMCGAAADwhgAAA8IIABAPCAAAYAwAMCGAAADwhgAAA8IIABAPCAAAYAwAMCGAAADyr+YwwPHjxwjwAAQD1QAQMA4AEBDACABwQwAAAeEMAAAHhAAAMA4AEBDACABwQwAAAeEMAAAHhAAAMA4AEBDACABwQwAAAeEMAAAHhAAAMA4AEBDACAB7UP4Jkx9e7+SCMzbt2npfS7YNm5mdurrsNjKrj1WYLzc65jZjRy2OwvP4ej58WX3G23E8DjggoYqLkwOPsvutWKzDGDQ8pv69HZI1vV7LbGFUY+V25iq3pPf6COJrfR+vVe+LzTJ0tLeo3bCeBxUacAnlDuvfgdOlUolovbyu3uUW6VCchDW9222W7mzDHq1mC14LwxpAOnpPTxbr3kNkUKd+8o1fK0WwPwuHrqd8M9Lnrw4IF79BBs99h7l7XleOyu3VxMuo7dMReTv0mD7uIUv\/AE+2Xu9Lul3F6dbenRlu8GzN1\/uDu1Z0D97sUKIx+ZC5PbUWSrBHuhspWHef3oedvMBfDineTvAtTTzIwKTU1hRWvP6y9XarC8wi22h2rnpQ3xAf0cO+\/jbNf22ZbK+8rZY2dV4m0m+KtU3QAapzFd0Os6lG6b0KX\/SB0HupW6+FWsIjah+eWYOg6V7vTzp76SDriuNVNF5E99Hh5vwn3w1HMmbN0+Ux2kiuEbqyrc\/gMtd5QPXhFokCh8qzLhemzM\/Iz1EpWNAd\/MDWjE\/Myf6qnQgzSj6cn4PrNUG\/81Qd8\/WWoPQUVO+AJLRuPHgJu2qmubDWN3RbkxEoxzvbouXA1se7tUGax7RR3mYjX9q3lsx77CrRXc1pWLbUofKF1cml\/eZAIaWDoKI+bmU+Y8Pe5C8fSA0hrSgShEzU3mWVOx2l6fcP9JDe6RCesh3QwOaFLHkei57vmTAxVD2HZVA1i6GhLA4WSSNm15OUzVlzbaqnYkuKDcvDpmLjYds8a5KlrXbe7ipf7ozt9clJ6PKueZu\/o5OAhYugrTE+Z8\/1us69kE6i47VPLvMGDtTaapUg\/EupebO8wNqcZ05YbbkFD2\/Jjmjg80uPmyDkTtxXZ7x25QAfjVkElYB4Ju49h4V9Albe70c0Pmbt9UxAsYywrZ7js7VlyqANLxyhlY0sLu47nUtGq1QzbfbSp1QZfPpgbgVZ0CON7FZpfymZzhXXv+4pi00Oo3sEavbhsrVcBuydnKoGm9trSZ4P9nqSvu5j+HGAPGEuLOe9f7EwrnQES9QEG1OzGkr2PVbtBtbariHcHNprkJTXQ3h2PKFXuRbJuw3duJ9sInEoClojGzoCuyMz2\/UkvZccGsTcVnSdvjBqRDJ7Xj7kca1N8Ssz+DWdH2Lj+YWBIeayewWB2HeqRjs98DqKeKM\/Xjk5+CWdB2IlYoPss\/lDyP488tjIzp6+khjcRmNneYtlGpJ8i2pSsbk\/tmty8AvtQ+gBcouEhNv72oC0Gli4fdttCPZADLR\/iRvEub420j3Da9i6EbYCnwE8Dzfg6ymuTnfK3Z1QOAUFklbVSrlgE0nrcKGACA5azxnwMGAAAEMAAAPhDAAAB4QAADAOABAQwAgAcEMAAAHhDAAAB4QAADAOABAQwAgAcEMAAAHhDAAAA0nPT\/vrn6z6nluuEAAAAASUVORK5CYII=\" alt=\"\"><\/p>","protected":false},"excerpt":{"rendered":"<p>Mesta opnun 53mm og lengd 455mm.<\/p>","protected":false},"featured_media":29293,"comment_status":"closed","ping_status":"closed","template":"","meta":[],"product_brand":[],"product_cat":[588,777,515],"product_tag":[1024],"class_list":{"0":"post-24112","1":"product","2":"type-product","3":"status-publish","4":"has-post-thumbnail","6":"product_cat-handverkfaeri","7":"product_cat-skiptilyklar","8":"product_cat-verkfaeralausnir","9":"product_tag-bahco","11":"first","12":"instock","13":"taxable","14":"shipping-taxable","15":"purchasable","16":"product-type-simple"},"yoast_head":"<!-- This site is optimized with the Yoast SEO plugin v27.3 - https:\/\/yoast.com\/product\/yoast-seo-wordpress\/ -->\n<title>BAHCO Skiptilykill 18&quot; Svartur - V\u00e9lar &amp; Verkf\u00e6ri<\/title>\n<meta name=\"robots\" content=\"index, follow, max-snippet:-1, max-image-preview:large, max-video-preview:-1\" \/>\n<link rel=\"canonical\" href=\"https:\/\/velarogverkfaeri.is\/en\/verkfaeralausnir\/handverkfaeri\/skiptilyklar\/product\/bahco-skiptilykill-18-svartur\/\" \/>\n<meta property=\"og:locale\" content=\"en_US\" \/>\n<meta property=\"og:type\" content=\"article\" \/>\n<meta property=\"og:title\" content=\"BAHCO Skiptilykill 18&quot; Svartur - V\u00e9lar &amp; Verkf\u00e6ri\" \/>\n<meta property=\"og:description\" content=\"Mesta opnun 53mm og lengd 455mm.\" \/>\n<meta property=\"og:url\" content=\"https:\/\/velarogverkfaeri.is\/en\/verkfaeralausnir\/handverkfaeri\/skiptilyklar\/product\/bahco-skiptilykill-18-svartur\/\" \/>\n<meta property=\"og:site_name\" content=\"V\u00e9lar &amp; Verkf\u00e6ri\" \/>\n<meta property=\"article:publisher\" content=\"https:\/\/www.facebook.com\/VelarOgVerkfaeri\" \/>\n<meta property=\"article:modified_time\" content=\"2026-03-12T14:01:29+00:00\" \/>\n<meta property=\"og:image\" content=\"https:\/\/velarogverkfaeri.is\/wp-content\/uploads\/2023\/06\/897341d4-0676-439e-9840-020d5be04a96.jpeg\" \/>\n\t<meta property=\"og:image:width\" content=\"2400\" \/>\n\t<meta property=\"og:image:height\" content=\"2400\" \/>\n\t<meta property=\"og:image:type\" content=\"image\/jpeg\" \/>\n<meta name=\"twitter:card\" content=\"summary_large_image\" \/>\n<script type=\"application\/ld+json\" class=\"yoast-schema-graph\">{\"@context\":\"https:\\\/\\\/schema.org\",\"@graph\":[{\"@type\":\"WebPage\",\"@id\":\"https:\\\/\\\/velarogverkfaeri.is\\\/verkfaeralausnir\\\/handverkfaeri\\\/skiptilyklar\\\/product\\\/bahco-skiptilykill-18-svartur\\\/\",\"url\":\"https:\\\/\\\/velarogverkfaeri.is\\\/verkfaeralausnir\\\/handverkfaeri\\\/skiptilyklar\\\/product\\\/bahco-skiptilykill-18-svartur\\\/\",\"name\":\"BAHCO Skiptilykill 18\\\" Svartur - V\u00e9lar &amp; Verkf\u00e6ri\",\"isPartOf\":{\"@id\":\"https:\\\/\\\/velarogverkfaeri.is\\\/en\\\/#website\"},\"primaryImageOfPage\":{\"@id\":\"https:\\\/\\\/velarogverkfaeri.is\\\/verkfaeralausnir\\\/handverkfaeri\\\/skiptilyklar\\\/product\\\/bahco-skiptilykill-18-svartur\\\/#primaryimage\"},\"image\":{\"@id\":\"https:\\\/\\\/velarogverkfaeri.is\\\/verkfaeralausnir\\\/handverkfaeri\\\/skiptilyklar\\\/product\\\/bahco-skiptilykill-18-svartur\\\/#primaryimage\"},\"thumbnailUrl\":\"https:\\\/\\\/velarogverkfaeri.is\\\/wp-content\\\/uploads\\\/2023\\\/06\\\/897341d4-0676-439e-9840-020d5be04a96.jpeg\",\"datePublished\":\"2023-04-28T17:51:38+00:00\",\"dateModified\":\"2026-03-12T14:01:29+00:00\",\"breadcrumb\":{\"@id\":\"https:\\\/\\\/velarogverkfaeri.is\\\/verkfaeralausnir\\\/handverkfaeri\\\/skiptilyklar\\\/product\\\/bahco-skiptilykill-18-svartur\\\/#breadcrumb\"},\"inLanguage\":\"en-US\",\"potentialAction\":[{\"@type\":\"ReadAction\",\"target\":[\"https:\\\/\\\/velarogverkfaeri.is\\\/verkfaeralausnir\\\/handverkfaeri\\\/skiptilyklar\\\/product\\\/bahco-skiptilykill-18-svartur\\\/\"]}]},{\"@type\":\"ImageObject\",\"inLanguage\":\"en-US\",\"@id\":\"https:\\\/\\\/velarogverkfaeri.is\\\/verkfaeralausnir\\\/handverkfaeri\\\/skiptilyklar\\\/product\\\/bahco-skiptilykill-18-svartur\\\/#primaryimage\",\"url\":\"https:\\\/\\\/velarogverkfaeri.is\\\/wp-content\\\/uploads\\\/2023\\\/06\\\/897341d4-0676-439e-9840-020d5be04a96.jpeg\",\"contentUrl\":\"https:\\\/\\\/velarogverkfaeri.is\\\/wp-content\\\/uploads\\\/2023\\\/06\\\/897341d4-0676-439e-9840-020d5be04a96.jpeg\",\"width\":2400,\"height\":2400},{\"@type\":\"BreadcrumbList\",\"@id\":\"https:\\\/\\\/velarogverkfaeri.is\\\/verkfaeralausnir\\\/handverkfaeri\\\/skiptilyklar\\\/product\\\/bahco-skiptilykill-18-svartur\\\/#breadcrumb\",\"itemListElement\":[{\"@type\":\"ListItem\",\"position\":1,\"name\":\"Home\",\"item\":\"https:\\\/\\\/velarogverkfaeri.is\\\/\"},{\"@type\":\"ListItem\",\"position\":2,\"name\":\"Vefverslun\",\"item\":\"https:\\\/\\\/velarogverkfaeri.is\\\/vefverslun\\\/\"},{\"@type\":\"ListItem\",\"position\":3,\"name\":\"BAHCO Skiptilykill 18&#8243; Svartur\"}]},{\"@type\":\"WebSite\",\"@id\":\"https:\\\/\\\/velarogverkfaeri.is\\\/en\\\/#website\",\"url\":\"https:\\\/\\\/velarogverkfaeri.is\\\/en\\\/\",\"name\":\"V\u00e9lar & Verkf\u00e6ri\",\"description\":\"Umbo\u00f0s- og heildverslun fr\u00e1 \u00e1rinu 1919\",\"publisher\":{\"@id\":\"https:\\\/\\\/velarogverkfaeri.is\\\/en\\\/#organization\"},\"potentialAction\":[{\"@type\":\"SearchAction\",\"target\":{\"@type\":\"EntryPoint\",\"urlTemplate\":\"https:\\\/\\\/velarogverkfaeri.is\\\/en\\\/?s={search_term_string}\"},\"query-input\":{\"@type\":\"PropertyValueSpecification\",\"valueRequired\":true,\"valueName\":\"search_term_string\"}}],\"inLanguage\":\"en-US\"},{\"@type\":\"Organization\",\"@id\":\"https:\\\/\\\/velarogverkfaeri.is\\\/en\\\/#organization\",\"name\":\"V\u00e9lar & Verkf\u00e6ri\",\"url\":\"https:\\\/\\\/velarogverkfaeri.is\\\/en\\\/\",\"logo\":{\"@type\":\"ImageObject\",\"inLanguage\":\"en-US\",\"@id\":\"https:\\\/\\\/velarogverkfaeri.is\\\/en\\\/#\\\/schema\\\/logo\\\/image\\\/\",\"url\":\"https:\\\/\\\/velarogverkfaeri.is\\\/wp-content\\\/uploads\\\/2021\\\/10\\\/vv_logo_350x100.png\",\"contentUrl\":\"https:\\\/\\\/velarogverkfaeri.is\\\/wp-content\\\/uploads\\\/2021\\\/10\\\/vv_logo_350x100.png\",\"width\":350,\"height\":100,\"caption\":\"V\u00e9lar & Verkf\u00e6ri\"},\"image\":{\"@id\":\"https:\\\/\\\/velarogverkfaeri.is\\\/en\\\/#\\\/schema\\\/logo\\\/image\\\/\"},\"sameAs\":[\"https:\\\/\\\/www.facebook.com\\\/VelarOgVerkfaeri\"]}]}<\/script>\n<!-- \/ Yoast SEO plugin. -->","yoast_head_json":{"title":"BAHCO Skiptilykill 18\" Svartur - V\u00e9lar &amp; Verkf\u00e6ri","robots":{"index":"index","follow":"follow","max-snippet":"max-snippet:-1","max-image-preview":"max-image-preview:large","max-video-preview":"max-video-preview:-1"},"canonical":"https:\/\/velarogverkfaeri.is\/en\/verkfaeralausnir\/handverkfaeri\/skiptilyklar\/product\/bahco-skiptilykill-18-svartur\/","og_locale":"en_US","og_type":"article","og_title":"BAHCO Skiptilykill 18\" Svartur - V\u00e9lar &amp; Verkf\u00e6ri","og_description":"Mesta opnun 53mm og lengd 455mm.","og_url":"https:\/\/velarogverkfaeri.is\/en\/verkfaeralausnir\/handverkfaeri\/skiptilyklar\/product\/bahco-skiptilykill-18-svartur\/","og_site_name":"V\u00e9lar &amp; Verkf\u00e6ri","article_publisher":"https:\/\/www.facebook.com\/VelarOgVerkfaeri","article_modified_time":"2026-03-12T14:01:29+00:00","og_image":[{"width":2400,"height":2400,"url":"https:\/\/velarogverkfaeri.is\/wp-content\/uploads\/2023\/06\/897341d4-0676-439e-9840-020d5be04a96.jpeg","type":"image\/jpeg"}],"twitter_card":"summary_large_image","schema":{"@context":"https:\/\/schema.org","@graph":[{"@type":"WebPage","@id":"https:\/\/velarogverkfaeri.is\/verkfaeralausnir\/handverkfaeri\/skiptilyklar\/product\/bahco-skiptilykill-18-svartur\/","url":"https:\/\/velarogverkfaeri.is\/verkfaeralausnir\/handverkfaeri\/skiptilyklar\/product\/bahco-skiptilykill-18-svartur\/","name":"BAHCO Skiptilykill 18\" Svartur - V\u00e9lar &amp; Verkf\u00e6ri","isPartOf":{"@id":"https:\/\/velarogverkfaeri.is\/en\/#website"},"primaryImageOfPage":{"@id":"https:\/\/velarogverkfaeri.is\/verkfaeralausnir\/handverkfaeri\/skiptilyklar\/product\/bahco-skiptilykill-18-svartur\/#primaryimage"},"image":{"@id":"https:\/\/velarogverkfaeri.is\/verkfaeralausnir\/handverkfaeri\/skiptilyklar\/product\/bahco-skiptilykill-18-svartur\/#primaryimage"},"thumbnailUrl":"https:\/\/velarogverkfaeri.is\/wp-content\/uploads\/2023\/06\/897341d4-0676-439e-9840-020d5be04a96.jpeg","datePublished":"2023-04-28T17:51:38+00:00","dateModified":"2026-03-12T14:01:29+00:00","breadcrumb":{"@id":"https:\/\/velarogverkfaeri.is\/verkfaeralausnir\/handverkfaeri\/skiptilyklar\/product\/bahco-skiptilykill-18-svartur\/#breadcrumb"},"inLanguage":"en-US","potentialAction":[{"@type":"ReadAction","target":["https:\/\/velarogverkfaeri.is\/verkfaeralausnir\/handverkfaeri\/skiptilyklar\/product\/bahco-skiptilykill-18-svartur\/"]}]},{"@type":"ImageObject","inLanguage":"en-US","@id":"https:\/\/velarogverkfaeri.is\/verkfaeralausnir\/handverkfaeri\/skiptilyklar\/product\/bahco-skiptilykill-18-svartur\/#primaryimage","url":"https:\/\/velarogverkfaeri.is\/wp-content\/uploads\/2023\/06\/897341d4-0676-439e-9840-020d5be04a96.jpeg","contentUrl":"https:\/\/velarogverkfaeri.is\/wp-content\/uploads\/2023\/06\/897341d4-0676-439e-9840-020d5be04a96.jpeg","width":2400,"height":2400},{"@type":"BreadcrumbList","@id":"https:\/\/velarogverkfaeri.is\/verkfaeralausnir\/handverkfaeri\/skiptilyklar\/product\/bahco-skiptilykill-18-svartur\/#breadcrumb","itemListElement":[{"@type":"ListItem","position":1,"name":"Home","item":"https:\/\/velarogverkfaeri.is\/"},{"@type":"ListItem","position":2,"name":"Vefverslun","item":"https:\/\/velarogverkfaeri.is\/vefverslun\/"},{"@type":"ListItem","position":3,"name":"BAHCO Skiptilykill 18&#8243; Svartur"}]},{"@type":"WebSite","@id":"https:\/\/velarogverkfaeri.is\/en\/#website","url":"https:\/\/velarogverkfaeri.is\/en\/","name":"V\u00e9lar & Verkf\u00e6ri","description":"Umbo\u00f0s- og heildverslun fr\u00e1 \u00e1rinu 1919","publisher":{"@id":"https:\/\/velarogverkfaeri.is\/en\/#organization"},"potentialAction":[{"@type":"SearchAction","target":{"@type":"EntryPoint","urlTemplate":"https:\/\/velarogverkfaeri.is\/en\/?s={search_term_string}"},"query-input":{"@type":"PropertyValueSpecification","valueRequired":true,"valueName":"search_term_string"}}],"inLanguage":"en-US"},{"@type":"Organization","@id":"https:\/\/velarogverkfaeri.is\/en\/#organization","name":"V\u00e9lar & Verkf\u00e6ri","url":"https:\/\/velarogverkfaeri.is\/en\/","logo":{"@type":"ImageObject","inLanguage":"en-US","@id":"https:\/\/velarogverkfaeri.is\/en\/#\/schema\/logo\/image\/","url":"https:\/\/velarogverkfaeri.is\/wp-content\/uploads\/2021\/10\/vv_logo_350x100.png","contentUrl":"https:\/\/velarogverkfaeri.is\/wp-content\/uploads\/2021\/10\/vv_logo_350x100.png","width":350,"height":100,"caption":"V\u00e9lar & Verkf\u00e6ri"},"image":{"@id":"https:\/\/velarogverkfaeri.is\/en\/#\/schema\/logo\/image\/"},"sameAs":["https:\/\/www.facebook.com\/VelarOgVerkfaeri"]}]}},"_links":{"self":[{"href":"https:\/\/velarogverkfaeri.is\/en\/wp-json\/wp\/v2\/product\/24112","targetHints":{"allow":["GET"]}}],"collection":[{"href":"https:\/\/velarogverkfaeri.is\/en\/wp-json\/wp\/v2\/product"}],"about":[{"href":"https:\/\/velarogverkfaeri.is\/en\/wp-json\/wp\/v2\/types\/product"}],"replies":[{"embeddable":true,"href":"https:\/\/velarogverkfaeri.is\/en\/wp-json\/wp\/v2\/comments?post=24112"}],"wp:featuredmedia":[{"embeddable":true,"href":"https:\/\/velarogverkfaeri.is\/en\/wp-json\/wp\/v2\/media\/29293"}],"wp:attachment":[{"href":"https:\/\/velarogverkfaeri.is\/en\/wp-json\/wp\/v2\/media?parent=24112"}],"wp:term":[{"taxonomy":"product_brand","embeddable":true,"href":"https:\/\/velarogverkfaeri.is\/en\/wp-json\/wp\/v2\/product_brand?post=24112"},{"taxonomy":"product_cat","embeddable":true,"href":"https:\/\/velarogverkfaeri.is\/en\/wp-json\/wp\/v2\/product_cat?post=24112"},{"taxonomy":"product_tag","embeddable":true,"href":"https:\/\/velarogverkfaeri.is\/en\/wp-json\/wp\/v2\/product_tag?post=24112"}],"curies":[{"name":"wp","href":"https:\/\/api.w.org\/{rel}","templated":true}]}}