{"id":23981,"date":"2023-06-08T19:13:05","date_gmt":"2023-06-08T19:13:05","guid":{"rendered":"https:\/\/vv-dev.webdev.is\/?post_type=product&#038;p=23981"},"modified":"2025-12-05T16:46:08","modified_gmt":"2025-12-05T16:46:08","slug":"dcw-mantis-bordlampi-svartur-bs3-bl-honnun-bernard-schottlander-1951","status":"publish","type":"product","link":"https:\/\/velarogverkfaeri.is\/en\/honnunarlausnir\/lampar\/bordlampar\/product\/dcw-mantis-bordlampi-svartur-bs3-bl-honnun-bernard-schottlander-1951\/","title":{"rendered":"DCW Mantis Bor\u00f0lampi"},"content":{"rendered":"<p style=\"color: rgb(101, 101, 101);\">Fallegur bor\u00f0lampi hanna\u00f0ur af Bernard Schottlander fyrir DCW \u00c9ditions. Bor\u00f0lampinn er n\u00fat\u00edmalegur me\u00f0 \u00feunnar l\u00ednur.<\/p>\n<p style=\"color: rgb(101, 101, 101);\">Lampinn er me\u00f0 4 mismundur stillingarst\u00f6\u00f0ur, hver \u00feeirra a\u00f0skilin me\u00f0 20\u00b0 horni.<\/p>\n<p style=\"color: rgb(101, 101, 101);\">Litur: svartur<\/p>\n<p style=\"color: rgb(101, 101, 101);\">H\u00e6\u00f0: 84 cm,<\/p>\n<p style=\"color: rgb(101, 101, 101);\">Breidd (me\u00f0 armi): 82 cm<\/p>\n<p style=\"color: rgb(101, 101, 101);\">F\u00f3tur umm\u00e1l: 20 cm.<\/p>\n<p style=\"color: rgb(101, 101, 101);\"><img decoding=\"async\" src=\"data:image\/png;base64,iVBORw0KGgoAAAANSUhEUgAAAKEAAAAfCAYAAACPka2zAAAAAXNSR0IArs4c6QAAAARnQU1BAACxjwv8YQUAAAAJcEhZcwAADsMAAA7DAcdvqGQAAArqSURBVHhe7ZoJUBVHGsc\/OeOtIHhEbvGAmEgQjUh0LaW8iEJAKVl01ZhkBRdXMUKtcUlFN0IQKx6IouW6VgUtLJQo6mo8WDxYFOXwQrlEAW+Q+8bt76PnAY93DKA815pfVdd098zj8Wb+\/V093V69evUaJCQ0iBY\/SkhoDEmEEhpHEqGExpFEKKFxJBFKaBxJhBIa570q0dy9m8F7HWPUqJG81\/VkZNzjvY5TW1sHBgb9YejQD\/nMm6OyshL09PQgOfkGaGlrgbaWNtQ31IO+nj7U19dDaWkpaGtrg4mpCVhamPNPiUOtCL28vOjYr18\/2LlzJ\/UzMjJgzZo11G8JXmNlZQXLly+HQYMG8dkmXr9+DYcOHYKLFy\/C06dPYeTIkbBw4UI6ynPlyhWIiYmBhw8fshs6FNzc3GDSpEn8rGIyM7Ng3bofwMnJkc+Ip7q6GvILCmDb1jA+o5yGhgY4fz4e7tzJgPv3M9l3BsCQIYP5WcVUVlZB\/H8S4PbtO5CVmQ27d+\/gZ5r5adPP8OTxU3b\/LPlM+7lz5y6MGfMJu\/9f85n28\/jxEygofAw6OlpQVloOurq6UMdElnIjhYm8HhzG2YP1MCsYONCYRNeSoqIiyMl5wK6rhY8\/\/gh69erFz6hGrQj79+9PxwULFshEmJSUBDNmzKC+Ivr27QvR0dEwbtw4Gjc2NsKcOXPg8uXLNBbo1q0b7NixQyZ0JDg4GEJCQviomdWrV8P69ev5qC0owmPHToC\/\/0o+Ix52D9h3boFNm37kM4pBEf15uR9kZ+fwGYDz506xhTSCj9py9ux5WLU6AF6+fMlnAAoLmj8vkJ9fAJvDfoGNG4LaPLxnscthjO9pPhKYDuHJEeDG9V9QUAghP4fBPzb+AL17926abAcVFZXw4sUL+juVlRXQvXt3Wjx9+vQBI6MBcJcZnvKyCvD09OCfUE7ugzy22LJg\/HgH+rw6OhQTongE0PJNnDiRGooPKSkpgSVLlkBVVRWNIyMjZQL09PSEwMBAMDMzI+uIFhWvR9LT02UCREu6bNkyZmWG0HjLli2QlpZGfTGcOXNOVBNL4n+T4Is57jIBjhgxnC0MP9kiVUR0dAz8afHXMgFOnvw5LF2yiBalPOhCnSY6QlzcKT7TjLFrBKSGT4dZ4UkkYGyp4R\/xs03EnTgFX7jM6pAA8\/Ly4OrVa\/Ds2TNwdPwMpk2byp6nIzg7TyUhWVpagL6+vmjLZmFuRvcnJSWNnrE6Op2Y+Pj4sBsXRy0zMxOWLl1K84WFhXD9+nXqJyQk0BFd765duyAgIICEiaBQr169Sn101Qj+4MTERAgNDYVLly7RGBH+jjrQXV64EM9Wd7nKtmfvPigvL+efUk52Ti4sWvgVc9s1YGhoSG4bLeAa\/7+SW1LEuXMXmAVcSw\/BxGQoxMZGw8Gof8FGZqm0tBTfdhcmouvM7eXkPuAzikmO\/Q3A1VdmBVNT05mAnpNo2sPz588pjr7NQouePXuAg8NYfqbzmLLYEMMz9FDq6JAIlakb4wd3d3c+YmY5N5eOUVFRUFxcTMISaLliBUv46NEjOhobG9MPQNDSmJiYUD8rS\/0PErC3\/5TFknNVNnO2YsWwYcNPUMECcxTgmdPHwcPDrZU3kAcD9YDA7+k+DRo0EGKPstBExAP+4AN9cJk9E04osIbISd\/xMORDS5gjdxqtIH5OGcXFJfDkyXMm1JdMeC+ZZS5m4rsHF+ITyAJaWVqy0MmBX\/3msLQ0Z3F90zNVRafdsTxoEQWsra15ry3btm2jI7rwKVOmUB+DfkSZyIXzXQkukLNnL1B\/5UpfGDy4dcKliMRE5jZZcI+s\/z5Q1GcE0GVXVTPvcC2ZzzQjuONjLfT2++\/nwGiAIdjZfcJnmsEEIS3tJvyyfSeEhoVBcEgobArZzGLfUIg5EgufO02kcEfsYmwvaGh0dHT4SDmddseYrLi4uFBDMUVERNC8ra0tM++KV9e+ffsoU0aCgoLIwryrYElCiOE83F3pqA5BQPgA0KKjKIVWVlZG51SBVi3u+Ek+astY17mAQQCGEidO\/htmK7GCxcWv4OLlK2DQvy+YmZhSrGZlYUYWCoUnRiCdpQdz8+rotDvOzs6mpANbamoqzaH73L59e5sUHjl9+rSsvDN16lRYvHgx9d9V8EEiPXp0l4UI6njBXB6CbvmP3kvA3WOBrN0VUQ+0sRkF5hbmcPKUfEbcGkxi0Jopqwu+eMH+D\/asGhuF54UerKnV1tQyt1xE8SnWF9VRxK7F69sL1hPV0Wl33DI79vb2hv3791NCYmdnx69oBrNbFB2K2MbGBg4cOKDStb8LCBkhlivQvYlB1epXFmrII8SGmFkLJRqMCZfFPqfzmLxgEqPMCiIDmJtGgTU2NtCCqK+v48d6Om9oaEBWXk9Pl8aqMGDX4vXtBQva6ui0JWyZHaP1mzt3LiUo8mDSgUkLFobRUh49epRZl9YPS5HlbIm6828DdF0CSUnXeE81w3jBGd3dzfRrsrIKtvEiEwBjYyOYPsOZkg4s0Qif3+tqROdRoFiSwWRGGZi5z5\/nBo31DfCq5BWUlGIrg9LSEsjJyWHPpECUFewMZez71NHpmFAMWAx2dXWlVY0uLTY2ljJgebB2iGC9CrNpBD+bn59PfQsLCzp2JcOHW1OJBYnYtYeO6sDkAkGLc\/jwEep3BBRZ5v0suHfvPp9pAmNOTF4mTXLiM8rBHSc\/Px8IDFgDa7\/zhzX+flTQ\/+abpfD06RN2n4uoxPM2wOeNW33q6BIR+vn50cpDcBfl8OHDVJQWmhBLOjk13VR0e\/Pnzyexzps3j6wnMnnyZDp2NX5\/8aFjfHwCbNgYrDZLx228L79sSmKCQ8IUZrpiwFBltgtLUpg1bAkmLapKMvJgnRW9jtBwN8TU1BRmzpwOzs7ToKamGi5dusKvfnNgfdXUrKm8poouEWFBQQHv4U7GGdqaa9lSUlLo3OjRo2k3BUlOTqZdFzwia9euVRhnKuPgoWjwW+mvsomNRr28PGUPPSIiki0GZ5ZgnaWxMjZu+Dtt5OOC8vDwgu\/W\/g1u3EiVWXixTPhsPAX3gkgwWcGkBZOXNwG67LFjPwVdFhdiJUBszKoOwXqbc++mCrV7x7NmzaKjubm5whcYfH192YpSvSr9\/f3ZP6U8K1yxYkWrvWjMtHFnBV9kmDBhAsWdjo6qX0yQ3zsWm0SguxCzd4zWz8dnJRyPa106wTrn3TtNi0ge3MWY7+lNLzq0BIUVE3OQj9STlZUNe\/fuh1WrVsCPP26CoKB1FDO+adDSV1VV0xszvXr3ZJZYiy3UbmBkZAj32G+oqqxmiaU3v1o5t27dhrKycrC3txPljt+bV7lQhFFR0fDtt1\/xGfHga0jh4bth69bNfEY5sb8dZ4INg7y8hzQ2MDCAWzeVu1vc6gvfuQv27PknfQ\/SXhEiv\/56iGXDN2DKlD9QrPi2wP+xqKiYLCO+RaOjo82sdwncvHWTtlgtWVyOe8loQVuWrHDRY4E+l2XteE9Gj7ZVuj0pz3slwsjIfdCrV08+I56amhqwth7G3P8iPqOe9PRbUFFRATq6OuAw1p7PKqeurg5SUtOggWWqffr0BltbG35GHLhzc+TIMbJEmixrPXjwgN2vWmr4Sh7Gm\/jb6tnvwrdtcM8YS0Pt4b0RocT\/L12SmEhIqEISoYTGkUQooXEkEUpoHEmEEhpHEqGEhgH4H\/FQ97bR6tzwAAAAAElFTkSuQmCC\" alt=\"\"><\/p>","protected":false},"excerpt":{"rendered":"<p>Tegund: BS3 BL<\/p>","protected":false},"featured_media":38769,"comment_status":"closed","ping_status":"closed","template":"","meta":[],"product_brand":[],"product_cat":[575,518,546],"product_tag":[1008,851],"class_list":{"0":"post-23981","1":"product","2":"type-product","3":"status-publish","4":"has-post-thumbnail","6":"product_cat-bordlampar","7":"product_cat-honnunarlausnir","8":"product_cat-lampar","9":"product_tag-dcw","10":"product_tag-lampadagar","12":"first","13":"instock","14":"taxable","15":"shipping-taxable","16":"purchasable","17":"product-type-simple"},"yoast_head":"<!-- This site is optimized with the Yoast SEO plugin v27.3 - https:\/\/yoast.com\/product\/yoast-seo-wordpress\/ -->\n<title>DCW Mantis Bor\u00f0lampi - V\u00e9lar &amp; Verkf\u00e6ri<\/title>\n<meta name=\"robots\" content=\"index, follow, max-snippet:-1, max-image-preview:large, max-video-preview:-1\" \/>\n<link rel=\"canonical\" href=\"https:\/\/velarogverkfaeri.is\/en\/honnunarlausnir\/lampar\/bordlampar\/product\/dcw-mantis-bordlampi-svartur-bs3-bl-honnun-bernard-schottlander-1951\/\" \/>\n<meta property=\"og:locale\" content=\"en_US\" \/>\n<meta property=\"og:type\" content=\"article\" \/>\n<meta property=\"og:title\" content=\"DCW Mantis Bor\u00f0lampi - V\u00e9lar &amp; Verkf\u00e6ri\" \/>\n<meta property=\"og:description\" content=\"Tegund: BS3 BL\" \/>\n<meta property=\"og:url\" content=\"https:\/\/velarogverkfaeri.is\/en\/honnunarlausnir\/lampar\/bordlampar\/product\/dcw-mantis-bordlampi-svartur-bs3-bl-honnun-bernard-schottlander-1951\/\" \/>\n<meta property=\"og:site_name\" content=\"V\u00e9lar &amp; Verkf\u00e6ri\" \/>\n<meta property=\"article:publisher\" content=\"https:\/\/www.facebook.com\/VelarOgVerkfaeri\" \/>\n<meta property=\"article:modified_time\" content=\"2025-12-05T16:46:08+00:00\" \/>\n<meta property=\"og:image\" content=\"https:\/\/velarogverkfaeri.is\/wp-content\/uploads\/2023\/06\/54454a8c-6559-4a2e-a0d5-4cb3c6863b51.jpeg\" \/>\n\t<meta property=\"og:image:width\" content=\"600\" \/>\n\t<meta property=\"og:image:height\" content=\"600\" \/>\n\t<meta property=\"og:image:type\" content=\"image\/jpeg\" \/>\n<meta name=\"twitter:card\" content=\"summary_large_image\" \/>\n<script type=\"application\/ld+json\" class=\"yoast-schema-graph\">{\"@context\":\"https:\\\/\\\/schema.org\",\"@graph\":[{\"@type\":\"WebPage\",\"@id\":\"https:\\\/\\\/velarogverkfaeri.is\\\/honnunarlausnir\\\/lampar\\\/bordlampar\\\/product\\\/dcw-mantis-bordlampi-svartur-bs3-bl-honnun-bernard-schottlander-1951\\\/\",\"url\":\"https:\\\/\\\/velarogverkfaeri.is\\\/honnunarlausnir\\\/lampar\\\/bordlampar\\\/product\\\/dcw-mantis-bordlampi-svartur-bs3-bl-honnun-bernard-schottlander-1951\\\/\",\"name\":\"DCW Mantis Bor\u00f0lampi - V\u00e9lar &amp; Verkf\u00e6ri\",\"isPartOf\":{\"@id\":\"https:\\\/\\\/velarogverkfaeri.is\\\/en\\\/#website\"},\"primaryImageOfPage\":{\"@id\":\"https:\\\/\\\/velarogverkfaeri.is\\\/honnunarlausnir\\\/lampar\\\/bordlampar\\\/product\\\/dcw-mantis-bordlampi-svartur-bs3-bl-honnun-bernard-schottlander-1951\\\/#primaryimage\"},\"image\":{\"@id\":\"https:\\\/\\\/velarogverkfaeri.is\\\/honnunarlausnir\\\/lampar\\\/bordlampar\\\/product\\\/dcw-mantis-bordlampi-svartur-bs3-bl-honnun-bernard-schottlander-1951\\\/#primaryimage\"},\"thumbnailUrl\":\"https:\\\/\\\/velarogverkfaeri.is\\\/wp-content\\\/uploads\\\/2023\\\/06\\\/54454a8c-6559-4a2e-a0d5-4cb3c6863b51.jpeg\",\"datePublished\":\"2023-06-08T19:13:05+00:00\",\"dateModified\":\"2025-12-05T16:46:08+00:00\",\"breadcrumb\":{\"@id\":\"https:\\\/\\\/velarogverkfaeri.is\\\/honnunarlausnir\\\/lampar\\\/bordlampar\\\/product\\\/dcw-mantis-bordlampi-svartur-bs3-bl-honnun-bernard-schottlander-1951\\\/#breadcrumb\"},\"inLanguage\":\"en-US\",\"potentialAction\":[{\"@type\":\"ReadAction\",\"target\":[\"https:\\\/\\\/velarogverkfaeri.is\\\/honnunarlausnir\\\/lampar\\\/bordlampar\\\/product\\\/dcw-mantis-bordlampi-svartur-bs3-bl-honnun-bernard-schottlander-1951\\\/\"]}]},{\"@type\":\"ImageObject\",\"inLanguage\":\"en-US\",\"@id\":\"https:\\\/\\\/velarogverkfaeri.is\\\/honnunarlausnir\\\/lampar\\\/bordlampar\\\/product\\\/dcw-mantis-bordlampi-svartur-bs3-bl-honnun-bernard-schottlander-1951\\\/#primaryimage\",\"url\":\"https:\\\/\\\/velarogverkfaeri.is\\\/wp-content\\\/uploads\\\/2023\\\/06\\\/54454a8c-6559-4a2e-a0d5-4cb3c6863b51.jpeg\",\"contentUrl\":\"https:\\\/\\\/velarogverkfaeri.is\\\/wp-content\\\/uploads\\\/2023\\\/06\\\/54454a8c-6559-4a2e-a0d5-4cb3c6863b51.jpeg\",\"width\":600,\"height\":600},{\"@type\":\"BreadcrumbList\",\"@id\":\"https:\\\/\\\/velarogverkfaeri.is\\\/honnunarlausnir\\\/lampar\\\/bordlampar\\\/product\\\/dcw-mantis-bordlampi-svartur-bs3-bl-honnun-bernard-schottlander-1951\\\/#breadcrumb\",\"itemListElement\":[{\"@type\":\"ListItem\",\"position\":1,\"name\":\"Home\",\"item\":\"https:\\\/\\\/velarogverkfaeri.is\\\/\"},{\"@type\":\"ListItem\",\"position\":2,\"name\":\"Vefverslun\",\"item\":\"https:\\\/\\\/velarogverkfaeri.is\\\/vefverslun\\\/\"},{\"@type\":\"ListItem\",\"position\":3,\"name\":\"DCW Mantis Bor\u00f0lampi\"}]},{\"@type\":\"WebSite\",\"@id\":\"https:\\\/\\\/velarogverkfaeri.is\\\/en\\\/#website\",\"url\":\"https:\\\/\\\/velarogverkfaeri.is\\\/en\\\/\",\"name\":\"V\u00e9lar & Verkf\u00e6ri\",\"description\":\"Umbo\u00f0s- og heildverslun fr\u00e1 \u00e1rinu 1919\",\"publisher\":{\"@id\":\"https:\\\/\\\/velarogverkfaeri.is\\\/en\\\/#organization\"},\"potentialAction\":[{\"@type\":\"SearchAction\",\"target\":{\"@type\":\"EntryPoint\",\"urlTemplate\":\"https:\\\/\\\/velarogverkfaeri.is\\\/en\\\/?s={search_term_string}\"},\"query-input\":{\"@type\":\"PropertyValueSpecification\",\"valueRequired\":true,\"valueName\":\"search_term_string\"}}],\"inLanguage\":\"en-US\"},{\"@type\":\"Organization\",\"@id\":\"https:\\\/\\\/velarogverkfaeri.is\\\/en\\\/#organization\",\"name\":\"V\u00e9lar & Verkf\u00e6ri\",\"url\":\"https:\\\/\\\/velarogverkfaeri.is\\\/en\\\/\",\"logo\":{\"@type\":\"ImageObject\",\"inLanguage\":\"en-US\",\"@id\":\"https:\\\/\\\/velarogverkfaeri.is\\\/en\\\/#\\\/schema\\\/logo\\\/image\\\/\",\"url\":\"https:\\\/\\\/velarogverkfaeri.is\\\/wp-content\\\/uploads\\\/2021\\\/10\\\/vv_logo_350x100.png\",\"contentUrl\":\"https:\\\/\\\/velarogverkfaeri.is\\\/wp-content\\\/uploads\\\/2021\\\/10\\\/vv_logo_350x100.png\",\"width\":350,\"height\":100,\"caption\":\"V\u00e9lar & Verkf\u00e6ri\"},\"image\":{\"@id\":\"https:\\\/\\\/velarogverkfaeri.is\\\/en\\\/#\\\/schema\\\/logo\\\/image\\\/\"},\"sameAs\":[\"https:\\\/\\\/www.facebook.com\\\/VelarOgVerkfaeri\"]}]}<\/script>\n<!-- \/ Yoast SEO plugin. -->","yoast_head_json":{"title":"DCW Mantis Bor\u00f0lampi - V\u00e9lar &amp; Verkf\u00e6ri","robots":{"index":"index","follow":"follow","max-snippet":"max-snippet:-1","max-image-preview":"max-image-preview:large","max-video-preview":"max-video-preview:-1"},"canonical":"https:\/\/velarogverkfaeri.is\/en\/honnunarlausnir\/lampar\/bordlampar\/product\/dcw-mantis-bordlampi-svartur-bs3-bl-honnun-bernard-schottlander-1951\/","og_locale":"en_US","og_type":"article","og_title":"DCW Mantis Bor\u00f0lampi - V\u00e9lar &amp; Verkf\u00e6ri","og_description":"Tegund: BS3 BL","og_url":"https:\/\/velarogverkfaeri.is\/en\/honnunarlausnir\/lampar\/bordlampar\/product\/dcw-mantis-bordlampi-svartur-bs3-bl-honnun-bernard-schottlander-1951\/","og_site_name":"V\u00e9lar &amp; Verkf\u00e6ri","article_publisher":"https:\/\/www.facebook.com\/VelarOgVerkfaeri","article_modified_time":"2025-12-05T16:46:08+00:00","og_image":[{"width":600,"height":600,"url":"https:\/\/velarogverkfaeri.is\/wp-content\/uploads\/2023\/06\/54454a8c-6559-4a2e-a0d5-4cb3c6863b51.jpeg","type":"image\/jpeg"}],"twitter_card":"summary_large_image","schema":{"@context":"https:\/\/schema.org","@graph":[{"@type":"WebPage","@id":"https:\/\/velarogverkfaeri.is\/honnunarlausnir\/lampar\/bordlampar\/product\/dcw-mantis-bordlampi-svartur-bs3-bl-honnun-bernard-schottlander-1951\/","url":"https:\/\/velarogverkfaeri.is\/honnunarlausnir\/lampar\/bordlampar\/product\/dcw-mantis-bordlampi-svartur-bs3-bl-honnun-bernard-schottlander-1951\/","name":"DCW Mantis Bor\u00f0lampi - V\u00e9lar &amp; Verkf\u00e6ri","isPartOf":{"@id":"https:\/\/velarogverkfaeri.is\/en\/#website"},"primaryImageOfPage":{"@id":"https:\/\/velarogverkfaeri.is\/honnunarlausnir\/lampar\/bordlampar\/product\/dcw-mantis-bordlampi-svartur-bs3-bl-honnun-bernard-schottlander-1951\/#primaryimage"},"image":{"@id":"https:\/\/velarogverkfaeri.is\/honnunarlausnir\/lampar\/bordlampar\/product\/dcw-mantis-bordlampi-svartur-bs3-bl-honnun-bernard-schottlander-1951\/#primaryimage"},"thumbnailUrl":"https:\/\/velarogverkfaeri.is\/wp-content\/uploads\/2023\/06\/54454a8c-6559-4a2e-a0d5-4cb3c6863b51.jpeg","datePublished":"2023-06-08T19:13:05+00:00","dateModified":"2025-12-05T16:46:08+00:00","breadcrumb":{"@id":"https:\/\/velarogverkfaeri.is\/honnunarlausnir\/lampar\/bordlampar\/product\/dcw-mantis-bordlampi-svartur-bs3-bl-honnun-bernard-schottlander-1951\/#breadcrumb"},"inLanguage":"en-US","potentialAction":[{"@type":"ReadAction","target":["https:\/\/velarogverkfaeri.is\/honnunarlausnir\/lampar\/bordlampar\/product\/dcw-mantis-bordlampi-svartur-bs3-bl-honnun-bernard-schottlander-1951\/"]}]},{"@type":"ImageObject","inLanguage":"en-US","@id":"https:\/\/velarogverkfaeri.is\/honnunarlausnir\/lampar\/bordlampar\/product\/dcw-mantis-bordlampi-svartur-bs3-bl-honnun-bernard-schottlander-1951\/#primaryimage","url":"https:\/\/velarogverkfaeri.is\/wp-content\/uploads\/2023\/06\/54454a8c-6559-4a2e-a0d5-4cb3c6863b51.jpeg","contentUrl":"https:\/\/velarogverkfaeri.is\/wp-content\/uploads\/2023\/06\/54454a8c-6559-4a2e-a0d5-4cb3c6863b51.jpeg","width":600,"height":600},{"@type":"BreadcrumbList","@id":"https:\/\/velarogverkfaeri.is\/honnunarlausnir\/lampar\/bordlampar\/product\/dcw-mantis-bordlampi-svartur-bs3-bl-honnun-bernard-schottlander-1951\/#breadcrumb","itemListElement":[{"@type":"ListItem","position":1,"name":"Home","item":"https:\/\/velarogverkfaeri.is\/"},{"@type":"ListItem","position":2,"name":"Vefverslun","item":"https:\/\/velarogverkfaeri.is\/vefverslun\/"},{"@type":"ListItem","position":3,"name":"DCW Mantis Bor\u00f0lampi"}]},{"@type":"WebSite","@id":"https:\/\/velarogverkfaeri.is\/en\/#website","url":"https:\/\/velarogverkfaeri.is\/en\/","name":"V\u00e9lar & Verkf\u00e6ri","description":"Umbo\u00f0s- og heildverslun fr\u00e1 \u00e1rinu 1919","publisher":{"@id":"https:\/\/velarogverkfaeri.is\/en\/#organization"},"potentialAction":[{"@type":"SearchAction","target":{"@type":"EntryPoint","urlTemplate":"https:\/\/velarogverkfaeri.is\/en\/?s={search_term_string}"},"query-input":{"@type":"PropertyValueSpecification","valueRequired":true,"valueName":"search_term_string"}}],"inLanguage":"en-US"},{"@type":"Organization","@id":"https:\/\/velarogverkfaeri.is\/en\/#organization","name":"V\u00e9lar & Verkf\u00e6ri","url":"https:\/\/velarogverkfaeri.is\/en\/","logo":{"@type":"ImageObject","inLanguage":"en-US","@id":"https:\/\/velarogverkfaeri.is\/en\/#\/schema\/logo\/image\/","url":"https:\/\/velarogverkfaeri.is\/wp-content\/uploads\/2021\/10\/vv_logo_350x100.png","contentUrl":"https:\/\/velarogverkfaeri.is\/wp-content\/uploads\/2021\/10\/vv_logo_350x100.png","width":350,"height":100,"caption":"V\u00e9lar & Verkf\u00e6ri"},"image":{"@id":"https:\/\/velarogverkfaeri.is\/en\/#\/schema\/logo\/image\/"},"sameAs":["https:\/\/www.facebook.com\/VelarOgVerkfaeri"]}]}},"_links":{"self":[{"href":"https:\/\/velarogverkfaeri.is\/en\/wp-json\/wp\/v2\/product\/23981","targetHints":{"allow":["GET"]}}],"collection":[{"href":"https:\/\/velarogverkfaeri.is\/en\/wp-json\/wp\/v2\/product"}],"about":[{"href":"https:\/\/velarogverkfaeri.is\/en\/wp-json\/wp\/v2\/types\/product"}],"replies":[{"embeddable":true,"href":"https:\/\/velarogverkfaeri.is\/en\/wp-json\/wp\/v2\/comments?post=23981"}],"wp:featuredmedia":[{"embeddable":true,"href":"https:\/\/velarogverkfaeri.is\/en\/wp-json\/wp\/v2\/media\/38769"}],"wp:attachment":[{"href":"https:\/\/velarogverkfaeri.is\/en\/wp-json\/wp\/v2\/media?parent=23981"}],"wp:term":[{"taxonomy":"product_brand","embeddable":true,"href":"https:\/\/velarogverkfaeri.is\/en\/wp-json\/wp\/v2\/product_brand?post=23981"},{"taxonomy":"product_cat","embeddable":true,"href":"https:\/\/velarogverkfaeri.is\/en\/wp-json\/wp\/v2\/product_cat?post=23981"},{"taxonomy":"product_tag","embeddable":true,"href":"https:\/\/velarogverkfaeri.is\/en\/wp-json\/wp\/v2\/product_tag?post=23981"}],"curies":[{"name":"wp","href":"https:\/\/api.w.org\/{rel}","templated":true}]}}