{"id":23899,"date":"2023-06-07T14:19:01","date_gmt":"2023-06-07T14:19:01","guid":{"rendered":"https:\/\/vv-dev.webdev.is\/?post_type=product&#038;p=23899"},"modified":"2026-04-08T17:01:09","modified_gmt":"2026-04-08T17:01:09","slug":"chamberlain-bilskurshurdaropnari-ml-1040ev","status":"publish","type":"product","link":"https:\/\/velarogverkfaeri.is\/en\/lykillausnir\/rafdrifnir-opnarar-lykillausnir\/bilskurshurdaopnarar\/product\/chamberlain-bilskurshurdaropnari-ml-1040ev\/","title":{"rendered":"CHAMBERLAIN B\u00edlsk\u00farshur\u00f0aropnari ML 1040EV"},"content":{"rendered":"<p><span data-start=\"0\" data-end=\"24\" data-is-only-node=\"\" style=\"\">H\u00e1marks\u00feyngd hur\u00f0ar:<\/span> 140 kg<\/p>\n<p><span data-start=\"34\" data-end=\"62\">H\u00e1marksflatarm\u00e1l hur\u00f0ar:<\/span> 13,5 m\u00b2<\/p>\n<p><span data-start=\"73\" data-end=\"90\">H\u00e1markshra\u00f0i:<\/span> 200 mm\/sek<\/p>\n<p>\n<span data-start=\"104\" data-end=\"130\" style=\"\">MYQ \u201esnjall\u201c samh\u00e6fni:<\/span> J\u00e1<\/p>\n<ul style=\"list-style-type: circle;\">\n<li><font color=\"#656565\"><b>Innihald pakkningar:<\/b><\/font><\/li>\n<li><font color=\"#656565\"><span data-start=\"0\" data-end=\"7\" data-is-only-node=\"\" style=\"\">1 x<\/span> \u00d6flugur b\u00edlsk\u00farshur\u00f0aropnari (1000 N)<br data-start=\"33\" data-end=\"36\"><br \/>\n<span data-start=\"36\" data-end=\"43\" style=\"\">2 x<\/span> TX4REV-F fjarst\u00fdringar me\u00f0 4 r\u00e1sum (868 MHz)<br data-start=\"88\" data-end=\"91\"><br \/>\n<span data-start=\"91\" data-end=\"102\" style=\"\">1 x par<\/span> Innrau\u00f0ir \u00f6ryggisskynjarar 771REV-01<br data-start=\"149\" data-end=\"152\"><br \/>\n<span data-start=\"152\" data-end=\"159\" style=\"\">1 x<\/span> \u00deriggja hluta st\u00e1lbraut<\/font><\/li>\n<\/ul>","protected":false},"excerpt":{"rendered":"<p><strong data-start=\"0\" data-end=\"12\" data-is-only-node=\"\">ML1040EV<\/strong> er \u00farvals b\u00edlsk\u00farshur\u00f0aopnari fr\u00e1 <strong data-start=\"47\" data-end=\"62\">Chamberlain<\/strong>, au\u00f0veldur \u00ed uppsetningu, hlj\u00f3\u00f0l\u00e1tur og hentar flestum hur\u00f0um.<\/p>","protected":false},"featured_media":34826,"comment_status":"closed","ping_status":"closed","template":"","meta":[],"product_brand":[],"product_cat":[685,517,599],"product_tag":[956],"class_list":{"0":"post-23899","1":"product","2":"type-product","3":"status-publish","4":"has-post-thumbnail","6":"product_cat-bilskurshurdaopnarar","7":"product_cat-lykillausnir","8":"product_cat-rafdrifnir-opnarar-lykillausnir","9":"product_tag-chamberlain","11":"first","12":"instock","13":"taxable","14":"shipping-taxable","15":"purchasable","16":"product-type-simple"},"yoast_head":"<!-- This site is optimized with the Yoast SEO plugin v27.3 - https:\/\/yoast.com\/product\/yoast-seo-wordpress\/ -->\n<title>CHAMBERLAIN B\u00edlsk\u00farshur\u00f0aropnari ML 1040EV - V\u00e9lar &amp; Verkf\u00e6ri<\/title>\n<meta name=\"robots\" content=\"index, follow, max-snippet:-1, max-image-preview:large, max-video-preview:-1\" \/>\n<link rel=\"canonical\" href=\"https:\/\/velarogverkfaeri.is\/en\/lykillausnir\/rafdrifnir-opnarar-lykillausnir\/bilskurshurdaopnarar\/product\/chamberlain-bilskurshurdaropnari-ml-1040ev\/\" \/>\n<meta property=\"og:locale\" content=\"en_US\" \/>\n<meta property=\"og:type\" content=\"article\" \/>\n<meta property=\"og:title\" content=\"CHAMBERLAIN B\u00edlsk\u00farshur\u00f0aropnari ML 1040EV - V\u00e9lar &amp; Verkf\u00e6ri\" \/>\n<meta property=\"og:description\" content=\"ML1040EV er \u00farvals b\u00edlsk\u00farshur\u00f0aopnari fr\u00e1 Chamberlain, au\u00f0veldur \u00ed uppsetningu, hlj\u00f3\u00f0l\u00e1tur og hentar flestum hur\u00f0um.\" \/>\n<meta property=\"og:url\" content=\"https:\/\/velarogverkfaeri.is\/en\/lykillausnir\/rafdrifnir-opnarar-lykillausnir\/bilskurshurdaopnarar\/product\/chamberlain-bilskurshurdaropnari-ml-1040ev\/\" \/>\n<meta property=\"og:site_name\" content=\"V\u00e9lar &amp; Verkf\u00e6ri\" \/>\n<meta property=\"article:publisher\" content=\"https:\/\/www.facebook.com\/VelarOgVerkfaeri\" \/>\n<meta property=\"article:modified_time\" content=\"2026-04-08T17:01:09+00:00\" \/>\n<meta property=\"og:image\" content=\"https:\/\/velarogverkfaeri.is\/wp-content\/uploads\/2023\/06\/6fd6a60c-f23f-439c-9375-632b6300a8d6.jpeg\" \/>\n\t<meta property=\"og:image:width\" content=\"700\" \/>\n\t<meta property=\"og:image:height\" content=\"700\" \/>\n\t<meta property=\"og:image:type\" content=\"image\/jpeg\" \/>\n<meta name=\"twitter:card\" content=\"summary_large_image\" \/>\n<script type=\"application\/ld+json\" class=\"yoast-schema-graph\">{\"@context\":\"https:\\\/\\\/schema.org\",\"@graph\":[{\"@type\":\"WebPage\",\"@id\":\"https:\\\/\\\/velarogverkfaeri.is\\\/lykillausnir\\\/rafdrifnir-opnarar-lykillausnir\\\/bilskurshurdaopnarar\\\/product\\\/chamberlain-bilskurshurdaropnari-ml-1040ev\\\/\",\"url\":\"https:\\\/\\\/velarogverkfaeri.is\\\/lykillausnir\\\/rafdrifnir-opnarar-lykillausnir\\\/bilskurshurdaopnarar\\\/product\\\/chamberlain-bilskurshurdaropnari-ml-1040ev\\\/\",\"name\":\"CHAMBERLAIN B\u00edlsk\u00farshur\u00f0aropnari ML 1040EV - V\u00e9lar &amp; Verkf\u00e6ri\",\"isPartOf\":{\"@id\":\"https:\\\/\\\/velarogverkfaeri.is\\\/en\\\/#website\"},\"primaryImageOfPage\":{\"@id\":\"https:\\\/\\\/velarogverkfaeri.is\\\/lykillausnir\\\/rafdrifnir-opnarar-lykillausnir\\\/bilskurshurdaopnarar\\\/product\\\/chamberlain-bilskurshurdaropnari-ml-1040ev\\\/#primaryimage\"},\"image\":{\"@id\":\"https:\\\/\\\/velarogverkfaeri.is\\\/lykillausnir\\\/rafdrifnir-opnarar-lykillausnir\\\/bilskurshurdaopnarar\\\/product\\\/chamberlain-bilskurshurdaropnari-ml-1040ev\\\/#primaryimage\"},\"thumbnailUrl\":\"https:\\\/\\\/velarogverkfaeri.is\\\/wp-content\\\/uploads\\\/2023\\\/06\\\/6fd6a60c-f23f-439c-9375-632b6300a8d6.jpeg\",\"datePublished\":\"2023-06-07T14:19:01+00:00\",\"dateModified\":\"2026-04-08T17:01:09+00:00\",\"breadcrumb\":{\"@id\":\"https:\\\/\\\/velarogverkfaeri.is\\\/lykillausnir\\\/rafdrifnir-opnarar-lykillausnir\\\/bilskurshurdaopnarar\\\/product\\\/chamberlain-bilskurshurdaropnari-ml-1040ev\\\/#breadcrumb\"},\"inLanguage\":\"en-US\",\"potentialAction\":[{\"@type\":\"ReadAction\",\"target\":[\"https:\\\/\\\/velarogverkfaeri.is\\\/lykillausnir\\\/rafdrifnir-opnarar-lykillausnir\\\/bilskurshurdaopnarar\\\/product\\\/chamberlain-bilskurshurdaropnari-ml-1040ev\\\/\"]}]},{\"@type\":\"ImageObject\",\"inLanguage\":\"en-US\",\"@id\":\"https:\\\/\\\/velarogverkfaeri.is\\\/lykillausnir\\\/rafdrifnir-opnarar-lykillausnir\\\/bilskurshurdaopnarar\\\/product\\\/chamberlain-bilskurshurdaropnari-ml-1040ev\\\/#primaryimage\",\"url\":\"https:\\\/\\\/velarogverkfaeri.is\\\/wp-content\\\/uploads\\\/2023\\\/06\\\/6fd6a60c-f23f-439c-9375-632b6300a8d6.jpeg\",\"contentUrl\":\"https:\\\/\\\/velarogverkfaeri.is\\\/wp-content\\\/uploads\\\/2023\\\/06\\\/6fd6a60c-f23f-439c-9375-632b6300a8d6.jpeg\",\"width\":700,\"height\":700},{\"@type\":\"BreadcrumbList\",\"@id\":\"https:\\\/\\\/velarogverkfaeri.is\\\/lykillausnir\\\/rafdrifnir-opnarar-lykillausnir\\\/bilskurshurdaopnarar\\\/product\\\/chamberlain-bilskurshurdaropnari-ml-1040ev\\\/#breadcrumb\",\"itemListElement\":[{\"@type\":\"ListItem\",\"position\":1,\"name\":\"Home\",\"item\":\"https:\\\/\\\/velarogverkfaeri.is\\\/\"},{\"@type\":\"ListItem\",\"position\":2,\"name\":\"Vefverslun\",\"item\":\"https:\\\/\\\/velarogverkfaeri.is\\\/vefverslun\\\/\"},{\"@type\":\"ListItem\",\"position\":3,\"name\":\"CHAMBERLAIN B\u00edlsk\u00farshur\u00f0aropnari ML 1040EV\"}]},{\"@type\":\"WebSite\",\"@id\":\"https:\\\/\\\/velarogverkfaeri.is\\\/en\\\/#website\",\"url\":\"https:\\\/\\\/velarogverkfaeri.is\\\/en\\\/\",\"name\":\"V\u00e9lar & Verkf\u00e6ri\",\"description\":\"Umbo\u00f0s- og heildverslun fr\u00e1 \u00e1rinu 1919\",\"publisher\":{\"@id\":\"https:\\\/\\\/velarogverkfaeri.is\\\/en\\\/#organization\"},\"potentialAction\":[{\"@type\":\"SearchAction\",\"target\":{\"@type\":\"EntryPoint\",\"urlTemplate\":\"https:\\\/\\\/velarogverkfaeri.is\\\/en\\\/?s={search_term_string}\"},\"query-input\":{\"@type\":\"PropertyValueSpecification\",\"valueRequired\":true,\"valueName\":\"search_term_string\"}}],\"inLanguage\":\"en-US\"},{\"@type\":\"Organization\",\"@id\":\"https:\\\/\\\/velarogverkfaeri.is\\\/en\\\/#organization\",\"name\":\"V\u00e9lar & Verkf\u00e6ri\",\"url\":\"https:\\\/\\\/velarogverkfaeri.is\\\/en\\\/\",\"logo\":{\"@type\":\"ImageObject\",\"inLanguage\":\"en-US\",\"@id\":\"https:\\\/\\\/velarogverkfaeri.is\\\/en\\\/#\\\/schema\\\/logo\\\/image\\\/\",\"url\":\"https:\\\/\\\/velarogverkfaeri.is\\\/wp-content\\\/uploads\\\/2021\\\/10\\\/vv_logo_350x100.png\",\"contentUrl\":\"https:\\\/\\\/velarogverkfaeri.is\\\/wp-content\\\/uploads\\\/2021\\\/10\\\/vv_logo_350x100.png\",\"width\":350,\"height\":100,\"caption\":\"V\u00e9lar & Verkf\u00e6ri\"},\"image\":{\"@id\":\"https:\\\/\\\/velarogverkfaeri.is\\\/en\\\/#\\\/schema\\\/logo\\\/image\\\/\"},\"sameAs\":[\"https:\\\/\\\/www.facebook.com\\\/VelarOgVerkfaeri\"]}]}<\/script>\n<!-- \/ Yoast SEO plugin. -->","yoast_head_json":{"title":"CHAMBERLAIN B\u00edlsk\u00farshur\u00f0aropnari ML 1040EV - V\u00e9lar &amp; Verkf\u00e6ri","robots":{"index":"index","follow":"follow","max-snippet":"max-snippet:-1","max-image-preview":"max-image-preview:large","max-video-preview":"max-video-preview:-1"},"canonical":"https:\/\/velarogverkfaeri.is\/en\/lykillausnir\/rafdrifnir-opnarar-lykillausnir\/bilskurshurdaopnarar\/product\/chamberlain-bilskurshurdaropnari-ml-1040ev\/","og_locale":"en_US","og_type":"article","og_title":"CHAMBERLAIN B\u00edlsk\u00farshur\u00f0aropnari ML 1040EV - V\u00e9lar &amp; Verkf\u00e6ri","og_description":"ML1040EV er \u00farvals b\u00edlsk\u00farshur\u00f0aopnari fr\u00e1 Chamberlain, au\u00f0veldur \u00ed uppsetningu, hlj\u00f3\u00f0l\u00e1tur og hentar flestum hur\u00f0um.","og_url":"https:\/\/velarogverkfaeri.is\/en\/lykillausnir\/rafdrifnir-opnarar-lykillausnir\/bilskurshurdaopnarar\/product\/chamberlain-bilskurshurdaropnari-ml-1040ev\/","og_site_name":"V\u00e9lar &amp; Verkf\u00e6ri","article_publisher":"https:\/\/www.facebook.com\/VelarOgVerkfaeri","article_modified_time":"2026-04-08T17:01:09+00:00","og_image":[{"width":700,"height":700,"url":"https:\/\/velarogverkfaeri.is\/wp-content\/uploads\/2023\/06\/6fd6a60c-f23f-439c-9375-632b6300a8d6.jpeg","type":"image\/jpeg"}],"twitter_card":"summary_large_image","schema":{"@context":"https:\/\/schema.org","@graph":[{"@type":"WebPage","@id":"https:\/\/velarogverkfaeri.is\/lykillausnir\/rafdrifnir-opnarar-lykillausnir\/bilskurshurdaopnarar\/product\/chamberlain-bilskurshurdaropnari-ml-1040ev\/","url":"https:\/\/velarogverkfaeri.is\/lykillausnir\/rafdrifnir-opnarar-lykillausnir\/bilskurshurdaopnarar\/product\/chamberlain-bilskurshurdaropnari-ml-1040ev\/","name":"CHAMBERLAIN B\u00edlsk\u00farshur\u00f0aropnari ML 1040EV - V\u00e9lar &amp; Verkf\u00e6ri","isPartOf":{"@id":"https:\/\/velarogverkfaeri.is\/en\/#website"},"primaryImageOfPage":{"@id":"https:\/\/velarogverkfaeri.is\/lykillausnir\/rafdrifnir-opnarar-lykillausnir\/bilskurshurdaopnarar\/product\/chamberlain-bilskurshurdaropnari-ml-1040ev\/#primaryimage"},"image":{"@id":"https:\/\/velarogverkfaeri.is\/lykillausnir\/rafdrifnir-opnarar-lykillausnir\/bilskurshurdaopnarar\/product\/chamberlain-bilskurshurdaropnari-ml-1040ev\/#primaryimage"},"thumbnailUrl":"https:\/\/velarogverkfaeri.is\/wp-content\/uploads\/2023\/06\/6fd6a60c-f23f-439c-9375-632b6300a8d6.jpeg","datePublished":"2023-06-07T14:19:01+00:00","dateModified":"2026-04-08T17:01:09+00:00","breadcrumb":{"@id":"https:\/\/velarogverkfaeri.is\/lykillausnir\/rafdrifnir-opnarar-lykillausnir\/bilskurshurdaopnarar\/product\/chamberlain-bilskurshurdaropnari-ml-1040ev\/#breadcrumb"},"inLanguage":"en-US","potentialAction":[{"@type":"ReadAction","target":["https:\/\/velarogverkfaeri.is\/lykillausnir\/rafdrifnir-opnarar-lykillausnir\/bilskurshurdaopnarar\/product\/chamberlain-bilskurshurdaropnari-ml-1040ev\/"]}]},{"@type":"ImageObject","inLanguage":"en-US","@id":"https:\/\/velarogverkfaeri.is\/lykillausnir\/rafdrifnir-opnarar-lykillausnir\/bilskurshurdaopnarar\/product\/chamberlain-bilskurshurdaropnari-ml-1040ev\/#primaryimage","url":"https:\/\/velarogverkfaeri.is\/wp-content\/uploads\/2023\/06\/6fd6a60c-f23f-439c-9375-632b6300a8d6.jpeg","contentUrl":"https:\/\/velarogverkfaeri.is\/wp-content\/uploads\/2023\/06\/6fd6a60c-f23f-439c-9375-632b6300a8d6.jpeg","width":700,"height":700},{"@type":"BreadcrumbList","@id":"https:\/\/velarogverkfaeri.is\/lykillausnir\/rafdrifnir-opnarar-lykillausnir\/bilskurshurdaopnarar\/product\/chamberlain-bilskurshurdaropnari-ml-1040ev\/#breadcrumb","itemListElement":[{"@type":"ListItem","position":1,"name":"Home","item":"https:\/\/velarogverkfaeri.is\/"},{"@type":"ListItem","position":2,"name":"Vefverslun","item":"https:\/\/velarogverkfaeri.is\/vefverslun\/"},{"@type":"ListItem","position":3,"name":"CHAMBERLAIN B\u00edlsk\u00farshur\u00f0aropnari ML 1040EV"}]},{"@type":"WebSite","@id":"https:\/\/velarogverkfaeri.is\/en\/#website","url":"https:\/\/velarogverkfaeri.is\/en\/","name":"V\u00e9lar & Verkf\u00e6ri","description":"Umbo\u00f0s- og heildverslun fr\u00e1 \u00e1rinu 1919","publisher":{"@id":"https:\/\/velarogverkfaeri.is\/en\/#organization"},"potentialAction":[{"@type":"SearchAction","target":{"@type":"EntryPoint","urlTemplate":"https:\/\/velarogverkfaeri.is\/en\/?s={search_term_string}"},"query-input":{"@type":"PropertyValueSpecification","valueRequired":true,"valueName":"search_term_string"}}],"inLanguage":"en-US"},{"@type":"Organization","@id":"https:\/\/velarogverkfaeri.is\/en\/#organization","name":"V\u00e9lar & Verkf\u00e6ri","url":"https:\/\/velarogverkfaeri.is\/en\/","logo":{"@type":"ImageObject","inLanguage":"en-US","@id":"https:\/\/velarogverkfaeri.is\/en\/#\/schema\/logo\/image\/","url":"https:\/\/velarogverkfaeri.is\/wp-content\/uploads\/2021\/10\/vv_logo_350x100.png","contentUrl":"https:\/\/velarogverkfaeri.is\/wp-content\/uploads\/2021\/10\/vv_logo_350x100.png","width":350,"height":100,"caption":"V\u00e9lar & Verkf\u00e6ri"},"image":{"@id":"https:\/\/velarogverkfaeri.is\/en\/#\/schema\/logo\/image\/"},"sameAs":["https:\/\/www.facebook.com\/VelarOgVerkfaeri"]}]}},"_links":{"self":[{"href":"https:\/\/velarogverkfaeri.is\/en\/wp-json\/wp\/v2\/product\/23899","targetHints":{"allow":["GET"]}}],"collection":[{"href":"https:\/\/velarogverkfaeri.is\/en\/wp-json\/wp\/v2\/product"}],"about":[{"href":"https:\/\/velarogverkfaeri.is\/en\/wp-json\/wp\/v2\/types\/product"}],"replies":[{"embeddable":true,"href":"https:\/\/velarogverkfaeri.is\/en\/wp-json\/wp\/v2\/comments?post=23899"}],"wp:featuredmedia":[{"embeddable":true,"href":"https:\/\/velarogverkfaeri.is\/en\/wp-json\/wp\/v2\/media\/34826"}],"wp:attachment":[{"href":"https:\/\/velarogverkfaeri.is\/en\/wp-json\/wp\/v2\/media?parent=23899"}],"wp:term":[{"taxonomy":"product_brand","embeddable":true,"href":"https:\/\/velarogverkfaeri.is\/en\/wp-json\/wp\/v2\/product_brand?post=23899"},{"taxonomy":"product_cat","embeddable":true,"href":"https:\/\/velarogverkfaeri.is\/en\/wp-json\/wp\/v2\/product_cat?post=23899"},{"taxonomy":"product_tag","embeddable":true,"href":"https:\/\/velarogverkfaeri.is\/en\/wp-json\/wp\/v2\/product_tag?post=23899"}],"curies":[{"name":"wp","href":"https:\/\/api.w.org\/{rel}","templated":true}]}}