{"id":23890,"date":"2023-06-08T19:13:38","date_gmt":"2023-06-08T19:13:38","guid":{"rendered":"https:\/\/vv-dev.webdev.is\/?post_type=product&#038;p=23890"},"modified":"2025-04-25T17:04:26","modified_gmt":"2025-04-25T17:04:26","slug":"lampe-gras-bordlampi-svartur-317-bl-bl","status":"publish","type":"product","link":"https:\/\/velarogverkfaeri.is\/en\/honnunarlausnir\/lampar\/bordlampar\/product\/lampe-gras-bordlampi-svartur-317-bl-bl\/","title":{"rendered":"DCW Lampe Gras N\u00b0217 Bor\u00f0lampi"},"content":{"rendered":"<p>Fullkominn \u00e1 skrifbor\u00f0, skenk e\u00f0a l\u00e1gt bor\u00f0.<\/p>\n<p>St\u00e6r\u00f0: Handleggur: 36 cm | St\u00f6ng: 65 cm | F\u00f3tur umm\u00e1l: 23 cm<\/p>\n<p>Efni: St\u00e1l<\/p>\n<p>Rafmagn:&nbsp;CLII &#8211; E14-ESL11W<\/p>\n<p><img decoding=\"async\" src=\"data:image\/png;base64,iVBORw0KGgoAAAANSUhEUgAAAJgAAAAbCAYAAACA5kZXAAAAAXNSR0IArs4c6QAAAARnQU1BAACxjwv8YQUAAAAJcEhZcwAADsMAAA7DAcdvqGQAAArPSURBVHhe7ZoJUFRHGsc\/OaPiBYJH5BYPiIkE0YhE11LKiygElJJFV41JVnBxFQLUGpeUuhGCWPFAFC3XtSpoYaFEUVfjtV4sinKogHIroAhy35fb30e\/YRhm4I1xXK2aX1XX6+73HsO89+\/v6ulTWVn5CtSoUREa\/KhGjUpQC0yNSlELTI1KUQtMjUp5r4P8jIxM3ns9xo8fx3tvn8zMR7z3+jQ3t4C+\/hAYNepDPvPmqK+vBx0dHUhKugcamhqgqaEJrW2toKujC62trVBdXQ2amppgbGIMFuZm\/K7udBOYp6cnHQcPHgx79+6lfmZmJvj7+1NfGrzG0tIS1qxZA8OHD+ezHbx69QqOHTsG169fh5KSEhg3bhwsW7aMjrLcunULYmNj4cmTJ+xhjQJXV1eYPn06PyufrKxs2LjxB3B0dOAz4mlsbITCoiLYtTOczyimra0NLl++CunpmfD4cRb7zEAYOXIEPyuf+voGuPqfa\/DwYTpkZ+XA\/v17+JlOftz2Ezx\/VsKenwWfUZ709AyYOPET9vy\/5jPK8+zZcygqfgZaWhpQU10L2tra0MIElHwvmQm4Fewn24HVaEsYNsyIBCVNeXk55Obms+ua4eOPPwI9PT1+ppNuAhsyZAgdly5dKhFYYmIizJ07l\/ryGDRoEMTExMDkyZNp3N7eDgsXLoSbN2\/SWKBPnz6wZ88eiYiRkJAQCA0N5aNONmzYAJs2beKj7qDATp06A35+6\/iMeNh3Zp+5A7Zt28xn5IMC+fMaX8jJyeUzAJcvnWOLZCwfdefixcuwfkMgvHz5ks8AFBd13i9QWFgE28N\/hq1bgru9mBdxa2Ciz3k+EpgDEUmR4Mq1XVRUDKE\/hcM\/tv4AAwYM6JhUgrq6eigrK6O\/U19fB3379qWFMXDgQDA0HAoZzKjU1tSBh4c7v0MxefkFbCFlw5Qp9nS\/NKJiMBSGAFqsadOmUUNhIVVVVbBy5UpoaGigcVRUlERcHh4eEBQUBKampmTV0BLi9UhaWppEXGgBV69ezazDSBrv2LEDUlNTqS+GCxcuiWpiSfhvInyx0E0irrFjxzDR+0oWoDxiYmLhTyu+lohrxozPYdXK5bTgZEG35jjNAeLjz\/GZToxcIiElYg7Mj0gkcWJLifiIn+0g\/sw5+MJ5\/muJq6CgAG7fvgMvXrwAB4fPYPbsWex9OoCT0ywSiYWFOejq6sq1SPIwNzOl55OcnErvWBqlg3xvb2\/2UOKpZWVlwapVq2i+uLgY7t69S\/1r167REd3hvn37IDAwkESHoAhv375NfXSfCH6ZhIQECAsLgxs3btAYEf5Ob6ALu3LlKluVtT22AwcPQW1tLb9LMTm5ebB82VfMlTaBgYEBuVK0XP5+fyVXIY9Ll64wyxVAD9jYeBTExcXA0eh\/wVZmYTQ05D9mZyaQu8wV5ebl8xn5JMX9CuDiI7FeKSlpTBylJAhlKC0tpbj1IXP3\/fv3A3v7SfzM78eExWIYMqFnkUaUwGRVKYD+2s3NjY+YqczLo2N0dDRUVFSQaASkV5pgwZ4+fUpHIyMj+ucQtBDGxsbUz87u+s\/2hJ3dpyx2W9RjM2MrTQxbtvwIdSzIRXFdOH8a3N1du1hxWTDoDQz6np7T8OHDIO4kCxdEvLwPPtAF5wXz4IwcK4ac9ZkCIz+0gIUyp9F64X2KqKiogufPS5kIXzJRvWQWtYIJ6xFcuXqNLJelhQULZ+z51W8OCwszFkd3vFMBpV2kLGjJBKysrHivO7t27aIjutWZM2dSHwNoRJGAhfNvExT\/xYtXqL9unQ+MGNE1eZFHQgJzZSxQRjZ9HyTqHgF0ow2NzKrfSeIznQgu8pSUln777RIYDjUAW9tP+EwnGGynpt6Hn3fvhbDwcAgJDYNtodtZrBkGsSfi4HPHaRSCiF1oyoJGREtLi486UNpFYuDv7OxMDYUSGRlJ8zY2Nszkyl8Vhw4doowSCQ4OJsvwroJpuRAzubu50LE3BHHgw0VLjIITWk1NDZ3rCbRG8afP8lF3JrksAnTM6N7PnP03LFBgvSoqKuH6zVugP2QQmBqbUGxkaW5KlgVFJfvyVUE\/5nqlUdpF5uTkUACPLSUlhebQpe3evbtbGoucP39eUuKYNWsWrFixgvrvKviSkH79+krcdm+UMTeEoKv8o9dKcHNfKmkZIupd1tbjwczcDM6ek80cu4IJAVohRXWvsjL2f7B31d4uvC\/0PB2tuamZucpyigexftYb5exavF5ZsF4mjdIuUjqL9PLygsOHD1Nwb2try6\/oBLNAFBQK1NraGo4cOdKju30XEDInTNnR5YhBdtVKo8j9yyLEYpiBCmUKjMFWx5XSeUwEMCFQZL2Qocx1onja29tI7K2tLfzYSucNDPTJOuvoaNO4J\/TZtXi9smAxVhqlLZh0FolWa9GiRRTsy4IBPCYAWNREC3fy5ElmFbq+CHkWT5rezqsCdCcCiYl3eK9nRvNiKbqg+2l3JKUFbFNEBtNGRoYwZ64TBfBYphDuP+hiSOdRfFiWwMRAEZjhLlnsCu2tbVBZVQlV1dhqoLq6CnJzc9k7KRJlvX4PNezzpFE6BhMDFjJdXFxoNaKbiYuLo0xRFqyNIViPwawTwXsLCwupb25uTse3yZgxVlRmQCL3HaBjb2CgjqClOH78BPVfBxRQ1uNsePToMZ\/pAGM8TASmT3fkM4rBnRBfX28ICvSHgO\/8wN\/Pl4rR33yzCkpKnrPnXE5lDlWA7xu3l6RRicB8fX1pxSBY3T9+\/DgVVIUmxG6Ojh0PDF3RkiVLSIiLFy8mq4fMmDGDjm8b37940\/EqS+u3bA3pNZvFraMvv+xICEJCw+VmhGLA8GGBMwv4mRWTBhOAnsoSsmAdEb2F0LBKb2JiAvPmzQEnp9nQ1NQIN27c4le\/ObB+aGLaUWISUInAioqKeA8r7BdoO0i6JScn07kJEyZQlR9JSkqi3QA8IgEBAXLjOkUcPRYDvuv8emxioz9PTw\/JC42MjGJCd2LJykUaK2Lrlr\/Tpi8uFnd3T\/gu4G9w716KxDKLZepnUyhQFgSAgT8mAJgIvAnQjU6a9CloszgMM2axMWJvCFbXjHslgW57kfPnz6ejmZmZ3M1uHx8fthJ6Xk1+fn7sAxVnT2vXru2yt4kZKVb8cdN76tSpFOc5OPS8iS27Fyk2IEcTLmYvEq2Wt\/c6OB3ftXyAdbyM9I4FIgtW15d4eNGmuDQomtjYo3zUO9nZOXDw4GFYv34tbN68DYKDN1KM9qZBC93Q0Ei\/nNAb0J9ZUA22CPuAoaEBPGLfoaG+kSVpXvxqxTx48BBqamrBzs62m4t8b3+ugwKLjo6Bb7\/9is+IB39qEhGxH3bu3M5nFBP362kmxnAoKHhCY319fXhwX7ELxO2liL374MCBf9LnIMoKDPnll2Msa7wHM2f+gWIzVYH\/Y3l5BVk0\/DWFlpYms7pVcP\/BfdrWs2BxMO5NouWTLtvggsbich7LbvGZTJhgI3dL7L0WWFTUIdDT689nxNPU1ARWVqOZS17OZ3onLe0B1NXVgZa2FthPsuOzimlpaYHklFRoYxndwIEDwMbGmp8RB+4onDhxiizI\/7O0k5+fz55XMzX82RXGd\/jdWtn3wl9d4B4klkcU8d4KTM37gUqCfDVqBNQCU6NS1AJTo1LUAlOjQgD+B9B9967efY+aAAAAAElFTkSuQmCC\" alt=\"\"><\/p>","protected":false},"excerpt":{"rendered":"<p>Tegund:&nbsp;317 BL-BL<\/p>\n<p>ATH a\u00f0eins 1 stk til \u00e1 lager<\/p>","protected":false},"featured_media":38928,"comment_status":"closed","ping_status":"closed","template":"","meta":[],"product_brand":[],"product_cat":[575,518,546],"product_tag":[1008],"class_list":{"0":"post-23890","1":"product","2":"type-product","3":"status-publish","4":"has-post-thumbnail","6":"product_cat-bordlampar","7":"product_cat-honnunarlausnir","8":"product_cat-lampar","9":"product_tag-dcw","11":"first","12":"instock","13":"taxable","14":"shipping-taxable","15":"purchasable","16":"product-type-simple"},"yoast_head":"<!-- This site is optimized with the Yoast SEO plugin v27.3 - https:\/\/yoast.com\/product\/yoast-seo-wordpress\/ -->\n<title>DCW Lampe Gras N\u00b0217 Bor\u00f0lampi - V\u00e9lar &amp; Verkf\u00e6ri<\/title>\n<meta name=\"robots\" content=\"index, follow, max-snippet:-1, max-image-preview:large, max-video-preview:-1\" \/>\n<link rel=\"canonical\" href=\"https:\/\/velarogverkfaeri.is\/en\/honnunarlausnir\/lampar\/bordlampar\/product\/lampe-gras-bordlampi-svartur-317-bl-bl\/\" \/>\n<meta property=\"og:locale\" content=\"en_US\" \/>\n<meta property=\"og:type\" content=\"article\" \/>\n<meta property=\"og:title\" content=\"DCW Lampe Gras N\u00b0217 Bor\u00f0lampi - V\u00e9lar &amp; Verkf\u00e6ri\" \/>\n<meta property=\"og:description\" content=\"Tegund:&nbsp;317 BL-BLATH a\u00f0eins 1 stk til \u00e1 lager\" \/>\n<meta property=\"og:url\" content=\"https:\/\/velarogverkfaeri.is\/en\/honnunarlausnir\/lampar\/bordlampar\/product\/lampe-gras-bordlampi-svartur-317-bl-bl\/\" \/>\n<meta property=\"og:site_name\" content=\"V\u00e9lar &amp; Verkf\u00e6ri\" \/>\n<meta property=\"article:publisher\" content=\"https:\/\/www.facebook.com\/VelarOgVerkfaeri\" \/>\n<meta property=\"article:modified_time\" content=\"2025-04-25T17:04:26+00:00\" \/>\n<meta property=\"og:image\" content=\"https:\/\/velarogverkfaeri.is\/wp-content\/uploads\/2023\/06\/4b75fdb8-2fc7-4192-b494-bac180428317.jpeg\" \/>\n\t<meta property=\"og:image:width\" content=\"600\" \/>\n\t<meta property=\"og:image:height\" content=\"600\" \/>\n\t<meta property=\"og:image:type\" content=\"image\/jpeg\" \/>\n<meta name=\"twitter:card\" content=\"summary_large_image\" \/>\n<script type=\"application\/ld+json\" class=\"yoast-schema-graph\">{\"@context\":\"https:\\\/\\\/schema.org\",\"@graph\":[{\"@type\":\"WebPage\",\"@id\":\"https:\\\/\\\/velarogverkfaeri.is\\\/honnunarlausnir\\\/lampar\\\/bordlampar\\\/product\\\/lampe-gras-bordlampi-svartur-317-bl-bl\\\/\",\"url\":\"https:\\\/\\\/velarogverkfaeri.is\\\/honnunarlausnir\\\/lampar\\\/bordlampar\\\/product\\\/lampe-gras-bordlampi-svartur-317-bl-bl\\\/\",\"name\":\"DCW Lampe Gras N\u00b0217 Bor\u00f0lampi - V\u00e9lar &amp; Verkf\u00e6ri\",\"isPartOf\":{\"@id\":\"https:\\\/\\\/velarogverkfaeri.is\\\/en\\\/#website\"},\"primaryImageOfPage\":{\"@id\":\"https:\\\/\\\/velarogverkfaeri.is\\\/honnunarlausnir\\\/lampar\\\/bordlampar\\\/product\\\/lampe-gras-bordlampi-svartur-317-bl-bl\\\/#primaryimage\"},\"image\":{\"@id\":\"https:\\\/\\\/velarogverkfaeri.is\\\/honnunarlausnir\\\/lampar\\\/bordlampar\\\/product\\\/lampe-gras-bordlampi-svartur-317-bl-bl\\\/#primaryimage\"},\"thumbnailUrl\":\"https:\\\/\\\/velarogverkfaeri.is\\\/wp-content\\\/uploads\\\/2023\\\/06\\\/4b75fdb8-2fc7-4192-b494-bac180428317.jpeg\",\"datePublished\":\"2023-06-08T19:13:38+00:00\",\"dateModified\":\"2025-04-25T17:04:26+00:00\",\"breadcrumb\":{\"@id\":\"https:\\\/\\\/velarogverkfaeri.is\\\/honnunarlausnir\\\/lampar\\\/bordlampar\\\/product\\\/lampe-gras-bordlampi-svartur-317-bl-bl\\\/#breadcrumb\"},\"inLanguage\":\"en-US\",\"potentialAction\":[{\"@type\":\"ReadAction\",\"target\":[\"https:\\\/\\\/velarogverkfaeri.is\\\/honnunarlausnir\\\/lampar\\\/bordlampar\\\/product\\\/lampe-gras-bordlampi-svartur-317-bl-bl\\\/\"]}]},{\"@type\":\"ImageObject\",\"inLanguage\":\"en-US\",\"@id\":\"https:\\\/\\\/velarogverkfaeri.is\\\/honnunarlausnir\\\/lampar\\\/bordlampar\\\/product\\\/lampe-gras-bordlampi-svartur-317-bl-bl\\\/#primaryimage\",\"url\":\"https:\\\/\\\/velarogverkfaeri.is\\\/wp-content\\\/uploads\\\/2023\\\/06\\\/4b75fdb8-2fc7-4192-b494-bac180428317.jpeg\",\"contentUrl\":\"https:\\\/\\\/velarogverkfaeri.is\\\/wp-content\\\/uploads\\\/2023\\\/06\\\/4b75fdb8-2fc7-4192-b494-bac180428317.jpeg\",\"width\":600,\"height\":600},{\"@type\":\"BreadcrumbList\",\"@id\":\"https:\\\/\\\/velarogverkfaeri.is\\\/honnunarlausnir\\\/lampar\\\/bordlampar\\\/product\\\/lampe-gras-bordlampi-svartur-317-bl-bl\\\/#breadcrumb\",\"itemListElement\":[{\"@type\":\"ListItem\",\"position\":1,\"name\":\"Home\",\"item\":\"https:\\\/\\\/velarogverkfaeri.is\\\/\"},{\"@type\":\"ListItem\",\"position\":2,\"name\":\"Vefverslun\",\"item\":\"https:\\\/\\\/velarogverkfaeri.is\\\/vefverslun\\\/\"},{\"@type\":\"ListItem\",\"position\":3,\"name\":\"DCW Lampe Gras N\u00b0217 Bor\u00f0lampi\"}]},{\"@type\":\"WebSite\",\"@id\":\"https:\\\/\\\/velarogverkfaeri.is\\\/en\\\/#website\",\"url\":\"https:\\\/\\\/velarogverkfaeri.is\\\/en\\\/\",\"name\":\"V\u00e9lar & Verkf\u00e6ri\",\"description\":\"Umbo\u00f0s- og heildverslun fr\u00e1 \u00e1rinu 1919\",\"publisher\":{\"@id\":\"https:\\\/\\\/velarogverkfaeri.is\\\/en\\\/#organization\"},\"potentialAction\":[{\"@type\":\"SearchAction\",\"target\":{\"@type\":\"EntryPoint\",\"urlTemplate\":\"https:\\\/\\\/velarogverkfaeri.is\\\/en\\\/?s={search_term_string}\"},\"query-input\":{\"@type\":\"PropertyValueSpecification\",\"valueRequired\":true,\"valueName\":\"search_term_string\"}}],\"inLanguage\":\"en-US\"},{\"@type\":\"Organization\",\"@id\":\"https:\\\/\\\/velarogverkfaeri.is\\\/en\\\/#organization\",\"name\":\"V\u00e9lar & Verkf\u00e6ri\",\"url\":\"https:\\\/\\\/velarogverkfaeri.is\\\/en\\\/\",\"logo\":{\"@type\":\"ImageObject\",\"inLanguage\":\"en-US\",\"@id\":\"https:\\\/\\\/velarogverkfaeri.is\\\/en\\\/#\\\/schema\\\/logo\\\/image\\\/\",\"url\":\"https:\\\/\\\/velarogverkfaeri.is\\\/wp-content\\\/uploads\\\/2021\\\/10\\\/vv_logo_350x100.png\",\"contentUrl\":\"https:\\\/\\\/velarogverkfaeri.is\\\/wp-content\\\/uploads\\\/2021\\\/10\\\/vv_logo_350x100.png\",\"width\":350,\"height\":100,\"caption\":\"V\u00e9lar & Verkf\u00e6ri\"},\"image\":{\"@id\":\"https:\\\/\\\/velarogverkfaeri.is\\\/en\\\/#\\\/schema\\\/logo\\\/image\\\/\"},\"sameAs\":[\"https:\\\/\\\/www.facebook.com\\\/VelarOgVerkfaeri\"]}]}<\/script>\n<!-- \/ Yoast SEO plugin. -->","yoast_head_json":{"title":"DCW Lampe Gras N\u00b0217 Bor\u00f0lampi - V\u00e9lar &amp; Verkf\u00e6ri","robots":{"index":"index","follow":"follow","max-snippet":"max-snippet:-1","max-image-preview":"max-image-preview:large","max-video-preview":"max-video-preview:-1"},"canonical":"https:\/\/velarogverkfaeri.is\/en\/honnunarlausnir\/lampar\/bordlampar\/product\/lampe-gras-bordlampi-svartur-317-bl-bl\/","og_locale":"en_US","og_type":"article","og_title":"DCW Lampe Gras N\u00b0217 Bor\u00f0lampi - V\u00e9lar &amp; Verkf\u00e6ri","og_description":"Tegund:&nbsp;317 BL-BLATH a\u00f0eins 1 stk til \u00e1 lager","og_url":"https:\/\/velarogverkfaeri.is\/en\/honnunarlausnir\/lampar\/bordlampar\/product\/lampe-gras-bordlampi-svartur-317-bl-bl\/","og_site_name":"V\u00e9lar &amp; Verkf\u00e6ri","article_publisher":"https:\/\/www.facebook.com\/VelarOgVerkfaeri","article_modified_time":"2025-04-25T17:04:26+00:00","og_image":[{"width":600,"height":600,"url":"https:\/\/velarogverkfaeri.is\/wp-content\/uploads\/2023\/06\/4b75fdb8-2fc7-4192-b494-bac180428317.jpeg","type":"image\/jpeg"}],"twitter_card":"summary_large_image","schema":{"@context":"https:\/\/schema.org","@graph":[{"@type":"WebPage","@id":"https:\/\/velarogverkfaeri.is\/honnunarlausnir\/lampar\/bordlampar\/product\/lampe-gras-bordlampi-svartur-317-bl-bl\/","url":"https:\/\/velarogverkfaeri.is\/honnunarlausnir\/lampar\/bordlampar\/product\/lampe-gras-bordlampi-svartur-317-bl-bl\/","name":"DCW Lampe Gras N\u00b0217 Bor\u00f0lampi - V\u00e9lar &amp; Verkf\u00e6ri","isPartOf":{"@id":"https:\/\/velarogverkfaeri.is\/en\/#website"},"primaryImageOfPage":{"@id":"https:\/\/velarogverkfaeri.is\/honnunarlausnir\/lampar\/bordlampar\/product\/lampe-gras-bordlampi-svartur-317-bl-bl\/#primaryimage"},"image":{"@id":"https:\/\/velarogverkfaeri.is\/honnunarlausnir\/lampar\/bordlampar\/product\/lampe-gras-bordlampi-svartur-317-bl-bl\/#primaryimage"},"thumbnailUrl":"https:\/\/velarogverkfaeri.is\/wp-content\/uploads\/2023\/06\/4b75fdb8-2fc7-4192-b494-bac180428317.jpeg","datePublished":"2023-06-08T19:13:38+00:00","dateModified":"2025-04-25T17:04:26+00:00","breadcrumb":{"@id":"https:\/\/velarogverkfaeri.is\/honnunarlausnir\/lampar\/bordlampar\/product\/lampe-gras-bordlampi-svartur-317-bl-bl\/#breadcrumb"},"inLanguage":"en-US","potentialAction":[{"@type":"ReadAction","target":["https:\/\/velarogverkfaeri.is\/honnunarlausnir\/lampar\/bordlampar\/product\/lampe-gras-bordlampi-svartur-317-bl-bl\/"]}]},{"@type":"ImageObject","inLanguage":"en-US","@id":"https:\/\/velarogverkfaeri.is\/honnunarlausnir\/lampar\/bordlampar\/product\/lampe-gras-bordlampi-svartur-317-bl-bl\/#primaryimage","url":"https:\/\/velarogverkfaeri.is\/wp-content\/uploads\/2023\/06\/4b75fdb8-2fc7-4192-b494-bac180428317.jpeg","contentUrl":"https:\/\/velarogverkfaeri.is\/wp-content\/uploads\/2023\/06\/4b75fdb8-2fc7-4192-b494-bac180428317.jpeg","width":600,"height":600},{"@type":"BreadcrumbList","@id":"https:\/\/velarogverkfaeri.is\/honnunarlausnir\/lampar\/bordlampar\/product\/lampe-gras-bordlampi-svartur-317-bl-bl\/#breadcrumb","itemListElement":[{"@type":"ListItem","position":1,"name":"Home","item":"https:\/\/velarogverkfaeri.is\/"},{"@type":"ListItem","position":2,"name":"Vefverslun","item":"https:\/\/velarogverkfaeri.is\/vefverslun\/"},{"@type":"ListItem","position":3,"name":"DCW Lampe Gras N\u00b0217 Bor\u00f0lampi"}]},{"@type":"WebSite","@id":"https:\/\/velarogverkfaeri.is\/en\/#website","url":"https:\/\/velarogverkfaeri.is\/en\/","name":"V\u00e9lar & Verkf\u00e6ri","description":"Umbo\u00f0s- og heildverslun fr\u00e1 \u00e1rinu 1919","publisher":{"@id":"https:\/\/velarogverkfaeri.is\/en\/#organization"},"potentialAction":[{"@type":"SearchAction","target":{"@type":"EntryPoint","urlTemplate":"https:\/\/velarogverkfaeri.is\/en\/?s={search_term_string}"},"query-input":{"@type":"PropertyValueSpecification","valueRequired":true,"valueName":"search_term_string"}}],"inLanguage":"en-US"},{"@type":"Organization","@id":"https:\/\/velarogverkfaeri.is\/en\/#organization","name":"V\u00e9lar & Verkf\u00e6ri","url":"https:\/\/velarogverkfaeri.is\/en\/","logo":{"@type":"ImageObject","inLanguage":"en-US","@id":"https:\/\/velarogverkfaeri.is\/en\/#\/schema\/logo\/image\/","url":"https:\/\/velarogverkfaeri.is\/wp-content\/uploads\/2021\/10\/vv_logo_350x100.png","contentUrl":"https:\/\/velarogverkfaeri.is\/wp-content\/uploads\/2021\/10\/vv_logo_350x100.png","width":350,"height":100,"caption":"V\u00e9lar & Verkf\u00e6ri"},"image":{"@id":"https:\/\/velarogverkfaeri.is\/en\/#\/schema\/logo\/image\/"},"sameAs":["https:\/\/www.facebook.com\/VelarOgVerkfaeri"]}]}},"_links":{"self":[{"href":"https:\/\/velarogverkfaeri.is\/en\/wp-json\/wp\/v2\/product\/23890","targetHints":{"allow":["GET"]}}],"collection":[{"href":"https:\/\/velarogverkfaeri.is\/en\/wp-json\/wp\/v2\/product"}],"about":[{"href":"https:\/\/velarogverkfaeri.is\/en\/wp-json\/wp\/v2\/types\/product"}],"replies":[{"embeddable":true,"href":"https:\/\/velarogverkfaeri.is\/en\/wp-json\/wp\/v2\/comments?post=23890"}],"wp:featuredmedia":[{"embeddable":true,"href":"https:\/\/velarogverkfaeri.is\/en\/wp-json\/wp\/v2\/media\/38928"}],"wp:attachment":[{"href":"https:\/\/velarogverkfaeri.is\/en\/wp-json\/wp\/v2\/media?parent=23890"}],"wp:term":[{"taxonomy":"product_brand","embeddable":true,"href":"https:\/\/velarogverkfaeri.is\/en\/wp-json\/wp\/v2\/product_brand?post=23890"},{"taxonomy":"product_cat","embeddable":true,"href":"https:\/\/velarogverkfaeri.is\/en\/wp-json\/wp\/v2\/product_cat?post=23890"},{"taxonomy":"product_tag","embeddable":true,"href":"https:\/\/velarogverkfaeri.is\/en\/wp-json\/wp\/v2\/product_tag?post=23890"}],"curies":[{"name":"wp","href":"https:\/\/api.w.org\/{rel}","templated":true}]}}