{"id":23638,"date":"2023-04-28T17:55:48","date_gmt":"2023-04-28T17:55:48","guid":{"rendered":"https:\/\/vv-dev.webdev.is\/?post_type=product&#038;p=23638"},"modified":"2025-12-30T17:16:19","modified_gmt":"2025-12-30T17:16:19","slug":"arne-jacobsen-hurdarhunn-2","status":"publish","type":"product","link":"https:\/\/velarogverkfaeri.is\/en\/honnunarlausnir\/hurdabunadur\/hurdarhunar\/product\/arne-jacobsen-hurdarhunn-2\/","title":{"rendered":"ARNE JACOBSEN Hur\u00f0arh\u00fann Gylltur f. assa og boda l\u00e6sing 12405201030"},"content":{"rendered":"<p>Ikons hur&#240;arh&#250;nninn sem Arne Jacobsen hanna&#240;i upphaflega fyrir SAS Royal&#160;h&#243;teli&#240; &#237; Kaupmannah&#246;fn vakti ver&#240;skulda&#240;a athygli fyrir form, m&#253;kt og notagildi,<br \/>enda er hann enn &#237; framlei&#240;slu og n&#253;tur mikilla vins&#230;lda v&#237;&#240;a um heim.<\/p>\n<p>Hur&#240;arh&#250;narnir og ba&#240;herbergisv&#246;rurnar fr&#225; d line eru fr&#225;b&#230;r d&#230;mi um h&#246;nnun &#225;&#160;hlutum sem nota&#240;ir eru daglega og hvergi gefi&#240; eftir &#237; &#250;tliti og efnisvali. Fagurfr&#230;&#240;i &#237;&#160;fullkominni s&#225;tt vi&#240; notagildi, gl&#230;sileg h&#246;nnun sem er &#243;a&#240;skiljanlegur hluti hversdagsins.&#160;d line f&#230;st hj&#225; V&#233;lum og verkf&#230;rum.<\/p>","protected":false},"excerpt":{"rendered":"<p>Verk Arne Jacobsen eru talin t\u00e1knmynd skandinav\u00edskrar h\u00f6nnunar \u00e1 20. \u00f6ld og hafa noti\u00f0 vir\u00f0ingar og vins\u00e6lda um allan heim.  <br><br \/>\nAJ hur\u00f0arh\u00fanninn var hanna\u00f0ur \u00e1 6. \u00e1ratugnum og tilheyrir v\u00f6rul\u00ednu sem kallast Ikons fr\u00e1 d line. <br><br \/>\n<br><br \/>\nTegund: A 111 -59mm hur\u00f0ar\u00feykkt  <br><br \/>\nMessing  Solid   <br><br \/>\nFyrir  ASSA og Boda l\u00e6singar<\/p>","protected":false},"featured_media":30697,"comment_status":"closed","ping_status":"closed","template":"","meta":[],"product_brand":[],"product_cat":[518,545,571],"product_tag":[1038,848],"class_list":{"0":"post-23638","1":"product","2":"type-product","3":"status-publish","4":"has-post-thumbnail","6":"product_cat-honnunarlausnir","7":"product_cat-hurdabunadur","8":"product_cat-hurdarhunar","9":"product_tag-arnejacobsen","10":"product_tag-dline","12":"first","13":"instock","14":"taxable","15":"shipping-taxable","16":"purchasable","17":"product-type-simple"},"yoast_head":"<!-- This site is optimized with the Yoast SEO plugin v27.3 - https:\/\/yoast.com\/product\/yoast-seo-wordpress\/ -->\n<title>ARNE JACOBSEN Hur\u00f0arh\u00fann Gylltur f. assa og boda l\u00e6sing 12405201030 - V\u00e9lar &amp; Verkf\u00e6ri<\/title>\n<meta name=\"robots\" content=\"index, follow, max-snippet:-1, max-image-preview:large, max-video-preview:-1\" \/>\n<link rel=\"canonical\" href=\"https:\/\/velarogverkfaeri.is\/en\/honnunarlausnir\/hurdabunadur\/hurdarhunar\/product\/arne-jacobsen-hurdarhunn-2\/\" \/>\n<meta property=\"og:locale\" content=\"en_US\" \/>\n<meta property=\"og:type\" content=\"article\" \/>\n<meta property=\"og:title\" content=\"ARNE JACOBSEN Hur\u00f0arh\u00fann Gylltur f. assa og boda l\u00e6sing 12405201030 - V\u00e9lar &amp; Verkf\u00e6ri\" \/>\n<meta property=\"og:description\" content=\"Verk Arne Jacobsen eru talin t\u00e1knmynd skandinav\u00edskrar h\u00f6nnunar \u00e1 20. \u00f6ld og hafa noti\u00f0 vir\u00f0ingar og vins\u00e6lda um allan heim.  AJ hur\u00f0arh\u00fanninn var hanna\u00f0ur \u00e1 6. \u00e1ratugnum og tilheyrir v\u00f6rul\u00ednu sem kallast Ikons fr\u00e1 d line.  Tegund: A 111 -59mm hur\u00f0ar\u00feykkt  Messing Solid  Fyrir ASSA og Boda l\u00e6singar\" \/>\n<meta property=\"og:url\" content=\"https:\/\/velarogverkfaeri.is\/en\/honnunarlausnir\/hurdabunadur\/hurdarhunar\/product\/arne-jacobsen-hurdarhunn-2\/\" \/>\n<meta property=\"og:site_name\" content=\"V\u00e9lar &amp; Verkf\u00e6ri\" \/>\n<meta property=\"article:publisher\" content=\"https:\/\/www.facebook.com\/VelarOgVerkfaeri\" \/>\n<meta property=\"article:modified_time\" content=\"2025-12-30T17:16:19+00:00\" \/>\n<meta property=\"og:image\" content=\"https:\/\/velarogverkfaeri.is\/wp-content\/uploads\/2023\/06\/714696f8-35d0-4751-af60-619c9e843377.jpeg\" \/>\n\t<meta property=\"og:image:width\" content=\"768\" \/>\n\t<meta property=\"og:image:height\" content=\"768\" \/>\n\t<meta property=\"og:image:type\" content=\"image\/jpeg\" \/>\n<meta name=\"twitter:card\" content=\"summary_large_image\" \/>\n<meta name=\"twitter:label1\" content=\"Est. reading time\" \/>\n\t<meta name=\"twitter:data1\" content=\"1 minute\" \/>\n<script type=\"application\/ld+json\" class=\"yoast-schema-graph\">{\"@context\":\"https:\\\/\\\/schema.org\",\"@graph\":[{\"@type\":\"WebPage\",\"@id\":\"https:\\\/\\\/velarogverkfaeri.is\\\/honnunarlausnir\\\/hurdabunadur\\\/hurdarhunar\\\/product\\\/arne-jacobsen-hurdarhunn-2\\\/\",\"url\":\"https:\\\/\\\/velarogverkfaeri.is\\\/honnunarlausnir\\\/hurdabunadur\\\/hurdarhunar\\\/product\\\/arne-jacobsen-hurdarhunn-2\\\/\",\"name\":\"ARNE JACOBSEN Hur\u00f0arh\u00fann Gylltur f. assa og boda l\u00e6sing 12405201030 - V\u00e9lar &amp; Verkf\u00e6ri\",\"isPartOf\":{\"@id\":\"https:\\\/\\\/velarogverkfaeri.is\\\/en\\\/#website\"},\"primaryImageOfPage\":{\"@id\":\"https:\\\/\\\/velarogverkfaeri.is\\\/honnunarlausnir\\\/hurdabunadur\\\/hurdarhunar\\\/product\\\/arne-jacobsen-hurdarhunn-2\\\/#primaryimage\"},\"image\":{\"@id\":\"https:\\\/\\\/velarogverkfaeri.is\\\/honnunarlausnir\\\/hurdabunadur\\\/hurdarhunar\\\/product\\\/arne-jacobsen-hurdarhunn-2\\\/#primaryimage\"},\"thumbnailUrl\":\"https:\\\/\\\/velarogverkfaeri.is\\\/wp-content\\\/uploads\\\/2023\\\/06\\\/714696f8-35d0-4751-af60-619c9e843377.jpeg\",\"datePublished\":\"2023-04-28T17:55:48+00:00\",\"dateModified\":\"2025-12-30T17:16:19+00:00\",\"breadcrumb\":{\"@id\":\"https:\\\/\\\/velarogverkfaeri.is\\\/honnunarlausnir\\\/hurdabunadur\\\/hurdarhunar\\\/product\\\/arne-jacobsen-hurdarhunn-2\\\/#breadcrumb\"},\"inLanguage\":\"en-US\",\"potentialAction\":[{\"@type\":\"ReadAction\",\"target\":[\"https:\\\/\\\/velarogverkfaeri.is\\\/honnunarlausnir\\\/hurdabunadur\\\/hurdarhunar\\\/product\\\/arne-jacobsen-hurdarhunn-2\\\/\"]}]},{\"@type\":\"ImageObject\",\"inLanguage\":\"en-US\",\"@id\":\"https:\\\/\\\/velarogverkfaeri.is\\\/honnunarlausnir\\\/hurdabunadur\\\/hurdarhunar\\\/product\\\/arne-jacobsen-hurdarhunn-2\\\/#primaryimage\",\"url\":\"https:\\\/\\\/velarogverkfaeri.is\\\/wp-content\\\/uploads\\\/2023\\\/06\\\/714696f8-35d0-4751-af60-619c9e843377.jpeg\",\"contentUrl\":\"https:\\\/\\\/velarogverkfaeri.is\\\/wp-content\\\/uploads\\\/2023\\\/06\\\/714696f8-35d0-4751-af60-619c9e843377.jpeg\",\"width\":768,\"height\":768},{\"@type\":\"BreadcrumbList\",\"@id\":\"https:\\\/\\\/velarogverkfaeri.is\\\/honnunarlausnir\\\/hurdabunadur\\\/hurdarhunar\\\/product\\\/arne-jacobsen-hurdarhunn-2\\\/#breadcrumb\",\"itemListElement\":[{\"@type\":\"ListItem\",\"position\":1,\"name\":\"Home\",\"item\":\"https:\\\/\\\/velarogverkfaeri.is\\\/\"},{\"@type\":\"ListItem\",\"position\":2,\"name\":\"Vefverslun\",\"item\":\"https:\\\/\\\/velarogverkfaeri.is\\\/vefverslun\\\/\"},{\"@type\":\"ListItem\",\"position\":3,\"name\":\"ARNE JACOBSEN Hur\u00f0arh\u00fann Gylltur f. assa og boda l\u00e6sing 12405201030\"}]},{\"@type\":\"WebSite\",\"@id\":\"https:\\\/\\\/velarogverkfaeri.is\\\/en\\\/#website\",\"url\":\"https:\\\/\\\/velarogverkfaeri.is\\\/en\\\/\",\"name\":\"V\u00e9lar & Verkf\u00e6ri\",\"description\":\"Umbo\u00f0s- og heildverslun fr\u00e1 \u00e1rinu 1919\",\"publisher\":{\"@id\":\"https:\\\/\\\/velarogverkfaeri.is\\\/en\\\/#organization\"},\"potentialAction\":[{\"@type\":\"SearchAction\",\"target\":{\"@type\":\"EntryPoint\",\"urlTemplate\":\"https:\\\/\\\/velarogverkfaeri.is\\\/en\\\/?s={search_term_string}\"},\"query-input\":{\"@type\":\"PropertyValueSpecification\",\"valueRequired\":true,\"valueName\":\"search_term_string\"}}],\"inLanguage\":\"en-US\"},{\"@type\":\"Organization\",\"@id\":\"https:\\\/\\\/velarogverkfaeri.is\\\/en\\\/#organization\",\"name\":\"V\u00e9lar & Verkf\u00e6ri\",\"url\":\"https:\\\/\\\/velarogverkfaeri.is\\\/en\\\/\",\"logo\":{\"@type\":\"ImageObject\",\"inLanguage\":\"en-US\",\"@id\":\"https:\\\/\\\/velarogverkfaeri.is\\\/en\\\/#\\\/schema\\\/logo\\\/image\\\/\",\"url\":\"https:\\\/\\\/velarogverkfaeri.is\\\/wp-content\\\/uploads\\\/2021\\\/10\\\/vv_logo_350x100.png\",\"contentUrl\":\"https:\\\/\\\/velarogverkfaeri.is\\\/wp-content\\\/uploads\\\/2021\\\/10\\\/vv_logo_350x100.png\",\"width\":350,\"height\":100,\"caption\":\"V\u00e9lar & Verkf\u00e6ri\"},\"image\":{\"@id\":\"https:\\\/\\\/velarogverkfaeri.is\\\/en\\\/#\\\/schema\\\/logo\\\/image\\\/\"},\"sameAs\":[\"https:\\\/\\\/www.facebook.com\\\/VelarOgVerkfaeri\"]}]}<\/script>\n<!-- \/ Yoast SEO plugin. -->","yoast_head_json":{"title":"ARNE JACOBSEN Hur\u00f0arh\u00fann Gylltur f. assa og boda l\u00e6sing 12405201030 - V\u00e9lar &amp; Verkf\u00e6ri","robots":{"index":"index","follow":"follow","max-snippet":"max-snippet:-1","max-image-preview":"max-image-preview:large","max-video-preview":"max-video-preview:-1"},"canonical":"https:\/\/velarogverkfaeri.is\/en\/honnunarlausnir\/hurdabunadur\/hurdarhunar\/product\/arne-jacobsen-hurdarhunn-2\/","og_locale":"en_US","og_type":"article","og_title":"ARNE JACOBSEN Hur\u00f0arh\u00fann Gylltur f. assa og boda l\u00e6sing 12405201030 - V\u00e9lar &amp; Verkf\u00e6ri","og_description":"Verk Arne Jacobsen eru talin t\u00e1knmynd skandinav\u00edskrar h\u00f6nnunar \u00e1 20. \u00f6ld og hafa noti\u00f0 vir\u00f0ingar og vins\u00e6lda um allan heim.  AJ hur\u00f0arh\u00fanninn var hanna\u00f0ur \u00e1 6. \u00e1ratugnum og tilheyrir v\u00f6rul\u00ednu sem kallast Ikons fr\u00e1 d line.  Tegund: A 111 -59mm hur\u00f0ar\u00feykkt  Messing Solid  Fyrir ASSA og Boda l\u00e6singar","og_url":"https:\/\/velarogverkfaeri.is\/en\/honnunarlausnir\/hurdabunadur\/hurdarhunar\/product\/arne-jacobsen-hurdarhunn-2\/","og_site_name":"V\u00e9lar &amp; Verkf\u00e6ri","article_publisher":"https:\/\/www.facebook.com\/VelarOgVerkfaeri","article_modified_time":"2025-12-30T17:16:19+00:00","og_image":[{"width":768,"height":768,"url":"https:\/\/velarogverkfaeri.is\/wp-content\/uploads\/2023\/06\/714696f8-35d0-4751-af60-619c9e843377.jpeg","type":"image\/jpeg"}],"twitter_card":"summary_large_image","twitter_misc":{"Est. reading time":"1 minute"},"schema":{"@context":"https:\/\/schema.org","@graph":[{"@type":"WebPage","@id":"https:\/\/velarogverkfaeri.is\/honnunarlausnir\/hurdabunadur\/hurdarhunar\/product\/arne-jacobsen-hurdarhunn-2\/","url":"https:\/\/velarogverkfaeri.is\/honnunarlausnir\/hurdabunadur\/hurdarhunar\/product\/arne-jacobsen-hurdarhunn-2\/","name":"ARNE JACOBSEN Hur\u00f0arh\u00fann Gylltur f. assa og boda l\u00e6sing 12405201030 - V\u00e9lar &amp; Verkf\u00e6ri","isPartOf":{"@id":"https:\/\/velarogverkfaeri.is\/en\/#website"},"primaryImageOfPage":{"@id":"https:\/\/velarogverkfaeri.is\/honnunarlausnir\/hurdabunadur\/hurdarhunar\/product\/arne-jacobsen-hurdarhunn-2\/#primaryimage"},"image":{"@id":"https:\/\/velarogverkfaeri.is\/honnunarlausnir\/hurdabunadur\/hurdarhunar\/product\/arne-jacobsen-hurdarhunn-2\/#primaryimage"},"thumbnailUrl":"https:\/\/velarogverkfaeri.is\/wp-content\/uploads\/2023\/06\/714696f8-35d0-4751-af60-619c9e843377.jpeg","datePublished":"2023-04-28T17:55:48+00:00","dateModified":"2025-12-30T17:16:19+00:00","breadcrumb":{"@id":"https:\/\/velarogverkfaeri.is\/honnunarlausnir\/hurdabunadur\/hurdarhunar\/product\/arne-jacobsen-hurdarhunn-2\/#breadcrumb"},"inLanguage":"en-US","potentialAction":[{"@type":"ReadAction","target":["https:\/\/velarogverkfaeri.is\/honnunarlausnir\/hurdabunadur\/hurdarhunar\/product\/arne-jacobsen-hurdarhunn-2\/"]}]},{"@type":"ImageObject","inLanguage":"en-US","@id":"https:\/\/velarogverkfaeri.is\/honnunarlausnir\/hurdabunadur\/hurdarhunar\/product\/arne-jacobsen-hurdarhunn-2\/#primaryimage","url":"https:\/\/velarogverkfaeri.is\/wp-content\/uploads\/2023\/06\/714696f8-35d0-4751-af60-619c9e843377.jpeg","contentUrl":"https:\/\/velarogverkfaeri.is\/wp-content\/uploads\/2023\/06\/714696f8-35d0-4751-af60-619c9e843377.jpeg","width":768,"height":768},{"@type":"BreadcrumbList","@id":"https:\/\/velarogverkfaeri.is\/honnunarlausnir\/hurdabunadur\/hurdarhunar\/product\/arne-jacobsen-hurdarhunn-2\/#breadcrumb","itemListElement":[{"@type":"ListItem","position":1,"name":"Home","item":"https:\/\/velarogverkfaeri.is\/"},{"@type":"ListItem","position":2,"name":"Vefverslun","item":"https:\/\/velarogverkfaeri.is\/vefverslun\/"},{"@type":"ListItem","position":3,"name":"ARNE JACOBSEN Hur\u00f0arh\u00fann Gylltur f. assa og boda l\u00e6sing 12405201030"}]},{"@type":"WebSite","@id":"https:\/\/velarogverkfaeri.is\/en\/#website","url":"https:\/\/velarogverkfaeri.is\/en\/","name":"V\u00e9lar & Verkf\u00e6ri","description":"Umbo\u00f0s- og heildverslun fr\u00e1 \u00e1rinu 1919","publisher":{"@id":"https:\/\/velarogverkfaeri.is\/en\/#organization"},"potentialAction":[{"@type":"SearchAction","target":{"@type":"EntryPoint","urlTemplate":"https:\/\/velarogverkfaeri.is\/en\/?s={search_term_string}"},"query-input":{"@type":"PropertyValueSpecification","valueRequired":true,"valueName":"search_term_string"}}],"inLanguage":"en-US"},{"@type":"Organization","@id":"https:\/\/velarogverkfaeri.is\/en\/#organization","name":"V\u00e9lar & Verkf\u00e6ri","url":"https:\/\/velarogverkfaeri.is\/en\/","logo":{"@type":"ImageObject","inLanguage":"en-US","@id":"https:\/\/velarogverkfaeri.is\/en\/#\/schema\/logo\/image\/","url":"https:\/\/velarogverkfaeri.is\/wp-content\/uploads\/2021\/10\/vv_logo_350x100.png","contentUrl":"https:\/\/velarogverkfaeri.is\/wp-content\/uploads\/2021\/10\/vv_logo_350x100.png","width":350,"height":100,"caption":"V\u00e9lar & Verkf\u00e6ri"},"image":{"@id":"https:\/\/velarogverkfaeri.is\/en\/#\/schema\/logo\/image\/"},"sameAs":["https:\/\/www.facebook.com\/VelarOgVerkfaeri"]}]}},"_links":{"self":[{"href":"https:\/\/velarogverkfaeri.is\/en\/wp-json\/wp\/v2\/product\/23638","targetHints":{"allow":["GET"]}}],"collection":[{"href":"https:\/\/velarogverkfaeri.is\/en\/wp-json\/wp\/v2\/product"}],"about":[{"href":"https:\/\/velarogverkfaeri.is\/en\/wp-json\/wp\/v2\/types\/product"}],"replies":[{"embeddable":true,"href":"https:\/\/velarogverkfaeri.is\/en\/wp-json\/wp\/v2\/comments?post=23638"}],"wp:featuredmedia":[{"embeddable":true,"href":"https:\/\/velarogverkfaeri.is\/en\/wp-json\/wp\/v2\/media\/30697"}],"wp:attachment":[{"href":"https:\/\/velarogverkfaeri.is\/en\/wp-json\/wp\/v2\/media?parent=23638"}],"wp:term":[{"taxonomy":"product_brand","embeddable":true,"href":"https:\/\/velarogverkfaeri.is\/en\/wp-json\/wp\/v2\/product_brand?post=23638"},{"taxonomy":"product_cat","embeddable":true,"href":"https:\/\/velarogverkfaeri.is\/en\/wp-json\/wp\/v2\/product_cat?post=23638"},{"taxonomy":"product_tag","embeddable":true,"href":"https:\/\/velarogverkfaeri.is\/en\/wp-json\/wp\/v2\/product_tag?post=23638"}],"curies":[{"name":"wp","href":"https:\/\/api.w.org\/{rel}","templated":true}]}}