{"id":23635,"date":"2023-06-07T14:19:26","date_gmt":"2023-06-07T14:19:26","guid":{"rendered":"https:\/\/vv-dev.webdev.is\/?post_type=product&#038;p=23635"},"modified":"2026-02-18T01:01:49","modified_gmt":"2026-02-18T01:01:49","slug":"frost-hurdarh-element-1009-paul-leroy-rydfr-f-assa-thyskar-laesingar","status":"publish","type":"product","link":"https:\/\/velarogverkfaeri.is\/en\/honnunarlausnir\/hurdabunadur\/hurdarhunar\/product\/frost-hurdarh-element-1009-paul-leroy-rydfr-f-assa-thyskar-laesingar\/","title":{"rendered":"FROST Hur\u00f0arhandfang Element 1009 Paul Leroy Ry\u00f0fr\u00edtt fyrir ASSA + \u00de\u00fdskar l\u00e6singar"},"content":{"rendered":"<p><br data-start=\"86\" data-end=\"89\"><br \/>\nAllir hur\u00f0arh\u00fanar fr\u00e1 FROST eru \u00far <strong data-start=\"124\" data-end=\"141\">ry\u00f0fr\u00edu st\u00e1li<\/strong> og henta b\u00e6\u00f0i til <strong data-start=\"160\" data-end=\"194\">notkunar innandyra og utandyra<\/strong>.<\/p>\n<h3 data-start=\"60\" data-end=\"77\">Eiginleikar:<\/h3>\n<\/p>\n<ul data-start=\"78\" data-end=\"250\">\n<li data-start=\"78\" data-end=\"97\">\n<p data-start=\"80\" data-end=\"97\"><strong data-start=\"80\" data-end=\"89\">D\u00fdpt:<\/strong> 70 mm<\/p>\n<\/li>\n<li data-start=\"98\" data-end=\"121\">\n<p data-start=\"100\" data-end=\"121\"><strong data-start=\"100\" data-end=\"112\">\u00deverm\u00e1l:<\/strong> \u00d850 mm<\/p>\n<\/li>\n<li data-start=\"122\" data-end=\"144\">\n<p data-start=\"124\" data-end=\"144\"><strong data-start=\"124\" data-end=\"135\">Breidd:<\/strong> 130 mm<\/p>\n<\/li>\n<li data-start=\"145\" data-end=\"167\">\n<p data-start=\"147\" data-end=\"167\"><strong data-start=\"147\" data-end=\"157\">\u00deyngd:<\/strong> 0,45 kg<\/p>\n<\/li>\n<li data-start=\"168\" data-end=\"194\">\n<p data-start=\"170\" data-end=\"194\"><strong data-start=\"170\" data-end=\"181\">H\u00f6nnun:<\/strong> Paul Leroy<\/p>\n<\/li>\n<li data-start=\"195\" data-end=\"222\">\n<p data-start=\"197\" data-end=\"222\"><strong data-start=\"197\" data-end=\"206\">Efni:<\/strong> Ry\u00f0fr\u00edtt st\u00e1l<\/p>\n<\/li>\n<li data-start=\"223\" data-end=\"250\">\n<p data-start=\"225\" data-end=\"250\"><strong data-start=\"225\" data-end=\"235\">Litur:<\/strong> Bursta\u00f0 st\u00e1l<\/p>\n<\/li>\n<\/ul>","protected":false},"excerpt":{"rendered":"<p><strong data-start=\"41\" data-end=\"86\" style=\"color: rgb(0, 0, 0);\">Hur\u00f0arh\u00fann ELEMENT 1009 (2 stk. \u00ed setti). Burstu\u00f0 ry\u00f0fr\u00ed \u00e1fer\u00f0.<\/strong><\/p>","protected":false},"featured_media":34967,"comment_status":"closed","ping_status":"closed","template":"","meta":[],"product_brand":[],"product_cat":[518,545,571],"product_tag":[1076,1012],"class_list":{"0":"post-23635","1":"product","2":"type-product","3":"status-publish","4":"has-post-thumbnail","6":"product_cat-honnunarlausnir","7":"product_cat-hurdabunadur","8":"product_cat-hurdarhunar","9":"product_tag-burstadrydfritt","10":"product_tag-frost","12":"first","13":"instock","14":"taxable","15":"shipping-taxable","16":"purchasable","17":"product-type-simple"},"yoast_head":"<!-- This site is optimized with the Yoast SEO plugin v27.3 - https:\/\/yoast.com\/product\/yoast-seo-wordpress\/ -->\n<title>FROST Hur\u00f0arhandfang Element 1009 Paul Leroy Ry\u00f0fr\u00edtt fyrir ASSA + \u00de\u00fdskar l\u00e6singar - V\u00e9lar &amp; Verkf\u00e6ri<\/title>\n<meta name=\"robots\" content=\"index, follow, max-snippet:-1, max-image-preview:large, max-video-preview:-1\" \/>\n<link rel=\"canonical\" href=\"https:\/\/velarogverkfaeri.is\/en\/lykillausnir\/hurdabunadur-lykillausnir\/hurdarhunar-hurdabunadur-lykillausnir\/product\/frost-hurdarh-element-1009-paul-leroy-rydfr-f-assa-thyskar-laesingar\/\" \/>\n<meta property=\"og:locale\" content=\"en_US\" \/>\n<meta property=\"og:type\" content=\"article\" \/>\n<meta property=\"og:title\" content=\"FROST Hur\u00f0arhandfang Element 1009 Paul Leroy Ry\u00f0fr\u00edtt fyrir ASSA + \u00de\u00fdskar l\u00e6singar - V\u00e9lar &amp; Verkf\u00e6ri\" \/>\n<meta property=\"og:description\" content=\"Hur\u00f0arh\u00fann ELEMENT 1009 (2 stk. \u00ed setti). Burstu\u00f0 ry\u00f0fr\u00ed \u00e1fer\u00f0.\" \/>\n<meta property=\"og:url\" content=\"https:\/\/velarogverkfaeri.is\/en\/lykillausnir\/hurdabunadur-lykillausnir\/hurdarhunar-hurdabunadur-lykillausnir\/product\/frost-hurdarh-element-1009-paul-leroy-rydfr-f-assa-thyskar-laesingar\/\" \/>\n<meta property=\"og:site_name\" content=\"V\u00e9lar &amp; Verkf\u00e6ri\" \/>\n<meta property=\"article:publisher\" content=\"https:\/\/www.facebook.com\/VelarOgVerkfaeri\" \/>\n<meta property=\"article:modified_time\" content=\"2026-02-18T01:01:49+00:00\" \/>\n<meta property=\"og:image\" content=\"https:\/\/velarogverkfaeri.is\/wp-content\/uploads\/2023\/06\/936143b1-af3b-4dcc-adab-367436ba359a.jpeg\" \/>\n\t<meta property=\"og:image:width\" content=\"619\" \/>\n\t<meta property=\"og:image:height\" content=\"655\" \/>\n\t<meta property=\"og:image:type\" content=\"image\/jpeg\" \/>\n<meta name=\"twitter:card\" content=\"summary_large_image\" \/>\n<script type=\"application\/ld+json\" class=\"yoast-schema-graph\">{\"@context\":\"https:\\\/\\\/schema.org\",\"@graph\":[{\"@type\":\"WebPage\",\"@id\":\"https:\\\/\\\/velarogverkfaeri.is\\\/lykillausnir\\\/hurdabunadur-lykillausnir\\\/hurdarhunar-hurdabunadur-lykillausnir\\\/product\\\/frost-hurdarh-element-1009-paul-leroy-rydfr-f-assa-thyskar-laesingar\\\/\",\"url\":\"https:\\\/\\\/velarogverkfaeri.is\\\/lykillausnir\\\/hurdabunadur-lykillausnir\\\/hurdarhunar-hurdabunadur-lykillausnir\\\/product\\\/frost-hurdarh-element-1009-paul-leroy-rydfr-f-assa-thyskar-laesingar\\\/\",\"name\":\"FROST Hur\u00f0arhandfang Element 1009 Paul Leroy Ry\u00f0fr\u00edtt fyrir ASSA + \u00de\u00fdskar l\u00e6singar - V\u00e9lar &amp; Verkf\u00e6ri\",\"isPartOf\":{\"@id\":\"https:\\\/\\\/velarogverkfaeri.is\\\/en\\\/#website\"},\"primaryImageOfPage\":{\"@id\":\"https:\\\/\\\/velarogverkfaeri.is\\\/lykillausnir\\\/hurdabunadur-lykillausnir\\\/hurdarhunar-hurdabunadur-lykillausnir\\\/product\\\/frost-hurdarh-element-1009-paul-leroy-rydfr-f-assa-thyskar-laesingar\\\/#primaryimage\"},\"image\":{\"@id\":\"https:\\\/\\\/velarogverkfaeri.is\\\/lykillausnir\\\/hurdabunadur-lykillausnir\\\/hurdarhunar-hurdabunadur-lykillausnir\\\/product\\\/frost-hurdarh-element-1009-paul-leroy-rydfr-f-assa-thyskar-laesingar\\\/#primaryimage\"},\"thumbnailUrl\":\"https:\\\/\\\/velarogverkfaeri.is\\\/wp-content\\\/uploads\\\/2023\\\/06\\\/936143b1-af3b-4dcc-adab-367436ba359a.jpeg\",\"datePublished\":\"2023-06-07T14:19:26+00:00\",\"dateModified\":\"2026-02-18T01:01:49+00:00\",\"breadcrumb\":{\"@id\":\"https:\\\/\\\/velarogverkfaeri.is\\\/lykillausnir\\\/hurdabunadur-lykillausnir\\\/hurdarhunar-hurdabunadur-lykillausnir\\\/product\\\/frost-hurdarh-element-1009-paul-leroy-rydfr-f-assa-thyskar-laesingar\\\/#breadcrumb\"},\"inLanguage\":\"en-US\",\"potentialAction\":[{\"@type\":\"ReadAction\",\"target\":[\"https:\\\/\\\/velarogverkfaeri.is\\\/lykillausnir\\\/hurdabunadur-lykillausnir\\\/hurdarhunar-hurdabunadur-lykillausnir\\\/product\\\/frost-hurdarh-element-1009-paul-leroy-rydfr-f-assa-thyskar-laesingar\\\/\"]}]},{\"@type\":\"ImageObject\",\"inLanguage\":\"en-US\",\"@id\":\"https:\\\/\\\/velarogverkfaeri.is\\\/lykillausnir\\\/hurdabunadur-lykillausnir\\\/hurdarhunar-hurdabunadur-lykillausnir\\\/product\\\/frost-hurdarh-element-1009-paul-leroy-rydfr-f-assa-thyskar-laesingar\\\/#primaryimage\",\"url\":\"https:\\\/\\\/velarogverkfaeri.is\\\/wp-content\\\/uploads\\\/2023\\\/06\\\/936143b1-af3b-4dcc-adab-367436ba359a.jpeg\",\"contentUrl\":\"https:\\\/\\\/velarogverkfaeri.is\\\/wp-content\\\/uploads\\\/2023\\\/06\\\/936143b1-af3b-4dcc-adab-367436ba359a.jpeg\",\"width\":619,\"height\":655},{\"@type\":\"BreadcrumbList\",\"@id\":\"https:\\\/\\\/velarogverkfaeri.is\\\/lykillausnir\\\/hurdabunadur-lykillausnir\\\/hurdarhunar-hurdabunadur-lykillausnir\\\/product\\\/frost-hurdarh-element-1009-paul-leroy-rydfr-f-assa-thyskar-laesingar\\\/#breadcrumb\",\"itemListElement\":[{\"@type\":\"ListItem\",\"position\":1,\"name\":\"Home\",\"item\":\"https:\\\/\\\/velarogverkfaeri.is\\\/\"},{\"@type\":\"ListItem\",\"position\":2,\"name\":\"Vefverslun\",\"item\":\"https:\\\/\\\/velarogverkfaeri.is\\\/vefverslun\\\/\"},{\"@type\":\"ListItem\",\"position\":3,\"name\":\"FROST Hur\u00f0arhandfang Element 1009 Paul Leroy Ry\u00f0fr\u00edtt fyrir ASSA + \u00de\u00fdskar l\u00e6singar\"}]},{\"@type\":\"WebSite\",\"@id\":\"https:\\\/\\\/velarogverkfaeri.is\\\/en\\\/#website\",\"url\":\"https:\\\/\\\/velarogverkfaeri.is\\\/en\\\/\",\"name\":\"V\u00e9lar & Verkf\u00e6ri\",\"description\":\"Umbo\u00f0s- og heildverslun fr\u00e1 \u00e1rinu 1919\",\"publisher\":{\"@id\":\"https:\\\/\\\/velarogverkfaeri.is\\\/en\\\/#organization\"},\"potentialAction\":[{\"@type\":\"SearchAction\",\"target\":{\"@type\":\"EntryPoint\",\"urlTemplate\":\"https:\\\/\\\/velarogverkfaeri.is\\\/en\\\/?s={search_term_string}\"},\"query-input\":{\"@type\":\"PropertyValueSpecification\",\"valueRequired\":true,\"valueName\":\"search_term_string\"}}],\"inLanguage\":\"en-US\"},{\"@type\":\"Organization\",\"@id\":\"https:\\\/\\\/velarogverkfaeri.is\\\/en\\\/#organization\",\"name\":\"V\u00e9lar & Verkf\u00e6ri\",\"url\":\"https:\\\/\\\/velarogverkfaeri.is\\\/en\\\/\",\"logo\":{\"@type\":\"ImageObject\",\"inLanguage\":\"en-US\",\"@id\":\"https:\\\/\\\/velarogverkfaeri.is\\\/en\\\/#\\\/schema\\\/logo\\\/image\\\/\",\"url\":\"https:\\\/\\\/velarogverkfaeri.is\\\/wp-content\\\/uploads\\\/2021\\\/10\\\/vv_logo_350x100.png\",\"contentUrl\":\"https:\\\/\\\/velarogverkfaeri.is\\\/wp-content\\\/uploads\\\/2021\\\/10\\\/vv_logo_350x100.png\",\"width\":350,\"height\":100,\"caption\":\"V\u00e9lar & Verkf\u00e6ri\"},\"image\":{\"@id\":\"https:\\\/\\\/velarogverkfaeri.is\\\/en\\\/#\\\/schema\\\/logo\\\/image\\\/\"},\"sameAs\":[\"https:\\\/\\\/www.facebook.com\\\/VelarOgVerkfaeri\"]}]}<\/script>\n<!-- \/ Yoast SEO plugin. -->","yoast_head_json":{"title":"FROST Hur\u00f0arhandfang Element 1009 Paul Leroy Ry\u00f0fr\u00edtt fyrir ASSA + \u00de\u00fdskar l\u00e6singar - V\u00e9lar &amp; Verkf\u00e6ri","robots":{"index":"index","follow":"follow","max-snippet":"max-snippet:-1","max-image-preview":"max-image-preview:large","max-video-preview":"max-video-preview:-1"},"canonical":"https:\/\/velarogverkfaeri.is\/en\/lykillausnir\/hurdabunadur-lykillausnir\/hurdarhunar-hurdabunadur-lykillausnir\/product\/frost-hurdarh-element-1009-paul-leroy-rydfr-f-assa-thyskar-laesingar\/","og_locale":"en_US","og_type":"article","og_title":"FROST Hur\u00f0arhandfang Element 1009 Paul Leroy Ry\u00f0fr\u00edtt fyrir ASSA + \u00de\u00fdskar l\u00e6singar - V\u00e9lar &amp; Verkf\u00e6ri","og_description":"Hur\u00f0arh\u00fann ELEMENT 1009 (2 stk. \u00ed setti). Burstu\u00f0 ry\u00f0fr\u00ed \u00e1fer\u00f0.","og_url":"https:\/\/velarogverkfaeri.is\/en\/lykillausnir\/hurdabunadur-lykillausnir\/hurdarhunar-hurdabunadur-lykillausnir\/product\/frost-hurdarh-element-1009-paul-leroy-rydfr-f-assa-thyskar-laesingar\/","og_site_name":"V\u00e9lar &amp; Verkf\u00e6ri","article_publisher":"https:\/\/www.facebook.com\/VelarOgVerkfaeri","article_modified_time":"2026-02-18T01:01:49+00:00","og_image":[{"width":619,"height":655,"url":"https:\/\/velarogverkfaeri.is\/wp-content\/uploads\/2023\/06\/936143b1-af3b-4dcc-adab-367436ba359a.jpeg","type":"image\/jpeg"}],"twitter_card":"summary_large_image","schema":{"@context":"https:\/\/schema.org","@graph":[{"@type":"WebPage","@id":"https:\/\/velarogverkfaeri.is\/lykillausnir\/hurdabunadur-lykillausnir\/hurdarhunar-hurdabunadur-lykillausnir\/product\/frost-hurdarh-element-1009-paul-leroy-rydfr-f-assa-thyskar-laesingar\/","url":"https:\/\/velarogverkfaeri.is\/lykillausnir\/hurdabunadur-lykillausnir\/hurdarhunar-hurdabunadur-lykillausnir\/product\/frost-hurdarh-element-1009-paul-leroy-rydfr-f-assa-thyskar-laesingar\/","name":"FROST Hur\u00f0arhandfang Element 1009 Paul Leroy Ry\u00f0fr\u00edtt fyrir ASSA + \u00de\u00fdskar l\u00e6singar - V\u00e9lar &amp; Verkf\u00e6ri","isPartOf":{"@id":"https:\/\/velarogverkfaeri.is\/en\/#website"},"primaryImageOfPage":{"@id":"https:\/\/velarogverkfaeri.is\/lykillausnir\/hurdabunadur-lykillausnir\/hurdarhunar-hurdabunadur-lykillausnir\/product\/frost-hurdarh-element-1009-paul-leroy-rydfr-f-assa-thyskar-laesingar\/#primaryimage"},"image":{"@id":"https:\/\/velarogverkfaeri.is\/lykillausnir\/hurdabunadur-lykillausnir\/hurdarhunar-hurdabunadur-lykillausnir\/product\/frost-hurdarh-element-1009-paul-leroy-rydfr-f-assa-thyskar-laesingar\/#primaryimage"},"thumbnailUrl":"https:\/\/velarogverkfaeri.is\/wp-content\/uploads\/2023\/06\/936143b1-af3b-4dcc-adab-367436ba359a.jpeg","datePublished":"2023-06-07T14:19:26+00:00","dateModified":"2026-02-18T01:01:49+00:00","breadcrumb":{"@id":"https:\/\/velarogverkfaeri.is\/lykillausnir\/hurdabunadur-lykillausnir\/hurdarhunar-hurdabunadur-lykillausnir\/product\/frost-hurdarh-element-1009-paul-leroy-rydfr-f-assa-thyskar-laesingar\/#breadcrumb"},"inLanguage":"en-US","potentialAction":[{"@type":"ReadAction","target":["https:\/\/velarogverkfaeri.is\/lykillausnir\/hurdabunadur-lykillausnir\/hurdarhunar-hurdabunadur-lykillausnir\/product\/frost-hurdarh-element-1009-paul-leroy-rydfr-f-assa-thyskar-laesingar\/"]}]},{"@type":"ImageObject","inLanguage":"en-US","@id":"https:\/\/velarogverkfaeri.is\/lykillausnir\/hurdabunadur-lykillausnir\/hurdarhunar-hurdabunadur-lykillausnir\/product\/frost-hurdarh-element-1009-paul-leroy-rydfr-f-assa-thyskar-laesingar\/#primaryimage","url":"https:\/\/velarogverkfaeri.is\/wp-content\/uploads\/2023\/06\/936143b1-af3b-4dcc-adab-367436ba359a.jpeg","contentUrl":"https:\/\/velarogverkfaeri.is\/wp-content\/uploads\/2023\/06\/936143b1-af3b-4dcc-adab-367436ba359a.jpeg","width":619,"height":655},{"@type":"BreadcrumbList","@id":"https:\/\/velarogverkfaeri.is\/lykillausnir\/hurdabunadur-lykillausnir\/hurdarhunar-hurdabunadur-lykillausnir\/product\/frost-hurdarh-element-1009-paul-leroy-rydfr-f-assa-thyskar-laesingar\/#breadcrumb","itemListElement":[{"@type":"ListItem","position":1,"name":"Home","item":"https:\/\/velarogverkfaeri.is\/"},{"@type":"ListItem","position":2,"name":"Vefverslun","item":"https:\/\/velarogverkfaeri.is\/vefverslun\/"},{"@type":"ListItem","position":3,"name":"FROST Hur\u00f0arhandfang Element 1009 Paul Leroy Ry\u00f0fr\u00edtt fyrir ASSA + \u00de\u00fdskar l\u00e6singar"}]},{"@type":"WebSite","@id":"https:\/\/velarogverkfaeri.is\/en\/#website","url":"https:\/\/velarogverkfaeri.is\/en\/","name":"V\u00e9lar & Verkf\u00e6ri","description":"Umbo\u00f0s- og heildverslun fr\u00e1 \u00e1rinu 1919","publisher":{"@id":"https:\/\/velarogverkfaeri.is\/en\/#organization"},"potentialAction":[{"@type":"SearchAction","target":{"@type":"EntryPoint","urlTemplate":"https:\/\/velarogverkfaeri.is\/en\/?s={search_term_string}"},"query-input":{"@type":"PropertyValueSpecification","valueRequired":true,"valueName":"search_term_string"}}],"inLanguage":"en-US"},{"@type":"Organization","@id":"https:\/\/velarogverkfaeri.is\/en\/#organization","name":"V\u00e9lar & Verkf\u00e6ri","url":"https:\/\/velarogverkfaeri.is\/en\/","logo":{"@type":"ImageObject","inLanguage":"en-US","@id":"https:\/\/velarogverkfaeri.is\/en\/#\/schema\/logo\/image\/","url":"https:\/\/velarogverkfaeri.is\/wp-content\/uploads\/2021\/10\/vv_logo_350x100.png","contentUrl":"https:\/\/velarogverkfaeri.is\/wp-content\/uploads\/2021\/10\/vv_logo_350x100.png","width":350,"height":100,"caption":"V\u00e9lar & Verkf\u00e6ri"},"image":{"@id":"https:\/\/velarogverkfaeri.is\/en\/#\/schema\/logo\/image\/"},"sameAs":["https:\/\/www.facebook.com\/VelarOgVerkfaeri"]}]}},"_links":{"self":[{"href":"https:\/\/velarogverkfaeri.is\/en\/wp-json\/wp\/v2\/product\/23635","targetHints":{"allow":["GET"]}}],"collection":[{"href":"https:\/\/velarogverkfaeri.is\/en\/wp-json\/wp\/v2\/product"}],"about":[{"href":"https:\/\/velarogverkfaeri.is\/en\/wp-json\/wp\/v2\/types\/product"}],"replies":[{"embeddable":true,"href":"https:\/\/velarogverkfaeri.is\/en\/wp-json\/wp\/v2\/comments?post=23635"}],"wp:featuredmedia":[{"embeddable":true,"href":"https:\/\/velarogverkfaeri.is\/en\/wp-json\/wp\/v2\/media\/34967"}],"wp:attachment":[{"href":"https:\/\/velarogverkfaeri.is\/en\/wp-json\/wp\/v2\/media?parent=23635"}],"wp:term":[{"taxonomy":"product_brand","embeddable":true,"href":"https:\/\/velarogverkfaeri.is\/en\/wp-json\/wp\/v2\/product_brand?post=23635"},{"taxonomy":"product_cat","embeddable":true,"href":"https:\/\/velarogverkfaeri.is\/en\/wp-json\/wp\/v2\/product_cat?post=23635"},{"taxonomy":"product_tag","embeddable":true,"href":"https:\/\/velarogverkfaeri.is\/en\/wp-json\/wp\/v2\/product_tag?post=23635"}],"curies":[{"name":"wp","href":"https:\/\/api.w.org\/{rel}","templated":true}]}}