{"id":23626,"date":"2023-04-28T17:41:22","date_gmt":"2023-04-28T17:41:22","guid":{"rendered":"https:\/\/vv-dev.webdev.is\/?post_type=product&#038;p=23626"},"modified":"2025-12-18T11:31:37","modified_gmt":"2025-12-18T11:31:37","slug":"crown-hledsluborvel-20v-2x4-0ah-60nm-ct21076hmx-4","status":"publish","type":"product","link":"https:\/\/velarogverkfaeri.is\/en\/verkfaeralausnir\/rafmagnsverkfaeri\/borvelar-rafmagnsverkfaeri\/product\/crown-hledsluborvel-20v-2x4-0ah-60nm-ct21076hmx-4\/","title":{"rendered":"CROWN Hle\u00f0sluborv\u00e9l 20V 2&#215;4.0Ah 60Nm CT21076HMX-4"},"content":{"rendered":"<p>Innihald<\/p>\n<ul>\n<li>Hel&#240;sluborv&#233;l CT21076HMX-4<\/li>\n<li>Grip handfang<\/li>\n<li>Beltis festing<\/li>\n<li>2 stk 4.0Ah Rafhl&#246;&#240;ur<\/li>\n<li>Hle&#240;slut&#230;ki<\/li>\n<\/ul>\n<p>T&#230;kniuppl&#253;singar<\/p>\n<div class=\"product-specs-list\">\n<table class=\"data-table\">\n<colgroup>\n<col width=\"25%\" \/>\n<col \/> <\/colgroup>\n<tbody>\n<tr class=\"odd\">\n<td class=\"a-left specname\" data-option-id=\"14\">Battery type<\/td>\n<td class=\"a-right specvalue\">Lithium-ion<\/td>\n<\/tr>\n<tr class=\"even\">\n<td class=\"a-left specname\" data-option-id=\"6\">Rated voltage<\/td>\n<td class=\"a-right specvalue\">20 V Max. *<\/td>\n<\/tr>\n<tr class=\"odd\">\n<td class=\"a-left specname\" data-option-id=\"5\">Battery capacity<\/td>\n<td class=\"a-right specvalue\">4 Ah<\/td>\n<\/tr>\n<tr class=\"even\">\n<td class=\"a-left specname\" data-option-id=\"7\">Battery charging time<\/td>\n<td class=\"a-right specvalue\">60 min<\/td>\n<\/tr>\n<tr class=\"odd\">\n<td class=\"a-left specname\" data-option-id=\"25\">No-load speed (gear I \/ II)<\/td>\n<td class=\"a-right specvalue\">0-400 \/ 0-1500 min&#175;&#185;<\/td>\n<\/tr>\n<tr class=\"even\">\n<td class=\"a-left specname\" data-option-id=\"1359\">Max. torque (soft \/ hard)<\/td>\n<td class=\"a-right specvalue\">45 \/ 55 Nm<\/td>\n<\/tr>\n<tr class=\"odd\">\n<td class=\"a-left specname\" data-option-id=\"15\">Chuck type<\/td>\n<td class=\"a-right specvalue\">Keyless chuck<\/td>\n<\/tr>\n<tr class=\"even\">\n<td class=\"a-left specname\" data-option-id=\"8\">Chuck tightening range<\/td>\n<td class=\"a-right specvalue\">1,5-13 mm<\/td>\n<\/tr>\n<tr class=\"odd\">\n<td class=\"a-left specname\" data-option-id=\"12\">Drilling output in steel<\/td>\n<td class=\"a-right specvalue\">13 mm<\/td>\n<\/tr>\n<tr class=\"even\">\n<td class=\"a-left specname\" data-option-id=\"11\">Drilling output in wood<\/td>\n<td class=\"a-right specvalue\">40 mm<\/td>\n<\/tr>\n<tr class=\"odd\">\n<td class=\"a-left specname\" data-option-id=\"16\">Max. screw diameter<\/td>\n<td class=\"a-right specvalue\">10 mm<\/td>\n<\/tr>\n<tr class=\"even\">\n<td class=\"a-left specname\" data-option-id=\"13\">Weight<\/td>\n<td class=\"a-right specvalue\">1,82 kg<\/td>\n<\/tr>\n<tr class=\"odd\">\n<td class=\"a-left specname\" data-option-id=\"1407\">* Maximum initial battery voltage (measured without workload) is 20 Volts. Nominal voltage is 18 Volts.<\/td>\n<td class=\"a-right specvalue\">&#8211;<\/td>\n<\/tr>\n<\/tbody>\n<\/table>\n<\/div>","protected":false},"excerpt":{"rendered":"<p>Innihald Hel&#240;sluborv&#233;l CT21076HMX-4 Grip handfang Beltis festing 2 stk 4.0Ah Rafhl&#246;&#240;ur Hle&#240;slut&#230;ki T&#230;kniuppl&#253;singar Battery type Lithium-ion Rated voltage 20 V Max. * Battery capacity 4 Ah Battery charging time 60 min No-load speed (gear I \/ II) 0-400 \/ 0-1500 min&#175;&#185; Max. torque (soft \/ hard) 45 \/ 55 Nm Chuck type Keyless chuck Chuck [&hellip;]<\/p>\n","protected":false},"featured_media":26001,"comment_status":"closed","ping_status":"closed","template":"","meta":[],"product_brand":[],"product_cat":[729,592,515],"product_tag":[],"class_list":{"0":"post-23626","1":"product","2":"type-product","3":"status-publish","4":"has-post-thumbnail","6":"product_cat-borvelar-rafmagnsverkfaeri","7":"product_cat-rafmagnsverkfaeri","8":"product_cat-verkfaeralausnir","10":"first","11":"instock","12":"taxable","13":"shipping-taxable","14":"purchasable","15":"product-type-simple"},"yoast_head":"<!-- This site is optimized with the Yoast SEO plugin v27.3 - https:\/\/yoast.com\/product\/yoast-seo-wordpress\/ -->\n<title>CROWN Hle\u00f0sluborv\u00e9l 20V 2x4.0Ah 60Nm CT21076HMX-4 - V\u00e9lar &amp; Verkf\u00e6ri<\/title>\n<meta name=\"robots\" content=\"index, follow, max-snippet:-1, max-image-preview:large, max-video-preview:-1\" \/>\n<link rel=\"canonical\" href=\"https:\/\/velarogverkfaeri.is\/en\/verkfaeralausnir\/rafmagnsverkfaeri\/borvelar-rafmagnsverkfaeri\/product\/crown-hledsluborvel-20v-2x4-0ah-60nm-ct21076hmx-4\/\" \/>\n<meta property=\"og:locale\" content=\"en_US\" \/>\n<meta property=\"og:type\" content=\"article\" \/>\n<meta property=\"og:title\" content=\"CROWN Hle\u00f0sluborv\u00e9l 20V 2x4.0Ah 60Nm CT21076HMX-4 - V\u00e9lar &amp; Verkf\u00e6ri\" \/>\n<meta property=\"og:description\" content=\"Innihald Hel&#240;sluborv&#233;l CT21076HMX-4 Grip handfang Beltis festing 2 stk 4.0Ah Rafhl&#246;&#240;ur Hle&#240;slut&#230;ki T&#230;kniuppl&#253;singar Battery type Lithium-ion Rated voltage 20 V Max. * Battery capacity 4 Ah Battery charging time 60 min No-load speed (gear I \/ II) 0-400 \/ 0-1500 min&#175;&#185; Max. torque (soft \/ hard) 45 \/ 55 Nm Chuck type Keyless chuck Chuck [&hellip;]\" \/>\n<meta property=\"og:url\" content=\"https:\/\/velarogverkfaeri.is\/en\/verkfaeralausnir\/rafmagnsverkfaeri\/borvelar-rafmagnsverkfaeri\/product\/crown-hledsluborvel-20v-2x4-0ah-60nm-ct21076hmx-4\/\" \/>\n<meta property=\"og:site_name\" content=\"V\u00e9lar &amp; Verkf\u00e6ri\" \/>\n<meta property=\"article:publisher\" content=\"https:\/\/www.facebook.com\/VelarOgVerkfaeri\" \/>\n<meta property=\"article:modified_time\" content=\"2025-12-18T11:31:37+00:00\" \/>\n<meta property=\"og:image\" content=\"https:\/\/velarogverkfaeri.is\/wp-content\/uploads\/2023\/06\/c235a9c1-886d-4553-b903-02ee663f3239.jpeg\" \/>\n\t<meta property=\"og:image:width\" content=\"985\" \/>\n\t<meta property=\"og:image:height\" content=\"766\" \/>\n\t<meta property=\"og:image:type\" content=\"image\/jpeg\" \/>\n<meta name=\"twitter:card\" content=\"summary_large_image\" \/>\n<script type=\"application\/ld+json\" class=\"yoast-schema-graph\">{\"@context\":\"https:\\\/\\\/schema.org\",\"@graph\":[{\"@type\":\"WebPage\",\"@id\":\"https:\\\/\\\/velarogverkfaeri.is\\\/verkfaeralausnir\\\/rafmagnsverkfaeri\\\/borvelar-rafmagnsverkfaeri\\\/product\\\/crown-hledsluborvel-20v-2x4-0ah-60nm-ct21076hmx-4\\\/\",\"url\":\"https:\\\/\\\/velarogverkfaeri.is\\\/verkfaeralausnir\\\/rafmagnsverkfaeri\\\/borvelar-rafmagnsverkfaeri\\\/product\\\/crown-hledsluborvel-20v-2x4-0ah-60nm-ct21076hmx-4\\\/\",\"name\":\"CROWN Hle\u00f0sluborv\u00e9l 20V 2x4.0Ah 60Nm CT21076HMX-4 - V\u00e9lar &amp; Verkf\u00e6ri\",\"isPartOf\":{\"@id\":\"https:\\\/\\\/velarogverkfaeri.is\\\/en\\\/#website\"},\"primaryImageOfPage\":{\"@id\":\"https:\\\/\\\/velarogverkfaeri.is\\\/verkfaeralausnir\\\/rafmagnsverkfaeri\\\/borvelar-rafmagnsverkfaeri\\\/product\\\/crown-hledsluborvel-20v-2x4-0ah-60nm-ct21076hmx-4\\\/#primaryimage\"},\"image\":{\"@id\":\"https:\\\/\\\/velarogverkfaeri.is\\\/verkfaeralausnir\\\/rafmagnsverkfaeri\\\/borvelar-rafmagnsverkfaeri\\\/product\\\/crown-hledsluborvel-20v-2x4-0ah-60nm-ct21076hmx-4\\\/#primaryimage\"},\"thumbnailUrl\":\"https:\\\/\\\/velarogverkfaeri.is\\\/wp-content\\\/uploads\\\/2023\\\/06\\\/c235a9c1-886d-4553-b903-02ee663f3239.jpeg\",\"datePublished\":\"2023-04-28T17:41:22+00:00\",\"dateModified\":\"2025-12-18T11:31:37+00:00\",\"breadcrumb\":{\"@id\":\"https:\\\/\\\/velarogverkfaeri.is\\\/verkfaeralausnir\\\/rafmagnsverkfaeri\\\/borvelar-rafmagnsverkfaeri\\\/product\\\/crown-hledsluborvel-20v-2x4-0ah-60nm-ct21076hmx-4\\\/#breadcrumb\"},\"inLanguage\":\"en-US\",\"potentialAction\":[{\"@type\":\"ReadAction\",\"target\":[\"https:\\\/\\\/velarogverkfaeri.is\\\/verkfaeralausnir\\\/rafmagnsverkfaeri\\\/borvelar-rafmagnsverkfaeri\\\/product\\\/crown-hledsluborvel-20v-2x4-0ah-60nm-ct21076hmx-4\\\/\"]}]},{\"@type\":\"ImageObject\",\"inLanguage\":\"en-US\",\"@id\":\"https:\\\/\\\/velarogverkfaeri.is\\\/verkfaeralausnir\\\/rafmagnsverkfaeri\\\/borvelar-rafmagnsverkfaeri\\\/product\\\/crown-hledsluborvel-20v-2x4-0ah-60nm-ct21076hmx-4\\\/#primaryimage\",\"url\":\"https:\\\/\\\/velarogverkfaeri.is\\\/wp-content\\\/uploads\\\/2023\\\/06\\\/c235a9c1-886d-4553-b903-02ee663f3239.jpeg\",\"contentUrl\":\"https:\\\/\\\/velarogverkfaeri.is\\\/wp-content\\\/uploads\\\/2023\\\/06\\\/c235a9c1-886d-4553-b903-02ee663f3239.jpeg\",\"width\":985,\"height\":766},{\"@type\":\"BreadcrumbList\",\"@id\":\"https:\\\/\\\/velarogverkfaeri.is\\\/verkfaeralausnir\\\/rafmagnsverkfaeri\\\/borvelar-rafmagnsverkfaeri\\\/product\\\/crown-hledsluborvel-20v-2x4-0ah-60nm-ct21076hmx-4\\\/#breadcrumb\",\"itemListElement\":[{\"@type\":\"ListItem\",\"position\":1,\"name\":\"Home\",\"item\":\"https:\\\/\\\/velarogverkfaeri.is\\\/\"},{\"@type\":\"ListItem\",\"position\":2,\"name\":\"Vefverslun\",\"item\":\"https:\\\/\\\/velarogverkfaeri.is\\\/vefverslun\\\/\"},{\"@type\":\"ListItem\",\"position\":3,\"name\":\"CROWN Hle\u00f0sluborv\u00e9l 20V 2&#215;4.0Ah 60Nm CT21076HMX-4\"}]},{\"@type\":\"WebSite\",\"@id\":\"https:\\\/\\\/velarogverkfaeri.is\\\/en\\\/#website\",\"url\":\"https:\\\/\\\/velarogverkfaeri.is\\\/en\\\/\",\"name\":\"V\u00e9lar & Verkf\u00e6ri\",\"description\":\"Umbo\u00f0s- og heildverslun fr\u00e1 \u00e1rinu 1919\",\"publisher\":{\"@id\":\"https:\\\/\\\/velarogverkfaeri.is\\\/en\\\/#organization\"},\"potentialAction\":[{\"@type\":\"SearchAction\",\"target\":{\"@type\":\"EntryPoint\",\"urlTemplate\":\"https:\\\/\\\/velarogverkfaeri.is\\\/en\\\/?s={search_term_string}\"},\"query-input\":{\"@type\":\"PropertyValueSpecification\",\"valueRequired\":true,\"valueName\":\"search_term_string\"}}],\"inLanguage\":\"en-US\"},{\"@type\":\"Organization\",\"@id\":\"https:\\\/\\\/velarogverkfaeri.is\\\/en\\\/#organization\",\"name\":\"V\u00e9lar & Verkf\u00e6ri\",\"url\":\"https:\\\/\\\/velarogverkfaeri.is\\\/en\\\/\",\"logo\":{\"@type\":\"ImageObject\",\"inLanguage\":\"en-US\",\"@id\":\"https:\\\/\\\/velarogverkfaeri.is\\\/en\\\/#\\\/schema\\\/logo\\\/image\\\/\",\"url\":\"https:\\\/\\\/velarogverkfaeri.is\\\/wp-content\\\/uploads\\\/2021\\\/10\\\/vv_logo_350x100.png\",\"contentUrl\":\"https:\\\/\\\/velarogverkfaeri.is\\\/wp-content\\\/uploads\\\/2021\\\/10\\\/vv_logo_350x100.png\",\"width\":350,\"height\":100,\"caption\":\"V\u00e9lar & Verkf\u00e6ri\"},\"image\":{\"@id\":\"https:\\\/\\\/velarogverkfaeri.is\\\/en\\\/#\\\/schema\\\/logo\\\/image\\\/\"},\"sameAs\":[\"https:\\\/\\\/www.facebook.com\\\/VelarOgVerkfaeri\"]}]}<\/script>\n<!-- \/ Yoast SEO plugin. -->","yoast_head_json":{"title":"CROWN Hle\u00f0sluborv\u00e9l 20V 2x4.0Ah 60Nm CT21076HMX-4 - V\u00e9lar &amp; Verkf\u00e6ri","robots":{"index":"index","follow":"follow","max-snippet":"max-snippet:-1","max-image-preview":"max-image-preview:large","max-video-preview":"max-video-preview:-1"},"canonical":"https:\/\/velarogverkfaeri.is\/en\/verkfaeralausnir\/rafmagnsverkfaeri\/borvelar-rafmagnsverkfaeri\/product\/crown-hledsluborvel-20v-2x4-0ah-60nm-ct21076hmx-4\/","og_locale":"en_US","og_type":"article","og_title":"CROWN Hle\u00f0sluborv\u00e9l 20V 2x4.0Ah 60Nm CT21076HMX-4 - V\u00e9lar &amp; Verkf\u00e6ri","og_description":"Innihald Hel&#240;sluborv&#233;l CT21076HMX-4 Grip handfang Beltis festing 2 stk 4.0Ah Rafhl&#246;&#240;ur Hle&#240;slut&#230;ki T&#230;kniuppl&#253;singar Battery type Lithium-ion Rated voltage 20 V Max. * Battery capacity 4 Ah Battery charging time 60 min No-load speed (gear I \/ II) 0-400 \/ 0-1500 min&#175;&#185; Max. torque (soft \/ hard) 45 \/ 55 Nm Chuck type Keyless chuck Chuck [&hellip;]","og_url":"https:\/\/velarogverkfaeri.is\/en\/verkfaeralausnir\/rafmagnsverkfaeri\/borvelar-rafmagnsverkfaeri\/product\/crown-hledsluborvel-20v-2x4-0ah-60nm-ct21076hmx-4\/","og_site_name":"V\u00e9lar &amp; Verkf\u00e6ri","article_publisher":"https:\/\/www.facebook.com\/VelarOgVerkfaeri","article_modified_time":"2025-12-18T11:31:37+00:00","og_image":[{"width":985,"height":766,"url":"https:\/\/velarogverkfaeri.is\/wp-content\/uploads\/2023\/06\/c235a9c1-886d-4553-b903-02ee663f3239.jpeg","type":"image\/jpeg"}],"twitter_card":"summary_large_image","schema":{"@context":"https:\/\/schema.org","@graph":[{"@type":"WebPage","@id":"https:\/\/velarogverkfaeri.is\/verkfaeralausnir\/rafmagnsverkfaeri\/borvelar-rafmagnsverkfaeri\/product\/crown-hledsluborvel-20v-2x4-0ah-60nm-ct21076hmx-4\/","url":"https:\/\/velarogverkfaeri.is\/verkfaeralausnir\/rafmagnsverkfaeri\/borvelar-rafmagnsverkfaeri\/product\/crown-hledsluborvel-20v-2x4-0ah-60nm-ct21076hmx-4\/","name":"CROWN Hle\u00f0sluborv\u00e9l 20V 2x4.0Ah 60Nm CT21076HMX-4 - V\u00e9lar &amp; Verkf\u00e6ri","isPartOf":{"@id":"https:\/\/velarogverkfaeri.is\/en\/#website"},"primaryImageOfPage":{"@id":"https:\/\/velarogverkfaeri.is\/verkfaeralausnir\/rafmagnsverkfaeri\/borvelar-rafmagnsverkfaeri\/product\/crown-hledsluborvel-20v-2x4-0ah-60nm-ct21076hmx-4\/#primaryimage"},"image":{"@id":"https:\/\/velarogverkfaeri.is\/verkfaeralausnir\/rafmagnsverkfaeri\/borvelar-rafmagnsverkfaeri\/product\/crown-hledsluborvel-20v-2x4-0ah-60nm-ct21076hmx-4\/#primaryimage"},"thumbnailUrl":"https:\/\/velarogverkfaeri.is\/wp-content\/uploads\/2023\/06\/c235a9c1-886d-4553-b903-02ee663f3239.jpeg","datePublished":"2023-04-28T17:41:22+00:00","dateModified":"2025-12-18T11:31:37+00:00","breadcrumb":{"@id":"https:\/\/velarogverkfaeri.is\/verkfaeralausnir\/rafmagnsverkfaeri\/borvelar-rafmagnsverkfaeri\/product\/crown-hledsluborvel-20v-2x4-0ah-60nm-ct21076hmx-4\/#breadcrumb"},"inLanguage":"en-US","potentialAction":[{"@type":"ReadAction","target":["https:\/\/velarogverkfaeri.is\/verkfaeralausnir\/rafmagnsverkfaeri\/borvelar-rafmagnsverkfaeri\/product\/crown-hledsluborvel-20v-2x4-0ah-60nm-ct21076hmx-4\/"]}]},{"@type":"ImageObject","inLanguage":"en-US","@id":"https:\/\/velarogverkfaeri.is\/verkfaeralausnir\/rafmagnsverkfaeri\/borvelar-rafmagnsverkfaeri\/product\/crown-hledsluborvel-20v-2x4-0ah-60nm-ct21076hmx-4\/#primaryimage","url":"https:\/\/velarogverkfaeri.is\/wp-content\/uploads\/2023\/06\/c235a9c1-886d-4553-b903-02ee663f3239.jpeg","contentUrl":"https:\/\/velarogverkfaeri.is\/wp-content\/uploads\/2023\/06\/c235a9c1-886d-4553-b903-02ee663f3239.jpeg","width":985,"height":766},{"@type":"BreadcrumbList","@id":"https:\/\/velarogverkfaeri.is\/verkfaeralausnir\/rafmagnsverkfaeri\/borvelar-rafmagnsverkfaeri\/product\/crown-hledsluborvel-20v-2x4-0ah-60nm-ct21076hmx-4\/#breadcrumb","itemListElement":[{"@type":"ListItem","position":1,"name":"Home","item":"https:\/\/velarogverkfaeri.is\/"},{"@type":"ListItem","position":2,"name":"Vefverslun","item":"https:\/\/velarogverkfaeri.is\/vefverslun\/"},{"@type":"ListItem","position":3,"name":"CROWN Hle\u00f0sluborv\u00e9l 20V 2&#215;4.0Ah 60Nm CT21076HMX-4"}]},{"@type":"WebSite","@id":"https:\/\/velarogverkfaeri.is\/en\/#website","url":"https:\/\/velarogverkfaeri.is\/en\/","name":"V\u00e9lar & Verkf\u00e6ri","description":"Umbo\u00f0s- og heildverslun fr\u00e1 \u00e1rinu 1919","publisher":{"@id":"https:\/\/velarogverkfaeri.is\/en\/#organization"},"potentialAction":[{"@type":"SearchAction","target":{"@type":"EntryPoint","urlTemplate":"https:\/\/velarogverkfaeri.is\/en\/?s={search_term_string}"},"query-input":{"@type":"PropertyValueSpecification","valueRequired":true,"valueName":"search_term_string"}}],"inLanguage":"en-US"},{"@type":"Organization","@id":"https:\/\/velarogverkfaeri.is\/en\/#organization","name":"V\u00e9lar & Verkf\u00e6ri","url":"https:\/\/velarogverkfaeri.is\/en\/","logo":{"@type":"ImageObject","inLanguage":"en-US","@id":"https:\/\/velarogverkfaeri.is\/en\/#\/schema\/logo\/image\/","url":"https:\/\/velarogverkfaeri.is\/wp-content\/uploads\/2021\/10\/vv_logo_350x100.png","contentUrl":"https:\/\/velarogverkfaeri.is\/wp-content\/uploads\/2021\/10\/vv_logo_350x100.png","width":350,"height":100,"caption":"V\u00e9lar & Verkf\u00e6ri"},"image":{"@id":"https:\/\/velarogverkfaeri.is\/en\/#\/schema\/logo\/image\/"},"sameAs":["https:\/\/www.facebook.com\/VelarOgVerkfaeri"]}]}},"_links":{"self":[{"href":"https:\/\/velarogverkfaeri.is\/en\/wp-json\/wp\/v2\/product\/23626","targetHints":{"allow":["GET"]}}],"collection":[{"href":"https:\/\/velarogverkfaeri.is\/en\/wp-json\/wp\/v2\/product"}],"about":[{"href":"https:\/\/velarogverkfaeri.is\/en\/wp-json\/wp\/v2\/types\/product"}],"replies":[{"embeddable":true,"href":"https:\/\/velarogverkfaeri.is\/en\/wp-json\/wp\/v2\/comments?post=23626"}],"wp:featuredmedia":[{"embeddable":true,"href":"https:\/\/velarogverkfaeri.is\/en\/wp-json\/wp\/v2\/media\/26001"}],"wp:attachment":[{"href":"https:\/\/velarogverkfaeri.is\/en\/wp-json\/wp\/v2\/media?parent=23626"}],"wp:term":[{"taxonomy":"product_brand","embeddable":true,"href":"https:\/\/velarogverkfaeri.is\/en\/wp-json\/wp\/v2\/product_brand?post=23626"},{"taxonomy":"product_cat","embeddable":true,"href":"https:\/\/velarogverkfaeri.is\/en\/wp-json\/wp\/v2\/product_cat?post=23626"},{"taxonomy":"product_tag","embeddable":true,"href":"https:\/\/velarogverkfaeri.is\/en\/wp-json\/wp\/v2\/product_tag?post=23626"}],"curies":[{"name":"wp","href":"https:\/\/api.w.org\/{rel}","templated":true}]}}