{"id":23532,"date":"2023-04-28T17:55:48","date_gmt":"2023-04-28T17:55:48","guid":{"rendered":"https:\/\/vv-dev.webdev.is\/?post_type=product&#038;p=23532"},"modified":"2026-03-18T09:16:10","modified_gmt":"2026-03-18T09:16:10","slug":"entrematic-rafknuin-hurdarpumpa-psw250-med-olnbogaarmi-sett-fyrir-thungar-hurdir-og-utihurdir","status":"publish","type":"product","link":"https:\/\/velarogverkfaeri.is\/en\/lykillausnir\/hurdabunadur-lykillausnir\/hurdapumpur\/product\/entrematic-rafknuin-hurdarpumpa-psw250-med-olnbogaarmi-sett-fyrir-thungar-hurdir-og-utihurdir\/","title":{"rendered":"ASSA ABLOY Rafkn\u00fain Hur\u00f0arpumpa SW300 me\u00f0 olnbogaarmi SETT Fyrir \u00feungar hur\u00f0ir og \u00fatihur\u00f0ir"},"content":{"rendered":"<p>SW300 fr\u00e1 ASSA ABLOY Entrance systems er sannarlega ein af \u00f6flugustu, \u00f6ruggustu og sveigjanlegustu rafkn\u00fanu hur\u00f0arpumpunum \u00e1 marka\u00f0num.<\/p>\n<p>Hur\u00f0arpumpan er nett, hlj\u00f3\u00f0l\u00e1t, kraftmikil og \u00fear a\u00f0 auki eru margir aukahlutir \u00ed bo\u00f0i fyrir hana sem tryggir aukin \u00fe\u00e6gindi og \u00f6ryggi. Hentar einstaklega vel fyrir um\u00f6nnunarstarfsemi (t.d. sp\u00edtala og hj\u00fakrunarheimili), fyrirt\u00e6ki og opninberar byggingar.<\/p>\n<p>SW300 er einungis 750 mm h\u00e1 og getur opna\u00f0 allt a\u00f0 250 kg hur\u00f0ir.<\/p>","protected":false},"excerpt":{"rendered":"<p>Ein af \u00f6flugustu, \u00f6ruggustu og sveigjanlegustu rafkn\u00fanu hur\u00f0arpumpunum \u00e1 marka\u00f0num<\/p>","protected":false},"featured_media":57412,"comment_status":"closed","ping_status":"closed","template":"","meta":[],"product_brand":[],"product_cat":[597,665,517],"product_tag":[1026],"class_list":{"0":"post-23532","1":"product","2":"type-product","3":"status-publish","4":"has-post-thumbnail","6":"product_cat-hurdabunadur-lykillausnir","7":"product_cat-hurdapumpur","8":"product_cat-lykillausnir","9":"product_tag-rafmagnshurdarpumpa","11":"first","12":"instock","13":"taxable","14":"shipping-taxable","15":"purchasable","16":"product-type-simple"},"yoast_head":"<!-- This site is optimized with the Yoast SEO plugin v27.3 - https:\/\/yoast.com\/product\/yoast-seo-wordpress\/ -->\n<title>ASSA ABLOY Rafkn\u00fain Hur\u00f0arpumpa SW300 me\u00f0 olnbogaarmi SETT Fyrir \u00feungar hur\u00f0ir og \u00fatihur\u00f0ir - V\u00e9lar &amp; Verkf\u00e6ri<\/title>\n<meta name=\"robots\" content=\"index, follow, max-snippet:-1, max-image-preview:large, max-video-preview:-1\" \/>\n<link rel=\"canonical\" href=\"https:\/\/velarogverkfaeri.is\/en\/lykillausnir\/hurdabunadur-lykillausnir\/hurdapumpur\/product\/entrematic-rafknuin-hurdarpumpa-psw250-med-olnbogaarmi-sett-fyrir-thungar-hurdir-og-utihurdir\/\" \/>\n<meta property=\"og:locale\" content=\"en_US\" \/>\n<meta property=\"og:type\" content=\"article\" \/>\n<meta property=\"og:title\" content=\"ASSA ABLOY Rafkn\u00fain Hur\u00f0arpumpa SW300 me\u00f0 olnbogaarmi SETT Fyrir \u00feungar hur\u00f0ir og \u00fatihur\u00f0ir - V\u00e9lar &amp; Verkf\u00e6ri\" \/>\n<meta property=\"og:description\" content=\"Ein af \u00f6flugustu, \u00f6ruggustu og sveigjanlegustu rafkn\u00fanu hur\u00f0arpumpunum \u00e1 marka\u00f0num\" \/>\n<meta property=\"og:url\" content=\"https:\/\/velarogverkfaeri.is\/en\/lykillausnir\/hurdabunadur-lykillausnir\/hurdapumpur\/product\/entrematic-rafknuin-hurdarpumpa-psw250-med-olnbogaarmi-sett-fyrir-thungar-hurdir-og-utihurdir\/\" \/>\n<meta property=\"og:site_name\" content=\"V\u00e9lar &amp; Verkf\u00e6ri\" \/>\n<meta property=\"article:publisher\" content=\"https:\/\/www.facebook.com\/VelarOgVerkfaeri\" \/>\n<meta property=\"article:modified_time\" content=\"2026-03-18T09:16:10+00:00\" \/>\n<meta property=\"og:image\" content=\"https:\/\/velarogverkfaeri.is\/wp-content\/uploads\/2024\/02\/c28677e3-3dce-4760-9e55-528809f9aca2.jpg\" \/>\n\t<meta property=\"og:image:width\" content=\"400\" \/>\n\t<meta property=\"og:image:height\" content=\"242\" \/>\n\t<meta property=\"og:image:type\" content=\"image\/jpeg\" \/>\n<meta name=\"twitter:card\" content=\"summary_large_image\" \/>\n<script type=\"application\/ld+json\" class=\"yoast-schema-graph\">{\"@context\":\"https:\\\/\\\/schema.org\",\"@graph\":[{\"@type\":\"WebPage\",\"@id\":\"https:\\\/\\\/velarogverkfaeri.is\\\/lykillausnir\\\/hurdabunadur-lykillausnir\\\/hurdapumpur\\\/product\\\/entrematic-rafknuin-hurdarpumpa-psw250-med-olnbogaarmi-sett-fyrir-thungar-hurdir-og-utihurdir\\\/\",\"url\":\"https:\\\/\\\/velarogverkfaeri.is\\\/lykillausnir\\\/hurdabunadur-lykillausnir\\\/hurdapumpur\\\/product\\\/entrematic-rafknuin-hurdarpumpa-psw250-med-olnbogaarmi-sett-fyrir-thungar-hurdir-og-utihurdir\\\/\",\"name\":\"ASSA ABLOY Rafkn\u00fain Hur\u00f0arpumpa SW300 me\u00f0 olnbogaarmi SETT Fyrir \u00feungar hur\u00f0ir og \u00fatihur\u00f0ir - V\u00e9lar &amp; Verkf\u00e6ri\",\"isPartOf\":{\"@id\":\"https:\\\/\\\/velarogverkfaeri.is\\\/en\\\/#website\"},\"primaryImageOfPage\":{\"@id\":\"https:\\\/\\\/velarogverkfaeri.is\\\/lykillausnir\\\/hurdabunadur-lykillausnir\\\/hurdapumpur\\\/product\\\/entrematic-rafknuin-hurdarpumpa-psw250-med-olnbogaarmi-sett-fyrir-thungar-hurdir-og-utihurdir\\\/#primaryimage\"},\"image\":{\"@id\":\"https:\\\/\\\/velarogverkfaeri.is\\\/lykillausnir\\\/hurdabunadur-lykillausnir\\\/hurdapumpur\\\/product\\\/entrematic-rafknuin-hurdarpumpa-psw250-med-olnbogaarmi-sett-fyrir-thungar-hurdir-og-utihurdir\\\/#primaryimage\"},\"thumbnailUrl\":\"https:\\\/\\\/velarogverkfaeri.is\\\/wp-content\\\/uploads\\\/2024\\\/02\\\/c28677e3-3dce-4760-9e55-528809f9aca2.jpg\",\"datePublished\":\"2023-04-28T17:55:48+00:00\",\"dateModified\":\"2026-03-18T09:16:10+00:00\",\"breadcrumb\":{\"@id\":\"https:\\\/\\\/velarogverkfaeri.is\\\/lykillausnir\\\/hurdabunadur-lykillausnir\\\/hurdapumpur\\\/product\\\/entrematic-rafknuin-hurdarpumpa-psw250-med-olnbogaarmi-sett-fyrir-thungar-hurdir-og-utihurdir\\\/#breadcrumb\"},\"inLanguage\":\"en-US\",\"potentialAction\":[{\"@type\":\"ReadAction\",\"target\":[\"https:\\\/\\\/velarogverkfaeri.is\\\/lykillausnir\\\/hurdabunadur-lykillausnir\\\/hurdapumpur\\\/product\\\/entrematic-rafknuin-hurdarpumpa-psw250-med-olnbogaarmi-sett-fyrir-thungar-hurdir-og-utihurdir\\\/\"]}]},{\"@type\":\"ImageObject\",\"inLanguage\":\"en-US\",\"@id\":\"https:\\\/\\\/velarogverkfaeri.is\\\/lykillausnir\\\/hurdabunadur-lykillausnir\\\/hurdapumpur\\\/product\\\/entrematic-rafknuin-hurdarpumpa-psw250-med-olnbogaarmi-sett-fyrir-thungar-hurdir-og-utihurdir\\\/#primaryimage\",\"url\":\"https:\\\/\\\/velarogverkfaeri.is\\\/wp-content\\\/uploads\\\/2024\\\/02\\\/c28677e3-3dce-4760-9e55-528809f9aca2.jpg\",\"contentUrl\":\"https:\\\/\\\/velarogverkfaeri.is\\\/wp-content\\\/uploads\\\/2024\\\/02\\\/c28677e3-3dce-4760-9e55-528809f9aca2.jpg\",\"width\":400,\"height\":242},{\"@type\":\"BreadcrumbList\",\"@id\":\"https:\\\/\\\/velarogverkfaeri.is\\\/lykillausnir\\\/hurdabunadur-lykillausnir\\\/hurdapumpur\\\/product\\\/entrematic-rafknuin-hurdarpumpa-psw250-med-olnbogaarmi-sett-fyrir-thungar-hurdir-og-utihurdir\\\/#breadcrumb\",\"itemListElement\":[{\"@type\":\"ListItem\",\"position\":1,\"name\":\"Home\",\"item\":\"https:\\\/\\\/velarogverkfaeri.is\\\/\"},{\"@type\":\"ListItem\",\"position\":2,\"name\":\"Vefverslun\",\"item\":\"https:\\\/\\\/velarogverkfaeri.is\\\/vefverslun\\\/\"},{\"@type\":\"ListItem\",\"position\":3,\"name\":\"ASSA ABLOY Rafkn\u00fain Hur\u00f0arpumpa SW300 me\u00f0 olnbogaarmi SETT Fyrir \u00feungar hur\u00f0ir og \u00fatihur\u00f0ir\"}]},{\"@type\":\"WebSite\",\"@id\":\"https:\\\/\\\/velarogverkfaeri.is\\\/en\\\/#website\",\"url\":\"https:\\\/\\\/velarogverkfaeri.is\\\/en\\\/\",\"name\":\"V\u00e9lar & Verkf\u00e6ri\",\"description\":\"Umbo\u00f0s- og heildverslun fr\u00e1 \u00e1rinu 1919\",\"publisher\":{\"@id\":\"https:\\\/\\\/velarogverkfaeri.is\\\/en\\\/#organization\"},\"potentialAction\":[{\"@type\":\"SearchAction\",\"target\":{\"@type\":\"EntryPoint\",\"urlTemplate\":\"https:\\\/\\\/velarogverkfaeri.is\\\/en\\\/?s={search_term_string}\"},\"query-input\":{\"@type\":\"PropertyValueSpecification\",\"valueRequired\":true,\"valueName\":\"search_term_string\"}}],\"inLanguage\":\"en-US\"},{\"@type\":\"Organization\",\"@id\":\"https:\\\/\\\/velarogverkfaeri.is\\\/en\\\/#organization\",\"name\":\"V\u00e9lar & Verkf\u00e6ri\",\"url\":\"https:\\\/\\\/velarogverkfaeri.is\\\/en\\\/\",\"logo\":{\"@type\":\"ImageObject\",\"inLanguage\":\"en-US\",\"@id\":\"https:\\\/\\\/velarogverkfaeri.is\\\/en\\\/#\\\/schema\\\/logo\\\/image\\\/\",\"url\":\"https:\\\/\\\/velarogverkfaeri.is\\\/wp-content\\\/uploads\\\/2021\\\/10\\\/vv_logo_350x100.png\",\"contentUrl\":\"https:\\\/\\\/velarogverkfaeri.is\\\/wp-content\\\/uploads\\\/2021\\\/10\\\/vv_logo_350x100.png\",\"width\":350,\"height\":100,\"caption\":\"V\u00e9lar & Verkf\u00e6ri\"},\"image\":{\"@id\":\"https:\\\/\\\/velarogverkfaeri.is\\\/en\\\/#\\\/schema\\\/logo\\\/image\\\/\"},\"sameAs\":[\"https:\\\/\\\/www.facebook.com\\\/VelarOgVerkfaeri\"]}]}<\/script>\n<!-- \/ Yoast SEO plugin. -->","yoast_head_json":{"title":"ASSA ABLOY Rafkn\u00fain Hur\u00f0arpumpa SW300 me\u00f0 olnbogaarmi SETT Fyrir \u00feungar hur\u00f0ir og \u00fatihur\u00f0ir - V\u00e9lar &amp; Verkf\u00e6ri","robots":{"index":"index","follow":"follow","max-snippet":"max-snippet:-1","max-image-preview":"max-image-preview:large","max-video-preview":"max-video-preview:-1"},"canonical":"https:\/\/velarogverkfaeri.is\/en\/lykillausnir\/hurdabunadur-lykillausnir\/hurdapumpur\/product\/entrematic-rafknuin-hurdarpumpa-psw250-med-olnbogaarmi-sett-fyrir-thungar-hurdir-og-utihurdir\/","og_locale":"en_US","og_type":"article","og_title":"ASSA ABLOY Rafkn\u00fain Hur\u00f0arpumpa SW300 me\u00f0 olnbogaarmi SETT Fyrir \u00feungar hur\u00f0ir og \u00fatihur\u00f0ir - V\u00e9lar &amp; Verkf\u00e6ri","og_description":"Ein af \u00f6flugustu, \u00f6ruggustu og sveigjanlegustu rafkn\u00fanu hur\u00f0arpumpunum \u00e1 marka\u00f0num","og_url":"https:\/\/velarogverkfaeri.is\/en\/lykillausnir\/hurdabunadur-lykillausnir\/hurdapumpur\/product\/entrematic-rafknuin-hurdarpumpa-psw250-med-olnbogaarmi-sett-fyrir-thungar-hurdir-og-utihurdir\/","og_site_name":"V\u00e9lar &amp; Verkf\u00e6ri","article_publisher":"https:\/\/www.facebook.com\/VelarOgVerkfaeri","article_modified_time":"2026-03-18T09:16:10+00:00","og_image":[{"width":400,"height":242,"url":"https:\/\/velarogverkfaeri.is\/wp-content\/uploads\/2024\/02\/c28677e3-3dce-4760-9e55-528809f9aca2.jpg","type":"image\/jpeg"}],"twitter_card":"summary_large_image","schema":{"@context":"https:\/\/schema.org","@graph":[{"@type":"WebPage","@id":"https:\/\/velarogverkfaeri.is\/lykillausnir\/hurdabunadur-lykillausnir\/hurdapumpur\/product\/entrematic-rafknuin-hurdarpumpa-psw250-med-olnbogaarmi-sett-fyrir-thungar-hurdir-og-utihurdir\/","url":"https:\/\/velarogverkfaeri.is\/lykillausnir\/hurdabunadur-lykillausnir\/hurdapumpur\/product\/entrematic-rafknuin-hurdarpumpa-psw250-med-olnbogaarmi-sett-fyrir-thungar-hurdir-og-utihurdir\/","name":"ASSA ABLOY Rafkn\u00fain Hur\u00f0arpumpa SW300 me\u00f0 olnbogaarmi SETT Fyrir \u00feungar hur\u00f0ir og \u00fatihur\u00f0ir - V\u00e9lar &amp; Verkf\u00e6ri","isPartOf":{"@id":"https:\/\/velarogverkfaeri.is\/en\/#website"},"primaryImageOfPage":{"@id":"https:\/\/velarogverkfaeri.is\/lykillausnir\/hurdabunadur-lykillausnir\/hurdapumpur\/product\/entrematic-rafknuin-hurdarpumpa-psw250-med-olnbogaarmi-sett-fyrir-thungar-hurdir-og-utihurdir\/#primaryimage"},"image":{"@id":"https:\/\/velarogverkfaeri.is\/lykillausnir\/hurdabunadur-lykillausnir\/hurdapumpur\/product\/entrematic-rafknuin-hurdarpumpa-psw250-med-olnbogaarmi-sett-fyrir-thungar-hurdir-og-utihurdir\/#primaryimage"},"thumbnailUrl":"https:\/\/velarogverkfaeri.is\/wp-content\/uploads\/2024\/02\/c28677e3-3dce-4760-9e55-528809f9aca2.jpg","datePublished":"2023-04-28T17:55:48+00:00","dateModified":"2026-03-18T09:16:10+00:00","breadcrumb":{"@id":"https:\/\/velarogverkfaeri.is\/lykillausnir\/hurdabunadur-lykillausnir\/hurdapumpur\/product\/entrematic-rafknuin-hurdarpumpa-psw250-med-olnbogaarmi-sett-fyrir-thungar-hurdir-og-utihurdir\/#breadcrumb"},"inLanguage":"en-US","potentialAction":[{"@type":"ReadAction","target":["https:\/\/velarogverkfaeri.is\/lykillausnir\/hurdabunadur-lykillausnir\/hurdapumpur\/product\/entrematic-rafknuin-hurdarpumpa-psw250-med-olnbogaarmi-sett-fyrir-thungar-hurdir-og-utihurdir\/"]}]},{"@type":"ImageObject","inLanguage":"en-US","@id":"https:\/\/velarogverkfaeri.is\/lykillausnir\/hurdabunadur-lykillausnir\/hurdapumpur\/product\/entrematic-rafknuin-hurdarpumpa-psw250-med-olnbogaarmi-sett-fyrir-thungar-hurdir-og-utihurdir\/#primaryimage","url":"https:\/\/velarogverkfaeri.is\/wp-content\/uploads\/2024\/02\/c28677e3-3dce-4760-9e55-528809f9aca2.jpg","contentUrl":"https:\/\/velarogverkfaeri.is\/wp-content\/uploads\/2024\/02\/c28677e3-3dce-4760-9e55-528809f9aca2.jpg","width":400,"height":242},{"@type":"BreadcrumbList","@id":"https:\/\/velarogverkfaeri.is\/lykillausnir\/hurdabunadur-lykillausnir\/hurdapumpur\/product\/entrematic-rafknuin-hurdarpumpa-psw250-med-olnbogaarmi-sett-fyrir-thungar-hurdir-og-utihurdir\/#breadcrumb","itemListElement":[{"@type":"ListItem","position":1,"name":"Home","item":"https:\/\/velarogverkfaeri.is\/"},{"@type":"ListItem","position":2,"name":"Vefverslun","item":"https:\/\/velarogverkfaeri.is\/vefverslun\/"},{"@type":"ListItem","position":3,"name":"ASSA ABLOY Rafkn\u00fain Hur\u00f0arpumpa SW300 me\u00f0 olnbogaarmi SETT Fyrir \u00feungar hur\u00f0ir og \u00fatihur\u00f0ir"}]},{"@type":"WebSite","@id":"https:\/\/velarogverkfaeri.is\/en\/#website","url":"https:\/\/velarogverkfaeri.is\/en\/","name":"V\u00e9lar & Verkf\u00e6ri","description":"Umbo\u00f0s- og heildverslun fr\u00e1 \u00e1rinu 1919","publisher":{"@id":"https:\/\/velarogverkfaeri.is\/en\/#organization"},"potentialAction":[{"@type":"SearchAction","target":{"@type":"EntryPoint","urlTemplate":"https:\/\/velarogverkfaeri.is\/en\/?s={search_term_string}"},"query-input":{"@type":"PropertyValueSpecification","valueRequired":true,"valueName":"search_term_string"}}],"inLanguage":"en-US"},{"@type":"Organization","@id":"https:\/\/velarogverkfaeri.is\/en\/#organization","name":"V\u00e9lar & Verkf\u00e6ri","url":"https:\/\/velarogverkfaeri.is\/en\/","logo":{"@type":"ImageObject","inLanguage":"en-US","@id":"https:\/\/velarogverkfaeri.is\/en\/#\/schema\/logo\/image\/","url":"https:\/\/velarogverkfaeri.is\/wp-content\/uploads\/2021\/10\/vv_logo_350x100.png","contentUrl":"https:\/\/velarogverkfaeri.is\/wp-content\/uploads\/2021\/10\/vv_logo_350x100.png","width":350,"height":100,"caption":"V\u00e9lar & Verkf\u00e6ri"},"image":{"@id":"https:\/\/velarogverkfaeri.is\/en\/#\/schema\/logo\/image\/"},"sameAs":["https:\/\/www.facebook.com\/VelarOgVerkfaeri"]}]}},"_links":{"self":[{"href":"https:\/\/velarogverkfaeri.is\/en\/wp-json\/wp\/v2\/product\/23532","targetHints":{"allow":["GET"]}}],"collection":[{"href":"https:\/\/velarogverkfaeri.is\/en\/wp-json\/wp\/v2\/product"}],"about":[{"href":"https:\/\/velarogverkfaeri.is\/en\/wp-json\/wp\/v2\/types\/product"}],"replies":[{"embeddable":true,"href":"https:\/\/velarogverkfaeri.is\/en\/wp-json\/wp\/v2\/comments?post=23532"}],"wp:featuredmedia":[{"embeddable":true,"href":"https:\/\/velarogverkfaeri.is\/en\/wp-json\/wp\/v2\/media\/57412"}],"wp:attachment":[{"href":"https:\/\/velarogverkfaeri.is\/en\/wp-json\/wp\/v2\/media?parent=23532"}],"wp:term":[{"taxonomy":"product_brand","embeddable":true,"href":"https:\/\/velarogverkfaeri.is\/en\/wp-json\/wp\/v2\/product_brand?post=23532"},{"taxonomy":"product_cat","embeddable":true,"href":"https:\/\/velarogverkfaeri.is\/en\/wp-json\/wp\/v2\/product_cat?post=23532"},{"taxonomy":"product_tag","embeddable":true,"href":"https:\/\/velarogverkfaeri.is\/en\/wp-json\/wp\/v2\/product_tag?post=23532"}],"curies":[{"name":"wp","href":"https:\/\/api.w.org\/{rel}","templated":true}]}}