{"id":23471,"date":"2023-04-28T17:42:57","date_gmt":"2023-04-28T17:42:57","guid":{"rendered":"https:\/\/vv-dev.webdev.is\/?post_type=product&#038;p=23471"},"modified":"2026-01-14T08:30:31","modified_gmt":"2026-01-14T08:30:31","slug":"bahco-rortong-horn-nr-444b-2-1-2-45","status":"publish","type":"product","link":"https:\/\/velarogverkfaeri.is\/en\/verkfaeralausnir\/handverkfaeri\/pipulagningarverkfaeri\/product\/bahco-rortong-horn-nr-444b-2-1-2-45\/","title":{"rendered":"BAHCO R\u00f6rt\u00f6ng horn nr 444B, 2.1\/2&#8243; 45\u00b0"},"content":{"rendered":"<p><img decoding=\"async\" src=\"data:image\/png;base64,iVBORw0KGgoAAAANSUhEUgAAAdoAAAEYCAYAAAD7xDcQAAAAAXNSR0IArs4c6QAAAARnQU1BAACxjwv8YQUAAAAJcEhZcwAADsMAAA7DAcdvqGQAACD3SURBVHhe7d3fb1TVwv\/xj9+\/wZaD7RNRmgkEAc9RFAPRC0hLUjViYmoI3xAn8PTmgBfk1BApaSiG2MQLxQtHeMaYb0NoTOTEhya0gQtPMHLEc44tEMikaImt2Kn3XvJda+21Z\/b86g+ZNYXyfiVbZ+\/Ze34ka+3P+jXlkbuGAABAEP\/H\/x8AAARA0AIAEBBBCwBAQAQtAAABEbQAAARUJWivK7PzTb1ac8tq3J85nomOZcb8gQXJa\/gde90RDef9oQXzny1z3e8vUH5UPfa6d0Y14w9Fn734XQAACKF2jzaV1smzZ\/RVxZbWBndCXj\/\/6B7o1tRiEnNWUzn7\/5ym7rgD4d2Z0k37\/9xUIWgBAGiEexg6blbn+1H4DnQ2+2MLsU7dPrS7N\/pDoW1MlzUSAABoDOZoAQAI6J6Cdmb4SOVc61jWzdtW2+K53Ir5UXdNtB\/P+0bbAudQ4znYmtctcG638NmT15fPWZd9X\/fe0bHkZ1\/cvDUAYLmqb4\/WBlXfqNbs\/cgP1X6k7lT0lD0291DxqA6bgBps9ddm0lpjjyUWMFXjwr47KxXe84yO7bCvtcjFVjYwzWfXjl7zGn6I2YVov4YL89X2++SU6S5\/bXvsTR2WvTb6DA0bFgcA3NdqB20uq32FXpzf5gu9qUm3iOpgYc62WZ0HbWBKq1vnn8ft7EvM9za36+Bek9K5S\/q+ZmBe199P5VyIJ+eJN3RHgfj1lYUmrem1mrC+aQO1e50\/ZpjPMGCD8\/12rYgO+O9T5bVtQCevBQDAqB201VYdFwKnuhWtq1xA\/z0xbDpz5ZJuKqXWlf7AIrjXm8vYPzVs\/nfz1IHSBsHOA8rkzPGp2ei8OdmfG\/le6zzfz2lu0Wr\/MGlNa5N\/BABAUX2HjjeasDK90OG+YujtMz3Ozr6jWtTC5EWyPeGSBkG8zdvDtEPMNpRT6j5YO2RL541NKPvjAADMp75B64Zype5MaeAFm69c2eqGpf+4dh0rzLtWWXjlF0cdPm+CuPCdetXpnwYAYD51Xgxlh3Ib+Ico\/DDu8Om5547nZn8PbMPT9m5Lw3b88qgfQg\/bIwcALF91Hjp+2a0yTg4dx1vPopYAL9Q6dfe1Rwu3Egu1op8dLeY97R\/R8GGbeJ0VrXYxVmLOOV6F7HcBAJhP7aCtturYbbV\/2zqeOaCMyhdRRT\/xuXnq48X93Gah7F99sj8FSnzeaF74jA5u8ucsiAnbwutEP99Z0fnX0obDB9LBxE+WAACYzyN3Df\/4Htk\/7NAvmYCrmJN1v6+dNEHGECwA4OFSx6HjJtmR1uG+sj\/m4P+IhXZ0EbIAgIdOHXu0EftTmMPn\/Y5nh3H5S0kAgIdR3YMWAAAU1fl3tAAAIImgBQAgIIIWAICACFoAAAIiaAEACIigBQAgIIIWAICACFoAAAIiaAEACIigBQAgIIIWAICACFoAAAIiaAEACIigBQAgIIIWAICACFoAAAIiaAEACIigBQAgIIIWAICAHrlr+MfO77\/\/7h8BAIB7RY8WAICACFoAAAIiaAEACIigBQAgIIIWAICACFoAAAIiaAEACIigBQAgIIIWAICACFoAAAIiaAEACIigBQAgIIIWAICACFoAAAKq+z+Tlx95T\/s\/n\/B7xvYeDaXX+p0bymaldGEfWD6uZd9S\/wW\/U6JN6Q\/fVUeTeXh1UF3HL0aHjdSeAfW7JwAsV\/UNWncTkXpP79ZT7sCsRo58Ku1P3GSuPJMI3vop3uTalGozQb+FGxiWnmt4frNZJ45uU7OrH7eLoWsbnrsGpEOfKb3enQ5gGarr0PG1K6alvv0ZH7JWkzqOxjcVc9P55Xb0IICn0p\/pxJ4282hCOZOzTzxGyGKp3dC5zyfU8YYJWbPnyv\/21wv1QVqr57ZLP\/0y6\/cBLEd1DdrmFhN0F77USJX7hu1xuiHlCwPq2vWWurI3\/DO212v27TGz9dqLZy+q1+937RrUNX+m7R3Y6+xrueeOXFTeP2dfJ\/\/Yf2vo9Gca+nC3fjpevA5YCvkRUxfadutl31tt\/stmpUrqxw19d6F6o7CirLt6UFpXslf9ya5n\/J5GrhbrjatHtgft90vrCoBGqvMcbTQUNuL3Sudno5vH\/unXS47ZG8l3m+Khs\/j6sjmtL1a6oTf5+d+OiqE2ewPqUTaeGt6+W+nJQU2\/wZAclkqtYeFkHUmU8zLxWoe4rJfvl07T+Nc0oe6GqCv2o\/pxiekUYEnUedXxWqVtj\/J0jzrsruu9zt2ztEO+xRtRNJRWMry2\/hl1TFzWf+JeQKKHEPEhu8qEuntvs22640KXITkslfLerON6mP\/Sc3E5Pf26pt\/2vc9qkr3hxx43\/92m5+LX+9NKpXRb04lL4yFq6VHZwaXUlg1+v0ktq6Tc9G9uD0BjBfp5TzJwL+q7whBXdcXhMb+gKR5edluih1zN7LguTZiewSuJBVbrd6vXBjawJErnZiOmQfjFRaX2dCTWMJh6cmibct+MM6wLLGOBf0cbtaxri+achloGCr1RG5D2Jw+F3qnbqg+v1Tar6UkWRGFpVO3NzmXiDkELLGN1DNooNIsLNIyrI8pOJIa7Kvym6ZIVwtHikNznn5YsqMrPzjEE3LRNXdsnlP3feHGVMe\/7AqFU681aTfrzljZTtkcSUyk3lD1e3ssFsNzUL2hnf1PLG3a1b3EYuPQ3tfGqSz8s7FZBrtXLe9o0UrjGz199uFmX3o6PvaUTJ0aqrmSOPZUeUHoyMdxc9r5AY9jGZrQIqVpvtrnjXZ3Yc1v9cTm10yLbe1igBCxzdf\/LUAAAoCjwHC0AAA83ghYAgIAIWgAAAiJoAQAIiKAFACAgghYAgIAIWgAAAiJoAQAIiKAFACAgghYAgIAIWgAAAiJoAQAIiKAFACAgghYAgIAq\/pk8AABQP\/RoAQAIiKAFACAgghYAgIAIWgAAAiJoAQAIiKAFACAgghYAgIAIWgAAAiJoAQAIiKAFACAgghYAgIAIWgAAAiJoAQAIiKAFACCgugftzPARvbrzzeKWue6fsa4rU7IPLDP5UfUkyn\/PcN4\/Udt4xpz7zqhm\/H4lU292HlH8Uu78wntkNR4dLuU+h30ur+F33lRmzB8H0HD1DdqxrPadWqVjZ8\/oK7d9pO4fhwo3CI39U8P+Yb0Vbz5H1GNuLAu5wQF1ZcOt+5JeysTlv1erTx2YoyxGIXj4vN+tYWZ4SLf2\/lWdzVE5P6xe\/\/pndHLvpA7XClsA94W6Bu345VFpx\/Pa4PelZnW+f9TdIKyZqcnoQQAbuu1NJ2Ue5XQzJ61u9W8KNMjMlUu6uaOrUN6ldXrNlMmbU7N+P8n2Ug8o86QJzb52f6yavL7\/h\/TSJvui1\/Xt+ZS6d66LnjJWdJr306R+Ls\/y5hatTrVqhamD\/\/VkSq0r\/XEADVfXoF3RaoLufKIHm2Bb4vtOmQQ83x\/1PAtDyFGrPh4Kc63\/kuG3YmvdDUub6wq915LhtrxmWv8atfQzad3qo5WPxlrReVRfdRdD0JqZMmW+mnyTXrNltez8CmPnTBjH4b1O3WeLDVcnP61b\/mEpc+777SZobSO07BoADVXfoHWt65wy3T4IE\/OxhR7nDj\/s5W8w45kDmtoVDYPFQ22vJoff+qTDyUA1Qf3tZv+cv5FEYX1Ah\/vMtfZ9z5oeQGpU3zIvhaVkGoyD56XOzVXCtLnZl9252VGiqtd742ezupnaqmcJUuC+VefFULbFHQVmp911vde5e5Y2gLs3+h1z\/Qs7zP+Sw28bn1dn7pK+j3vJqbReK5xvRSHrhuDce5tt85QypiNxa6rW3BgQ2nXT4MxKez9KlO9FskH9Y3l5L7IjPIfPt+tYocEJ4H5U56CNJQN3\/p5lchWlWxgSDy+7rX\/uBVT5H\/R1rnTeShvTOmYDG1gSdv7VlNsdvRq4hzFbO+erF5+uGqI2ZPedkroz6cSaCAD3o0BBG2uSnbatLZqfHWz9qNAbtQG5xvQCCr1Tty12jimvn39kQRSWQjFk551\/ndN1\/f3UKu2uUvCLIcvcK\/AgqGPQRqFZ8ns9u5Aj164Xag6dzcquFSkGol1VKd089XHJgqqZ\/BxDwM3t2r0jp8zZxO9z531fIIS5Q9aN3Cz0d+T2p3AlK\/gjhCzw4HnkruEf35v8dY3fmdZgX1Y3\/SGpXcfOJoa23O8M\/fOptE6+3y65G0e8MtOfnzzPWJNq10sH03r2ijn3H1vddaXDaX6etrDAs+x9geDKy2CSLY8v62f7vKJyb8tvFJplF7h68bS+f+dj6WBZmI5l9WrfqN8pZUeB7mWYGkA49QtaAPVhGprDd9rVyYgMsCwQtAAABBR4MRQAAA83ghYAgIAIWgAAAiJoAQAIiKAFACAgghYAgIAIWgAAAiJoAQAIiKAFACAgghYAgIAIWgAAAiJoAQAIiKAFACCgin+95\/fff\/ePAADAvaJHCwBAQAQtAAABEbQAAARE0AIAEBBBCwBAQAQtAAABEbQAAARE0AIAEBBBCwBAQAQtAAABEbQAAARE0AIAEBBBCwBAQAQtAAAB1fefybs6qK7jUu\/p3XrKH1oK17JvqV89Gkqv9UeAxsiPvKf9n0\/4vUjHoc+UXu93Elw5ndytE0e3qdkf0+xF9b49qJzfdbZTloEHGT1aoI7y0xMuWIdOF7dqIWsDuX+yTSm\/X\/DrHeVssCauJ2SBBxtBC9TNrKZNeLb8ye\/WcnXQ9HofV+8bj5f2XI38L7eVannU7wFYDhoatLYV37XrLb8N6po\/7obL7L4deq72vG4oWzhe3HpHZqOny677LjoKNNhvMh3audmyfvy20h9Wn16xPeKFcHUpe8MNP8fl\/poJ+pEj8f5byl71J7v6855Grtp6Fj3n6k6y3hy5qLw\/G0B9NSxoo7kr04qPh8MOSf0llfui+q8844fLBpRuM\/vmRmJdyw7opz0DhaG03u1Syuz3dzT5G9fFxHDdM9IFdxnQWLO\/6CdNKPt2tbCzTOC9PagnDr0rW3Qr2R6xlPu8pxiAvg5UdWFA322Kyv2JPbfVv6tH02\/4enBom0aOJxur5nN9Ie13daRHT9j3+GKlTrh9U980qBNxwxVAXTUoaGf1n2\/s3FWiFb++w1Tuy\/pPoW63Kf1KPBfVpD9vaZMmfzFBHN18asn\/+7Kb0yrOg63VcyaIgYZr2qZ+F1x+M73Wn44XwzZuMFabs400qeNo4nobgJMDtcO2bbde9q\/V\/Njj5r\/b9Fz82n9aqZRuazqRnR1vxIuuHlWLqV6pLRv8fpNaVpmAn\/7N7QGorwYFbTSkNmJuOoWWuml9ZycmNP2rP6Ume\/MZ0NZviq18u1Jzv+8SLHSoDWg4E7xdptE3csUE5exFDV0o660ev2g6moPabx6X9nxjpuybcNSFfyV6pgAeNA0K2qgFXb4a0261W\/dF+ZFPdWlLceh4KPlzCOBBUN7btdshE6KmV2qHbxdSDwA8mBoUtNFQ8MgXpQsu8rMLmxNq\/stmKdkTsJuf331qk23xf6nC9JLvOQANd3WwtGdq9vsvJKdE5nND2ZJhYrNver2pPR1L+rt0APcmQNBeVH8yEM1mVzg2d7yrE1suu2Gy+PiJEyPFgKzJLiC5o66S3kCPOiYGdc7e1NabHsEeFRegnJC69pjuM9BQsxr5xfwvOT3i\/nhLrYVPlfLuBQaK1+8akA59Fi36A\/DAqu9fhgrBrip++7K2fpi4YbljNnyX9i9QAQAwn\/s\/aC37ez+7cKRg25L\/mUcAABbiwQhaAAAeUA1aDAUAwMOJoAUAICCCFgCAgAhaAAACImgBAAiIoAUAICCCFgCAgAhaAAACImgBAAiIoAUAICCCFgCAgAhaAAACqvhHBQAAQP3QowUAICCCFgCAgAhaAAACImgBAAiIoAUAICCCFgCAgAhaAAACImgBAAiIoAUAICCCFgCAgAhaAAACImgBAAiIoAUAICCCFgCAgIIF7XjmTb2684iG8\/5AibyG37HPmy1z3R+rIT+qTPUXAe5rrg68M6oZv2\/NDB+Jyn1iy4z5J5NMue+Jz5mzjiTq0pznX1fGP98T16exrL+mVj1doKp11LzffHUbeFjYf4+2\/q7d\/eS13rt\/6+m6+7dzM\/5Y0a\/neu++8sk1vzc3e26115jL2Cddd195zW61PwMQkivjPbb8jdz91R+zbNn85Ae\/U9PM3XPm2rjY1rzmh\/9x5by8fEflv3i9ZY+VnhfV0XpUjap11H62BdZxYLkL0qOdGR7ScGqrDu5q181T5zTuj8dmpnJa09rk9+Zmz12sDd1ndHJvyjzK6aa5fHVrc\/QE0Aimp7jv1Cod27VKN\/2hSF4\/\/5hS60q\/W9OsprRVz\/piu2Fzu25NVekx9o1qzd6PNNBZWr5t+T+2I6fMB3Fv2r5vWT3IT+uWVum\/6lA1qtXRmalJ\/wjAIzZt\/eM6sUNZBzS164y6NyYfF5\/LJOpldKNQ6fFUWifff1rfVz3X3BnskJe5ycQ6++LXj+U1PmZuOBvNuXYIrntKu8+mtcE+Ne+1wD1w5e2SXsocVecdU9ZOt5qy3K4V7kk7fDukVvvcnAFn68nH0sHoPDsE\/e3msnLqyrF0LC7X5Qqfo0tT3f0a9oetzv\/bruH\/V6wDUnv0OnPUDTvkve9UXBn9+TXq8+6pAzp83h+wdvTqq+51fgd4CLl+bT3NjNz922v\/c3fM70ZDaJXDZ8mhpopzZq7dHfNPVx\/yKr5++ftFw27x0LHZPhlx+9HQ23zXAvfClq\/EMK8dPi0p17a8Jcpm8twK0WtFZbhyCLZavSqV\/CxRnSh5r4qyX\/bZjbEfovd175U8t+x7VdZRfw1Dx4BT96Hj8bNZ3dzxfKGVvaKzS525S\/p+vsUWuaniopHmddpQs8W\/Tt3JVnxzi1ZrUj+71\/ct7CdNC\/rsmWjbPOVa3NHQ21zXAvdmPNOvW6ZHV3OEpLldA3G5tFsmrVt9NRZDubLqz2tgbzA5RL1ho33fvL7\/R870bhP1ZuPL6tYC6jQAp85Be13f2iGj8\/3FFZA77bBVTl9fqV0rV3Qe1Vd90uHyVZE1FVdQRq\/v5X\/Q17mUuncmbkwb0zq2wz92alwL3Iv8qAZN2b956oAvW2azw7C5rPaZx1XD1ATvblM2hy8vfnXuitZVpY3Tcm4OdiHzwTEb7B\/ppX\/Enz\/r11bMyk7BDpsGQeF77bTDxTlN3XEnAJhHXYM2WgSV1slkq91ufdUXRZUwgRid36vV5mZVvZVv2LknN88Vv36vOv1T1SUWgiz6WmCBynurdjPl3q03MI\/rvg5g4\/Om7Jpwr9EodSNLqeKCqoVpVuf70Wc\/uXdSh91Pk5rUmorma0u+W4jvBCxTdQzaaIhpzYtP+4UfCf6m8G2t8By7XhbCc7TE70yV3kDG\/lnslboeQk6Zs4kewtg50\/pu1wv2pjDXtUBoY9nSBqTZP3y+bARmwUwPNJOWTKO0fATILp5yr3swXoS1EHYBYVloP9lirm\/Wsy+mNHy67PfA+flGnQDE6rbqOFqVKFP5q6+ojCp\/tFpR5vFga\/FnCePm2sFTucJPIUp+spBcCelWLzaVrnTckVb3j5cKKzTtDaN0JWS8QtIqe67iWqCObNktrDo2ZW\/4nKZOjSYad8my+UdVrvytXOUbnVNc\/W8Pla3Gz19X5oN+DVetN+Wrjk0dTbXrpYPpqN5U1FHz3u71Ta\/aHnO\/IlhM6APLS4Cf9wAAgFiQP1gBAAAiBC0AAAERtAAABETQAgAQEEELAEBABC0AAAERtAAABETQAgAQEEELAEBABC0AAAERtAAABETQAgAQEEELAEBABC0AAAFV\/DN5v\/\/+u38EAADuFT1aAAACImgBAAiIoAUAICCCFgCAgAhaAAACImgBAAiIoAUAICCCFgCAgAhaAAACImgBAAiIoAUAICCCFgCAgAhaAAACImgBAAgoTNDOXlTvrrfUldyOXFTePw0sS9XK\/a73NDLrn\/euZe3xQV3z5\/eWn1DVDWWzN\/zj2KxGjpjXsnXr6qB7v+xV\/1S9uM9Y+R3k36+r4jP9EdW+G7B81P3fo7U3kf4LbUp\/+K46mvxBIz\/ynvZ\/s1knjm5Tsz+2aLbSvz2onHmYamtTbuJx9Z7eraeiZ4Gl5crnZW1NlH1X7j+vQzm1wXblGQ2l1\/oDDVLlO8X1UHsG1J+s5H\/UUn03oEHq26M1FaZayFrNHe9q6F5C1mrapv7TPeowD3MTE1Lbynt7PSCw5o7XTXm9qO\/usaeZ\/+W2f7TUTC\/6hGnsbu+pT8ga9893A8Koa4\/W9WbVs7CWaaJ3anUc+kzp9fbRDWV3famWQ5t16Xj0fPE54+oNXVu\/1vUO7PsNtdSpVQ3cq2q9P1eeB6REGY56uaah6CXLd1Sme7T1mwFl7Skm0HplyviF6HnHHIvrWDSC5B4ayUZuZT0qfb78Wq9td+moU9l3ctdMlp1j2V7p8Yt+Z57vZKR8b7jiMyS+G7Bc1LFHO6vpSVOBWh71+3PwIfuEqYxDp+3WIx1PzgNNKPuFtN89lwxZW5lNBfVzX9Mt25T7Zpy5X9y3rmUHNGLC6+WSkLVDyb7sf7hbPx0vnVvNff6lKfz+eRM6T6U\/04k9bVEI+WNWIfTi1zr0uLJv165HvdvN\/gm\/VsKOPpVcu60yZMvYz95\/YZt6K84xoX5cZd9pUNf8s1bJdzLvlfv8U\/c5a303YDkJv+rYhqoLRr9owxzK\/\/uyG3oqBKjW6uU90qV\/F1dcdLxRrcV827TIfWU9\/d\/SN6YFPXGHoMV9xITZ2768m82N8BSCaVb\/+WbC9PYS87VN29S1XRq5klgMtP31iqmXSjf0nZ2m2Z+oJ+s7lG6bqFmPntpkwtTXl8UN10bfyfbCU3s6qsw1r1U6OQfd9Jie0G1NFz9G6Xda\/4w6zGtO\/+r3gWWujkHbpJZVpuU6\/Zvf99y8atSKjeWnJ6QLA4Wbkd1sJa64NuHaFROqJTegJnXs362U3wPuD3Z41jYEB0zo+UMFv8kW\/XLNLebEyV8W12Cc\/UU\/+YdFNepgFXbNxIktl7U\/roO2EZsM7RL+O5meqj7vqbFK2g5Vx\/XZ9OL9UQB17tG6FvOFLyt\/ClDG3VjioaLktthho1\/vKMeCKNyXfEPQNCiLw8KPyhb9cq7hueqxxZVj12sst7jpmxP2VwCF+le5gLGCbTRXC1s3avWlWgqjTdGCRQCR+g4dr98dzQOVzBNFkkNVzX\/ZbG5AZYE8Oztni\/6pV+xNK3nNrEa+uKjUlg0ELe5PNpgObdNIYf1Bk\/68pc3sJ+YvTUgNXZA6Ni12bnKtnkvOuVpXR5SdaNPWv8w77mw+ygZt1WCxR+u2Kr+XLVctbF2Dd7P+HL\/t1X\/RowUS6j5Haxc3DH24WZcS81R2cwtA4rkqV1nLzjnxqc7NVcvdTcsu9oiv6dGlLaw4xn2u0PiMFjy5Ids9t\/2CPrP5RYHF9QrVRY1TP93i1zrYuta7KhGWbg3DAnqmxrVsj6bfiHug0eY+5\/8u4A9HJMLWfRY7N5wM7Ssrqwyb11btuwHLSd3\/YAWA+539i1LlDdXomA3f+UIfwOIQtMBDKfp9b3KIt+T36gDqhqAFACCg8L+jBQDgIUbQAgAQEEELAEBABC0AAAERtAAABETQAgAQEEELAEBABC0AAAERtAAABETQAgAQEEELAEBABC0AAAFV\/KMCAACgfujRAgAQEEELAEBABC0AAAERtAAABETQAgAQEEELAEBABC0AAAERtAAABETQAgAQEEELAEBABC0AAAERtAAABETQAgAQEEELAEBA9Q3a\/Kh6dh7RcN7vL6X76bPg4eHK3Zt61W895QVwLFt4zm6ZMX+8GndueRm+rkzi+lcz1\/1xAPcrerRAvdiQ7b6klzJn9NVZu\/Vq9akDxbC1z\/dNqjvxvPpqhK0\/d03K7zt5Db\/Tr1t7P\/LXn9Ex9RO2wH0uQNDmlOlOtLjpVeIhMXPlkm7u6FJnsz+gdXptb0o3p2bd3vjZrLT3rxXPD58e1Yw\/EjG91u6sVvd1aXXOH7LGzimjtA4WX0Abdqa15vwQdQy4jwUI2lSixW62vlXmpmHD1rbGqwx1ueGxrMbNw\/GMHWq7Hp3ngzo59DYzfKRwvLhF10at\/eLxnrNT7ijQKCs6j+qr7nV+LzIzFSfldX17XlrdWgxJa8WmrVqTu6TvC8W82Gvt3ugPeeOXR6UnW7TC7zvNT+ulVE5fX6lMWlufSuuK2d4pD3UAoYUfOt74srrdjUDqPFje+jY3FdOa7+xLa4M\/cvPUkHQwDul2s\/9xdH5+VB+cWqVjcYBnzGup3exH145nDrjW\/kn\/\/MHWSd10rwgsEVNmB024dm6Owzel1pX+YQ2uHD\/Zq4FErzVpTWuTfzQP04A9\/GOxPti6pJTZf7+9NKgBBNfYOdrmdu3ekWh926GwXLteSLbck0NvG59Xp3KaumMe35maIzhtb8H0pA8WbyKup+AfA40XDf+qSs+0pjgcy3rFf8TM1KR\/BGCpBQ\/ameGPTZim9NKmKD03bLa91HPRUPHlUa3Z+3KhNzunjWnTKpcOx0Ngbg7L94Tz07rlTgLuB3ZlcL+Gd5T3TH2jsapodEe5rPYVhnrNa8RrHvyUSzzfOx87jH3yxUvF17KLsBINUQCNE3wx1D433Hs00Uu1Q8mjGsxkNXje9HBrDJFVMjcvE7SFoWOzLbinADRMMWRL52vX6YUd0q2p0rlUt4AqtVXPNjer8\/1i2Y62XnXGax7Ma9lGqn6cLp1jzf+grxMN2QI71fKPrcWh42QdBNBQ4RdD+TnUInND2WV6tedN632hvVnH3qhGiz1av7mfRvgFIZmzxYVWdoUnc7RorFohG7ErhBWvOXCu6++ncq4+LKinaRupyuqDxAJBV85LVjp7tk6Yc4u9Y7vxCwBgKTR2jjbm5l6rtMLnYFccD7YWfz9ot5OFn0bY3oBp\/Z\/vL9xUvt1sewNAo0SrhYftw0Q5jDa\/Mr65XQNuFX58vF\/qW8zITFTO7W9z49c+rOqhbhdVTe1KNnjP6NiO0sYogMZ45K7hHzeMDc19U11VbxC12J8qlN9U7DEbvrVWaAIPJxv6B\/T1i8m6ER2z4cuUC9BYjQ9a+7tZ99dxFjtnFN0oMokf8K\/ZS8gC1flhbL9ndS6q9wygXpakRwsAwMNiaeZoAQB4SBC0AAAERNACABAQQQsAQEAELQAAARG0AAAERNACABAQQQsAQEAELQAAARG0AAAEI\/1\/YdASxPQuXJ8AAAAASUVORK5CYII=\" alt=\"\"><\/p>","protected":false},"excerpt":{"rendered":"<p><span style=\"color: rgb(77, 80, 87); font-family: Lato, Arial; font-size: 16px;\">Tveggja handfanga t\u00f6ng 45\u00b0.<\/span><br style=\"margin: 0px; outline: none; padding: 0px; color: rgb(77, 80, 87); font-family: Lato, Arial; font-size: 16px;\"><span style=\"color: rgb(77, 80, 87); font-family: Lato, Arial; font-size: 16px;\">Lengd: 545mm<\/span><br style=\"margin: 0px; outline: none; padding: 0px; color: rgb(77, 80, 87); font-family: Lato, Arial; font-size: 16px;\"><span style=\"color: rgb(77, 80, 87); font-family: Lato, Arial; font-size: 16px;\">Geta: 78mm<\/span><\/p>","protected":false},"featured_media":26615,"comment_status":"closed","ping_status":"closed","template":"","meta":[],"product_brand":[],"product_cat":[588,774,515],"product_tag":[1024,1090],"class_list":{"0":"post-23471","1":"product","2":"type-product","3":"status-publish","4":"has-post-thumbnail","6":"product_cat-handverkfaeri","7":"product_cat-pipulagningarverkfaeri","8":"product_cat-verkfaeralausnir","9":"product_tag-bahco","10":"product_tag-tong","12":"first","13":"instock","14":"taxable","15":"shipping-taxable","16":"purchasable","17":"product-type-simple"},"yoast_head":"<!-- This site is optimized with the Yoast SEO plugin v27.3 - https:\/\/yoast.com\/product\/yoast-seo-wordpress\/ -->\n<title>BAHCO R\u00f6rt\u00f6ng horn nr 444B, 2.1\/2&quot; 45\u00b0 - V\u00e9lar &amp; Verkf\u00e6ri<\/title>\n<meta name=\"robots\" content=\"index, follow, max-snippet:-1, max-image-preview:large, max-video-preview:-1\" \/>\n<link rel=\"canonical\" href=\"https:\/\/velarogverkfaeri.is\/en\/verkfaeralausnir\/handverkfaeri\/pipulagningarverkfaeri\/product\/bahco-rortong-horn-nr-444b-2-1-2-45\/\" \/>\n<meta property=\"og:locale\" content=\"en_US\" \/>\n<meta property=\"og:type\" content=\"article\" \/>\n<meta property=\"og:title\" content=\"BAHCO R\u00f6rt\u00f6ng horn nr 444B, 2.1\/2&quot; 45\u00b0 - V\u00e9lar &amp; Verkf\u00e6ri\" \/>\n<meta property=\"og:description\" content=\"Tveggja handfanga t\u00f6ng 45\u00b0.Lengd: 545mmGeta: 78mm\" \/>\n<meta property=\"og:url\" content=\"https:\/\/velarogverkfaeri.is\/en\/verkfaeralausnir\/handverkfaeri\/pipulagningarverkfaeri\/product\/bahco-rortong-horn-nr-444b-2-1-2-45\/\" \/>\n<meta property=\"og:site_name\" content=\"V\u00e9lar &amp; Verkf\u00e6ri\" \/>\n<meta property=\"article:publisher\" content=\"https:\/\/www.facebook.com\/VelarOgVerkfaeri\" \/>\n<meta property=\"article:modified_time\" content=\"2026-01-14T08:30:31+00:00\" \/>\n<meta property=\"og:image\" content=\"https:\/\/velarogverkfaeri.is\/wp-content\/uploads\/2023\/06\/00467e3d-fa77-4602-93ed-bc5980915507.png\" \/>\n\t<meta property=\"og:image:width\" content=\"800\" \/>\n\t<meta property=\"og:image:height\" content=\"600\" \/>\n\t<meta property=\"og:image:type\" content=\"image\/png\" \/>\n<meta name=\"twitter:card\" content=\"summary_large_image\" \/>\n<script type=\"application\/ld+json\" class=\"yoast-schema-graph\">{\"@context\":\"https:\\\/\\\/schema.org\",\"@graph\":[{\"@type\":\"WebPage\",\"@id\":\"https:\\\/\\\/velarogverkfaeri.is\\\/verkfaeralausnir\\\/handverkfaeri\\\/pipulagningarverkfaeri\\\/product\\\/bahco-rortong-horn-nr-444b-2-1-2-45\\\/\",\"url\":\"https:\\\/\\\/velarogverkfaeri.is\\\/verkfaeralausnir\\\/handverkfaeri\\\/pipulagningarverkfaeri\\\/product\\\/bahco-rortong-horn-nr-444b-2-1-2-45\\\/\",\"name\":\"BAHCO R\u00f6rt\u00f6ng horn nr 444B, 2.1\\\/2\\\" 45\u00b0 - V\u00e9lar &amp; Verkf\u00e6ri\",\"isPartOf\":{\"@id\":\"https:\\\/\\\/velarogverkfaeri.is\\\/en\\\/#website\"},\"primaryImageOfPage\":{\"@id\":\"https:\\\/\\\/velarogverkfaeri.is\\\/verkfaeralausnir\\\/handverkfaeri\\\/pipulagningarverkfaeri\\\/product\\\/bahco-rortong-horn-nr-444b-2-1-2-45\\\/#primaryimage\"},\"image\":{\"@id\":\"https:\\\/\\\/velarogverkfaeri.is\\\/verkfaeralausnir\\\/handverkfaeri\\\/pipulagningarverkfaeri\\\/product\\\/bahco-rortong-horn-nr-444b-2-1-2-45\\\/#primaryimage\"},\"thumbnailUrl\":\"https:\\\/\\\/velarogverkfaeri.is\\\/wp-content\\\/uploads\\\/2023\\\/06\\\/00467e3d-fa77-4602-93ed-bc5980915507.png\",\"datePublished\":\"2023-04-28T17:42:57+00:00\",\"dateModified\":\"2026-01-14T08:30:31+00:00\",\"breadcrumb\":{\"@id\":\"https:\\\/\\\/velarogverkfaeri.is\\\/verkfaeralausnir\\\/handverkfaeri\\\/pipulagningarverkfaeri\\\/product\\\/bahco-rortong-horn-nr-444b-2-1-2-45\\\/#breadcrumb\"},\"inLanguage\":\"en-US\",\"potentialAction\":[{\"@type\":\"ReadAction\",\"target\":[\"https:\\\/\\\/velarogverkfaeri.is\\\/verkfaeralausnir\\\/handverkfaeri\\\/pipulagningarverkfaeri\\\/product\\\/bahco-rortong-horn-nr-444b-2-1-2-45\\\/\"]}]},{\"@type\":\"ImageObject\",\"inLanguage\":\"en-US\",\"@id\":\"https:\\\/\\\/velarogverkfaeri.is\\\/verkfaeralausnir\\\/handverkfaeri\\\/pipulagningarverkfaeri\\\/product\\\/bahco-rortong-horn-nr-444b-2-1-2-45\\\/#primaryimage\",\"url\":\"https:\\\/\\\/velarogverkfaeri.is\\\/wp-content\\\/uploads\\\/2023\\\/06\\\/00467e3d-fa77-4602-93ed-bc5980915507.png\",\"contentUrl\":\"https:\\\/\\\/velarogverkfaeri.is\\\/wp-content\\\/uploads\\\/2023\\\/06\\\/00467e3d-fa77-4602-93ed-bc5980915507.png\",\"width\":800,\"height\":600},{\"@type\":\"BreadcrumbList\",\"@id\":\"https:\\\/\\\/velarogverkfaeri.is\\\/verkfaeralausnir\\\/handverkfaeri\\\/pipulagningarverkfaeri\\\/product\\\/bahco-rortong-horn-nr-444b-2-1-2-45\\\/#breadcrumb\",\"itemListElement\":[{\"@type\":\"ListItem\",\"position\":1,\"name\":\"Home\",\"item\":\"https:\\\/\\\/velarogverkfaeri.is\\\/\"},{\"@type\":\"ListItem\",\"position\":2,\"name\":\"Vefverslun\",\"item\":\"https:\\\/\\\/velarogverkfaeri.is\\\/vefverslun\\\/\"},{\"@type\":\"ListItem\",\"position\":3,\"name\":\"BAHCO R\u00f6rt\u00f6ng horn nr 444B, 2.1\\\/2&#8243; 45\u00b0\"}]},{\"@type\":\"WebSite\",\"@id\":\"https:\\\/\\\/velarogverkfaeri.is\\\/en\\\/#website\",\"url\":\"https:\\\/\\\/velarogverkfaeri.is\\\/en\\\/\",\"name\":\"V\u00e9lar & Verkf\u00e6ri\",\"description\":\"Umbo\u00f0s- og heildverslun fr\u00e1 \u00e1rinu 1919\",\"publisher\":{\"@id\":\"https:\\\/\\\/velarogverkfaeri.is\\\/en\\\/#organization\"},\"potentialAction\":[{\"@type\":\"SearchAction\",\"target\":{\"@type\":\"EntryPoint\",\"urlTemplate\":\"https:\\\/\\\/velarogverkfaeri.is\\\/en\\\/?s={search_term_string}\"},\"query-input\":{\"@type\":\"PropertyValueSpecification\",\"valueRequired\":true,\"valueName\":\"search_term_string\"}}],\"inLanguage\":\"en-US\"},{\"@type\":\"Organization\",\"@id\":\"https:\\\/\\\/velarogverkfaeri.is\\\/en\\\/#organization\",\"name\":\"V\u00e9lar & Verkf\u00e6ri\",\"url\":\"https:\\\/\\\/velarogverkfaeri.is\\\/en\\\/\",\"logo\":{\"@type\":\"ImageObject\",\"inLanguage\":\"en-US\",\"@id\":\"https:\\\/\\\/velarogverkfaeri.is\\\/en\\\/#\\\/schema\\\/logo\\\/image\\\/\",\"url\":\"https:\\\/\\\/velarogverkfaeri.is\\\/wp-content\\\/uploads\\\/2021\\\/10\\\/vv_logo_350x100.png\",\"contentUrl\":\"https:\\\/\\\/velarogverkfaeri.is\\\/wp-content\\\/uploads\\\/2021\\\/10\\\/vv_logo_350x100.png\",\"width\":350,\"height\":100,\"caption\":\"V\u00e9lar & Verkf\u00e6ri\"},\"image\":{\"@id\":\"https:\\\/\\\/velarogverkfaeri.is\\\/en\\\/#\\\/schema\\\/logo\\\/image\\\/\"},\"sameAs\":[\"https:\\\/\\\/www.facebook.com\\\/VelarOgVerkfaeri\"]}]}<\/script>\n<!-- \/ Yoast SEO plugin. -->","yoast_head_json":{"title":"BAHCO R\u00f6rt\u00f6ng horn nr 444B, 2.1\/2\" 45\u00b0 - V\u00e9lar &amp; Verkf\u00e6ri","robots":{"index":"index","follow":"follow","max-snippet":"max-snippet:-1","max-image-preview":"max-image-preview:large","max-video-preview":"max-video-preview:-1"},"canonical":"https:\/\/velarogverkfaeri.is\/en\/verkfaeralausnir\/handverkfaeri\/pipulagningarverkfaeri\/product\/bahco-rortong-horn-nr-444b-2-1-2-45\/","og_locale":"en_US","og_type":"article","og_title":"BAHCO R\u00f6rt\u00f6ng horn nr 444B, 2.1\/2\" 45\u00b0 - V\u00e9lar &amp; Verkf\u00e6ri","og_description":"Tveggja handfanga t\u00f6ng 45\u00b0.Lengd: 545mmGeta: 78mm","og_url":"https:\/\/velarogverkfaeri.is\/en\/verkfaeralausnir\/handverkfaeri\/pipulagningarverkfaeri\/product\/bahco-rortong-horn-nr-444b-2-1-2-45\/","og_site_name":"V\u00e9lar &amp; Verkf\u00e6ri","article_publisher":"https:\/\/www.facebook.com\/VelarOgVerkfaeri","article_modified_time":"2026-01-14T08:30:31+00:00","og_image":[{"width":800,"height":600,"url":"https:\/\/velarogverkfaeri.is\/wp-content\/uploads\/2023\/06\/00467e3d-fa77-4602-93ed-bc5980915507.png","type":"image\/png"}],"twitter_card":"summary_large_image","schema":{"@context":"https:\/\/schema.org","@graph":[{"@type":"WebPage","@id":"https:\/\/velarogverkfaeri.is\/verkfaeralausnir\/handverkfaeri\/pipulagningarverkfaeri\/product\/bahco-rortong-horn-nr-444b-2-1-2-45\/","url":"https:\/\/velarogverkfaeri.is\/verkfaeralausnir\/handverkfaeri\/pipulagningarverkfaeri\/product\/bahco-rortong-horn-nr-444b-2-1-2-45\/","name":"BAHCO R\u00f6rt\u00f6ng horn nr 444B, 2.1\/2\" 45\u00b0 - V\u00e9lar &amp; Verkf\u00e6ri","isPartOf":{"@id":"https:\/\/velarogverkfaeri.is\/en\/#website"},"primaryImageOfPage":{"@id":"https:\/\/velarogverkfaeri.is\/verkfaeralausnir\/handverkfaeri\/pipulagningarverkfaeri\/product\/bahco-rortong-horn-nr-444b-2-1-2-45\/#primaryimage"},"image":{"@id":"https:\/\/velarogverkfaeri.is\/verkfaeralausnir\/handverkfaeri\/pipulagningarverkfaeri\/product\/bahco-rortong-horn-nr-444b-2-1-2-45\/#primaryimage"},"thumbnailUrl":"https:\/\/velarogverkfaeri.is\/wp-content\/uploads\/2023\/06\/00467e3d-fa77-4602-93ed-bc5980915507.png","datePublished":"2023-04-28T17:42:57+00:00","dateModified":"2026-01-14T08:30:31+00:00","breadcrumb":{"@id":"https:\/\/velarogverkfaeri.is\/verkfaeralausnir\/handverkfaeri\/pipulagningarverkfaeri\/product\/bahco-rortong-horn-nr-444b-2-1-2-45\/#breadcrumb"},"inLanguage":"en-US","potentialAction":[{"@type":"ReadAction","target":["https:\/\/velarogverkfaeri.is\/verkfaeralausnir\/handverkfaeri\/pipulagningarverkfaeri\/product\/bahco-rortong-horn-nr-444b-2-1-2-45\/"]}]},{"@type":"ImageObject","inLanguage":"en-US","@id":"https:\/\/velarogverkfaeri.is\/verkfaeralausnir\/handverkfaeri\/pipulagningarverkfaeri\/product\/bahco-rortong-horn-nr-444b-2-1-2-45\/#primaryimage","url":"https:\/\/velarogverkfaeri.is\/wp-content\/uploads\/2023\/06\/00467e3d-fa77-4602-93ed-bc5980915507.png","contentUrl":"https:\/\/velarogverkfaeri.is\/wp-content\/uploads\/2023\/06\/00467e3d-fa77-4602-93ed-bc5980915507.png","width":800,"height":600},{"@type":"BreadcrumbList","@id":"https:\/\/velarogverkfaeri.is\/verkfaeralausnir\/handverkfaeri\/pipulagningarverkfaeri\/product\/bahco-rortong-horn-nr-444b-2-1-2-45\/#breadcrumb","itemListElement":[{"@type":"ListItem","position":1,"name":"Home","item":"https:\/\/velarogverkfaeri.is\/"},{"@type":"ListItem","position":2,"name":"Vefverslun","item":"https:\/\/velarogverkfaeri.is\/vefverslun\/"},{"@type":"ListItem","position":3,"name":"BAHCO R\u00f6rt\u00f6ng horn nr 444B, 2.1\/2&#8243; 45\u00b0"}]},{"@type":"WebSite","@id":"https:\/\/velarogverkfaeri.is\/en\/#website","url":"https:\/\/velarogverkfaeri.is\/en\/","name":"V\u00e9lar & Verkf\u00e6ri","description":"Umbo\u00f0s- og heildverslun fr\u00e1 \u00e1rinu 1919","publisher":{"@id":"https:\/\/velarogverkfaeri.is\/en\/#organization"},"potentialAction":[{"@type":"SearchAction","target":{"@type":"EntryPoint","urlTemplate":"https:\/\/velarogverkfaeri.is\/en\/?s={search_term_string}"},"query-input":{"@type":"PropertyValueSpecification","valueRequired":true,"valueName":"search_term_string"}}],"inLanguage":"en-US"},{"@type":"Organization","@id":"https:\/\/velarogverkfaeri.is\/en\/#organization","name":"V\u00e9lar & Verkf\u00e6ri","url":"https:\/\/velarogverkfaeri.is\/en\/","logo":{"@type":"ImageObject","inLanguage":"en-US","@id":"https:\/\/velarogverkfaeri.is\/en\/#\/schema\/logo\/image\/","url":"https:\/\/velarogverkfaeri.is\/wp-content\/uploads\/2021\/10\/vv_logo_350x100.png","contentUrl":"https:\/\/velarogverkfaeri.is\/wp-content\/uploads\/2021\/10\/vv_logo_350x100.png","width":350,"height":100,"caption":"V\u00e9lar & Verkf\u00e6ri"},"image":{"@id":"https:\/\/velarogverkfaeri.is\/en\/#\/schema\/logo\/image\/"},"sameAs":["https:\/\/www.facebook.com\/VelarOgVerkfaeri"]}]}},"_links":{"self":[{"href":"https:\/\/velarogverkfaeri.is\/en\/wp-json\/wp\/v2\/product\/23471","targetHints":{"allow":["GET"]}}],"collection":[{"href":"https:\/\/velarogverkfaeri.is\/en\/wp-json\/wp\/v2\/product"}],"about":[{"href":"https:\/\/velarogverkfaeri.is\/en\/wp-json\/wp\/v2\/types\/product"}],"replies":[{"embeddable":true,"href":"https:\/\/velarogverkfaeri.is\/en\/wp-json\/wp\/v2\/comments?post=23471"}],"wp:featuredmedia":[{"embeddable":true,"href":"https:\/\/velarogverkfaeri.is\/en\/wp-json\/wp\/v2\/media\/26615"}],"wp:attachment":[{"href":"https:\/\/velarogverkfaeri.is\/en\/wp-json\/wp\/v2\/media?parent=23471"}],"wp:term":[{"taxonomy":"product_brand","embeddable":true,"href":"https:\/\/velarogverkfaeri.is\/en\/wp-json\/wp\/v2\/product_brand?post=23471"},{"taxonomy":"product_cat","embeddable":true,"href":"https:\/\/velarogverkfaeri.is\/en\/wp-json\/wp\/v2\/product_cat?post=23471"},{"taxonomy":"product_tag","embeddable":true,"href":"https:\/\/velarogverkfaeri.is\/en\/wp-json\/wp\/v2\/product_tag?post=23471"}],"curies":[{"name":"wp","href":"https:\/\/api.w.org\/{rel}","templated":true}]}}