{"id":23423,"date":"2023-04-28T17:57:47","date_gmt":"2023-04-28T17:57:47","guid":{"rendered":"https:\/\/vv-dev.webdev.is\/?post_type=product&#038;p=23423"},"modified":"2025-04-25T16:11:12","modified_gmt":"2025-04-25T16:11:12","slug":"grothe-bjolluhnappur-rydfr-stal-ferkantadur-80x25mm-ip40","status":"publish","type":"product","link":"https:\/\/velarogverkfaeri.is\/en\/lykillausnir\/dyrasimar-og-dyrabjollur-lykillausnir\/dyrabjollur-dyrasimar-og-dyrabjollur-lykillausnir\/product\/grothe-bjolluhnappur-rydfr-stal-ferkantadur-80x25mm-ip40\/","title":{"rendered":"GROTHE Bj\u00f6lluhnappur"},"content":{"rendered":"<p>\u00deessi bj\u00f6lluhnappur er ekki a\u00f0eins \u00far gegnheilu ry\u00f0fr\u00edu st\u00e1li heldur er hann einnig afar skemmdarvarinn \u00fe\u00f6kk s\u00e9 sl\u00e9ttum \u00fatl\u00ednum og n\u00e1kv\u00e6mri hnappalei\u00f0s\u00f6gn. H\u00e1g\u00e6\u00f0a h\u00f6nnun hennar passar \u00e1reynslulaust inn \u00ed hva\u00f0a h\u00fasvegg sem er.<\/p>\n<p>ATH<\/p>\n<p>H\u00e6gt er a\u00f0 festa bj\u00f6lluhnappinn anna\u00f0 hvort utan\u00e1liggjandi e\u00f0a innfelldan me\u00f0 \u00fev\u00ed a\u00f0 nota forfestingarpl\u00f6tu (millistykki) (fylgir me\u00f0 \u00ed afhendingu).<\/p>\n<p>St\u00e6r\u00f0: 82x82x16mm<\/p>\n<p>Notkunarhiti: -20 \u00b0C til +50 \u00b0C<\/p>\n<p>Efni: Ry\u00f0fr\u00edtt st\u00e1l, ry\u00f0fr\u00edtt st\u00e1l VA<\/p>\n<p>Rofi max.: 12V AC\/DC 1,5A<\/p>\n<p>Min. rofageta: 5V \/ 1mA<\/p>","protected":false},"excerpt":{"rendered":"<p>Tegund:&nbsp;55541<\/p>","protected":false},"featured_media":62512,"comment_status":"closed","ping_status":"closed","template":"","meta":[],"product_brand":[],"product_cat":[633,581,517],"product_tag":[],"class_list":{"0":"post-23423","1":"product","2":"type-product","3":"status-publish","4":"has-post-thumbnail","6":"product_cat-dyrabjollur-dyrasimar-og-dyrabjollur-lykillausnir","7":"product_cat-dyrasimar-og-dyrabjollur-lykillausnir","8":"product_cat-lykillausnir","10":"first","11":"instock","12":"taxable","13":"shipping-taxable","14":"purchasable","15":"product-type-simple"},"yoast_head":"<!-- This site is optimized with the Yoast SEO plugin v27.3 - https:\/\/yoast.com\/product\/yoast-seo-wordpress\/ -->\n<title>GROTHE Bj\u00f6lluhnappur - V\u00e9lar &amp; Verkf\u00e6ri<\/title>\n<meta name=\"robots\" content=\"index, follow, max-snippet:-1, max-image-preview:large, max-video-preview:-1\" \/>\n<link rel=\"canonical\" href=\"https:\/\/velarogverkfaeri.is\/en\/lykillausnir\/dyrasimar-og-dyrabjollur-lykillausnir\/dyrabjollur-dyrasimar-og-dyrabjollur-lykillausnir\/product\/grothe-bjolluhnappur-rydfr-stal-ferkantadur-80x25mm-ip40\/\" \/>\n<meta property=\"og:locale\" content=\"en_US\" \/>\n<meta property=\"og:type\" content=\"article\" \/>\n<meta property=\"og:title\" content=\"GROTHE Bj\u00f6lluhnappur - V\u00e9lar &amp; Verkf\u00e6ri\" \/>\n<meta property=\"og:description\" content=\"Tegund:&nbsp;55541\" \/>\n<meta property=\"og:url\" content=\"https:\/\/velarogverkfaeri.is\/en\/lykillausnir\/dyrasimar-og-dyrabjollur-lykillausnir\/dyrabjollur-dyrasimar-og-dyrabjollur-lykillausnir\/product\/grothe-bjolluhnappur-rydfr-stal-ferkantadur-80x25mm-ip40\/\" \/>\n<meta property=\"og:site_name\" content=\"V\u00e9lar &amp; Verkf\u00e6ri\" \/>\n<meta property=\"article:publisher\" content=\"https:\/\/www.facebook.com\/VelarOgVerkfaeri\" \/>\n<meta property=\"article:modified_time\" content=\"2025-04-25T16:11:12+00:00\" \/>\n<meta property=\"og:image\" content=\"https:\/\/velarogverkfaeri.is\/wp-content\/uploads\/2024\/07\/dca7ccb5-617c-4d25-b45c-c42abe7709d1.jpg\" \/>\n\t<meta property=\"og:image:width\" content=\"1920\" \/>\n\t<meta property=\"og:image:height\" content=\"1920\" \/>\n\t<meta property=\"og:image:type\" content=\"image\/jpeg\" \/>\n<meta name=\"twitter:card\" content=\"summary_large_image\" \/>\n<meta name=\"twitter:label1\" content=\"Est. reading time\" \/>\n\t<meta name=\"twitter:data1\" content=\"1 minute\" \/>\n<script type=\"application\/ld+json\" class=\"yoast-schema-graph\">{\"@context\":\"https:\\\/\\\/schema.org\",\"@graph\":[{\"@type\":\"WebPage\",\"@id\":\"https:\\\/\\\/velarogverkfaeri.is\\\/lykillausnir\\\/dyrasimar-og-dyrabjollur-lykillausnir\\\/dyrabjollur-dyrasimar-og-dyrabjollur-lykillausnir\\\/product\\\/grothe-bjolluhnappur-rydfr-stal-ferkantadur-80x25mm-ip40\\\/\",\"url\":\"https:\\\/\\\/velarogverkfaeri.is\\\/lykillausnir\\\/dyrasimar-og-dyrabjollur-lykillausnir\\\/dyrabjollur-dyrasimar-og-dyrabjollur-lykillausnir\\\/product\\\/grothe-bjolluhnappur-rydfr-stal-ferkantadur-80x25mm-ip40\\\/\",\"name\":\"GROTHE Bj\u00f6lluhnappur - V\u00e9lar &amp; Verkf\u00e6ri\",\"isPartOf\":{\"@id\":\"https:\\\/\\\/velarogverkfaeri.is\\\/en\\\/#website\"},\"primaryImageOfPage\":{\"@id\":\"https:\\\/\\\/velarogverkfaeri.is\\\/lykillausnir\\\/dyrasimar-og-dyrabjollur-lykillausnir\\\/dyrabjollur-dyrasimar-og-dyrabjollur-lykillausnir\\\/product\\\/grothe-bjolluhnappur-rydfr-stal-ferkantadur-80x25mm-ip40\\\/#primaryimage\"},\"image\":{\"@id\":\"https:\\\/\\\/velarogverkfaeri.is\\\/lykillausnir\\\/dyrasimar-og-dyrabjollur-lykillausnir\\\/dyrabjollur-dyrasimar-og-dyrabjollur-lykillausnir\\\/product\\\/grothe-bjolluhnappur-rydfr-stal-ferkantadur-80x25mm-ip40\\\/#primaryimage\"},\"thumbnailUrl\":\"https:\\\/\\\/velarogverkfaeri.is\\\/wp-content\\\/uploads\\\/2024\\\/07\\\/dca7ccb5-617c-4d25-b45c-c42abe7709d1.jpg\",\"datePublished\":\"2023-04-28T17:57:47+00:00\",\"dateModified\":\"2025-04-25T16:11:12+00:00\",\"breadcrumb\":{\"@id\":\"https:\\\/\\\/velarogverkfaeri.is\\\/lykillausnir\\\/dyrasimar-og-dyrabjollur-lykillausnir\\\/dyrabjollur-dyrasimar-og-dyrabjollur-lykillausnir\\\/product\\\/grothe-bjolluhnappur-rydfr-stal-ferkantadur-80x25mm-ip40\\\/#breadcrumb\"},\"inLanguage\":\"en-US\",\"potentialAction\":[{\"@type\":\"ReadAction\",\"target\":[\"https:\\\/\\\/velarogverkfaeri.is\\\/lykillausnir\\\/dyrasimar-og-dyrabjollur-lykillausnir\\\/dyrabjollur-dyrasimar-og-dyrabjollur-lykillausnir\\\/product\\\/grothe-bjolluhnappur-rydfr-stal-ferkantadur-80x25mm-ip40\\\/\"]}]},{\"@type\":\"ImageObject\",\"inLanguage\":\"en-US\",\"@id\":\"https:\\\/\\\/velarogverkfaeri.is\\\/lykillausnir\\\/dyrasimar-og-dyrabjollur-lykillausnir\\\/dyrabjollur-dyrasimar-og-dyrabjollur-lykillausnir\\\/product\\\/grothe-bjolluhnappur-rydfr-stal-ferkantadur-80x25mm-ip40\\\/#primaryimage\",\"url\":\"https:\\\/\\\/velarogverkfaeri.is\\\/wp-content\\\/uploads\\\/2024\\\/07\\\/dca7ccb5-617c-4d25-b45c-c42abe7709d1.jpg\",\"contentUrl\":\"https:\\\/\\\/velarogverkfaeri.is\\\/wp-content\\\/uploads\\\/2024\\\/07\\\/dca7ccb5-617c-4d25-b45c-c42abe7709d1.jpg\",\"width\":1920,\"height\":1920},{\"@type\":\"BreadcrumbList\",\"@id\":\"https:\\\/\\\/velarogverkfaeri.is\\\/lykillausnir\\\/dyrasimar-og-dyrabjollur-lykillausnir\\\/dyrabjollur-dyrasimar-og-dyrabjollur-lykillausnir\\\/product\\\/grothe-bjolluhnappur-rydfr-stal-ferkantadur-80x25mm-ip40\\\/#breadcrumb\",\"itemListElement\":[{\"@type\":\"ListItem\",\"position\":1,\"name\":\"Home\",\"item\":\"https:\\\/\\\/velarogverkfaeri.is\\\/\"},{\"@type\":\"ListItem\",\"position\":2,\"name\":\"Vefverslun\",\"item\":\"https:\\\/\\\/velarogverkfaeri.is\\\/vefverslun\\\/\"},{\"@type\":\"ListItem\",\"position\":3,\"name\":\"GROTHE Bj\u00f6lluhnappur\"}]},{\"@type\":\"WebSite\",\"@id\":\"https:\\\/\\\/velarogverkfaeri.is\\\/en\\\/#website\",\"url\":\"https:\\\/\\\/velarogverkfaeri.is\\\/en\\\/\",\"name\":\"V\u00e9lar & Verkf\u00e6ri\",\"description\":\"Umbo\u00f0s- og heildverslun fr\u00e1 \u00e1rinu 1919\",\"publisher\":{\"@id\":\"https:\\\/\\\/velarogverkfaeri.is\\\/en\\\/#organization\"},\"potentialAction\":[{\"@type\":\"SearchAction\",\"target\":{\"@type\":\"EntryPoint\",\"urlTemplate\":\"https:\\\/\\\/velarogverkfaeri.is\\\/en\\\/?s={search_term_string}\"},\"query-input\":{\"@type\":\"PropertyValueSpecification\",\"valueRequired\":true,\"valueName\":\"search_term_string\"}}],\"inLanguage\":\"en-US\"},{\"@type\":\"Organization\",\"@id\":\"https:\\\/\\\/velarogverkfaeri.is\\\/en\\\/#organization\",\"name\":\"V\u00e9lar & Verkf\u00e6ri\",\"url\":\"https:\\\/\\\/velarogverkfaeri.is\\\/en\\\/\",\"logo\":{\"@type\":\"ImageObject\",\"inLanguage\":\"en-US\",\"@id\":\"https:\\\/\\\/velarogverkfaeri.is\\\/en\\\/#\\\/schema\\\/logo\\\/image\\\/\",\"url\":\"https:\\\/\\\/velarogverkfaeri.is\\\/wp-content\\\/uploads\\\/2021\\\/10\\\/vv_logo_350x100.png\",\"contentUrl\":\"https:\\\/\\\/velarogverkfaeri.is\\\/wp-content\\\/uploads\\\/2021\\\/10\\\/vv_logo_350x100.png\",\"width\":350,\"height\":100,\"caption\":\"V\u00e9lar & Verkf\u00e6ri\"},\"image\":{\"@id\":\"https:\\\/\\\/velarogverkfaeri.is\\\/en\\\/#\\\/schema\\\/logo\\\/image\\\/\"},\"sameAs\":[\"https:\\\/\\\/www.facebook.com\\\/VelarOgVerkfaeri\"]}]}<\/script>\n<!-- \/ Yoast SEO plugin. -->","yoast_head_json":{"title":"GROTHE Bj\u00f6lluhnappur - V\u00e9lar &amp; Verkf\u00e6ri","robots":{"index":"index","follow":"follow","max-snippet":"max-snippet:-1","max-image-preview":"max-image-preview:large","max-video-preview":"max-video-preview:-1"},"canonical":"https:\/\/velarogverkfaeri.is\/en\/lykillausnir\/dyrasimar-og-dyrabjollur-lykillausnir\/dyrabjollur-dyrasimar-og-dyrabjollur-lykillausnir\/product\/grothe-bjolluhnappur-rydfr-stal-ferkantadur-80x25mm-ip40\/","og_locale":"en_US","og_type":"article","og_title":"GROTHE Bj\u00f6lluhnappur - V\u00e9lar &amp; Verkf\u00e6ri","og_description":"Tegund:&nbsp;55541","og_url":"https:\/\/velarogverkfaeri.is\/en\/lykillausnir\/dyrasimar-og-dyrabjollur-lykillausnir\/dyrabjollur-dyrasimar-og-dyrabjollur-lykillausnir\/product\/grothe-bjolluhnappur-rydfr-stal-ferkantadur-80x25mm-ip40\/","og_site_name":"V\u00e9lar &amp; Verkf\u00e6ri","article_publisher":"https:\/\/www.facebook.com\/VelarOgVerkfaeri","article_modified_time":"2025-04-25T16:11:12+00:00","og_image":[{"width":1920,"height":1920,"url":"https:\/\/velarogverkfaeri.is\/wp-content\/uploads\/2024\/07\/dca7ccb5-617c-4d25-b45c-c42abe7709d1.jpg","type":"image\/jpeg"}],"twitter_card":"summary_large_image","twitter_misc":{"Est. reading time":"1 minute"},"schema":{"@context":"https:\/\/schema.org","@graph":[{"@type":"WebPage","@id":"https:\/\/velarogverkfaeri.is\/lykillausnir\/dyrasimar-og-dyrabjollur-lykillausnir\/dyrabjollur-dyrasimar-og-dyrabjollur-lykillausnir\/product\/grothe-bjolluhnappur-rydfr-stal-ferkantadur-80x25mm-ip40\/","url":"https:\/\/velarogverkfaeri.is\/lykillausnir\/dyrasimar-og-dyrabjollur-lykillausnir\/dyrabjollur-dyrasimar-og-dyrabjollur-lykillausnir\/product\/grothe-bjolluhnappur-rydfr-stal-ferkantadur-80x25mm-ip40\/","name":"GROTHE Bj\u00f6lluhnappur - V\u00e9lar &amp; Verkf\u00e6ri","isPartOf":{"@id":"https:\/\/velarogverkfaeri.is\/en\/#website"},"primaryImageOfPage":{"@id":"https:\/\/velarogverkfaeri.is\/lykillausnir\/dyrasimar-og-dyrabjollur-lykillausnir\/dyrabjollur-dyrasimar-og-dyrabjollur-lykillausnir\/product\/grothe-bjolluhnappur-rydfr-stal-ferkantadur-80x25mm-ip40\/#primaryimage"},"image":{"@id":"https:\/\/velarogverkfaeri.is\/lykillausnir\/dyrasimar-og-dyrabjollur-lykillausnir\/dyrabjollur-dyrasimar-og-dyrabjollur-lykillausnir\/product\/grothe-bjolluhnappur-rydfr-stal-ferkantadur-80x25mm-ip40\/#primaryimage"},"thumbnailUrl":"https:\/\/velarogverkfaeri.is\/wp-content\/uploads\/2024\/07\/dca7ccb5-617c-4d25-b45c-c42abe7709d1.jpg","datePublished":"2023-04-28T17:57:47+00:00","dateModified":"2025-04-25T16:11:12+00:00","breadcrumb":{"@id":"https:\/\/velarogverkfaeri.is\/lykillausnir\/dyrasimar-og-dyrabjollur-lykillausnir\/dyrabjollur-dyrasimar-og-dyrabjollur-lykillausnir\/product\/grothe-bjolluhnappur-rydfr-stal-ferkantadur-80x25mm-ip40\/#breadcrumb"},"inLanguage":"en-US","potentialAction":[{"@type":"ReadAction","target":["https:\/\/velarogverkfaeri.is\/lykillausnir\/dyrasimar-og-dyrabjollur-lykillausnir\/dyrabjollur-dyrasimar-og-dyrabjollur-lykillausnir\/product\/grothe-bjolluhnappur-rydfr-stal-ferkantadur-80x25mm-ip40\/"]}]},{"@type":"ImageObject","inLanguage":"en-US","@id":"https:\/\/velarogverkfaeri.is\/lykillausnir\/dyrasimar-og-dyrabjollur-lykillausnir\/dyrabjollur-dyrasimar-og-dyrabjollur-lykillausnir\/product\/grothe-bjolluhnappur-rydfr-stal-ferkantadur-80x25mm-ip40\/#primaryimage","url":"https:\/\/velarogverkfaeri.is\/wp-content\/uploads\/2024\/07\/dca7ccb5-617c-4d25-b45c-c42abe7709d1.jpg","contentUrl":"https:\/\/velarogverkfaeri.is\/wp-content\/uploads\/2024\/07\/dca7ccb5-617c-4d25-b45c-c42abe7709d1.jpg","width":1920,"height":1920},{"@type":"BreadcrumbList","@id":"https:\/\/velarogverkfaeri.is\/lykillausnir\/dyrasimar-og-dyrabjollur-lykillausnir\/dyrabjollur-dyrasimar-og-dyrabjollur-lykillausnir\/product\/grothe-bjolluhnappur-rydfr-stal-ferkantadur-80x25mm-ip40\/#breadcrumb","itemListElement":[{"@type":"ListItem","position":1,"name":"Home","item":"https:\/\/velarogverkfaeri.is\/"},{"@type":"ListItem","position":2,"name":"Vefverslun","item":"https:\/\/velarogverkfaeri.is\/vefverslun\/"},{"@type":"ListItem","position":3,"name":"GROTHE Bj\u00f6lluhnappur"}]},{"@type":"WebSite","@id":"https:\/\/velarogverkfaeri.is\/en\/#website","url":"https:\/\/velarogverkfaeri.is\/en\/","name":"V\u00e9lar & Verkf\u00e6ri","description":"Umbo\u00f0s- og heildverslun fr\u00e1 \u00e1rinu 1919","publisher":{"@id":"https:\/\/velarogverkfaeri.is\/en\/#organization"},"potentialAction":[{"@type":"SearchAction","target":{"@type":"EntryPoint","urlTemplate":"https:\/\/velarogverkfaeri.is\/en\/?s={search_term_string}"},"query-input":{"@type":"PropertyValueSpecification","valueRequired":true,"valueName":"search_term_string"}}],"inLanguage":"en-US"},{"@type":"Organization","@id":"https:\/\/velarogverkfaeri.is\/en\/#organization","name":"V\u00e9lar & Verkf\u00e6ri","url":"https:\/\/velarogverkfaeri.is\/en\/","logo":{"@type":"ImageObject","inLanguage":"en-US","@id":"https:\/\/velarogverkfaeri.is\/en\/#\/schema\/logo\/image\/","url":"https:\/\/velarogverkfaeri.is\/wp-content\/uploads\/2021\/10\/vv_logo_350x100.png","contentUrl":"https:\/\/velarogverkfaeri.is\/wp-content\/uploads\/2021\/10\/vv_logo_350x100.png","width":350,"height":100,"caption":"V\u00e9lar & Verkf\u00e6ri"},"image":{"@id":"https:\/\/velarogverkfaeri.is\/en\/#\/schema\/logo\/image\/"},"sameAs":["https:\/\/www.facebook.com\/VelarOgVerkfaeri"]}]}},"_links":{"self":[{"href":"https:\/\/velarogverkfaeri.is\/en\/wp-json\/wp\/v2\/product\/23423","targetHints":{"allow":["GET"]}}],"collection":[{"href":"https:\/\/velarogverkfaeri.is\/en\/wp-json\/wp\/v2\/product"}],"about":[{"href":"https:\/\/velarogverkfaeri.is\/en\/wp-json\/wp\/v2\/types\/product"}],"replies":[{"embeddable":true,"href":"https:\/\/velarogverkfaeri.is\/en\/wp-json\/wp\/v2\/comments?post=23423"}],"wp:featuredmedia":[{"embeddable":true,"href":"https:\/\/velarogverkfaeri.is\/en\/wp-json\/wp\/v2\/media\/62512"}],"wp:attachment":[{"href":"https:\/\/velarogverkfaeri.is\/en\/wp-json\/wp\/v2\/media?parent=23423"}],"wp:term":[{"taxonomy":"product_brand","embeddable":true,"href":"https:\/\/velarogverkfaeri.is\/en\/wp-json\/wp\/v2\/product_brand?post=23423"},{"taxonomy":"product_cat","embeddable":true,"href":"https:\/\/velarogverkfaeri.is\/en\/wp-json\/wp\/v2\/product_cat?post=23423"},{"taxonomy":"product_tag","embeddable":true,"href":"https:\/\/velarogverkfaeri.is\/en\/wp-json\/wp\/v2\/product_tag?post=23423"}],"curies":[{"name":"wp","href":"https:\/\/api.w.org\/{rel}","templated":true}]}}