{"id":23419,"date":"2023-06-07T14:26:35","date_gmt":"2023-06-07T14:26:35","guid":{"rendered":"https:\/\/vv-dev.webdev.is\/?post_type=product&#038;p=23419"},"modified":"2026-03-19T17:01:05","modified_gmt":"2026-03-19T17:01:05","slug":"grothe-bjolluhnappur-hvitur-m-messinghnappi-gamaldags-70x28mm","status":"publish","type":"product","link":"https:\/\/velarogverkfaeri.is\/en\/lykillausnir\/dyrasimar-og-dyrabjollur-lykillausnir\/dyrabjollur-dyrasimar-og-dyrabjollur-lykillausnir\/product\/grothe-bjolluhnappur-hvitur-m-messinghnappi-gamaldags-70x28mm\/","title":{"rendered":"GROTHE Bj\u00f6lluhnappur, Hv\u00edt og gyllt, 64141"},"content":{"rendered":"<p>Snertiskelin virkar alveg eins fullkomlega og h\u00fan l\u00edtur \u00fat. Me\u00f0 traustri m\u00e1lmskel \u00far kopar og Grothe PROTACT bj\u00f6lluhnappi sem er framleiddur af okkur, b\u00fd\u00f0ur snertiskelin upp \u00e1 st\u00f6\u00f0ugleika, \u00e1rei\u00f0anleika og lofor\u00f0 um g\u00e6\u00f0i. Snertih\u00fa\u00f0in b\u00fd\u00f0ur einnig upp \u00e1 mikla samh\u00e6fni \u00fear sem h\u00fan passar \u00e1 hva\u00f0a venjulega innfellda kassa. (Skr\u00fafubil: 60 mm)<\/p>\n<p>ATH<\/p>\n<p>Litsamr\u00e6mdar ni\u00f0ursokknar vi\u00f0arskr\u00fafur fylgja me\u00f0 \u00ed afhendingu.<\/p>\n<p>St\u00e6r\u00f0: \u00d8 70 x 28 mm<\/p>\n<p>Litur: Hv\u00edtur<\/p>\n<p>Snertiskel: Messing hv\u00edtlakka\u00f0<\/p>\n<p>Efni: Messing<\/p>\n<p>Samsetning: Innfelld<\/p>","protected":false},"excerpt":{"rendered":"<p>Tegund:&nbsp;64141<\/p>","protected":false},"featured_media":62515,"comment_status":"closed","ping_status":"closed","template":"","meta":[],"product_brand":[],"product_cat":[633,581,517],"product_tag":[],"class_list":{"0":"post-23419","1":"product","2":"type-product","3":"status-publish","4":"has-post-thumbnail","6":"product_cat-dyrabjollur-dyrasimar-og-dyrabjollur-lykillausnir","7":"product_cat-dyrasimar-og-dyrabjollur-lykillausnir","8":"product_cat-lykillausnir","10":"first","11":"instock","12":"taxable","13":"shipping-taxable","14":"purchasable","15":"product-type-simple"},"yoast_head":"<!-- This site is optimized with the Yoast SEO plugin v27.3 - https:\/\/yoast.com\/product\/yoast-seo-wordpress\/ -->\n<title>GROTHE Bj\u00f6lluhnappur, Hv\u00edt og gyllt, 64141 - V\u00e9lar &amp; Verkf\u00e6ri<\/title>\n<meta name=\"robots\" content=\"index, follow, max-snippet:-1, max-image-preview:large, max-video-preview:-1\" \/>\n<link rel=\"canonical\" href=\"https:\/\/velarogverkfaeri.is\/en\/lykillausnir\/dyrasimar-og-dyrabjollur-lykillausnir\/dyrabjollur-dyrasimar-og-dyrabjollur-lykillausnir\/product\/grothe-bjolluhnappur-hvitur-m-messinghnappi-gamaldags-70x28mm\/\" \/>\n<meta property=\"og:locale\" content=\"en_US\" \/>\n<meta property=\"og:type\" content=\"article\" \/>\n<meta property=\"og:title\" content=\"GROTHE Bj\u00f6lluhnappur, Hv\u00edt og gyllt, 64141 - V\u00e9lar &amp; Verkf\u00e6ri\" \/>\n<meta property=\"og:description\" content=\"Tegund:&nbsp;64141\" \/>\n<meta property=\"og:url\" content=\"https:\/\/velarogverkfaeri.is\/en\/lykillausnir\/dyrasimar-og-dyrabjollur-lykillausnir\/dyrabjollur-dyrasimar-og-dyrabjollur-lykillausnir\/product\/grothe-bjolluhnappur-hvitur-m-messinghnappi-gamaldags-70x28mm\/\" \/>\n<meta property=\"og:site_name\" content=\"V\u00e9lar &amp; Verkf\u00e6ri\" \/>\n<meta property=\"article:publisher\" content=\"https:\/\/www.facebook.com\/VelarOgVerkfaeri\" \/>\n<meta property=\"article:modified_time\" content=\"2026-03-19T17:01:05+00:00\" \/>\n<meta property=\"og:image\" content=\"https:\/\/velarogverkfaeri.is\/wp-content\/uploads\/2024\/07\/494ebf6e-da6f-4907-9e2a-3e6c1e3ecae9.jpg\" \/>\n\t<meta property=\"og:image:width\" content=\"2000\" \/>\n\t<meta property=\"og:image:height\" content=\"2000\" \/>\n\t<meta property=\"og:image:type\" content=\"image\/jpeg\" \/>\n<meta name=\"twitter:card\" content=\"summary_large_image\" \/>\n<script type=\"application\/ld+json\" class=\"yoast-schema-graph\">{\"@context\":\"https:\\\/\\\/schema.org\",\"@graph\":[{\"@type\":\"WebPage\",\"@id\":\"https:\\\/\\\/velarogverkfaeri.is\\\/lykillausnir\\\/dyrasimar-og-dyrabjollur-lykillausnir\\\/dyrabjollur-dyrasimar-og-dyrabjollur-lykillausnir\\\/product\\\/grothe-bjolluhnappur-hvitur-m-messinghnappi-gamaldags-70x28mm\\\/\",\"url\":\"https:\\\/\\\/velarogverkfaeri.is\\\/lykillausnir\\\/dyrasimar-og-dyrabjollur-lykillausnir\\\/dyrabjollur-dyrasimar-og-dyrabjollur-lykillausnir\\\/product\\\/grothe-bjolluhnappur-hvitur-m-messinghnappi-gamaldags-70x28mm\\\/\",\"name\":\"GROTHE Bj\u00f6lluhnappur, Hv\u00edt og gyllt, 64141 - V\u00e9lar &amp; Verkf\u00e6ri\",\"isPartOf\":{\"@id\":\"https:\\\/\\\/velarogverkfaeri.is\\\/en\\\/#website\"},\"primaryImageOfPage\":{\"@id\":\"https:\\\/\\\/velarogverkfaeri.is\\\/lykillausnir\\\/dyrasimar-og-dyrabjollur-lykillausnir\\\/dyrabjollur-dyrasimar-og-dyrabjollur-lykillausnir\\\/product\\\/grothe-bjolluhnappur-hvitur-m-messinghnappi-gamaldags-70x28mm\\\/#primaryimage\"},\"image\":{\"@id\":\"https:\\\/\\\/velarogverkfaeri.is\\\/lykillausnir\\\/dyrasimar-og-dyrabjollur-lykillausnir\\\/dyrabjollur-dyrasimar-og-dyrabjollur-lykillausnir\\\/product\\\/grothe-bjolluhnappur-hvitur-m-messinghnappi-gamaldags-70x28mm\\\/#primaryimage\"},\"thumbnailUrl\":\"https:\\\/\\\/velarogverkfaeri.is\\\/wp-content\\\/uploads\\\/2024\\\/07\\\/494ebf6e-da6f-4907-9e2a-3e6c1e3ecae9.jpg\",\"datePublished\":\"2023-06-07T14:26:35+00:00\",\"dateModified\":\"2026-03-19T17:01:05+00:00\",\"breadcrumb\":{\"@id\":\"https:\\\/\\\/velarogverkfaeri.is\\\/lykillausnir\\\/dyrasimar-og-dyrabjollur-lykillausnir\\\/dyrabjollur-dyrasimar-og-dyrabjollur-lykillausnir\\\/product\\\/grothe-bjolluhnappur-hvitur-m-messinghnappi-gamaldags-70x28mm\\\/#breadcrumb\"},\"inLanguage\":\"en-US\",\"potentialAction\":[{\"@type\":\"ReadAction\",\"target\":[\"https:\\\/\\\/velarogverkfaeri.is\\\/lykillausnir\\\/dyrasimar-og-dyrabjollur-lykillausnir\\\/dyrabjollur-dyrasimar-og-dyrabjollur-lykillausnir\\\/product\\\/grothe-bjolluhnappur-hvitur-m-messinghnappi-gamaldags-70x28mm\\\/\"]}]},{\"@type\":\"ImageObject\",\"inLanguage\":\"en-US\",\"@id\":\"https:\\\/\\\/velarogverkfaeri.is\\\/lykillausnir\\\/dyrasimar-og-dyrabjollur-lykillausnir\\\/dyrabjollur-dyrasimar-og-dyrabjollur-lykillausnir\\\/product\\\/grothe-bjolluhnappur-hvitur-m-messinghnappi-gamaldags-70x28mm\\\/#primaryimage\",\"url\":\"https:\\\/\\\/velarogverkfaeri.is\\\/wp-content\\\/uploads\\\/2024\\\/07\\\/494ebf6e-da6f-4907-9e2a-3e6c1e3ecae9.jpg\",\"contentUrl\":\"https:\\\/\\\/velarogverkfaeri.is\\\/wp-content\\\/uploads\\\/2024\\\/07\\\/494ebf6e-da6f-4907-9e2a-3e6c1e3ecae9.jpg\",\"width\":2000,\"height\":2000},{\"@type\":\"BreadcrumbList\",\"@id\":\"https:\\\/\\\/velarogverkfaeri.is\\\/lykillausnir\\\/dyrasimar-og-dyrabjollur-lykillausnir\\\/dyrabjollur-dyrasimar-og-dyrabjollur-lykillausnir\\\/product\\\/grothe-bjolluhnappur-hvitur-m-messinghnappi-gamaldags-70x28mm\\\/#breadcrumb\",\"itemListElement\":[{\"@type\":\"ListItem\",\"position\":1,\"name\":\"Home\",\"item\":\"https:\\\/\\\/velarogverkfaeri.is\\\/\"},{\"@type\":\"ListItem\",\"position\":2,\"name\":\"Vefverslun\",\"item\":\"https:\\\/\\\/velarogverkfaeri.is\\\/vefverslun\\\/\"},{\"@type\":\"ListItem\",\"position\":3,\"name\":\"GROTHE Bj\u00f6lluhnappur, Hv\u00edt og gyllt, 64141\"}]},{\"@type\":\"WebSite\",\"@id\":\"https:\\\/\\\/velarogverkfaeri.is\\\/en\\\/#website\",\"url\":\"https:\\\/\\\/velarogverkfaeri.is\\\/en\\\/\",\"name\":\"V\u00e9lar & Verkf\u00e6ri\",\"description\":\"Umbo\u00f0s- og heildverslun fr\u00e1 \u00e1rinu 1919\",\"publisher\":{\"@id\":\"https:\\\/\\\/velarogverkfaeri.is\\\/en\\\/#organization\"},\"potentialAction\":[{\"@type\":\"SearchAction\",\"target\":{\"@type\":\"EntryPoint\",\"urlTemplate\":\"https:\\\/\\\/velarogverkfaeri.is\\\/en\\\/?s={search_term_string}\"},\"query-input\":{\"@type\":\"PropertyValueSpecification\",\"valueRequired\":true,\"valueName\":\"search_term_string\"}}],\"inLanguage\":\"en-US\"},{\"@type\":\"Organization\",\"@id\":\"https:\\\/\\\/velarogverkfaeri.is\\\/en\\\/#organization\",\"name\":\"V\u00e9lar & Verkf\u00e6ri\",\"url\":\"https:\\\/\\\/velarogverkfaeri.is\\\/en\\\/\",\"logo\":{\"@type\":\"ImageObject\",\"inLanguage\":\"en-US\",\"@id\":\"https:\\\/\\\/velarogverkfaeri.is\\\/en\\\/#\\\/schema\\\/logo\\\/image\\\/\",\"url\":\"https:\\\/\\\/velarogverkfaeri.is\\\/wp-content\\\/uploads\\\/2021\\\/10\\\/vv_logo_350x100.png\",\"contentUrl\":\"https:\\\/\\\/velarogverkfaeri.is\\\/wp-content\\\/uploads\\\/2021\\\/10\\\/vv_logo_350x100.png\",\"width\":350,\"height\":100,\"caption\":\"V\u00e9lar & Verkf\u00e6ri\"},\"image\":{\"@id\":\"https:\\\/\\\/velarogverkfaeri.is\\\/en\\\/#\\\/schema\\\/logo\\\/image\\\/\"},\"sameAs\":[\"https:\\\/\\\/www.facebook.com\\\/VelarOgVerkfaeri\"]}]}<\/script>\n<!-- \/ Yoast SEO plugin. -->","yoast_head_json":{"title":"GROTHE Bj\u00f6lluhnappur, Hv\u00edt og gyllt, 64141 - V\u00e9lar &amp; Verkf\u00e6ri","robots":{"index":"index","follow":"follow","max-snippet":"max-snippet:-1","max-image-preview":"max-image-preview:large","max-video-preview":"max-video-preview:-1"},"canonical":"https:\/\/velarogverkfaeri.is\/en\/lykillausnir\/dyrasimar-og-dyrabjollur-lykillausnir\/dyrabjollur-dyrasimar-og-dyrabjollur-lykillausnir\/product\/grothe-bjolluhnappur-hvitur-m-messinghnappi-gamaldags-70x28mm\/","og_locale":"en_US","og_type":"article","og_title":"GROTHE Bj\u00f6lluhnappur, Hv\u00edt og gyllt, 64141 - V\u00e9lar &amp; Verkf\u00e6ri","og_description":"Tegund:&nbsp;64141","og_url":"https:\/\/velarogverkfaeri.is\/en\/lykillausnir\/dyrasimar-og-dyrabjollur-lykillausnir\/dyrabjollur-dyrasimar-og-dyrabjollur-lykillausnir\/product\/grothe-bjolluhnappur-hvitur-m-messinghnappi-gamaldags-70x28mm\/","og_site_name":"V\u00e9lar &amp; Verkf\u00e6ri","article_publisher":"https:\/\/www.facebook.com\/VelarOgVerkfaeri","article_modified_time":"2026-03-19T17:01:05+00:00","og_image":[{"width":2000,"height":2000,"url":"https:\/\/velarogverkfaeri.is\/wp-content\/uploads\/2024\/07\/494ebf6e-da6f-4907-9e2a-3e6c1e3ecae9.jpg","type":"image\/jpeg"}],"twitter_card":"summary_large_image","schema":{"@context":"https:\/\/schema.org","@graph":[{"@type":"WebPage","@id":"https:\/\/velarogverkfaeri.is\/lykillausnir\/dyrasimar-og-dyrabjollur-lykillausnir\/dyrabjollur-dyrasimar-og-dyrabjollur-lykillausnir\/product\/grothe-bjolluhnappur-hvitur-m-messinghnappi-gamaldags-70x28mm\/","url":"https:\/\/velarogverkfaeri.is\/lykillausnir\/dyrasimar-og-dyrabjollur-lykillausnir\/dyrabjollur-dyrasimar-og-dyrabjollur-lykillausnir\/product\/grothe-bjolluhnappur-hvitur-m-messinghnappi-gamaldags-70x28mm\/","name":"GROTHE Bj\u00f6lluhnappur, Hv\u00edt og gyllt, 64141 - V\u00e9lar &amp; Verkf\u00e6ri","isPartOf":{"@id":"https:\/\/velarogverkfaeri.is\/en\/#website"},"primaryImageOfPage":{"@id":"https:\/\/velarogverkfaeri.is\/lykillausnir\/dyrasimar-og-dyrabjollur-lykillausnir\/dyrabjollur-dyrasimar-og-dyrabjollur-lykillausnir\/product\/grothe-bjolluhnappur-hvitur-m-messinghnappi-gamaldags-70x28mm\/#primaryimage"},"image":{"@id":"https:\/\/velarogverkfaeri.is\/lykillausnir\/dyrasimar-og-dyrabjollur-lykillausnir\/dyrabjollur-dyrasimar-og-dyrabjollur-lykillausnir\/product\/grothe-bjolluhnappur-hvitur-m-messinghnappi-gamaldags-70x28mm\/#primaryimage"},"thumbnailUrl":"https:\/\/velarogverkfaeri.is\/wp-content\/uploads\/2024\/07\/494ebf6e-da6f-4907-9e2a-3e6c1e3ecae9.jpg","datePublished":"2023-06-07T14:26:35+00:00","dateModified":"2026-03-19T17:01:05+00:00","breadcrumb":{"@id":"https:\/\/velarogverkfaeri.is\/lykillausnir\/dyrasimar-og-dyrabjollur-lykillausnir\/dyrabjollur-dyrasimar-og-dyrabjollur-lykillausnir\/product\/grothe-bjolluhnappur-hvitur-m-messinghnappi-gamaldags-70x28mm\/#breadcrumb"},"inLanguage":"en-US","potentialAction":[{"@type":"ReadAction","target":["https:\/\/velarogverkfaeri.is\/lykillausnir\/dyrasimar-og-dyrabjollur-lykillausnir\/dyrabjollur-dyrasimar-og-dyrabjollur-lykillausnir\/product\/grothe-bjolluhnappur-hvitur-m-messinghnappi-gamaldags-70x28mm\/"]}]},{"@type":"ImageObject","inLanguage":"en-US","@id":"https:\/\/velarogverkfaeri.is\/lykillausnir\/dyrasimar-og-dyrabjollur-lykillausnir\/dyrabjollur-dyrasimar-og-dyrabjollur-lykillausnir\/product\/grothe-bjolluhnappur-hvitur-m-messinghnappi-gamaldags-70x28mm\/#primaryimage","url":"https:\/\/velarogverkfaeri.is\/wp-content\/uploads\/2024\/07\/494ebf6e-da6f-4907-9e2a-3e6c1e3ecae9.jpg","contentUrl":"https:\/\/velarogverkfaeri.is\/wp-content\/uploads\/2024\/07\/494ebf6e-da6f-4907-9e2a-3e6c1e3ecae9.jpg","width":2000,"height":2000},{"@type":"BreadcrumbList","@id":"https:\/\/velarogverkfaeri.is\/lykillausnir\/dyrasimar-og-dyrabjollur-lykillausnir\/dyrabjollur-dyrasimar-og-dyrabjollur-lykillausnir\/product\/grothe-bjolluhnappur-hvitur-m-messinghnappi-gamaldags-70x28mm\/#breadcrumb","itemListElement":[{"@type":"ListItem","position":1,"name":"Home","item":"https:\/\/velarogverkfaeri.is\/"},{"@type":"ListItem","position":2,"name":"Vefverslun","item":"https:\/\/velarogverkfaeri.is\/vefverslun\/"},{"@type":"ListItem","position":3,"name":"GROTHE Bj\u00f6lluhnappur, Hv\u00edt og gyllt, 64141"}]},{"@type":"WebSite","@id":"https:\/\/velarogverkfaeri.is\/en\/#website","url":"https:\/\/velarogverkfaeri.is\/en\/","name":"V\u00e9lar & Verkf\u00e6ri","description":"Umbo\u00f0s- og heildverslun fr\u00e1 \u00e1rinu 1919","publisher":{"@id":"https:\/\/velarogverkfaeri.is\/en\/#organization"},"potentialAction":[{"@type":"SearchAction","target":{"@type":"EntryPoint","urlTemplate":"https:\/\/velarogverkfaeri.is\/en\/?s={search_term_string}"},"query-input":{"@type":"PropertyValueSpecification","valueRequired":true,"valueName":"search_term_string"}}],"inLanguage":"en-US"},{"@type":"Organization","@id":"https:\/\/velarogverkfaeri.is\/en\/#organization","name":"V\u00e9lar & Verkf\u00e6ri","url":"https:\/\/velarogverkfaeri.is\/en\/","logo":{"@type":"ImageObject","inLanguage":"en-US","@id":"https:\/\/velarogverkfaeri.is\/en\/#\/schema\/logo\/image\/","url":"https:\/\/velarogverkfaeri.is\/wp-content\/uploads\/2021\/10\/vv_logo_350x100.png","contentUrl":"https:\/\/velarogverkfaeri.is\/wp-content\/uploads\/2021\/10\/vv_logo_350x100.png","width":350,"height":100,"caption":"V\u00e9lar & Verkf\u00e6ri"},"image":{"@id":"https:\/\/velarogverkfaeri.is\/en\/#\/schema\/logo\/image\/"},"sameAs":["https:\/\/www.facebook.com\/VelarOgVerkfaeri"]}]}},"_links":{"self":[{"href":"https:\/\/velarogverkfaeri.is\/en\/wp-json\/wp\/v2\/product\/23419","targetHints":{"allow":["GET"]}}],"collection":[{"href":"https:\/\/velarogverkfaeri.is\/en\/wp-json\/wp\/v2\/product"}],"about":[{"href":"https:\/\/velarogverkfaeri.is\/en\/wp-json\/wp\/v2\/types\/product"}],"replies":[{"embeddable":true,"href":"https:\/\/velarogverkfaeri.is\/en\/wp-json\/wp\/v2\/comments?post=23419"}],"wp:featuredmedia":[{"embeddable":true,"href":"https:\/\/velarogverkfaeri.is\/en\/wp-json\/wp\/v2\/media\/62515"}],"wp:attachment":[{"href":"https:\/\/velarogverkfaeri.is\/en\/wp-json\/wp\/v2\/media?parent=23419"}],"wp:term":[{"taxonomy":"product_brand","embeddable":true,"href":"https:\/\/velarogverkfaeri.is\/en\/wp-json\/wp\/v2\/product_brand?post=23419"},{"taxonomy":"product_cat","embeddable":true,"href":"https:\/\/velarogverkfaeri.is\/en\/wp-json\/wp\/v2\/product_cat?post=23419"},{"taxonomy":"product_tag","embeddable":true,"href":"https:\/\/velarogverkfaeri.is\/en\/wp-json\/wp\/v2\/product_tag?post=23419"}],"curies":[{"name":"wp","href":"https:\/\/api.w.org\/{rel}","templated":true}]}}