{"id":23402,"date":"2023-04-28T17:43:38","date_gmt":"2023-04-28T17:43:38","guid":{"rendered":"https:\/\/vv-dev.webdev.is\/?post_type=product&#038;p=23402"},"modified":"2025-10-25T11:45:59","modified_gmt":"2025-10-25T11:45:59","slug":"beslag-design-wc-bursti-og-haldari-vegg-messing","status":"publish","type":"product","link":"https:\/\/velarogverkfaeri.is\/en\/lykillausnir\/badherbergi-lykillausnir\/salernisburstar-badherbergi-lykillausnir\/product\/beslag-design-wc-bursti-og-haldari-vegg-messing\/","title":{"rendered":"BESLAG DESIGN Solid\/Base Kl\u00f3settbursti Gylltur 80x400x105 mm 620032-41"},"content":{"rendered":"<p style=\"text-align: center; \">Allar v\u00f6rur \u00ed Base &amp; Solid ser\u00edunni eru me\u00f0 sj\u00e1lfl\u00edmandi baki. Au\u00f0velt a\u00f0 setja upp \u00e1n \u00feess a\u00f0 bora.<\/p>\n<\/p>\n<div style=\"text-align: center;\">Festur \u00e1 varanlega sl\u00e9tta fleti eins og fl\u00edsar, lakka\u00f0 e\u00f0a sp\u00f3na\u00f0 pl\u00f6tuefni o.fl. Ekki er r\u00e1\u00f0legt a\u00f0 festa v\u00f6rurnar \u00e1 \u00f3j\u00f6fn\/gr\u00f3ft yfirbor\u00f0 \u00fear sem l\u00edmbandi\u00f0 n\u00e6r ekki fullri snertingu e\u00f0a yfirbor\u00f0 sem getur runni\u00f0 eins og t.d. votr\u00fdmisveggf\u00f3\u00f0ur. \u00c1 n\u00fdfl\u00edsal\u00f6g\u00f0um veggjum er mikilv\u00e6gt a\u00f0 yfirbor\u00f0i\u00f0 s\u00e9 hreinsa\u00f0 vel \u00feannig a\u00f0 engin f\u00fagafilma sitji eftir \u00e1 uppsetningarfletinum.<\/div>\n<div style=\"text-align: center;\"><\/div>\n<\/p>\n<div style=\"text-align: center;\">V\u00f6rud\u00fdpt: 105 mm<\/div>\n<div style=\"text-align: center;\">\n<div>\u00deverm\u00e1l v\u00f6ru: 80 mm<\/div>\n<div>H\u00e6\u00f0 v\u00f6ru: 400 mm<\/div>\n<div>V\u00f6rubreidd: 80 mm<\/div>\n<div>Fr\u00e1gangur: Brass<\/div>\n<\/div>\n<div style=\"text-align: center;\"><\/div>\n<\/p>\n<h4 style=\"text-align: center; \"><b>Uppsetningarlei\u00f0beiningar<\/b><\/h4>\n<p style=\"text-align: center; \">1. Hreinsi\u00f0 undirlagi\u00f0 vandlega og leyfi\u00f0 \u00fev\u00ed a\u00f0 \u00feorna. (\u00devottaefnin mega ekki innihalda ol\u00edu)<br \/>2. Fjarl\u00e6g\u00f0u hl\u00edf\u00f0arfilmuna.<br \/>3. Beri\u00f0 v\u00f6runa \u00e1 me\u00f0 \u00fev\u00ed a\u00f0 \u00fer\u00fdsta henni a\u00f0 undirlaginu \u00ed 10 sek\u00fandur.<br \/>4. Til a\u00f0 n\u00e1 sem bestum \u00e1rangri skaltu leyfa l\u00edmi\u00f0 a\u00f0 har\u00f0na \u00ed 24 klukkustundir fyrir notkun.<\/p>\n<p style=\"text-align: center; \">\u00deegar \u00fe\u00fa \u00fer\u00edfur v\u00f6runa skaltu nota hreinan, rakan kl\u00fat.<\/p>","protected":false},"excerpt":{"rendered":"<p>Tegund:&nbsp;620032-41<\/p>","protected":false},"featured_media":26844,"comment_status":"closed","ping_status":"closed","template":"","meta":[],"product_brand":[],"product_cat":[580,619,517],"product_tag":[],"class_list":{"0":"post-23402","1":"product","2":"type-product","3":"status-publish","4":"has-post-thumbnail","6":"product_cat-badherbergi-lykillausnir","7":"product_cat-salernisburstar-badherbergi-lykillausnir","8":"product_cat-lykillausnir","10":"first","11":"instock","12":"taxable","13":"shipping-taxable","14":"purchasable","15":"product-type-simple"},"yoast_head":"<!-- This site is optimized with the Yoast SEO plugin v27.3 - https:\/\/yoast.com\/product\/yoast-seo-wordpress\/ -->\n<title>BESLAG DESIGN Solid\/Base Kl\u00f3settbursti Gylltur 80x400x105 mm 620032-41 - V\u00e9lar &amp; Verkf\u00e6ri<\/title>\n<meta name=\"robots\" content=\"index, follow, max-snippet:-1, max-image-preview:large, max-video-preview:-1\" \/>\n<link rel=\"canonical\" href=\"https:\/\/velarogverkfaeri.is\/en\/lykillausnir\/badherbergi-lykillausnir\/salernisburstar-badherbergi-lykillausnir\/product\/beslag-design-wc-bursti-og-haldari-vegg-messing\/\" \/>\n<meta property=\"og:locale\" content=\"en_US\" \/>\n<meta property=\"og:type\" content=\"article\" \/>\n<meta property=\"og:title\" content=\"BESLAG DESIGN Solid\/Base Kl\u00f3settbursti Gylltur 80x400x105 mm 620032-41 - V\u00e9lar &amp; Verkf\u00e6ri\" \/>\n<meta property=\"og:description\" content=\"Tegund:&nbsp;620032-41\" \/>\n<meta property=\"og:url\" content=\"https:\/\/velarogverkfaeri.is\/en\/lykillausnir\/badherbergi-lykillausnir\/salernisburstar-badherbergi-lykillausnir\/product\/beslag-design-wc-bursti-og-haldari-vegg-messing\/\" \/>\n<meta property=\"og:site_name\" content=\"V\u00e9lar &amp; Verkf\u00e6ri\" \/>\n<meta property=\"article:publisher\" content=\"https:\/\/www.facebook.com\/VelarOgVerkfaeri\" \/>\n<meta property=\"article:modified_time\" content=\"2025-10-25T11:45:59+00:00\" \/>\n<meta property=\"og:image\" content=\"https:\/\/velarogverkfaeri.is\/wp-content\/uploads\/2023\/06\/ec818efb-088d-4850-b7d3-088389380351.jpeg\" \/>\n\t<meta property=\"og:image:width\" content=\"226\" \/>\n\t<meta property=\"og:image:height\" content=\"802\" \/>\n\t<meta property=\"og:image:type\" content=\"image\/jpeg\" \/>\n<meta name=\"twitter:card\" content=\"summary_large_image\" \/>\n<meta name=\"twitter:label1\" content=\"Est. reading time\" \/>\n\t<meta name=\"twitter:data1\" content=\"1 minute\" \/>\n<script type=\"application\/ld+json\" class=\"yoast-schema-graph\">{\"@context\":\"https:\\\/\\\/schema.org\",\"@graph\":[{\"@type\":\"WebPage\",\"@id\":\"https:\\\/\\\/velarogverkfaeri.is\\\/lykillausnir\\\/badherbergi-lykillausnir\\\/salernisburstar-badherbergi-lykillausnir\\\/product\\\/beslag-design-wc-bursti-og-haldari-vegg-messing\\\/\",\"url\":\"https:\\\/\\\/velarogverkfaeri.is\\\/lykillausnir\\\/badherbergi-lykillausnir\\\/salernisburstar-badherbergi-lykillausnir\\\/product\\\/beslag-design-wc-bursti-og-haldari-vegg-messing\\\/\",\"name\":\"BESLAG DESIGN Solid\\\/Base Kl\u00f3settbursti Gylltur 80x400x105 mm 620032-41 - V\u00e9lar &amp; Verkf\u00e6ri\",\"isPartOf\":{\"@id\":\"https:\\\/\\\/velarogverkfaeri.is\\\/en\\\/#website\"},\"primaryImageOfPage\":{\"@id\":\"https:\\\/\\\/velarogverkfaeri.is\\\/lykillausnir\\\/badherbergi-lykillausnir\\\/salernisburstar-badherbergi-lykillausnir\\\/product\\\/beslag-design-wc-bursti-og-haldari-vegg-messing\\\/#primaryimage\"},\"image\":{\"@id\":\"https:\\\/\\\/velarogverkfaeri.is\\\/lykillausnir\\\/badherbergi-lykillausnir\\\/salernisburstar-badherbergi-lykillausnir\\\/product\\\/beslag-design-wc-bursti-og-haldari-vegg-messing\\\/#primaryimage\"},\"thumbnailUrl\":\"https:\\\/\\\/velarogverkfaeri.is\\\/wp-content\\\/uploads\\\/2023\\\/06\\\/ec818efb-088d-4850-b7d3-088389380351.jpeg\",\"datePublished\":\"2023-04-28T17:43:38+00:00\",\"dateModified\":\"2025-10-25T11:45:59+00:00\",\"breadcrumb\":{\"@id\":\"https:\\\/\\\/velarogverkfaeri.is\\\/lykillausnir\\\/badherbergi-lykillausnir\\\/salernisburstar-badherbergi-lykillausnir\\\/product\\\/beslag-design-wc-bursti-og-haldari-vegg-messing\\\/#breadcrumb\"},\"inLanguage\":\"en-US\",\"potentialAction\":[{\"@type\":\"ReadAction\",\"target\":[\"https:\\\/\\\/velarogverkfaeri.is\\\/lykillausnir\\\/badherbergi-lykillausnir\\\/salernisburstar-badherbergi-lykillausnir\\\/product\\\/beslag-design-wc-bursti-og-haldari-vegg-messing\\\/\"]}]},{\"@type\":\"ImageObject\",\"inLanguage\":\"en-US\",\"@id\":\"https:\\\/\\\/velarogverkfaeri.is\\\/lykillausnir\\\/badherbergi-lykillausnir\\\/salernisburstar-badherbergi-lykillausnir\\\/product\\\/beslag-design-wc-bursti-og-haldari-vegg-messing\\\/#primaryimage\",\"url\":\"https:\\\/\\\/velarogverkfaeri.is\\\/wp-content\\\/uploads\\\/2023\\\/06\\\/ec818efb-088d-4850-b7d3-088389380351.jpeg\",\"contentUrl\":\"https:\\\/\\\/velarogverkfaeri.is\\\/wp-content\\\/uploads\\\/2023\\\/06\\\/ec818efb-088d-4850-b7d3-088389380351.jpeg\",\"width\":226,\"height\":802},{\"@type\":\"BreadcrumbList\",\"@id\":\"https:\\\/\\\/velarogverkfaeri.is\\\/lykillausnir\\\/badherbergi-lykillausnir\\\/salernisburstar-badherbergi-lykillausnir\\\/product\\\/beslag-design-wc-bursti-og-haldari-vegg-messing\\\/#breadcrumb\",\"itemListElement\":[{\"@type\":\"ListItem\",\"position\":1,\"name\":\"Home\",\"item\":\"https:\\\/\\\/velarogverkfaeri.is\\\/\"},{\"@type\":\"ListItem\",\"position\":2,\"name\":\"Vefverslun\",\"item\":\"https:\\\/\\\/velarogverkfaeri.is\\\/vefverslun\\\/\"},{\"@type\":\"ListItem\",\"position\":3,\"name\":\"BESLAG DESIGN Solid\\\/Base Kl\u00f3settbursti Gylltur 80x400x105 mm 620032-41\"}]},{\"@type\":\"WebSite\",\"@id\":\"https:\\\/\\\/velarogverkfaeri.is\\\/en\\\/#website\",\"url\":\"https:\\\/\\\/velarogverkfaeri.is\\\/en\\\/\",\"name\":\"V\u00e9lar & Verkf\u00e6ri\",\"description\":\"Umbo\u00f0s- og heildverslun fr\u00e1 \u00e1rinu 1919\",\"publisher\":{\"@id\":\"https:\\\/\\\/velarogverkfaeri.is\\\/en\\\/#organization\"},\"potentialAction\":[{\"@type\":\"SearchAction\",\"target\":{\"@type\":\"EntryPoint\",\"urlTemplate\":\"https:\\\/\\\/velarogverkfaeri.is\\\/en\\\/?s={search_term_string}\"},\"query-input\":{\"@type\":\"PropertyValueSpecification\",\"valueRequired\":true,\"valueName\":\"search_term_string\"}}],\"inLanguage\":\"en-US\"},{\"@type\":\"Organization\",\"@id\":\"https:\\\/\\\/velarogverkfaeri.is\\\/en\\\/#organization\",\"name\":\"V\u00e9lar & Verkf\u00e6ri\",\"url\":\"https:\\\/\\\/velarogverkfaeri.is\\\/en\\\/\",\"logo\":{\"@type\":\"ImageObject\",\"inLanguage\":\"en-US\",\"@id\":\"https:\\\/\\\/velarogverkfaeri.is\\\/en\\\/#\\\/schema\\\/logo\\\/image\\\/\",\"url\":\"https:\\\/\\\/velarogverkfaeri.is\\\/wp-content\\\/uploads\\\/2021\\\/10\\\/vv_logo_350x100.png\",\"contentUrl\":\"https:\\\/\\\/velarogverkfaeri.is\\\/wp-content\\\/uploads\\\/2021\\\/10\\\/vv_logo_350x100.png\",\"width\":350,\"height\":100,\"caption\":\"V\u00e9lar & Verkf\u00e6ri\"},\"image\":{\"@id\":\"https:\\\/\\\/velarogverkfaeri.is\\\/en\\\/#\\\/schema\\\/logo\\\/image\\\/\"},\"sameAs\":[\"https:\\\/\\\/www.facebook.com\\\/VelarOgVerkfaeri\"]}]}<\/script>\n<!-- \/ Yoast SEO plugin. -->","yoast_head_json":{"title":"BESLAG DESIGN Solid\/Base Kl\u00f3settbursti Gylltur 80x400x105 mm 620032-41 - V\u00e9lar &amp; Verkf\u00e6ri","robots":{"index":"index","follow":"follow","max-snippet":"max-snippet:-1","max-image-preview":"max-image-preview:large","max-video-preview":"max-video-preview:-1"},"canonical":"https:\/\/velarogverkfaeri.is\/en\/lykillausnir\/badherbergi-lykillausnir\/salernisburstar-badherbergi-lykillausnir\/product\/beslag-design-wc-bursti-og-haldari-vegg-messing\/","og_locale":"en_US","og_type":"article","og_title":"BESLAG DESIGN Solid\/Base Kl\u00f3settbursti Gylltur 80x400x105 mm 620032-41 - V\u00e9lar &amp; Verkf\u00e6ri","og_description":"Tegund:&nbsp;620032-41","og_url":"https:\/\/velarogverkfaeri.is\/en\/lykillausnir\/badherbergi-lykillausnir\/salernisburstar-badherbergi-lykillausnir\/product\/beslag-design-wc-bursti-og-haldari-vegg-messing\/","og_site_name":"V\u00e9lar &amp; Verkf\u00e6ri","article_publisher":"https:\/\/www.facebook.com\/VelarOgVerkfaeri","article_modified_time":"2025-10-25T11:45:59+00:00","og_image":[{"width":226,"height":802,"url":"https:\/\/velarogverkfaeri.is\/wp-content\/uploads\/2023\/06\/ec818efb-088d-4850-b7d3-088389380351.jpeg","type":"image\/jpeg"}],"twitter_card":"summary_large_image","twitter_misc":{"Est. reading time":"1 minute"},"schema":{"@context":"https:\/\/schema.org","@graph":[{"@type":"WebPage","@id":"https:\/\/velarogverkfaeri.is\/lykillausnir\/badherbergi-lykillausnir\/salernisburstar-badherbergi-lykillausnir\/product\/beslag-design-wc-bursti-og-haldari-vegg-messing\/","url":"https:\/\/velarogverkfaeri.is\/lykillausnir\/badherbergi-lykillausnir\/salernisburstar-badherbergi-lykillausnir\/product\/beslag-design-wc-bursti-og-haldari-vegg-messing\/","name":"BESLAG DESIGN Solid\/Base Kl\u00f3settbursti Gylltur 80x400x105 mm 620032-41 - V\u00e9lar &amp; Verkf\u00e6ri","isPartOf":{"@id":"https:\/\/velarogverkfaeri.is\/en\/#website"},"primaryImageOfPage":{"@id":"https:\/\/velarogverkfaeri.is\/lykillausnir\/badherbergi-lykillausnir\/salernisburstar-badherbergi-lykillausnir\/product\/beslag-design-wc-bursti-og-haldari-vegg-messing\/#primaryimage"},"image":{"@id":"https:\/\/velarogverkfaeri.is\/lykillausnir\/badherbergi-lykillausnir\/salernisburstar-badherbergi-lykillausnir\/product\/beslag-design-wc-bursti-og-haldari-vegg-messing\/#primaryimage"},"thumbnailUrl":"https:\/\/velarogverkfaeri.is\/wp-content\/uploads\/2023\/06\/ec818efb-088d-4850-b7d3-088389380351.jpeg","datePublished":"2023-04-28T17:43:38+00:00","dateModified":"2025-10-25T11:45:59+00:00","breadcrumb":{"@id":"https:\/\/velarogverkfaeri.is\/lykillausnir\/badherbergi-lykillausnir\/salernisburstar-badherbergi-lykillausnir\/product\/beslag-design-wc-bursti-og-haldari-vegg-messing\/#breadcrumb"},"inLanguage":"en-US","potentialAction":[{"@type":"ReadAction","target":["https:\/\/velarogverkfaeri.is\/lykillausnir\/badherbergi-lykillausnir\/salernisburstar-badherbergi-lykillausnir\/product\/beslag-design-wc-bursti-og-haldari-vegg-messing\/"]}]},{"@type":"ImageObject","inLanguage":"en-US","@id":"https:\/\/velarogverkfaeri.is\/lykillausnir\/badherbergi-lykillausnir\/salernisburstar-badherbergi-lykillausnir\/product\/beslag-design-wc-bursti-og-haldari-vegg-messing\/#primaryimage","url":"https:\/\/velarogverkfaeri.is\/wp-content\/uploads\/2023\/06\/ec818efb-088d-4850-b7d3-088389380351.jpeg","contentUrl":"https:\/\/velarogverkfaeri.is\/wp-content\/uploads\/2023\/06\/ec818efb-088d-4850-b7d3-088389380351.jpeg","width":226,"height":802},{"@type":"BreadcrumbList","@id":"https:\/\/velarogverkfaeri.is\/lykillausnir\/badherbergi-lykillausnir\/salernisburstar-badherbergi-lykillausnir\/product\/beslag-design-wc-bursti-og-haldari-vegg-messing\/#breadcrumb","itemListElement":[{"@type":"ListItem","position":1,"name":"Home","item":"https:\/\/velarogverkfaeri.is\/"},{"@type":"ListItem","position":2,"name":"Vefverslun","item":"https:\/\/velarogverkfaeri.is\/vefverslun\/"},{"@type":"ListItem","position":3,"name":"BESLAG DESIGN Solid\/Base Kl\u00f3settbursti Gylltur 80x400x105 mm 620032-41"}]},{"@type":"WebSite","@id":"https:\/\/velarogverkfaeri.is\/en\/#website","url":"https:\/\/velarogverkfaeri.is\/en\/","name":"V\u00e9lar & Verkf\u00e6ri","description":"Umbo\u00f0s- og heildverslun fr\u00e1 \u00e1rinu 1919","publisher":{"@id":"https:\/\/velarogverkfaeri.is\/en\/#organization"},"potentialAction":[{"@type":"SearchAction","target":{"@type":"EntryPoint","urlTemplate":"https:\/\/velarogverkfaeri.is\/en\/?s={search_term_string}"},"query-input":{"@type":"PropertyValueSpecification","valueRequired":true,"valueName":"search_term_string"}}],"inLanguage":"en-US"},{"@type":"Organization","@id":"https:\/\/velarogverkfaeri.is\/en\/#organization","name":"V\u00e9lar & Verkf\u00e6ri","url":"https:\/\/velarogverkfaeri.is\/en\/","logo":{"@type":"ImageObject","inLanguage":"en-US","@id":"https:\/\/velarogverkfaeri.is\/en\/#\/schema\/logo\/image\/","url":"https:\/\/velarogverkfaeri.is\/wp-content\/uploads\/2021\/10\/vv_logo_350x100.png","contentUrl":"https:\/\/velarogverkfaeri.is\/wp-content\/uploads\/2021\/10\/vv_logo_350x100.png","width":350,"height":100,"caption":"V\u00e9lar & Verkf\u00e6ri"},"image":{"@id":"https:\/\/velarogverkfaeri.is\/en\/#\/schema\/logo\/image\/"},"sameAs":["https:\/\/www.facebook.com\/VelarOgVerkfaeri"]}]}},"_links":{"self":[{"href":"https:\/\/velarogverkfaeri.is\/en\/wp-json\/wp\/v2\/product\/23402","targetHints":{"allow":["GET"]}}],"collection":[{"href":"https:\/\/velarogverkfaeri.is\/en\/wp-json\/wp\/v2\/product"}],"about":[{"href":"https:\/\/velarogverkfaeri.is\/en\/wp-json\/wp\/v2\/types\/product"}],"replies":[{"embeddable":true,"href":"https:\/\/velarogverkfaeri.is\/en\/wp-json\/wp\/v2\/comments?post=23402"}],"wp:featuredmedia":[{"embeddable":true,"href":"https:\/\/velarogverkfaeri.is\/en\/wp-json\/wp\/v2\/media\/26844"}],"wp:attachment":[{"href":"https:\/\/velarogverkfaeri.is\/en\/wp-json\/wp\/v2\/media?parent=23402"}],"wp:term":[{"taxonomy":"product_brand","embeddable":true,"href":"https:\/\/velarogverkfaeri.is\/en\/wp-json\/wp\/v2\/product_brand?post=23402"},{"taxonomy":"product_cat","embeddable":true,"href":"https:\/\/velarogverkfaeri.is\/en\/wp-json\/wp\/v2\/product_cat?post=23402"},{"taxonomy":"product_tag","embeddable":true,"href":"https:\/\/velarogverkfaeri.is\/en\/wp-json\/wp\/v2\/product_tag?post=23402"}],"curies":[{"name":"wp","href":"https:\/\/api.w.org\/{rel}","templated":true}]}}