{"id":23291,"date":"2023-06-07T14:18:57","date_gmt":"2023-06-07T14:18:57","guid":{"rendered":"https:\/\/vv-dev.webdev.is\/?post_type=product&#038;p=23291"},"modified":"2025-04-25T16:46:48","modified_gmt":"2025-04-25T16:46:48","slug":"bobrick-sapuskammtari-sjalfvirkur-snertifrir-rydfritt-stal-800ml-b-2013","status":"publish","type":"product","link":"https:\/\/velarogverkfaeri.is\/en\/lykillausnir\/badherbergi-lykillausnir\/sapuskammtarar-badherbergi-lykillausnir\/product\/bobrick-sapuskammtari-sjalfvirkur-snertifrir-rydfritt-stal-800ml-b-2013\/","title":{"rendered":"BOBRICK S\u00e1puskammtari 800ml"},"content":{"rendered":"<p>Sj\u00e1lfvirkur s\u00e1puskammtari sem er utanbor\u00f0sfestur e\u00f0a veggfestur er Type-304 ry\u00f0fr\u00edu st\u00e1li me\u00f0 sat\u00edn\u00e1fer\u00f0.<\/p>\n<p>Skynjari virkur og \u00fearf ekki snertingu vi\u00f0 skammtara til a\u00f0 virka.<\/p>\n<p>L\u00e6sanlegt h\u00fasn\u00e6\u00f0i er b\u00fai\u00f0 gl\u00e6rum akr\u00fdl \u00e1fyllingarv\u00edsirglugga og er \u00e1 lamir fyrir \u00e1fyllingu og vi\u00f0hald.<\/p>\n<p>R\u00famtak: 800 ml<\/p>\n<p>CE vottun.<\/p>\n<p>Til a\u00f0 virkja skammtarann \u200b\u200bskaltu setja h\u00f6nd undir st\u00fat \u00ed um \u00fea\u00f0 bil eina sek\u00fandu.<\/p>\n<p>Gluggi s\u00fdnir hven\u00e6r \u00e1fyllingar er \u00fe\u00f6rf.<\/p>\n<p>L\u00e6st, s\u00e1puskammtarinn opnast til endurfyllingar a\u00f0eins me\u00f0 s\u00e9rst\u00f6kum lykli sem fylgir me\u00f0.<\/p>\n<p>Krefst \u00feriggja (3) Alkaline \u201eC\u201c Cell rafhl\u00f6\u00f0ur, 1,5V (EKKI innifali\u00f0).<\/p>\n<p>Bl\u00e1tt gaumlj\u00f3s gefur til kynna \u201e\u00cd NOTKUN\u201c.<\/p>\n<p>Blikkandi bl\u00e1tt lj\u00f3s gefur til kynna \u201eL\u00cdTIL RAFHLA\u00d0A\u201c.<\/p>\n<p>Breidd: 10,8 cm<\/p>\n<p>H\u00e6\u00f0: 24,3 cm<\/p>","protected":false},"excerpt":{"rendered":"<p>Tegund:&nbsp;B-2013<\/p>\n<p>ATH a\u00f0eins 2 stk til \u00e1 lager<\/p>","protected":false},"featured_media":34819,"comment_status":"closed","ping_status":"closed","template":"","meta":[],"product_brand":[],"product_cat":[580,517,621],"product_tag":[],"class_list":{"0":"post-23291","1":"product","2":"type-product","3":"status-publish","4":"has-post-thumbnail","6":"product_cat-badherbergi-lykillausnir","7":"product_cat-lykillausnir","8":"product_cat-sapuskammtarar-badherbergi-lykillausnir","10":"first","11":"instock","12":"taxable","13":"shipping-taxable","14":"purchasable","15":"product-type-simple"},"yoast_head":"<!-- This site is optimized with the Yoast SEO plugin v27.3 - https:\/\/yoast.com\/product\/yoast-seo-wordpress\/ -->\n<title>BOBRICK S\u00e1puskammtari 800ml - V\u00e9lar &amp; Verkf\u00e6ri<\/title>\n<meta name=\"robots\" content=\"index, follow, max-snippet:-1, max-image-preview:large, max-video-preview:-1\" \/>\n<link rel=\"canonical\" href=\"https:\/\/velarogverkfaeri.is\/en\/lykillausnir\/badherbergi-lykillausnir\/sapuskammtarar-badherbergi-lykillausnir\/product\/bobrick-sapuskammtari-sjalfvirkur-snertifrir-rydfritt-stal-800ml-b-2013\/\" \/>\n<meta property=\"og:locale\" content=\"en_US\" \/>\n<meta property=\"og:type\" content=\"article\" \/>\n<meta property=\"og:title\" content=\"BOBRICK S\u00e1puskammtari 800ml - V\u00e9lar &amp; Verkf\u00e6ri\" \/>\n<meta property=\"og:description\" content=\"Tegund:&nbsp;B-2013ATH a\u00f0eins 2 stk til \u00e1 lager\" \/>\n<meta property=\"og:url\" content=\"https:\/\/velarogverkfaeri.is\/en\/lykillausnir\/badherbergi-lykillausnir\/sapuskammtarar-badherbergi-lykillausnir\/product\/bobrick-sapuskammtari-sjalfvirkur-snertifrir-rydfritt-stal-800ml-b-2013\/\" \/>\n<meta property=\"og:site_name\" content=\"V\u00e9lar &amp; Verkf\u00e6ri\" \/>\n<meta property=\"article:publisher\" content=\"https:\/\/www.facebook.com\/VelarOgVerkfaeri\" \/>\n<meta property=\"article:modified_time\" content=\"2025-04-25T16:46:48+00:00\" \/>\n<meta property=\"og:image\" content=\"https:\/\/velarogverkfaeri.is\/wp-content\/uploads\/2023\/06\/d093eeb6-c8c6-46c4-bff6-53b4fc0741cc.jpeg\" \/>\n\t<meta property=\"og:image:width\" content=\"1024\" \/>\n\t<meta property=\"og:image:height\" content=\"1024\" \/>\n\t<meta property=\"og:image:type\" content=\"image\/jpeg\" \/>\n<meta name=\"twitter:card\" content=\"summary_large_image\" \/>\n<meta name=\"twitter:label1\" content=\"Est. reading time\" \/>\n\t<meta name=\"twitter:data1\" content=\"1 minute\" \/>\n<script type=\"application\/ld+json\" class=\"yoast-schema-graph\">{\"@context\":\"https:\\\/\\\/schema.org\",\"@graph\":[{\"@type\":\"WebPage\",\"@id\":\"https:\\\/\\\/velarogverkfaeri.is\\\/lykillausnir\\\/badherbergi-lykillausnir\\\/sapuskammtarar-badherbergi-lykillausnir\\\/product\\\/bobrick-sapuskammtari-sjalfvirkur-snertifrir-rydfritt-stal-800ml-b-2013\\\/\",\"url\":\"https:\\\/\\\/velarogverkfaeri.is\\\/lykillausnir\\\/badherbergi-lykillausnir\\\/sapuskammtarar-badherbergi-lykillausnir\\\/product\\\/bobrick-sapuskammtari-sjalfvirkur-snertifrir-rydfritt-stal-800ml-b-2013\\\/\",\"name\":\"BOBRICK S\u00e1puskammtari 800ml - V\u00e9lar &amp; Verkf\u00e6ri\",\"isPartOf\":{\"@id\":\"https:\\\/\\\/velarogverkfaeri.is\\\/en\\\/#website\"},\"primaryImageOfPage\":{\"@id\":\"https:\\\/\\\/velarogverkfaeri.is\\\/lykillausnir\\\/badherbergi-lykillausnir\\\/sapuskammtarar-badherbergi-lykillausnir\\\/product\\\/bobrick-sapuskammtari-sjalfvirkur-snertifrir-rydfritt-stal-800ml-b-2013\\\/#primaryimage\"},\"image\":{\"@id\":\"https:\\\/\\\/velarogverkfaeri.is\\\/lykillausnir\\\/badherbergi-lykillausnir\\\/sapuskammtarar-badherbergi-lykillausnir\\\/product\\\/bobrick-sapuskammtari-sjalfvirkur-snertifrir-rydfritt-stal-800ml-b-2013\\\/#primaryimage\"},\"thumbnailUrl\":\"https:\\\/\\\/velarogverkfaeri.is\\\/wp-content\\\/uploads\\\/2023\\\/06\\\/d093eeb6-c8c6-46c4-bff6-53b4fc0741cc.jpeg\",\"datePublished\":\"2023-06-07T14:18:57+00:00\",\"dateModified\":\"2025-04-25T16:46:48+00:00\",\"breadcrumb\":{\"@id\":\"https:\\\/\\\/velarogverkfaeri.is\\\/lykillausnir\\\/badherbergi-lykillausnir\\\/sapuskammtarar-badherbergi-lykillausnir\\\/product\\\/bobrick-sapuskammtari-sjalfvirkur-snertifrir-rydfritt-stal-800ml-b-2013\\\/#breadcrumb\"},\"inLanguage\":\"en-US\",\"potentialAction\":[{\"@type\":\"ReadAction\",\"target\":[\"https:\\\/\\\/velarogverkfaeri.is\\\/lykillausnir\\\/badherbergi-lykillausnir\\\/sapuskammtarar-badherbergi-lykillausnir\\\/product\\\/bobrick-sapuskammtari-sjalfvirkur-snertifrir-rydfritt-stal-800ml-b-2013\\\/\"]}]},{\"@type\":\"ImageObject\",\"inLanguage\":\"en-US\",\"@id\":\"https:\\\/\\\/velarogverkfaeri.is\\\/lykillausnir\\\/badherbergi-lykillausnir\\\/sapuskammtarar-badherbergi-lykillausnir\\\/product\\\/bobrick-sapuskammtari-sjalfvirkur-snertifrir-rydfritt-stal-800ml-b-2013\\\/#primaryimage\",\"url\":\"https:\\\/\\\/velarogverkfaeri.is\\\/wp-content\\\/uploads\\\/2023\\\/06\\\/d093eeb6-c8c6-46c4-bff6-53b4fc0741cc.jpeg\",\"contentUrl\":\"https:\\\/\\\/velarogverkfaeri.is\\\/wp-content\\\/uploads\\\/2023\\\/06\\\/d093eeb6-c8c6-46c4-bff6-53b4fc0741cc.jpeg\",\"width\":1024,\"height\":1024},{\"@type\":\"BreadcrumbList\",\"@id\":\"https:\\\/\\\/velarogverkfaeri.is\\\/lykillausnir\\\/badherbergi-lykillausnir\\\/sapuskammtarar-badherbergi-lykillausnir\\\/product\\\/bobrick-sapuskammtari-sjalfvirkur-snertifrir-rydfritt-stal-800ml-b-2013\\\/#breadcrumb\",\"itemListElement\":[{\"@type\":\"ListItem\",\"position\":1,\"name\":\"Home\",\"item\":\"https:\\\/\\\/velarogverkfaeri.is\\\/\"},{\"@type\":\"ListItem\",\"position\":2,\"name\":\"Vefverslun\",\"item\":\"https:\\\/\\\/velarogverkfaeri.is\\\/vefverslun\\\/\"},{\"@type\":\"ListItem\",\"position\":3,\"name\":\"BOBRICK S\u00e1puskammtari 800ml\"}]},{\"@type\":\"WebSite\",\"@id\":\"https:\\\/\\\/velarogverkfaeri.is\\\/en\\\/#website\",\"url\":\"https:\\\/\\\/velarogverkfaeri.is\\\/en\\\/\",\"name\":\"V\u00e9lar & Verkf\u00e6ri\",\"description\":\"Umbo\u00f0s- og heildverslun fr\u00e1 \u00e1rinu 1919\",\"publisher\":{\"@id\":\"https:\\\/\\\/velarogverkfaeri.is\\\/en\\\/#organization\"},\"potentialAction\":[{\"@type\":\"SearchAction\",\"target\":{\"@type\":\"EntryPoint\",\"urlTemplate\":\"https:\\\/\\\/velarogverkfaeri.is\\\/en\\\/?s={search_term_string}\"},\"query-input\":{\"@type\":\"PropertyValueSpecification\",\"valueRequired\":true,\"valueName\":\"search_term_string\"}}],\"inLanguage\":\"en-US\"},{\"@type\":\"Organization\",\"@id\":\"https:\\\/\\\/velarogverkfaeri.is\\\/en\\\/#organization\",\"name\":\"V\u00e9lar & Verkf\u00e6ri\",\"url\":\"https:\\\/\\\/velarogverkfaeri.is\\\/en\\\/\",\"logo\":{\"@type\":\"ImageObject\",\"inLanguage\":\"en-US\",\"@id\":\"https:\\\/\\\/velarogverkfaeri.is\\\/en\\\/#\\\/schema\\\/logo\\\/image\\\/\",\"url\":\"https:\\\/\\\/velarogverkfaeri.is\\\/wp-content\\\/uploads\\\/2021\\\/10\\\/vv_logo_350x100.png\",\"contentUrl\":\"https:\\\/\\\/velarogverkfaeri.is\\\/wp-content\\\/uploads\\\/2021\\\/10\\\/vv_logo_350x100.png\",\"width\":350,\"height\":100,\"caption\":\"V\u00e9lar & Verkf\u00e6ri\"},\"image\":{\"@id\":\"https:\\\/\\\/velarogverkfaeri.is\\\/en\\\/#\\\/schema\\\/logo\\\/image\\\/\"},\"sameAs\":[\"https:\\\/\\\/www.facebook.com\\\/VelarOgVerkfaeri\"]}]}<\/script>\n<!-- \/ Yoast SEO plugin. -->","yoast_head_json":{"title":"BOBRICK S\u00e1puskammtari 800ml - V\u00e9lar &amp; Verkf\u00e6ri","robots":{"index":"index","follow":"follow","max-snippet":"max-snippet:-1","max-image-preview":"max-image-preview:large","max-video-preview":"max-video-preview:-1"},"canonical":"https:\/\/velarogverkfaeri.is\/en\/lykillausnir\/badherbergi-lykillausnir\/sapuskammtarar-badherbergi-lykillausnir\/product\/bobrick-sapuskammtari-sjalfvirkur-snertifrir-rydfritt-stal-800ml-b-2013\/","og_locale":"en_US","og_type":"article","og_title":"BOBRICK S\u00e1puskammtari 800ml - V\u00e9lar &amp; Verkf\u00e6ri","og_description":"Tegund:&nbsp;B-2013ATH a\u00f0eins 2 stk til \u00e1 lager","og_url":"https:\/\/velarogverkfaeri.is\/en\/lykillausnir\/badherbergi-lykillausnir\/sapuskammtarar-badherbergi-lykillausnir\/product\/bobrick-sapuskammtari-sjalfvirkur-snertifrir-rydfritt-stal-800ml-b-2013\/","og_site_name":"V\u00e9lar &amp; Verkf\u00e6ri","article_publisher":"https:\/\/www.facebook.com\/VelarOgVerkfaeri","article_modified_time":"2025-04-25T16:46:48+00:00","og_image":[{"width":1024,"height":1024,"url":"https:\/\/velarogverkfaeri.is\/wp-content\/uploads\/2023\/06\/d093eeb6-c8c6-46c4-bff6-53b4fc0741cc.jpeg","type":"image\/jpeg"}],"twitter_card":"summary_large_image","twitter_misc":{"Est. reading time":"1 minute"},"schema":{"@context":"https:\/\/schema.org","@graph":[{"@type":"WebPage","@id":"https:\/\/velarogverkfaeri.is\/lykillausnir\/badherbergi-lykillausnir\/sapuskammtarar-badherbergi-lykillausnir\/product\/bobrick-sapuskammtari-sjalfvirkur-snertifrir-rydfritt-stal-800ml-b-2013\/","url":"https:\/\/velarogverkfaeri.is\/lykillausnir\/badherbergi-lykillausnir\/sapuskammtarar-badherbergi-lykillausnir\/product\/bobrick-sapuskammtari-sjalfvirkur-snertifrir-rydfritt-stal-800ml-b-2013\/","name":"BOBRICK S\u00e1puskammtari 800ml - V\u00e9lar &amp; Verkf\u00e6ri","isPartOf":{"@id":"https:\/\/velarogverkfaeri.is\/en\/#website"},"primaryImageOfPage":{"@id":"https:\/\/velarogverkfaeri.is\/lykillausnir\/badherbergi-lykillausnir\/sapuskammtarar-badherbergi-lykillausnir\/product\/bobrick-sapuskammtari-sjalfvirkur-snertifrir-rydfritt-stal-800ml-b-2013\/#primaryimage"},"image":{"@id":"https:\/\/velarogverkfaeri.is\/lykillausnir\/badherbergi-lykillausnir\/sapuskammtarar-badherbergi-lykillausnir\/product\/bobrick-sapuskammtari-sjalfvirkur-snertifrir-rydfritt-stal-800ml-b-2013\/#primaryimage"},"thumbnailUrl":"https:\/\/velarogverkfaeri.is\/wp-content\/uploads\/2023\/06\/d093eeb6-c8c6-46c4-bff6-53b4fc0741cc.jpeg","datePublished":"2023-06-07T14:18:57+00:00","dateModified":"2025-04-25T16:46:48+00:00","breadcrumb":{"@id":"https:\/\/velarogverkfaeri.is\/lykillausnir\/badherbergi-lykillausnir\/sapuskammtarar-badherbergi-lykillausnir\/product\/bobrick-sapuskammtari-sjalfvirkur-snertifrir-rydfritt-stal-800ml-b-2013\/#breadcrumb"},"inLanguage":"en-US","potentialAction":[{"@type":"ReadAction","target":["https:\/\/velarogverkfaeri.is\/lykillausnir\/badherbergi-lykillausnir\/sapuskammtarar-badherbergi-lykillausnir\/product\/bobrick-sapuskammtari-sjalfvirkur-snertifrir-rydfritt-stal-800ml-b-2013\/"]}]},{"@type":"ImageObject","inLanguage":"en-US","@id":"https:\/\/velarogverkfaeri.is\/lykillausnir\/badherbergi-lykillausnir\/sapuskammtarar-badherbergi-lykillausnir\/product\/bobrick-sapuskammtari-sjalfvirkur-snertifrir-rydfritt-stal-800ml-b-2013\/#primaryimage","url":"https:\/\/velarogverkfaeri.is\/wp-content\/uploads\/2023\/06\/d093eeb6-c8c6-46c4-bff6-53b4fc0741cc.jpeg","contentUrl":"https:\/\/velarogverkfaeri.is\/wp-content\/uploads\/2023\/06\/d093eeb6-c8c6-46c4-bff6-53b4fc0741cc.jpeg","width":1024,"height":1024},{"@type":"BreadcrumbList","@id":"https:\/\/velarogverkfaeri.is\/lykillausnir\/badherbergi-lykillausnir\/sapuskammtarar-badherbergi-lykillausnir\/product\/bobrick-sapuskammtari-sjalfvirkur-snertifrir-rydfritt-stal-800ml-b-2013\/#breadcrumb","itemListElement":[{"@type":"ListItem","position":1,"name":"Home","item":"https:\/\/velarogverkfaeri.is\/"},{"@type":"ListItem","position":2,"name":"Vefverslun","item":"https:\/\/velarogverkfaeri.is\/vefverslun\/"},{"@type":"ListItem","position":3,"name":"BOBRICK S\u00e1puskammtari 800ml"}]},{"@type":"WebSite","@id":"https:\/\/velarogverkfaeri.is\/en\/#website","url":"https:\/\/velarogverkfaeri.is\/en\/","name":"V\u00e9lar & Verkf\u00e6ri","description":"Umbo\u00f0s- og heildverslun fr\u00e1 \u00e1rinu 1919","publisher":{"@id":"https:\/\/velarogverkfaeri.is\/en\/#organization"},"potentialAction":[{"@type":"SearchAction","target":{"@type":"EntryPoint","urlTemplate":"https:\/\/velarogverkfaeri.is\/en\/?s={search_term_string}"},"query-input":{"@type":"PropertyValueSpecification","valueRequired":true,"valueName":"search_term_string"}}],"inLanguage":"en-US"},{"@type":"Organization","@id":"https:\/\/velarogverkfaeri.is\/en\/#organization","name":"V\u00e9lar & Verkf\u00e6ri","url":"https:\/\/velarogverkfaeri.is\/en\/","logo":{"@type":"ImageObject","inLanguage":"en-US","@id":"https:\/\/velarogverkfaeri.is\/en\/#\/schema\/logo\/image\/","url":"https:\/\/velarogverkfaeri.is\/wp-content\/uploads\/2021\/10\/vv_logo_350x100.png","contentUrl":"https:\/\/velarogverkfaeri.is\/wp-content\/uploads\/2021\/10\/vv_logo_350x100.png","width":350,"height":100,"caption":"V\u00e9lar & Verkf\u00e6ri"},"image":{"@id":"https:\/\/velarogverkfaeri.is\/en\/#\/schema\/logo\/image\/"},"sameAs":["https:\/\/www.facebook.com\/VelarOgVerkfaeri"]}]}},"_links":{"self":[{"href":"https:\/\/velarogverkfaeri.is\/en\/wp-json\/wp\/v2\/product\/23291","targetHints":{"allow":["GET"]}}],"collection":[{"href":"https:\/\/velarogverkfaeri.is\/en\/wp-json\/wp\/v2\/product"}],"about":[{"href":"https:\/\/velarogverkfaeri.is\/en\/wp-json\/wp\/v2\/types\/product"}],"replies":[{"embeddable":true,"href":"https:\/\/velarogverkfaeri.is\/en\/wp-json\/wp\/v2\/comments?post=23291"}],"wp:featuredmedia":[{"embeddable":true,"href":"https:\/\/velarogverkfaeri.is\/en\/wp-json\/wp\/v2\/media\/34819"}],"wp:attachment":[{"href":"https:\/\/velarogverkfaeri.is\/en\/wp-json\/wp\/v2\/media?parent=23291"}],"wp:term":[{"taxonomy":"product_brand","embeddable":true,"href":"https:\/\/velarogverkfaeri.is\/en\/wp-json\/wp\/v2\/product_brand?post=23291"},{"taxonomy":"product_cat","embeddable":true,"href":"https:\/\/velarogverkfaeri.is\/en\/wp-json\/wp\/v2\/product_cat?post=23291"},{"taxonomy":"product_tag","embeddable":true,"href":"https:\/\/velarogverkfaeri.is\/en\/wp-json\/wp\/v2\/product_tag?post=23291"}],"curies":[{"name":"wp","href":"https:\/\/api.w.org\/{rel}","templated":true}]}}