{"id":23149,"date":"2023-04-28T17:59:09","date_gmt":"2023-04-28T17:59:09","guid":{"rendered":"https:\/\/vv-dev.webdev.is\/?post_type=product&#038;p=23149"},"modified":"2026-02-16T09:45:52","modified_gmt":"2026-02-16T09:45:52","slug":"bahco-rortong-nr-143-90mm-2-1-2","status":"publish","type":"product","link":"https:\/\/velarogverkfaeri.is\/en\/verkfaeralausnir\/handverkfaeri\/pipulagningarverkfaeri\/product\/bahco-rortong-nr-143-90mm-2-1-2\/","title":{"rendered":"BAHCO R\u00f6rt\u00f6ng nr 143 2 1\/2&#8243;"},"content":{"rendered":"<p><img decoding=\"async\" src=\"data:image\/png;base64,iVBORw0KGgoAAAANSUhEUgAAAd4AAADtCAYAAAARBxR0AAAAAXNSR0IArs4c6QAAAARnQU1BAACxjwv8YQUAAAAJcEhZcwAADsMAAA7DAcdvqGQAABsKSURBVHhe7d3bb1Tl4sbxx9\/fsFvEdkfUZgLh5N4KYiB6UdKSFI2YmBrShDgBe2PhguwaIiUNxRCbeKH1wlH2EJKG2JiIUZowhF5oMLJB3ZtSQjOpWmILduo9l\/zed613ZtYcetKut6V8P8mi6ziHZK31vKc1PHLfEAAA8OL\/3F8AAOABwQsAgEcELwAAHhG8AAB4RPACAODRLMF7U6k9r+vlGae0ht2ew6lwXeq6WzEvOQ2+bY87psGcWzVv7rOlbrrlecpdVKc97u2LmnKrws9e\/C4AAMRp7hpvIqlPz32mryqmpDYFO+T02y\/BjH6eWEiCTmsia\/9mNXE3WBG\/uxMatX+zE4XgBQDAp0Voaq5Vy3thGPe21Lp187Fe7S7E2ze7VXHbnCwrNAAA4Bd9vAAAeLQowTs1eKyyr\/Z6Ouj3rTbl+4Ir+leDY8LlfL9xOM2zDzbfhzvjcfPsGy589ujx5X3eZd83eO9wXfSzL6zfGwCw0sVT47XB1X1Ra\/d\/6Jp2P1R7Itxk183etHxRR01g9de7Y1NJrbXrIgOiqgnCvz0tFd7zM53YZV9rgYO3bICaz65dXeY1XJN0EKo9Giz0d9vvk1Wqvfy17brXdVT22PAzeGtGBwA8EOYO3mxaBwq1PDfNFYIT48GgrMOFPt9atRy2ASo9VT93P3BLd6S\/uLZJh\/eb1M5e1g8zBuhNfXkqG4R6tJ95U3sYkN9cm2\/ymlqtCe9RG7Dt6906w3yGXhuk7zVpVbjCfZ8qr20DO3osAAARcwdvtVHNhQCqblX9miCwv4w0s05du6xRJVS\/2q1YgOD1ZnP9Pxo0f0ZPHSwtIOw5qFTWrJ+YDveblX28ydVq5\/h+gdo6PeVmo9bW17g5AAAqxdPUvNmEl6mlDnYXQ\/CAqZG2dB\/XggY+L5CtKZcUEPLTnDVQ2yRtQzqh9sMzh25pv7MJabceAID5iid4g6ZfqT1VGoCx9Xeurg+asf+8Jp0o9NtWGcjlBlsdvWCCufCdutTiNgMAMF8xDa6yTb8efxjDNfsOnp2973l29nlkG6a29lsavsNXLrom93hr7ACAlS+mpubdwSjmaFNzfupc0BDj+Vqv9u6mcCBYZOBX+JjTQt7T\/qiHC9\/I66yqt4O7In3W+VHObhEAgPmaO3irjWoOppmfrR1OHVRK5YOywkeKRk99tLDHe+bL\/iqVffQo8nnDfuXPdHiL22deTPgWXid8XGhVy1ulBYn3pcORR6QAAJivR+4bbn6R2B+a6JFM4FX06QbP946bYKPJFgDwcIqhqblGtmV2sLvsxyXcj2poVyuhCwB4aMVQ4w3ZR2+OXnALjm325ZecAAAPs9iCFwAAVIrpOV4AAFANwQsAgEcELwAAHhG8AAB4RPACAOARwQsAgEcELwAAHhG8AAB4RPACAOARwQsAgEcELwAAHhG8AAB4RPACAOARwQsAgEcELwAAHhG8AAB4RPACAOARwQsAgEcELwAAHj1y33DzJe7du+fmAADAYqHGCwCARwQvAAAeEbwAAHhE8AIA4BHBCwCARwQvAAAeEbwAAHhE8AIA4BHBCwCARwQvAAAeEbwAAHhE8AIA4BHBCwCARwQvAAAexfbfAuYy76rjzJhbMnZ2aiC5zi3cUjotJQvLwEpjzvG9vcq4pdLz37jRr9aTQ25Baj5yWsmNbgHAihZP8AY3FanrbJs2BCumlTn2idTxjppr3PZrz5TeiBbJSPoN9Vyycw1KNJjg396rnuBNAV\/C0FUkTIPzUi58p4fUdeiKdnzgrocq+wNYuWJpah65ZkryO59xoWvVqPl4\/iZjasN3boczMdiQPK2+fQ1mbkxZk7tPPEbowrMbPyrT0KbdkRDd8FKbEpd+1IiZH\/m6X9r3ZuF6kNZptzlnM58PKefWAFi5Ygne2joTfJe+UGbarYiwJf+gCfpSr1r3vqHW9C23xdaKzbJdZ6Yue7CtGbjl1r39wU3Lss3Y9jj7WsG2Y9Eb1rRyj72pgbOnNfBBm349WTwO8GH2guUtXb1UWSCs\/ec2Jcau6L9l10zFuR5cB6XXSvqG2zmoOb+rzI3idRNcR7aFyS2XXisAlkI8wdv8qppNjTN9yF3shXCN1Ehtn5cNR9fcPJLu1ORrZtmuO9upJ850qjVojnPrjkg90ZuGCe6rW9y2442qDVbaG1Knek6aY+37fi3taBjS1cKNCYhfGKL9Ol8478x52devbMNqd542qO7RYGZ+Iud6377b6tkbuVaONCpTUrg0193nUkf0Ovp8tfqC5V4l1a++aiViAN7ENKp5nZLuwm+2i0Htdvaapw3kYv\/WOm3daf7sNAGerxhsfEbN0RpBWVNePnTTa1yg22nLXaVN5frXO9xo4FFNo3qCQHQFTxOU9jxsfi1fQFygyLle+9jj5t9Gbc2f+4+uVkK3NRk5xYvv8zfZxqfE9k1uuUZ1a6Ts5B\/BEoClEfPjRNEAnrvmWWxOcwOk8s3RwRQZIVrN9LAujzUo+VJkwNbGNnXZAAd8M+devgAYnIM7OyMFyzFN\/u5mATx0Yg7evLDkPbOwz2qgrrfkZpXYV1wOp+IArfmZ1uQ4A6ywdGwfbc+lRnUVRvCHrTnlrTC5n64o27BN\/+BUBVa8GII3DNHigA\/jRkbpsUjzWIU\/NFkyAjkcgJI980nJAK3c9CxNxjWNat05pvTXxf7kud8XiNH0kPrOjKn5SP6xupAd4aySc\/uWztv9\/mxTNIAHyuIH7\/QfqnvNjiYuNhuXPtPrBp\/km5GDAVPucYrCMT9qq63hfrBNl\/MDtMzU15epOlI6b0OyV8nxSPN02fsC3tiRxIfsY0PmnCwv+AV9wI8XBx\/yDC\/wUIntl6sAAEAlT328AADAIngBAPCI4AUAwCOCFwAAjwheAAA8IngBAPCI4AUAwCOCFwAAjwheAAA8IngBAPCI4AUAwCOCFwAAjwheAAA8IngBAPBoxv8WEAAALD5qvAAAeETwAgDgEcELAIBHBC8AAB4RvAAAeETwAgDgEcELAIBHBC8AAB4RvAAAeETwAgDgEcELAIBHBC8AAB4RvAAAeETwAgDgUWzBOzV4TC\/veb04pW66LdZNpUqWgRUmd1GdkfO\/czDnNsxsOGX2ffuiptxyJXPd7Dmm\/EsF+xfeI63hcHWp4HPYbTkNvv26UtfdegBLJp7gvZ7WgVNrdOLcZ\/oqmD5U+y8DhRuGrv9Hg252sRVvRsfUaW4087nhAYvKhl37Zb2Yyp\/\/XXrq1MFZzsUwFI9ecIszmBoc0M\/731JLbXieH1WXe\/3P9On+cR2dKXwBLCuxBO\/wlYvSrue0yS1LtWp573hww7CmJsbDmRhsarc3oYSZy2o0Kz1V794U8GTq2mWN7motnO\/Ser1izsnRiWm3HGVrsQeVetKEaHeTW1dNTj98K724xb7oTX1\/IaH2PevDTcaqFvN+Gtdv5dleW6enEvVaZa7Bvz+ZUP1qtx7AkokleFfVm+C7EKnhRtiS+oFTJhEv9IQ100KTc1jqzzedBbWDkua6Ymk+aMY2xxVqtyXNczlN1b8V1gRSSf3cTS0Afq1qOa6v2ouhaE1NmHO+mlyNXrHnatn+Fa6fN+GcD\/P1aj9XLMgGcpP62c2WMvu+12SC1xZKy44BsCTiCd6g9J1Vqt0FY6Q\/t1Aj3eWaydwNZzh1UBN7w2azfNPcy9Hmum7paDRgTXB\/v81tczeWMLwP6mi3Oda+7zlTQ0hc1Pf0a2EpmQJk\/wWpZVuVcK2tdefu7GwrUtXjneFzaY0mduhZghVY9mIaXGVL5GGAttjFoHY7e83TBnL7Zrdgjn9+l\/kTba7b\/Jxaspf1Q74WnUjqlcL+Vhi6QZNd8N5m2jahlKlo\/DwxU98aELebpgCalvZ\/GDm\/F8gG9y\/l53uRbQE6eqFJJwoFUADLWUzBmxcN4LlrntFRmsFAk3xzdDD1zD4gK\/c\/fZMt7ffS5qRO2AAHloTtvzXn7a4u9f6FNl7bZ6wXnq4aqjZ0D5yS2lPJyJgKAMtZzMGbVyPb7TuzsH+3v\/7DQm3VBuZaU0so1F6DaaF9VDn99gsDrLAUiqE7Z\/\/trG7qy1Nr1FblxC+GLn23wIMkhuANQ7TkeUE7MCTbpOdnbGqblh17UgxIO2pTGj31UckArancLE3GtU1q25VV6lzk+eA53xeIw+yhG7TszPc5dvvoXckTAiFCF3hwPXLfcPOLI3dTw3cn1d+d1qhbJTXpxLlIU1jwnKPbnkjq0\/eapOBGkh\/56faP7mesTTTpxcNJPXvN7PvtjuC40uY3189bGEBa9r5A7MrPwSh7Pu7Wb3a7wvPenr9hiJYdEFwXT+uHtz+SDpeF6\/W0Xu6+6BZK2Vaiv9KsDSB+ix+8ABaHKXgO3m1SCy02wIpC8AIA4JGnwVUAAMAieAEA8IjgBQDAI4IXAACPCF4AADwieAEA8IjgBQDAI4IXAACPCF4AADwieAEA8IjgBQDAI4IXAACPCF4AADya8X8nunfvnpsDAACLhRovAAAeEbwAAHhE8AIA4BHBCwCARwQvAAAeEbwAAHhE8AIA4BHBCwCARwQvAAAeEbwAAHhE8AIA4BHBCwCARwQvAAAeEbwAAHgUz38LeKNfrSelrrNt2uBWLYWR9BvqUacGkuvcGsCPXOZddZwZc0uh5iOnldwYzs+6Pbh+hsKVZRL7etXTXOOWADyICF4gBvbcu7qlGLTl5tpeYXpIXYeuaMcH74jcBR5sNDUDi25ak+MNqnvULVaYa3ulka\/7ld35KqELrABLEry2ma117xtu6teIWx+U6u2yrTFX265bShfWF6euzHS4uey4q+FawLM\/NFnailxmru1lzHUxcKlByZcqW26Cayl9K6hB58\/7ERPsmWP55TeUvuF2Dq6fd5W5Ya+zcFtw7USvm2NDyrm9AcTDe\/CGfVuPq+vsaQ3Y6YjUU3KxD6nn2jPhtrO9SjaYZXNjsUbSvfp1X6\/bdlpdOyN9Xja0Tw4F\/WTh9mekS8FhgF\/Td\/SrxpQ+VC38jLm2l5mztnupN2i2tud9377b6tnbqcnX3HVwpFGZk9HCq3nfz6WO4Brp1BNnOtX6+Wr1BcvmelO\/+vIFWQCx8By80\/rvd2MmHCN9vxubzcV+Rf8tXOvRkn2N\/rG9QRq\/Y4LZNs+51VXkfrpibk6dkT6zddpqghnwrqZRPUGQuemDNv16MhKuc22PmqW2W9DQpt3uvK997HHzb6O25q+DR1croduajGRp82uNqg3m\/qY6c3kltm9yyzWqWyNlJ\/8IlgDEw3Pwhk1sGXOTyZf0W03pPD02psnf3S4zqlHz8V7t+M6U0N2xPeNt6nDVgNyC2u4Aj0zQtppCYOZa2HJTYZbt9O0CK4\/n4A1L2MXm4OI0n9Gducwnury92NQ8cDxfcgdWoPnUdgE8cDwHb9h0nPm8dABHbnp+fUq1\/9wm2T6pQm3ZTK5\/eMOWRunSFyp0TwU3LTcP+HSjv7TZ2Cz3RAN0ru0OtV1gZYoxeIfUEw1IM9kRlLXN76hv+xV1RNb39WWKgTmjW0ofuqvWSC3ZDg5pHuvXeXsT29imvn0qDljpk1r3meo14NW0MnfMn2h3SvBMe\/7527m2h+wgxGphDODBF88PaMTBjlou\/wGBYJ0N46X9oQ4AAObrwQleyz5vWPJTeo1L\/utYAAAsxIMVvAAAPOA8D64CAODhRvACAOARwQsAgEcELwAAHhG8AAB4RPACAOARwQsAgEcELwAAHhG8AAB4RPACAOARwQsAgEcELwAAHs34nyQAAIDFR40XAACPCF4AADwieAEA8IjgBQDAI4IXAACPCF4AADwieAEA8IjgBQDAI4IXAACPCF4AADwieAEA8IjgBQDAI4IXAACPCF4AADyKN3hzF9W553W9HJ3evqgptxlYkaqd93uOaTDntjvDKbs+rWG3f2f5DlXdVCp1083n5TT4tnkte21dTwfvl7ruNi2W4DNWfge593u54jP9GdW+G7DyxPb\/8dqbytELCbWnjqul1q00pgaP6cC3O\/Tpe01a5dYtmL0JtKc1ambXJhIaza7RiXNJbQq3AksrOD8v68XIuR+c96cW4Ty1QXflOX3Vvt6t8KTKd8pfh9r\/oXqjF\/mftVTfDfAsnhqvuYCqha61quW4vvoroWvVNqn3XJdazOxoNisl6v\/a6wExW9XSas7Xi\/r+L9ZEpybG3dxSM7Xs903hd1fX4oSusXy+GxCvWIJ3+MpFaZe50cznegyasPLNcdEmsptK2aat68XtJc1nZv75c5\/pKzOdeDKt9+fVTAcsH7YWnD\/vy89v22LUOXgzbEK221M3g3UHTpmC5oWewrq8sNk6P0WbhCuvo\/Jm79Jj3TRHl9Bw6qBSSurT8tppvunZTbN+JzPlm9dn+27AimObmhfX1P3zna33\/3V+yi3PYipz\/1+vtN7\/+H9u+f7I\/Y9f6bofHmrnW++\/1Jm5\/3uwLeJ\/\/77\/kt0WTGb\/82a52n7AUgjO6\/x5HLr+cem5\/Pv5LnPu\/vv+dbdcfi0E+5e9hhUc9\/GIWwqVv3Z4fcx8HZXsb\/ctPza6nBf5ThWfvcC+V\/l3Ki5XfKeSz1n9uwErkb9RzdGarStNT127HDRVtW8Od5HW65X90jfXisXxlr1lzdK2RN09rvZUWNv96txb0remhp2dYNAWlpGsUu3Fmt1RdUW6WHL64dusWroj\/b21TWrbJQ1eidT05tVqdFPf226dw5HrZPNutSeyM15Hm7Y1Fa6XhTXvht\/J1kzX7t9dpa96vdqjfdi1dXpK4\/otUrsu+U6bn1OLec2Ju24ZeEjEELy1+vuT0ujEtFt2gn5ZE5Td5qJ3piYiTUtushd1xbERlc3YtWo5nNRatwQsD3aMgy0YfmhC0K0qmJY99cutqjc7\/jK5sAJkblI\/u9miGa7BKuyYi09fuKwD+WvQFmqjIV7CfadUUjp1cIZR2LZpO38992jQrQVQFEuNNyhRXxiofPSgTHCjMTXesOYamRY6qvHuhEYZYIVlyRUMTQGz2N9ZI3vqlwsKok\/WLew8DmqV5XL67RdpbX2NW55F7qLet08ZFK6\/ygGRFWwhulr4Bq1aA6ovtEaFAyABlIqnqXlzUid22Wapyuf+ok1bq7bsMDeksoDO5WYt8W\/aY29i0WNyGjx7UWtfeJrgxfJkg6q7SYPd+euhVs++kDDLaQ0HOxgmtPovSC3bFvoozXo9b6+19yODoa6fVyqb0Itb5jG6sfZpvah0scYbTJXXbYVq4RsUgHfo2fzbXv8PNV6gitj6eDe1mxJvaoe+ifRz2Sl4ljHf1xVcvGX7vP+Rvpztqg9uYmsi\/WcH9c0Li\/QcIRCXQmE0HOkbNPHuH9fR\/HnfntZT3Z9FxjtUFxZWXfeMGythrzU7sr+kubjKo3zV2NHJE3vzNdRwCj7nuXmMKo6Eb\/BZbN9yNMSv1FdpZp9Zte8GrESx\/YAGgOXO\/uJVecE1XGfDeK5CAIA\/h+AFHmp2MFTpIKiWedS8Afx5BC8AAB75e44XAAAQvAAA+ETwAgDgEcELAIBHBC8AAB4RvAAAeETwAgDgEcELAIBHBC8AAB4RvAAAeETwAgDgEcELAIBHM\/4nCffu3XNzAABgsVDjBQDAI4IXAACPCF4AADwieAEA8IjgBQDAI4IXAACPCF4AADwieAEA8IjgBQDAI4IXAACPCF4AADwieAEA8IjgBQDAI4IXAACP4vlvAaeH1HXoinZ88I6aa9y6pbKcPgseHsF516+sW0zs61VP9AS80a\/Wk0Nuocr2gmlljnUqPdagZPQcLnv9wM5ODSTXuQUAyxU1XmCxFQp7pzVw1k6deuJMp7oy0+H2IHRvmyAt3Z6+EW6OymU+MaHbqK6zZQXH3+8qa4M2ON5NhC7wQIgxeMeUPvSGWvfmp3eVv+8AK1nupysmFF+NBOU67d7XoOzkH8FS7s5tUzst3b51p\/TrnbILxAR0xxmZgG7TBrcqz75Gou5vbgnAgyTG4LVNY5HS+JHHTRDb8LVNZyaI07fcfo6tBezt14iZHUm\/YWoHt8L9XHAXagtGLvNuYX1xCo8Nm+aK67u+vhusBXypbX6novaZmxxzc2b7P7cpcemLSEH0lq5ekp54LFqlvaX0ySEl9r1ZtYsk+npzsddT6bVipmNDyrntAPzy19S8sVnJhjFd\/klq7mgru\/GYsPx8SM1HiiX77JkvpI58aDea5U\/C\/aeH1HfmcXXlA93UBhKyTXHhsSPpTqXVpj63vaPudmk\/GOCbOWcHTLA2b3FhXNOonrOvarLQIvSF6kwhNbkx3GyNpHuVMX+zZzrdPtEWo2lNjke3mam8IJtnCrQ948XrwV5LajDLxxtV63YB4NfS9PGaG0\/rThvC7k5yIxP0Y22N3HhKmuI2PqNmjWnydzNv+7bCtVXYmoOpaXcUbypB7cLNA\/6ZmuuhfmlfbzFYg9adH7U1H4YuhAutOi6o7YCrcPtp9e1T8Dphq06Nmo\/nj7WTee3x3qrhGzRrA1hWvAVvOEikQTv+Gabphi22FpsJm5av2Sa15op+rKo2tplSu9STL+mbm9ET+Zry9B39GuwELAcmdPeamuvOzsiI5bB1p\/R8X6ekbdX5bjhs\/rWFS1Mr7Yi0Mdc2m4KohnS1ygCsIIhfMzXZSz+6YC6yzd5926+oI3+92EFdkYIpAP+8Da7qCJqHIyMzg6ZnU7JP95vSvakBV+vIqsr2fanY1GymaBMdsDwUQ3feo43H7gbBu6i1VNs18922YlNz+ehoAN75G1zl+mCLwlJ69tKQNN\/absCOAB0q1njdFDyKUbNJOxpM4H9dbHIb+brsWUcgdrOFbo3+sb2h0NoTsoXJYi04qN2O9et8pHaby3yhjKkF7w4KmWb\/kmbl0uNL2GtC\/cUabzDxhAGwlJb4BzTsDcoOLCndz47C7FH0phXeyHTktHbfeVd9erPkxwbsKOcOW6oPBoyE+9qBKVbzkU7pZOV7APHI\/+CFWyxRHAQYnLNnIjtVhHTpeRwdEJXLDOn8ZL8yl8JNVrO5Nqq1\/Nhr6eqW8oFb5dcXAJ\/iCd55Cm4+k68u6AZQ7aZh1w3UzfTLP8DDKiwEXN4evTbCdZOv0UUDLJWlC97Cr\/cstCZaWaOY+ef2gIddWc3ZmKl2DMCPJa3xAgDwsFma53gBAHhIEbwAAHhE8AIA4BHBCwCARwQvAAAeEbwAAHhE8AIA4I30\/5Q3NYDhG6qfAAAAAElFTkSuQmCC\" alt=\"\"><\/p>","protected":false},"excerpt":{"rendered":"<p><span style=\"color: rgb(77, 80, 87); font-family: Lato, Arial; font-size: 16px;\">Tveggja handfanga t\u00f6ng.<\/span><br style=\"margin: 0px; outline: none; padding: 0px; color: rgb(77, 80, 87); font-family: Lato, Arial; font-size: 16px;\"><span style=\"color: rgb(77, 80, 87); font-family: Lato, Arial; font-size: 16px;\">Lengd: 557mm<\/span><br style=\"margin: 0px; outline: none; padding: 0px; color: rgb(77, 80, 87); font-family: Lato, Arial; font-size: 16px;\"><span style=\"color: rgb(77, 80, 87); font-family: Lato, Arial; font-size: 16px;\">Geta: 90mm<\/span><\/p>","protected":false},"featured_media":31810,"comment_status":"closed","ping_status":"closed","template":"","meta":[],"product_brand":[],"product_cat":[588,774,515],"product_tag":[1024],"class_list":{"0":"post-23149","1":"product","2":"type-product","3":"status-publish","4":"has-post-thumbnail","6":"product_cat-handverkfaeri","7":"product_cat-pipulagningarverkfaeri","8":"product_cat-verkfaeralausnir","9":"product_tag-bahco","11":"first","12":"instock","13":"taxable","14":"shipping-taxable","15":"purchasable","16":"product-type-simple"},"yoast_head":"<!-- This site is optimized with the Yoast SEO plugin v27.3 - https:\/\/yoast.com\/product\/yoast-seo-wordpress\/ -->\n<title>BAHCO R\u00f6rt\u00f6ng nr 143 2 1\/2&quot; - V\u00e9lar &amp; Verkf\u00e6ri<\/title>\n<meta name=\"robots\" content=\"index, follow, max-snippet:-1, max-image-preview:large, max-video-preview:-1\" \/>\n<link rel=\"canonical\" href=\"https:\/\/velarogverkfaeri.is\/en\/verkfaeralausnir\/handverkfaeri\/pipulagningarverkfaeri\/product\/bahco-rortong-nr-143-90mm-2-1-2\/\" \/>\n<meta property=\"og:locale\" content=\"en_US\" \/>\n<meta property=\"og:type\" content=\"article\" \/>\n<meta property=\"og:title\" content=\"BAHCO R\u00f6rt\u00f6ng nr 143 2 1\/2&quot; - V\u00e9lar &amp; Verkf\u00e6ri\" \/>\n<meta property=\"og:description\" content=\"Tveggja handfanga t\u00f6ng.Lengd: 557mmGeta: 90mm\" \/>\n<meta property=\"og:url\" content=\"https:\/\/velarogverkfaeri.is\/en\/verkfaeralausnir\/handverkfaeri\/pipulagningarverkfaeri\/product\/bahco-rortong-nr-143-90mm-2-1-2\/\" \/>\n<meta property=\"og:site_name\" content=\"V\u00e9lar &amp; Verkf\u00e6ri\" \/>\n<meta property=\"article:publisher\" content=\"https:\/\/www.facebook.com\/VelarOgVerkfaeri\" \/>\n<meta property=\"article:modified_time\" content=\"2026-02-16T09:45:52+00:00\" \/>\n<meta property=\"og:image\" content=\"https:\/\/velarogverkfaeri.is\/wp-content\/uploads\/2023\/06\/362c9306-1083-4989-85c5-310cf3dc2ee7.png\" \/>\n\t<meta property=\"og:image:width\" content=\"800\" \/>\n\t<meta property=\"og:image:height\" content=\"600\" \/>\n\t<meta property=\"og:image:type\" content=\"image\/png\" \/>\n<meta name=\"twitter:card\" content=\"summary_large_image\" \/>\n<script type=\"application\/ld+json\" class=\"yoast-schema-graph\">{\"@context\":\"https:\\\/\\\/schema.org\",\"@graph\":[{\"@type\":\"WebPage\",\"@id\":\"https:\\\/\\\/velarogverkfaeri.is\\\/verkfaeralausnir\\\/handverkfaeri\\\/pipulagningarverkfaeri\\\/product\\\/bahco-rortong-nr-143-90mm-2-1-2\\\/\",\"url\":\"https:\\\/\\\/velarogverkfaeri.is\\\/verkfaeralausnir\\\/handverkfaeri\\\/pipulagningarverkfaeri\\\/product\\\/bahco-rortong-nr-143-90mm-2-1-2\\\/\",\"name\":\"BAHCO R\u00f6rt\u00f6ng nr 143 2 1\\\/2\\\" - V\u00e9lar &amp; Verkf\u00e6ri\",\"isPartOf\":{\"@id\":\"https:\\\/\\\/velarogverkfaeri.is\\\/en\\\/#website\"},\"primaryImageOfPage\":{\"@id\":\"https:\\\/\\\/velarogverkfaeri.is\\\/verkfaeralausnir\\\/handverkfaeri\\\/pipulagningarverkfaeri\\\/product\\\/bahco-rortong-nr-143-90mm-2-1-2\\\/#primaryimage\"},\"image\":{\"@id\":\"https:\\\/\\\/velarogverkfaeri.is\\\/verkfaeralausnir\\\/handverkfaeri\\\/pipulagningarverkfaeri\\\/product\\\/bahco-rortong-nr-143-90mm-2-1-2\\\/#primaryimage\"},\"thumbnailUrl\":\"https:\\\/\\\/velarogverkfaeri.is\\\/wp-content\\\/uploads\\\/2023\\\/06\\\/362c9306-1083-4989-85c5-310cf3dc2ee7.png\",\"datePublished\":\"2023-04-28T17:59:09+00:00\",\"dateModified\":\"2026-02-16T09:45:52+00:00\",\"breadcrumb\":{\"@id\":\"https:\\\/\\\/velarogverkfaeri.is\\\/verkfaeralausnir\\\/handverkfaeri\\\/pipulagningarverkfaeri\\\/product\\\/bahco-rortong-nr-143-90mm-2-1-2\\\/#breadcrumb\"},\"inLanguage\":\"en-US\",\"potentialAction\":[{\"@type\":\"ReadAction\",\"target\":[\"https:\\\/\\\/velarogverkfaeri.is\\\/verkfaeralausnir\\\/handverkfaeri\\\/pipulagningarverkfaeri\\\/product\\\/bahco-rortong-nr-143-90mm-2-1-2\\\/\"]}]},{\"@type\":\"ImageObject\",\"inLanguage\":\"en-US\",\"@id\":\"https:\\\/\\\/velarogverkfaeri.is\\\/verkfaeralausnir\\\/handverkfaeri\\\/pipulagningarverkfaeri\\\/product\\\/bahco-rortong-nr-143-90mm-2-1-2\\\/#primaryimage\",\"url\":\"https:\\\/\\\/velarogverkfaeri.is\\\/wp-content\\\/uploads\\\/2023\\\/06\\\/362c9306-1083-4989-85c5-310cf3dc2ee7.png\",\"contentUrl\":\"https:\\\/\\\/velarogverkfaeri.is\\\/wp-content\\\/uploads\\\/2023\\\/06\\\/362c9306-1083-4989-85c5-310cf3dc2ee7.png\",\"width\":800,\"height\":600},{\"@type\":\"BreadcrumbList\",\"@id\":\"https:\\\/\\\/velarogverkfaeri.is\\\/verkfaeralausnir\\\/handverkfaeri\\\/pipulagningarverkfaeri\\\/product\\\/bahco-rortong-nr-143-90mm-2-1-2\\\/#breadcrumb\",\"itemListElement\":[{\"@type\":\"ListItem\",\"position\":1,\"name\":\"Home\",\"item\":\"https:\\\/\\\/velarogverkfaeri.is\\\/\"},{\"@type\":\"ListItem\",\"position\":2,\"name\":\"Vefverslun\",\"item\":\"https:\\\/\\\/velarogverkfaeri.is\\\/vefverslun\\\/\"},{\"@type\":\"ListItem\",\"position\":3,\"name\":\"BAHCO R\u00f6rt\u00f6ng nr 143 2 1\\\/2&#8243;\"}]},{\"@type\":\"WebSite\",\"@id\":\"https:\\\/\\\/velarogverkfaeri.is\\\/en\\\/#website\",\"url\":\"https:\\\/\\\/velarogverkfaeri.is\\\/en\\\/\",\"name\":\"V\u00e9lar & Verkf\u00e6ri\",\"description\":\"Umbo\u00f0s- og heildverslun fr\u00e1 \u00e1rinu 1919\",\"publisher\":{\"@id\":\"https:\\\/\\\/velarogverkfaeri.is\\\/en\\\/#organization\"},\"potentialAction\":[{\"@type\":\"SearchAction\",\"target\":{\"@type\":\"EntryPoint\",\"urlTemplate\":\"https:\\\/\\\/velarogverkfaeri.is\\\/en\\\/?s={search_term_string}\"},\"query-input\":{\"@type\":\"PropertyValueSpecification\",\"valueRequired\":true,\"valueName\":\"search_term_string\"}}],\"inLanguage\":\"en-US\"},{\"@type\":\"Organization\",\"@id\":\"https:\\\/\\\/velarogverkfaeri.is\\\/en\\\/#organization\",\"name\":\"V\u00e9lar & Verkf\u00e6ri\",\"url\":\"https:\\\/\\\/velarogverkfaeri.is\\\/en\\\/\",\"logo\":{\"@type\":\"ImageObject\",\"inLanguage\":\"en-US\",\"@id\":\"https:\\\/\\\/velarogverkfaeri.is\\\/en\\\/#\\\/schema\\\/logo\\\/image\\\/\",\"url\":\"https:\\\/\\\/velarogverkfaeri.is\\\/wp-content\\\/uploads\\\/2021\\\/10\\\/vv_logo_350x100.png\",\"contentUrl\":\"https:\\\/\\\/velarogverkfaeri.is\\\/wp-content\\\/uploads\\\/2021\\\/10\\\/vv_logo_350x100.png\",\"width\":350,\"height\":100,\"caption\":\"V\u00e9lar & Verkf\u00e6ri\"},\"image\":{\"@id\":\"https:\\\/\\\/velarogverkfaeri.is\\\/en\\\/#\\\/schema\\\/logo\\\/image\\\/\"},\"sameAs\":[\"https:\\\/\\\/www.facebook.com\\\/VelarOgVerkfaeri\"]}]}<\/script>\n<!-- \/ Yoast SEO plugin. -->","yoast_head_json":{"title":"BAHCO R\u00f6rt\u00f6ng nr 143 2 1\/2\" - V\u00e9lar &amp; Verkf\u00e6ri","robots":{"index":"index","follow":"follow","max-snippet":"max-snippet:-1","max-image-preview":"max-image-preview:large","max-video-preview":"max-video-preview:-1"},"canonical":"https:\/\/velarogverkfaeri.is\/en\/verkfaeralausnir\/handverkfaeri\/pipulagningarverkfaeri\/product\/bahco-rortong-nr-143-90mm-2-1-2\/","og_locale":"en_US","og_type":"article","og_title":"BAHCO R\u00f6rt\u00f6ng nr 143 2 1\/2\" - V\u00e9lar &amp; Verkf\u00e6ri","og_description":"Tveggja handfanga t\u00f6ng.Lengd: 557mmGeta: 90mm","og_url":"https:\/\/velarogverkfaeri.is\/en\/verkfaeralausnir\/handverkfaeri\/pipulagningarverkfaeri\/product\/bahco-rortong-nr-143-90mm-2-1-2\/","og_site_name":"V\u00e9lar &amp; Verkf\u00e6ri","article_publisher":"https:\/\/www.facebook.com\/VelarOgVerkfaeri","article_modified_time":"2026-02-16T09:45:52+00:00","og_image":[{"width":800,"height":600,"url":"https:\/\/velarogverkfaeri.is\/wp-content\/uploads\/2023\/06\/362c9306-1083-4989-85c5-310cf3dc2ee7.png","type":"image\/png"}],"twitter_card":"summary_large_image","schema":{"@context":"https:\/\/schema.org","@graph":[{"@type":"WebPage","@id":"https:\/\/velarogverkfaeri.is\/verkfaeralausnir\/handverkfaeri\/pipulagningarverkfaeri\/product\/bahco-rortong-nr-143-90mm-2-1-2\/","url":"https:\/\/velarogverkfaeri.is\/verkfaeralausnir\/handverkfaeri\/pipulagningarverkfaeri\/product\/bahco-rortong-nr-143-90mm-2-1-2\/","name":"BAHCO R\u00f6rt\u00f6ng nr 143 2 1\/2\" - V\u00e9lar &amp; Verkf\u00e6ri","isPartOf":{"@id":"https:\/\/velarogverkfaeri.is\/en\/#website"},"primaryImageOfPage":{"@id":"https:\/\/velarogverkfaeri.is\/verkfaeralausnir\/handverkfaeri\/pipulagningarverkfaeri\/product\/bahco-rortong-nr-143-90mm-2-1-2\/#primaryimage"},"image":{"@id":"https:\/\/velarogverkfaeri.is\/verkfaeralausnir\/handverkfaeri\/pipulagningarverkfaeri\/product\/bahco-rortong-nr-143-90mm-2-1-2\/#primaryimage"},"thumbnailUrl":"https:\/\/velarogverkfaeri.is\/wp-content\/uploads\/2023\/06\/362c9306-1083-4989-85c5-310cf3dc2ee7.png","datePublished":"2023-04-28T17:59:09+00:00","dateModified":"2026-02-16T09:45:52+00:00","breadcrumb":{"@id":"https:\/\/velarogverkfaeri.is\/verkfaeralausnir\/handverkfaeri\/pipulagningarverkfaeri\/product\/bahco-rortong-nr-143-90mm-2-1-2\/#breadcrumb"},"inLanguage":"en-US","potentialAction":[{"@type":"ReadAction","target":["https:\/\/velarogverkfaeri.is\/verkfaeralausnir\/handverkfaeri\/pipulagningarverkfaeri\/product\/bahco-rortong-nr-143-90mm-2-1-2\/"]}]},{"@type":"ImageObject","inLanguage":"en-US","@id":"https:\/\/velarogverkfaeri.is\/verkfaeralausnir\/handverkfaeri\/pipulagningarverkfaeri\/product\/bahco-rortong-nr-143-90mm-2-1-2\/#primaryimage","url":"https:\/\/velarogverkfaeri.is\/wp-content\/uploads\/2023\/06\/362c9306-1083-4989-85c5-310cf3dc2ee7.png","contentUrl":"https:\/\/velarogverkfaeri.is\/wp-content\/uploads\/2023\/06\/362c9306-1083-4989-85c5-310cf3dc2ee7.png","width":800,"height":600},{"@type":"BreadcrumbList","@id":"https:\/\/velarogverkfaeri.is\/verkfaeralausnir\/handverkfaeri\/pipulagningarverkfaeri\/product\/bahco-rortong-nr-143-90mm-2-1-2\/#breadcrumb","itemListElement":[{"@type":"ListItem","position":1,"name":"Home","item":"https:\/\/velarogverkfaeri.is\/"},{"@type":"ListItem","position":2,"name":"Vefverslun","item":"https:\/\/velarogverkfaeri.is\/vefverslun\/"},{"@type":"ListItem","position":3,"name":"BAHCO R\u00f6rt\u00f6ng nr 143 2 1\/2&#8243;"}]},{"@type":"WebSite","@id":"https:\/\/velarogverkfaeri.is\/en\/#website","url":"https:\/\/velarogverkfaeri.is\/en\/","name":"V\u00e9lar & Verkf\u00e6ri","description":"Umbo\u00f0s- og heildverslun fr\u00e1 \u00e1rinu 1919","publisher":{"@id":"https:\/\/velarogverkfaeri.is\/en\/#organization"},"potentialAction":[{"@type":"SearchAction","target":{"@type":"EntryPoint","urlTemplate":"https:\/\/velarogverkfaeri.is\/en\/?s={search_term_string}"},"query-input":{"@type":"PropertyValueSpecification","valueRequired":true,"valueName":"search_term_string"}}],"inLanguage":"en-US"},{"@type":"Organization","@id":"https:\/\/velarogverkfaeri.is\/en\/#organization","name":"V\u00e9lar & Verkf\u00e6ri","url":"https:\/\/velarogverkfaeri.is\/en\/","logo":{"@type":"ImageObject","inLanguage":"en-US","@id":"https:\/\/velarogverkfaeri.is\/en\/#\/schema\/logo\/image\/","url":"https:\/\/velarogverkfaeri.is\/wp-content\/uploads\/2021\/10\/vv_logo_350x100.png","contentUrl":"https:\/\/velarogverkfaeri.is\/wp-content\/uploads\/2021\/10\/vv_logo_350x100.png","width":350,"height":100,"caption":"V\u00e9lar & Verkf\u00e6ri"},"image":{"@id":"https:\/\/velarogverkfaeri.is\/en\/#\/schema\/logo\/image\/"},"sameAs":["https:\/\/www.facebook.com\/VelarOgVerkfaeri"]}]}},"_links":{"self":[{"href":"https:\/\/velarogverkfaeri.is\/en\/wp-json\/wp\/v2\/product\/23149","targetHints":{"allow":["GET"]}}],"collection":[{"href":"https:\/\/velarogverkfaeri.is\/en\/wp-json\/wp\/v2\/product"}],"about":[{"href":"https:\/\/velarogverkfaeri.is\/en\/wp-json\/wp\/v2\/types\/product"}],"replies":[{"embeddable":true,"href":"https:\/\/velarogverkfaeri.is\/en\/wp-json\/wp\/v2\/comments?post=23149"}],"wp:featuredmedia":[{"embeddable":true,"href":"https:\/\/velarogverkfaeri.is\/en\/wp-json\/wp\/v2\/media\/31810"}],"wp:attachment":[{"href":"https:\/\/velarogverkfaeri.is\/en\/wp-json\/wp\/v2\/media?parent=23149"}],"wp:term":[{"taxonomy":"product_brand","embeddable":true,"href":"https:\/\/velarogverkfaeri.is\/en\/wp-json\/wp\/v2\/product_brand?post=23149"},{"taxonomy":"product_cat","embeddable":true,"href":"https:\/\/velarogverkfaeri.is\/en\/wp-json\/wp\/v2\/product_cat?post=23149"},{"taxonomy":"product_tag","embeddable":true,"href":"https:\/\/velarogverkfaeri.is\/en\/wp-json\/wp\/v2\/product_tag?post=23149"}],"curies":[{"name":"wp","href":"https:\/\/api.w.org\/{rel}","templated":true}]}}