{"id":23053,"date":"2023-04-28T17:47:03","date_gmt":"2023-04-28T17:47:03","guid":{"rendered":"https:\/\/vv-dev.webdev.is\/?post_type=product&#038;p=23053"},"modified":"2026-05-02T13:01:21","modified_gmt":"2026-05-02T13:01:21","slug":"master-lock-lyklabox-medium-med-ljosi-5425","status":"publish","type":"product","link":"https:\/\/velarogverkfaeri.is\/en\/lykillausnir\/lyklar-lykillausnir\/lyklabox-lyklar-lykillausnir\/product\/master-lock-lyklabox-medium-med-ljosi-5425\/","title":{"rendered":"MASTER LOCK Lyklabox Medium me\u00f0 lj\u00f3si 5425"},"content":{"rendered":"<p>Master Lock nr. 5425EURD Light Up Dial Key Lock Box Select Access\u00ae er 72mm brei\u00f0ur \u00far m\u00e1lmi og er bygg\u00f0ur til a\u00f0 endast. Pl\u00e1ss er fyrir marga lykla \u00ed boxinu. H\u00e6ttu a\u00f0 fela lyklana undir dyramottunni e\u00f0a undir bl\u00f3mapotti : Select Access\u00ae er fullkomin lausn til a\u00f0 deila lyklum. Veggfestingin b\u00fd\u00f0ur upp \u00e1 varanlega uppsetningu. St\u00f3ru, au\u00f0lesanlegu lj\u00f3ssk\u00edfurnar, \u00e1samt m\u00f6guleikum \u00e1 endurstillingu, veita \u00f6rugga geymslusta\u00f0 fyrir varalykla og a\u00f0gangskort. Takm\u00f6rku\u00f0 \u00e6vi\u00e1byrg\u00f0 veitir hugarr\u00f3 fr\u00e1 v\u00f6rumerki sem \u00fe\u00fa getur treyst.<\/p>\n<p><\/p>\n<p><b>Eiginleikar V\u00f6ru<\/b><\/p>\n<ul>\n<li>Mi\u00f0lungsst\u00f3rt geymsluh\u00f3lf fyrir lykla \u00fear sem h\u00e6gt er a\u00f0 koma fyrir m\u00f6rgum h\u00faslyklum<\/li>\n<li>Stilltu \u00feinn eiginn \u00f6ryggisk\u00f3\u00f0a sem tryggir \u00fe\u00e6gindi og \u00f6ryggi<\/li>\n<li>St\u00f3rar lj\u00f3sask\u00edfur, sem au\u00f0velt er a\u00f0 lesa. Veitir betri s\u00fdnileika, s\u00e9rstaklega vi\u00f0 litla birtu<\/li>\n<li>Au\u00f0velt a\u00f0 skipta um rafhl\u00f6\u00f0u (CR2032)<\/li>\n<li>Veggfesting fylgir me\u00f0 (festingarsett innifali\u00f0)<\/li>\n<li>Hl\u00edfin \u00e1 lyklaboxinu eykur ve\u00f0ur\u00feolni og huggulegheit<\/li>\n<\/ul>\n<p><\/p>\n<p>St\u00e6r\u00f0: 12,6cm x 7,2cm x 5,2cm<\/p>\n<p>Litur: Gr\u00e1r<\/p>","protected":false},"excerpt":{"rendered":"<p>Me\u00f0alst\u00f3rt lyklabox me\u00f0 bakl\u00fdstu lyklabor\u00f0i.<\/p>","protected":false},"featured_media":27921,"comment_status":"closed","ping_status":"closed","template":"","meta":[],"product_brand":[],"product_cat":[517,678,598],"product_tag":[1122],"class_list":{"0":"post-23053","1":"product","2":"type-product","3":"status-publish","4":"has-post-thumbnail","6":"product_cat-lykillausnir","7":"product_cat-lyklabox-lyklar-lykillausnir","8":"product_cat-lyklar-lykillausnir","9":"product_tag-vedurtholnar","11":"first","12":"instock","13":"taxable","14":"shipping-taxable","15":"purchasable","16":"product-type-simple"},"yoast_head":"<!-- This site is optimized with the Yoast SEO plugin v27.3 - https:\/\/yoast.com\/product\/yoast-seo-wordpress\/ -->\n<title>MASTER LOCK Lyklabox Medium me\u00f0 lj\u00f3si 5425 - V\u00e9lar &amp; Verkf\u00e6ri<\/title>\n<meta name=\"robots\" content=\"index, follow, max-snippet:-1, max-image-preview:large, max-video-preview:-1\" \/>\n<link rel=\"canonical\" href=\"https:\/\/velarogverkfaeri.is\/en\/lykillausnir\/lyklar-lykillausnir\/lyklabox-lyklar-lykillausnir\/product\/master-lock-lyklabox-medium-med-ljosi-5425\/\" \/>\n<meta property=\"og:locale\" content=\"en_US\" \/>\n<meta property=\"og:type\" content=\"article\" \/>\n<meta property=\"og:title\" content=\"MASTER LOCK Lyklabox Medium me\u00f0 lj\u00f3si 5425 - V\u00e9lar &amp; Verkf\u00e6ri\" \/>\n<meta property=\"og:description\" content=\"Me\u00f0alst\u00f3rt lyklabox me\u00f0 bakl\u00fdstu lyklabor\u00f0i.\" \/>\n<meta property=\"og:url\" content=\"https:\/\/velarogverkfaeri.is\/en\/lykillausnir\/lyklar-lykillausnir\/lyklabox-lyklar-lykillausnir\/product\/master-lock-lyklabox-medium-med-ljosi-5425\/\" \/>\n<meta property=\"og:site_name\" content=\"V\u00e9lar &amp; Verkf\u00e6ri\" \/>\n<meta property=\"article:publisher\" content=\"https:\/\/www.facebook.com\/VelarOgVerkfaeri\" \/>\n<meta property=\"article:modified_time\" content=\"2026-05-02T13:01:21+00:00\" \/>\n<meta property=\"og:image\" content=\"https:\/\/velarogverkfaeri.is\/wp-content\/uploads\/2023\/06\/fbdbb550-f22a-4deb-9e7f-2e1274ab309a.jpeg\" \/>\n\t<meta property=\"og:image:width\" content=\"1000\" \/>\n\t<meta property=\"og:image:height\" content=\"1000\" \/>\n\t<meta property=\"og:image:type\" content=\"image\/jpeg\" \/>\n<meta name=\"twitter:card\" content=\"summary_large_image\" \/>\n<meta name=\"twitter:label1\" content=\"Est. reading time\" \/>\n\t<meta name=\"twitter:data1\" content=\"1 minute\" \/>\n<script type=\"application\/ld+json\" class=\"yoast-schema-graph\">{\"@context\":\"https:\\\/\\\/schema.org\",\"@graph\":[{\"@type\":\"WebPage\",\"@id\":\"https:\\\/\\\/velarogverkfaeri.is\\\/lykillausnir\\\/lyklar-lykillausnir\\\/lyklabox-lyklar-lykillausnir\\\/product\\\/master-lock-lyklabox-medium-med-ljosi-5425\\\/\",\"url\":\"https:\\\/\\\/velarogverkfaeri.is\\\/lykillausnir\\\/lyklar-lykillausnir\\\/lyklabox-lyklar-lykillausnir\\\/product\\\/master-lock-lyklabox-medium-med-ljosi-5425\\\/\",\"name\":\"MASTER LOCK Lyklabox Medium me\u00f0 lj\u00f3si 5425 - V\u00e9lar &amp; Verkf\u00e6ri\",\"isPartOf\":{\"@id\":\"https:\\\/\\\/velarogverkfaeri.is\\\/en\\\/#website\"},\"primaryImageOfPage\":{\"@id\":\"https:\\\/\\\/velarogverkfaeri.is\\\/lykillausnir\\\/lyklar-lykillausnir\\\/lyklabox-lyklar-lykillausnir\\\/product\\\/master-lock-lyklabox-medium-med-ljosi-5425\\\/#primaryimage\"},\"image\":{\"@id\":\"https:\\\/\\\/velarogverkfaeri.is\\\/lykillausnir\\\/lyklar-lykillausnir\\\/lyklabox-lyklar-lykillausnir\\\/product\\\/master-lock-lyklabox-medium-med-ljosi-5425\\\/#primaryimage\"},\"thumbnailUrl\":\"https:\\\/\\\/velarogverkfaeri.is\\\/wp-content\\\/uploads\\\/2023\\\/06\\\/fbdbb550-f22a-4deb-9e7f-2e1274ab309a.jpeg\",\"datePublished\":\"2023-04-28T17:47:03+00:00\",\"dateModified\":\"2026-05-02T13:01:21+00:00\",\"breadcrumb\":{\"@id\":\"https:\\\/\\\/velarogverkfaeri.is\\\/lykillausnir\\\/lyklar-lykillausnir\\\/lyklabox-lyklar-lykillausnir\\\/product\\\/master-lock-lyklabox-medium-med-ljosi-5425\\\/#breadcrumb\"},\"inLanguage\":\"en-US\",\"potentialAction\":[{\"@type\":\"ReadAction\",\"target\":[\"https:\\\/\\\/velarogverkfaeri.is\\\/lykillausnir\\\/lyklar-lykillausnir\\\/lyklabox-lyklar-lykillausnir\\\/product\\\/master-lock-lyklabox-medium-med-ljosi-5425\\\/\"]}]},{\"@type\":\"ImageObject\",\"inLanguage\":\"en-US\",\"@id\":\"https:\\\/\\\/velarogverkfaeri.is\\\/lykillausnir\\\/lyklar-lykillausnir\\\/lyklabox-lyklar-lykillausnir\\\/product\\\/master-lock-lyklabox-medium-med-ljosi-5425\\\/#primaryimage\",\"url\":\"https:\\\/\\\/velarogverkfaeri.is\\\/wp-content\\\/uploads\\\/2023\\\/06\\\/fbdbb550-f22a-4deb-9e7f-2e1274ab309a.jpeg\",\"contentUrl\":\"https:\\\/\\\/velarogverkfaeri.is\\\/wp-content\\\/uploads\\\/2023\\\/06\\\/fbdbb550-f22a-4deb-9e7f-2e1274ab309a.jpeg\",\"width\":1000,\"height\":1000},{\"@type\":\"BreadcrumbList\",\"@id\":\"https:\\\/\\\/velarogverkfaeri.is\\\/lykillausnir\\\/lyklar-lykillausnir\\\/lyklabox-lyklar-lykillausnir\\\/product\\\/master-lock-lyklabox-medium-med-ljosi-5425\\\/#breadcrumb\",\"itemListElement\":[{\"@type\":\"ListItem\",\"position\":1,\"name\":\"Home\",\"item\":\"https:\\\/\\\/velarogverkfaeri.is\\\/\"},{\"@type\":\"ListItem\",\"position\":2,\"name\":\"Vefverslun\",\"item\":\"https:\\\/\\\/velarogverkfaeri.is\\\/vefverslun\\\/\"},{\"@type\":\"ListItem\",\"position\":3,\"name\":\"MASTER LOCK Lyklabox Medium me\u00f0 lj\u00f3si 5425\"}]},{\"@type\":\"WebSite\",\"@id\":\"https:\\\/\\\/velarogverkfaeri.is\\\/en\\\/#website\",\"url\":\"https:\\\/\\\/velarogverkfaeri.is\\\/en\\\/\",\"name\":\"V\u00e9lar & Verkf\u00e6ri\",\"description\":\"Umbo\u00f0s- og heildverslun fr\u00e1 \u00e1rinu 1919\",\"publisher\":{\"@id\":\"https:\\\/\\\/velarogverkfaeri.is\\\/en\\\/#organization\"},\"potentialAction\":[{\"@type\":\"SearchAction\",\"target\":{\"@type\":\"EntryPoint\",\"urlTemplate\":\"https:\\\/\\\/velarogverkfaeri.is\\\/en\\\/?s={search_term_string}\"},\"query-input\":{\"@type\":\"PropertyValueSpecification\",\"valueRequired\":true,\"valueName\":\"search_term_string\"}}],\"inLanguage\":\"en-US\"},{\"@type\":\"Organization\",\"@id\":\"https:\\\/\\\/velarogverkfaeri.is\\\/en\\\/#organization\",\"name\":\"V\u00e9lar & Verkf\u00e6ri\",\"url\":\"https:\\\/\\\/velarogverkfaeri.is\\\/en\\\/\",\"logo\":{\"@type\":\"ImageObject\",\"inLanguage\":\"en-US\",\"@id\":\"https:\\\/\\\/velarogverkfaeri.is\\\/en\\\/#\\\/schema\\\/logo\\\/image\\\/\",\"url\":\"https:\\\/\\\/velarogverkfaeri.is\\\/wp-content\\\/uploads\\\/2021\\\/10\\\/vv_logo_350x100.png\",\"contentUrl\":\"https:\\\/\\\/velarogverkfaeri.is\\\/wp-content\\\/uploads\\\/2021\\\/10\\\/vv_logo_350x100.png\",\"width\":350,\"height\":100,\"caption\":\"V\u00e9lar & Verkf\u00e6ri\"},\"image\":{\"@id\":\"https:\\\/\\\/velarogverkfaeri.is\\\/en\\\/#\\\/schema\\\/logo\\\/image\\\/\"},\"sameAs\":[\"https:\\\/\\\/www.facebook.com\\\/VelarOgVerkfaeri\"]}]}<\/script>\n<!-- \/ Yoast SEO plugin. -->","yoast_head_json":{"title":"MASTER LOCK Lyklabox Medium me\u00f0 lj\u00f3si 5425 - V\u00e9lar &amp; Verkf\u00e6ri","robots":{"index":"index","follow":"follow","max-snippet":"max-snippet:-1","max-image-preview":"max-image-preview:large","max-video-preview":"max-video-preview:-1"},"canonical":"https:\/\/velarogverkfaeri.is\/en\/lykillausnir\/lyklar-lykillausnir\/lyklabox-lyklar-lykillausnir\/product\/master-lock-lyklabox-medium-med-ljosi-5425\/","og_locale":"en_US","og_type":"article","og_title":"MASTER LOCK Lyklabox Medium me\u00f0 lj\u00f3si 5425 - V\u00e9lar &amp; Verkf\u00e6ri","og_description":"Me\u00f0alst\u00f3rt lyklabox me\u00f0 bakl\u00fdstu lyklabor\u00f0i.","og_url":"https:\/\/velarogverkfaeri.is\/en\/lykillausnir\/lyklar-lykillausnir\/lyklabox-lyklar-lykillausnir\/product\/master-lock-lyklabox-medium-med-ljosi-5425\/","og_site_name":"V\u00e9lar &amp; Verkf\u00e6ri","article_publisher":"https:\/\/www.facebook.com\/VelarOgVerkfaeri","article_modified_time":"2026-05-02T13:01:21+00:00","og_image":[{"width":1000,"height":1000,"url":"https:\/\/velarogverkfaeri.is\/wp-content\/uploads\/2023\/06\/fbdbb550-f22a-4deb-9e7f-2e1274ab309a.jpeg","type":"image\/jpeg"}],"twitter_card":"summary_large_image","twitter_misc":{"Est. reading time":"1 minute"},"schema":{"@context":"https:\/\/schema.org","@graph":[{"@type":"WebPage","@id":"https:\/\/velarogverkfaeri.is\/lykillausnir\/lyklar-lykillausnir\/lyklabox-lyklar-lykillausnir\/product\/master-lock-lyklabox-medium-med-ljosi-5425\/","url":"https:\/\/velarogverkfaeri.is\/lykillausnir\/lyklar-lykillausnir\/lyklabox-lyklar-lykillausnir\/product\/master-lock-lyklabox-medium-med-ljosi-5425\/","name":"MASTER LOCK Lyklabox Medium me\u00f0 lj\u00f3si 5425 - V\u00e9lar &amp; Verkf\u00e6ri","isPartOf":{"@id":"https:\/\/velarogverkfaeri.is\/en\/#website"},"primaryImageOfPage":{"@id":"https:\/\/velarogverkfaeri.is\/lykillausnir\/lyklar-lykillausnir\/lyklabox-lyklar-lykillausnir\/product\/master-lock-lyklabox-medium-med-ljosi-5425\/#primaryimage"},"image":{"@id":"https:\/\/velarogverkfaeri.is\/lykillausnir\/lyklar-lykillausnir\/lyklabox-lyklar-lykillausnir\/product\/master-lock-lyklabox-medium-med-ljosi-5425\/#primaryimage"},"thumbnailUrl":"https:\/\/velarogverkfaeri.is\/wp-content\/uploads\/2023\/06\/fbdbb550-f22a-4deb-9e7f-2e1274ab309a.jpeg","datePublished":"2023-04-28T17:47:03+00:00","dateModified":"2026-05-02T13:01:21+00:00","breadcrumb":{"@id":"https:\/\/velarogverkfaeri.is\/lykillausnir\/lyklar-lykillausnir\/lyklabox-lyklar-lykillausnir\/product\/master-lock-lyklabox-medium-med-ljosi-5425\/#breadcrumb"},"inLanguage":"en-US","potentialAction":[{"@type":"ReadAction","target":["https:\/\/velarogverkfaeri.is\/lykillausnir\/lyklar-lykillausnir\/lyklabox-lyklar-lykillausnir\/product\/master-lock-lyklabox-medium-med-ljosi-5425\/"]}]},{"@type":"ImageObject","inLanguage":"en-US","@id":"https:\/\/velarogverkfaeri.is\/lykillausnir\/lyklar-lykillausnir\/lyklabox-lyklar-lykillausnir\/product\/master-lock-lyklabox-medium-med-ljosi-5425\/#primaryimage","url":"https:\/\/velarogverkfaeri.is\/wp-content\/uploads\/2023\/06\/fbdbb550-f22a-4deb-9e7f-2e1274ab309a.jpeg","contentUrl":"https:\/\/velarogverkfaeri.is\/wp-content\/uploads\/2023\/06\/fbdbb550-f22a-4deb-9e7f-2e1274ab309a.jpeg","width":1000,"height":1000},{"@type":"BreadcrumbList","@id":"https:\/\/velarogverkfaeri.is\/lykillausnir\/lyklar-lykillausnir\/lyklabox-lyklar-lykillausnir\/product\/master-lock-lyklabox-medium-med-ljosi-5425\/#breadcrumb","itemListElement":[{"@type":"ListItem","position":1,"name":"Home","item":"https:\/\/velarogverkfaeri.is\/"},{"@type":"ListItem","position":2,"name":"Vefverslun","item":"https:\/\/velarogverkfaeri.is\/vefverslun\/"},{"@type":"ListItem","position":3,"name":"MASTER LOCK Lyklabox Medium me\u00f0 lj\u00f3si 5425"}]},{"@type":"WebSite","@id":"https:\/\/velarogverkfaeri.is\/en\/#website","url":"https:\/\/velarogverkfaeri.is\/en\/","name":"V\u00e9lar & Verkf\u00e6ri","description":"Umbo\u00f0s- og heildverslun fr\u00e1 \u00e1rinu 1919","publisher":{"@id":"https:\/\/velarogverkfaeri.is\/en\/#organization"},"potentialAction":[{"@type":"SearchAction","target":{"@type":"EntryPoint","urlTemplate":"https:\/\/velarogverkfaeri.is\/en\/?s={search_term_string}"},"query-input":{"@type":"PropertyValueSpecification","valueRequired":true,"valueName":"search_term_string"}}],"inLanguage":"en-US"},{"@type":"Organization","@id":"https:\/\/velarogverkfaeri.is\/en\/#organization","name":"V\u00e9lar & Verkf\u00e6ri","url":"https:\/\/velarogverkfaeri.is\/en\/","logo":{"@type":"ImageObject","inLanguage":"en-US","@id":"https:\/\/velarogverkfaeri.is\/en\/#\/schema\/logo\/image\/","url":"https:\/\/velarogverkfaeri.is\/wp-content\/uploads\/2021\/10\/vv_logo_350x100.png","contentUrl":"https:\/\/velarogverkfaeri.is\/wp-content\/uploads\/2021\/10\/vv_logo_350x100.png","width":350,"height":100,"caption":"V\u00e9lar & Verkf\u00e6ri"},"image":{"@id":"https:\/\/velarogverkfaeri.is\/en\/#\/schema\/logo\/image\/"},"sameAs":["https:\/\/www.facebook.com\/VelarOgVerkfaeri"]}]}},"_links":{"self":[{"href":"https:\/\/velarogverkfaeri.is\/en\/wp-json\/wp\/v2\/product\/23053","targetHints":{"allow":["GET"]}}],"collection":[{"href":"https:\/\/velarogverkfaeri.is\/en\/wp-json\/wp\/v2\/product"}],"about":[{"href":"https:\/\/velarogverkfaeri.is\/en\/wp-json\/wp\/v2\/types\/product"}],"replies":[{"embeddable":true,"href":"https:\/\/velarogverkfaeri.is\/en\/wp-json\/wp\/v2\/comments?post=23053"}],"wp:featuredmedia":[{"embeddable":true,"href":"https:\/\/velarogverkfaeri.is\/en\/wp-json\/wp\/v2\/media\/27921"}],"wp:attachment":[{"href":"https:\/\/velarogverkfaeri.is\/en\/wp-json\/wp\/v2\/media?parent=23053"}],"wp:term":[{"taxonomy":"product_brand","embeddable":true,"href":"https:\/\/velarogverkfaeri.is\/en\/wp-json\/wp\/v2\/product_brand?post=23053"},{"taxonomy":"product_cat","embeddable":true,"href":"https:\/\/velarogverkfaeri.is\/en\/wp-json\/wp\/v2\/product_cat?post=23053"},{"taxonomy":"product_tag","embeddable":true,"href":"https:\/\/velarogverkfaeri.is\/en\/wp-json\/wp\/v2\/product_tag?post=23053"}],"curies":[{"name":"wp","href":"https:\/\/api.w.org\/{rel}","templated":true}]}}