{"id":23052,"date":"2023-04-28T17:59:58","date_gmt":"2023-04-28T17:59:58","guid":{"rendered":"https:\/\/vv-dev.webdev.is\/?post_type=product&#038;p=23052"},"modified":"2026-04-25T11:31:41","modified_gmt":"2026-04-25T11:31:41","slug":"assa-hurdarpumpa-dc300-sett","status":"publish","type":"product","link":"https:\/\/velarogverkfaeri.is\/en\/lykillausnir\/hurdabunadur-lykillausnir\/hurdapumpur\/product\/assa-hurdarpumpa-dc300-sett\/","title":{"rendered":"ASSA Hur\u00f0arpumpa DC300  Silfur me\u00f0 L190 armi SETT"},"content":{"rendered":"<p>DC300 setti\u00f0 inniheldur:&nbsp;<\/p>\n<ul>\n<li>DC300 hur\u00f0arpumpu<\/li>\n<li>L190 olnbogaarm<\/li>\n<li>A120 Festipl\u00f6tu<\/li>\n<li>TORX T25 bita til a\u00f0 festa pumpuna.<\/li>\n<\/ul>\n<p><\/p>\n<p>DC300-ser\u00edan er \u00e6tlu\u00f0 til notkunar \u00e1 \u00fati-, inni- og eldvarnarhur\u00f0ir. Stillanleg fj\u00f6\u00f0run&nbsp; EN 3-6. H\u00e1marksbreidd hur\u00f0ar er 1400 mm. H\u00e6gt er a\u00f0 stilla lokunarkrafti, lokunarhra\u00f0a og opnunarbremsu.<\/p>\n<p>Hur\u00f0arpumpan uppfyllir EN1154 sta\u00f0alinn og er sam\u00feykkt til notkunar \u00e1 eldvarnarhur\u00f0ir.<\/p>\n<p>H\u00e6gt er a\u00f0 nota hur\u00f0arpumpuna \u00e1 b\u00e6\u00f0i hur\u00f0ir sem opnast til vinstri og h\u00e6gri.<\/p>\n<p>Festiplatan er falin.<\/p>\n<p><\/p>\n<p>St\u00e6r\u00f0 hur\u00f0arpumpu (lengd x breidd x h\u00e6\u00f0): 260 x 47 x 60 mm<\/p>\n<p>Hur\u00f0arpumpan \u00feolir mikla notkun (pr\u00f3fu\u00f0 fyrir minnst 500.000 opnanir)<\/p>\n<p>Pumpan er einnig mj\u00f6g ve\u00f0ur\u00feolin og er einf\u00f6ld \u00ed uppsetningu.<\/p>","protected":false},"excerpt":{"rendered":"<p>Pakkningin inniheldur allt sem \u00fe\u00fa \u00fearft til a\u00f0 setja upp \u00feessa v\u00f6ndu\u00f0u hur\u00f0arpumpu.<\/p>","protected":false},"featured_media":32091,"comment_status":"closed","ping_status":"closed","template":"","meta":[],"product_brand":[],"product_cat":[597,665,517],"product_tag":[],"class_list":{"0":"post-23052","1":"product","2":"type-product","3":"status-publish","4":"has-post-thumbnail","6":"product_cat-hurdabunadur-lykillausnir","7":"product_cat-hurdapumpur","8":"product_cat-lykillausnir","10":"first","11":"instock","12":"taxable","13":"shipping-taxable","14":"purchasable","15":"product-type-simple"},"yoast_head":"<!-- This site is optimized with the Yoast SEO plugin v27.3 - https:\/\/yoast.com\/product\/yoast-seo-wordpress\/ -->\n<title>ASSA Hur\u00f0arpumpa DC300 Silfur me\u00f0 L190 armi SETT - V\u00e9lar &amp; Verkf\u00e6ri<\/title>\n<meta name=\"robots\" content=\"index, follow, max-snippet:-1, max-image-preview:large, max-video-preview:-1\" \/>\n<link rel=\"canonical\" href=\"https:\/\/velarogverkfaeri.is\/en\/lykillausnir\/hurdabunadur-lykillausnir\/hurdapumpur\/product\/assa-hurdarpumpa-dc300-sett\/\" \/>\n<meta property=\"og:locale\" content=\"en_US\" \/>\n<meta property=\"og:type\" content=\"article\" \/>\n<meta property=\"og:title\" content=\"ASSA Hur\u00f0arpumpa DC300 Silfur me\u00f0 L190 armi SETT - V\u00e9lar &amp; Verkf\u00e6ri\" \/>\n<meta property=\"og:description\" content=\"Pakkningin inniheldur allt sem \u00fe\u00fa \u00fearft til a\u00f0 setja upp \u00feessa v\u00f6ndu\u00f0u hur\u00f0arpumpu.\" \/>\n<meta property=\"og:url\" content=\"https:\/\/velarogverkfaeri.is\/en\/lykillausnir\/hurdabunadur-lykillausnir\/hurdapumpur\/product\/assa-hurdarpumpa-dc300-sett\/\" \/>\n<meta property=\"og:site_name\" content=\"V\u00e9lar &amp; Verkf\u00e6ri\" \/>\n<meta property=\"article:publisher\" content=\"https:\/\/www.facebook.com\/VelarOgVerkfaeri\" \/>\n<meta property=\"article:modified_time\" content=\"2026-04-25T11:31:41+00:00\" \/>\n<meta property=\"og:image\" content=\"https:\/\/velarogverkfaeri.is\/wp-content\/uploads\/2023\/06\/73bc8c78-678f-4daf-8eb2-4dec8a2d8401.jpeg\" \/>\n\t<meta property=\"og:image:width\" content=\"1020\" \/>\n\t<meta property=\"og:image:height\" content=\"510\" \/>\n\t<meta property=\"og:image:type\" content=\"image\/jpeg\" \/>\n<meta name=\"twitter:card\" content=\"summary_large_image\" \/>\n<meta name=\"twitter:label1\" content=\"Est. reading time\" \/>\n\t<meta name=\"twitter:data1\" content=\"1 minute\" \/>\n<script type=\"application\/ld+json\" class=\"yoast-schema-graph\">{\"@context\":\"https:\\\/\\\/schema.org\",\"@graph\":[{\"@type\":\"WebPage\",\"@id\":\"https:\\\/\\\/velarogverkfaeri.is\\\/lykillausnir\\\/hurdabunadur-lykillausnir\\\/hurdapumpur\\\/product\\\/assa-hurdarpumpa-dc300-sett\\\/\",\"url\":\"https:\\\/\\\/velarogverkfaeri.is\\\/lykillausnir\\\/hurdabunadur-lykillausnir\\\/hurdapumpur\\\/product\\\/assa-hurdarpumpa-dc300-sett\\\/\",\"name\":\"ASSA Hur\u00f0arpumpa DC300 Silfur me\u00f0 L190 armi SETT - V\u00e9lar &amp; Verkf\u00e6ri\",\"isPartOf\":{\"@id\":\"https:\\\/\\\/velarogverkfaeri.is\\\/en\\\/#website\"},\"primaryImageOfPage\":{\"@id\":\"https:\\\/\\\/velarogverkfaeri.is\\\/lykillausnir\\\/hurdabunadur-lykillausnir\\\/hurdapumpur\\\/product\\\/assa-hurdarpumpa-dc300-sett\\\/#primaryimage\"},\"image\":{\"@id\":\"https:\\\/\\\/velarogverkfaeri.is\\\/lykillausnir\\\/hurdabunadur-lykillausnir\\\/hurdapumpur\\\/product\\\/assa-hurdarpumpa-dc300-sett\\\/#primaryimage\"},\"thumbnailUrl\":\"https:\\\/\\\/velarogverkfaeri.is\\\/wp-content\\\/uploads\\\/2023\\\/06\\\/73bc8c78-678f-4daf-8eb2-4dec8a2d8401.jpeg\",\"datePublished\":\"2023-04-28T17:59:58+00:00\",\"dateModified\":\"2026-04-25T11:31:41+00:00\",\"breadcrumb\":{\"@id\":\"https:\\\/\\\/velarogverkfaeri.is\\\/lykillausnir\\\/hurdabunadur-lykillausnir\\\/hurdapumpur\\\/product\\\/assa-hurdarpumpa-dc300-sett\\\/#breadcrumb\"},\"inLanguage\":\"en-US\",\"potentialAction\":[{\"@type\":\"ReadAction\",\"target\":[\"https:\\\/\\\/velarogverkfaeri.is\\\/lykillausnir\\\/hurdabunadur-lykillausnir\\\/hurdapumpur\\\/product\\\/assa-hurdarpumpa-dc300-sett\\\/\"]}]},{\"@type\":\"ImageObject\",\"inLanguage\":\"en-US\",\"@id\":\"https:\\\/\\\/velarogverkfaeri.is\\\/lykillausnir\\\/hurdabunadur-lykillausnir\\\/hurdapumpur\\\/product\\\/assa-hurdarpumpa-dc300-sett\\\/#primaryimage\",\"url\":\"https:\\\/\\\/velarogverkfaeri.is\\\/wp-content\\\/uploads\\\/2023\\\/06\\\/73bc8c78-678f-4daf-8eb2-4dec8a2d8401.jpeg\",\"contentUrl\":\"https:\\\/\\\/velarogverkfaeri.is\\\/wp-content\\\/uploads\\\/2023\\\/06\\\/73bc8c78-678f-4daf-8eb2-4dec8a2d8401.jpeg\",\"width\":1020,\"height\":510},{\"@type\":\"BreadcrumbList\",\"@id\":\"https:\\\/\\\/velarogverkfaeri.is\\\/lykillausnir\\\/hurdabunadur-lykillausnir\\\/hurdapumpur\\\/product\\\/assa-hurdarpumpa-dc300-sett\\\/#breadcrumb\",\"itemListElement\":[{\"@type\":\"ListItem\",\"position\":1,\"name\":\"Home\",\"item\":\"https:\\\/\\\/velarogverkfaeri.is\\\/\"},{\"@type\":\"ListItem\",\"position\":2,\"name\":\"Vefverslun\",\"item\":\"https:\\\/\\\/velarogverkfaeri.is\\\/vefverslun\\\/\"},{\"@type\":\"ListItem\",\"position\":3,\"name\":\"ASSA Hur\u00f0arpumpa DC300 Silfur me\u00f0 L190 armi SETT\"}]},{\"@type\":\"WebSite\",\"@id\":\"https:\\\/\\\/velarogverkfaeri.is\\\/en\\\/#website\",\"url\":\"https:\\\/\\\/velarogverkfaeri.is\\\/en\\\/\",\"name\":\"V\u00e9lar & Verkf\u00e6ri\",\"description\":\"Umbo\u00f0s- og heildverslun fr\u00e1 \u00e1rinu 1919\",\"publisher\":{\"@id\":\"https:\\\/\\\/velarogverkfaeri.is\\\/en\\\/#organization\"},\"potentialAction\":[{\"@type\":\"SearchAction\",\"target\":{\"@type\":\"EntryPoint\",\"urlTemplate\":\"https:\\\/\\\/velarogverkfaeri.is\\\/en\\\/?s={search_term_string}\"},\"query-input\":{\"@type\":\"PropertyValueSpecification\",\"valueRequired\":true,\"valueName\":\"search_term_string\"}}],\"inLanguage\":\"en-US\"},{\"@type\":\"Organization\",\"@id\":\"https:\\\/\\\/velarogverkfaeri.is\\\/en\\\/#organization\",\"name\":\"V\u00e9lar & Verkf\u00e6ri\",\"url\":\"https:\\\/\\\/velarogverkfaeri.is\\\/en\\\/\",\"logo\":{\"@type\":\"ImageObject\",\"inLanguage\":\"en-US\",\"@id\":\"https:\\\/\\\/velarogverkfaeri.is\\\/en\\\/#\\\/schema\\\/logo\\\/image\\\/\",\"url\":\"https:\\\/\\\/velarogverkfaeri.is\\\/wp-content\\\/uploads\\\/2021\\\/10\\\/vv_logo_350x100.png\",\"contentUrl\":\"https:\\\/\\\/velarogverkfaeri.is\\\/wp-content\\\/uploads\\\/2021\\\/10\\\/vv_logo_350x100.png\",\"width\":350,\"height\":100,\"caption\":\"V\u00e9lar & Verkf\u00e6ri\"},\"image\":{\"@id\":\"https:\\\/\\\/velarogverkfaeri.is\\\/en\\\/#\\\/schema\\\/logo\\\/image\\\/\"},\"sameAs\":[\"https:\\\/\\\/www.facebook.com\\\/VelarOgVerkfaeri\"]}]}<\/script>\n<!-- \/ Yoast SEO plugin. -->","yoast_head_json":{"title":"ASSA Hur\u00f0arpumpa DC300 Silfur me\u00f0 L190 armi SETT - V\u00e9lar &amp; Verkf\u00e6ri","robots":{"index":"index","follow":"follow","max-snippet":"max-snippet:-1","max-image-preview":"max-image-preview:large","max-video-preview":"max-video-preview:-1"},"canonical":"https:\/\/velarogverkfaeri.is\/en\/lykillausnir\/hurdabunadur-lykillausnir\/hurdapumpur\/product\/assa-hurdarpumpa-dc300-sett\/","og_locale":"en_US","og_type":"article","og_title":"ASSA Hur\u00f0arpumpa DC300 Silfur me\u00f0 L190 armi SETT - V\u00e9lar &amp; Verkf\u00e6ri","og_description":"Pakkningin inniheldur allt sem \u00fe\u00fa \u00fearft til a\u00f0 setja upp \u00feessa v\u00f6ndu\u00f0u hur\u00f0arpumpu.","og_url":"https:\/\/velarogverkfaeri.is\/en\/lykillausnir\/hurdabunadur-lykillausnir\/hurdapumpur\/product\/assa-hurdarpumpa-dc300-sett\/","og_site_name":"V\u00e9lar &amp; Verkf\u00e6ri","article_publisher":"https:\/\/www.facebook.com\/VelarOgVerkfaeri","article_modified_time":"2026-04-25T11:31:41+00:00","og_image":[{"width":1020,"height":510,"url":"https:\/\/velarogverkfaeri.is\/wp-content\/uploads\/2023\/06\/73bc8c78-678f-4daf-8eb2-4dec8a2d8401.jpeg","type":"image\/jpeg"}],"twitter_card":"summary_large_image","twitter_misc":{"Est. reading time":"1 minute"},"schema":{"@context":"https:\/\/schema.org","@graph":[{"@type":"WebPage","@id":"https:\/\/velarogverkfaeri.is\/lykillausnir\/hurdabunadur-lykillausnir\/hurdapumpur\/product\/assa-hurdarpumpa-dc300-sett\/","url":"https:\/\/velarogverkfaeri.is\/lykillausnir\/hurdabunadur-lykillausnir\/hurdapumpur\/product\/assa-hurdarpumpa-dc300-sett\/","name":"ASSA Hur\u00f0arpumpa DC300 Silfur me\u00f0 L190 armi SETT - V\u00e9lar &amp; Verkf\u00e6ri","isPartOf":{"@id":"https:\/\/velarogverkfaeri.is\/en\/#website"},"primaryImageOfPage":{"@id":"https:\/\/velarogverkfaeri.is\/lykillausnir\/hurdabunadur-lykillausnir\/hurdapumpur\/product\/assa-hurdarpumpa-dc300-sett\/#primaryimage"},"image":{"@id":"https:\/\/velarogverkfaeri.is\/lykillausnir\/hurdabunadur-lykillausnir\/hurdapumpur\/product\/assa-hurdarpumpa-dc300-sett\/#primaryimage"},"thumbnailUrl":"https:\/\/velarogverkfaeri.is\/wp-content\/uploads\/2023\/06\/73bc8c78-678f-4daf-8eb2-4dec8a2d8401.jpeg","datePublished":"2023-04-28T17:59:58+00:00","dateModified":"2026-04-25T11:31:41+00:00","breadcrumb":{"@id":"https:\/\/velarogverkfaeri.is\/lykillausnir\/hurdabunadur-lykillausnir\/hurdapumpur\/product\/assa-hurdarpumpa-dc300-sett\/#breadcrumb"},"inLanguage":"en-US","potentialAction":[{"@type":"ReadAction","target":["https:\/\/velarogverkfaeri.is\/lykillausnir\/hurdabunadur-lykillausnir\/hurdapumpur\/product\/assa-hurdarpumpa-dc300-sett\/"]}]},{"@type":"ImageObject","inLanguage":"en-US","@id":"https:\/\/velarogverkfaeri.is\/lykillausnir\/hurdabunadur-lykillausnir\/hurdapumpur\/product\/assa-hurdarpumpa-dc300-sett\/#primaryimage","url":"https:\/\/velarogverkfaeri.is\/wp-content\/uploads\/2023\/06\/73bc8c78-678f-4daf-8eb2-4dec8a2d8401.jpeg","contentUrl":"https:\/\/velarogverkfaeri.is\/wp-content\/uploads\/2023\/06\/73bc8c78-678f-4daf-8eb2-4dec8a2d8401.jpeg","width":1020,"height":510},{"@type":"BreadcrumbList","@id":"https:\/\/velarogverkfaeri.is\/lykillausnir\/hurdabunadur-lykillausnir\/hurdapumpur\/product\/assa-hurdarpumpa-dc300-sett\/#breadcrumb","itemListElement":[{"@type":"ListItem","position":1,"name":"Home","item":"https:\/\/velarogverkfaeri.is\/"},{"@type":"ListItem","position":2,"name":"Vefverslun","item":"https:\/\/velarogverkfaeri.is\/vefverslun\/"},{"@type":"ListItem","position":3,"name":"ASSA Hur\u00f0arpumpa DC300 Silfur me\u00f0 L190 armi SETT"}]},{"@type":"WebSite","@id":"https:\/\/velarogverkfaeri.is\/en\/#website","url":"https:\/\/velarogverkfaeri.is\/en\/","name":"V\u00e9lar & Verkf\u00e6ri","description":"Umbo\u00f0s- og heildverslun fr\u00e1 \u00e1rinu 1919","publisher":{"@id":"https:\/\/velarogverkfaeri.is\/en\/#organization"},"potentialAction":[{"@type":"SearchAction","target":{"@type":"EntryPoint","urlTemplate":"https:\/\/velarogverkfaeri.is\/en\/?s={search_term_string}"},"query-input":{"@type":"PropertyValueSpecification","valueRequired":true,"valueName":"search_term_string"}}],"inLanguage":"en-US"},{"@type":"Organization","@id":"https:\/\/velarogverkfaeri.is\/en\/#organization","name":"V\u00e9lar & Verkf\u00e6ri","url":"https:\/\/velarogverkfaeri.is\/en\/","logo":{"@type":"ImageObject","inLanguage":"en-US","@id":"https:\/\/velarogverkfaeri.is\/en\/#\/schema\/logo\/image\/","url":"https:\/\/velarogverkfaeri.is\/wp-content\/uploads\/2021\/10\/vv_logo_350x100.png","contentUrl":"https:\/\/velarogverkfaeri.is\/wp-content\/uploads\/2021\/10\/vv_logo_350x100.png","width":350,"height":100,"caption":"V\u00e9lar & Verkf\u00e6ri"},"image":{"@id":"https:\/\/velarogverkfaeri.is\/en\/#\/schema\/logo\/image\/"},"sameAs":["https:\/\/www.facebook.com\/VelarOgVerkfaeri"]}]}},"_links":{"self":[{"href":"https:\/\/velarogverkfaeri.is\/en\/wp-json\/wp\/v2\/product\/23052","targetHints":{"allow":["GET"]}}],"collection":[{"href":"https:\/\/velarogverkfaeri.is\/en\/wp-json\/wp\/v2\/product"}],"about":[{"href":"https:\/\/velarogverkfaeri.is\/en\/wp-json\/wp\/v2\/types\/product"}],"replies":[{"embeddable":true,"href":"https:\/\/velarogverkfaeri.is\/en\/wp-json\/wp\/v2\/comments?post=23052"}],"wp:featuredmedia":[{"embeddable":true,"href":"https:\/\/velarogverkfaeri.is\/en\/wp-json\/wp\/v2\/media\/32091"}],"wp:attachment":[{"href":"https:\/\/velarogverkfaeri.is\/en\/wp-json\/wp\/v2\/media?parent=23052"}],"wp:term":[{"taxonomy":"product_brand","embeddable":true,"href":"https:\/\/velarogverkfaeri.is\/en\/wp-json\/wp\/v2\/product_brand?post=23052"},{"taxonomy":"product_cat","embeddable":true,"href":"https:\/\/velarogverkfaeri.is\/en\/wp-json\/wp\/v2\/product_cat?post=23052"},{"taxonomy":"product_tag","embeddable":true,"href":"https:\/\/velarogverkfaeri.is\/en\/wp-json\/wp\/v2\/product_tag?post=23052"}],"curies":[{"name":"wp","href":"https:\/\/api.w.org\/{rel}","templated":true}]}}