{"id":23025,"date":"2023-04-28T17:47:29","date_gmt":"2023-04-28T17:47:29","guid":{"rendered":"https:\/\/vv-dev.webdev.is\/?post_type=product&#038;p=23025"},"modified":"2026-04-11T18:30:14","modified_gmt":"2026-04-11T18:30:14","slug":"stayer-borhamar-sds-max-1500w-md-10-k","status":"publish","type":"product","link":"https:\/\/velarogverkfaeri.is\/en\/verkfaeralausnir\/rafmagnsverkfaeri\/borhamrar\/product\/stayer-borhamar-sds-max-1500w-md-10-k\/","title":{"rendered":"STAYER Borhamar SDS-MAX 1500w MD 10 K"},"content":{"rendered":"<table style=\"height: 180px;\" width=\"466\">\n<tbody>\n<tr>\n<td>Afl<\/td>\n<td>1500 W<\/td>\n<\/tr>\n<tr>\n<td>H&#246;gg&#160;T&#237;&#240;ni<\/td>\n<td>1000-1900 \/ Min<\/td>\n<\/tr>\n<tr>\n<td>H&#246;gg Kraftur<\/td>\n<td>6-25 J<\/td>\n<\/tr>\n<tr>\n<td>&#222;yngd&#160;<\/td>\n<td>10 Kg<\/td>\n<\/tr>\n<\/tbody>\n<\/table>","protected":false},"excerpt":{"rendered":"<p>Borhamar me\u00f0 2 a\u00f0ger\u00f0um:<\/p>\n<p><p>1- Meitill fyrir byggingarefni. <\/p>\n<p><p> 2- Vario \u2013 l\u00e6sing til a\u00f0 stj\u00f3rna st\u00f6\u00f0u meitlsins. <\/p>\n<p><p>S\u00e9rh\u00e6f\u00f0ur v\u00e9lb\u00fana\u00f0ur \u00e1n sn\u00fanings, a\u00f0eins slagverk.<\/p>\n<p><p>Rafeindast\u00fdrib\u00fana\u00f0ur til a\u00f0 st\u00fdra h\u00f6gg Krafti og h\u00f6gg T\u00ed\u00f0nini.<\/p>\n<p>","protected":false},"featured_media":28033,"comment_status":"closed","ping_status":"closed","template":"","meta":[],"product_brand":[],"product_cat":[728,592,515],"product_tag":[],"class_list":{"0":"post-23025","1":"product","2":"type-product","3":"status-publish","4":"has-post-thumbnail","6":"product_cat-borhamrar","7":"product_cat-rafmagnsverkfaeri","8":"product_cat-verkfaeralausnir","10":"first","11":"instock","12":"taxable","13":"shipping-taxable","14":"purchasable","15":"product-type-simple"},"yoast_head":"<!-- This site is optimized with the Yoast SEO plugin v27.3 - https:\/\/yoast.com\/product\/yoast-seo-wordpress\/ -->\n<title>STAYER Borhamar SDS-MAX 1500w MD 10 K - V\u00e9lar &amp; Verkf\u00e6ri<\/title>\n<meta name=\"robots\" content=\"index, follow, max-snippet:-1, max-image-preview:large, max-video-preview:-1\" \/>\n<link rel=\"canonical\" href=\"https:\/\/velarogverkfaeri.is\/en\/verkfaeralausnir\/rafmagnsverkfaeri\/borhamrar\/product\/stayer-borhamar-sds-max-1500w-md-10-k\/\" \/>\n<meta property=\"og:locale\" content=\"en_US\" \/>\n<meta property=\"og:type\" content=\"article\" \/>\n<meta property=\"og:title\" content=\"STAYER Borhamar SDS-MAX 1500w MD 10 K - V\u00e9lar &amp; Verkf\u00e6ri\" \/>\n<meta property=\"og:description\" content=\"Borhamar me\u00f0 2 a\u00f0ger\u00f0um: 1- Meitill fyrir byggingarefni.  2- Vario \u2013 l\u00e6sing til a\u00f0 stj\u00f3rna st\u00f6\u00f0u meitlsins. S\u00e9rh\u00e6f\u00f0ur v\u00e9lb\u00fana\u00f0ur \u00e1n sn\u00fanings, a\u00f0eins slagverk. Rafeindast\u00fdrib\u00fana\u00f0ur til a\u00f0 st\u00fdra h\u00f6gg Krafti og h\u00f6gg T\u00ed\u00f0nini.\" \/>\n<meta property=\"og:url\" content=\"https:\/\/velarogverkfaeri.is\/en\/verkfaeralausnir\/rafmagnsverkfaeri\/borhamrar\/product\/stayer-borhamar-sds-max-1500w-md-10-k\/\" \/>\n<meta property=\"og:site_name\" content=\"V\u00e9lar &amp; Verkf\u00e6ri\" \/>\n<meta property=\"article:publisher\" content=\"https:\/\/www.facebook.com\/VelarOgVerkfaeri\" \/>\n<meta property=\"article:modified_time\" content=\"2026-04-11T18:30:14+00:00\" \/>\n<meta property=\"og:image\" content=\"https:\/\/velarogverkfaeri.is\/wp-content\/uploads\/2023\/06\/eb27c2f1-98e2-4122-af20-211bfb2abf88.jpeg\" \/>\n\t<meta property=\"og:image:width\" content=\"1181\" \/>\n\t<meta property=\"og:image:height\" content=\"685\" \/>\n\t<meta property=\"og:image:type\" content=\"image\/jpeg\" \/>\n<meta name=\"twitter:card\" content=\"summary_large_image\" \/>\n<script type=\"application\/ld+json\" class=\"yoast-schema-graph\">{\"@context\":\"https:\\\/\\\/schema.org\",\"@graph\":[{\"@type\":\"WebPage\",\"@id\":\"https:\\\/\\\/velarogverkfaeri.is\\\/verkfaeralausnir\\\/rafmagnsverkfaeri\\\/borhamrar\\\/product\\\/stayer-borhamar-sds-max-1500w-md-10-k\\\/\",\"url\":\"https:\\\/\\\/velarogverkfaeri.is\\\/verkfaeralausnir\\\/rafmagnsverkfaeri\\\/borhamrar\\\/product\\\/stayer-borhamar-sds-max-1500w-md-10-k\\\/\",\"name\":\"STAYER Borhamar SDS-MAX 1500w MD 10 K - V\u00e9lar &amp; Verkf\u00e6ri\",\"isPartOf\":{\"@id\":\"https:\\\/\\\/velarogverkfaeri.is\\\/en\\\/#website\"},\"primaryImageOfPage\":{\"@id\":\"https:\\\/\\\/velarogverkfaeri.is\\\/verkfaeralausnir\\\/rafmagnsverkfaeri\\\/borhamrar\\\/product\\\/stayer-borhamar-sds-max-1500w-md-10-k\\\/#primaryimage\"},\"image\":{\"@id\":\"https:\\\/\\\/velarogverkfaeri.is\\\/verkfaeralausnir\\\/rafmagnsverkfaeri\\\/borhamrar\\\/product\\\/stayer-borhamar-sds-max-1500w-md-10-k\\\/#primaryimage\"},\"thumbnailUrl\":\"https:\\\/\\\/velarogverkfaeri.is\\\/wp-content\\\/uploads\\\/2023\\\/06\\\/eb27c2f1-98e2-4122-af20-211bfb2abf88.jpeg\",\"datePublished\":\"2023-04-28T17:47:29+00:00\",\"dateModified\":\"2026-04-11T18:30:14+00:00\",\"breadcrumb\":{\"@id\":\"https:\\\/\\\/velarogverkfaeri.is\\\/verkfaeralausnir\\\/rafmagnsverkfaeri\\\/borhamrar\\\/product\\\/stayer-borhamar-sds-max-1500w-md-10-k\\\/#breadcrumb\"},\"inLanguage\":\"en-US\",\"potentialAction\":[{\"@type\":\"ReadAction\",\"target\":[\"https:\\\/\\\/velarogverkfaeri.is\\\/verkfaeralausnir\\\/rafmagnsverkfaeri\\\/borhamrar\\\/product\\\/stayer-borhamar-sds-max-1500w-md-10-k\\\/\"]}]},{\"@type\":\"ImageObject\",\"inLanguage\":\"en-US\",\"@id\":\"https:\\\/\\\/velarogverkfaeri.is\\\/verkfaeralausnir\\\/rafmagnsverkfaeri\\\/borhamrar\\\/product\\\/stayer-borhamar-sds-max-1500w-md-10-k\\\/#primaryimage\",\"url\":\"https:\\\/\\\/velarogverkfaeri.is\\\/wp-content\\\/uploads\\\/2023\\\/06\\\/eb27c2f1-98e2-4122-af20-211bfb2abf88.jpeg\",\"contentUrl\":\"https:\\\/\\\/velarogverkfaeri.is\\\/wp-content\\\/uploads\\\/2023\\\/06\\\/eb27c2f1-98e2-4122-af20-211bfb2abf88.jpeg\",\"width\":1181,\"height\":685},{\"@type\":\"BreadcrumbList\",\"@id\":\"https:\\\/\\\/velarogverkfaeri.is\\\/verkfaeralausnir\\\/rafmagnsverkfaeri\\\/borhamrar\\\/product\\\/stayer-borhamar-sds-max-1500w-md-10-k\\\/#breadcrumb\",\"itemListElement\":[{\"@type\":\"ListItem\",\"position\":1,\"name\":\"Home\",\"item\":\"https:\\\/\\\/velarogverkfaeri.is\\\/\"},{\"@type\":\"ListItem\",\"position\":2,\"name\":\"Vefverslun\",\"item\":\"https:\\\/\\\/velarogverkfaeri.is\\\/vefverslun\\\/\"},{\"@type\":\"ListItem\",\"position\":3,\"name\":\"STAYER Borhamar SDS-MAX 1500w MD 10 K\"}]},{\"@type\":\"WebSite\",\"@id\":\"https:\\\/\\\/velarogverkfaeri.is\\\/en\\\/#website\",\"url\":\"https:\\\/\\\/velarogverkfaeri.is\\\/en\\\/\",\"name\":\"V\u00e9lar & Verkf\u00e6ri\",\"description\":\"Umbo\u00f0s- og heildverslun fr\u00e1 \u00e1rinu 1919\",\"publisher\":{\"@id\":\"https:\\\/\\\/velarogverkfaeri.is\\\/en\\\/#organization\"},\"potentialAction\":[{\"@type\":\"SearchAction\",\"target\":{\"@type\":\"EntryPoint\",\"urlTemplate\":\"https:\\\/\\\/velarogverkfaeri.is\\\/en\\\/?s={search_term_string}\"},\"query-input\":{\"@type\":\"PropertyValueSpecification\",\"valueRequired\":true,\"valueName\":\"search_term_string\"}}],\"inLanguage\":\"en-US\"},{\"@type\":\"Organization\",\"@id\":\"https:\\\/\\\/velarogverkfaeri.is\\\/en\\\/#organization\",\"name\":\"V\u00e9lar & Verkf\u00e6ri\",\"url\":\"https:\\\/\\\/velarogverkfaeri.is\\\/en\\\/\",\"logo\":{\"@type\":\"ImageObject\",\"inLanguage\":\"en-US\",\"@id\":\"https:\\\/\\\/velarogverkfaeri.is\\\/en\\\/#\\\/schema\\\/logo\\\/image\\\/\",\"url\":\"https:\\\/\\\/velarogverkfaeri.is\\\/wp-content\\\/uploads\\\/2021\\\/10\\\/vv_logo_350x100.png\",\"contentUrl\":\"https:\\\/\\\/velarogverkfaeri.is\\\/wp-content\\\/uploads\\\/2021\\\/10\\\/vv_logo_350x100.png\",\"width\":350,\"height\":100,\"caption\":\"V\u00e9lar & Verkf\u00e6ri\"},\"image\":{\"@id\":\"https:\\\/\\\/velarogverkfaeri.is\\\/en\\\/#\\\/schema\\\/logo\\\/image\\\/\"},\"sameAs\":[\"https:\\\/\\\/www.facebook.com\\\/VelarOgVerkfaeri\"]}]}<\/script>\n<!-- \/ Yoast SEO plugin. -->","yoast_head_json":{"title":"STAYER Borhamar SDS-MAX 1500w MD 10 K - V\u00e9lar &amp; Verkf\u00e6ri","robots":{"index":"index","follow":"follow","max-snippet":"max-snippet:-1","max-image-preview":"max-image-preview:large","max-video-preview":"max-video-preview:-1"},"canonical":"https:\/\/velarogverkfaeri.is\/en\/verkfaeralausnir\/rafmagnsverkfaeri\/borhamrar\/product\/stayer-borhamar-sds-max-1500w-md-10-k\/","og_locale":"en_US","og_type":"article","og_title":"STAYER Borhamar SDS-MAX 1500w MD 10 K - V\u00e9lar &amp; Verkf\u00e6ri","og_description":"Borhamar me\u00f0 2 a\u00f0ger\u00f0um: 1- Meitill fyrir byggingarefni.  2- Vario \u2013 l\u00e6sing til a\u00f0 stj\u00f3rna st\u00f6\u00f0u meitlsins. S\u00e9rh\u00e6f\u00f0ur v\u00e9lb\u00fana\u00f0ur \u00e1n sn\u00fanings, a\u00f0eins slagverk. Rafeindast\u00fdrib\u00fana\u00f0ur til a\u00f0 st\u00fdra h\u00f6gg Krafti og h\u00f6gg T\u00ed\u00f0nini.","og_url":"https:\/\/velarogverkfaeri.is\/en\/verkfaeralausnir\/rafmagnsverkfaeri\/borhamrar\/product\/stayer-borhamar-sds-max-1500w-md-10-k\/","og_site_name":"V\u00e9lar &amp; Verkf\u00e6ri","article_publisher":"https:\/\/www.facebook.com\/VelarOgVerkfaeri","article_modified_time":"2026-04-11T18:30:14+00:00","og_image":[{"width":1181,"height":685,"url":"https:\/\/velarogverkfaeri.is\/wp-content\/uploads\/2023\/06\/eb27c2f1-98e2-4122-af20-211bfb2abf88.jpeg","type":"image\/jpeg"}],"twitter_card":"summary_large_image","schema":{"@context":"https:\/\/schema.org","@graph":[{"@type":"WebPage","@id":"https:\/\/velarogverkfaeri.is\/verkfaeralausnir\/rafmagnsverkfaeri\/borhamrar\/product\/stayer-borhamar-sds-max-1500w-md-10-k\/","url":"https:\/\/velarogverkfaeri.is\/verkfaeralausnir\/rafmagnsverkfaeri\/borhamrar\/product\/stayer-borhamar-sds-max-1500w-md-10-k\/","name":"STAYER Borhamar SDS-MAX 1500w MD 10 K - V\u00e9lar &amp; Verkf\u00e6ri","isPartOf":{"@id":"https:\/\/velarogverkfaeri.is\/en\/#website"},"primaryImageOfPage":{"@id":"https:\/\/velarogverkfaeri.is\/verkfaeralausnir\/rafmagnsverkfaeri\/borhamrar\/product\/stayer-borhamar-sds-max-1500w-md-10-k\/#primaryimage"},"image":{"@id":"https:\/\/velarogverkfaeri.is\/verkfaeralausnir\/rafmagnsverkfaeri\/borhamrar\/product\/stayer-borhamar-sds-max-1500w-md-10-k\/#primaryimage"},"thumbnailUrl":"https:\/\/velarogverkfaeri.is\/wp-content\/uploads\/2023\/06\/eb27c2f1-98e2-4122-af20-211bfb2abf88.jpeg","datePublished":"2023-04-28T17:47:29+00:00","dateModified":"2026-04-11T18:30:14+00:00","breadcrumb":{"@id":"https:\/\/velarogverkfaeri.is\/verkfaeralausnir\/rafmagnsverkfaeri\/borhamrar\/product\/stayer-borhamar-sds-max-1500w-md-10-k\/#breadcrumb"},"inLanguage":"en-US","potentialAction":[{"@type":"ReadAction","target":["https:\/\/velarogverkfaeri.is\/verkfaeralausnir\/rafmagnsverkfaeri\/borhamrar\/product\/stayer-borhamar-sds-max-1500w-md-10-k\/"]}]},{"@type":"ImageObject","inLanguage":"en-US","@id":"https:\/\/velarogverkfaeri.is\/verkfaeralausnir\/rafmagnsverkfaeri\/borhamrar\/product\/stayer-borhamar-sds-max-1500w-md-10-k\/#primaryimage","url":"https:\/\/velarogverkfaeri.is\/wp-content\/uploads\/2023\/06\/eb27c2f1-98e2-4122-af20-211bfb2abf88.jpeg","contentUrl":"https:\/\/velarogverkfaeri.is\/wp-content\/uploads\/2023\/06\/eb27c2f1-98e2-4122-af20-211bfb2abf88.jpeg","width":1181,"height":685},{"@type":"BreadcrumbList","@id":"https:\/\/velarogverkfaeri.is\/verkfaeralausnir\/rafmagnsverkfaeri\/borhamrar\/product\/stayer-borhamar-sds-max-1500w-md-10-k\/#breadcrumb","itemListElement":[{"@type":"ListItem","position":1,"name":"Home","item":"https:\/\/velarogverkfaeri.is\/"},{"@type":"ListItem","position":2,"name":"Vefverslun","item":"https:\/\/velarogverkfaeri.is\/vefverslun\/"},{"@type":"ListItem","position":3,"name":"STAYER Borhamar SDS-MAX 1500w MD 10 K"}]},{"@type":"WebSite","@id":"https:\/\/velarogverkfaeri.is\/en\/#website","url":"https:\/\/velarogverkfaeri.is\/en\/","name":"V\u00e9lar & Verkf\u00e6ri","description":"Umbo\u00f0s- og heildverslun fr\u00e1 \u00e1rinu 1919","publisher":{"@id":"https:\/\/velarogverkfaeri.is\/en\/#organization"},"potentialAction":[{"@type":"SearchAction","target":{"@type":"EntryPoint","urlTemplate":"https:\/\/velarogverkfaeri.is\/en\/?s={search_term_string}"},"query-input":{"@type":"PropertyValueSpecification","valueRequired":true,"valueName":"search_term_string"}}],"inLanguage":"en-US"},{"@type":"Organization","@id":"https:\/\/velarogverkfaeri.is\/en\/#organization","name":"V\u00e9lar & Verkf\u00e6ri","url":"https:\/\/velarogverkfaeri.is\/en\/","logo":{"@type":"ImageObject","inLanguage":"en-US","@id":"https:\/\/velarogverkfaeri.is\/en\/#\/schema\/logo\/image\/","url":"https:\/\/velarogverkfaeri.is\/wp-content\/uploads\/2021\/10\/vv_logo_350x100.png","contentUrl":"https:\/\/velarogverkfaeri.is\/wp-content\/uploads\/2021\/10\/vv_logo_350x100.png","width":350,"height":100,"caption":"V\u00e9lar & Verkf\u00e6ri"},"image":{"@id":"https:\/\/velarogverkfaeri.is\/en\/#\/schema\/logo\/image\/"},"sameAs":["https:\/\/www.facebook.com\/VelarOgVerkfaeri"]}]}},"_links":{"self":[{"href":"https:\/\/velarogverkfaeri.is\/en\/wp-json\/wp\/v2\/product\/23025","targetHints":{"allow":["GET"]}}],"collection":[{"href":"https:\/\/velarogverkfaeri.is\/en\/wp-json\/wp\/v2\/product"}],"about":[{"href":"https:\/\/velarogverkfaeri.is\/en\/wp-json\/wp\/v2\/types\/product"}],"replies":[{"embeddable":true,"href":"https:\/\/velarogverkfaeri.is\/en\/wp-json\/wp\/v2\/comments?post=23025"}],"wp:featuredmedia":[{"embeddable":true,"href":"https:\/\/velarogverkfaeri.is\/en\/wp-json\/wp\/v2\/media\/28033"}],"wp:attachment":[{"href":"https:\/\/velarogverkfaeri.is\/en\/wp-json\/wp\/v2\/media?parent=23025"}],"wp:term":[{"taxonomy":"product_brand","embeddable":true,"href":"https:\/\/velarogverkfaeri.is\/en\/wp-json\/wp\/v2\/product_brand?post=23025"},{"taxonomy":"product_cat","embeddable":true,"href":"https:\/\/velarogverkfaeri.is\/en\/wp-json\/wp\/v2\/product_cat?post=23025"},{"taxonomy":"product_tag","embeddable":true,"href":"https:\/\/velarogverkfaeri.is\/en\/wp-json\/wp\/v2\/product_tag?post=23025"}],"curies":[{"name":"wp","href":"https:\/\/api.w.org\/{rel}","templated":true}]}}