{"id":22978,"date":"2023-04-28T18:02:17","date_gmt":"2023-04-28T18:02:17","guid":{"rendered":"https:\/\/vv-dev.webdev.is\/?post_type=product&#038;p=22978"},"modified":"2026-04-16T11:45:38","modified_gmt":"2026-04-16T11:45:38","slug":"sibes-stormjarn-1236-mp-messing","status":"publish","type":"product","link":"https:\/\/velarogverkfaeri.is\/en\/lykillausnir\/gluggabunadur\/stormjarn-gluggabunadur\/product\/sibes-stormjarn-1236-mp-messing\/","title":{"rendered":"SIBES Stormj\u00e1rn 1236 Messing"},"content":{"rendered":"<p>SIBES 1236 stormj\u00e1rni\u00f0 er tilvali\u00f0 til \u00feess a\u00f0 lofta \u00fat me\u00f0 stillanlegum h\u00e6tti fyrir glugga sem opnast \u00fat. Stillingin \u00e1 opnun er me\u00f0 barna\u00f6ryggi.<\/p>\n<p>Lengd: 160mm<\/p>\n<p>Efni: Messing<\/p>\n<p>Yfirbor\u00f0s\u00e1fer\u00f0: glansmessing (einnig til \u00ed nikkel)<\/p>\n<p>Festingin er pr\u00f3fu\u00f0 og sam\u00feykkt samkv\u00e6mt st\u00f6\u00f0lunum EN16281:2013, SS3587 og K7NT CONS 018<\/p>","protected":false},"excerpt":{"rendered":"<p>Stillanlegt stormj\u00e1rn fyrir glugga sem opnast \u00fat.<\/p>","protected":false},"featured_media":71934,"comment_status":"closed","ping_status":"closed","template":"","meta":[],"product_brand":[],"product_cat":[584,517,650],"product_tag":[882],"class_list":{"0":"post-22978","1":"product","2":"type-product","3":"status-publish","4":"has-post-thumbnail","6":"product_cat-gluggabunadur","7":"product_cat-lykillausnir","8":"product_cat-stormjarn-gluggabunadur","9":"product_tag-sibes","11":"first","12":"instock","13":"taxable","14":"shipping-taxable","15":"purchasable","16":"product-type-simple"},"yoast_head":"<!-- This site is optimized with the Yoast SEO plugin v27.3 - https:\/\/yoast.com\/product\/yoast-seo-wordpress\/ -->\n<title>SIBES Stormj\u00e1rn 1236 Messing - V\u00e9lar &amp; Verkf\u00e6ri<\/title>\n<meta name=\"robots\" content=\"index, follow, max-snippet:-1, max-image-preview:large, max-video-preview:-1\" \/>\n<link rel=\"canonical\" href=\"https:\/\/velarogverkfaeri.is\/en\/lykillausnir\/gluggabunadur\/stormjarn-gluggabunadur\/product\/sibes-stormjarn-1236-mp-messing\/\" \/>\n<meta property=\"og:locale\" content=\"en_US\" \/>\n<meta property=\"og:type\" content=\"article\" \/>\n<meta property=\"og:title\" content=\"SIBES Stormj\u00e1rn 1236 Messing - V\u00e9lar &amp; Verkf\u00e6ri\" \/>\n<meta property=\"og:description\" content=\"Stillanlegt stormj\u00e1rn fyrir glugga sem opnast \u00fat.\" \/>\n<meta property=\"og:url\" content=\"https:\/\/velarogverkfaeri.is\/en\/lykillausnir\/gluggabunadur\/stormjarn-gluggabunadur\/product\/sibes-stormjarn-1236-mp-messing\/\" \/>\n<meta property=\"og:site_name\" content=\"V\u00e9lar &amp; Verkf\u00e6ri\" \/>\n<meta property=\"article:publisher\" content=\"https:\/\/www.facebook.com\/VelarOgVerkfaeri\" \/>\n<meta property=\"article:modified_time\" content=\"2026-04-16T11:45:38+00:00\" \/>\n<meta property=\"og:image\" content=\"https:\/\/velarogverkfaeri.is\/wp-content\/uploads\/2025\/05\/a72d42fe-bedf-4b0c-abda-a6c910f77e40.jpeg\" \/>\n\t<meta property=\"og:image:width\" content=\"486\" \/>\n\t<meta property=\"og:image:height\" content=\"430\" \/>\n\t<meta property=\"og:image:type\" content=\"image\/jpeg\" \/>\n<meta name=\"twitter:card\" content=\"summary_large_image\" \/>\n<script type=\"application\/ld+json\" class=\"yoast-schema-graph\">{\"@context\":\"https:\\\/\\\/schema.org\",\"@graph\":[{\"@type\":\"WebPage\",\"@id\":\"https:\\\/\\\/velarogverkfaeri.is\\\/lykillausnir\\\/gluggabunadur\\\/stormjarn-gluggabunadur\\\/product\\\/sibes-stormjarn-1236-mp-messing\\\/\",\"url\":\"https:\\\/\\\/velarogverkfaeri.is\\\/lykillausnir\\\/gluggabunadur\\\/stormjarn-gluggabunadur\\\/product\\\/sibes-stormjarn-1236-mp-messing\\\/\",\"name\":\"SIBES Stormj\u00e1rn 1236 Messing - V\u00e9lar &amp; Verkf\u00e6ri\",\"isPartOf\":{\"@id\":\"https:\\\/\\\/velarogverkfaeri.is\\\/en\\\/#website\"},\"primaryImageOfPage\":{\"@id\":\"https:\\\/\\\/velarogverkfaeri.is\\\/lykillausnir\\\/gluggabunadur\\\/stormjarn-gluggabunadur\\\/product\\\/sibes-stormjarn-1236-mp-messing\\\/#primaryimage\"},\"image\":{\"@id\":\"https:\\\/\\\/velarogverkfaeri.is\\\/lykillausnir\\\/gluggabunadur\\\/stormjarn-gluggabunadur\\\/product\\\/sibes-stormjarn-1236-mp-messing\\\/#primaryimage\"},\"thumbnailUrl\":\"https:\\\/\\\/velarogverkfaeri.is\\\/wp-content\\\/uploads\\\/2025\\\/05\\\/a72d42fe-bedf-4b0c-abda-a6c910f77e40.jpeg\",\"datePublished\":\"2023-04-28T18:02:17+00:00\",\"dateModified\":\"2026-04-16T11:45:38+00:00\",\"breadcrumb\":{\"@id\":\"https:\\\/\\\/velarogverkfaeri.is\\\/lykillausnir\\\/gluggabunadur\\\/stormjarn-gluggabunadur\\\/product\\\/sibes-stormjarn-1236-mp-messing\\\/#breadcrumb\"},\"inLanguage\":\"en-US\",\"potentialAction\":[{\"@type\":\"ReadAction\",\"target\":[\"https:\\\/\\\/velarogverkfaeri.is\\\/lykillausnir\\\/gluggabunadur\\\/stormjarn-gluggabunadur\\\/product\\\/sibes-stormjarn-1236-mp-messing\\\/\"]}]},{\"@type\":\"ImageObject\",\"inLanguage\":\"en-US\",\"@id\":\"https:\\\/\\\/velarogverkfaeri.is\\\/lykillausnir\\\/gluggabunadur\\\/stormjarn-gluggabunadur\\\/product\\\/sibes-stormjarn-1236-mp-messing\\\/#primaryimage\",\"url\":\"https:\\\/\\\/velarogverkfaeri.is\\\/wp-content\\\/uploads\\\/2025\\\/05\\\/a72d42fe-bedf-4b0c-abda-a6c910f77e40.jpeg\",\"contentUrl\":\"https:\\\/\\\/velarogverkfaeri.is\\\/wp-content\\\/uploads\\\/2025\\\/05\\\/a72d42fe-bedf-4b0c-abda-a6c910f77e40.jpeg\",\"width\":486,\"height\":430},{\"@type\":\"BreadcrumbList\",\"@id\":\"https:\\\/\\\/velarogverkfaeri.is\\\/lykillausnir\\\/gluggabunadur\\\/stormjarn-gluggabunadur\\\/product\\\/sibes-stormjarn-1236-mp-messing\\\/#breadcrumb\",\"itemListElement\":[{\"@type\":\"ListItem\",\"position\":1,\"name\":\"Home\",\"item\":\"https:\\\/\\\/velarogverkfaeri.is\\\/\"},{\"@type\":\"ListItem\",\"position\":2,\"name\":\"Vefverslun\",\"item\":\"https:\\\/\\\/velarogverkfaeri.is\\\/vefverslun\\\/\"},{\"@type\":\"ListItem\",\"position\":3,\"name\":\"SIBES Stormj\u00e1rn 1236 Messing\"}]},{\"@type\":\"WebSite\",\"@id\":\"https:\\\/\\\/velarogverkfaeri.is\\\/en\\\/#website\",\"url\":\"https:\\\/\\\/velarogverkfaeri.is\\\/en\\\/\",\"name\":\"V\u00e9lar & Verkf\u00e6ri\",\"description\":\"Umbo\u00f0s- og heildverslun fr\u00e1 \u00e1rinu 1919\",\"publisher\":{\"@id\":\"https:\\\/\\\/velarogverkfaeri.is\\\/en\\\/#organization\"},\"potentialAction\":[{\"@type\":\"SearchAction\",\"target\":{\"@type\":\"EntryPoint\",\"urlTemplate\":\"https:\\\/\\\/velarogverkfaeri.is\\\/en\\\/?s={search_term_string}\"},\"query-input\":{\"@type\":\"PropertyValueSpecification\",\"valueRequired\":true,\"valueName\":\"search_term_string\"}}],\"inLanguage\":\"en-US\"},{\"@type\":\"Organization\",\"@id\":\"https:\\\/\\\/velarogverkfaeri.is\\\/en\\\/#organization\",\"name\":\"V\u00e9lar & Verkf\u00e6ri\",\"url\":\"https:\\\/\\\/velarogverkfaeri.is\\\/en\\\/\",\"logo\":{\"@type\":\"ImageObject\",\"inLanguage\":\"en-US\",\"@id\":\"https:\\\/\\\/velarogverkfaeri.is\\\/en\\\/#\\\/schema\\\/logo\\\/image\\\/\",\"url\":\"https:\\\/\\\/velarogverkfaeri.is\\\/wp-content\\\/uploads\\\/2021\\\/10\\\/vv_logo_350x100.png\",\"contentUrl\":\"https:\\\/\\\/velarogverkfaeri.is\\\/wp-content\\\/uploads\\\/2021\\\/10\\\/vv_logo_350x100.png\",\"width\":350,\"height\":100,\"caption\":\"V\u00e9lar & Verkf\u00e6ri\"},\"image\":{\"@id\":\"https:\\\/\\\/velarogverkfaeri.is\\\/en\\\/#\\\/schema\\\/logo\\\/image\\\/\"},\"sameAs\":[\"https:\\\/\\\/www.facebook.com\\\/VelarOgVerkfaeri\"]}]}<\/script>\n<!-- \/ Yoast SEO plugin. -->","yoast_head_json":{"title":"SIBES Stormj\u00e1rn 1236 Messing - V\u00e9lar &amp; Verkf\u00e6ri","robots":{"index":"index","follow":"follow","max-snippet":"max-snippet:-1","max-image-preview":"max-image-preview:large","max-video-preview":"max-video-preview:-1"},"canonical":"https:\/\/velarogverkfaeri.is\/en\/lykillausnir\/gluggabunadur\/stormjarn-gluggabunadur\/product\/sibes-stormjarn-1236-mp-messing\/","og_locale":"en_US","og_type":"article","og_title":"SIBES Stormj\u00e1rn 1236 Messing - V\u00e9lar &amp; Verkf\u00e6ri","og_description":"Stillanlegt stormj\u00e1rn fyrir glugga sem opnast \u00fat.","og_url":"https:\/\/velarogverkfaeri.is\/en\/lykillausnir\/gluggabunadur\/stormjarn-gluggabunadur\/product\/sibes-stormjarn-1236-mp-messing\/","og_site_name":"V\u00e9lar &amp; Verkf\u00e6ri","article_publisher":"https:\/\/www.facebook.com\/VelarOgVerkfaeri","article_modified_time":"2026-04-16T11:45:38+00:00","og_image":[{"width":486,"height":430,"url":"https:\/\/velarogverkfaeri.is\/wp-content\/uploads\/2025\/05\/a72d42fe-bedf-4b0c-abda-a6c910f77e40.jpeg","type":"image\/jpeg"}],"twitter_card":"summary_large_image","schema":{"@context":"https:\/\/schema.org","@graph":[{"@type":"WebPage","@id":"https:\/\/velarogverkfaeri.is\/lykillausnir\/gluggabunadur\/stormjarn-gluggabunadur\/product\/sibes-stormjarn-1236-mp-messing\/","url":"https:\/\/velarogverkfaeri.is\/lykillausnir\/gluggabunadur\/stormjarn-gluggabunadur\/product\/sibes-stormjarn-1236-mp-messing\/","name":"SIBES Stormj\u00e1rn 1236 Messing - V\u00e9lar &amp; Verkf\u00e6ri","isPartOf":{"@id":"https:\/\/velarogverkfaeri.is\/en\/#website"},"primaryImageOfPage":{"@id":"https:\/\/velarogverkfaeri.is\/lykillausnir\/gluggabunadur\/stormjarn-gluggabunadur\/product\/sibes-stormjarn-1236-mp-messing\/#primaryimage"},"image":{"@id":"https:\/\/velarogverkfaeri.is\/lykillausnir\/gluggabunadur\/stormjarn-gluggabunadur\/product\/sibes-stormjarn-1236-mp-messing\/#primaryimage"},"thumbnailUrl":"https:\/\/velarogverkfaeri.is\/wp-content\/uploads\/2025\/05\/a72d42fe-bedf-4b0c-abda-a6c910f77e40.jpeg","datePublished":"2023-04-28T18:02:17+00:00","dateModified":"2026-04-16T11:45:38+00:00","breadcrumb":{"@id":"https:\/\/velarogverkfaeri.is\/lykillausnir\/gluggabunadur\/stormjarn-gluggabunadur\/product\/sibes-stormjarn-1236-mp-messing\/#breadcrumb"},"inLanguage":"en-US","potentialAction":[{"@type":"ReadAction","target":["https:\/\/velarogverkfaeri.is\/lykillausnir\/gluggabunadur\/stormjarn-gluggabunadur\/product\/sibes-stormjarn-1236-mp-messing\/"]}]},{"@type":"ImageObject","inLanguage":"en-US","@id":"https:\/\/velarogverkfaeri.is\/lykillausnir\/gluggabunadur\/stormjarn-gluggabunadur\/product\/sibes-stormjarn-1236-mp-messing\/#primaryimage","url":"https:\/\/velarogverkfaeri.is\/wp-content\/uploads\/2025\/05\/a72d42fe-bedf-4b0c-abda-a6c910f77e40.jpeg","contentUrl":"https:\/\/velarogverkfaeri.is\/wp-content\/uploads\/2025\/05\/a72d42fe-bedf-4b0c-abda-a6c910f77e40.jpeg","width":486,"height":430},{"@type":"BreadcrumbList","@id":"https:\/\/velarogverkfaeri.is\/lykillausnir\/gluggabunadur\/stormjarn-gluggabunadur\/product\/sibes-stormjarn-1236-mp-messing\/#breadcrumb","itemListElement":[{"@type":"ListItem","position":1,"name":"Home","item":"https:\/\/velarogverkfaeri.is\/"},{"@type":"ListItem","position":2,"name":"Vefverslun","item":"https:\/\/velarogverkfaeri.is\/vefverslun\/"},{"@type":"ListItem","position":3,"name":"SIBES Stormj\u00e1rn 1236 Messing"}]},{"@type":"WebSite","@id":"https:\/\/velarogverkfaeri.is\/en\/#website","url":"https:\/\/velarogverkfaeri.is\/en\/","name":"V\u00e9lar & Verkf\u00e6ri","description":"Umbo\u00f0s- og heildverslun fr\u00e1 \u00e1rinu 1919","publisher":{"@id":"https:\/\/velarogverkfaeri.is\/en\/#organization"},"potentialAction":[{"@type":"SearchAction","target":{"@type":"EntryPoint","urlTemplate":"https:\/\/velarogverkfaeri.is\/en\/?s={search_term_string}"},"query-input":{"@type":"PropertyValueSpecification","valueRequired":true,"valueName":"search_term_string"}}],"inLanguage":"en-US"},{"@type":"Organization","@id":"https:\/\/velarogverkfaeri.is\/en\/#organization","name":"V\u00e9lar & Verkf\u00e6ri","url":"https:\/\/velarogverkfaeri.is\/en\/","logo":{"@type":"ImageObject","inLanguage":"en-US","@id":"https:\/\/velarogverkfaeri.is\/en\/#\/schema\/logo\/image\/","url":"https:\/\/velarogverkfaeri.is\/wp-content\/uploads\/2021\/10\/vv_logo_350x100.png","contentUrl":"https:\/\/velarogverkfaeri.is\/wp-content\/uploads\/2021\/10\/vv_logo_350x100.png","width":350,"height":100,"caption":"V\u00e9lar & Verkf\u00e6ri"},"image":{"@id":"https:\/\/velarogverkfaeri.is\/en\/#\/schema\/logo\/image\/"},"sameAs":["https:\/\/www.facebook.com\/VelarOgVerkfaeri"]}]}},"_links":{"self":[{"href":"https:\/\/velarogverkfaeri.is\/en\/wp-json\/wp\/v2\/product\/22978","targetHints":{"allow":["GET"]}}],"collection":[{"href":"https:\/\/velarogverkfaeri.is\/en\/wp-json\/wp\/v2\/product"}],"about":[{"href":"https:\/\/velarogverkfaeri.is\/en\/wp-json\/wp\/v2\/types\/product"}],"replies":[{"embeddable":true,"href":"https:\/\/velarogverkfaeri.is\/en\/wp-json\/wp\/v2\/comments?post=22978"}],"wp:featuredmedia":[{"embeddable":true,"href":"https:\/\/velarogverkfaeri.is\/en\/wp-json\/wp\/v2\/media\/71934"}],"wp:attachment":[{"href":"https:\/\/velarogverkfaeri.is\/en\/wp-json\/wp\/v2\/media?parent=22978"}],"wp:term":[{"taxonomy":"product_brand","embeddable":true,"href":"https:\/\/velarogverkfaeri.is\/en\/wp-json\/wp\/v2\/product_brand?post=22978"},{"taxonomy":"product_cat","embeddable":true,"href":"https:\/\/velarogverkfaeri.is\/en\/wp-json\/wp\/v2\/product_cat?post=22978"},{"taxonomy":"product_tag","embeddable":true,"href":"https:\/\/velarogverkfaeri.is\/en\/wp-json\/wp\/v2\/product_tag?post=22978"}],"curies":[{"name":"wp","href":"https:\/\/api.w.org\/{rel}","templated":true}]}}