{"id":22954,"date":"2023-04-28T18:01:19","date_gmt":"2023-04-28T18:01:19","guid":{"rendered":"https:\/\/vv-dev.webdev.is\/?post_type=product&#038;p=22954"},"modified":"2026-01-12T12:15:48","modified_gmt":"2026-01-12T12:15:48","slug":"bahco-rortong-nr-141-45mm-1","status":"publish","type":"product","link":"https:\/\/velarogverkfaeri.is\/en\/verkfaeralausnir\/handverkfaeri\/pipulagningarverkfaeri\/product\/bahco-rortong-nr-141-45mm-1\/","title":{"rendered":"BAHCO R\u00f6rt\u00f6ng 141 1&#8243;"},"content":{"rendered":"<p><img decoding=\"async\" src=\"data:image\/png;base64,iVBORw0KGgoAAAANSUhEUgAAAeMAAAD1CAYAAABjj50KAAAAAXNSR0IArs4c6QAAAARnQU1BAACxjwv8YQUAAAAJcEhZcwAADsMAAA7DAcdvqGQAABmUSURBVHhe7d3faxT3\/sfxV79\/QxPbJl+0bVgUf32\/7bG1VNoLJRFiSy2UFAmIi\/3m5qReyEmRGgnGIg30os256LaeFSGIoVAPrQE3JBctlnr0\/Kgxoiw5baRJbTa99zLfz2fmM7uzPxI3p5v9RPN8wJidmZ39ATPzmvfn85n1sQVDAADAm\/9yfwEAgCeEMQAAnhHGAAB4RhgDAOAZYQwAgGeEMQAAnhHGAAB4RhgDAOAZYQwAgGcVwviWUvvf1uuLTmlNuGdOpMJlqRtuQVVyGnnPbndCIzm3qGrus6Vuufkq5UbVY7d7b1RzblH42QvfBQAAXxavjBNJfX7xgr4qm5LaFjwhp59\/DB7o3zPLSdV5zWTt36xm7gULVt69Gd2xf7Mz+TAGAGC1+B3N1I1q\/zAM6IH2RresGpvV5YK9a7tbtNK2J0suJAAAWD3oMwYAwLPfFcZzIyfK+35vpIN+5EpT1Ldc1l8bbBPOR\/3Q4VRln27UJ7zodlX2Nec\/e3z70j70ku8bvHe4LP7Zl9ePDgBYy2pbGdsw6xvVxsOfuGbhT9SVCFfZZUs3S4\/quAmxoWa3bSqpjXZZbNBVJcEFQVdayr\/nBZ3aa19rmQPEbKiaz669veY1XHN2ELT9Gsn3n9vvk1Wqq\/S17bK3dVx22\/Az1K0JHgDw0Fs8jLNpvZOvBt30oGCcmQ4Gfh3N9yE3qv2oDVXp2eYH9yu398X6nxtbdfSwSfLsFf190VC9pb+eyQZBH++33tYVhuY316tNY1P9mkC\/Y0O3a7NbZpjPMGDD9cNWrQsXuO9T4bVtiMe3BQCgSouHcaXR1PlQqmxd84YgxP8aa6Kdu35Fd5RQ85NuwTIEr7eUG3\/TiPlz58y7xRcN+99VKmuWz8yHz1uSvdXKVb8P+H6BxiY96x7GbWxucI8AAFie2jZTbzeBZqrZkb5CML5jKtf2vpNa1oDrZbIVddFFQzQ9sFK1zdk2uBPqOrp4EBf3Y5vgdssBAKiF2oZx0GwsdaWKQ3HF+k+fbA6awP9zrTqV7weuMFjMDeg6ftmEdf479ardrQYAoBZqPIDLNhvX8cc8XJPxyPml+7KXZu+XtgFrq+TiQJ64Ouqa61e2sgcArG01bqbeF4yejjdTR1PPsoY2V2uzuvpaw8FmscFl4S1Xy3lP+0MkLpBjr7Ou2Q4gi\/WBR6Or3SwAALWweBhXGk0dTIvf+zuRelcplQ78Cm9vunPmz8u71aha9te17G1Qsc8b9lNf0NEd7jlVMYGcf53w1qV17X8svrj4SDoau10LAIBaeGzBcI9\/J\/vjGP2SCcGyPuLg\/uNpE3Y09wIAUKqGzdQNsq26I30lP4jhfghEezsIYgAAKqhhZRyytwEdv+xmHNtkzC9SAQBQWc3DGAAALE+N7zMGAADLRRgDAOAZYQwAgGeEMQAAnhHGAAB4RhgDAOAZYQwAgGeEMQAAnhHGAAB4RhgDAOAZYQwAgGeEMQAAnhHGAAB4RhgDAOAZYQwAgGeEMQAAnhHGAAB4RhgDAOAZYQwAgGePLRjuceD+\/fvuEQAAqAcqYwAAPCOMAQDwjDAGAMAzwhgAAM8IYwAAPCOMAQDwjDAGAMAzwhgAAM8IYwAAPCOMAQDwjDAGAMAzwhgAAM8IYwAAPCOMAQDwrOb\/hWIu84G6z025OWNPj4aTm9zMbaXTUjI\/Dzy6JtOH1D\/dqcGTu9XolpUdH0bbsbNKbnUzANak2obxzSF1nJZ6z3dqS7BgXpkTn0nd76utwa2\/\/nwsnGsnOPGN2UctSrSYk93LA+oP3hSovyB0v5MS2qnuWBjb\/fTaDsIXQLGaNlNPXh83lfDzLoitBrWddEFs5H65Gz5YAVuSZzV4sMU8mlLWZPHTTxHE8MRcdHafW6\/et9Yr6xaF5jU73aKmJ9wsADg1DePGJhOGY18qM+8WxNiKIGieGxtQx4FD6kjfdmts9Wzm7TIz9dqN58fV6+Y7Dgxp0j3TVht2O\/tawboT48q5dfZ1ck\/9n4bPn9Xwx5366XRhO6Bu7L57+q6SZh8sXJRGftNscQv1osr29eA4KD5W0jfdk233z4EPlLlZOG6C48i2RLn54mMFwGpT4z5je1IYUMbNFfcXu6a72TeLlhU320Xbt5iTWaxp+4sng343uf628j42e5LqUTo60e3pVHJ6SLNv0RyIegr3X0X7Z2zfDZqpbVAfGSqqlhfrL476lqP1pfPBa+e7hNxx0xL1T5fOh8fHFbpugFWrxqOpNylpK9PzPWqzs0EVvHSFapuXCyejTXphj\/mz581807a2Pq+2qav6V1RtmxPMvqKTlwviDSb4g\/c20457QTD\/9EuFEh1YIZPpAf10cKBiuAYadqs\/2kftFLTgxCvcErF9vfGp9ebf3Xoheu0nnlRCdzUb28Xb3or6ph+XbaRKvLzNzTeoaYOUnf0tmAOw+qzQrU3xUB7XtcVONk6hKc4NwoqasoMpVmlXMj+hK1Omkn4tNihsa6d6bagD9WKq3mGz72bP9RT23dPj0tSQus3jioFrwrnD7KeZ61GXDYC1aoXvMw6v0BcX9oENNw3kqwUboglTXeSrh2AqDAKrjh0owyAu1FFp1WunY7uD6nbQPF60WgYAo4ZhHAZrUQVwM6P0VKxprUw4oKUQmrd1LaguPisaBJabX6K5OaguppT+OlZdPPB9AQ9uDpUcH0PqHytp1QGwJtUujOd\/U9NbYR9YoZkufs+x1PjcTiWiJuhgdOcm7TvYokx+m3\/oBVtRfLxTV45Eyw5pcDBTcYR2ZEtyQMnpWNN2yfsC\/pmL1V\/Mn7LjY7mtPgAeRTX\/BS4AALA8K9xnDAAAHoQwBgDAM8IYAADPCGMAADwjjAEA8IwwBgDAM8IYAADPCGMAADwjjAEA8IwwBgDAM8IYAADPCGMAADwjjAEA8IwwBgDAs7L\/QhEAANQXlTEAAJ4RxgAAeEYYAwDgGWEMAIBnhDEAAJ4RxgAAeEYYAwDgGWEMAIBnhDEAAJ4RxgAAeEYYAwDgGWEMAIBnhDEAAJ4RxgAAeFbzMJ4bOaHX979dmFK33BrrllJF88CjaSJl9v33RjXn5kvZ9T0jOelGesnnAVgbahvG5sTyzpkNOnXxgr4Kpk\/U9eOw7DknXP83jbiHtRac\/IILgBPqec+d6IC6y2nE7H\/HL7tZAKhCTcN44uqotPdFbXPzUqPaPzyp9sZwbm5mOnywArZ1XdDnhxPmUVZ3stKzze5Ngbq5pdT+d5V6pldf9bW6ZZWta06E++iTzdr4TJPWueUA1qbHFgz3+HezTdTvnJG6UoUAjtjKtaha2GtOWF2bzQNbSZgTmAlQa+PhTzSw4wf1dKV1J1jSairtZBDwwevPdOiU+sPXSiT1+Yet7kSW08QNE8rbzRvnRs32M+p02wF1kctprrEx3B9t8\/P55tj+CQCLq2kYh5VBf6EpOh+4oShM48tsSH+\/84K6ttu5aPtEIdBjJzUFYZ9Ve1\/0\/EhxoGtvUl0\/pjVzoPR5QJ0QxgCWocYDuDarK+gr7lW7nb3cr9f3pzURrKvMNi8XAnOzXtpr\/uztKFTW219Ue\/aK\/h51AZtq+I1KQWybBqO+6p0zQTD\/e4Z+YwDA6rdCtzbFQ3lU399wixdRGHzlmrKDEI+WxSrtSnI\/6JusqaT3F6ptbU\/qlA11AAAeAisUxpEGNdsxVYsKR54ONX+Sr2ptiNp+43yVG0zlfdBLy+nnHxnEBQB4ONQwjMNgTcWr4BuXlMq26qVF+23nNVM08vmWvjeV8Z0zfy7cDmXM5ZZobm5sVeferFIXY\/cvP\/B9AQBYPWo3gCt3SxP3ZjXUF42CtgojoQPBKGe33o2EjgZlhdzz488zNiZa9erRpP5w3Tz3210VBsWUDOAqfV+gTsI7CvI7Yqho1D8AlKvxaGoAALBcK9xnDAAAHoQwBgDAM8IYAADPCGMAADwjjAEA8IwwBgDAM8IYAADPCGMAADwjjAEA8IwwBgDAM8IYAADPCGMAADwjjAEA8IwwBgDAs7L\/QvH+\/fvuEQAAqAcqYwAAPCOMAQDwjDAGAMAzwhgAAM8IYwAAPCOMAQDwjDAGAMAzwhgAAM8IYwAAPCOMAQDwjDAGAMAzwhgAAM8IYwAAPCOMAQDwrLb\/heLNIXWclnrPd2qLW+TDZPqQ+tWj4eQmtwSok\/lx9R4ZUtbNqqVTgyd3q9HNlq5PHBxQf1uDm7NuK31gQBk3pz3sx8BaQGUM1IoL2qePndXweTsNKKkhdadvx9Zf1a6Po\/U9evpcj3oz8+F6zStzYkA\/mYAO159VrwbUEW0P4JFFGAM1kvvnVWVNJZvc6haoQf\/7cos0\/YtyZi5c\/6YKhfAm7TvYouzsb+HszYzS6lR3rFLe8lqnEmNfKp\/XAB5JdQ3jXOYDdRw45KYhTbrlQcVg520zd6X1QdNdtLww5SuKku2uhUuBumpse7+kSXle\/\/puSm1vhc3U5evNMTE75R5Jk9fHpQ1PFZq0rYZt2tUypSv\/LE7j4FgyFbPtkon2+8mgso7mDyl90z05OH4+UOamPc7CdcGxEz9uTowHFwwA\/KhbGNuTR\/e59ep1zW\/Dx6T+ohPAuPqvP++a5waUbDHzrnluMl3SdLcn1tdmg\/z0uNryTYPPS2PBZoAnUSj26MrLZl\/OV8olzL47bPbVth2FgE40Pe4eVWFsQNd2hPv94MG76jfvN\/uWOw6O7VbmdPyCdkrpL6Tu4BgJm8c7vnhSg8F82Jw+SPkNeFOnMHYVwrHYwK6tbeYEcFX\/yh\/\/LUq+Fp2U4s1785qddosrKG8a3KQXTFgD\/jSo7WQYcru+M6FXsc\/XVKtHhiRzUbloWD9IS6f2uW0bn1pv\/t2tF6LXeuJJJXRXs7F8jSp06XE1mcMr8fI2N9+gpg0qNJcDqLs6hfFvsq1xmdOuSSyYepSemtLsr+4pi7InNndSc9v2Txf61eLNfMDqYvZdE4Aa+0esQrXciGlzEVk8kppABNaqOoVxeCVeaEouTNVUBbnMZ0FzX367+K0iwKoQNk0XRkYvphDEpf3HW3aY4HaDvfLmJ3RlqkW7nisObQCPljqFcdjsnPmieJBIbr66PqrG53ZKto8rX1WbyfU3Byew+GhT1w8H1FdYBWfPfRYb+WwC2uzziYNtrntm8SAOBF03xX23k18PlYzABvAoWoEwHld\/PDTNZKsFO5J08OWr6o4tHxzMVHHLhu1bu6eOWDVtB6C0TQ3pkh0turVTgwdlnuNed1DqOGjKcKDezL44fGx9YV90A7jCpujwHuLgxzzGBvLHQDhFA61sl4wbXOXW8eM1wNpQ21\/gWgn5H0p4v1AdBMtsQPv9pS8AAGph9YexFfzM5ribsXZ7\/8lNAABq5eEIYwAAHmF1GsAFAAAWQxgDAOAZYQwAgGeEMQAAnhHGAAB4RhgDAOAZYQwAgGeEMQAAnhHGAAB4RhgDAOAZYQwAgGeEMQAAnpX9RxEAAKC+qIwBAPCMMAYAwDPCGAAAzwhjAAA8I4wBAPCMMAYAwDPCGAAAzwhjAAA8I4wBAPCMMAYAwDPCGAAAzwhjAAA8I4wBAPCMMAYAwLOVCePcqHr2v63X49N7o5pzq4FHUqX9fv8JjeTcemciZZenNeGe31P6hIpuKZW65R5Hchp5z7yWPbZupIP3S91wq2ol+Izl30Hu\/V4v+0z\/iUrfDVhbav7\/GdsTzfHLCXWlTqq90S005kZO6J1vd+nzD1u1zi1bNnti6Errjnm4MZHQnewGnbqY1LZwLeBXsH9e0auxfT\/Y78\/UYD+14Xf1RX3VtdktqJMK3yk6DnX4Ew3ED\/L\/lK\/vBqwita2MzUFVKYitde0n9dXvCWKrsVUDF3vVbh7eyWalRPPvez1gha1r7zD766i+\/50V69zMtHvkm6nGPzIXxHt7axPExur5boA\/NQ3jiauj0l5z8qnmGA2av6KmvHjz2i2lbLPYjcL6oqY38\/ilixf0lZlOPZPWR1U18QGrh62Wo\/2+dP+2LUs9I7fC5me7PnUrWPbOGXPxebk\/vywSNnlHU7w5ufw4Km0yL97WTQ\/oTppIvauUkvq8tIqNmq3dtOR3MlPUNL\/UdwPWFNtMXRtzC5d6Ohb+dGnOzS9hLrPwpzc6Fj79wc0vTC58+kbvQripfdyx8FpPZuHXYF3MD39ZeM2uCybz\/EtmvtLzAB+C\/Traj0M3Pi3el3+91Gv23b8s3HDzpcdC8PyS17CC7T6ddHOh0tcOj4\/Fj6Oi59vnlm4bn4\/EvlPZZ8+z71X6nQrzZd+p6HNW\/m7AWrPyo6njFbC76p67fiVo5uraHj5F2qw3DkvfXC9ctrcfKGnStlfefdPqSoVV8VcX\/yh9ayrx7AwDw7CKZJXqKlSAx9Ub657J6e\/fZtXeF+s\/bmxV515p5GqsIqyqdemWvrddQkdjx8n2fepKZBc9jrbtbM0fL8trGg6\/k61gNx7eV6Hve7O64n3ijU16VtP6OVaFF32n7S+q3bzmzD03D6CWzdSN+u9npDsz827eCfp5TXj2mROBMzcTa5Zykz3Qy7aNKW8Cb1T70aQ2ujlgdbBjJuzF4icmGN2ivHnZXb\/UumbzxB9nl3dRmZvVv93DgkWOwQrsGI7PX7mid6Jj0F7oxoO9iPtOqaR05t1FRn\/bZvHoeO7XiFsKoDo1rYyDK+\/Lw+W3QZQITj6mMg4r3Ni03NGU92Z0h0FcWJXcxaK56Cz0nzbI7vqlgovTZ5qWtx8H1WepnH7+UdrY3ODml5Ab1Uf27ob88Vc+6LKMvbCuFMhB69ewmvOtVuEgSwDVq20z9fakTu21TVrl9yXGm8XW7dhlTlIloZ3LLVkZbNtvT2zxbXIaOT+qja\/8D2GM1cmGV1+rRvqi46FRf3glYebTmgieYJggG7oste9c7m09m\/WSPdY+ig24unFJqWxCr+6oYgRl4\/\/oVaULlXEwlR+3ZSoFcnBRvEt\/iN72xt+ojIFlqnmf8bYuc2Wc2qVvYv1mdgrutYz6zoIDuuQ5H\/1Zf13qTBCc2DbE+uPe1Tev1Og+R2Cl5C9QwxHGQfPw4Wkdj\/b7rrSe7bsQGz9RWXgB67p23NgLe6zZOwqKmpor3FZYiR0VPXMgqmTDKficF6sYzRwL5OCz2L7qeLBfba7QRL+4St8NWGtq\/qMfAFY7+8tdpRez4TIb0A+6MABQe4QxsCbZAVfFA63aq6jQAawMwhgAAM9W\/j5jAACwJMIYAADPCGMAADwjjAEA8IwwBgDAM8IYAADPCGMAADwjjAEA8IwwBgDAM8IYAADPCGMAADwjjAEA8KzsP4q4f\/++ewQAAOqByhgAAM8IYwAAPCOMAQDwjDAGAMAzwhgAAM8IYwAAPCOMAQDwjDAGAMAzwhgAAM8IYwAAPCOMAQDwjDAGAMAzwhgAAM8IYwAAPKvtf6E4P67eI1e16+P31dbglvmymj4L1oxc5gN1n5tyc6G2Y2eV3CpNpg+pf8wtLNKiZLSfBvvtkLLhitCeHg0nN7kZAI8iwhioIRu413aE4VuNILy\/26nBk7vVaBfcHFLH9ecJX2CNWYFm6imljxxSx4Fo+kCZebcKeKTNa3a6RU1PuNkHuq1Lpopue8sFsZH75a4STY+7OQBrxQqEsW1yO6vh8246tt6Esw3keWVOmHBO33bPc2wlcGBIk+ahrSp6M7fD57kw740lua0iCiEfTeG29kRYtN3X94KlQP38ptniFuol5TJfKtPSqX2xKjpX9QvcVrroOHD7PVe+wENp5QdwbW1TsmVKV\/4ptXV3KjFmTkD584UJ0C\/G1XasU1vckuy5L6XuKMh3m\/nPwufPj2vw3Hr1RiH\/sXkt7Tbz4baT6R6l1alBt7676W5xvxuw0uZ\/0U8lLUPpm25dmfKqOKys7THQUwjY0otXZzI9oJ8ODuQvenv3SAkz30+fDPBQqu9o6obd6thjg9ml8c2M0lO79UK8f23Pm4U+3q3Pq82c3GZ\/NY9\/vbdEuN7WtTFTkXcXTmyNz+00YQ3Ukdm\/+104RheMP52uHMiVqmLzAmo7Gdv+\/ICS0wMVAjkMbQCPjhUP41zmMxO4Ldr1XJiwW3bYajcTNktfHzdX8235qnhJWztNpSz1RxXDkSE9HVXUQUUCrDLBxaeUuV4appWq4kpMOJvnaOwfrismYkN7QLu+K1TQ\/dOd6qYqBh5aKz6AqztoWo6NaA6arcc1nB7S8Jg5WVV9Armt9GkVmqnNVO2IVWA1qVwVL4+9yL3ycqGZejgajQ3gobTyA7hcn25BeLWfHRuXqq2KA5v0wp7xQmXspqAJsGGbdrWYi4CvCxXI5Ncl92oCK+3mUHGTtJnvt90nr8VvU1qqKjYXnEVN0vYCtHLrke2GUbxv2U4nxpVz6wE8XOrbZxwJ+oILTdfVsCOph5tilYCZBg+2BAPAckGzXY\/axgbyJ6ZrO8y82xZYefPK\/GL+nI6FY9CSE7\/P3Y74H1i0Ks4FL1DYhzsODEjHzlYYlGVC+sg9dcSOheHzZn+fGtKlRQeMAVjNavujH1UKfuhg9s1l\/bBB8OtFKv4lIrvMBjQjSLGmVPpBm2CZDejSligAD4P6h7G9r\/j03cLP\/1XNVhU9Ssduw+RWDqxZwXE07maswm1+AB4+XipjAABQ4KfPGAAA5BHGAAB4RhgDAOAZYQwAgGeEMQAAnhHGAAB4RhgDAOAZYQwAgGeEMQAAnhHGAAB4RhgDAOCV9P9culDBXmJ6rgAAAABJRU5ErkJggg==\" alt=\"\"><\/p>","protected":false},"excerpt":{"rendered":"<p><span style=\"color: rgb(77, 80, 87); font-family: Lato, Arial; font-size: 16px;\">Tveggja handfanga t\u00f6ng.<\/span><br style=\"margin: 0px; outline: none; padding: 0px; color: rgb(77, 80, 87); font-family: Lato, Arial; font-size: 16px;\"><span style=\"color: rgb(77, 80, 87); font-family: Lato, Arial; font-size: 16px;\">Lengd: 320mm<\/span><br style=\"margin: 0px; outline: none; padding: 0px; color: rgb(77, 80, 87); font-family: Lato, Arial; font-size: 16px;\"><span style=\"color: rgb(77, 80, 87); font-family: Lato, Arial; font-size: 16px;\">Geta: 45mm<\/span><\/p>","protected":false},"featured_media":32433,"comment_status":"closed","ping_status":"closed","template":"","meta":[],"product_brand":[],"product_cat":[588,774,515],"product_tag":[1024],"class_list":{"0":"post-22954","1":"product","2":"type-product","3":"status-publish","4":"has-post-thumbnail","6":"product_cat-handverkfaeri","7":"product_cat-pipulagningarverkfaeri","8":"product_cat-verkfaeralausnir","9":"product_tag-bahco","11":"first","12":"instock","13":"taxable","14":"shipping-taxable","15":"purchasable","16":"product-type-simple"},"yoast_head":"<!-- This site is optimized with the Yoast SEO plugin v27.3 - https:\/\/yoast.com\/product\/yoast-seo-wordpress\/ -->\n<title>BAHCO R\u00f6rt\u00f6ng 141 1&quot; - V\u00e9lar &amp; Verkf\u00e6ri<\/title>\n<meta name=\"robots\" content=\"index, follow, max-snippet:-1, max-image-preview:large, max-video-preview:-1\" \/>\n<link rel=\"canonical\" href=\"https:\/\/velarogverkfaeri.is\/en\/verkfaeralausnir\/handverkfaeri\/pipulagningarverkfaeri\/product\/bahco-rortong-nr-141-45mm-1\/\" \/>\n<meta property=\"og:locale\" content=\"en_US\" \/>\n<meta property=\"og:type\" content=\"article\" \/>\n<meta property=\"og:title\" content=\"BAHCO R\u00f6rt\u00f6ng 141 1&quot; - V\u00e9lar &amp; Verkf\u00e6ri\" \/>\n<meta property=\"og:description\" content=\"Tveggja handfanga t\u00f6ng.Lengd: 320mmGeta: 45mm\" \/>\n<meta property=\"og:url\" content=\"https:\/\/velarogverkfaeri.is\/en\/verkfaeralausnir\/handverkfaeri\/pipulagningarverkfaeri\/product\/bahco-rortong-nr-141-45mm-1\/\" \/>\n<meta property=\"og:site_name\" content=\"V\u00e9lar &amp; Verkf\u00e6ri\" \/>\n<meta property=\"article:publisher\" content=\"https:\/\/www.facebook.com\/VelarOgVerkfaeri\" \/>\n<meta property=\"article:modified_time\" content=\"2026-01-12T12:15:48+00:00\" \/>\n<meta property=\"og:image\" content=\"https:\/\/velarogverkfaeri.is\/wp-content\/uploads\/2023\/06\/30a10299-40bd-4f3a-ab4d-ae419d6a5c10.png\" \/>\n\t<meta property=\"og:image:width\" content=\"800\" \/>\n\t<meta property=\"og:image:height\" content=\"600\" \/>\n\t<meta property=\"og:image:type\" content=\"image\/png\" \/>\n<meta name=\"twitter:card\" content=\"summary_large_image\" \/>\n<script type=\"application\/ld+json\" class=\"yoast-schema-graph\">{\"@context\":\"https:\\\/\\\/schema.org\",\"@graph\":[{\"@type\":\"WebPage\",\"@id\":\"https:\\\/\\\/velarogverkfaeri.is\\\/verkfaeralausnir\\\/handverkfaeri\\\/pipulagningarverkfaeri\\\/product\\\/bahco-rortong-nr-141-45mm-1\\\/\",\"url\":\"https:\\\/\\\/velarogverkfaeri.is\\\/verkfaeralausnir\\\/handverkfaeri\\\/pipulagningarverkfaeri\\\/product\\\/bahco-rortong-nr-141-45mm-1\\\/\",\"name\":\"BAHCO R\u00f6rt\u00f6ng 141 1\\\" - V\u00e9lar &amp; Verkf\u00e6ri\",\"isPartOf\":{\"@id\":\"https:\\\/\\\/velarogverkfaeri.is\\\/en\\\/#website\"},\"primaryImageOfPage\":{\"@id\":\"https:\\\/\\\/velarogverkfaeri.is\\\/verkfaeralausnir\\\/handverkfaeri\\\/pipulagningarverkfaeri\\\/product\\\/bahco-rortong-nr-141-45mm-1\\\/#primaryimage\"},\"image\":{\"@id\":\"https:\\\/\\\/velarogverkfaeri.is\\\/verkfaeralausnir\\\/handverkfaeri\\\/pipulagningarverkfaeri\\\/product\\\/bahco-rortong-nr-141-45mm-1\\\/#primaryimage\"},\"thumbnailUrl\":\"https:\\\/\\\/velarogverkfaeri.is\\\/wp-content\\\/uploads\\\/2023\\\/06\\\/30a10299-40bd-4f3a-ab4d-ae419d6a5c10.png\",\"datePublished\":\"2023-04-28T18:01:19+00:00\",\"dateModified\":\"2026-01-12T12:15:48+00:00\",\"breadcrumb\":{\"@id\":\"https:\\\/\\\/velarogverkfaeri.is\\\/verkfaeralausnir\\\/handverkfaeri\\\/pipulagningarverkfaeri\\\/product\\\/bahco-rortong-nr-141-45mm-1\\\/#breadcrumb\"},\"inLanguage\":\"en-US\",\"potentialAction\":[{\"@type\":\"ReadAction\",\"target\":[\"https:\\\/\\\/velarogverkfaeri.is\\\/verkfaeralausnir\\\/handverkfaeri\\\/pipulagningarverkfaeri\\\/product\\\/bahco-rortong-nr-141-45mm-1\\\/\"]}]},{\"@type\":\"ImageObject\",\"inLanguage\":\"en-US\",\"@id\":\"https:\\\/\\\/velarogverkfaeri.is\\\/verkfaeralausnir\\\/handverkfaeri\\\/pipulagningarverkfaeri\\\/product\\\/bahco-rortong-nr-141-45mm-1\\\/#primaryimage\",\"url\":\"https:\\\/\\\/velarogverkfaeri.is\\\/wp-content\\\/uploads\\\/2023\\\/06\\\/30a10299-40bd-4f3a-ab4d-ae419d6a5c10.png\",\"contentUrl\":\"https:\\\/\\\/velarogverkfaeri.is\\\/wp-content\\\/uploads\\\/2023\\\/06\\\/30a10299-40bd-4f3a-ab4d-ae419d6a5c10.png\",\"width\":800,\"height\":600},{\"@type\":\"BreadcrumbList\",\"@id\":\"https:\\\/\\\/velarogverkfaeri.is\\\/verkfaeralausnir\\\/handverkfaeri\\\/pipulagningarverkfaeri\\\/product\\\/bahco-rortong-nr-141-45mm-1\\\/#breadcrumb\",\"itemListElement\":[{\"@type\":\"ListItem\",\"position\":1,\"name\":\"Home\",\"item\":\"https:\\\/\\\/velarogverkfaeri.is\\\/\"},{\"@type\":\"ListItem\",\"position\":2,\"name\":\"Vefverslun\",\"item\":\"https:\\\/\\\/velarogverkfaeri.is\\\/vefverslun\\\/\"},{\"@type\":\"ListItem\",\"position\":3,\"name\":\"BAHCO R\u00f6rt\u00f6ng 141 1&#8243;\"}]},{\"@type\":\"WebSite\",\"@id\":\"https:\\\/\\\/velarogverkfaeri.is\\\/en\\\/#website\",\"url\":\"https:\\\/\\\/velarogverkfaeri.is\\\/en\\\/\",\"name\":\"V\u00e9lar & Verkf\u00e6ri\",\"description\":\"Umbo\u00f0s- og heildverslun fr\u00e1 \u00e1rinu 1919\",\"publisher\":{\"@id\":\"https:\\\/\\\/velarogverkfaeri.is\\\/en\\\/#organization\"},\"potentialAction\":[{\"@type\":\"SearchAction\",\"target\":{\"@type\":\"EntryPoint\",\"urlTemplate\":\"https:\\\/\\\/velarogverkfaeri.is\\\/en\\\/?s={search_term_string}\"},\"query-input\":{\"@type\":\"PropertyValueSpecification\",\"valueRequired\":true,\"valueName\":\"search_term_string\"}}],\"inLanguage\":\"en-US\"},{\"@type\":\"Organization\",\"@id\":\"https:\\\/\\\/velarogverkfaeri.is\\\/en\\\/#organization\",\"name\":\"V\u00e9lar & Verkf\u00e6ri\",\"url\":\"https:\\\/\\\/velarogverkfaeri.is\\\/en\\\/\",\"logo\":{\"@type\":\"ImageObject\",\"inLanguage\":\"en-US\",\"@id\":\"https:\\\/\\\/velarogverkfaeri.is\\\/en\\\/#\\\/schema\\\/logo\\\/image\\\/\",\"url\":\"https:\\\/\\\/velarogverkfaeri.is\\\/wp-content\\\/uploads\\\/2021\\\/10\\\/vv_logo_350x100.png\",\"contentUrl\":\"https:\\\/\\\/velarogverkfaeri.is\\\/wp-content\\\/uploads\\\/2021\\\/10\\\/vv_logo_350x100.png\",\"width\":350,\"height\":100,\"caption\":\"V\u00e9lar & Verkf\u00e6ri\"},\"image\":{\"@id\":\"https:\\\/\\\/velarogverkfaeri.is\\\/en\\\/#\\\/schema\\\/logo\\\/image\\\/\"},\"sameAs\":[\"https:\\\/\\\/www.facebook.com\\\/VelarOgVerkfaeri\"]}]}<\/script>\n<!-- \/ Yoast SEO plugin. -->","yoast_head_json":{"title":"BAHCO R\u00f6rt\u00f6ng 141 1\" - V\u00e9lar &amp; Verkf\u00e6ri","robots":{"index":"index","follow":"follow","max-snippet":"max-snippet:-1","max-image-preview":"max-image-preview:large","max-video-preview":"max-video-preview:-1"},"canonical":"https:\/\/velarogverkfaeri.is\/en\/verkfaeralausnir\/handverkfaeri\/pipulagningarverkfaeri\/product\/bahco-rortong-nr-141-45mm-1\/","og_locale":"en_US","og_type":"article","og_title":"BAHCO R\u00f6rt\u00f6ng 141 1\" - V\u00e9lar &amp; Verkf\u00e6ri","og_description":"Tveggja handfanga t\u00f6ng.Lengd: 320mmGeta: 45mm","og_url":"https:\/\/velarogverkfaeri.is\/en\/verkfaeralausnir\/handverkfaeri\/pipulagningarverkfaeri\/product\/bahco-rortong-nr-141-45mm-1\/","og_site_name":"V\u00e9lar &amp; Verkf\u00e6ri","article_publisher":"https:\/\/www.facebook.com\/VelarOgVerkfaeri","article_modified_time":"2026-01-12T12:15:48+00:00","og_image":[{"width":800,"height":600,"url":"https:\/\/velarogverkfaeri.is\/wp-content\/uploads\/2023\/06\/30a10299-40bd-4f3a-ab4d-ae419d6a5c10.png","type":"image\/png"}],"twitter_card":"summary_large_image","schema":{"@context":"https:\/\/schema.org","@graph":[{"@type":"WebPage","@id":"https:\/\/velarogverkfaeri.is\/verkfaeralausnir\/handverkfaeri\/pipulagningarverkfaeri\/product\/bahco-rortong-nr-141-45mm-1\/","url":"https:\/\/velarogverkfaeri.is\/verkfaeralausnir\/handverkfaeri\/pipulagningarverkfaeri\/product\/bahco-rortong-nr-141-45mm-1\/","name":"BAHCO R\u00f6rt\u00f6ng 141 1\" - V\u00e9lar &amp; Verkf\u00e6ri","isPartOf":{"@id":"https:\/\/velarogverkfaeri.is\/en\/#website"},"primaryImageOfPage":{"@id":"https:\/\/velarogverkfaeri.is\/verkfaeralausnir\/handverkfaeri\/pipulagningarverkfaeri\/product\/bahco-rortong-nr-141-45mm-1\/#primaryimage"},"image":{"@id":"https:\/\/velarogverkfaeri.is\/verkfaeralausnir\/handverkfaeri\/pipulagningarverkfaeri\/product\/bahco-rortong-nr-141-45mm-1\/#primaryimage"},"thumbnailUrl":"https:\/\/velarogverkfaeri.is\/wp-content\/uploads\/2023\/06\/30a10299-40bd-4f3a-ab4d-ae419d6a5c10.png","datePublished":"2023-04-28T18:01:19+00:00","dateModified":"2026-01-12T12:15:48+00:00","breadcrumb":{"@id":"https:\/\/velarogverkfaeri.is\/verkfaeralausnir\/handverkfaeri\/pipulagningarverkfaeri\/product\/bahco-rortong-nr-141-45mm-1\/#breadcrumb"},"inLanguage":"en-US","potentialAction":[{"@type":"ReadAction","target":["https:\/\/velarogverkfaeri.is\/verkfaeralausnir\/handverkfaeri\/pipulagningarverkfaeri\/product\/bahco-rortong-nr-141-45mm-1\/"]}]},{"@type":"ImageObject","inLanguage":"en-US","@id":"https:\/\/velarogverkfaeri.is\/verkfaeralausnir\/handverkfaeri\/pipulagningarverkfaeri\/product\/bahco-rortong-nr-141-45mm-1\/#primaryimage","url":"https:\/\/velarogverkfaeri.is\/wp-content\/uploads\/2023\/06\/30a10299-40bd-4f3a-ab4d-ae419d6a5c10.png","contentUrl":"https:\/\/velarogverkfaeri.is\/wp-content\/uploads\/2023\/06\/30a10299-40bd-4f3a-ab4d-ae419d6a5c10.png","width":800,"height":600},{"@type":"BreadcrumbList","@id":"https:\/\/velarogverkfaeri.is\/verkfaeralausnir\/handverkfaeri\/pipulagningarverkfaeri\/product\/bahco-rortong-nr-141-45mm-1\/#breadcrumb","itemListElement":[{"@type":"ListItem","position":1,"name":"Home","item":"https:\/\/velarogverkfaeri.is\/"},{"@type":"ListItem","position":2,"name":"Vefverslun","item":"https:\/\/velarogverkfaeri.is\/vefverslun\/"},{"@type":"ListItem","position":3,"name":"BAHCO R\u00f6rt\u00f6ng 141 1&#8243;"}]},{"@type":"WebSite","@id":"https:\/\/velarogverkfaeri.is\/en\/#website","url":"https:\/\/velarogverkfaeri.is\/en\/","name":"V\u00e9lar & Verkf\u00e6ri","description":"Umbo\u00f0s- og heildverslun fr\u00e1 \u00e1rinu 1919","publisher":{"@id":"https:\/\/velarogverkfaeri.is\/en\/#organization"},"potentialAction":[{"@type":"SearchAction","target":{"@type":"EntryPoint","urlTemplate":"https:\/\/velarogverkfaeri.is\/en\/?s={search_term_string}"},"query-input":{"@type":"PropertyValueSpecification","valueRequired":true,"valueName":"search_term_string"}}],"inLanguage":"en-US"},{"@type":"Organization","@id":"https:\/\/velarogverkfaeri.is\/en\/#organization","name":"V\u00e9lar & Verkf\u00e6ri","url":"https:\/\/velarogverkfaeri.is\/en\/","logo":{"@type":"ImageObject","inLanguage":"en-US","@id":"https:\/\/velarogverkfaeri.is\/en\/#\/schema\/logo\/image\/","url":"https:\/\/velarogverkfaeri.is\/wp-content\/uploads\/2021\/10\/vv_logo_350x100.png","contentUrl":"https:\/\/velarogverkfaeri.is\/wp-content\/uploads\/2021\/10\/vv_logo_350x100.png","width":350,"height":100,"caption":"V\u00e9lar & Verkf\u00e6ri"},"image":{"@id":"https:\/\/velarogverkfaeri.is\/en\/#\/schema\/logo\/image\/"},"sameAs":["https:\/\/www.facebook.com\/VelarOgVerkfaeri"]}]}},"_links":{"self":[{"href":"https:\/\/velarogverkfaeri.is\/en\/wp-json\/wp\/v2\/product\/22954","targetHints":{"allow":["GET"]}}],"collection":[{"href":"https:\/\/velarogverkfaeri.is\/en\/wp-json\/wp\/v2\/product"}],"about":[{"href":"https:\/\/velarogverkfaeri.is\/en\/wp-json\/wp\/v2\/types\/product"}],"replies":[{"embeddable":true,"href":"https:\/\/velarogverkfaeri.is\/en\/wp-json\/wp\/v2\/comments?post=22954"}],"wp:featuredmedia":[{"embeddable":true,"href":"https:\/\/velarogverkfaeri.is\/en\/wp-json\/wp\/v2\/media\/32433"}],"wp:attachment":[{"href":"https:\/\/velarogverkfaeri.is\/en\/wp-json\/wp\/v2\/media?parent=22954"}],"wp:term":[{"taxonomy":"product_brand","embeddable":true,"href":"https:\/\/velarogverkfaeri.is\/en\/wp-json\/wp\/v2\/product_brand?post=22954"},{"taxonomy":"product_cat","embeddable":true,"href":"https:\/\/velarogverkfaeri.is\/en\/wp-json\/wp\/v2\/product_cat?post=22954"},{"taxonomy":"product_tag","embeddable":true,"href":"https:\/\/velarogverkfaeri.is\/en\/wp-json\/wp\/v2\/product_tag?post=22954"}],"curies":[{"name":"wp","href":"https:\/\/api.w.org\/{rel}","templated":true}]}}