{"id":22953,"date":"2023-06-08T19:19:58","date_gmt":"2023-06-08T19:19:58","guid":{"rendered":"https:\/\/vv-dev.webdev.is\/?post_type=product&#038;p=22953"},"modified":"2025-04-25T17:18:09","modified_gmt":"2025-04-25T17:18:09","slug":"hazet-slipirokkur-hledslu-18v-2x5-0ah-li-ion-taska-9233-7-4","status":"publish","type":"product","link":"https:\/\/velarogverkfaeri.is\/en\/verkfaeralausnir\/rafmagnsverkfaeri\/slipirokkar\/product\/hazet-slipirokkur-hledslu-18v-2x5-0ah-li-ion-taska-9233-7-4\/","title":{"rendered":"HAZET Sl\u00edpirokkur hle\u00f0slu 18V 2&#215;5.0Ah Li-Ion + Taska 9233-7\/4"},"content":{"rendered":"<p>\u2022 High efficiency thanks to brushless motor.<br \/>\u2022 4-piece set &#8211; 1 cordless right-angle grinder &#8211; 1 quick charger &#8211; 2 Li-ion rechargeable batteries 18&#160;V, 5&#160;Ah.<br \/>\u2022 Compatible with HAZET rechargeable batteries 9212-02 and 9212-05.<br \/>\u2022 Ergonomic and compact housing design.<br \/>\u2022 Device stops if the speed drops sharply due to canting.<br \/>\u2022 Function against unintentional motor start when changing the battery.<br \/>\u2022 Mesh fabric protects motor from dirt.<br \/>\u2022 Motor stop 2 seconds after switch-off.<br \/>\u2022 Extremely flat head with low angle.<br \/>\u2022 Constant speed even during difficult work.<br \/>\u2022 Soft startup for greater comfort.<br \/>\u2022 Safety release lever.<br \/>\u2022 Lateral handle, to be used on left or right side.<br \/>\u2022 Including 1 protection cover each<br \/>\u2022 for cut-off wheels.<br \/>\u2022 for rough grinding wheels.<br \/>\u2022 Quick adjustment of protection cover without tools.<br \/>\u2022 Spindle thread: M&#160;14.<br \/>\u2022 Spindle lock.<br \/>\u2022 Weight with battery: 2.28&#160;kg.<br \/>\u2022 Weight without battery: 1.53&#160;kg.<br \/>\u2022 Vibration acceleration: 7.90 m\/s2.<br \/>\u2022 Dimensions \/ length: 345.1 mm.<br \/>\u2022 Sound pressure level: 89 dB(A) Lp A.<br \/>\u2022 Revolutions per minute: 8000.<br \/>\u2022 Number of tools: 4 .<\/p>\n<p>&#160;<\/p>\n<ul class=\"same_attributes\">\n<li>length: 345,1 mm<\/li>\n<li>Revolutions per minute: 8000<\/li>\n<\/ul>","protected":false},"excerpt":{"rendered":"<p>Sl\u00edpirokkur me\u00f0 hle\u00f0slubatter\u00edi <br><br \/>\n2 stk hle\u00f0slubatter\u00ed  <br><br \/>\n\u00deyngd me\u00f0 batter\u00edi 2,28 kg<\/p>","protected":false},"featured_media":48846,"comment_status":"closed","ping_status":"closed","template":"","meta":[],"product_brand":[],"product_cat":[592,745,515],"product_tag":[],"class_list":{"0":"post-22953","1":"product","2":"type-product","3":"status-publish","4":"has-post-thumbnail","6":"product_cat-rafmagnsverkfaeri","7":"product_cat-slipirokkar","8":"product_cat-verkfaeralausnir","10":"first","11":"instock","12":"taxable","13":"shipping-taxable","14":"purchasable","15":"product-type-simple"},"yoast_head":"<!-- This site is optimized with the Yoast SEO plugin v27.3 - https:\/\/yoast.com\/product\/yoast-seo-wordpress\/ -->\n<title>HAZET Sl\u00edpirokkur hle\u00f0slu 18V 2x5.0Ah Li-Ion + Taska 9233-7\/4 - V\u00e9lar &amp; Verkf\u00e6ri<\/title>\n<meta name=\"robots\" content=\"index, follow, max-snippet:-1, max-image-preview:large, max-video-preview:-1\" \/>\n<link rel=\"canonical\" href=\"https:\/\/velarogverkfaeri.is\/en\/verkfaeralausnir\/rafmagnsverkfaeri\/slipirokkar\/product\/hazet-slipirokkur-hledslu-18v-2x5-0ah-li-ion-taska-9233-7-4\/\" \/>\n<meta property=\"og:locale\" content=\"en_US\" \/>\n<meta property=\"og:type\" content=\"article\" \/>\n<meta property=\"og:title\" content=\"HAZET Sl\u00edpirokkur hle\u00f0slu 18V 2x5.0Ah Li-Ion + Taska 9233-7\/4 - V\u00e9lar &amp; Verkf\u00e6ri\" \/>\n<meta property=\"og:description\" content=\"Sl\u00edpirokkur me\u00f0 hle\u00f0slubatter\u00edi 2 stk hle\u00f0slubatter\u00ed  \u00deyngd me\u00f0 batter\u00edi 2,28 kg\" \/>\n<meta property=\"og:url\" content=\"https:\/\/velarogverkfaeri.is\/en\/verkfaeralausnir\/rafmagnsverkfaeri\/slipirokkar\/product\/hazet-slipirokkur-hledslu-18v-2x5-0ah-li-ion-taska-9233-7-4\/\" \/>\n<meta property=\"og:site_name\" content=\"V\u00e9lar &amp; Verkf\u00e6ri\" \/>\n<meta property=\"article:publisher\" content=\"https:\/\/www.facebook.com\/VelarOgVerkfaeri\" \/>\n<meta property=\"article:modified_time\" content=\"2025-04-25T17:18:09+00:00\" \/>\n<meta property=\"og:image\" content=\"https:\/\/velarogverkfaeri.is\/wp-content\/uploads\/2023\/08\/c8978103-0127-4784-b080-eaea94d3b595.jpeg\" \/>\n\t<meta property=\"og:image:width\" content=\"500\" \/>\n\t<meta property=\"og:image:height\" content=\"253\" \/>\n\t<meta property=\"og:image:type\" content=\"image\/jpeg\" \/>\n<meta name=\"twitter:card\" content=\"summary_large_image\" \/>\n<meta name=\"twitter:label1\" content=\"Est. reading time\" \/>\n\t<meta name=\"twitter:data1\" content=\"1 minute\" \/>\n<script type=\"application\/ld+json\" class=\"yoast-schema-graph\">{\"@context\":\"https:\\\/\\\/schema.org\",\"@graph\":[{\"@type\":\"WebPage\",\"@id\":\"https:\\\/\\\/velarogverkfaeri.is\\\/verkfaeralausnir\\\/rafmagnsverkfaeri\\\/slipirokkar\\\/product\\\/hazet-slipirokkur-hledslu-18v-2x5-0ah-li-ion-taska-9233-7-4\\\/\",\"url\":\"https:\\\/\\\/velarogverkfaeri.is\\\/verkfaeralausnir\\\/rafmagnsverkfaeri\\\/slipirokkar\\\/product\\\/hazet-slipirokkur-hledslu-18v-2x5-0ah-li-ion-taska-9233-7-4\\\/\",\"name\":\"HAZET Sl\u00edpirokkur hle\u00f0slu 18V 2x5.0Ah Li-Ion + Taska 9233-7\\\/4 - V\u00e9lar &amp; Verkf\u00e6ri\",\"isPartOf\":{\"@id\":\"https:\\\/\\\/velarogverkfaeri.is\\\/en\\\/#website\"},\"primaryImageOfPage\":{\"@id\":\"https:\\\/\\\/velarogverkfaeri.is\\\/verkfaeralausnir\\\/rafmagnsverkfaeri\\\/slipirokkar\\\/product\\\/hazet-slipirokkur-hledslu-18v-2x5-0ah-li-ion-taska-9233-7-4\\\/#primaryimage\"},\"image\":{\"@id\":\"https:\\\/\\\/velarogverkfaeri.is\\\/verkfaeralausnir\\\/rafmagnsverkfaeri\\\/slipirokkar\\\/product\\\/hazet-slipirokkur-hledslu-18v-2x5-0ah-li-ion-taska-9233-7-4\\\/#primaryimage\"},\"thumbnailUrl\":\"https:\\\/\\\/velarogverkfaeri.is\\\/wp-content\\\/uploads\\\/2023\\\/08\\\/c8978103-0127-4784-b080-eaea94d3b595.jpeg\",\"datePublished\":\"2023-06-08T19:19:58+00:00\",\"dateModified\":\"2025-04-25T17:18:09+00:00\",\"breadcrumb\":{\"@id\":\"https:\\\/\\\/velarogverkfaeri.is\\\/verkfaeralausnir\\\/rafmagnsverkfaeri\\\/slipirokkar\\\/product\\\/hazet-slipirokkur-hledslu-18v-2x5-0ah-li-ion-taska-9233-7-4\\\/#breadcrumb\"},\"inLanguage\":\"en-US\",\"potentialAction\":[{\"@type\":\"ReadAction\",\"target\":[\"https:\\\/\\\/velarogverkfaeri.is\\\/verkfaeralausnir\\\/rafmagnsverkfaeri\\\/slipirokkar\\\/product\\\/hazet-slipirokkur-hledslu-18v-2x5-0ah-li-ion-taska-9233-7-4\\\/\"]}]},{\"@type\":\"ImageObject\",\"inLanguage\":\"en-US\",\"@id\":\"https:\\\/\\\/velarogverkfaeri.is\\\/verkfaeralausnir\\\/rafmagnsverkfaeri\\\/slipirokkar\\\/product\\\/hazet-slipirokkur-hledslu-18v-2x5-0ah-li-ion-taska-9233-7-4\\\/#primaryimage\",\"url\":\"https:\\\/\\\/velarogverkfaeri.is\\\/wp-content\\\/uploads\\\/2023\\\/08\\\/c8978103-0127-4784-b080-eaea94d3b595.jpeg\",\"contentUrl\":\"https:\\\/\\\/velarogverkfaeri.is\\\/wp-content\\\/uploads\\\/2023\\\/08\\\/c8978103-0127-4784-b080-eaea94d3b595.jpeg\",\"width\":500,\"height\":253},{\"@type\":\"BreadcrumbList\",\"@id\":\"https:\\\/\\\/velarogverkfaeri.is\\\/verkfaeralausnir\\\/rafmagnsverkfaeri\\\/slipirokkar\\\/product\\\/hazet-slipirokkur-hledslu-18v-2x5-0ah-li-ion-taska-9233-7-4\\\/#breadcrumb\",\"itemListElement\":[{\"@type\":\"ListItem\",\"position\":1,\"name\":\"Home\",\"item\":\"https:\\\/\\\/velarogverkfaeri.is\\\/\"},{\"@type\":\"ListItem\",\"position\":2,\"name\":\"Vefverslun\",\"item\":\"https:\\\/\\\/velarogverkfaeri.is\\\/vefverslun\\\/\"},{\"@type\":\"ListItem\",\"position\":3,\"name\":\"HAZET Sl\u00edpirokkur hle\u00f0slu 18V 2&#215;5.0Ah Li-Ion + Taska 9233-7\\\/4\"}]},{\"@type\":\"WebSite\",\"@id\":\"https:\\\/\\\/velarogverkfaeri.is\\\/en\\\/#website\",\"url\":\"https:\\\/\\\/velarogverkfaeri.is\\\/en\\\/\",\"name\":\"V\u00e9lar & Verkf\u00e6ri\",\"description\":\"Umbo\u00f0s- og heildverslun fr\u00e1 \u00e1rinu 1919\",\"publisher\":{\"@id\":\"https:\\\/\\\/velarogverkfaeri.is\\\/en\\\/#organization\"},\"potentialAction\":[{\"@type\":\"SearchAction\",\"target\":{\"@type\":\"EntryPoint\",\"urlTemplate\":\"https:\\\/\\\/velarogverkfaeri.is\\\/en\\\/?s={search_term_string}\"},\"query-input\":{\"@type\":\"PropertyValueSpecification\",\"valueRequired\":true,\"valueName\":\"search_term_string\"}}],\"inLanguage\":\"en-US\"},{\"@type\":\"Organization\",\"@id\":\"https:\\\/\\\/velarogverkfaeri.is\\\/en\\\/#organization\",\"name\":\"V\u00e9lar & Verkf\u00e6ri\",\"url\":\"https:\\\/\\\/velarogverkfaeri.is\\\/en\\\/\",\"logo\":{\"@type\":\"ImageObject\",\"inLanguage\":\"en-US\",\"@id\":\"https:\\\/\\\/velarogverkfaeri.is\\\/en\\\/#\\\/schema\\\/logo\\\/image\\\/\",\"url\":\"https:\\\/\\\/velarogverkfaeri.is\\\/wp-content\\\/uploads\\\/2021\\\/10\\\/vv_logo_350x100.png\",\"contentUrl\":\"https:\\\/\\\/velarogverkfaeri.is\\\/wp-content\\\/uploads\\\/2021\\\/10\\\/vv_logo_350x100.png\",\"width\":350,\"height\":100,\"caption\":\"V\u00e9lar & Verkf\u00e6ri\"},\"image\":{\"@id\":\"https:\\\/\\\/velarogverkfaeri.is\\\/en\\\/#\\\/schema\\\/logo\\\/image\\\/\"},\"sameAs\":[\"https:\\\/\\\/www.facebook.com\\\/VelarOgVerkfaeri\"]}]}<\/script>\n<!-- \/ Yoast SEO plugin. -->","yoast_head_json":{"title":"HAZET Sl\u00edpirokkur hle\u00f0slu 18V 2x5.0Ah Li-Ion + Taska 9233-7\/4 - V\u00e9lar &amp; Verkf\u00e6ri","robots":{"index":"index","follow":"follow","max-snippet":"max-snippet:-1","max-image-preview":"max-image-preview:large","max-video-preview":"max-video-preview:-1"},"canonical":"https:\/\/velarogverkfaeri.is\/en\/verkfaeralausnir\/rafmagnsverkfaeri\/slipirokkar\/product\/hazet-slipirokkur-hledslu-18v-2x5-0ah-li-ion-taska-9233-7-4\/","og_locale":"en_US","og_type":"article","og_title":"HAZET Sl\u00edpirokkur hle\u00f0slu 18V 2x5.0Ah Li-Ion + Taska 9233-7\/4 - V\u00e9lar &amp; Verkf\u00e6ri","og_description":"Sl\u00edpirokkur me\u00f0 hle\u00f0slubatter\u00edi 2 stk hle\u00f0slubatter\u00ed  \u00deyngd me\u00f0 batter\u00edi 2,28 kg","og_url":"https:\/\/velarogverkfaeri.is\/en\/verkfaeralausnir\/rafmagnsverkfaeri\/slipirokkar\/product\/hazet-slipirokkur-hledslu-18v-2x5-0ah-li-ion-taska-9233-7-4\/","og_site_name":"V\u00e9lar &amp; Verkf\u00e6ri","article_publisher":"https:\/\/www.facebook.com\/VelarOgVerkfaeri","article_modified_time":"2025-04-25T17:18:09+00:00","og_image":[{"width":500,"height":253,"url":"https:\/\/velarogverkfaeri.is\/wp-content\/uploads\/2023\/08\/c8978103-0127-4784-b080-eaea94d3b595.jpeg","type":"image\/jpeg"}],"twitter_card":"summary_large_image","twitter_misc":{"Est. reading time":"1 minute"},"schema":{"@context":"https:\/\/schema.org","@graph":[{"@type":"WebPage","@id":"https:\/\/velarogverkfaeri.is\/verkfaeralausnir\/rafmagnsverkfaeri\/slipirokkar\/product\/hazet-slipirokkur-hledslu-18v-2x5-0ah-li-ion-taska-9233-7-4\/","url":"https:\/\/velarogverkfaeri.is\/verkfaeralausnir\/rafmagnsverkfaeri\/slipirokkar\/product\/hazet-slipirokkur-hledslu-18v-2x5-0ah-li-ion-taska-9233-7-4\/","name":"HAZET Sl\u00edpirokkur hle\u00f0slu 18V 2x5.0Ah Li-Ion + Taska 9233-7\/4 - V\u00e9lar &amp; Verkf\u00e6ri","isPartOf":{"@id":"https:\/\/velarogverkfaeri.is\/en\/#website"},"primaryImageOfPage":{"@id":"https:\/\/velarogverkfaeri.is\/verkfaeralausnir\/rafmagnsverkfaeri\/slipirokkar\/product\/hazet-slipirokkur-hledslu-18v-2x5-0ah-li-ion-taska-9233-7-4\/#primaryimage"},"image":{"@id":"https:\/\/velarogverkfaeri.is\/verkfaeralausnir\/rafmagnsverkfaeri\/slipirokkar\/product\/hazet-slipirokkur-hledslu-18v-2x5-0ah-li-ion-taska-9233-7-4\/#primaryimage"},"thumbnailUrl":"https:\/\/velarogverkfaeri.is\/wp-content\/uploads\/2023\/08\/c8978103-0127-4784-b080-eaea94d3b595.jpeg","datePublished":"2023-06-08T19:19:58+00:00","dateModified":"2025-04-25T17:18:09+00:00","breadcrumb":{"@id":"https:\/\/velarogverkfaeri.is\/verkfaeralausnir\/rafmagnsverkfaeri\/slipirokkar\/product\/hazet-slipirokkur-hledslu-18v-2x5-0ah-li-ion-taska-9233-7-4\/#breadcrumb"},"inLanguage":"en-US","potentialAction":[{"@type":"ReadAction","target":["https:\/\/velarogverkfaeri.is\/verkfaeralausnir\/rafmagnsverkfaeri\/slipirokkar\/product\/hazet-slipirokkur-hledslu-18v-2x5-0ah-li-ion-taska-9233-7-4\/"]}]},{"@type":"ImageObject","inLanguage":"en-US","@id":"https:\/\/velarogverkfaeri.is\/verkfaeralausnir\/rafmagnsverkfaeri\/slipirokkar\/product\/hazet-slipirokkur-hledslu-18v-2x5-0ah-li-ion-taska-9233-7-4\/#primaryimage","url":"https:\/\/velarogverkfaeri.is\/wp-content\/uploads\/2023\/08\/c8978103-0127-4784-b080-eaea94d3b595.jpeg","contentUrl":"https:\/\/velarogverkfaeri.is\/wp-content\/uploads\/2023\/08\/c8978103-0127-4784-b080-eaea94d3b595.jpeg","width":500,"height":253},{"@type":"BreadcrumbList","@id":"https:\/\/velarogverkfaeri.is\/verkfaeralausnir\/rafmagnsverkfaeri\/slipirokkar\/product\/hazet-slipirokkur-hledslu-18v-2x5-0ah-li-ion-taska-9233-7-4\/#breadcrumb","itemListElement":[{"@type":"ListItem","position":1,"name":"Home","item":"https:\/\/velarogverkfaeri.is\/"},{"@type":"ListItem","position":2,"name":"Vefverslun","item":"https:\/\/velarogverkfaeri.is\/vefverslun\/"},{"@type":"ListItem","position":3,"name":"HAZET Sl\u00edpirokkur hle\u00f0slu 18V 2&#215;5.0Ah Li-Ion + Taska 9233-7\/4"}]},{"@type":"WebSite","@id":"https:\/\/velarogverkfaeri.is\/en\/#website","url":"https:\/\/velarogverkfaeri.is\/en\/","name":"V\u00e9lar & Verkf\u00e6ri","description":"Umbo\u00f0s- og heildverslun fr\u00e1 \u00e1rinu 1919","publisher":{"@id":"https:\/\/velarogverkfaeri.is\/en\/#organization"},"potentialAction":[{"@type":"SearchAction","target":{"@type":"EntryPoint","urlTemplate":"https:\/\/velarogverkfaeri.is\/en\/?s={search_term_string}"},"query-input":{"@type":"PropertyValueSpecification","valueRequired":true,"valueName":"search_term_string"}}],"inLanguage":"en-US"},{"@type":"Organization","@id":"https:\/\/velarogverkfaeri.is\/en\/#organization","name":"V\u00e9lar & Verkf\u00e6ri","url":"https:\/\/velarogverkfaeri.is\/en\/","logo":{"@type":"ImageObject","inLanguage":"en-US","@id":"https:\/\/velarogverkfaeri.is\/en\/#\/schema\/logo\/image\/","url":"https:\/\/velarogverkfaeri.is\/wp-content\/uploads\/2021\/10\/vv_logo_350x100.png","contentUrl":"https:\/\/velarogverkfaeri.is\/wp-content\/uploads\/2021\/10\/vv_logo_350x100.png","width":350,"height":100,"caption":"V\u00e9lar & Verkf\u00e6ri"},"image":{"@id":"https:\/\/velarogverkfaeri.is\/en\/#\/schema\/logo\/image\/"},"sameAs":["https:\/\/www.facebook.com\/VelarOgVerkfaeri"]}]}},"_links":{"self":[{"href":"https:\/\/velarogverkfaeri.is\/en\/wp-json\/wp\/v2\/product\/22953","targetHints":{"allow":["GET"]}}],"collection":[{"href":"https:\/\/velarogverkfaeri.is\/en\/wp-json\/wp\/v2\/product"}],"about":[{"href":"https:\/\/velarogverkfaeri.is\/en\/wp-json\/wp\/v2\/types\/product"}],"replies":[{"embeddable":true,"href":"https:\/\/velarogverkfaeri.is\/en\/wp-json\/wp\/v2\/comments?post=22953"}],"wp:featuredmedia":[{"embeddable":true,"href":"https:\/\/velarogverkfaeri.is\/en\/wp-json\/wp\/v2\/media\/48846"}],"wp:attachment":[{"href":"https:\/\/velarogverkfaeri.is\/en\/wp-json\/wp\/v2\/media?parent=22953"}],"wp:term":[{"taxonomy":"product_brand","embeddable":true,"href":"https:\/\/velarogverkfaeri.is\/en\/wp-json\/wp\/v2\/product_brand?post=22953"},{"taxonomy":"product_cat","embeddable":true,"href":"https:\/\/velarogverkfaeri.is\/en\/wp-json\/wp\/v2\/product_cat?post=22953"},{"taxonomy":"product_tag","embeddable":true,"href":"https:\/\/velarogverkfaeri.is\/en\/wp-json\/wp\/v2\/product_tag?post=22953"}],"curies":[{"name":"wp","href":"https:\/\/api.w.org\/{rel}","templated":true}]}}