{"id":22914,"date":"2023-04-28T17:48:59","date_gmt":"2023-04-28T17:48:59","guid":{"rendered":"https:\/\/vv-dev.webdev.is\/?post_type=product&#038;p=22914"},"modified":"2025-10-24T12:00:30","modified_gmt":"2025-10-24T12:00:30","slug":"world-dryer-handthurrkublasari-verdedri-krom-hepa","status":"publish","type":"product","link":"https:\/\/velarogverkfaeri.is\/en\/lykillausnir\/badherbergi-lykillausnir\/handthurrkublasarar\/product\/world-dryer-handthurrkublasari-verdedri-krom-hepa\/","title":{"rendered":"WORLD DRYER Verdedri Hand\u00feurrkubl\u00e1sari Ry\u00f0fr\u00edtt Q-973A2"},"content":{"rendered":"<p>HEPA s\u00eda fangar 99,97% agna og snertilaus a\u00f0ger\u00f0 b\u00fd\u00f0ur upp \u00e1 hreinl\u00e6tislegri upplifun.<\/p>\n<p>S\u00fdklalyfjat\u00e6kni verndar me\u00f0h\u00f6ndlu\u00f0 yfirbor\u00f0 \u00feurrkarans me\u00f0 \u00fev\u00ed a\u00f0 hindra v\u00f6xt bakter\u00eda, myglu og sveppa sem geta valdi\u00f0 blettum, lykt e\u00f0a skemmdum.<\/p>\n<p>\u00deurrkar hendur \u00e1 allt a\u00f0 12 sek\u00fandum.<\/p>\n<p>30% hlj\u00f3\u00f0l\u00e1tari me\u00f0 stillanlegum hra\u00f0a sem dregur \u00far hlj\u00f3\u00f0styrknum fyrir minni truflun \u00e1 a\u00f0liggjandi sv\u00e6\u00f0i.<\/p>\n<p>Snj\u00f6ll t\u00e6kni gerir hand\u00feurrkum kleift a\u00f0 laga sig a\u00f0 n\u00e6stum hva\u00f0a spennu sem er.<\/p>\n<p>Sj\u00e1lfvirkur<\/p>\n<p>Cover Finish Steypt \u00e1l &#8211; me\u00f0 epox\u00fd m\u00e1lningu<\/p>\n<p>Ry\u00f0fr\u00edtt st\u00e1l<\/p>\n<p>St\u00e6r\u00f0: 368 x 311 x 99 mm<\/p>\n<p>H\u00e6\u00f0: 368 mm<\/p>\n<p>Lengd: 311 mm<\/p>\n<p>Breidd: 99 mm<\/p>\n<p>Rafmagn: 110-120V 50\/60 Hz<\/p>\n<p>Hlj\u00f3\u00f0stig: 69 dBA<\/p>\n<p><\/p>","protected":false},"excerpt":{"rendered":"<p>Tegund: Q-973A2<\/p>","protected":false},"featured_media":28440,"comment_status":"closed","ping_status":"closed","template":"","meta":[],"product_brand":[],"product_cat":[580,613,517],"product_tag":[],"class_list":{"0":"post-22914","1":"product","2":"type-product","3":"status-publish","4":"has-post-thumbnail","6":"product_cat-badherbergi-lykillausnir","7":"product_cat-handthurrkublasarar","8":"product_cat-lykillausnir","10":"first","11":"instock","12":"taxable","13":"shipping-taxable","14":"purchasable","15":"product-type-simple"},"yoast_head":"<!-- This site is optimized with the Yoast SEO plugin v27.3 - https:\/\/yoast.com\/product\/yoast-seo-wordpress\/ -->\n<title>WORLD DRYER Verdedri Hand\u00feurrkubl\u00e1sari Ry\u00f0fr\u00edtt Q-973A2 - V\u00e9lar &amp; Verkf\u00e6ri<\/title>\n<meta name=\"robots\" content=\"index, follow, max-snippet:-1, max-image-preview:large, max-video-preview:-1\" \/>\n<link rel=\"canonical\" href=\"https:\/\/velarogverkfaeri.is\/en\/lykillausnir\/badherbergi-lykillausnir\/handthurrkublasarar\/product\/world-dryer-handthurrkublasari-verdedri-krom-hepa\/\" \/>\n<meta property=\"og:locale\" content=\"en_US\" \/>\n<meta property=\"og:type\" content=\"article\" \/>\n<meta property=\"og:title\" content=\"WORLD DRYER Verdedri Hand\u00feurrkubl\u00e1sari Ry\u00f0fr\u00edtt Q-973A2 - V\u00e9lar &amp; Verkf\u00e6ri\" \/>\n<meta property=\"og:description\" content=\"Tegund: Q-973A2\" \/>\n<meta property=\"og:url\" content=\"https:\/\/velarogverkfaeri.is\/en\/lykillausnir\/badherbergi-lykillausnir\/handthurrkublasarar\/product\/world-dryer-handthurrkublasari-verdedri-krom-hepa\/\" \/>\n<meta property=\"og:site_name\" content=\"V\u00e9lar &amp; Verkf\u00e6ri\" \/>\n<meta property=\"article:publisher\" content=\"https:\/\/www.facebook.com\/VelarOgVerkfaeri\" \/>\n<meta property=\"article:modified_time\" content=\"2025-10-24T12:00:30+00:00\" \/>\n<meta property=\"og:image\" content=\"https:\/\/velarogverkfaeri.is\/wp-content\/uploads\/2023\/06\/5f245106-9b74-4bb1-967f-2785d808584d.jpeg\" \/>\n\t<meta property=\"og:image:width\" content=\"1000\" \/>\n\t<meta property=\"og:image:height\" content=\"1000\" \/>\n\t<meta property=\"og:image:type\" content=\"image\/jpeg\" \/>\n<meta name=\"twitter:card\" content=\"summary_large_image\" \/>\n<meta name=\"twitter:label1\" content=\"Est. reading time\" \/>\n\t<meta name=\"twitter:data1\" content=\"1 minute\" \/>\n<script type=\"application\/ld+json\" class=\"yoast-schema-graph\">{\"@context\":\"https:\\\/\\\/schema.org\",\"@graph\":[{\"@type\":\"WebPage\",\"@id\":\"https:\\\/\\\/velarogverkfaeri.is\\\/lykillausnir\\\/badherbergi-lykillausnir\\\/handthurrkublasarar\\\/product\\\/world-dryer-handthurrkublasari-verdedri-krom-hepa\\\/\",\"url\":\"https:\\\/\\\/velarogverkfaeri.is\\\/lykillausnir\\\/badherbergi-lykillausnir\\\/handthurrkublasarar\\\/product\\\/world-dryer-handthurrkublasari-verdedri-krom-hepa\\\/\",\"name\":\"WORLD DRYER Verdedri Hand\u00feurrkubl\u00e1sari Ry\u00f0fr\u00edtt Q-973A2 - V\u00e9lar &amp; Verkf\u00e6ri\",\"isPartOf\":{\"@id\":\"https:\\\/\\\/velarogverkfaeri.is\\\/en\\\/#website\"},\"primaryImageOfPage\":{\"@id\":\"https:\\\/\\\/velarogverkfaeri.is\\\/lykillausnir\\\/badherbergi-lykillausnir\\\/handthurrkublasarar\\\/product\\\/world-dryer-handthurrkublasari-verdedri-krom-hepa\\\/#primaryimage\"},\"image\":{\"@id\":\"https:\\\/\\\/velarogverkfaeri.is\\\/lykillausnir\\\/badherbergi-lykillausnir\\\/handthurrkublasarar\\\/product\\\/world-dryer-handthurrkublasari-verdedri-krom-hepa\\\/#primaryimage\"},\"thumbnailUrl\":\"https:\\\/\\\/velarogverkfaeri.is\\\/wp-content\\\/uploads\\\/2023\\\/06\\\/5f245106-9b74-4bb1-967f-2785d808584d.jpeg\",\"datePublished\":\"2023-04-28T17:48:59+00:00\",\"dateModified\":\"2025-10-24T12:00:30+00:00\",\"breadcrumb\":{\"@id\":\"https:\\\/\\\/velarogverkfaeri.is\\\/lykillausnir\\\/badherbergi-lykillausnir\\\/handthurrkublasarar\\\/product\\\/world-dryer-handthurrkublasari-verdedri-krom-hepa\\\/#breadcrumb\"},\"inLanguage\":\"en-US\",\"potentialAction\":[{\"@type\":\"ReadAction\",\"target\":[\"https:\\\/\\\/velarogverkfaeri.is\\\/lykillausnir\\\/badherbergi-lykillausnir\\\/handthurrkublasarar\\\/product\\\/world-dryer-handthurrkublasari-verdedri-krom-hepa\\\/\"]}]},{\"@type\":\"ImageObject\",\"inLanguage\":\"en-US\",\"@id\":\"https:\\\/\\\/velarogverkfaeri.is\\\/lykillausnir\\\/badherbergi-lykillausnir\\\/handthurrkublasarar\\\/product\\\/world-dryer-handthurrkublasari-verdedri-krom-hepa\\\/#primaryimage\",\"url\":\"https:\\\/\\\/velarogverkfaeri.is\\\/wp-content\\\/uploads\\\/2023\\\/06\\\/5f245106-9b74-4bb1-967f-2785d808584d.jpeg\",\"contentUrl\":\"https:\\\/\\\/velarogverkfaeri.is\\\/wp-content\\\/uploads\\\/2023\\\/06\\\/5f245106-9b74-4bb1-967f-2785d808584d.jpeg\",\"width\":1000,\"height\":1000},{\"@type\":\"BreadcrumbList\",\"@id\":\"https:\\\/\\\/velarogverkfaeri.is\\\/lykillausnir\\\/badherbergi-lykillausnir\\\/handthurrkublasarar\\\/product\\\/world-dryer-handthurrkublasari-verdedri-krom-hepa\\\/#breadcrumb\",\"itemListElement\":[{\"@type\":\"ListItem\",\"position\":1,\"name\":\"Home\",\"item\":\"https:\\\/\\\/velarogverkfaeri.is\\\/\"},{\"@type\":\"ListItem\",\"position\":2,\"name\":\"Vefverslun\",\"item\":\"https:\\\/\\\/velarogverkfaeri.is\\\/vefverslun\\\/\"},{\"@type\":\"ListItem\",\"position\":3,\"name\":\"WORLD DRYER Verdedri Hand\u00feurrkubl\u00e1sari Ry\u00f0fr\u00edtt Q-973A2\"}]},{\"@type\":\"WebSite\",\"@id\":\"https:\\\/\\\/velarogverkfaeri.is\\\/en\\\/#website\",\"url\":\"https:\\\/\\\/velarogverkfaeri.is\\\/en\\\/\",\"name\":\"V\u00e9lar & Verkf\u00e6ri\",\"description\":\"Umbo\u00f0s- og heildverslun fr\u00e1 \u00e1rinu 1919\",\"publisher\":{\"@id\":\"https:\\\/\\\/velarogverkfaeri.is\\\/en\\\/#organization\"},\"potentialAction\":[{\"@type\":\"SearchAction\",\"target\":{\"@type\":\"EntryPoint\",\"urlTemplate\":\"https:\\\/\\\/velarogverkfaeri.is\\\/en\\\/?s={search_term_string}\"},\"query-input\":{\"@type\":\"PropertyValueSpecification\",\"valueRequired\":true,\"valueName\":\"search_term_string\"}}],\"inLanguage\":\"en-US\"},{\"@type\":\"Organization\",\"@id\":\"https:\\\/\\\/velarogverkfaeri.is\\\/en\\\/#organization\",\"name\":\"V\u00e9lar & Verkf\u00e6ri\",\"url\":\"https:\\\/\\\/velarogverkfaeri.is\\\/en\\\/\",\"logo\":{\"@type\":\"ImageObject\",\"inLanguage\":\"en-US\",\"@id\":\"https:\\\/\\\/velarogverkfaeri.is\\\/en\\\/#\\\/schema\\\/logo\\\/image\\\/\",\"url\":\"https:\\\/\\\/velarogverkfaeri.is\\\/wp-content\\\/uploads\\\/2021\\\/10\\\/vv_logo_350x100.png\",\"contentUrl\":\"https:\\\/\\\/velarogverkfaeri.is\\\/wp-content\\\/uploads\\\/2021\\\/10\\\/vv_logo_350x100.png\",\"width\":350,\"height\":100,\"caption\":\"V\u00e9lar & Verkf\u00e6ri\"},\"image\":{\"@id\":\"https:\\\/\\\/velarogverkfaeri.is\\\/en\\\/#\\\/schema\\\/logo\\\/image\\\/\"},\"sameAs\":[\"https:\\\/\\\/www.facebook.com\\\/VelarOgVerkfaeri\"]}]}<\/script>\n<!-- \/ Yoast SEO plugin. -->","yoast_head_json":{"title":"WORLD DRYER Verdedri Hand\u00feurrkubl\u00e1sari Ry\u00f0fr\u00edtt Q-973A2 - V\u00e9lar &amp; Verkf\u00e6ri","robots":{"index":"index","follow":"follow","max-snippet":"max-snippet:-1","max-image-preview":"max-image-preview:large","max-video-preview":"max-video-preview:-1"},"canonical":"https:\/\/velarogverkfaeri.is\/en\/lykillausnir\/badherbergi-lykillausnir\/handthurrkublasarar\/product\/world-dryer-handthurrkublasari-verdedri-krom-hepa\/","og_locale":"en_US","og_type":"article","og_title":"WORLD DRYER Verdedri Hand\u00feurrkubl\u00e1sari Ry\u00f0fr\u00edtt Q-973A2 - V\u00e9lar &amp; Verkf\u00e6ri","og_description":"Tegund: Q-973A2","og_url":"https:\/\/velarogverkfaeri.is\/en\/lykillausnir\/badherbergi-lykillausnir\/handthurrkublasarar\/product\/world-dryer-handthurrkublasari-verdedri-krom-hepa\/","og_site_name":"V\u00e9lar &amp; Verkf\u00e6ri","article_publisher":"https:\/\/www.facebook.com\/VelarOgVerkfaeri","article_modified_time":"2025-10-24T12:00:30+00:00","og_image":[{"width":1000,"height":1000,"url":"https:\/\/velarogverkfaeri.is\/wp-content\/uploads\/2023\/06\/5f245106-9b74-4bb1-967f-2785d808584d.jpeg","type":"image\/jpeg"}],"twitter_card":"summary_large_image","twitter_misc":{"Est. reading time":"1 minute"},"schema":{"@context":"https:\/\/schema.org","@graph":[{"@type":"WebPage","@id":"https:\/\/velarogverkfaeri.is\/lykillausnir\/badherbergi-lykillausnir\/handthurrkublasarar\/product\/world-dryer-handthurrkublasari-verdedri-krom-hepa\/","url":"https:\/\/velarogverkfaeri.is\/lykillausnir\/badherbergi-lykillausnir\/handthurrkublasarar\/product\/world-dryer-handthurrkublasari-verdedri-krom-hepa\/","name":"WORLD DRYER Verdedri Hand\u00feurrkubl\u00e1sari Ry\u00f0fr\u00edtt Q-973A2 - V\u00e9lar &amp; Verkf\u00e6ri","isPartOf":{"@id":"https:\/\/velarogverkfaeri.is\/en\/#website"},"primaryImageOfPage":{"@id":"https:\/\/velarogverkfaeri.is\/lykillausnir\/badherbergi-lykillausnir\/handthurrkublasarar\/product\/world-dryer-handthurrkublasari-verdedri-krom-hepa\/#primaryimage"},"image":{"@id":"https:\/\/velarogverkfaeri.is\/lykillausnir\/badherbergi-lykillausnir\/handthurrkublasarar\/product\/world-dryer-handthurrkublasari-verdedri-krom-hepa\/#primaryimage"},"thumbnailUrl":"https:\/\/velarogverkfaeri.is\/wp-content\/uploads\/2023\/06\/5f245106-9b74-4bb1-967f-2785d808584d.jpeg","datePublished":"2023-04-28T17:48:59+00:00","dateModified":"2025-10-24T12:00:30+00:00","breadcrumb":{"@id":"https:\/\/velarogverkfaeri.is\/lykillausnir\/badherbergi-lykillausnir\/handthurrkublasarar\/product\/world-dryer-handthurrkublasari-verdedri-krom-hepa\/#breadcrumb"},"inLanguage":"en-US","potentialAction":[{"@type":"ReadAction","target":["https:\/\/velarogverkfaeri.is\/lykillausnir\/badherbergi-lykillausnir\/handthurrkublasarar\/product\/world-dryer-handthurrkublasari-verdedri-krom-hepa\/"]}]},{"@type":"ImageObject","inLanguage":"en-US","@id":"https:\/\/velarogverkfaeri.is\/lykillausnir\/badherbergi-lykillausnir\/handthurrkublasarar\/product\/world-dryer-handthurrkublasari-verdedri-krom-hepa\/#primaryimage","url":"https:\/\/velarogverkfaeri.is\/wp-content\/uploads\/2023\/06\/5f245106-9b74-4bb1-967f-2785d808584d.jpeg","contentUrl":"https:\/\/velarogverkfaeri.is\/wp-content\/uploads\/2023\/06\/5f245106-9b74-4bb1-967f-2785d808584d.jpeg","width":1000,"height":1000},{"@type":"BreadcrumbList","@id":"https:\/\/velarogverkfaeri.is\/lykillausnir\/badherbergi-lykillausnir\/handthurrkublasarar\/product\/world-dryer-handthurrkublasari-verdedri-krom-hepa\/#breadcrumb","itemListElement":[{"@type":"ListItem","position":1,"name":"Home","item":"https:\/\/velarogverkfaeri.is\/"},{"@type":"ListItem","position":2,"name":"Vefverslun","item":"https:\/\/velarogverkfaeri.is\/vefverslun\/"},{"@type":"ListItem","position":3,"name":"WORLD DRYER Verdedri Hand\u00feurrkubl\u00e1sari Ry\u00f0fr\u00edtt Q-973A2"}]},{"@type":"WebSite","@id":"https:\/\/velarogverkfaeri.is\/en\/#website","url":"https:\/\/velarogverkfaeri.is\/en\/","name":"V\u00e9lar & Verkf\u00e6ri","description":"Umbo\u00f0s- og heildverslun fr\u00e1 \u00e1rinu 1919","publisher":{"@id":"https:\/\/velarogverkfaeri.is\/en\/#organization"},"potentialAction":[{"@type":"SearchAction","target":{"@type":"EntryPoint","urlTemplate":"https:\/\/velarogverkfaeri.is\/en\/?s={search_term_string}"},"query-input":{"@type":"PropertyValueSpecification","valueRequired":true,"valueName":"search_term_string"}}],"inLanguage":"en-US"},{"@type":"Organization","@id":"https:\/\/velarogverkfaeri.is\/en\/#organization","name":"V\u00e9lar & Verkf\u00e6ri","url":"https:\/\/velarogverkfaeri.is\/en\/","logo":{"@type":"ImageObject","inLanguage":"en-US","@id":"https:\/\/velarogverkfaeri.is\/en\/#\/schema\/logo\/image\/","url":"https:\/\/velarogverkfaeri.is\/wp-content\/uploads\/2021\/10\/vv_logo_350x100.png","contentUrl":"https:\/\/velarogverkfaeri.is\/wp-content\/uploads\/2021\/10\/vv_logo_350x100.png","width":350,"height":100,"caption":"V\u00e9lar & Verkf\u00e6ri"},"image":{"@id":"https:\/\/velarogverkfaeri.is\/en\/#\/schema\/logo\/image\/"},"sameAs":["https:\/\/www.facebook.com\/VelarOgVerkfaeri"]}]}},"_links":{"self":[{"href":"https:\/\/velarogverkfaeri.is\/en\/wp-json\/wp\/v2\/product\/22914","targetHints":{"allow":["GET"]}}],"collection":[{"href":"https:\/\/velarogverkfaeri.is\/en\/wp-json\/wp\/v2\/product"}],"about":[{"href":"https:\/\/velarogverkfaeri.is\/en\/wp-json\/wp\/v2\/types\/product"}],"replies":[{"embeddable":true,"href":"https:\/\/velarogverkfaeri.is\/en\/wp-json\/wp\/v2\/comments?post=22914"}],"wp:featuredmedia":[{"embeddable":true,"href":"https:\/\/velarogverkfaeri.is\/en\/wp-json\/wp\/v2\/media\/28440"}],"wp:attachment":[{"href":"https:\/\/velarogverkfaeri.is\/en\/wp-json\/wp\/v2\/media?parent=22914"}],"wp:term":[{"taxonomy":"product_brand","embeddable":true,"href":"https:\/\/velarogverkfaeri.is\/en\/wp-json\/wp\/v2\/product_brand?post=22914"},{"taxonomy":"product_cat","embeddable":true,"href":"https:\/\/velarogverkfaeri.is\/en\/wp-json\/wp\/v2\/product_cat?post=22914"},{"taxonomy":"product_tag","embeddable":true,"href":"https:\/\/velarogverkfaeri.is\/en\/wp-json\/wp\/v2\/product_tag?post=22914"}],"curies":[{"name":"wp","href":"https:\/\/api.w.org\/{rel}","templated":true}]}}