{"id":22833,"date":"2023-06-08T19:20:13","date_gmt":"2023-06-08T19:20:13","guid":{"rendered":"https:\/\/vv-dev.webdev.is\/?post_type=product&#038;p=22833"},"modified":"2025-04-25T17:18:49","modified_gmt":"2025-04-25T17:18:49","slug":"dcw-biny-table-bordlampi-svartur","status":"publish","type":"product","link":"https:\/\/velarogverkfaeri.is\/en\/honnunarlausnir\/lampar\/bordlampar\/product\/dcw-biny-table-bordlampi-svartur\/","title":{"rendered":"DCW Biny Bor\u00f0lampi"},"content":{"rendered":"<div class=\"titre\">Bor\u00f0lampinn (Biny Table n\u00b0231) eftir Jacques BINY er n\u00e1nast geimvera \u00ed tunglheiminum. Lj\u00f3sin voru b\u00fain til \u00e1ri\u00f0 1958 og eru enn mj\u00f6g n\u00fat\u00edmaleg. Fyrir gott leslj\u00f3s, hanna\u00f0i Biny \u00fea\u00f0 me\u00f0 uggum sem beina sterku lj\u00f3si \u00e1 allt nytjasv\u00e6\u00f0i\u00f0. Fyrir mj\u00faka og \u00f3tr\u00falega \u00e1hrifar\u00edka l\u00fdsingu notar \u00feessi \u00fer\u00f3a\u00f0a endur\u00fatg\u00e1fa.<\/div>\n<div class=\"titre\">\n<div class=\"titre\"><\/div>\n<div class=\"titre\">\n<div class=\"titre\">\n<div class=\"titre\" style=\"\">St\u00e6r\u00f0: 32,5 x 18,5 x 32,5 cm<\/div>\n<div class=\"titre\" style=\"\">Efni: St\u00e1l, \u00e1l<\/div>\n<div class=\"titre\" style=\"\">Rafmagn: CLII &#8211; Module LED f\u00e6ranlegt 10W-2700K<\/div>\n<\/div>\n<\/div>\n<\/div>\n<div class=\"content\">\n<div class=\"content\">\n<div class=\"technical-infos-bloc\">\n<\/div>\n<\/div>\n<\/div>\n<div class=\"content\">&nbsp;<\/div>\n<div class=\"content\">\n<div class=\"info-bloc technical-infos\">\n<div class=\"content\">\n<div class=\"technical-infos-bloc\">\n<div class=\"technical-infos-content\"><span style=\"font-size: 12pt;\"><img decoding=\"async\" class=\"image-ip\" src=\"https:\/\/dcw-editions.fr\/storage\/img\/app\/elec\/CLII-IP20.svg\" alt=\"\" width=\"164\" height=\"20\"><\/span><\/div>\n<\/div>\n<\/div>\n<\/div>\n<div class=\"info-bloc downloads\">&nbsp;<\/div>\n<\/div>","protected":false},"excerpt":{"rendered":"<p>Tegund: BINY TABLE SW-BL-BL<\/p>\n<p>ATH a\u00f0eins 2 stk til \u00e1 lager<\/p>","protected":false},"featured_media":41427,"comment_status":"closed","ping_status":"closed","template":"","meta":[],"product_brand":[],"product_cat":[575,518,546],"product_tag":[1008,851],"class_list":{"0":"post-22833","1":"product","2":"type-product","3":"status-publish","4":"has-post-thumbnail","6":"product_cat-bordlampar","7":"product_cat-honnunarlausnir","8":"product_cat-lampar","9":"product_tag-dcw","10":"product_tag-lampadagar","12":"first","13":"instock","14":"taxable","15":"shipping-taxable","16":"purchasable","17":"product-type-simple"},"yoast_head":"<!-- This site is optimized with the Yoast SEO plugin v27.3 - https:\/\/yoast.com\/product\/yoast-seo-wordpress\/ -->\n<title>DCW Biny Bor\u00f0lampi - V\u00e9lar &amp; Verkf\u00e6ri<\/title>\n<meta name=\"robots\" content=\"index, follow, max-snippet:-1, max-image-preview:large, max-video-preview:-1\" \/>\n<link rel=\"canonical\" href=\"https:\/\/velarogverkfaeri.is\/en\/honnunarlausnir\/lampar\/bordlampar\/product\/dcw-biny-table-bordlampi-svartur\/\" \/>\n<meta property=\"og:locale\" content=\"en_US\" \/>\n<meta property=\"og:type\" content=\"article\" \/>\n<meta property=\"og:title\" content=\"DCW Biny Bor\u00f0lampi - V\u00e9lar &amp; Verkf\u00e6ri\" \/>\n<meta property=\"og:description\" content=\"Tegund: BINY TABLE SW-BL-BLATH a\u00f0eins 2 stk til \u00e1 lager\" \/>\n<meta property=\"og:url\" content=\"https:\/\/velarogverkfaeri.is\/en\/honnunarlausnir\/lampar\/bordlampar\/product\/dcw-biny-table-bordlampi-svartur\/\" \/>\n<meta property=\"og:site_name\" content=\"V\u00e9lar &amp; Verkf\u00e6ri\" \/>\n<meta property=\"article:publisher\" content=\"https:\/\/www.facebook.com\/VelarOgVerkfaeri\" \/>\n<meta property=\"article:modified_time\" content=\"2025-04-25T17:18:49+00:00\" \/>\n<meta property=\"og:image\" content=\"https:\/\/velarogverkfaeri.is\/wp-content\/uploads\/2023\/06\/2fea105c-f5ab-4693-856b-07ba1a8aad06.jpeg\" \/>\n\t<meta property=\"og:image:width\" content=\"1200\" \/>\n\t<meta property=\"og:image:height\" content=\"1200\" \/>\n\t<meta property=\"og:image:type\" content=\"image\/jpeg\" \/>\n<meta name=\"twitter:card\" content=\"summary_large_image\" \/>\n<script type=\"application\/ld+json\" class=\"yoast-schema-graph\">{\"@context\":\"https:\\\/\\\/schema.org\",\"@graph\":[{\"@type\":\"WebPage\",\"@id\":\"https:\\\/\\\/velarogverkfaeri.is\\\/honnunarlausnir\\\/lampar\\\/bordlampar\\\/product\\\/dcw-biny-table-bordlampi-svartur\\\/\",\"url\":\"https:\\\/\\\/velarogverkfaeri.is\\\/honnunarlausnir\\\/lampar\\\/bordlampar\\\/product\\\/dcw-biny-table-bordlampi-svartur\\\/\",\"name\":\"DCW Biny Bor\u00f0lampi - V\u00e9lar &amp; Verkf\u00e6ri\",\"isPartOf\":{\"@id\":\"https:\\\/\\\/velarogverkfaeri.is\\\/en\\\/#website\"},\"primaryImageOfPage\":{\"@id\":\"https:\\\/\\\/velarogverkfaeri.is\\\/honnunarlausnir\\\/lampar\\\/bordlampar\\\/product\\\/dcw-biny-table-bordlampi-svartur\\\/#primaryimage\"},\"image\":{\"@id\":\"https:\\\/\\\/velarogverkfaeri.is\\\/honnunarlausnir\\\/lampar\\\/bordlampar\\\/product\\\/dcw-biny-table-bordlampi-svartur\\\/#primaryimage\"},\"thumbnailUrl\":\"https:\\\/\\\/velarogverkfaeri.is\\\/wp-content\\\/uploads\\\/2023\\\/06\\\/2fea105c-f5ab-4693-856b-07ba1a8aad06.jpeg\",\"datePublished\":\"2023-06-08T19:20:13+00:00\",\"dateModified\":\"2025-04-25T17:18:49+00:00\",\"breadcrumb\":{\"@id\":\"https:\\\/\\\/velarogverkfaeri.is\\\/honnunarlausnir\\\/lampar\\\/bordlampar\\\/product\\\/dcw-biny-table-bordlampi-svartur\\\/#breadcrumb\"},\"inLanguage\":\"en-US\",\"potentialAction\":[{\"@type\":\"ReadAction\",\"target\":[\"https:\\\/\\\/velarogverkfaeri.is\\\/honnunarlausnir\\\/lampar\\\/bordlampar\\\/product\\\/dcw-biny-table-bordlampi-svartur\\\/\"]}]},{\"@type\":\"ImageObject\",\"inLanguage\":\"en-US\",\"@id\":\"https:\\\/\\\/velarogverkfaeri.is\\\/honnunarlausnir\\\/lampar\\\/bordlampar\\\/product\\\/dcw-biny-table-bordlampi-svartur\\\/#primaryimage\",\"url\":\"https:\\\/\\\/velarogverkfaeri.is\\\/wp-content\\\/uploads\\\/2023\\\/06\\\/2fea105c-f5ab-4693-856b-07ba1a8aad06.jpeg\",\"contentUrl\":\"https:\\\/\\\/velarogverkfaeri.is\\\/wp-content\\\/uploads\\\/2023\\\/06\\\/2fea105c-f5ab-4693-856b-07ba1a8aad06.jpeg\",\"width\":1200,\"height\":1200},{\"@type\":\"BreadcrumbList\",\"@id\":\"https:\\\/\\\/velarogverkfaeri.is\\\/honnunarlausnir\\\/lampar\\\/bordlampar\\\/product\\\/dcw-biny-table-bordlampi-svartur\\\/#breadcrumb\",\"itemListElement\":[{\"@type\":\"ListItem\",\"position\":1,\"name\":\"Home\",\"item\":\"https:\\\/\\\/velarogverkfaeri.is\\\/\"},{\"@type\":\"ListItem\",\"position\":2,\"name\":\"Vefverslun\",\"item\":\"https:\\\/\\\/velarogverkfaeri.is\\\/vefverslun\\\/\"},{\"@type\":\"ListItem\",\"position\":3,\"name\":\"DCW Biny Bor\u00f0lampi\"}]},{\"@type\":\"WebSite\",\"@id\":\"https:\\\/\\\/velarogverkfaeri.is\\\/en\\\/#website\",\"url\":\"https:\\\/\\\/velarogverkfaeri.is\\\/en\\\/\",\"name\":\"V\u00e9lar & Verkf\u00e6ri\",\"description\":\"Umbo\u00f0s- og heildverslun fr\u00e1 \u00e1rinu 1919\",\"publisher\":{\"@id\":\"https:\\\/\\\/velarogverkfaeri.is\\\/en\\\/#organization\"},\"potentialAction\":[{\"@type\":\"SearchAction\",\"target\":{\"@type\":\"EntryPoint\",\"urlTemplate\":\"https:\\\/\\\/velarogverkfaeri.is\\\/en\\\/?s={search_term_string}\"},\"query-input\":{\"@type\":\"PropertyValueSpecification\",\"valueRequired\":true,\"valueName\":\"search_term_string\"}}],\"inLanguage\":\"en-US\"},{\"@type\":\"Organization\",\"@id\":\"https:\\\/\\\/velarogverkfaeri.is\\\/en\\\/#organization\",\"name\":\"V\u00e9lar & Verkf\u00e6ri\",\"url\":\"https:\\\/\\\/velarogverkfaeri.is\\\/en\\\/\",\"logo\":{\"@type\":\"ImageObject\",\"inLanguage\":\"en-US\",\"@id\":\"https:\\\/\\\/velarogverkfaeri.is\\\/en\\\/#\\\/schema\\\/logo\\\/image\\\/\",\"url\":\"https:\\\/\\\/velarogverkfaeri.is\\\/wp-content\\\/uploads\\\/2021\\\/10\\\/vv_logo_350x100.png\",\"contentUrl\":\"https:\\\/\\\/velarogverkfaeri.is\\\/wp-content\\\/uploads\\\/2021\\\/10\\\/vv_logo_350x100.png\",\"width\":350,\"height\":100,\"caption\":\"V\u00e9lar & Verkf\u00e6ri\"},\"image\":{\"@id\":\"https:\\\/\\\/velarogverkfaeri.is\\\/en\\\/#\\\/schema\\\/logo\\\/image\\\/\"},\"sameAs\":[\"https:\\\/\\\/www.facebook.com\\\/VelarOgVerkfaeri\"]}]}<\/script>\n<!-- \/ Yoast SEO plugin. -->","yoast_head_json":{"title":"DCW Biny Bor\u00f0lampi - V\u00e9lar &amp; Verkf\u00e6ri","robots":{"index":"index","follow":"follow","max-snippet":"max-snippet:-1","max-image-preview":"max-image-preview:large","max-video-preview":"max-video-preview:-1"},"canonical":"https:\/\/velarogverkfaeri.is\/en\/honnunarlausnir\/lampar\/bordlampar\/product\/dcw-biny-table-bordlampi-svartur\/","og_locale":"en_US","og_type":"article","og_title":"DCW Biny Bor\u00f0lampi - V\u00e9lar &amp; Verkf\u00e6ri","og_description":"Tegund: BINY TABLE SW-BL-BLATH a\u00f0eins 2 stk til \u00e1 lager","og_url":"https:\/\/velarogverkfaeri.is\/en\/honnunarlausnir\/lampar\/bordlampar\/product\/dcw-biny-table-bordlampi-svartur\/","og_site_name":"V\u00e9lar &amp; Verkf\u00e6ri","article_publisher":"https:\/\/www.facebook.com\/VelarOgVerkfaeri","article_modified_time":"2025-04-25T17:18:49+00:00","og_image":[{"width":1200,"height":1200,"url":"https:\/\/velarogverkfaeri.is\/wp-content\/uploads\/2023\/06\/2fea105c-f5ab-4693-856b-07ba1a8aad06.jpeg","type":"image\/jpeg"}],"twitter_card":"summary_large_image","schema":{"@context":"https:\/\/schema.org","@graph":[{"@type":"WebPage","@id":"https:\/\/velarogverkfaeri.is\/honnunarlausnir\/lampar\/bordlampar\/product\/dcw-biny-table-bordlampi-svartur\/","url":"https:\/\/velarogverkfaeri.is\/honnunarlausnir\/lampar\/bordlampar\/product\/dcw-biny-table-bordlampi-svartur\/","name":"DCW Biny Bor\u00f0lampi - V\u00e9lar &amp; Verkf\u00e6ri","isPartOf":{"@id":"https:\/\/velarogverkfaeri.is\/en\/#website"},"primaryImageOfPage":{"@id":"https:\/\/velarogverkfaeri.is\/honnunarlausnir\/lampar\/bordlampar\/product\/dcw-biny-table-bordlampi-svartur\/#primaryimage"},"image":{"@id":"https:\/\/velarogverkfaeri.is\/honnunarlausnir\/lampar\/bordlampar\/product\/dcw-biny-table-bordlampi-svartur\/#primaryimage"},"thumbnailUrl":"https:\/\/velarogverkfaeri.is\/wp-content\/uploads\/2023\/06\/2fea105c-f5ab-4693-856b-07ba1a8aad06.jpeg","datePublished":"2023-06-08T19:20:13+00:00","dateModified":"2025-04-25T17:18:49+00:00","breadcrumb":{"@id":"https:\/\/velarogverkfaeri.is\/honnunarlausnir\/lampar\/bordlampar\/product\/dcw-biny-table-bordlampi-svartur\/#breadcrumb"},"inLanguage":"en-US","potentialAction":[{"@type":"ReadAction","target":["https:\/\/velarogverkfaeri.is\/honnunarlausnir\/lampar\/bordlampar\/product\/dcw-biny-table-bordlampi-svartur\/"]}]},{"@type":"ImageObject","inLanguage":"en-US","@id":"https:\/\/velarogverkfaeri.is\/honnunarlausnir\/lampar\/bordlampar\/product\/dcw-biny-table-bordlampi-svartur\/#primaryimage","url":"https:\/\/velarogverkfaeri.is\/wp-content\/uploads\/2023\/06\/2fea105c-f5ab-4693-856b-07ba1a8aad06.jpeg","contentUrl":"https:\/\/velarogverkfaeri.is\/wp-content\/uploads\/2023\/06\/2fea105c-f5ab-4693-856b-07ba1a8aad06.jpeg","width":1200,"height":1200},{"@type":"BreadcrumbList","@id":"https:\/\/velarogverkfaeri.is\/honnunarlausnir\/lampar\/bordlampar\/product\/dcw-biny-table-bordlampi-svartur\/#breadcrumb","itemListElement":[{"@type":"ListItem","position":1,"name":"Home","item":"https:\/\/velarogverkfaeri.is\/"},{"@type":"ListItem","position":2,"name":"Vefverslun","item":"https:\/\/velarogverkfaeri.is\/vefverslun\/"},{"@type":"ListItem","position":3,"name":"DCW Biny Bor\u00f0lampi"}]},{"@type":"WebSite","@id":"https:\/\/velarogverkfaeri.is\/en\/#website","url":"https:\/\/velarogverkfaeri.is\/en\/","name":"V\u00e9lar & Verkf\u00e6ri","description":"Umbo\u00f0s- og heildverslun fr\u00e1 \u00e1rinu 1919","publisher":{"@id":"https:\/\/velarogverkfaeri.is\/en\/#organization"},"potentialAction":[{"@type":"SearchAction","target":{"@type":"EntryPoint","urlTemplate":"https:\/\/velarogverkfaeri.is\/en\/?s={search_term_string}"},"query-input":{"@type":"PropertyValueSpecification","valueRequired":true,"valueName":"search_term_string"}}],"inLanguage":"en-US"},{"@type":"Organization","@id":"https:\/\/velarogverkfaeri.is\/en\/#organization","name":"V\u00e9lar & Verkf\u00e6ri","url":"https:\/\/velarogverkfaeri.is\/en\/","logo":{"@type":"ImageObject","inLanguage":"en-US","@id":"https:\/\/velarogverkfaeri.is\/en\/#\/schema\/logo\/image\/","url":"https:\/\/velarogverkfaeri.is\/wp-content\/uploads\/2021\/10\/vv_logo_350x100.png","contentUrl":"https:\/\/velarogverkfaeri.is\/wp-content\/uploads\/2021\/10\/vv_logo_350x100.png","width":350,"height":100,"caption":"V\u00e9lar & Verkf\u00e6ri"},"image":{"@id":"https:\/\/velarogverkfaeri.is\/en\/#\/schema\/logo\/image\/"},"sameAs":["https:\/\/www.facebook.com\/VelarOgVerkfaeri"]}]}},"_links":{"self":[{"href":"https:\/\/velarogverkfaeri.is\/en\/wp-json\/wp\/v2\/product\/22833","targetHints":{"allow":["GET"]}}],"collection":[{"href":"https:\/\/velarogverkfaeri.is\/en\/wp-json\/wp\/v2\/product"}],"about":[{"href":"https:\/\/velarogverkfaeri.is\/en\/wp-json\/wp\/v2\/types\/product"}],"replies":[{"embeddable":true,"href":"https:\/\/velarogverkfaeri.is\/en\/wp-json\/wp\/v2\/comments?post=22833"}],"wp:featuredmedia":[{"embeddable":true,"href":"https:\/\/velarogverkfaeri.is\/en\/wp-json\/wp\/v2\/media\/41427"}],"wp:attachment":[{"href":"https:\/\/velarogverkfaeri.is\/en\/wp-json\/wp\/v2\/media?parent=22833"}],"wp:term":[{"taxonomy":"product_brand","embeddable":true,"href":"https:\/\/velarogverkfaeri.is\/en\/wp-json\/wp\/v2\/product_brand?post=22833"},{"taxonomy":"product_cat","embeddable":true,"href":"https:\/\/velarogverkfaeri.is\/en\/wp-json\/wp\/v2\/product_cat?post=22833"},{"taxonomy":"product_tag","embeddable":true,"href":"https:\/\/velarogverkfaeri.is\/en\/wp-json\/wp\/v2\/product_tag?post=22833"}],"curies":[{"name":"wp","href":"https:\/\/api.w.org\/{rel}","templated":true}]}}