{"id":22528,"date":"2023-04-28T18:06:19","date_gmt":"2023-04-28T18:06:19","guid":{"rendered":"https:\/\/vv-dev.webdev.is\/?post_type=product&#038;p=22528"},"modified":"2025-11-12T09:31:38","modified_gmt":"2025-11-12T09:31:38","slug":"bahco-skiptilykill-15-svartur","status":"publish","type":"product","link":"https:\/\/velarogverkfaeri.is\/en\/verkfaeralausnir\/handverkfaeri\/skiptilyklar\/product\/bahco-skiptilykill-15-svartur\/","title":{"rendered":"BAHCO Skiptilykill 15&#8243; Svartur"},"content":{"rendered":"<p><img decoding=\"async\" src=\"data:image\/png;base64,iVBORw0KGgoAAAANSUhEUgAAAekAAADyCAYAAABpqD17AAAAAXNSR0IArs4c6QAAAARnQU1BAACxjwv8YQUAAAAJcEhZcwAADsMAAA7DAcdvqGQAABrnSURBVHhe7d1faFTX3sbxp++d90081hzUNgTFf+dtX62lcs6FkgixpRYkRQLiUE9uGr0QUqRGglGkgV7YnJupMiIEqRTa0jbgBHPRYqnV9vQYFWVIW6WJHie997LvWmuvPbNn8m9iM5Nl\/H5499vZe89MksPe+9m\/31ozPvOHIQAAEJz\/8f8FAACBIaQBAAgUIQ0AQKAIaQAAAkVIAwAQKEIaAIBAEdIAAASqgpC+pfSut\/T6tEtGI\/6ZI+loW\/q631CRvAbfta87qsG831Qx\/7ulb\/n1CuWH1GVf9+6QHvpN0e9e\/FsAAFholVfSTSmd\/uxjfTFpSWmDe0Jev\/3iHujnsbmk7YTGcva\/OY09cBuq78GY7tj\/5sYKIQ0AQGjmsd1dr9b3o+Dua6332yqxVh0+8Ds2+k3VtjFVdoMBAEB4GJMGACBQ8xrSDwePTh5bvp5x49RTLfHY9aTxYPeaaD0e546WCseM4zHnaV9X4Vh24XdPvr58jL7s73U\/O9qW\/N3nNk4PAEC1K2kbcj1DWv32h769\/KE6mqJddtvM7e0hHTHhNtDgX5tOabXdlpjsNRV3o9CRkQo\/82Md32Hfa44T02zYmt9dO7rNe\/i2uAvgXg0Wxuft35NTuqP8ve22t3RE9rXR71CzVj4AYNGoPKRzGe0vVI9+mS0wx+66CWeHCmPU9Wo9ZMNWeqFh9nHr1p7E+HZ9sw69bRI+d1k\/TBu2t\/T5mZy7AUiOi2\/oiML062uVprSplk3Q37Fh3LHWbzPM79BnQ\/f9Zi2NNvi\/Z4r3tuGefC0AAHNUeUhPNbu7EFZTW9qw0oX754lW78Nrl3VHTWpY5jfMgXu\/mVz\/XoPmP3fOHCi9mdh1QOmc2T42ET1vRvYjYb5anuXvc+qX6wX\/MGl1Q51\/BADA46luu3ujCTpT\/Q72FANzv6l0W3uOaU4TwOfIVuAlNxPxMmtla9viNtCb1HFo+oAuHSc3ge63AwAwn6ob0q79LHWkS8OyauOzyxpcK\/3xNet4YZx5iklqfiLZkYsmxAt\/U7da\/W4AAOZTlSeO2fZzDb+kxLeeB8\/PPFY+M\/t5bxu8tqouDeqRK0O+7V\/dTgAAAFaV29073WzuZLs7XrrmNNW6UmvV0dMcTXJLTGqLPho2l59pv2DFB3XifZY22IlriTH2eLa3XwUAYD5VHtJTze52y\/SfXR5JH1Ba5RPOoo9h3Tnzr7l9JKpS9tvE7Me1Er9vNA7+sQ5t8s+piAnqwvtEH7Fa2vpO6U3HB9KhxMfKAACYT8\/8YfjH88x+6UevZMJx0hi0+\/z0XROCtI0BAJhOFdvddbLd4cGesi\/68F9woh1tBDQAADOoYiUdsR9XOnLRr3i29cw3cAEAMLOqhzQAAHg8Vf6cNAAAeFyENAAAgSKkAQAIFCENAECgCGkAAAJFSAMAEChCGgCAQBHSAAAEipAGACBQhDQAAIEipAEACBQhDQBAoAhpAAACRUgDABAoQhoAgEAR0gAABIqQBgAgUIQ0AACBIqQBAAjUM38Y\/vGUHj165B8BAIBaWbJkCZU0AAChIqQBAAgUIQ0AQKAIaQAAAkVIAwAQKEIaAIBAEdIAAASKkAYAIFCENAAAgSKkAQAIFCENAECgCGkAAAJFSAMAEChCGgCAQFU9pPPZE2rbs6+4ZG77PdZtZUrWgcXrZsYc\/0eHlffr5WbbD+DpU92QvjGgznMr1H3+rC64pU+pu58qOxHv\/1FZ\/3C+uQueuzE4oe6j+9Rd+KFA7dmb1d67jWry6+Vm2w\/g6VTVkL55bVja\/pLW+XWpTi3H3lNLXbSWv38velAF61Jn1b+30TwaVW5UWvWc\/6FArcU3q7tXKOc3lZhtP4CnVlVDun65CclLico5wVa6nedMel7qK2uDTyhrKt+4Pe4q4Ilhdfv1tj0Duumf6Vrp5nWFqrmkVTih\/HP\/jCr4U+369WTxdUDN2GP35D2lzDFYvFlNmG2\/N+lYd+dB6bmSueGfbIeR9pxQ9kbxvHHnkbkZiJ9LWx14MlQ3pFveVIupZDMH\/YUhMf5cqHS3d0VBmlrjtt\/MdGl8d9we79Kqc11qO3hFW0\/5bYel3uQFxoT81U1+37Ftqncb7cWrS70nzWvtz\/1S2to4rKuFixhQCyYsDw5o1eFi96jUbPvLJI71\/r331Lsnca4c3qZsyY2oOe8+kTqT59Eny9Tv1vuU0oD6GQICglfliWNrlPIXiRa76qrmmStaG96p9X7FvH7zdvOf7Sbs44vY+pfUMnpFP8XXl8Z27Sw834oCOrPSh79dNj1QxhTtv97nooTauZnp0697TSCWHJ9Fs+2fJHGs1z+3wvz\/bdocv\/Yvy9SkexpPHOItu+Ob1mdlm1pNr27w63VavlLKjf\/u1gCEq8ohHUuG9ewVbbGlt0+9l8yGuCXulr6ZJ5tNjOjyaKNSr0WVubO+Xd027IFamRjWBXPs5mwFGx+7J4dNgTugTvM4c3mW\/XR9ABg1CulYdEc\/vWiM7cLyvkIVbMO1yVQbharYLRW2BwsmNH6XyWOoobpt6i05Zs1yeJurhm3LObV1lv2VVtcAFrUqhnQUuCUVwY2sMqOJFt0kv2u8ZCb2bV111cZHJZPP8hMztK3NxbFt+6gyXyY+fz3rzwUAIDzVC+mJ37V8t51V7Vt5rp0ndZ8vzmKtf3GLmuJWtpsMtkY79zYqW3jNj9psK4xTW3Q5nnxmlv7+7JQzxmPrUvbz2IkWednPBQDgSfDMH4Z\/PKVHjx75RwAAoFaWLFlS6zFpAABQKUIaAIBAEdIAAASKkAYAIFCENAAAgSKkAQAIFCENAECgCGkAAAJFSAMAEChCGgCAQBHSAAAEipAGACBQhDQAAIEipAEACNSs\/1QlAABYGFTSAAAEipAGACBQhDQAAIEipAEACBQhDQBAoAhpAAACRUgDABAoQhoAgEAR0gAABIqQBgAgUIQ0AACBIqQBAAgUIQ0AQKAIaQAAAlX1kH44eFSv73qruKRv+T3WLaVL1oHFaSRtjv13h\/TQr8cmnR9mSV\/3OxPc8+y5kh9S166MRvx2AItbdUP6ekb7z6zU8c8+1hdu+VAdv1zQYD7e\/70G\/cP55i6K7qJ3VF3vvqWuwg8FaimvQXP8HbnoV8s8HMuptSc+P6KlY6PfCeCpV9WQHrkyJO14WRv8ulSv1vePqbU+Wns4djd6UAUbOj7W6bebzKOc7uSkFxr8DwVq5pbSuw4o\/Xy3vuhp9tuS8vrtlyY1LPOrM1jasFKrG+rMKbRcLzQ1aKnfDmBxq2pIL20wIXkxUTkn2Ep3\/xmTnhd7o4q30PaOKo+49ecqYNfii7cVW31xC7BQNZe0E\/N62PBOVJ2kU\/q5hxYhaixfpzfs8dex1m8oNyFTSFdmY0p97u52rTrebyakgafEM38Y\/nEV2Eqit9jS3mEqisQFy4bs\/rG2km02cL\/bErf84tc3qSPtK\/DrGb1+vkGnzYVK9vUm6G27sLRFaIPeVDDxBXBHSh2\/ZDS2h1YiFkjiuC0ErL357Mjojl+1Jh\/LAJ5mVZ44Zu763Thbt1rtqquaZ65obZu6eJFaq1d2mP\/saCu0yLXxZbXmLuuHuDpvSumNqQLathj9GN8XW8ZcYP88xrg0AlLfrL74GLWL6\/hMPXEMwNOp6rO7I8mwHtJ3s1yEipO+\/ISbuCXulkRlPpX8f\/R1zlTeuxItxo0pHbdhD4TMhHa7OU4Hr\/CJBwCRGoV0rE52mHp60Xj0QMOHherChuvqt4vr0VKcfFYZO0GHyWMAgCdLFUM6CtyS1t31r5TONeuVacfcook0xTC9pe9MJX3nzL9KJp89zM\/QtnbVSE7pzxLVyKw\/F1gA1zNl50dGRy6WdYEAPNWqN3Esf0sjD8Y10JOcGNOs45+lih\/JSk6caUqVTAaL+OeXTbBZ3dSsfxxK6f+umed+s7V0Mo5TNnGs\/OcCNeImRxaOZ88d63\/TD4NfaezMUGL4huMUQKkqz+4GAACPq8Zj0gAAoFKENAAAgSKkAQAIFCENAECgCGkAAAJFSAMAEChCGgCAQBHSAAAEipAGACBQhDQAAIEipAEACBQhDQBAoAhpAAACRUgDABCoWf+pykePHvlHAACgVpYsWUIlDQBAqAhpAAACRUgDABAoQhoAgEAR0gAABIqQBgAgUIQ0AACBIqQBAAgUIQ0AQKAIaQAAAkVIAwAQKEIaAIBAEdIAAASKkAYAIFDV\/acqbwyo7aTUfb5d6\/ymhXAzs0+96tKF1Bq\/BaiRiWF1HxxQzq+qsV39x7ap3q9G58iwX5Ga9vapt6XOr1m3ldnTp6xf03aOY+BpwT9VCVSTD+hVh8\/qwnm79CmlAXVmbkf7XUDfU+pUvL9Lq851KXMj2m3eQNmjffrVBHe0\/6y61ae2+PUAFj1CGqiS\/L+vKGcq39R6v0F1+t9XG6W795U3a\/n790xl\/KaKhfMabd4u\/Xp\/Ilq9kVVG7epMVNbrXmtX06VPlfVPAbC4LWhI57Mn1LZnn18GdNNvdxWIXbeVxlT7XQsw3l5cuuMrV9nrrkZbgZqqb3mvrDU9oZ++HVXL7qjdXf\/ilrLAva2rl6RVz0WhfPPasLTyuWJr3KrboK2No7r879KUdueSqbDt0E583N90lXi8vi9Rodvz54SyN+x5Fu1z507yvDk67G4kACysBQtpe1HpPLdC3b6Nd+Gw1FtyYRhW77WXfJuvT6lGs+7bfDczZS1AU30UxvJswJ8cVkuhxfiSZC58wMKJw7JLl181x3JcWddtU+\/5NzV+0Afjnk+1\/NTZROVtjuvlz\/pHFbjUp6ubouO+f+899ZqfN77bnweHtyl7MnmjO6rMJ1KnO0eiNnvbJ8vU79ajtnw\/5Tqw4BYopH1FcTgxoWx9i7kwXNFPhetCo1KvxVVIsk04ofG7fvMUJrcYoxYisHDq1HIsCr+t35owTI5J7\/lRm10w2iUK7EJHaK4a27XTH\/f1z60w\/3+bNsfnwV+WqUn3NJ5467iil57VcnN6Nb26wa\/XaflKKTf+u1sDsHAWKKR\/1\/iozJ19XEFEVUZmdFTj\/\/VPmZa94PmLnX9t793iuF3evjEQJHPsmmDUpR+jVvQnw2ra25L45MMapUzFm\/t2pNBRIiiBp9sChXR0515sSReXZKtvOvnsR65tWHhd8iMtQBCiFvdjVcWjD1xIr9tkAt1PMiuYGNHl0UZtfbE4mQzA4rVAIR21r20lkbwA5Scqu6DZCTeyY2iFKtwsfjzbXdiSk3EmhnWBMWnUXFQ15859lJgYlqyeo3Mgdy5bOiHyZKK6dkNApWPDN78cUK5kRjiAxawGIT2s3mSYmsVWF3bma\/+rV9SZ2N7fn63goyXmQnbwgdoS1bed+NIyOqCv7OzV9e3q3yvzHP++\/VLbXlO2A7VmjsULh1cUj0U\/cSz+shJ3DrgJXvH+PmW3dyW+zMQO7fhJXf45fCkP8HSp7jeOVYP7gogr2nrqvWI14bbZ4F7YbzYDAGC+2G8ce\/JC2nLf1FT8KkU7i3Whv3oUAID59OSGNAAAixzf3Q0AQMAIaQAAAkVIAwAQKEIaAIBAEdIAAASKkAYAIFCENAAAgSKkAQAIFCENAECgCGkAAAJFSAMAEChCGgCAQM36D2wAAICFQSUNAECgCGkAAAJFSAMAEChCGgCAQBHSAAAEipAGACBQhDQAAIEipAEACBQhDQBAoAhpAAACRUgDABAoQhoAgEAR0gAABIqQBgAgULUJ6fyQuna9pdeTy7tDeuh3A4vVw8Gjpcd9+pbfc0tps56+7lfLjKTt8zMa8euzeTiY0WDerzj2\/Y+WbZua+x2nPR+j37Pwe1\/PJJ6b1+C70\/wN9nlT\/P7x\/x5dlfxiszHXlfR8vA8QsKqHtLvYdFzWP9If64vPisvpv1\/W\/j8b1Inw73rXnvyVX9SAqjNBtf\/MSh0vHPcfquOXCxUEp31Ck\/m\/Bi2NNswirx++uesfzzP\/q6xuqIvW\/wz3v0dOrT0fq6+13m98fA+vXdbP\/jGwWFU3pM1JeeRikzrSx1R+Ti5tPaYv3m+u8CI0jfpm9X3WrVbz8E4uN4eLGlB9I1eGpB0va4NfNwesWt+ffC5MVq8NHXM5PyY0Zg7\/qqhfq4735yNUTUXeM6TVb5sblY1+05\/0sGp\/NBCOqoZ0dJFqq+CiZJS1xIstNN+2u17cX9JeM49f8ZXK8ecz+oD2FwKxtMGUoBcrqZytqHUcd4NcWzhuMbtzw2wvOUd818ht69Wgckp32O2TW9xRi7m8yzRDu921quOW9Awt7YrZ9zC\/447uSWFfOhyQ\/N0nn\/fF\/dHvdOSiuTk\/c8Dtm5f2ORCgKoZ0Xr\/9UmGbzF5oOjJ6oSduC3ZLPckT1lyAzkuHfBgX7sTtxaSnV0f8CfxbQ7PufPMfxroRhKWt5ga1EJ5mKYxHl7Ohc0Dp57vN8Z1KVN5JQzryQfEcOL7DrNv3K3STbMfK7puqa\/WOOpqGNJAIsoeD5ubBhOakqtadU3fde81HS9oaSZu\/TSmd7ljrt3jmvP\/gm6067f+mL3pWKv1Bcgis9Lw\/vsOsu\/22I2HXzfXFVOZ233z9rkBoajNxLClZDfgxaTu2dKfkgrFWb7wtfX2teFFp3VPW+ktcTNwJ\/tk70jemcs+NEdIIxFp1uGMzGpLRxV5z3E+eN+FCzAZ0eYiVMCF8qHgObNjSbN7v+wrnYJhQM+dP8Qb2lj63Y8NbJodmlzunKmnJV8LcSJjz3Fa8k85fy95gJFv6yxq0uuz8Tb7O\/c2c33jKVDGk6\/XX56U7YxN+3XN3\/vau2ZxwnhtbchcwH95msRNMJr02YXIr3VyIDqW02q8B4UiG9ZC+S7SOB3tsiJkA3jVTQE\/BBpru6rdKu7wbX1ZrLqPP7c++\/r0Gm1J6I1lFm337OzLmZrnC4amKNEeT5sy5bv\/OKVvmyZt2+\/P9ZgCRqlbS0d3+7GNybuzOVNJRRZxYZqwspvBgTHeYPIZg1cke6kl2pvPpt6W0CajKqmLPHutaqb9WHKi2O9WkwfMZpc8PTa5sTWiftjcR5mZ53sd3N6amDmrbDesYU3t8vqe5yQbKVbfdbU5ON47UMcVklrHiR0aWbtqq1eVhns\/P2NbasMuc0CWvyZsL0JBW\/\/1vhDQCMMWEq+tfKZ1r1itl48D2kw5ujHnGjyTmNPbAP\/THeunM8dm5MfLckAZVVkUXmIrfBKXOHPiTE8WmMEVQu2tA4m9ww17+MYBI1cekN3TYO+St+jqePFNoZ6\/U8Xg8yrbAy5\/zwb\/0+Ux39PY1dqJJ4TUH9PXfP2QCCcKQn9Bf96T0swmlwjHdIx2fZmKYPU\/spxP2TzE7O9Kkn88Xj\/XSMey1esXdDEf7pw9Y+zzNfCPrzkX\/e0870e0xJYLavre7aUgMc32grdHYfYVspy6e3T3vvysQiGf+MPxjACFyn36wXwj0Jyd0ufex7eXpZpADCE3tZ3cDWAC33Li33t5JQANPECppAAACRSUNAECgCGkAAAJFSAMAEChCGgCAQBHSAAAEipAGACBQhDQAAIEipAEACBQhDQBAoAhpAAACRUgDABAoQhoAgEDN+g9sPHr0yD8CAAC1smTJEippAABCRUgDABAoQhoAgEAR0gAABIqQBgAgUIQ0AACBIqQBAAgUIQ0AQKAIaQAAAkVIAwAQKEIaAIBAEdIAAASKkAYAIFCENAAAgaruP1U5Mazug1e09dR7aqnz2xZKSL8Lnjo3M\/vUe7dd\/ce2qd5vc24MqO3ksF+RWg6fVWq9X3EmlD3apcyoX1WjUslj2B3XA8r5VWd7ly6k1vgVAE8q\/qlKoOpsyJqAvuRXk2zAnrxnQvesLpy3S5d0cp8yN\/z+OKBXmtB1+8+qf6+UMaF80z9D\/32gnA1lv98tBDSwaNQgpEfNRWWf2vbEywllJ\/wuYFG7rcweH7KHt\/ltRTe\/HJD2\/jPR2VmjnXsblf1kWHm7OjGiy6Pb1J0I3foXt6hJ9zTuz6H8\/XtqWv5stAJg0alBSNv2XOIu\/\/AKE9o2qKMKoy1z2z\/Ps+2\/PVGlYFuE3dnb0fN8yHcnEj6fPVHYXlziKsO\/v9\/e\/eUDtxWomYlntXPayva2rprqetVzpWMvLoRHr+gne5jXbVPv+Xati3Y5+X9fMZXzm4Vgz48X+uCzsudT6blilqP+hgBAkGrf7l7folTjqC7\/W2rpbFfTpU8TlbUJVlNFtBwuXphy5z6VOuOA32bWP4qePzGs\/nMr1B2H\/ynzXjJVh7+o3cyYCkbt6vf7O5ffKx23A6qtrq50\/HmSRi3\/i384i\/iGtPPbLeovhP6Exu\/ac6SrGLrlN70xc\/PrxsTj88VW9o1TjJEDCMrCjkmbSqFtuw1sn9I3ssqMbtPm5MSZRNWg9S+pRaMa\/695bMfioq1TsFWKqeA7ixegqE0IPJnqW95z4dr\/6hV1FrpFdWo55kPXLX1K3e2bMqhtWxzAk6fmIZ3PfmSCuFFbX4ySd90mWx1no\/b2tWE17W0pae9Na327qQak3riCODigVXEFPnFfv7onASHzN5xzUN9iblo1rKuFyWVJJrR3mwr50o\/FiWWeDfko4P35YiesJW5iAYSp5hPHOl2LOvEREtf+HtaFzIAuXDKVdXEWzSxuK3NSxXa3WUo\/ugKEbI02b5d+vV+cY2G5MefGLfpfcxq4Fvd8jRnb4SHbKi+cL3wUEXgS1H7iWNlEmPjuP3dpWKq0inbsRW64WEn7xX18pW6Dtjaam4Mvi20\/O5OWMWmEZN1r7VI8x8K5ra\/OjbrzwVa4rmoeHVB\/yWTJT5VtbNdOd0NqblRLWtv2xnWabpQ9JzRQrKTdwictgNAF8mUm9qMqn2p52fPcF0Ao+cUM9nl90uGz2nn\/hPr1T\/UmXmArDzexxk2GiZ6b9ftaDtvPoE7+GUA1uWPSBG+J5IStWb\/MpPQ4Tr42nx3WV+MDyiY+gz359RF7Ll3dVLpv8vkFICT2y0yqG9IVchey8TfndLGY6gJjt11Y3lcS3ACiL0W5\/Gry3Ii2je9mmAgIVRgh7SoJ+61Lc61wo4tM8esSpaa9BDQwtbKK3Jiu6gYQhmAqaQAAUIrv7gYAIGCENAAAgSKkAQAIFCENAECgCGkAAAJFSAMAEChCGgCAQBHSAAAEipAGACBQhDQAAEGS\/h8XNeqeefYpsQAAAABJRU5ErkJggg==\" alt=\"\"><\/p>","protected":false},"excerpt":{"rendered":"<p>H\u00e1marksopnun 44mm og lengd 380mm.<\/p>","protected":false},"featured_media":33972,"comment_status":"closed","ping_status":"closed","template":"","meta":[],"product_brand":[],"product_cat":[588,777,515],"product_tag":[1024],"class_list":{"0":"post-22528","1":"product","2":"type-product","3":"status-publish","4":"has-post-thumbnail","6":"product_cat-handverkfaeri","7":"product_cat-skiptilyklar","8":"product_cat-verkfaeralausnir","9":"product_tag-bahco","11":"first","12":"instock","13":"taxable","14":"shipping-taxable","15":"purchasable","16":"product-type-simple"},"yoast_head":"<!-- This site is optimized with the Yoast SEO plugin v27.3 - https:\/\/yoast.com\/product\/yoast-seo-wordpress\/ -->\n<title>BAHCO Skiptilykill 15&quot; Svartur - V\u00e9lar &amp; Verkf\u00e6ri<\/title>\n<meta name=\"robots\" content=\"index, follow, max-snippet:-1, max-image-preview:large, max-video-preview:-1\" \/>\n<link rel=\"canonical\" href=\"https:\/\/velarogverkfaeri.is\/en\/verkfaeralausnir\/handverkfaeri\/skiptilyklar\/product\/bahco-skiptilykill-15-svartur\/\" \/>\n<meta property=\"og:locale\" content=\"en_US\" \/>\n<meta property=\"og:type\" content=\"article\" \/>\n<meta property=\"og:title\" content=\"BAHCO Skiptilykill 15&quot; Svartur - V\u00e9lar &amp; Verkf\u00e6ri\" \/>\n<meta property=\"og:description\" content=\"H\u00e1marksopnun 44mm og lengd 380mm.\" \/>\n<meta property=\"og:url\" content=\"https:\/\/velarogverkfaeri.is\/en\/verkfaeralausnir\/handverkfaeri\/skiptilyklar\/product\/bahco-skiptilykill-15-svartur\/\" \/>\n<meta property=\"og:site_name\" content=\"V\u00e9lar &amp; Verkf\u00e6ri\" \/>\n<meta property=\"article:publisher\" content=\"https:\/\/www.facebook.com\/VelarOgVerkfaeri\" \/>\n<meta property=\"article:modified_time\" content=\"2025-11-12T09:31:38+00:00\" \/>\n<meta property=\"og:image\" content=\"https:\/\/velarogverkfaeri.is\/wp-content\/uploads\/2023\/06\/2322ace6-4762-4934-9464-2fae32b79baf.jpeg\" \/>\n\t<meta property=\"og:image:width\" content=\"425\" \/>\n\t<meta property=\"og:image:height\" content=\"425\" \/>\n\t<meta property=\"og:image:type\" content=\"image\/jpeg\" \/>\n<meta name=\"twitter:card\" content=\"summary_large_image\" \/>\n<script type=\"application\/ld+json\" class=\"yoast-schema-graph\">{\"@context\":\"https:\\\/\\\/schema.org\",\"@graph\":[{\"@type\":\"WebPage\",\"@id\":\"https:\\\/\\\/velarogverkfaeri.is\\\/verkfaeralausnir\\\/handverkfaeri\\\/skiptilyklar\\\/product\\\/bahco-skiptilykill-15-svartur\\\/\",\"url\":\"https:\\\/\\\/velarogverkfaeri.is\\\/verkfaeralausnir\\\/handverkfaeri\\\/skiptilyklar\\\/product\\\/bahco-skiptilykill-15-svartur\\\/\",\"name\":\"BAHCO Skiptilykill 15\\\" Svartur - V\u00e9lar &amp; Verkf\u00e6ri\",\"isPartOf\":{\"@id\":\"https:\\\/\\\/velarogverkfaeri.is\\\/en\\\/#website\"},\"primaryImageOfPage\":{\"@id\":\"https:\\\/\\\/velarogverkfaeri.is\\\/verkfaeralausnir\\\/handverkfaeri\\\/skiptilyklar\\\/product\\\/bahco-skiptilykill-15-svartur\\\/#primaryimage\"},\"image\":{\"@id\":\"https:\\\/\\\/velarogverkfaeri.is\\\/verkfaeralausnir\\\/handverkfaeri\\\/skiptilyklar\\\/product\\\/bahco-skiptilykill-15-svartur\\\/#primaryimage\"},\"thumbnailUrl\":\"https:\\\/\\\/velarogverkfaeri.is\\\/wp-content\\\/uploads\\\/2023\\\/06\\\/2322ace6-4762-4934-9464-2fae32b79baf.jpeg\",\"datePublished\":\"2023-04-28T18:06:19+00:00\",\"dateModified\":\"2025-11-12T09:31:38+00:00\",\"breadcrumb\":{\"@id\":\"https:\\\/\\\/velarogverkfaeri.is\\\/verkfaeralausnir\\\/handverkfaeri\\\/skiptilyklar\\\/product\\\/bahco-skiptilykill-15-svartur\\\/#breadcrumb\"},\"inLanguage\":\"en-US\",\"potentialAction\":[{\"@type\":\"ReadAction\",\"target\":[\"https:\\\/\\\/velarogverkfaeri.is\\\/verkfaeralausnir\\\/handverkfaeri\\\/skiptilyklar\\\/product\\\/bahco-skiptilykill-15-svartur\\\/\"]}]},{\"@type\":\"ImageObject\",\"inLanguage\":\"en-US\",\"@id\":\"https:\\\/\\\/velarogverkfaeri.is\\\/verkfaeralausnir\\\/handverkfaeri\\\/skiptilyklar\\\/product\\\/bahco-skiptilykill-15-svartur\\\/#primaryimage\",\"url\":\"https:\\\/\\\/velarogverkfaeri.is\\\/wp-content\\\/uploads\\\/2023\\\/06\\\/2322ace6-4762-4934-9464-2fae32b79baf.jpeg\",\"contentUrl\":\"https:\\\/\\\/velarogverkfaeri.is\\\/wp-content\\\/uploads\\\/2023\\\/06\\\/2322ace6-4762-4934-9464-2fae32b79baf.jpeg\",\"width\":425,\"height\":425},{\"@type\":\"BreadcrumbList\",\"@id\":\"https:\\\/\\\/velarogverkfaeri.is\\\/verkfaeralausnir\\\/handverkfaeri\\\/skiptilyklar\\\/product\\\/bahco-skiptilykill-15-svartur\\\/#breadcrumb\",\"itemListElement\":[{\"@type\":\"ListItem\",\"position\":1,\"name\":\"Home\",\"item\":\"https:\\\/\\\/velarogverkfaeri.is\\\/\"},{\"@type\":\"ListItem\",\"position\":2,\"name\":\"Vefverslun\",\"item\":\"https:\\\/\\\/velarogverkfaeri.is\\\/vefverslun\\\/\"},{\"@type\":\"ListItem\",\"position\":3,\"name\":\"BAHCO Skiptilykill 15&#8243; Svartur\"}]},{\"@type\":\"WebSite\",\"@id\":\"https:\\\/\\\/velarogverkfaeri.is\\\/en\\\/#website\",\"url\":\"https:\\\/\\\/velarogverkfaeri.is\\\/en\\\/\",\"name\":\"V\u00e9lar & Verkf\u00e6ri\",\"description\":\"Umbo\u00f0s- og heildverslun fr\u00e1 \u00e1rinu 1919\",\"publisher\":{\"@id\":\"https:\\\/\\\/velarogverkfaeri.is\\\/en\\\/#organization\"},\"potentialAction\":[{\"@type\":\"SearchAction\",\"target\":{\"@type\":\"EntryPoint\",\"urlTemplate\":\"https:\\\/\\\/velarogverkfaeri.is\\\/en\\\/?s={search_term_string}\"},\"query-input\":{\"@type\":\"PropertyValueSpecification\",\"valueRequired\":true,\"valueName\":\"search_term_string\"}}],\"inLanguage\":\"en-US\"},{\"@type\":\"Organization\",\"@id\":\"https:\\\/\\\/velarogverkfaeri.is\\\/en\\\/#organization\",\"name\":\"V\u00e9lar & Verkf\u00e6ri\",\"url\":\"https:\\\/\\\/velarogverkfaeri.is\\\/en\\\/\",\"logo\":{\"@type\":\"ImageObject\",\"inLanguage\":\"en-US\",\"@id\":\"https:\\\/\\\/velarogverkfaeri.is\\\/en\\\/#\\\/schema\\\/logo\\\/image\\\/\",\"url\":\"https:\\\/\\\/velarogverkfaeri.is\\\/wp-content\\\/uploads\\\/2021\\\/10\\\/vv_logo_350x100.png\",\"contentUrl\":\"https:\\\/\\\/velarogverkfaeri.is\\\/wp-content\\\/uploads\\\/2021\\\/10\\\/vv_logo_350x100.png\",\"width\":350,\"height\":100,\"caption\":\"V\u00e9lar & Verkf\u00e6ri\"},\"image\":{\"@id\":\"https:\\\/\\\/velarogverkfaeri.is\\\/en\\\/#\\\/schema\\\/logo\\\/image\\\/\"},\"sameAs\":[\"https:\\\/\\\/www.facebook.com\\\/VelarOgVerkfaeri\"]}]}<\/script>\n<!-- \/ Yoast SEO plugin. -->","yoast_head_json":{"title":"BAHCO Skiptilykill 15\" Svartur - V\u00e9lar &amp; Verkf\u00e6ri","robots":{"index":"index","follow":"follow","max-snippet":"max-snippet:-1","max-image-preview":"max-image-preview:large","max-video-preview":"max-video-preview:-1"},"canonical":"https:\/\/velarogverkfaeri.is\/en\/verkfaeralausnir\/handverkfaeri\/skiptilyklar\/product\/bahco-skiptilykill-15-svartur\/","og_locale":"en_US","og_type":"article","og_title":"BAHCO Skiptilykill 15\" Svartur - V\u00e9lar &amp; Verkf\u00e6ri","og_description":"H\u00e1marksopnun 44mm og lengd 380mm.","og_url":"https:\/\/velarogverkfaeri.is\/en\/verkfaeralausnir\/handverkfaeri\/skiptilyklar\/product\/bahco-skiptilykill-15-svartur\/","og_site_name":"V\u00e9lar &amp; Verkf\u00e6ri","article_publisher":"https:\/\/www.facebook.com\/VelarOgVerkfaeri","article_modified_time":"2025-11-12T09:31:38+00:00","og_image":[{"width":425,"height":425,"url":"https:\/\/velarogverkfaeri.is\/wp-content\/uploads\/2023\/06\/2322ace6-4762-4934-9464-2fae32b79baf.jpeg","type":"image\/jpeg"}],"twitter_card":"summary_large_image","schema":{"@context":"https:\/\/schema.org","@graph":[{"@type":"WebPage","@id":"https:\/\/velarogverkfaeri.is\/verkfaeralausnir\/handverkfaeri\/skiptilyklar\/product\/bahco-skiptilykill-15-svartur\/","url":"https:\/\/velarogverkfaeri.is\/verkfaeralausnir\/handverkfaeri\/skiptilyklar\/product\/bahco-skiptilykill-15-svartur\/","name":"BAHCO Skiptilykill 15\" Svartur - V\u00e9lar &amp; Verkf\u00e6ri","isPartOf":{"@id":"https:\/\/velarogverkfaeri.is\/en\/#website"},"primaryImageOfPage":{"@id":"https:\/\/velarogverkfaeri.is\/verkfaeralausnir\/handverkfaeri\/skiptilyklar\/product\/bahco-skiptilykill-15-svartur\/#primaryimage"},"image":{"@id":"https:\/\/velarogverkfaeri.is\/verkfaeralausnir\/handverkfaeri\/skiptilyklar\/product\/bahco-skiptilykill-15-svartur\/#primaryimage"},"thumbnailUrl":"https:\/\/velarogverkfaeri.is\/wp-content\/uploads\/2023\/06\/2322ace6-4762-4934-9464-2fae32b79baf.jpeg","datePublished":"2023-04-28T18:06:19+00:00","dateModified":"2025-11-12T09:31:38+00:00","breadcrumb":{"@id":"https:\/\/velarogverkfaeri.is\/verkfaeralausnir\/handverkfaeri\/skiptilyklar\/product\/bahco-skiptilykill-15-svartur\/#breadcrumb"},"inLanguage":"en-US","potentialAction":[{"@type":"ReadAction","target":["https:\/\/velarogverkfaeri.is\/verkfaeralausnir\/handverkfaeri\/skiptilyklar\/product\/bahco-skiptilykill-15-svartur\/"]}]},{"@type":"ImageObject","inLanguage":"en-US","@id":"https:\/\/velarogverkfaeri.is\/verkfaeralausnir\/handverkfaeri\/skiptilyklar\/product\/bahco-skiptilykill-15-svartur\/#primaryimage","url":"https:\/\/velarogverkfaeri.is\/wp-content\/uploads\/2023\/06\/2322ace6-4762-4934-9464-2fae32b79baf.jpeg","contentUrl":"https:\/\/velarogverkfaeri.is\/wp-content\/uploads\/2023\/06\/2322ace6-4762-4934-9464-2fae32b79baf.jpeg","width":425,"height":425},{"@type":"BreadcrumbList","@id":"https:\/\/velarogverkfaeri.is\/verkfaeralausnir\/handverkfaeri\/skiptilyklar\/product\/bahco-skiptilykill-15-svartur\/#breadcrumb","itemListElement":[{"@type":"ListItem","position":1,"name":"Home","item":"https:\/\/velarogverkfaeri.is\/"},{"@type":"ListItem","position":2,"name":"Vefverslun","item":"https:\/\/velarogverkfaeri.is\/vefverslun\/"},{"@type":"ListItem","position":3,"name":"BAHCO Skiptilykill 15&#8243; Svartur"}]},{"@type":"WebSite","@id":"https:\/\/velarogverkfaeri.is\/en\/#website","url":"https:\/\/velarogverkfaeri.is\/en\/","name":"V\u00e9lar & Verkf\u00e6ri","description":"Umbo\u00f0s- og heildverslun fr\u00e1 \u00e1rinu 1919","publisher":{"@id":"https:\/\/velarogverkfaeri.is\/en\/#organization"},"potentialAction":[{"@type":"SearchAction","target":{"@type":"EntryPoint","urlTemplate":"https:\/\/velarogverkfaeri.is\/en\/?s={search_term_string}"},"query-input":{"@type":"PropertyValueSpecification","valueRequired":true,"valueName":"search_term_string"}}],"inLanguage":"en-US"},{"@type":"Organization","@id":"https:\/\/velarogverkfaeri.is\/en\/#organization","name":"V\u00e9lar & Verkf\u00e6ri","url":"https:\/\/velarogverkfaeri.is\/en\/","logo":{"@type":"ImageObject","inLanguage":"en-US","@id":"https:\/\/velarogverkfaeri.is\/en\/#\/schema\/logo\/image\/","url":"https:\/\/velarogverkfaeri.is\/wp-content\/uploads\/2021\/10\/vv_logo_350x100.png","contentUrl":"https:\/\/velarogverkfaeri.is\/wp-content\/uploads\/2021\/10\/vv_logo_350x100.png","width":350,"height":100,"caption":"V\u00e9lar & Verkf\u00e6ri"},"image":{"@id":"https:\/\/velarogverkfaeri.is\/en\/#\/schema\/logo\/image\/"},"sameAs":["https:\/\/www.facebook.com\/VelarOgVerkfaeri"]}]}},"_links":{"self":[{"href":"https:\/\/velarogverkfaeri.is\/en\/wp-json\/wp\/v2\/product\/22528","targetHints":{"allow":["GET"]}}],"collection":[{"href":"https:\/\/velarogverkfaeri.is\/en\/wp-json\/wp\/v2\/product"}],"about":[{"href":"https:\/\/velarogverkfaeri.is\/en\/wp-json\/wp\/v2\/types\/product"}],"replies":[{"embeddable":true,"href":"https:\/\/velarogverkfaeri.is\/en\/wp-json\/wp\/v2\/comments?post=22528"}],"wp:featuredmedia":[{"embeddable":true,"href":"https:\/\/velarogverkfaeri.is\/en\/wp-json\/wp\/v2\/media\/33972"}],"wp:attachment":[{"href":"https:\/\/velarogverkfaeri.is\/en\/wp-json\/wp\/v2\/media?parent=22528"}],"wp:term":[{"taxonomy":"product_brand","embeddable":true,"href":"https:\/\/velarogverkfaeri.is\/en\/wp-json\/wp\/v2\/product_brand?post=22528"},{"taxonomy":"product_cat","embeddable":true,"href":"https:\/\/velarogverkfaeri.is\/en\/wp-json\/wp\/v2\/product_cat?post=22528"},{"taxonomy":"product_tag","embeddable":true,"href":"https:\/\/velarogverkfaeri.is\/en\/wp-json\/wp\/v2\/product_tag?post=22528"}],"curies":[{"name":"wp","href":"https:\/\/api.w.org\/{rel}","templated":true}]}}