{"id":22475,"date":"2023-06-08T19:20:59","date_gmt":"2023-06-08T19:20:59","guid":{"rendered":"https:\/\/vv-dev.webdev.is\/?post_type=product&#038;p=22475"},"modified":"2026-04-16T17:31:01","modified_gmt":"2026-04-16T17:31:01","slug":"skil-red-hekkklippa-hledslu-55cm-0430aa","status":"publish","type":"product","link":"https:\/\/velarogverkfaeri.is\/en\/verkfaeralausnir\/gardverkfaeri\/gardverkfaeri-rafhloduknuin\/product\/skil-red-hekkklippa-hledslu-55cm-0430aa\/","title":{"rendered":"SKIL RED Hekkklippur hle\u00f0slu 55cm 0430AA"},"content":{"rendered":"<p style=\"text-align: center;\">&#160;<\/p>\n<p style=\"text-align: center;\"><span style=\"font-size: 12pt;\"><iframe title=\"YouTube video player\" src=\"https:\/\/www.youtube.com\/embed\/VbCoXoUudwE\" width=\"545\" height=\"307\" frameborder=\"0\" allowfullscreen=\"allowfullscreen\"><\/iframe><\/span><\/p>","protected":false},"excerpt":{"rendered":"<p>ATH A\u00f0eins 1 stk til \u00e1 lager <\/p>\n<p>\u00d6flug rafkn\u00fain \u00fer\u00e1\u00f0laus Hekkklippur fr\u00e1 Skil.  <\/p>\n<p>Rafhla\u00f0a og hle\u00f0slut\u00e6ki fylgja me\u00f0 <\/p>\n<p> L\u00e9tt og me\u00f0fer\u00f0aleg vegur a\u00f0eins 3 kg sem au\u00f0veldar notkun til lengri t\u00edma. <\/p>\n<p> Klippir allt a\u00f0 20mm \u00feykkar greinar.  <\/p>\n<p> Rafhla\u00f0a notast vi\u00f0 \u201eKeep Cool\u201c t\u00e6knina fr\u00e1 Skil sem skilar lengri l\u00edft\u00edma rafhl\u00f6\u00f0unar. <\/p>\n<p> Hle\u00f0sut\u00edmi me\u00f0 Skil 3122 AA hle\u00f0slu\u00e6kinu sem fylgir me\u00f0 tekur ekki nema 1 klst til a\u00f0 n\u00e1 fullri hle\u00f0slu.  <\/p>\n<p>Hl\u00edf  yfir bla\u00f0 og kr\u00f3kur til a\u00f0 hengja v\u00e9l \u00e1 fylgja me\u00f0.<\/p>","protected":false},"featured_media":41902,"comment_status":"closed","ping_status":"closed","template":"","meta":[],"product_brand":[],"product_cat":[587,797,515],"product_tag":[1023,923],"class_list":{"0":"post-22475","1":"product","2":"type-product","3":"status-publish","4":"has-post-thumbnail","6":"product_cat-gardverkfaeri","7":"product_cat-gardverkfaeri-rafhloduknuin","8":"product_cat-verkfaeralausnir","9":"product_tag-skil","10":"product_tag-skilgardurinn","12":"first","13":"instock","14":"taxable","15":"shipping-taxable","16":"purchasable","17":"product-type-simple"},"yoast_head":"<!-- This site is optimized with the Yoast SEO plugin v27.3 - https:\/\/yoast.com\/product\/yoast-seo-wordpress\/ -->\n<title>SKIL RED Hekkklippur hle\u00f0slu 55cm 0430AA - V\u00e9lar &amp; Verkf\u00e6ri<\/title>\n<meta name=\"robots\" content=\"index, follow, max-snippet:-1, max-image-preview:large, max-video-preview:-1\" \/>\n<link rel=\"canonical\" href=\"https:\/\/velarogverkfaeri.is\/en\/verkfaeralausnir\/gardverkfaeri\/gardverkfaeri-rafhloduknuin\/product\/skil-red-hekkklippa-hledslu-55cm-0430aa\/\" \/>\n<meta property=\"og:locale\" content=\"en_US\" \/>\n<meta property=\"og:type\" content=\"article\" \/>\n<meta property=\"og:title\" content=\"SKIL RED Hekkklippur hle\u00f0slu 55cm 0430AA - V\u00e9lar &amp; Verkf\u00e6ri\" \/>\n<meta property=\"og:description\" content=\"ATH A\u00f0eins 1 stk til \u00e1 lager \u00d6flug rafkn\u00fain \u00fer\u00e1\u00f0laus Hekkklippur fr\u00e1 Skil.  Rafhla\u00f0a og hle\u00f0slut\u00e6ki fylgja me\u00f0  L\u00e9tt og me\u00f0fer\u00f0aleg vegur a\u00f0eins 3 kg sem au\u00f0veldar notkun til lengri t\u00edma.  Klippir allt a\u00f0 20mm \u00feykkar greinar.  Rafhla\u00f0a notast vi\u00f0 \u201eKeep Cool\u201c t\u00e6knina fr\u00e1 Skil sem skilar lengri l\u00edft\u00edma rafhl\u00f6\u00f0unar.  Hle\u00f0sut\u00edmi me\u00f0 Skil 3122 AA hle\u00f0slu\u00e6kinu sem fylgir me\u00f0 tekur ekki nema 1 klst til a\u00f0 n\u00e1 fullri hle\u00f0slu.  Hl\u00edf yfir bla\u00f0 og kr\u00f3kur til a\u00f0 hengja v\u00e9l \u00e1 fylgja me\u00f0.\" \/>\n<meta property=\"og:url\" content=\"https:\/\/velarogverkfaeri.is\/en\/verkfaeralausnir\/gardverkfaeri\/gardverkfaeri-rafhloduknuin\/product\/skil-red-hekkklippa-hledslu-55cm-0430aa\/\" \/>\n<meta property=\"og:site_name\" content=\"V\u00e9lar &amp; Verkf\u00e6ri\" \/>\n<meta property=\"article:publisher\" content=\"https:\/\/www.facebook.com\/VelarOgVerkfaeri\" \/>\n<meta property=\"article:modified_time\" content=\"2026-04-16T17:31:01+00:00\" \/>\n<meta property=\"og:image\" content=\"https:\/\/velarogverkfaeri.is\/wp-content\/uploads\/2023\/06\/b6419218-5735-45d4-8c3a-a4244aba6569.jpeg\" \/>\n\t<meta property=\"og:image:width\" content=\"560\" \/>\n\t<meta property=\"og:image:height\" content=\"400\" \/>\n\t<meta property=\"og:image:type\" content=\"image\/jpeg\" \/>\n<meta name=\"twitter:card\" content=\"summary_large_image\" \/>\n<script type=\"application\/ld+json\" class=\"yoast-schema-graph\">{\"@context\":\"https:\\\/\\\/schema.org\",\"@graph\":[{\"@type\":\"WebPage\",\"@id\":\"https:\\\/\\\/velarogverkfaeri.is\\\/verkfaeralausnir\\\/gardverkfaeri\\\/gardverkfaeri-rafhloduknuin\\\/product\\\/skil-red-hekkklippa-hledslu-55cm-0430aa\\\/\",\"url\":\"https:\\\/\\\/velarogverkfaeri.is\\\/verkfaeralausnir\\\/gardverkfaeri\\\/gardverkfaeri-rafhloduknuin\\\/product\\\/skil-red-hekkklippa-hledslu-55cm-0430aa\\\/\",\"name\":\"SKIL RED Hekkklippur hle\u00f0slu 55cm 0430AA - V\u00e9lar &amp; Verkf\u00e6ri\",\"isPartOf\":{\"@id\":\"https:\\\/\\\/velarogverkfaeri.is\\\/en\\\/#website\"},\"primaryImageOfPage\":{\"@id\":\"https:\\\/\\\/velarogverkfaeri.is\\\/verkfaeralausnir\\\/gardverkfaeri\\\/gardverkfaeri-rafhloduknuin\\\/product\\\/skil-red-hekkklippa-hledslu-55cm-0430aa\\\/#primaryimage\"},\"image\":{\"@id\":\"https:\\\/\\\/velarogverkfaeri.is\\\/verkfaeralausnir\\\/gardverkfaeri\\\/gardverkfaeri-rafhloduknuin\\\/product\\\/skil-red-hekkklippa-hledslu-55cm-0430aa\\\/#primaryimage\"},\"thumbnailUrl\":\"https:\\\/\\\/velarogverkfaeri.is\\\/wp-content\\\/uploads\\\/2023\\\/06\\\/b6419218-5735-45d4-8c3a-a4244aba6569.jpeg\",\"datePublished\":\"2023-06-08T19:20:59+00:00\",\"dateModified\":\"2026-04-16T17:31:01+00:00\",\"breadcrumb\":{\"@id\":\"https:\\\/\\\/velarogverkfaeri.is\\\/verkfaeralausnir\\\/gardverkfaeri\\\/gardverkfaeri-rafhloduknuin\\\/product\\\/skil-red-hekkklippa-hledslu-55cm-0430aa\\\/#breadcrumb\"},\"inLanguage\":\"en-US\",\"potentialAction\":[{\"@type\":\"ReadAction\",\"target\":[\"https:\\\/\\\/velarogverkfaeri.is\\\/verkfaeralausnir\\\/gardverkfaeri\\\/gardverkfaeri-rafhloduknuin\\\/product\\\/skil-red-hekkklippa-hledslu-55cm-0430aa\\\/\"]}]},{\"@type\":\"ImageObject\",\"inLanguage\":\"en-US\",\"@id\":\"https:\\\/\\\/velarogverkfaeri.is\\\/verkfaeralausnir\\\/gardverkfaeri\\\/gardverkfaeri-rafhloduknuin\\\/product\\\/skil-red-hekkklippa-hledslu-55cm-0430aa\\\/#primaryimage\",\"url\":\"https:\\\/\\\/velarogverkfaeri.is\\\/wp-content\\\/uploads\\\/2023\\\/06\\\/b6419218-5735-45d4-8c3a-a4244aba6569.jpeg\",\"contentUrl\":\"https:\\\/\\\/velarogverkfaeri.is\\\/wp-content\\\/uploads\\\/2023\\\/06\\\/b6419218-5735-45d4-8c3a-a4244aba6569.jpeg\",\"width\":560,\"height\":400},{\"@type\":\"BreadcrumbList\",\"@id\":\"https:\\\/\\\/velarogverkfaeri.is\\\/verkfaeralausnir\\\/gardverkfaeri\\\/gardverkfaeri-rafhloduknuin\\\/product\\\/skil-red-hekkklippa-hledslu-55cm-0430aa\\\/#breadcrumb\",\"itemListElement\":[{\"@type\":\"ListItem\",\"position\":1,\"name\":\"Home\",\"item\":\"https:\\\/\\\/velarogverkfaeri.is\\\/\"},{\"@type\":\"ListItem\",\"position\":2,\"name\":\"Vefverslun\",\"item\":\"https:\\\/\\\/velarogverkfaeri.is\\\/vefverslun\\\/\"},{\"@type\":\"ListItem\",\"position\":3,\"name\":\"SKIL RED Hekkklippur hle\u00f0slu 55cm 0430AA\"}]},{\"@type\":\"WebSite\",\"@id\":\"https:\\\/\\\/velarogverkfaeri.is\\\/en\\\/#website\",\"url\":\"https:\\\/\\\/velarogverkfaeri.is\\\/en\\\/\",\"name\":\"V\u00e9lar & Verkf\u00e6ri\",\"description\":\"Umbo\u00f0s- og heildverslun fr\u00e1 \u00e1rinu 1919\",\"publisher\":{\"@id\":\"https:\\\/\\\/velarogverkfaeri.is\\\/en\\\/#organization\"},\"potentialAction\":[{\"@type\":\"SearchAction\",\"target\":{\"@type\":\"EntryPoint\",\"urlTemplate\":\"https:\\\/\\\/velarogverkfaeri.is\\\/en\\\/?s={search_term_string}\"},\"query-input\":{\"@type\":\"PropertyValueSpecification\",\"valueRequired\":true,\"valueName\":\"search_term_string\"}}],\"inLanguage\":\"en-US\"},{\"@type\":\"Organization\",\"@id\":\"https:\\\/\\\/velarogverkfaeri.is\\\/en\\\/#organization\",\"name\":\"V\u00e9lar & Verkf\u00e6ri\",\"url\":\"https:\\\/\\\/velarogverkfaeri.is\\\/en\\\/\",\"logo\":{\"@type\":\"ImageObject\",\"inLanguage\":\"en-US\",\"@id\":\"https:\\\/\\\/velarogverkfaeri.is\\\/en\\\/#\\\/schema\\\/logo\\\/image\\\/\",\"url\":\"https:\\\/\\\/velarogverkfaeri.is\\\/wp-content\\\/uploads\\\/2021\\\/10\\\/vv_logo_350x100.png\",\"contentUrl\":\"https:\\\/\\\/velarogverkfaeri.is\\\/wp-content\\\/uploads\\\/2021\\\/10\\\/vv_logo_350x100.png\",\"width\":350,\"height\":100,\"caption\":\"V\u00e9lar & Verkf\u00e6ri\"},\"image\":{\"@id\":\"https:\\\/\\\/velarogverkfaeri.is\\\/en\\\/#\\\/schema\\\/logo\\\/image\\\/\"},\"sameAs\":[\"https:\\\/\\\/www.facebook.com\\\/VelarOgVerkfaeri\"]}]}<\/script>\n<!-- \/ Yoast SEO plugin. -->","yoast_head_json":{"title":"SKIL RED Hekkklippur hle\u00f0slu 55cm 0430AA - V\u00e9lar &amp; Verkf\u00e6ri","robots":{"index":"index","follow":"follow","max-snippet":"max-snippet:-1","max-image-preview":"max-image-preview:large","max-video-preview":"max-video-preview:-1"},"canonical":"https:\/\/velarogverkfaeri.is\/en\/verkfaeralausnir\/gardverkfaeri\/gardverkfaeri-rafhloduknuin\/product\/skil-red-hekkklippa-hledslu-55cm-0430aa\/","og_locale":"en_US","og_type":"article","og_title":"SKIL RED Hekkklippur hle\u00f0slu 55cm 0430AA - V\u00e9lar &amp; Verkf\u00e6ri","og_description":"ATH A\u00f0eins 1 stk til \u00e1 lager \u00d6flug rafkn\u00fain \u00fer\u00e1\u00f0laus Hekkklippur fr\u00e1 Skil.  Rafhla\u00f0a og hle\u00f0slut\u00e6ki fylgja me\u00f0  L\u00e9tt og me\u00f0fer\u00f0aleg vegur a\u00f0eins 3 kg sem au\u00f0veldar notkun til lengri t\u00edma.  Klippir allt a\u00f0 20mm \u00feykkar greinar.  Rafhla\u00f0a notast vi\u00f0 \u201eKeep Cool\u201c t\u00e6knina fr\u00e1 Skil sem skilar lengri l\u00edft\u00edma rafhl\u00f6\u00f0unar.  Hle\u00f0sut\u00edmi me\u00f0 Skil 3122 AA hle\u00f0slu\u00e6kinu sem fylgir me\u00f0 tekur ekki nema 1 klst til a\u00f0 n\u00e1 fullri hle\u00f0slu.  Hl\u00edf yfir bla\u00f0 og kr\u00f3kur til a\u00f0 hengja v\u00e9l \u00e1 fylgja me\u00f0.","og_url":"https:\/\/velarogverkfaeri.is\/en\/verkfaeralausnir\/gardverkfaeri\/gardverkfaeri-rafhloduknuin\/product\/skil-red-hekkklippa-hledslu-55cm-0430aa\/","og_site_name":"V\u00e9lar &amp; Verkf\u00e6ri","article_publisher":"https:\/\/www.facebook.com\/VelarOgVerkfaeri","article_modified_time":"2026-04-16T17:31:01+00:00","og_image":[{"width":560,"height":400,"url":"https:\/\/velarogverkfaeri.is\/wp-content\/uploads\/2023\/06\/b6419218-5735-45d4-8c3a-a4244aba6569.jpeg","type":"image\/jpeg"}],"twitter_card":"summary_large_image","schema":{"@context":"https:\/\/schema.org","@graph":[{"@type":"WebPage","@id":"https:\/\/velarogverkfaeri.is\/verkfaeralausnir\/gardverkfaeri\/gardverkfaeri-rafhloduknuin\/product\/skil-red-hekkklippa-hledslu-55cm-0430aa\/","url":"https:\/\/velarogverkfaeri.is\/verkfaeralausnir\/gardverkfaeri\/gardverkfaeri-rafhloduknuin\/product\/skil-red-hekkklippa-hledslu-55cm-0430aa\/","name":"SKIL RED Hekkklippur hle\u00f0slu 55cm 0430AA - V\u00e9lar &amp; Verkf\u00e6ri","isPartOf":{"@id":"https:\/\/velarogverkfaeri.is\/en\/#website"},"primaryImageOfPage":{"@id":"https:\/\/velarogverkfaeri.is\/verkfaeralausnir\/gardverkfaeri\/gardverkfaeri-rafhloduknuin\/product\/skil-red-hekkklippa-hledslu-55cm-0430aa\/#primaryimage"},"image":{"@id":"https:\/\/velarogverkfaeri.is\/verkfaeralausnir\/gardverkfaeri\/gardverkfaeri-rafhloduknuin\/product\/skil-red-hekkklippa-hledslu-55cm-0430aa\/#primaryimage"},"thumbnailUrl":"https:\/\/velarogverkfaeri.is\/wp-content\/uploads\/2023\/06\/b6419218-5735-45d4-8c3a-a4244aba6569.jpeg","datePublished":"2023-06-08T19:20:59+00:00","dateModified":"2026-04-16T17:31:01+00:00","breadcrumb":{"@id":"https:\/\/velarogverkfaeri.is\/verkfaeralausnir\/gardverkfaeri\/gardverkfaeri-rafhloduknuin\/product\/skil-red-hekkklippa-hledslu-55cm-0430aa\/#breadcrumb"},"inLanguage":"en-US","potentialAction":[{"@type":"ReadAction","target":["https:\/\/velarogverkfaeri.is\/verkfaeralausnir\/gardverkfaeri\/gardverkfaeri-rafhloduknuin\/product\/skil-red-hekkklippa-hledslu-55cm-0430aa\/"]}]},{"@type":"ImageObject","inLanguage":"en-US","@id":"https:\/\/velarogverkfaeri.is\/verkfaeralausnir\/gardverkfaeri\/gardverkfaeri-rafhloduknuin\/product\/skil-red-hekkklippa-hledslu-55cm-0430aa\/#primaryimage","url":"https:\/\/velarogverkfaeri.is\/wp-content\/uploads\/2023\/06\/b6419218-5735-45d4-8c3a-a4244aba6569.jpeg","contentUrl":"https:\/\/velarogverkfaeri.is\/wp-content\/uploads\/2023\/06\/b6419218-5735-45d4-8c3a-a4244aba6569.jpeg","width":560,"height":400},{"@type":"BreadcrumbList","@id":"https:\/\/velarogverkfaeri.is\/verkfaeralausnir\/gardverkfaeri\/gardverkfaeri-rafhloduknuin\/product\/skil-red-hekkklippa-hledslu-55cm-0430aa\/#breadcrumb","itemListElement":[{"@type":"ListItem","position":1,"name":"Home","item":"https:\/\/velarogverkfaeri.is\/"},{"@type":"ListItem","position":2,"name":"Vefverslun","item":"https:\/\/velarogverkfaeri.is\/vefverslun\/"},{"@type":"ListItem","position":3,"name":"SKIL RED Hekkklippur hle\u00f0slu 55cm 0430AA"}]},{"@type":"WebSite","@id":"https:\/\/velarogverkfaeri.is\/en\/#website","url":"https:\/\/velarogverkfaeri.is\/en\/","name":"V\u00e9lar & Verkf\u00e6ri","description":"Umbo\u00f0s- og heildverslun fr\u00e1 \u00e1rinu 1919","publisher":{"@id":"https:\/\/velarogverkfaeri.is\/en\/#organization"},"potentialAction":[{"@type":"SearchAction","target":{"@type":"EntryPoint","urlTemplate":"https:\/\/velarogverkfaeri.is\/en\/?s={search_term_string}"},"query-input":{"@type":"PropertyValueSpecification","valueRequired":true,"valueName":"search_term_string"}}],"inLanguage":"en-US"},{"@type":"Organization","@id":"https:\/\/velarogverkfaeri.is\/en\/#organization","name":"V\u00e9lar & Verkf\u00e6ri","url":"https:\/\/velarogverkfaeri.is\/en\/","logo":{"@type":"ImageObject","inLanguage":"en-US","@id":"https:\/\/velarogverkfaeri.is\/en\/#\/schema\/logo\/image\/","url":"https:\/\/velarogverkfaeri.is\/wp-content\/uploads\/2021\/10\/vv_logo_350x100.png","contentUrl":"https:\/\/velarogverkfaeri.is\/wp-content\/uploads\/2021\/10\/vv_logo_350x100.png","width":350,"height":100,"caption":"V\u00e9lar & Verkf\u00e6ri"},"image":{"@id":"https:\/\/velarogverkfaeri.is\/en\/#\/schema\/logo\/image\/"},"sameAs":["https:\/\/www.facebook.com\/VelarOgVerkfaeri"]}]}},"_links":{"self":[{"href":"https:\/\/velarogverkfaeri.is\/en\/wp-json\/wp\/v2\/product\/22475","targetHints":{"allow":["GET"]}}],"collection":[{"href":"https:\/\/velarogverkfaeri.is\/en\/wp-json\/wp\/v2\/product"}],"about":[{"href":"https:\/\/velarogverkfaeri.is\/en\/wp-json\/wp\/v2\/types\/product"}],"replies":[{"embeddable":true,"href":"https:\/\/velarogverkfaeri.is\/en\/wp-json\/wp\/v2\/comments?post=22475"}],"wp:featuredmedia":[{"embeddable":true,"href":"https:\/\/velarogverkfaeri.is\/en\/wp-json\/wp\/v2\/media\/41902"}],"wp:attachment":[{"href":"https:\/\/velarogverkfaeri.is\/en\/wp-json\/wp\/v2\/media?parent=22475"}],"wp:term":[{"taxonomy":"product_brand","embeddable":true,"href":"https:\/\/velarogverkfaeri.is\/en\/wp-json\/wp\/v2\/product_brand?post=22475"},{"taxonomy":"product_cat","embeddable":true,"href":"https:\/\/velarogverkfaeri.is\/en\/wp-json\/wp\/v2\/product_cat?post=22475"},{"taxonomy":"product_tag","embeddable":true,"href":"https:\/\/velarogverkfaeri.is\/en\/wp-json\/wp\/v2\/product_tag?post=22475"}],"curies":[{"name":"wp","href":"https:\/\/api.w.org\/{rel}","templated":true}]}}