{"id":22456,"date":"2023-04-28T17:40:38","date_gmt":"2023-04-28T17:40:38","guid":{"rendered":"https:\/\/vv-dev.webdev.is\/?post_type=product&#038;p=22456"},"modified":"2025-11-06T12:46:08","modified_gmt":"2025-11-06T12:46:08","slug":"varta-hofudljos-work-flex-h20-med-skynjara-150-lumens","status":"publish","type":"product","link":"https:\/\/velarogverkfaeri.is\/en\/lykillausnir\/utivistarvorur\/hofudljos\/product\/varta-hofudljos-work-flex-h20-med-skynjara-150-lumens\/","title":{"rendered":"VARTA H\u00f6fu\u00f0lj\u00f3s WORK FLEX H20 150 Lumens"},"content":{"rendered":"<p>\u00d6flugt h\u00f6fu\u00f0lj\u00f3s me\u00f0 <strong data-start=\"140\" data-end=\"162\">COB LED og 3 W LED<\/strong> t\u00e6kni og <strong data-start=\"172\" data-end=\"196\">8 l\u00fdsingarstillingum<\/strong>.<br data-start=\"197\" data-end=\"200\"><br \/>\nVirkar me\u00f0 <strong data-start=\"211\" data-end=\"230\">handarhreyfingu<\/strong>, er <strong data-start=\"235\" data-end=\"254\" data-is-only-node=\"\">h\u00f6gg\u00feoli\u00f0 (2 m)<\/strong> og <strong data-start=\"258\" data-end=\"287\">vatns- og rykvari\u00f0 (IP54)<\/strong>.<br data-start=\"288\" data-end=\"291\"><br \/>\nMe\u00f0 <strong data-start=\"295\" data-end=\"333\">stillanlegu, \u00fevottah\u00e6fu h\u00f6fu\u00f0bandi<\/strong> og <strong data-start=\"337\" data-end=\"361\">sn\u00faanlegum lj\u00f3sahaus<\/strong> fyrir n\u00e1kv\u00e6ma l\u00fdsingu.<\/p>","protected":false},"excerpt":{"rendered":"<p>H\u00f6fu\u00f0lj\u00f3s me\u00f0 hreyfiskynjara<\/p>","protected":false},"featured_media":25709,"comment_status":"closed","ping_status":"closed","template":"","meta":[],"product_brand":[],"product_cat":[695,517,601],"product_tag":[1095],"class_list":{"0":"post-22456","1":"product","2":"type-product","3":"status-publish","4":"has-post-thumbnail","6":"product_cat-hofudljos","7":"product_cat-lykillausnir","8":"product_cat-utivistarvorur","9":"product_tag-hofudljos","11":"first","12":"instock","13":"taxable","14":"shipping-taxable","15":"purchasable","16":"product-type-simple"},"yoast_head":"<!-- This site is optimized with the Yoast SEO plugin v27.3 - https:\/\/yoast.com\/product\/yoast-seo-wordpress\/ -->\n<title>VARTA H\u00f6fu\u00f0lj\u00f3s WORK FLEX H20 150 Lumens - V\u00e9lar &amp; Verkf\u00e6ri<\/title>\n<meta name=\"robots\" content=\"index, follow, max-snippet:-1, max-image-preview:large, max-video-preview:-1\" \/>\n<link rel=\"canonical\" href=\"https:\/\/velarogverkfaeri.is\/en\/lykillausnir\/utivistarvorur\/hofudljos\/product\/varta-hofudljos-work-flex-h20-med-skynjara-150-lumens\/\" \/>\n<meta property=\"og:locale\" content=\"en_US\" \/>\n<meta property=\"og:type\" content=\"article\" \/>\n<meta property=\"og:title\" content=\"VARTA H\u00f6fu\u00f0lj\u00f3s WORK FLEX H20 150 Lumens - V\u00e9lar &amp; Verkf\u00e6ri\" \/>\n<meta property=\"og:description\" content=\"H\u00f6fu\u00f0lj\u00f3s me\u00f0 hreyfiskynjara\" \/>\n<meta property=\"og:url\" content=\"https:\/\/velarogverkfaeri.is\/en\/lykillausnir\/utivistarvorur\/hofudljos\/product\/varta-hofudljos-work-flex-h20-med-skynjara-150-lumens\/\" \/>\n<meta property=\"og:site_name\" content=\"V\u00e9lar &amp; Verkf\u00e6ri\" \/>\n<meta property=\"article:publisher\" content=\"https:\/\/www.facebook.com\/VelarOgVerkfaeri\" \/>\n<meta property=\"article:modified_time\" content=\"2025-11-06T12:46:08+00:00\" \/>\n<meta property=\"og:image\" content=\"https:\/\/velarogverkfaeri.is\/wp-content\/uploads\/2023\/06\/ba6746d6-42a7-45bc-a636-d71dc99afb61.jpeg\" \/>\n\t<meta property=\"og:image:width\" content=\"313\" \/>\n\t<meta property=\"og:image:height\" content=\"720\" \/>\n\t<meta property=\"og:image:type\" content=\"image\/jpeg\" \/>\n<meta name=\"twitter:card\" content=\"summary_large_image\" \/>\n<script type=\"application\/ld+json\" class=\"yoast-schema-graph\">{\"@context\":\"https:\\\/\\\/schema.org\",\"@graph\":[{\"@type\":\"WebPage\",\"@id\":\"https:\\\/\\\/velarogverkfaeri.is\\\/lykillausnir\\\/utivistarvorur\\\/hofudljos\\\/product\\\/varta-hofudljos-work-flex-h20-med-skynjara-150-lumens\\\/\",\"url\":\"https:\\\/\\\/velarogverkfaeri.is\\\/lykillausnir\\\/utivistarvorur\\\/hofudljos\\\/product\\\/varta-hofudljos-work-flex-h20-med-skynjara-150-lumens\\\/\",\"name\":\"VARTA H\u00f6fu\u00f0lj\u00f3s WORK FLEX H20 150 Lumens - V\u00e9lar &amp; Verkf\u00e6ri\",\"isPartOf\":{\"@id\":\"https:\\\/\\\/velarogverkfaeri.is\\\/en\\\/#website\"},\"primaryImageOfPage\":{\"@id\":\"https:\\\/\\\/velarogverkfaeri.is\\\/lykillausnir\\\/utivistarvorur\\\/hofudljos\\\/product\\\/varta-hofudljos-work-flex-h20-med-skynjara-150-lumens\\\/#primaryimage\"},\"image\":{\"@id\":\"https:\\\/\\\/velarogverkfaeri.is\\\/lykillausnir\\\/utivistarvorur\\\/hofudljos\\\/product\\\/varta-hofudljos-work-flex-h20-med-skynjara-150-lumens\\\/#primaryimage\"},\"thumbnailUrl\":\"https:\\\/\\\/velarogverkfaeri.is\\\/wp-content\\\/uploads\\\/2023\\\/06\\\/ba6746d6-42a7-45bc-a636-d71dc99afb61.jpeg\",\"datePublished\":\"2023-04-28T17:40:38+00:00\",\"dateModified\":\"2025-11-06T12:46:08+00:00\",\"breadcrumb\":{\"@id\":\"https:\\\/\\\/velarogverkfaeri.is\\\/lykillausnir\\\/utivistarvorur\\\/hofudljos\\\/product\\\/varta-hofudljos-work-flex-h20-med-skynjara-150-lumens\\\/#breadcrumb\"},\"inLanguage\":\"en-US\",\"potentialAction\":[{\"@type\":\"ReadAction\",\"target\":[\"https:\\\/\\\/velarogverkfaeri.is\\\/lykillausnir\\\/utivistarvorur\\\/hofudljos\\\/product\\\/varta-hofudljos-work-flex-h20-med-skynjara-150-lumens\\\/\"]}]},{\"@type\":\"ImageObject\",\"inLanguage\":\"en-US\",\"@id\":\"https:\\\/\\\/velarogverkfaeri.is\\\/lykillausnir\\\/utivistarvorur\\\/hofudljos\\\/product\\\/varta-hofudljos-work-flex-h20-med-skynjara-150-lumens\\\/#primaryimage\",\"url\":\"https:\\\/\\\/velarogverkfaeri.is\\\/wp-content\\\/uploads\\\/2023\\\/06\\\/ba6746d6-42a7-45bc-a636-d71dc99afb61.jpeg\",\"contentUrl\":\"https:\\\/\\\/velarogverkfaeri.is\\\/wp-content\\\/uploads\\\/2023\\\/06\\\/ba6746d6-42a7-45bc-a636-d71dc99afb61.jpeg\",\"width\":313,\"height\":720},{\"@type\":\"BreadcrumbList\",\"@id\":\"https:\\\/\\\/velarogverkfaeri.is\\\/lykillausnir\\\/utivistarvorur\\\/hofudljos\\\/product\\\/varta-hofudljos-work-flex-h20-med-skynjara-150-lumens\\\/#breadcrumb\",\"itemListElement\":[{\"@type\":\"ListItem\",\"position\":1,\"name\":\"Home\",\"item\":\"https:\\\/\\\/velarogverkfaeri.is\\\/\"},{\"@type\":\"ListItem\",\"position\":2,\"name\":\"Vefverslun\",\"item\":\"https:\\\/\\\/velarogverkfaeri.is\\\/vefverslun\\\/\"},{\"@type\":\"ListItem\",\"position\":3,\"name\":\"VARTA H\u00f6fu\u00f0lj\u00f3s WORK FLEX H20 150 Lumens\"}]},{\"@type\":\"WebSite\",\"@id\":\"https:\\\/\\\/velarogverkfaeri.is\\\/en\\\/#website\",\"url\":\"https:\\\/\\\/velarogverkfaeri.is\\\/en\\\/\",\"name\":\"V\u00e9lar & Verkf\u00e6ri\",\"description\":\"Umbo\u00f0s- og heildverslun fr\u00e1 \u00e1rinu 1919\",\"publisher\":{\"@id\":\"https:\\\/\\\/velarogverkfaeri.is\\\/en\\\/#organization\"},\"potentialAction\":[{\"@type\":\"SearchAction\",\"target\":{\"@type\":\"EntryPoint\",\"urlTemplate\":\"https:\\\/\\\/velarogverkfaeri.is\\\/en\\\/?s={search_term_string}\"},\"query-input\":{\"@type\":\"PropertyValueSpecification\",\"valueRequired\":true,\"valueName\":\"search_term_string\"}}],\"inLanguage\":\"en-US\"},{\"@type\":\"Organization\",\"@id\":\"https:\\\/\\\/velarogverkfaeri.is\\\/en\\\/#organization\",\"name\":\"V\u00e9lar & Verkf\u00e6ri\",\"url\":\"https:\\\/\\\/velarogverkfaeri.is\\\/en\\\/\",\"logo\":{\"@type\":\"ImageObject\",\"inLanguage\":\"en-US\",\"@id\":\"https:\\\/\\\/velarogverkfaeri.is\\\/en\\\/#\\\/schema\\\/logo\\\/image\\\/\",\"url\":\"https:\\\/\\\/velarogverkfaeri.is\\\/wp-content\\\/uploads\\\/2021\\\/10\\\/vv_logo_350x100.png\",\"contentUrl\":\"https:\\\/\\\/velarogverkfaeri.is\\\/wp-content\\\/uploads\\\/2021\\\/10\\\/vv_logo_350x100.png\",\"width\":350,\"height\":100,\"caption\":\"V\u00e9lar & Verkf\u00e6ri\"},\"image\":{\"@id\":\"https:\\\/\\\/velarogverkfaeri.is\\\/en\\\/#\\\/schema\\\/logo\\\/image\\\/\"},\"sameAs\":[\"https:\\\/\\\/www.facebook.com\\\/VelarOgVerkfaeri\"]}]}<\/script>\n<!-- \/ Yoast SEO plugin. -->","yoast_head_json":{"title":"VARTA H\u00f6fu\u00f0lj\u00f3s WORK FLEX H20 150 Lumens - V\u00e9lar &amp; Verkf\u00e6ri","robots":{"index":"index","follow":"follow","max-snippet":"max-snippet:-1","max-image-preview":"max-image-preview:large","max-video-preview":"max-video-preview:-1"},"canonical":"https:\/\/velarogverkfaeri.is\/en\/lykillausnir\/utivistarvorur\/hofudljos\/product\/varta-hofudljos-work-flex-h20-med-skynjara-150-lumens\/","og_locale":"en_US","og_type":"article","og_title":"VARTA H\u00f6fu\u00f0lj\u00f3s WORK FLEX H20 150 Lumens - V\u00e9lar &amp; Verkf\u00e6ri","og_description":"H\u00f6fu\u00f0lj\u00f3s me\u00f0 hreyfiskynjara","og_url":"https:\/\/velarogverkfaeri.is\/en\/lykillausnir\/utivistarvorur\/hofudljos\/product\/varta-hofudljos-work-flex-h20-med-skynjara-150-lumens\/","og_site_name":"V\u00e9lar &amp; Verkf\u00e6ri","article_publisher":"https:\/\/www.facebook.com\/VelarOgVerkfaeri","article_modified_time":"2025-11-06T12:46:08+00:00","og_image":[{"width":313,"height":720,"url":"https:\/\/velarogverkfaeri.is\/wp-content\/uploads\/2023\/06\/ba6746d6-42a7-45bc-a636-d71dc99afb61.jpeg","type":"image\/jpeg"}],"twitter_card":"summary_large_image","schema":{"@context":"https:\/\/schema.org","@graph":[{"@type":"WebPage","@id":"https:\/\/velarogverkfaeri.is\/lykillausnir\/utivistarvorur\/hofudljos\/product\/varta-hofudljos-work-flex-h20-med-skynjara-150-lumens\/","url":"https:\/\/velarogverkfaeri.is\/lykillausnir\/utivistarvorur\/hofudljos\/product\/varta-hofudljos-work-flex-h20-med-skynjara-150-lumens\/","name":"VARTA H\u00f6fu\u00f0lj\u00f3s WORK FLEX H20 150 Lumens - V\u00e9lar &amp; Verkf\u00e6ri","isPartOf":{"@id":"https:\/\/velarogverkfaeri.is\/en\/#website"},"primaryImageOfPage":{"@id":"https:\/\/velarogverkfaeri.is\/lykillausnir\/utivistarvorur\/hofudljos\/product\/varta-hofudljos-work-flex-h20-med-skynjara-150-lumens\/#primaryimage"},"image":{"@id":"https:\/\/velarogverkfaeri.is\/lykillausnir\/utivistarvorur\/hofudljos\/product\/varta-hofudljos-work-flex-h20-med-skynjara-150-lumens\/#primaryimage"},"thumbnailUrl":"https:\/\/velarogverkfaeri.is\/wp-content\/uploads\/2023\/06\/ba6746d6-42a7-45bc-a636-d71dc99afb61.jpeg","datePublished":"2023-04-28T17:40:38+00:00","dateModified":"2025-11-06T12:46:08+00:00","breadcrumb":{"@id":"https:\/\/velarogverkfaeri.is\/lykillausnir\/utivistarvorur\/hofudljos\/product\/varta-hofudljos-work-flex-h20-med-skynjara-150-lumens\/#breadcrumb"},"inLanguage":"en-US","potentialAction":[{"@type":"ReadAction","target":["https:\/\/velarogverkfaeri.is\/lykillausnir\/utivistarvorur\/hofudljos\/product\/varta-hofudljos-work-flex-h20-med-skynjara-150-lumens\/"]}]},{"@type":"ImageObject","inLanguage":"en-US","@id":"https:\/\/velarogverkfaeri.is\/lykillausnir\/utivistarvorur\/hofudljos\/product\/varta-hofudljos-work-flex-h20-med-skynjara-150-lumens\/#primaryimage","url":"https:\/\/velarogverkfaeri.is\/wp-content\/uploads\/2023\/06\/ba6746d6-42a7-45bc-a636-d71dc99afb61.jpeg","contentUrl":"https:\/\/velarogverkfaeri.is\/wp-content\/uploads\/2023\/06\/ba6746d6-42a7-45bc-a636-d71dc99afb61.jpeg","width":313,"height":720},{"@type":"BreadcrumbList","@id":"https:\/\/velarogverkfaeri.is\/lykillausnir\/utivistarvorur\/hofudljos\/product\/varta-hofudljos-work-flex-h20-med-skynjara-150-lumens\/#breadcrumb","itemListElement":[{"@type":"ListItem","position":1,"name":"Home","item":"https:\/\/velarogverkfaeri.is\/"},{"@type":"ListItem","position":2,"name":"Vefverslun","item":"https:\/\/velarogverkfaeri.is\/vefverslun\/"},{"@type":"ListItem","position":3,"name":"VARTA H\u00f6fu\u00f0lj\u00f3s WORK FLEX H20 150 Lumens"}]},{"@type":"WebSite","@id":"https:\/\/velarogverkfaeri.is\/en\/#website","url":"https:\/\/velarogverkfaeri.is\/en\/","name":"V\u00e9lar & Verkf\u00e6ri","description":"Umbo\u00f0s- og heildverslun fr\u00e1 \u00e1rinu 1919","publisher":{"@id":"https:\/\/velarogverkfaeri.is\/en\/#organization"},"potentialAction":[{"@type":"SearchAction","target":{"@type":"EntryPoint","urlTemplate":"https:\/\/velarogverkfaeri.is\/en\/?s={search_term_string}"},"query-input":{"@type":"PropertyValueSpecification","valueRequired":true,"valueName":"search_term_string"}}],"inLanguage":"en-US"},{"@type":"Organization","@id":"https:\/\/velarogverkfaeri.is\/en\/#organization","name":"V\u00e9lar & Verkf\u00e6ri","url":"https:\/\/velarogverkfaeri.is\/en\/","logo":{"@type":"ImageObject","inLanguage":"en-US","@id":"https:\/\/velarogverkfaeri.is\/en\/#\/schema\/logo\/image\/","url":"https:\/\/velarogverkfaeri.is\/wp-content\/uploads\/2021\/10\/vv_logo_350x100.png","contentUrl":"https:\/\/velarogverkfaeri.is\/wp-content\/uploads\/2021\/10\/vv_logo_350x100.png","width":350,"height":100,"caption":"V\u00e9lar & Verkf\u00e6ri"},"image":{"@id":"https:\/\/velarogverkfaeri.is\/en\/#\/schema\/logo\/image\/"},"sameAs":["https:\/\/www.facebook.com\/VelarOgVerkfaeri"]}]}},"_links":{"self":[{"href":"https:\/\/velarogverkfaeri.is\/en\/wp-json\/wp\/v2\/product\/22456","targetHints":{"allow":["GET"]}}],"collection":[{"href":"https:\/\/velarogverkfaeri.is\/en\/wp-json\/wp\/v2\/product"}],"about":[{"href":"https:\/\/velarogverkfaeri.is\/en\/wp-json\/wp\/v2\/types\/product"}],"replies":[{"embeddable":true,"href":"https:\/\/velarogverkfaeri.is\/en\/wp-json\/wp\/v2\/comments?post=22456"}],"wp:featuredmedia":[{"embeddable":true,"href":"https:\/\/velarogverkfaeri.is\/en\/wp-json\/wp\/v2\/media\/25709"}],"wp:attachment":[{"href":"https:\/\/velarogverkfaeri.is\/en\/wp-json\/wp\/v2\/media?parent=22456"}],"wp:term":[{"taxonomy":"product_brand","embeddable":true,"href":"https:\/\/velarogverkfaeri.is\/en\/wp-json\/wp\/v2\/product_brand?post=22456"},{"taxonomy":"product_cat","embeddable":true,"href":"https:\/\/velarogverkfaeri.is\/en\/wp-json\/wp\/v2\/product_cat?post=22456"},{"taxonomy":"product_tag","embeddable":true,"href":"https:\/\/velarogverkfaeri.is\/en\/wp-json\/wp\/v2\/product_tag?post=22456"}],"curies":[{"name":"wp","href":"https:\/\/api.w.org\/{rel}","templated":true}]}}