{"id":22365,"date":"2023-04-28T17:55:21","date_gmt":"2023-04-28T17:55:21","guid":{"rendered":"https:\/\/vv-dev.webdev.is\/?post_type=product&#038;p=22365"},"modified":"2025-12-30T17:01:31","modified_gmt":"2025-12-30T17:01:31","slug":"arne-jacobsen-hurdarhandfang-aj97-messing-snap-on-cover","status":"publish","type":"product","link":"https:\/\/velarogverkfaeri.is\/en\/honnunarlausnir\/hurdabunadur\/hurdarhunar\/product\/arne-jacobsen-hurdarhandfang-aj97-messing-snap-on-cover\/","title":{"rendered":"ARNE JACOBSEN Hur\u00f0arhandfang AJ97 Messing Snap on cover"},"content":{"rendered":"<p data-start=\"53\" data-end=\"377\" class=\"\"><strong data-start=\"53\" data-end=\"63\">L\u00fdsing<\/strong><br data-start=\"63\" data-end=\"66\"><br \/>\n\u00deessir fallegu og s\u00edvins\u00e6lu hur\u00f0arh\u00fanar voru hanna\u00f0ir af danska arkitektinum og h\u00f6nnu\u00f0inum Arne Jacobsen.&nbsp;<\/p>\n<\/p>\n<p data-start=\"379\" data-end=\"562\" class=\"\"><strong data-start=\"379\" data-end=\"389\">d line<\/strong>&nbsp;hur\u00f0arh\u00fanar eru hanna\u00f0ir fyrir st\u00f6\u00f0uga notkun. \u00deeir eru pr\u00f3fa\u00f0ir \u00edtarlega og nota n\u00fdjustu t\u00e6knina \u00e1 \u00feessu svi\u00f0i. Hver einasti hlutur er handger\u00f0ur me\u00f0 mikilli s\u00e9rfr\u00e6\u00f0i\u00feekkingu.<\/p>\n<p data-start=\"58\" data-end=\"78\" class=\"\"><strong data-start=\"58\" data-end=\"67\">Merki<\/strong><br data-start=\"67\" data-end=\"70\"><br \/>\nd line<\/p>\n<p data-start=\"80\" data-end=\"117\" class=\"\"><strong data-start=\"80\" data-end=\"99\">V\u00f6rul\u00edna merkis<\/strong><br data-start=\"99\" data-end=\"102\"><br \/>\nArne Jacobsen<\/p>\n<p data-start=\"119\" data-end=\"141\" class=\"\"><strong data-start=\"119\" data-end=\"134\">Breidd (mm)<\/strong><br data-start=\"134\" data-end=\"137\"><br \/>\n97<\/p>\n<p data-start=\"143\" data-end=\"178\" class=\"\"><strong data-start=\"143\" data-end=\"166\">Fjarl\u00e6g\u00f0 milli skr\u00fafa r\u00f3settu (mm)<\/strong><br data-start=\"166\" data-end=\"169\"><br \/>\nCC30\/38<\/p>\n<p data-start=\"180\" data-end=\"209\" class=\"\"><strong data-start=\"180\" data-end=\"199\">Hur\u00f0ar\u00feykkt (mm)<\/strong><br data-start=\"199\" data-end=\"202\"><br \/>\n33-59<\/p>\n<p data-start=\"379\" data-end=\"562\" class=\"\">\n<p data-start=\"211\" data-end=\"250\" class=\"\"><\/p>","protected":false},"excerpt":{"rendered":"<p>Gl\u00e6silegt h\u00f6nnunarhandfang \u00far smi\u00f0ju Arne Jacobsen.<\/p>","protected":false},"featured_media":30542,"comment_status":"closed","ping_status":"closed","template":"","meta":[],"product_brand":[],"product_cat":[518,545,571],"product_tag":[1038,848],"class_list":{"0":"post-22365","1":"product","2":"type-product","3":"status-publish","4":"has-post-thumbnail","6":"product_cat-honnunarlausnir","7":"product_cat-hurdabunadur","8":"product_cat-hurdarhunar","9":"product_tag-arnejacobsen","10":"product_tag-dline","12":"first","13":"instock","14":"taxable","15":"shipping-taxable","16":"purchasable","17":"product-type-simple"},"yoast_head":"<!-- This site is optimized with the Yoast SEO plugin v27.3 - https:\/\/yoast.com\/product\/yoast-seo-wordpress\/ -->\n<title>ARNE JACOBSEN Hur\u00f0arhandfang AJ97 Messing Snap on cover - V\u00e9lar &amp; Verkf\u00e6ri<\/title>\n<meta name=\"robots\" content=\"index, follow, max-snippet:-1, max-image-preview:large, max-video-preview:-1\" \/>\n<link rel=\"canonical\" href=\"https:\/\/velarogverkfaeri.is\/en\/lykillausnir\/hurdabunadur-lykillausnir\/hurdarhunar-hurdabunadur-lykillausnir\/product\/arne-jacobsen-hurdarhandfang-aj97-messing-snap-on-cover\/\" \/>\n<meta property=\"og:locale\" content=\"en_US\" \/>\n<meta property=\"og:type\" content=\"article\" \/>\n<meta property=\"og:title\" content=\"ARNE JACOBSEN Hur\u00f0arhandfang AJ97 Messing Snap on cover - V\u00e9lar &amp; Verkf\u00e6ri\" \/>\n<meta property=\"og:description\" content=\"Gl\u00e6silegt h\u00f6nnunarhandfang \u00far smi\u00f0ju Arne Jacobsen.\" \/>\n<meta property=\"og:url\" content=\"https:\/\/velarogverkfaeri.is\/en\/lykillausnir\/hurdabunadur-lykillausnir\/hurdarhunar-hurdabunadur-lykillausnir\/product\/arne-jacobsen-hurdarhandfang-aj97-messing-snap-on-cover\/\" \/>\n<meta property=\"og:site_name\" content=\"V\u00e9lar &amp; Verkf\u00e6ri\" \/>\n<meta property=\"article:publisher\" content=\"https:\/\/www.facebook.com\/VelarOgVerkfaeri\" \/>\n<meta property=\"article:modified_time\" content=\"2025-12-30T17:01:31+00:00\" \/>\n<meta property=\"og:image\" content=\"https:\/\/velarogverkfaeri.is\/wp-content\/uploads\/2023\/06\/0ac6b75e-33cc-4925-8670-d9d181596d13.jpeg\" \/>\n\t<meta property=\"og:image:width\" content=\"1240\" \/>\n\t<meta property=\"og:image:height\" content=\"1240\" \/>\n\t<meta property=\"og:image:type\" content=\"image\/jpeg\" \/>\n<meta name=\"twitter:card\" content=\"summary_large_image\" \/>\n<script type=\"application\/ld+json\" class=\"yoast-schema-graph\">{\"@context\":\"https:\\\/\\\/schema.org\",\"@graph\":[{\"@type\":\"WebPage\",\"@id\":\"https:\\\/\\\/velarogverkfaeri.is\\\/lykillausnir\\\/hurdabunadur-lykillausnir\\\/hurdarhunar-hurdabunadur-lykillausnir\\\/product\\\/arne-jacobsen-hurdarhandfang-aj97-messing-snap-on-cover\\\/\",\"url\":\"https:\\\/\\\/velarogverkfaeri.is\\\/lykillausnir\\\/hurdabunadur-lykillausnir\\\/hurdarhunar-hurdabunadur-lykillausnir\\\/product\\\/arne-jacobsen-hurdarhandfang-aj97-messing-snap-on-cover\\\/\",\"name\":\"ARNE JACOBSEN Hur\u00f0arhandfang AJ97 Messing Snap on cover - V\u00e9lar &amp; Verkf\u00e6ri\",\"isPartOf\":{\"@id\":\"https:\\\/\\\/velarogverkfaeri.is\\\/en\\\/#website\"},\"primaryImageOfPage\":{\"@id\":\"https:\\\/\\\/velarogverkfaeri.is\\\/lykillausnir\\\/hurdabunadur-lykillausnir\\\/hurdarhunar-hurdabunadur-lykillausnir\\\/product\\\/arne-jacobsen-hurdarhandfang-aj97-messing-snap-on-cover\\\/#primaryimage\"},\"image\":{\"@id\":\"https:\\\/\\\/velarogverkfaeri.is\\\/lykillausnir\\\/hurdabunadur-lykillausnir\\\/hurdarhunar-hurdabunadur-lykillausnir\\\/product\\\/arne-jacobsen-hurdarhandfang-aj97-messing-snap-on-cover\\\/#primaryimage\"},\"thumbnailUrl\":\"https:\\\/\\\/velarogverkfaeri.is\\\/wp-content\\\/uploads\\\/2023\\\/06\\\/0ac6b75e-33cc-4925-8670-d9d181596d13.jpeg\",\"datePublished\":\"2023-04-28T17:55:21+00:00\",\"dateModified\":\"2025-12-30T17:01:31+00:00\",\"breadcrumb\":{\"@id\":\"https:\\\/\\\/velarogverkfaeri.is\\\/lykillausnir\\\/hurdabunadur-lykillausnir\\\/hurdarhunar-hurdabunadur-lykillausnir\\\/product\\\/arne-jacobsen-hurdarhandfang-aj97-messing-snap-on-cover\\\/#breadcrumb\"},\"inLanguage\":\"en-US\",\"potentialAction\":[{\"@type\":\"ReadAction\",\"target\":[\"https:\\\/\\\/velarogverkfaeri.is\\\/lykillausnir\\\/hurdabunadur-lykillausnir\\\/hurdarhunar-hurdabunadur-lykillausnir\\\/product\\\/arne-jacobsen-hurdarhandfang-aj97-messing-snap-on-cover\\\/\"]}]},{\"@type\":\"ImageObject\",\"inLanguage\":\"en-US\",\"@id\":\"https:\\\/\\\/velarogverkfaeri.is\\\/lykillausnir\\\/hurdabunadur-lykillausnir\\\/hurdarhunar-hurdabunadur-lykillausnir\\\/product\\\/arne-jacobsen-hurdarhandfang-aj97-messing-snap-on-cover\\\/#primaryimage\",\"url\":\"https:\\\/\\\/velarogverkfaeri.is\\\/wp-content\\\/uploads\\\/2023\\\/06\\\/0ac6b75e-33cc-4925-8670-d9d181596d13.jpeg\",\"contentUrl\":\"https:\\\/\\\/velarogverkfaeri.is\\\/wp-content\\\/uploads\\\/2023\\\/06\\\/0ac6b75e-33cc-4925-8670-d9d181596d13.jpeg\",\"width\":1240,\"height\":1240},{\"@type\":\"BreadcrumbList\",\"@id\":\"https:\\\/\\\/velarogverkfaeri.is\\\/lykillausnir\\\/hurdabunadur-lykillausnir\\\/hurdarhunar-hurdabunadur-lykillausnir\\\/product\\\/arne-jacobsen-hurdarhandfang-aj97-messing-snap-on-cover\\\/#breadcrumb\",\"itemListElement\":[{\"@type\":\"ListItem\",\"position\":1,\"name\":\"Home\",\"item\":\"https:\\\/\\\/velarogverkfaeri.is\\\/\"},{\"@type\":\"ListItem\",\"position\":2,\"name\":\"Vefverslun\",\"item\":\"https:\\\/\\\/velarogverkfaeri.is\\\/vefverslun\\\/\"},{\"@type\":\"ListItem\",\"position\":3,\"name\":\"ARNE JACOBSEN Hur\u00f0arhandfang AJ97 Messing Snap on cover\"}]},{\"@type\":\"WebSite\",\"@id\":\"https:\\\/\\\/velarogverkfaeri.is\\\/en\\\/#website\",\"url\":\"https:\\\/\\\/velarogverkfaeri.is\\\/en\\\/\",\"name\":\"V\u00e9lar & Verkf\u00e6ri\",\"description\":\"Umbo\u00f0s- og heildverslun fr\u00e1 \u00e1rinu 1919\",\"publisher\":{\"@id\":\"https:\\\/\\\/velarogverkfaeri.is\\\/en\\\/#organization\"},\"potentialAction\":[{\"@type\":\"SearchAction\",\"target\":{\"@type\":\"EntryPoint\",\"urlTemplate\":\"https:\\\/\\\/velarogverkfaeri.is\\\/en\\\/?s={search_term_string}\"},\"query-input\":{\"@type\":\"PropertyValueSpecification\",\"valueRequired\":true,\"valueName\":\"search_term_string\"}}],\"inLanguage\":\"en-US\"},{\"@type\":\"Organization\",\"@id\":\"https:\\\/\\\/velarogverkfaeri.is\\\/en\\\/#organization\",\"name\":\"V\u00e9lar & Verkf\u00e6ri\",\"url\":\"https:\\\/\\\/velarogverkfaeri.is\\\/en\\\/\",\"logo\":{\"@type\":\"ImageObject\",\"inLanguage\":\"en-US\",\"@id\":\"https:\\\/\\\/velarogverkfaeri.is\\\/en\\\/#\\\/schema\\\/logo\\\/image\\\/\",\"url\":\"https:\\\/\\\/velarogverkfaeri.is\\\/wp-content\\\/uploads\\\/2021\\\/10\\\/vv_logo_350x100.png\",\"contentUrl\":\"https:\\\/\\\/velarogverkfaeri.is\\\/wp-content\\\/uploads\\\/2021\\\/10\\\/vv_logo_350x100.png\",\"width\":350,\"height\":100,\"caption\":\"V\u00e9lar & Verkf\u00e6ri\"},\"image\":{\"@id\":\"https:\\\/\\\/velarogverkfaeri.is\\\/en\\\/#\\\/schema\\\/logo\\\/image\\\/\"},\"sameAs\":[\"https:\\\/\\\/www.facebook.com\\\/VelarOgVerkfaeri\"]}]}<\/script>\n<!-- \/ Yoast SEO plugin. -->","yoast_head_json":{"title":"ARNE JACOBSEN Hur\u00f0arhandfang AJ97 Messing Snap on cover - V\u00e9lar &amp; Verkf\u00e6ri","robots":{"index":"index","follow":"follow","max-snippet":"max-snippet:-1","max-image-preview":"max-image-preview:large","max-video-preview":"max-video-preview:-1"},"canonical":"https:\/\/velarogverkfaeri.is\/en\/lykillausnir\/hurdabunadur-lykillausnir\/hurdarhunar-hurdabunadur-lykillausnir\/product\/arne-jacobsen-hurdarhandfang-aj97-messing-snap-on-cover\/","og_locale":"en_US","og_type":"article","og_title":"ARNE JACOBSEN Hur\u00f0arhandfang AJ97 Messing Snap on cover - V\u00e9lar &amp; Verkf\u00e6ri","og_description":"Gl\u00e6silegt h\u00f6nnunarhandfang \u00far smi\u00f0ju Arne Jacobsen.","og_url":"https:\/\/velarogverkfaeri.is\/en\/lykillausnir\/hurdabunadur-lykillausnir\/hurdarhunar-hurdabunadur-lykillausnir\/product\/arne-jacobsen-hurdarhandfang-aj97-messing-snap-on-cover\/","og_site_name":"V\u00e9lar &amp; Verkf\u00e6ri","article_publisher":"https:\/\/www.facebook.com\/VelarOgVerkfaeri","article_modified_time":"2025-12-30T17:01:31+00:00","og_image":[{"width":1240,"height":1240,"url":"https:\/\/velarogverkfaeri.is\/wp-content\/uploads\/2023\/06\/0ac6b75e-33cc-4925-8670-d9d181596d13.jpeg","type":"image\/jpeg"}],"twitter_card":"summary_large_image","schema":{"@context":"https:\/\/schema.org","@graph":[{"@type":"WebPage","@id":"https:\/\/velarogverkfaeri.is\/lykillausnir\/hurdabunadur-lykillausnir\/hurdarhunar-hurdabunadur-lykillausnir\/product\/arne-jacobsen-hurdarhandfang-aj97-messing-snap-on-cover\/","url":"https:\/\/velarogverkfaeri.is\/lykillausnir\/hurdabunadur-lykillausnir\/hurdarhunar-hurdabunadur-lykillausnir\/product\/arne-jacobsen-hurdarhandfang-aj97-messing-snap-on-cover\/","name":"ARNE JACOBSEN Hur\u00f0arhandfang AJ97 Messing Snap on cover - V\u00e9lar &amp; Verkf\u00e6ri","isPartOf":{"@id":"https:\/\/velarogverkfaeri.is\/en\/#website"},"primaryImageOfPage":{"@id":"https:\/\/velarogverkfaeri.is\/lykillausnir\/hurdabunadur-lykillausnir\/hurdarhunar-hurdabunadur-lykillausnir\/product\/arne-jacobsen-hurdarhandfang-aj97-messing-snap-on-cover\/#primaryimage"},"image":{"@id":"https:\/\/velarogverkfaeri.is\/lykillausnir\/hurdabunadur-lykillausnir\/hurdarhunar-hurdabunadur-lykillausnir\/product\/arne-jacobsen-hurdarhandfang-aj97-messing-snap-on-cover\/#primaryimage"},"thumbnailUrl":"https:\/\/velarogverkfaeri.is\/wp-content\/uploads\/2023\/06\/0ac6b75e-33cc-4925-8670-d9d181596d13.jpeg","datePublished":"2023-04-28T17:55:21+00:00","dateModified":"2025-12-30T17:01:31+00:00","breadcrumb":{"@id":"https:\/\/velarogverkfaeri.is\/lykillausnir\/hurdabunadur-lykillausnir\/hurdarhunar-hurdabunadur-lykillausnir\/product\/arne-jacobsen-hurdarhandfang-aj97-messing-snap-on-cover\/#breadcrumb"},"inLanguage":"en-US","potentialAction":[{"@type":"ReadAction","target":["https:\/\/velarogverkfaeri.is\/lykillausnir\/hurdabunadur-lykillausnir\/hurdarhunar-hurdabunadur-lykillausnir\/product\/arne-jacobsen-hurdarhandfang-aj97-messing-snap-on-cover\/"]}]},{"@type":"ImageObject","inLanguage":"en-US","@id":"https:\/\/velarogverkfaeri.is\/lykillausnir\/hurdabunadur-lykillausnir\/hurdarhunar-hurdabunadur-lykillausnir\/product\/arne-jacobsen-hurdarhandfang-aj97-messing-snap-on-cover\/#primaryimage","url":"https:\/\/velarogverkfaeri.is\/wp-content\/uploads\/2023\/06\/0ac6b75e-33cc-4925-8670-d9d181596d13.jpeg","contentUrl":"https:\/\/velarogverkfaeri.is\/wp-content\/uploads\/2023\/06\/0ac6b75e-33cc-4925-8670-d9d181596d13.jpeg","width":1240,"height":1240},{"@type":"BreadcrumbList","@id":"https:\/\/velarogverkfaeri.is\/lykillausnir\/hurdabunadur-lykillausnir\/hurdarhunar-hurdabunadur-lykillausnir\/product\/arne-jacobsen-hurdarhandfang-aj97-messing-snap-on-cover\/#breadcrumb","itemListElement":[{"@type":"ListItem","position":1,"name":"Home","item":"https:\/\/velarogverkfaeri.is\/"},{"@type":"ListItem","position":2,"name":"Vefverslun","item":"https:\/\/velarogverkfaeri.is\/vefverslun\/"},{"@type":"ListItem","position":3,"name":"ARNE JACOBSEN Hur\u00f0arhandfang AJ97 Messing Snap on cover"}]},{"@type":"WebSite","@id":"https:\/\/velarogverkfaeri.is\/en\/#website","url":"https:\/\/velarogverkfaeri.is\/en\/","name":"V\u00e9lar & Verkf\u00e6ri","description":"Umbo\u00f0s- og heildverslun fr\u00e1 \u00e1rinu 1919","publisher":{"@id":"https:\/\/velarogverkfaeri.is\/en\/#organization"},"potentialAction":[{"@type":"SearchAction","target":{"@type":"EntryPoint","urlTemplate":"https:\/\/velarogverkfaeri.is\/en\/?s={search_term_string}"},"query-input":{"@type":"PropertyValueSpecification","valueRequired":true,"valueName":"search_term_string"}}],"inLanguage":"en-US"},{"@type":"Organization","@id":"https:\/\/velarogverkfaeri.is\/en\/#organization","name":"V\u00e9lar & Verkf\u00e6ri","url":"https:\/\/velarogverkfaeri.is\/en\/","logo":{"@type":"ImageObject","inLanguage":"en-US","@id":"https:\/\/velarogverkfaeri.is\/en\/#\/schema\/logo\/image\/","url":"https:\/\/velarogverkfaeri.is\/wp-content\/uploads\/2021\/10\/vv_logo_350x100.png","contentUrl":"https:\/\/velarogverkfaeri.is\/wp-content\/uploads\/2021\/10\/vv_logo_350x100.png","width":350,"height":100,"caption":"V\u00e9lar & Verkf\u00e6ri"},"image":{"@id":"https:\/\/velarogverkfaeri.is\/en\/#\/schema\/logo\/image\/"},"sameAs":["https:\/\/www.facebook.com\/VelarOgVerkfaeri"]}]}},"_links":{"self":[{"href":"https:\/\/velarogverkfaeri.is\/en\/wp-json\/wp\/v2\/product\/22365","targetHints":{"allow":["GET"]}}],"collection":[{"href":"https:\/\/velarogverkfaeri.is\/en\/wp-json\/wp\/v2\/product"}],"about":[{"href":"https:\/\/velarogverkfaeri.is\/en\/wp-json\/wp\/v2\/types\/product"}],"replies":[{"embeddable":true,"href":"https:\/\/velarogverkfaeri.is\/en\/wp-json\/wp\/v2\/comments?post=22365"}],"wp:featuredmedia":[{"embeddable":true,"href":"https:\/\/velarogverkfaeri.is\/en\/wp-json\/wp\/v2\/media\/30542"}],"wp:attachment":[{"href":"https:\/\/velarogverkfaeri.is\/en\/wp-json\/wp\/v2\/media?parent=22365"}],"wp:term":[{"taxonomy":"product_brand","embeddable":true,"href":"https:\/\/velarogverkfaeri.is\/en\/wp-json\/wp\/v2\/product_brand?post=22365"},{"taxonomy":"product_cat","embeddable":true,"href":"https:\/\/velarogverkfaeri.is\/en\/wp-json\/wp\/v2\/product_cat?post=22365"},{"taxonomy":"product_tag","embeddable":true,"href":"https:\/\/velarogverkfaeri.is\/en\/wp-json\/wp\/v2\/product_tag?post=22365"}],"curies":[{"name":"wp","href":"https:\/\/api.w.org\/{rel}","templated":true}]}}