{"id":22323,"date":"2023-04-28T17:55:45","date_gmt":"2023-04-28T17:55:45","guid":{"rendered":"https:\/\/vv-dev.webdev.is\/?post_type=product&#038;p=22323"},"modified":"2025-04-25T17:54:11","modified_gmt":"2025-04-25T17:54:11","slug":"lampe-gras-bordlampi-n205-krom","status":"publish","type":"product","link":"https:\/\/velarogverkfaeri.is\/en\/honnunarlausnir\/lampar\/bordlampar\/product\/lampe-gras-bordlampi-n205-krom\/","title":{"rendered":"DCW Lampe Gras N\u00b0205 Bor\u00f0lampi"},"content":{"rendered":"<p>Fullkomi\u00f0 \u00e1 skrifbor\u00f0, skenk e\u00f0a l\u00e1gt bor\u00f0.<\/p>\n<p><b>M\u00e1l<\/b><\/p>\n<p>Handleggur: 39 cm | St\u00f6ng: 20 cm | Skermur: 16,5 cm<\/p>\n<p>Efni: St\u00e1l<\/p>\n<p>Rafmagn: CLII &#8211; E14-ESL11W<\/p>\n<p><img decoding=\"async\" src=\"data:image\/png;base64,iVBORw0KGgoAAAANSUhEUgAAAKEAAAAgCAYAAAB6vRjLAAAAAXNSR0IArs4c6QAAAARnQU1BAACxjwv8YQUAAAAJcEhZcwAADsMAAA7DAcdvqGQAAABfaVRYdFNuaXBNZXRhZGF0YQAAAAAAeyJjbGlwUG9pbnRzIjpbeyJ4IjowLCJ5IjowfSx7IngiOjE2MSwieSI6MH0seyJ4IjoxNjEsInkiOjMyfSx7IngiOjAsInkiOjMyfV19eJ8SSQAACzJJREFUeF7tmgdQVVcax\/80jT1CIDaqwRqTGFtEousYR2OIYkQZXc2qMckKigUjziaumWiixOAkKmLUcV1noi4OSqyrsa11UZRiQylWFBtIBynu+T7OfcDzlUuJL+vc38yZe8659\/F49\/7P1861evz48VNoaFgQa3nU0LAYmgg1LI4mQg2Lo4lQw+JoItSwOJoINSzOC1WiuXw5SfZqR+fOnWTv+ZOUdEX2as+TJyWwt2+Jdu3aypn6o6CgAA0aNEBs7DlY21jDxtoGpWWlaNigIUpLS5GTkwMbGxs4uzjDw91NfkodZkU4btw4Pr788stYtWoV95OSkjBnzhzuV4Wuad++PaZOnYpWrVrJ2QqePn2KLVu24NixY7h37x46deqECRMm8FGfkydPIioqCjdv3hQ3tB1GjhyJ\/v37y7OGSU5OwZdffg1vby85o56ioiLcTk\/H8p\/C5IxxysrKcOjQEVy6lISrV5PFd4agTZvW8qxhCgoKceQ\/R3Hx4iWkJKfi559XyjOVfLf4e2TcvSfun4ecqTmXLl3GW2+9Ke7\/p3Km5ty9m4H0O3dha2uN3Jw82NnZoUSILO5cnBB5KXr17gHP19rj1VedWHRVyczMRFradXHdE7zxxuto2rSpPGMasyJs2bIlH8eOHasTYUxMDIYOHcp9Q7Ro0QKRkZHo3bs3j8vLyzF8+HCcOHGCxwpWVlZYuXKlTujEkiVLEBoaKkeVzJ49G\/Pnz5ejZyER7tixG8HBM+SMesQ9EN+5DIsXfyNnDEMi+uvUIKSmpskZ4NDBvWIhdZSjZzlw4BBmzQ7Bo0eP5AxwJ73y8wq3b6fjh7AfsWjhgmce3v3oqXgrcJ8cKQxBeGwERkr9p6ffQej3Yfh20ddo1qxZxWQNyM8vwMOHD\/nvFBTko1GjRrx4mjdvDkfHV3BZGJ683Hz4+\/vJTxjn2vUbYrGloE+fXvx5c9QqJiTxKJDl69evHzcSH5GdnY1JkyahsLCQx2vWrNEJ0N\/fH\/PmzYOrqytbR7KodD2RmJioEyBZ0ilTpggr04bHy5YtQ0JCAvfVsH\/\/QVVNLaf+G4MPh4\/SCbBjxw5iYQTpFqkhIiOj8JeJn+oEOGDAu5g86WNelPqQC\/Xu54Vdu\/bKmUqcfCMQHz4Ew8JjWMDU4sNfl2cr2LV7Lz70GVYrAd64cQOnT5\/B\/fv34eX1Dt57b5B4nl4YPHgQC8nDwx0NGzZUbdnc3Vz5\/sTFJfAzNkedE5OAgABx43ZxS05OxuTJk3n+zp07OHv2LPePHj3KR3K9q1evRkhICAuTIKGePn2a++SqCfrBp06dwtKlS3H8+HEeE8rfMQe5y8OHj4jVnWeyrV23Hnl5efJTxklNu4aPJ3wi3HYxHBwc2G2TBZwTPJPdkiEOHjwsLOBcfgjOzu0QHR2JzZv+iUXCUllbG77tPkJEZ4XbS7t2Xc4YJjb6V8A3UGcF4+MThYAesGhqwoMHDziOvihCiyZNGqNXr57yTN1xEbEhhWfkocxRKxEaUzfFD6NGjZIjYZavXePjpk2bkJWVxcJSqLpiFUt469YtPjo5OfEPIMjSODs7cz8lxfwPUujR420RS44w2dzEilXDwoXfIV8E5iTA\/ft2ws9vZDVvoA8F6iHzvuL71KrVq4jeLkITFQ\/4pZcawueD97HbgDUk9gT2QZu2Hhiud5qsIH3OGFlZ2cjIeCCE+kgI75GwzFlCfFdw+MhRtoDtPTxE6NRLXl1\/eHi4ibi+4pmaos7uWB+yiAqenp6y9yzLly\/nI7nwgQMHcp+CfsKYyJXzzxNaIAcOHOb+jBmBaN26esJliFOnhNsUwT0x\/6t5qj6jQC67sEh4hzOxcqYSxR3vqKK33347CMdXHNC9+5typhJKEBISzuPHFauwNCwMS0KXYnHoDyL2XYqobdF417sfhztqF2NNIUNja2srR8apszumZMXHx4cbiSkiIoLnu3btKsy74dW1fv16zpSJBQsWsIX5o0IlCSWG8xvly0dzKAKiB0AWnUSptNzcXD5nCrJqu3bukaNn6ek7AhQEUCixe8+\/8YERK5iV9RjHTpyEfcsWcHV24VitvbsrWygSnhqB1JXGws2bo87uODU1lZMOavHx8TxH7nPFihXPpPDEvn37dOWdQYMGYeLEidz\/o0IPkmjcuJEuRDDHQ+HyCHLLfx4\/CaP8xuraZRX1wC5dOsPN3Q179upnxNWhJIasmbG64MOH4v8Qz6q8XHle5MEq2pPiJ8ItZ3J8SvVFc2SKa+n6mkL1RHPU2R1XzY7Hjx+PDRs2cELSvXt3eUUllN2S6EjEXbp0wcaNG0269vqmTCQ+hcJaFwrxl+mVi4yhZIRUriD3pgZTq99YqKGPEhtSZq2UaCgmnBL9gM9T8kJJjDErSLwi3DQJrLy8jBdEaWmJPJbyeQcHe7byDRrY8dgU9uJaur6mUEHbHHW2hFWzY7J+I0aM4ARFH0o6KGmhwjBZyu3btwvrUv1hGbKcVTF33hwlIg59ev8+nmZkoET8r2og16UQE3NG9kzzmiw4k7s7n3hGV1ah1kdlAuDk5IghQwdz0kElGuXz63wd+TwJlEoylMwYgzL3MaNHory0DI+zHyM7h1oucnKykZaWJp5JuiorWBdyxfeZo84xoRqoGOzr68urmlxadHQ0Z8D6UO2QoHoVZdMEffb27dvcd3d352O9oNICd+jgySUWImL1Wj6ag5ILgizO1q3buF8bSGTJV1Nw5cpVOVMBxZyUvPTv7y1njEM7TkFBAZgXMgdzvwjGnOAgLuh\/9tlk3LuXIe5zJpd4fg\/oedNWnzmeiwiDgoJ45RG0i7J161YuSitNiSW9vStuKrm9MWPGsFhHjx7N1pMYMGAAH2uL3cyZsBLit2rbFnbTp8tZ8wRND+DjkSNHsXDRErNZOm3jffRRRRKzJDTMYKarBgpVPvARSYqwhlWhpMVUSUYfqrOS11Ea7Ya4uLjg\/feHYPDg91BcXITjx0\/Kq+sPqq+6uFaU10zxXESYnp4ue7STsZ+35qq2uLg4PtetWzfeTSFiY2N514WOxNy5cw3GmcbYvCUSQTOCq7VZkdsQ8sbbCOncDbP+FcUhuhrGjfPXPfSIiDViMQwWCdYBHhtj0cK\/80Y+LSg\/v3H4Yu7fcO5cvM7Cq6XvO304uFdEQskKJS2UvNQH5LJ79nwbdiIupEqA2pjVHIr1dpPezRRm946HDRvGRzc3N4MvMAQGBooVZXpVBgcHi3\/KeFY4bdq0anvRlGnTzgq9yNC3b1+OO728TL+YoL93rDaJIHehZu+YrF9AwAzs3FW9dEJ1zsuXKhaRPrSLMcZ\/PL\/oUBUSVlTUZjkyT0pKKtat24BZs6bhm28WY8GCLzlmrG\/I0hcWFvEbM02bNRGW2FosVCs4OjrgivgNhQVFIrEcL682zoULF5Gbm4cePbqrcscvzKtcJMJNmyLx+eefyBn10GtI4eE\/46effpAzxon+dacQbBhu3LjJY3t7e1w4b9zd0lZf+KrVWLv2H\/w9RE1FSPzyyxaRDZ\/DwIF\/4ljx94L+x8zMLLaM9BaNra2NsN7ZOH\/hPG+xeoi4nPaSyYJWLVnRoqcC\/TWRtdM96datq9HtSX1eKBGuWbMeTZs2kTPqKS4uhqfna8L9fyxnzJOYeAH5+fmwtbNFr5495KxxSkpKEBefgDKRqTZv3gxdu3aRZ9RBOzfbtu1gS\/Q8y1r6XL9+XdyvJ9zolTyKN+m3lYrfRW\/b0J4xlYZqwgsjQo3\/X55LYqKhYQpNhBoWRxOhhsXRRKhhcTQRalgcTYQaFkcToYaFAf4H0lcLx9l3wPUAAAAASUVORK5CYII=\" alt=\"\"><\/p>","protected":false},"excerpt":{"rendered":"<p>Tegund:&nbsp;205 CH-CH<\/p>","protected":false},"featured_media":61875,"comment_status":"closed","ping_status":"closed","template":"","meta":[],"product_brand":[],"product_cat":[575,518,546],"product_tag":[1008],"class_list":{"0":"post-22323","1":"product","2":"type-product","3":"status-publish","4":"has-post-thumbnail","6":"product_cat-bordlampar","7":"product_cat-honnunarlausnir","8":"product_cat-lampar","9":"product_tag-dcw","11":"first","12":"instock","13":"taxable","14":"shipping-taxable","15":"purchasable","16":"product-type-simple"},"yoast_head":"<!-- This site is optimized with the Yoast SEO plugin v27.3 - https:\/\/yoast.com\/product\/yoast-seo-wordpress\/ -->\n<title>DCW Lampe Gras N\u00b0205 Bor\u00f0lampi - V\u00e9lar &amp; Verkf\u00e6ri<\/title>\n<meta name=\"robots\" content=\"index, follow, max-snippet:-1, max-image-preview:large, max-video-preview:-1\" \/>\n<link rel=\"canonical\" href=\"https:\/\/velarogverkfaeri.is\/en\/honnunarlausnir\/lampar\/bordlampar\/product\/lampe-gras-bordlampi-n205-krom\/\" \/>\n<meta property=\"og:locale\" content=\"en_US\" \/>\n<meta property=\"og:type\" content=\"article\" \/>\n<meta property=\"og:title\" content=\"DCW Lampe Gras N\u00b0205 Bor\u00f0lampi - V\u00e9lar &amp; Verkf\u00e6ri\" \/>\n<meta property=\"og:description\" content=\"Tegund:&nbsp;205 CH-CH\" \/>\n<meta property=\"og:url\" content=\"https:\/\/velarogverkfaeri.is\/en\/honnunarlausnir\/lampar\/bordlampar\/product\/lampe-gras-bordlampi-n205-krom\/\" \/>\n<meta property=\"og:site_name\" content=\"V\u00e9lar &amp; Verkf\u00e6ri\" \/>\n<meta property=\"article:publisher\" content=\"https:\/\/www.facebook.com\/VelarOgVerkfaeri\" \/>\n<meta property=\"article:modified_time\" content=\"2025-04-25T17:54:11+00:00\" \/>\n<meta property=\"og:image\" content=\"https:\/\/velarogverkfaeri.is\/wp-content\/uploads\/2024\/06\/bfe7f4b3-5507-4da8-85a5-f9dcda20d0a6.jpg\" \/>\n\t<meta property=\"og:image:width\" content=\"528\" \/>\n\t<meta property=\"og:image:height\" content=\"506\" \/>\n\t<meta property=\"og:image:type\" content=\"image\/jpeg\" \/>\n<meta name=\"twitter:card\" content=\"summary_large_image\" \/>\n<script type=\"application\/ld+json\" class=\"yoast-schema-graph\">{\"@context\":\"https:\\\/\\\/schema.org\",\"@graph\":[{\"@type\":\"WebPage\",\"@id\":\"https:\\\/\\\/velarogverkfaeri.is\\\/honnunarlausnir\\\/lampar\\\/bordlampar\\\/product\\\/lampe-gras-bordlampi-n205-krom\\\/\",\"url\":\"https:\\\/\\\/velarogverkfaeri.is\\\/honnunarlausnir\\\/lampar\\\/bordlampar\\\/product\\\/lampe-gras-bordlampi-n205-krom\\\/\",\"name\":\"DCW Lampe Gras N\u00b0205 Bor\u00f0lampi - V\u00e9lar &amp; Verkf\u00e6ri\",\"isPartOf\":{\"@id\":\"https:\\\/\\\/velarogverkfaeri.is\\\/en\\\/#website\"},\"primaryImageOfPage\":{\"@id\":\"https:\\\/\\\/velarogverkfaeri.is\\\/honnunarlausnir\\\/lampar\\\/bordlampar\\\/product\\\/lampe-gras-bordlampi-n205-krom\\\/#primaryimage\"},\"image\":{\"@id\":\"https:\\\/\\\/velarogverkfaeri.is\\\/honnunarlausnir\\\/lampar\\\/bordlampar\\\/product\\\/lampe-gras-bordlampi-n205-krom\\\/#primaryimage\"},\"thumbnailUrl\":\"https:\\\/\\\/velarogverkfaeri.is\\\/wp-content\\\/uploads\\\/2024\\\/06\\\/bfe7f4b3-5507-4da8-85a5-f9dcda20d0a6.jpg\",\"datePublished\":\"2023-04-28T17:55:45+00:00\",\"dateModified\":\"2025-04-25T17:54:11+00:00\",\"breadcrumb\":{\"@id\":\"https:\\\/\\\/velarogverkfaeri.is\\\/honnunarlausnir\\\/lampar\\\/bordlampar\\\/product\\\/lampe-gras-bordlampi-n205-krom\\\/#breadcrumb\"},\"inLanguage\":\"en-US\",\"potentialAction\":[{\"@type\":\"ReadAction\",\"target\":[\"https:\\\/\\\/velarogverkfaeri.is\\\/honnunarlausnir\\\/lampar\\\/bordlampar\\\/product\\\/lampe-gras-bordlampi-n205-krom\\\/\"]}]},{\"@type\":\"ImageObject\",\"inLanguage\":\"en-US\",\"@id\":\"https:\\\/\\\/velarogverkfaeri.is\\\/honnunarlausnir\\\/lampar\\\/bordlampar\\\/product\\\/lampe-gras-bordlampi-n205-krom\\\/#primaryimage\",\"url\":\"https:\\\/\\\/velarogverkfaeri.is\\\/wp-content\\\/uploads\\\/2024\\\/06\\\/bfe7f4b3-5507-4da8-85a5-f9dcda20d0a6.jpg\",\"contentUrl\":\"https:\\\/\\\/velarogverkfaeri.is\\\/wp-content\\\/uploads\\\/2024\\\/06\\\/bfe7f4b3-5507-4da8-85a5-f9dcda20d0a6.jpg\",\"width\":528,\"height\":506},{\"@type\":\"BreadcrumbList\",\"@id\":\"https:\\\/\\\/velarogverkfaeri.is\\\/honnunarlausnir\\\/lampar\\\/bordlampar\\\/product\\\/lampe-gras-bordlampi-n205-krom\\\/#breadcrumb\",\"itemListElement\":[{\"@type\":\"ListItem\",\"position\":1,\"name\":\"Home\",\"item\":\"https:\\\/\\\/velarogverkfaeri.is\\\/\"},{\"@type\":\"ListItem\",\"position\":2,\"name\":\"Vefverslun\",\"item\":\"https:\\\/\\\/velarogverkfaeri.is\\\/vefverslun\\\/\"},{\"@type\":\"ListItem\",\"position\":3,\"name\":\"DCW Lampe Gras N\u00b0205 Bor\u00f0lampi\"}]},{\"@type\":\"WebSite\",\"@id\":\"https:\\\/\\\/velarogverkfaeri.is\\\/en\\\/#website\",\"url\":\"https:\\\/\\\/velarogverkfaeri.is\\\/en\\\/\",\"name\":\"V\u00e9lar & Verkf\u00e6ri\",\"description\":\"Umbo\u00f0s- og heildverslun fr\u00e1 \u00e1rinu 1919\",\"publisher\":{\"@id\":\"https:\\\/\\\/velarogverkfaeri.is\\\/en\\\/#organization\"},\"potentialAction\":[{\"@type\":\"SearchAction\",\"target\":{\"@type\":\"EntryPoint\",\"urlTemplate\":\"https:\\\/\\\/velarogverkfaeri.is\\\/en\\\/?s={search_term_string}\"},\"query-input\":{\"@type\":\"PropertyValueSpecification\",\"valueRequired\":true,\"valueName\":\"search_term_string\"}}],\"inLanguage\":\"en-US\"},{\"@type\":\"Organization\",\"@id\":\"https:\\\/\\\/velarogverkfaeri.is\\\/en\\\/#organization\",\"name\":\"V\u00e9lar & Verkf\u00e6ri\",\"url\":\"https:\\\/\\\/velarogverkfaeri.is\\\/en\\\/\",\"logo\":{\"@type\":\"ImageObject\",\"inLanguage\":\"en-US\",\"@id\":\"https:\\\/\\\/velarogverkfaeri.is\\\/en\\\/#\\\/schema\\\/logo\\\/image\\\/\",\"url\":\"https:\\\/\\\/velarogverkfaeri.is\\\/wp-content\\\/uploads\\\/2021\\\/10\\\/vv_logo_350x100.png\",\"contentUrl\":\"https:\\\/\\\/velarogverkfaeri.is\\\/wp-content\\\/uploads\\\/2021\\\/10\\\/vv_logo_350x100.png\",\"width\":350,\"height\":100,\"caption\":\"V\u00e9lar & Verkf\u00e6ri\"},\"image\":{\"@id\":\"https:\\\/\\\/velarogverkfaeri.is\\\/en\\\/#\\\/schema\\\/logo\\\/image\\\/\"},\"sameAs\":[\"https:\\\/\\\/www.facebook.com\\\/VelarOgVerkfaeri\"]}]}<\/script>\n<!-- \/ Yoast SEO plugin. -->","yoast_head_json":{"title":"DCW Lampe Gras N\u00b0205 Bor\u00f0lampi - V\u00e9lar &amp; Verkf\u00e6ri","robots":{"index":"index","follow":"follow","max-snippet":"max-snippet:-1","max-image-preview":"max-image-preview:large","max-video-preview":"max-video-preview:-1"},"canonical":"https:\/\/velarogverkfaeri.is\/en\/honnunarlausnir\/lampar\/bordlampar\/product\/lampe-gras-bordlampi-n205-krom\/","og_locale":"en_US","og_type":"article","og_title":"DCW Lampe Gras N\u00b0205 Bor\u00f0lampi - V\u00e9lar &amp; Verkf\u00e6ri","og_description":"Tegund:&nbsp;205 CH-CH","og_url":"https:\/\/velarogverkfaeri.is\/en\/honnunarlausnir\/lampar\/bordlampar\/product\/lampe-gras-bordlampi-n205-krom\/","og_site_name":"V\u00e9lar &amp; Verkf\u00e6ri","article_publisher":"https:\/\/www.facebook.com\/VelarOgVerkfaeri","article_modified_time":"2025-04-25T17:54:11+00:00","og_image":[{"width":528,"height":506,"url":"https:\/\/velarogverkfaeri.is\/wp-content\/uploads\/2024\/06\/bfe7f4b3-5507-4da8-85a5-f9dcda20d0a6.jpg","type":"image\/jpeg"}],"twitter_card":"summary_large_image","schema":{"@context":"https:\/\/schema.org","@graph":[{"@type":"WebPage","@id":"https:\/\/velarogverkfaeri.is\/honnunarlausnir\/lampar\/bordlampar\/product\/lampe-gras-bordlampi-n205-krom\/","url":"https:\/\/velarogverkfaeri.is\/honnunarlausnir\/lampar\/bordlampar\/product\/lampe-gras-bordlampi-n205-krom\/","name":"DCW Lampe Gras N\u00b0205 Bor\u00f0lampi - V\u00e9lar &amp; Verkf\u00e6ri","isPartOf":{"@id":"https:\/\/velarogverkfaeri.is\/en\/#website"},"primaryImageOfPage":{"@id":"https:\/\/velarogverkfaeri.is\/honnunarlausnir\/lampar\/bordlampar\/product\/lampe-gras-bordlampi-n205-krom\/#primaryimage"},"image":{"@id":"https:\/\/velarogverkfaeri.is\/honnunarlausnir\/lampar\/bordlampar\/product\/lampe-gras-bordlampi-n205-krom\/#primaryimage"},"thumbnailUrl":"https:\/\/velarogverkfaeri.is\/wp-content\/uploads\/2024\/06\/bfe7f4b3-5507-4da8-85a5-f9dcda20d0a6.jpg","datePublished":"2023-04-28T17:55:45+00:00","dateModified":"2025-04-25T17:54:11+00:00","breadcrumb":{"@id":"https:\/\/velarogverkfaeri.is\/honnunarlausnir\/lampar\/bordlampar\/product\/lampe-gras-bordlampi-n205-krom\/#breadcrumb"},"inLanguage":"en-US","potentialAction":[{"@type":"ReadAction","target":["https:\/\/velarogverkfaeri.is\/honnunarlausnir\/lampar\/bordlampar\/product\/lampe-gras-bordlampi-n205-krom\/"]}]},{"@type":"ImageObject","inLanguage":"en-US","@id":"https:\/\/velarogverkfaeri.is\/honnunarlausnir\/lampar\/bordlampar\/product\/lampe-gras-bordlampi-n205-krom\/#primaryimage","url":"https:\/\/velarogverkfaeri.is\/wp-content\/uploads\/2024\/06\/bfe7f4b3-5507-4da8-85a5-f9dcda20d0a6.jpg","contentUrl":"https:\/\/velarogverkfaeri.is\/wp-content\/uploads\/2024\/06\/bfe7f4b3-5507-4da8-85a5-f9dcda20d0a6.jpg","width":528,"height":506},{"@type":"BreadcrumbList","@id":"https:\/\/velarogverkfaeri.is\/honnunarlausnir\/lampar\/bordlampar\/product\/lampe-gras-bordlampi-n205-krom\/#breadcrumb","itemListElement":[{"@type":"ListItem","position":1,"name":"Home","item":"https:\/\/velarogverkfaeri.is\/"},{"@type":"ListItem","position":2,"name":"Vefverslun","item":"https:\/\/velarogverkfaeri.is\/vefverslun\/"},{"@type":"ListItem","position":3,"name":"DCW Lampe Gras N\u00b0205 Bor\u00f0lampi"}]},{"@type":"WebSite","@id":"https:\/\/velarogverkfaeri.is\/en\/#website","url":"https:\/\/velarogverkfaeri.is\/en\/","name":"V\u00e9lar & Verkf\u00e6ri","description":"Umbo\u00f0s- og heildverslun fr\u00e1 \u00e1rinu 1919","publisher":{"@id":"https:\/\/velarogverkfaeri.is\/en\/#organization"},"potentialAction":[{"@type":"SearchAction","target":{"@type":"EntryPoint","urlTemplate":"https:\/\/velarogverkfaeri.is\/en\/?s={search_term_string}"},"query-input":{"@type":"PropertyValueSpecification","valueRequired":true,"valueName":"search_term_string"}}],"inLanguage":"en-US"},{"@type":"Organization","@id":"https:\/\/velarogverkfaeri.is\/en\/#organization","name":"V\u00e9lar & Verkf\u00e6ri","url":"https:\/\/velarogverkfaeri.is\/en\/","logo":{"@type":"ImageObject","inLanguage":"en-US","@id":"https:\/\/velarogverkfaeri.is\/en\/#\/schema\/logo\/image\/","url":"https:\/\/velarogverkfaeri.is\/wp-content\/uploads\/2021\/10\/vv_logo_350x100.png","contentUrl":"https:\/\/velarogverkfaeri.is\/wp-content\/uploads\/2021\/10\/vv_logo_350x100.png","width":350,"height":100,"caption":"V\u00e9lar & Verkf\u00e6ri"},"image":{"@id":"https:\/\/velarogverkfaeri.is\/en\/#\/schema\/logo\/image\/"},"sameAs":["https:\/\/www.facebook.com\/VelarOgVerkfaeri"]}]}},"_links":{"self":[{"href":"https:\/\/velarogverkfaeri.is\/en\/wp-json\/wp\/v2\/product\/22323","targetHints":{"allow":["GET"]}}],"collection":[{"href":"https:\/\/velarogverkfaeri.is\/en\/wp-json\/wp\/v2\/product"}],"about":[{"href":"https:\/\/velarogverkfaeri.is\/en\/wp-json\/wp\/v2\/types\/product"}],"replies":[{"embeddable":true,"href":"https:\/\/velarogverkfaeri.is\/en\/wp-json\/wp\/v2\/comments?post=22323"}],"wp:featuredmedia":[{"embeddable":true,"href":"https:\/\/velarogverkfaeri.is\/en\/wp-json\/wp\/v2\/media\/61875"}],"wp:attachment":[{"href":"https:\/\/velarogverkfaeri.is\/en\/wp-json\/wp\/v2\/media?parent=22323"}],"wp:term":[{"taxonomy":"product_brand","embeddable":true,"href":"https:\/\/velarogverkfaeri.is\/en\/wp-json\/wp\/v2\/product_brand?post=22323"},{"taxonomy":"product_cat","embeddable":true,"href":"https:\/\/velarogverkfaeri.is\/en\/wp-json\/wp\/v2\/product_cat?post=22323"},{"taxonomy":"product_tag","embeddable":true,"href":"https:\/\/velarogverkfaeri.is\/en\/wp-json\/wp\/v2\/product_tag?post=22323"}],"curies":[{"name":"wp","href":"https:\/\/api.w.org\/{rel}","templated":true}]}}