{"id":22305,"date":"2023-04-28T17:42:38","date_gmt":"2023-04-28T17:42:38","guid":{"rendered":"https:\/\/vv-dev.webdev.is\/?post_type=product&#038;p=22305"},"modified":"2025-04-25T15:12:57","modified_gmt":"2025-04-25T15:12:57","slug":"tecnolumen-skrifbordslampi-art-deco-ad34-hannadur-1934","status":"publish","type":"product","link":"https:\/\/velarogverkfaeri.is\/en\/honnunarlausnir\/lampar\/bordlampar\/product\/tecnolumen-skrifbordslampi-art-deco-ad34-hannadur-1934\/","title":{"rendered":"TECNOLUMEN Art D\u00e9co Bor\u00f0lampi"},"content":{"rendered":"<p class=\"font-size-lg\" style=\"margin-bottom: 1rem;\"><font color=\"#1d1d1b\" face=\"UniversLT-Condensed, sans-serif\"><span style=\"font-size: 14.85px;\">\u00deessi bor\u00f0lampi hefur veri\u00f0 endurhanna\u00f0ur eftir Art Deco fyrirmynd fr\u00e1 Frakklandi. Hafa haldi\u00f0 l\u00f6gun \u00feess en breytt yfirbor\u00f0i \u00feess og t\u00e6knilegum a\u00f0ger\u00f0um.<\/span><\/font><\/p>\n<p class=\"font-size-lg\" style=\"margin-bottom: 1rem;\"><font color=\"#1d1d1b\" face=\"UniversLT-Condensed, sans-serif\"><span style=\"font-size: 14.85px;\">Er sn\u00faanlegt og tengingin stillanleg. M\u00e1lmhlutarnir samanstanda af gl\u00e6rlakka\u00f0ri \u00e1lpl\u00f6tu og kr\u00f3mh\u00fa\u00f0u\u00f0um hli\u00f0um. Ramminn er einnig kr\u00f3mh\u00fa\u00f0a\u00f0ur.<\/p>\n<p><\/span><\/font><\/p>\n<p class=\"font-size-lg\" style=\"margin-bottom: 1rem;\"><font color=\"#1d1d1b\" face=\"UniversLT-Condensed, sans-serif\"><span style=\"font-size: 14.85px;\">Hver lampi er n\u00famera\u00f0ur \u00ed r\u00f6\u00f0 og ber TECNOLUMEN innsigli\u00f0.<\/span><\/font><\/p>\n<p class=\"font-size-lg\" style=\"margin-bottom: 1rem;\"><font color=\"#1d1d1b\" face=\"UniversLT-Condensed, sans-serif\"><span style=\"font-size: 14.85px;\">R\u00e1\u00f0lag\u00f0ur lj\u00f3sgjafi: 2x LED filament kerti 4 W, gl\u00e6rt<\/span><\/font><\/p>\n<p class=\"font-size-lg\" style=\"margin-bottom: 1rem;\"><img decoding=\"async\" src=\"data:image\/png;base64,iVBORw0KGgoAAAANSUhEUgAAARcAAAA\/CAYAAADKW4w7AAAAAXNSR0IArs4c6QAAAARnQU1BAACxjwv8YQUAAAAJcEhZcwAADsMAAA7DAcdvqGQAABFsSURBVHhe7Z0LUFTVH8d\/2kOzMiO1UCC1LC0thZS01JoyJSqxzLSHaQlEiVaGlpWmmdrfsRQ0BZtqemspUJHW+MgcKB\/k2FDZpGVAUmIvLTUtz\/98f3tWlnUf9+7u3b2L5zNzZ\/eec++yh73nd3\/n97qNhIQ0Go0mxDRWrxqNRhNStHDRaDSWoIWLRqOxBC1cNBqNJWjhotFoLEELF41GYwlauGg0GkvQwkWj0ViCzyC6Ro0aqXfRhb+4wGgdF9Bji04a6th8jcuvcPnuu+\/UXnTQsWNHQz9ktI0L6LHpsdkJf+PyK1x+\/PFHSkhIUC32prKyks4991zDP+T555+vWuzP9u3bTV2kemz2wMzYGtpc0zaXEPDff\/\/Rxo0b6ZNPPjm6bdq0ids1muMVLVwCZOfOnfToo49SSkoKxcTEUHJyMl199dVHt549e1LLli3phhtuoMcee4yP12iOJ7RwMck\/\/\/xD48ePpwsvvJCeffZZ2rFjBw0dOpSmTJlCBQUFVFJSwq\/YHzJkCH377bc0a9YsPn7ixIl08OBB9Ukaqzlw4ADNmTOHfv31V9XS8MH1OHv2bL6pnXXWWXTGGWfQxRdfTHfeeSd9+umn6ijzjB49mjZs2KD2DCLXTF5Bt1wHqj37g+\/qZ0gMjpFrd7VnnEOHDon+\/fvz+enp6WL16tWqxzerVq3i43EezpfLJdVjHHxfK8cWSUI9NinAxfPPPy\/OOeccPmfXrl2qJ\/yYGVswc23ZsmXi0ksvFc2aNRMjR44UeXl54sMPP+R2\/C+kcOG+Ll26CClk1FnGyMzMFBdccIHYvn27ajE213z2BjvgcGO1cJk5cyafO2PGDNViDpyH8\/FjmyXUE1CIzSI3vq2IV1tG0W7V7kb5vKPH+D02QEI1NgiV3NxcERsby8c6t4YsXKqqqoRchouEhASRn58v9u\/fr3qOBf+fV155hf8\/GRkZYt++farHOw888IDo0KGD2LZtm2pxoIWLF3CMsQlYH9wZevToofYCA+cnJyerPeOEagI62TxXCor7CgWLiV2FIkMKjdxy7qoPC5fRotDC+Rns2ORSVcyfP1+0bduWj3HfGqpwKSsrE61bt2YBgP+BUf766y+RlZUlLrnkEvHTTz+p1mMZN24cC62KigrVUoeRuaZtLiZo2rQptWrVSu0FxplnnqneRZJaqtomXzrFE48m9gpKSSWqqKrFXtRw+PBhWrRoEbumx4wZQ3KiqJ76PPPMM\/Tiiy+yzUBe86o1uoEt75prrqFbb72VpGClk08+WfX459RTT6UXXniBz+3WrZvH+JpHHnmE3nnnHXrvvffYZhMIWriYYNiwYSTXsbRy5UrVYo5XX32VPv74Y\/6cyNKK0hZWU+W4JLVfSVUl6q0JaovTKSErl\/Ky4ighAVs6FX1RRJn8Xm5ZRVKMWQviQ\/xRXl5OTz75JF1++eXUrl079t598803qjf6QIgDnAipqaksWALliSeeoPT0dLrtttvo33\/\/Va3EXtDXXnuN3n\/\/fZLaumoNAIcC4xl062VRHa4GXSn5xYEDB1SPb6qrq8XUqVP5PJyPzzFLsEsHnyi7ivdlkavNpW6JtLtotMv+blF4n8tSS9l0PH6mG8GODUuCBQsW+F0W7dy5U0yZMkW0b9+e27t27SpmzZolKisrud8KzIzN6FyDsTYmJkb8+eefqiVw4FxITEzkzwSTJk3iz5ZaHu97w8hc89lrZsB2wGrhAiBQcnJyhFRDxYknnigGDBggpJQXa9asEVJVZSPZV199JaR2IwoKCkSfPn3470lVVMg7BRvVAiHYCegdZdg9KhTccLO5sK1m7mZ+z8LF5Tz01Rl7HcImHMLFiVGD7pEjR8S6devYqInfBcdA6G\/dulUdETrMjM3IXMN3j4+PF9OmTVMtwbN27VrRpk0bvj6bN28uSktLVY93tHDxAo4xNwGPZceOHeza69ixo2jRogV\/pvuGH0quV7kfRrRgCNUEdIeFhQmDratAsZtwceJ0RZ999tl8ji+DLm4W8KB06tRJyCUWGzFDoRE4MTM2I3MNbmQcK5d1qiU0wG3ftGlTFrpGMDLXtM0lQDp06ECnn346DR8+nPbs2UOfffYZyYuUZs6cya+ff\/45\/fbbb3TzzTezIRhGNNvxRS4NnkOUkjeD0mJVmxFKKqlSvbUjTZo0oQcffJB++OEHDqLzZezEb3P33XeT1DZp8eLF9NZbb3Eu0KpVq9QR9gK5SlJj5qDMUIFrtra2lkaMGEF9+\/ZVrcGjhUsIOOGEE9hYiIsUxjC8Ih0A7falnPLS\/keUOp+mD\/LuAWOjbUKuPNqF1ASKhvS6U045hR5++GGOVPVH48aN6d577+U0jeuvv56uu+46evrpp1WvfZAaMJ122mmGDNlGQDQvjN0wDsfFxanW0KCzot146KGH1Dv\/wAshVW+fP0pVVRXt3r2bkpKcnhn\/SJVevasj1JnD5fPipNYygQorx5LPb1ZTRJnJJZSyYTFrN3weFbOnCYInaWUqlS9MY5c2+grabaF8Fla1VJTVnarSqyk7kT\/JK3bMisZvkJOTwzcKuLEDncyhzop+88036Y477qB9+\/axkAkGjBHCFykrL730EnuN4J42gpG5FjrhIlXsBNwJ3cgp8n9xecT5eeMdF7IRQiFcmjVrFlFhijHs379f7dUR2gnomPhj3d3PUouBoCAIjWyiXCVQWIhkr1AH1QmkhixcAJZGt9xyC+eIBSpgQi1ctm3bRp07d2aBAA0rUPLy8mjs2LFUXFxMN910E7Vv357WrVtn+No3NNdkp1fQDcONIcxGcqqoUM9eCuXWRL\/yTBgB39XPkBgcIy9StVcfqUoLuU5Xe+EFfxd\/3xP4vsGOzSj1DbPWE86xmWXTpk2iSZMm4p577mFPjVnMjM3oXIOhWmovas88CKPA31u+fDnvw+3crVs3fm8UI3MtMjYXqNrTiDLyUlSDGzWltKJkAuWMV\/ua8CF\/mwK5XMrwYYc5nrjsssvojTfeoJdffpntE3YA0chvv\/12QNneyNi\/\/\/77aenSpTR48GBuQwTzyJEj+X0oiYxwiU2jfKlKe1PAypeOkXrbcOqt9jVhBL+NPzvMcQaWRrBNwPCJZUmkyc7OZmO1J9ucL2BXyczMZLuN07aCiPH169eT1Mx4P5TY0FtUTmVzUiilp75zauzDjBkzKD4+\/phQ+UiAGi35+flcJ+jGG29Urb5B6gm8YXhF+ARAGgFc9s899xyHVYSaEAuXFTQ22Zlngs3NhWmA2uJFNHv8febiLiKEw00bR5nF3jJoYNSs+394Py66QEwEkgRdy3q6bg0RxMogBqaiooKTJSPN7bffzq7yDz74gJYvX65aPQNNBV4vaC533XWXaiVauHAhJ+JasSRilO3FI+i2zKArcY\/wdI\/qdA01N0J4Dbp19VC8GT\/rjc9XWQOFXQy63kBovTMvZ968efzqaTNSJ8QVO4zNKHKScqj84cOHVYtvzIzN8FxTSA2Ky4B07txZtRzLkiVL+LORiuLKnj17hNSAPJZTMIJ9DbreYEMu0ew0x50e0aM0Z1BAGpDlfFFKs1MnUE6q2j+GWipduYJSBl4R1WUNnKBWMFyXCLaCao3I47Vr19bbJk2apI5uuCCjeteuXZw1HGkQpPnUU09xhjc0Kneg0WAZh\/IKyH52BYZdlGwItJyCEewlXNiYWE2VaiuEtwhxLrYzMMrlzuL\/UU76cIpXLd5YsdMZKO8oa9AlPvpsSbiAUWYCxj\/ER0C1jouLo6uuuqrehviLhg7C7gcOHMg2DzsAYd+iRQuOe3EFdVhgiJbaJmVlZanWOlyNulZhQ4NuFKBc5b19Boe1orT0CVLzKnVoXazpzKdhgQQURpAvv\/ySXZUoHtS\/f3\/V6hupEat3DZNRo0Zx4amamhrVEjlOOukk1j7k8ku1ENccGjRoEBtq4VlyBwbpr7\/+mvr166darMFig27DMWK64nSV+9WmEsdKresKKsP\/AtHGzspvUQSMgLgY8TQDoyARDtqOp+3vv\/9WR0UvqKyPJcmyZctUS2RBASxEzIKPPvqIPUiIyfGWyvLLL7\/wK1JXLMVhevEMus0amSJJeAy6MOTWL5DkzaDrKGcwT54hiVKD7tChQ7nWqhFQ1wZ\/39cmL2x1dB2RGlswoP4LCmP7w8zYAp1rqKHbq1cvfsoE6gyhkLwvUC4EhvlgiD6DbjSA5c1RDc2Rn7Miu7uHko6OOrUpTg1HGXRnr7edadonePZPmzZt1J4x9u7di6vO49a6dWt1VHSD0gRlZWW2eKpm8+bN6fvvv+ccIQT6ITPfFwgj6NKli9qzDi1czMJLHafReQvlSoGRkreFKlXyXh2B1aXVRAdSm+MH5OEhZJGmU6dOvNRBOD\/q4voDxmhPtphQo4WLZSRR7\/FSq1lZqjQah7DJ6aMD6xsCXbt25VcYRiMJDMuwraBmzbvvvstPl\/C34bnmRo3zwaCFS0hREblqiZQ0rphySsZQEhu3B1GF1HACKj9hEtT7cHcTB7pB9UchJTMEUpog2kCJAlQXjKRwQT0hLIUQw4KyEMg3gvBAdb0jR46w8RweIXiOnFuvXr24Fkw40MIlKByP6HDULwHQTlIod7JziZRE2S5xO3XHWQuq4HkSFIFsuCPCVqJxBJ5BcDo3TN7HH3+8Xlu4qtdt3bqVvUKIOUKOEWJdUKXu999\/Z\/d027ZtqXv37lzmE2VXnRuCAM3eLAJGXjheQbf2FhmHw\/1NpCu4Y0dvkbyAxcCBA9Web5zeor1796oWY0RqbGZBuD0q7+N7eNoQTu9eiN3M2IzONYTs43ugmLiTiRMnihEjRoiamhruR6FtPCcaYf\/wHuGRKthGjRrF6QvBor1FYabVoMWGq+ZFC0jYw5MNzYA7eEPEGW7vDTnBLS\/EjictQmPBcmju3Lmq1QHSMmJjY9kThOUQgv0Qc4R4HGdS6ZYtW9TR1qOFi8Yn8ESYfTqhvGmpdw0PZBfjyQ\/uYPmI3CsrQclMCJYBAwZ4fNIi0hJQmnP16tW0Zs0aLnCFZRDSAJzLXCyVwoUWLhqfwOWKRD08JsUoiLtwtUO4bihWHs1Ae\/EUrWy11oKnEkBbgUaCUgmeQP7XtddeywmJcEvDHrRkyRJOajx48KA6Knyapa7+7wYKdE+fPl3thR\/EKVhfoNs4+C54WHliYiKXVvTF66+\/zgZG5LbAc+EJ3D3dsWuBbm\/AE4Pvi8A1AK2lurqavTTuhKJANz4bxbjxBAloI55A4ByECzQbfBYMu7gpIP\/J+Xro0CE+FkGR3h7abxQjc00LFzcgXCKNnYQL2Lx5M\/Xo0YN69+7NafzeclKcwsXsYy+iTbgA5yM+ABIEveXxBCtcfv75ZxYsSE70VeZh2rRpNHXqVLryyivpoosuopYtW1JMTAwLPmzQqvAdsExC7V38H4NBCxcv2OkiNUqkJyACtJCij7sztA+EmaMEgyvIoC4sLDwuhAu0F0z4P\/74g+eIt6c6BiNc8CRPCJbzzjuPq+D5AkZ32INQV8fb0xjxXbG8hYYDARQMhuaa7PQKuuWA1Z79wXf1MyQGx8iLVO1FB\/i+kR7bxo0bhdRMhLx4j9tKdK4sXbpU5OXlqT3PmBmb61yTyxpORhwyZIhqMcaCBQs4KVEuoY66n7Ozs\/nz8dvBVR0KjMw1n73uA7Y7WrjosdkNM2NzzjUIZ7m8EWlpabxvFsS3yGWQ6NevH29ScxJ9+\/YN6LlL3jAy17S3SKOxGVhSZmRk8BIzEFCCdPLkyUfdzyjmjehcLL3CiRYuGo0NgWE8GCZMmFCvSBdyocKNX4OuVOvUXnRgxjAYbeix6bHZCX\/j8itcohEjP2S0oscWnTTUsfkal0\/hotFoNIGibS4ajcYStHDRaDSWoIWLRqOxBC1cNBqNJWjhotFoLEELF41GYwFE\/wfmwP+zcgiN6gAAAABJRU5ErkJggg==\" alt=\"\"><font color=\"#1d1d1b\" face=\"UniversLT-Condensed, sans-serif\"><span style=\"font-size: 14.85px;\"><br \/><\/span><\/font><\/p>","protected":false},"excerpt":{"rendered":"<p>Tegund:&nbsp;AD 34<\/p>\n<p>ATH a\u00f0eins 1 stk til \u00e1 lager<\/p>","protected":false},"featured_media":26478,"comment_status":"closed","ping_status":"closed","template":"","meta":[],"product_brand":[],"product_cat":[575,518,546],"product_tag":[849],"class_list":{"0":"post-22305","1":"product","2":"type-product","3":"status-publish","4":"has-post-thumbnail","6":"product_cat-bordlampar","7":"product_cat-honnunarlausnir","8":"product_cat-lampar","9":"product_tag-tecnolumen","11":"first","12":"instock","13":"taxable","14":"shipping-taxable","15":"purchasable","16":"product-type-simple"},"yoast_head":"<!-- This site is optimized with the Yoast SEO plugin v27.3 - https:\/\/yoast.com\/product\/yoast-seo-wordpress\/ -->\n<title>TECNOLUMEN Art D\u00e9co Bor\u00f0lampi - V\u00e9lar &amp; Verkf\u00e6ri<\/title>\n<meta name=\"robots\" content=\"index, follow, max-snippet:-1, max-image-preview:large, max-video-preview:-1\" \/>\n<link rel=\"canonical\" href=\"https:\/\/velarogverkfaeri.is\/en\/honnunarlausnir\/lampar\/bordlampar\/product\/tecnolumen-skrifbordslampi-art-deco-ad34-hannadur-1934\/\" \/>\n<meta property=\"og:locale\" content=\"en_US\" \/>\n<meta property=\"og:type\" content=\"article\" \/>\n<meta property=\"og:title\" content=\"TECNOLUMEN Art D\u00e9co Bor\u00f0lampi - V\u00e9lar &amp; Verkf\u00e6ri\" \/>\n<meta property=\"og:description\" content=\"Tegund:&nbsp;AD 34ATH a\u00f0eins 1 stk til \u00e1 lager\" \/>\n<meta property=\"og:url\" content=\"https:\/\/velarogverkfaeri.is\/en\/honnunarlausnir\/lampar\/bordlampar\/product\/tecnolumen-skrifbordslampi-art-deco-ad34-hannadur-1934\/\" \/>\n<meta property=\"og:site_name\" content=\"V\u00e9lar &amp; Verkf\u00e6ri\" \/>\n<meta property=\"article:publisher\" content=\"https:\/\/www.facebook.com\/VelarOgVerkfaeri\" \/>\n<meta property=\"article:modified_time\" content=\"2025-04-25T15:12:57+00:00\" \/>\n<meta property=\"og:image\" content=\"https:\/\/velarogverkfaeri.is\/wp-content\/uploads\/2023\/06\/6fdf6a03-bb32-47cf-b8e8-587e6bc9b62c.png\" \/>\n\t<meta property=\"og:image:width\" content=\"1000\" \/>\n\t<meta property=\"og:image:height\" content=\"1000\" \/>\n\t<meta property=\"og:image:type\" content=\"image\/png\" \/>\n<meta name=\"twitter:card\" content=\"summary_large_image\" \/>\n<script type=\"application\/ld+json\" class=\"yoast-schema-graph\">{\"@context\":\"https:\\\/\\\/schema.org\",\"@graph\":[{\"@type\":\"WebPage\",\"@id\":\"https:\\\/\\\/velarogverkfaeri.is\\\/honnunarlausnir\\\/lampar\\\/bordlampar\\\/product\\\/tecnolumen-skrifbordslampi-art-deco-ad34-hannadur-1934\\\/\",\"url\":\"https:\\\/\\\/velarogverkfaeri.is\\\/honnunarlausnir\\\/lampar\\\/bordlampar\\\/product\\\/tecnolumen-skrifbordslampi-art-deco-ad34-hannadur-1934\\\/\",\"name\":\"TECNOLUMEN Art D\u00e9co Bor\u00f0lampi - V\u00e9lar &amp; Verkf\u00e6ri\",\"isPartOf\":{\"@id\":\"https:\\\/\\\/velarogverkfaeri.is\\\/en\\\/#website\"},\"primaryImageOfPage\":{\"@id\":\"https:\\\/\\\/velarogverkfaeri.is\\\/honnunarlausnir\\\/lampar\\\/bordlampar\\\/product\\\/tecnolumen-skrifbordslampi-art-deco-ad34-hannadur-1934\\\/#primaryimage\"},\"image\":{\"@id\":\"https:\\\/\\\/velarogverkfaeri.is\\\/honnunarlausnir\\\/lampar\\\/bordlampar\\\/product\\\/tecnolumen-skrifbordslampi-art-deco-ad34-hannadur-1934\\\/#primaryimage\"},\"thumbnailUrl\":\"https:\\\/\\\/velarogverkfaeri.is\\\/wp-content\\\/uploads\\\/2023\\\/06\\\/6fdf6a03-bb32-47cf-b8e8-587e6bc9b62c.png\",\"datePublished\":\"2023-04-28T17:42:38+00:00\",\"dateModified\":\"2025-04-25T15:12:57+00:00\",\"breadcrumb\":{\"@id\":\"https:\\\/\\\/velarogverkfaeri.is\\\/honnunarlausnir\\\/lampar\\\/bordlampar\\\/product\\\/tecnolumen-skrifbordslampi-art-deco-ad34-hannadur-1934\\\/#breadcrumb\"},\"inLanguage\":\"en-US\",\"potentialAction\":[{\"@type\":\"ReadAction\",\"target\":[\"https:\\\/\\\/velarogverkfaeri.is\\\/honnunarlausnir\\\/lampar\\\/bordlampar\\\/product\\\/tecnolumen-skrifbordslampi-art-deco-ad34-hannadur-1934\\\/\"]}]},{\"@type\":\"ImageObject\",\"inLanguage\":\"en-US\",\"@id\":\"https:\\\/\\\/velarogverkfaeri.is\\\/honnunarlausnir\\\/lampar\\\/bordlampar\\\/product\\\/tecnolumen-skrifbordslampi-art-deco-ad34-hannadur-1934\\\/#primaryimage\",\"url\":\"https:\\\/\\\/velarogverkfaeri.is\\\/wp-content\\\/uploads\\\/2023\\\/06\\\/6fdf6a03-bb32-47cf-b8e8-587e6bc9b62c.png\",\"contentUrl\":\"https:\\\/\\\/velarogverkfaeri.is\\\/wp-content\\\/uploads\\\/2023\\\/06\\\/6fdf6a03-bb32-47cf-b8e8-587e6bc9b62c.png\",\"width\":1000,\"height\":1000},{\"@type\":\"BreadcrumbList\",\"@id\":\"https:\\\/\\\/velarogverkfaeri.is\\\/honnunarlausnir\\\/lampar\\\/bordlampar\\\/product\\\/tecnolumen-skrifbordslampi-art-deco-ad34-hannadur-1934\\\/#breadcrumb\",\"itemListElement\":[{\"@type\":\"ListItem\",\"position\":1,\"name\":\"Home\",\"item\":\"https:\\\/\\\/velarogverkfaeri.is\\\/\"},{\"@type\":\"ListItem\",\"position\":2,\"name\":\"Vefverslun\",\"item\":\"https:\\\/\\\/velarogverkfaeri.is\\\/vefverslun\\\/\"},{\"@type\":\"ListItem\",\"position\":3,\"name\":\"TECNOLUMEN Art D\u00e9co Bor\u00f0lampi\"}]},{\"@type\":\"WebSite\",\"@id\":\"https:\\\/\\\/velarogverkfaeri.is\\\/en\\\/#website\",\"url\":\"https:\\\/\\\/velarogverkfaeri.is\\\/en\\\/\",\"name\":\"V\u00e9lar & Verkf\u00e6ri\",\"description\":\"Umbo\u00f0s- og heildverslun fr\u00e1 \u00e1rinu 1919\",\"publisher\":{\"@id\":\"https:\\\/\\\/velarogverkfaeri.is\\\/en\\\/#organization\"},\"potentialAction\":[{\"@type\":\"SearchAction\",\"target\":{\"@type\":\"EntryPoint\",\"urlTemplate\":\"https:\\\/\\\/velarogverkfaeri.is\\\/en\\\/?s={search_term_string}\"},\"query-input\":{\"@type\":\"PropertyValueSpecification\",\"valueRequired\":true,\"valueName\":\"search_term_string\"}}],\"inLanguage\":\"en-US\"},{\"@type\":\"Organization\",\"@id\":\"https:\\\/\\\/velarogverkfaeri.is\\\/en\\\/#organization\",\"name\":\"V\u00e9lar & Verkf\u00e6ri\",\"url\":\"https:\\\/\\\/velarogverkfaeri.is\\\/en\\\/\",\"logo\":{\"@type\":\"ImageObject\",\"inLanguage\":\"en-US\",\"@id\":\"https:\\\/\\\/velarogverkfaeri.is\\\/en\\\/#\\\/schema\\\/logo\\\/image\\\/\",\"url\":\"https:\\\/\\\/velarogverkfaeri.is\\\/wp-content\\\/uploads\\\/2021\\\/10\\\/vv_logo_350x100.png\",\"contentUrl\":\"https:\\\/\\\/velarogverkfaeri.is\\\/wp-content\\\/uploads\\\/2021\\\/10\\\/vv_logo_350x100.png\",\"width\":350,\"height\":100,\"caption\":\"V\u00e9lar & Verkf\u00e6ri\"},\"image\":{\"@id\":\"https:\\\/\\\/velarogverkfaeri.is\\\/en\\\/#\\\/schema\\\/logo\\\/image\\\/\"},\"sameAs\":[\"https:\\\/\\\/www.facebook.com\\\/VelarOgVerkfaeri\"]}]}<\/script>\n<!-- \/ Yoast SEO plugin. -->","yoast_head_json":{"title":"TECNOLUMEN Art D\u00e9co Bor\u00f0lampi - V\u00e9lar &amp; Verkf\u00e6ri","robots":{"index":"index","follow":"follow","max-snippet":"max-snippet:-1","max-image-preview":"max-image-preview:large","max-video-preview":"max-video-preview:-1"},"canonical":"https:\/\/velarogverkfaeri.is\/en\/honnunarlausnir\/lampar\/bordlampar\/product\/tecnolumen-skrifbordslampi-art-deco-ad34-hannadur-1934\/","og_locale":"en_US","og_type":"article","og_title":"TECNOLUMEN Art D\u00e9co Bor\u00f0lampi - V\u00e9lar &amp; Verkf\u00e6ri","og_description":"Tegund:&nbsp;AD 34ATH a\u00f0eins 1 stk til \u00e1 lager","og_url":"https:\/\/velarogverkfaeri.is\/en\/honnunarlausnir\/lampar\/bordlampar\/product\/tecnolumen-skrifbordslampi-art-deco-ad34-hannadur-1934\/","og_site_name":"V\u00e9lar &amp; Verkf\u00e6ri","article_publisher":"https:\/\/www.facebook.com\/VelarOgVerkfaeri","article_modified_time":"2025-04-25T15:12:57+00:00","og_image":[{"width":1000,"height":1000,"url":"https:\/\/velarogverkfaeri.is\/wp-content\/uploads\/2023\/06\/6fdf6a03-bb32-47cf-b8e8-587e6bc9b62c.png","type":"image\/png"}],"twitter_card":"summary_large_image","schema":{"@context":"https:\/\/schema.org","@graph":[{"@type":"WebPage","@id":"https:\/\/velarogverkfaeri.is\/honnunarlausnir\/lampar\/bordlampar\/product\/tecnolumen-skrifbordslampi-art-deco-ad34-hannadur-1934\/","url":"https:\/\/velarogverkfaeri.is\/honnunarlausnir\/lampar\/bordlampar\/product\/tecnolumen-skrifbordslampi-art-deco-ad34-hannadur-1934\/","name":"TECNOLUMEN Art D\u00e9co Bor\u00f0lampi - V\u00e9lar &amp; Verkf\u00e6ri","isPartOf":{"@id":"https:\/\/velarogverkfaeri.is\/en\/#website"},"primaryImageOfPage":{"@id":"https:\/\/velarogverkfaeri.is\/honnunarlausnir\/lampar\/bordlampar\/product\/tecnolumen-skrifbordslampi-art-deco-ad34-hannadur-1934\/#primaryimage"},"image":{"@id":"https:\/\/velarogverkfaeri.is\/honnunarlausnir\/lampar\/bordlampar\/product\/tecnolumen-skrifbordslampi-art-deco-ad34-hannadur-1934\/#primaryimage"},"thumbnailUrl":"https:\/\/velarogverkfaeri.is\/wp-content\/uploads\/2023\/06\/6fdf6a03-bb32-47cf-b8e8-587e6bc9b62c.png","datePublished":"2023-04-28T17:42:38+00:00","dateModified":"2025-04-25T15:12:57+00:00","breadcrumb":{"@id":"https:\/\/velarogverkfaeri.is\/honnunarlausnir\/lampar\/bordlampar\/product\/tecnolumen-skrifbordslampi-art-deco-ad34-hannadur-1934\/#breadcrumb"},"inLanguage":"en-US","potentialAction":[{"@type":"ReadAction","target":["https:\/\/velarogverkfaeri.is\/honnunarlausnir\/lampar\/bordlampar\/product\/tecnolumen-skrifbordslampi-art-deco-ad34-hannadur-1934\/"]}]},{"@type":"ImageObject","inLanguage":"en-US","@id":"https:\/\/velarogverkfaeri.is\/honnunarlausnir\/lampar\/bordlampar\/product\/tecnolumen-skrifbordslampi-art-deco-ad34-hannadur-1934\/#primaryimage","url":"https:\/\/velarogverkfaeri.is\/wp-content\/uploads\/2023\/06\/6fdf6a03-bb32-47cf-b8e8-587e6bc9b62c.png","contentUrl":"https:\/\/velarogverkfaeri.is\/wp-content\/uploads\/2023\/06\/6fdf6a03-bb32-47cf-b8e8-587e6bc9b62c.png","width":1000,"height":1000},{"@type":"BreadcrumbList","@id":"https:\/\/velarogverkfaeri.is\/honnunarlausnir\/lampar\/bordlampar\/product\/tecnolumen-skrifbordslampi-art-deco-ad34-hannadur-1934\/#breadcrumb","itemListElement":[{"@type":"ListItem","position":1,"name":"Home","item":"https:\/\/velarogverkfaeri.is\/"},{"@type":"ListItem","position":2,"name":"Vefverslun","item":"https:\/\/velarogverkfaeri.is\/vefverslun\/"},{"@type":"ListItem","position":3,"name":"TECNOLUMEN Art D\u00e9co Bor\u00f0lampi"}]},{"@type":"WebSite","@id":"https:\/\/velarogverkfaeri.is\/en\/#website","url":"https:\/\/velarogverkfaeri.is\/en\/","name":"V\u00e9lar & Verkf\u00e6ri","description":"Umbo\u00f0s- og heildverslun fr\u00e1 \u00e1rinu 1919","publisher":{"@id":"https:\/\/velarogverkfaeri.is\/en\/#organization"},"potentialAction":[{"@type":"SearchAction","target":{"@type":"EntryPoint","urlTemplate":"https:\/\/velarogverkfaeri.is\/en\/?s={search_term_string}"},"query-input":{"@type":"PropertyValueSpecification","valueRequired":true,"valueName":"search_term_string"}}],"inLanguage":"en-US"},{"@type":"Organization","@id":"https:\/\/velarogverkfaeri.is\/en\/#organization","name":"V\u00e9lar & Verkf\u00e6ri","url":"https:\/\/velarogverkfaeri.is\/en\/","logo":{"@type":"ImageObject","inLanguage":"en-US","@id":"https:\/\/velarogverkfaeri.is\/en\/#\/schema\/logo\/image\/","url":"https:\/\/velarogverkfaeri.is\/wp-content\/uploads\/2021\/10\/vv_logo_350x100.png","contentUrl":"https:\/\/velarogverkfaeri.is\/wp-content\/uploads\/2021\/10\/vv_logo_350x100.png","width":350,"height":100,"caption":"V\u00e9lar & Verkf\u00e6ri"},"image":{"@id":"https:\/\/velarogverkfaeri.is\/en\/#\/schema\/logo\/image\/"},"sameAs":["https:\/\/www.facebook.com\/VelarOgVerkfaeri"]}]}},"_links":{"self":[{"href":"https:\/\/velarogverkfaeri.is\/en\/wp-json\/wp\/v2\/product\/22305","targetHints":{"allow":["GET"]}}],"collection":[{"href":"https:\/\/velarogverkfaeri.is\/en\/wp-json\/wp\/v2\/product"}],"about":[{"href":"https:\/\/velarogverkfaeri.is\/en\/wp-json\/wp\/v2\/types\/product"}],"replies":[{"embeddable":true,"href":"https:\/\/velarogverkfaeri.is\/en\/wp-json\/wp\/v2\/comments?post=22305"}],"wp:featuredmedia":[{"embeddable":true,"href":"https:\/\/velarogverkfaeri.is\/en\/wp-json\/wp\/v2\/media\/26478"}],"wp:attachment":[{"href":"https:\/\/velarogverkfaeri.is\/en\/wp-json\/wp\/v2\/media?parent=22305"}],"wp:term":[{"taxonomy":"product_brand","embeddable":true,"href":"https:\/\/velarogverkfaeri.is\/en\/wp-json\/wp\/v2\/product_brand?post=22305"},{"taxonomy":"product_cat","embeddable":true,"href":"https:\/\/velarogverkfaeri.is\/en\/wp-json\/wp\/v2\/product_cat?post=22305"},{"taxonomy":"product_tag","embeddable":true,"href":"https:\/\/velarogverkfaeri.is\/en\/wp-json\/wp\/v2\/product_tag?post=22305"}],"curies":[{"name":"wp","href":"https:\/\/api.w.org\/{rel}","templated":true}]}}