{"id":22194,"date":"2023-04-28T17:57:26","date_gmt":"2023-04-28T17:57:26","guid":{"rendered":"https:\/\/vv-dev.webdev.is\/?post_type=product&#038;p=22194"},"modified":"2026-03-24T11:01:09","modified_gmt":"2026-03-24T11:01:09","slug":"bahco-skiptilykill-12-svartur","status":"publish","type":"product","link":"https:\/\/velarogverkfaeri.is\/en\/verkfaeralausnir\/handverkfaeri\/skiptilyklar\/product\/bahco-skiptilykill-12-svartur\/","title":{"rendered":"BAHCO Skiptilykill 12&#8243; Svartur"},"content":{"rendered":"<p><img decoding=\"async\" src=\"data:image\/png;base64,iVBORw0KGgoAAAANSUhEUgAAAeQAAADyCAYAAACcVrbLAAAAAXNSR0IArs4c6QAAAARnQU1BAACxjwv8YQUAAAAJcEhZcwAADsMAAA7DAcdvqGQAABpQSURBVHhe7d3da1TXwsfxX5+\/oYmnNQdtDUHx7Zz20VqU9kJJhHhKLZQUCYiDNjePeiGkSBsJxiIN9ELTm2llihBEKbQH24AJ5qLFUk9tzznGiGFI20gTbSa997LPWnuvPXvPZCYvdWayTL4fuut+mVdZa\/\/2etnjU38YAgAAS+p\/3J8AAGAJEcgAAHiAQAYAwAMEMgAAHiCQAQDwAIEMAIAHCGQAADxQJpDvKr3\/Lb1WdsloxD1yJB3uS992OxYkp4F37PNOaSDndi2Y+2zpu257gXJD6rTPe2dI025X+Nnj7wIAwFKZu4XclNInX1zW1VlLSluCB+T068\/Bin6aXEyyzmgya\/\/MavJhsKP6Hk5qzP6ZncwHMgAAvnjMLut6tX4QhnRva73btxAb1eHCvWOr21VtW1NFFxMAAPiDMWQAADzw2IE8PXBq9ljw7UwwrlxqicaaZ43fBs8Jt6Nx6XBZ4BhvNEZc9nkLHHvOf\/bk84vH1Iu+b\/De4b7kZ1\/cuDoAYCWrfAvZBlr3kNYfPu+6iM+royk8ZPfN3UU9pPdMkPU3uOemU1pv9yUmYpUSXBR0ZKT8e17Wmb32tRY5acwGq\/ns2ttlXsN1bQdh26OB\/Hi6\/T5ZpTuKX9vue0vvyT43\/Aw1644HADzx5g7kbEZH8q1Ct8wXjpMTwWSwE\/kx5Xq1nrDBKq1rmH+cubU7MR5d36wTh02aZ2\/oh7LBelf\/vJANwj45jr2lIwzOr28tNJFNK9iE+pgN3o6Nbp9hPkOvDdgPmrUq3OG+T4nXtkGefC4AAAs0dyCXmmWdD6bSVjWsDYL8n4nu2ulbNzSmJjU843YsQvB6c7n9Lw2YP8YuHCu8cNh\/TOms2T85Ez5uTvY2LNcKnuf7BepXa51bTVrfUOfWAABYnMp3WW81oWZatQPdcTgeMS3Y1u7TWtRE7EWyLeuCC4dombfFaru2bXg3qeNE+TAuHNc24e32AwBQCZUP5KALWepIFwZj1cZTn2kIusP\/vGadyY8Ll5hA5iZ5vXfNBHb+O3Wp1R0GAKASqjCpy3Yh1\/AHP1z38cCluce252bvp7Yha1vLhaE8cnPIdd1Xt4UPAFjZqtBlvS+YVZ3sso6WzkVNeV6ojerobg4noCUmnIW3Yy3mPe2PlbhQTrzOqgY7qSwxJh7NunabAABUwtyBXGqWdbCUvzd4JH1MaRVPBgtvfRq78NHibkNaKPsrXPYWqcTnDcetL+vENveYBTGhnH+d8LamVa3\/V3iB8aF0InErFwAAlfDUH4ZbrwD7Axo9kgnCWWPGwf3JEybw6PoFAKBYhbus62R7eAe6i340w\/1YiPa2EcYAAJRQ4RZyyN4i9N41t+HY7mN+uQoAgNKqEsgAAGBxqnAfMgAAWCwCGQAADxDIAAB4gEAGAMADBDIAAB4gkAEA8ACBDACABwhkAAA8QCADAOABAhkAAA8QyAAAeIBABgDAAwQyAAAeIJABAPAAgQwAgAcIZAAAPEAgAwDgAQIZAAAPEMgAAHjgqT8Mt5736NEjtwYAAGqBFjIAAB4gkAEA8ACBDACABwhkAAA8QCADAOABAhkAAA8QyAAAeIBABgDAAwQyAAAeIJABAPAAgQwAgAcIZAAAPEAgAwDgAQIZAAAPVOWfX8wNvq+jF8fdlrGnU1dSG9zGPWUyUiq\/DSwzM8PqOt6vrNtUY7v6Tu9WvdtMGs0cUs9E+eMAVo7Kt5Dv9JswXqOuS5\/qSrD0KjXxuQZnouM\/atCtVpo9ubUdsMv76jp1SF35NwVqxIXxcycT5V+mTmTuuQfE7IVrz0Sjmtw2gJWt4oE8emvYtIhf1Ca3LdWp5fS7aqkLt3IP7ocrVbAp9an6DjaatXFlTQP9uWfdmwI1kvv3TWX3dCq12e0w5f\/vO02ZnHignNsTiC5c31wTt6QBrGgV77IOu6ul1Lk4hCNB99x1t2Hlu7JnNHiqUxnXy910sFc9L4wkuv12mxZ3exDywetPvaEumcfY1yroDpzR6B0TzJvNGwctlYdqc88DlkZYtqfe\/DQO6aBs3tQuW0d+61fbZ8+U7LKeVdaDetCiqURdaTEt8fB17ylz4HOtPrlDN86G9SaoR88Oqu2suUi25ug6B7D0qjCGbE8MvXG3dMH4cXySSe6zQf39tuSJxT6\/MQ5105qITloKAn88cSKKFIa69rQrNdFfeCIEaiYuj0Ew5q9Ow\/KtqPwmynbJQE6U9eLt4Lln5S5WXb3Jh27xdvh5buxMfhYAPqnCLOsNSgVjZ51qsZvXe9V2oF+jwbHSbFdzHJobtH2P+WPPG3ELe\/OLahm\/qf9EQ8LmJLOvIGTdyW+tCf9o7Hrbw+Bk+MsDxpGxFOxQTTiGvOvbTrW5MeTRTK9+MQG94IvERFmvf3aN+f9ubY+e+5dn1KT7mkoU8ZY3o2B\/WqsbzcXAzi1uu06r10rZqd+DLQD+qeJtT8lgHtb3d9zuMuIJWa5bOwjyaF+ixV3KzIhujJsW9T8SM7c3t6vLBjuwpEwwm5DU9R81OjOsK6ZsZy+agI7Ktu1OHu\/XUbOemaeOAFjeanAfcnilXp5t3R7SldW9+datDVLbzZdv7QbL7DHpuc1oaoKJXailsCyXnd1ft1s9BWXaLCdNWNtuZbO+4FYzgGWpwoEcnpAKrvTvDCoznuhmm+V3TY0ng\/Oevg9aER\/Ht0oZuZk5up7Nia5tz7gyXyZuLZn3fYFKC1vDhWXX1InPhs0FZguTCwHMqbKBPPO7Vr\/Zrl\/ORl3NtksumnQSqn9hh5qi7uhTw8ppg\/YdbNRg\/jk\/arttOZzboRvHo32H1Nc3WBDQxTal7P3OiW7uovcFamJzu2n1rlEmX3aZSAVgYaryS10AAGBxajCGDAAA5kMgAwDgAQIZAAAPEMgAAHiAQAYAwAMEMgAAHiCQAQDwAIEMAIAHCGQAADxAIAMA4AECGQAADxDIAAB4gEAGAMADBDIAAB4o+c8vAgCA2qKFDACABwhkAAA8QCADAOABAhkAAA8QyAAAeIBABgDAAwQyAAAeIJABAPAAgQwAgAcIZAAAPEAgAwDgAQIZAAAPEMgAAHiAQAYAwANVCeTpgVN6bf9b8ZK+645Yd5Uu2AaWp5G0KfvvDGnabeflhtSZqB+dAzl3oFBQj2xdCR6f0YjbD2B5qnwg387oyIW1OvPFZV0NlvPq+PmK8uec2\/\/SgFuttOAEGJzkTqnznfInOqC6chow5e+9a24zyYZrxw29mo7qR5fWXThGWQVQ+UAeuTkk7X1JW9y2VK\/WD06rtT7cmp6cCFeqYEvHZX1yuMmsZTWWldY1uDcFauau0vuPKf18l652N7t9selbNzS2ty1fH6SNet2U2bHJGbcdW9WwVusb6kwVWq11TQ1a5fYDWJ6e+sNw6xVhu9mOXJA60nEIR2wLtqDVsNectDo2mhXbojAnMROi1vrD59W77b+mJZHRWLCn2bS4U0HIB68\/2aYz6glfqymlTz5odiernEZum2Deat44aIlMqt09D6iJXE7T9fVhebyd0WuXGhLls7SgXiiqCwBWqooHcthC6Im7pfOhG4oCNbnPnpC+23FZHVvtVvT8pjjUEyc2BYGfVWt39PhIYahrb0odP2c0eaD4cUCNLCSQgwvHjNbNKs8AVpoqTOraqA43NtZqN6\/16LV5JqTYrub4ZLRRL+81fyS79ba+pNbsDf0QDbOZVvHrpcLYdhNGY9c7JoNw\/mmSsTn4ylx8mjDW4fOEMYBq3vaUDOYhfXfb7S4jnpDlurWDII\/2JVrcpeT+q6+zpkW9P9HltzWlMzbYAS+5nqC9XeotHtsBsCJVMZAjdWqw86zKCmek9jecz7dubZDaceR8azdYZo9Jzy2nX39mYhd8FIcx48YAIhUO5DBc08nW8O2vlM426+WyXXIzmiyYEX1X35kW8tiFj+JbpYzp3Bxdz\/XNat+bVfqLxP3N874vsBQIYwClVXZSV+6uRh5Oqb87mh1txTOkA24SS3DczZCOJmqF3OOTjzPWNzXr1RMp\/e8t89hvdpWYKFM0qav4fYEaCe80yBfEUFDW\/6YfCspoEuUVWOmqMMsaAAAsVg3GkAEAwHwIZAAAPEAgAwDgAQIZAAAPEMgAAHiAQAYAwAMEMgAAHiCQAQDwAIEMAIAHCGQAADxAIAMA4AECGQAADxDIAAB4gEAGAMADJf\/5xUePHrk1AABQC7SQAQDwAIEMAIAHCGQAADxAIAMA4AECGQAADxDIAAB4gEAGAMADBDIAAB4gkAEA8ACBDACABwhkAAA8QCADAOABAhkAAA8QyAAAeKDy\/\/zinX61nZW6LrVrk9u1FEYzh9SjTl1JbXB7gBqZGVbX8X5l3aYa29V3erfq3WZYR4bdhtRy8lOlNrsNq\/j51h7KMrDc0UIGKsmF6XMmZK9cskuvUurX0cy9+PjZ+0qdi453SmcPKXMnPBz47aGyNoCD424hjIFlj0AGKij375tBmMYt3jr9fWejNPFAObM1+mW\/dPBttdSFR6UN2newUYOfDQfHrdyD+2pa\/bTbArBS1DyQc4Pvq+3AIbf0a9TtD1oOdtt255U6rnvK5PfHS9fgTHi46Hnfh3uBmqpvebeoNTuj\/3w7rpY3bZf1PX1\/XXru2XwaB+pf2KGm8Zv6jyvKuanxcGUeQV0yLW87PBOV+1HzfoOnou1ky9vWn\/c1eMfWs\/BYUHeS9eZUfFEAoPZqGsj2BHL04hp1Rd1wJ6WegpPAsHpuvei66XqVajTbrqtvNNOrXw725rvwuvZITWa7xzY1gm7A4WAsLjz+omROfMDSiYKxUzd2mrKcbzE3avVf3GpJM5qakLIXO+OgjLq7S7neq++3heW+7+B99Zj3m3rT1YOTuzV4NnlRO67MZ9LRoI506jn7Hp89o75gO+xa74sucAHUXA0D2bUUTiYme21uMSeBuGVgT1apf0Sti2RXX3iSKmd2N+EGbTeBDSydOrWcDoNu17cm+OYK1QLR86LFBOVEb\/nnN7Zrnyv39c+uMf\/fre1RPfjLM2rSfU0lMjZsqVtPa7WpXk07t7jtOq1eay4Epn4PtgDUXg0D+XfZnrjBs+6qP1g6lRkf19Rv7iFl2ZOUO7G55\/ZMtOuoG4hbaBcfUHum7JoQ1PUfXUt1IeU9qfj5AJarGgZyeEUedyvHS8EtH2XkBj8Ouv7yz0veRgJ4Ieymzs9rmCXsufnlQeHxoIencYf+Xji0DGCFqWEgh13QydmkVm5mYWNWduKLkuNqdnHjz5u22RbE58qfB2eGdYUxZNRc2JrNXvw4Los2pE2ZbzrYEgzVbPpHuynHyeP39NXFaNJXuJ0p6J4222fj5wNYvqoUyMPqSQanWWyrwc5A7dt5U0cT+\/v6BhMnp3LMSen4Q7UlWtV2UkrLeL++srNIN7er76DMY9zr9kltB01zHKg1UxavnFwTl0U3qSuYfGjV7VZPwfFeKfHDILnBB+b\/ve5YfDz\/fADLVuV\/qasagh9buKld596N798M9tmQXtpfBAMAoBKejEC2in5u0M4mXeqf5wQAoFKenEAGAGAZq+GkLgAAUA6BDACABwhkAAA8QCADAOABAhkAAA8QyAAAeIBABgDAAwQyAAAeIJABAPAAgQwAgAcIZAAAPEAgAwDggZL\/uAQAAKgtWsgAAHiAQAYAwAMEMgAAHiCQAQDwAIEMAIAHCGQAADxAIAMA4AECGQAADxDIAAB4gEAGAMADBDIAAB4gkAEA8ACBDACABwhkAAA8UL1Azg2pc\/9bei25vDOkaXcYWK6mB04Vlvv0XXfkrtJmO33bbRYZSdvHZzTituczPZDRQM5tWK7OdbqdwefIv\/fcgvcu89jw+5xy75XTwDvJ72C\/U3SsUOnXDJ8fv97jGUkv\/O8L8F1VAjmoiB039Gr6sq5+ES+fvHJDRx43lBNB3\/mOPVFQIeGR2xkdubBWZ\/Ll\/rw6fr6ygPCxD2gy\/zVoVbhjHjn98M2EWy+0rqHerVXSWv21Ai87kj6mdLbZ\/P2cVutjv95dfXfNrQLLQOUD2ZyQ3rvWpI707Aq3qvW0rn7QvMATThn1zer9okutZnUsm13ECQyovpGbQ9Lel7TFbZsCq9YPFhI+9drSsZj6MaNJU\/wLBHXjsjq2uu0KCertF6nEd\/qT8ueGCryWlZvST24VWA4qHsjhCaltYVe\/Rd3as7rBbsfHC7r5zPrLrgVy5vmMPqxE3xdQAasaTCv32kJaxFbUfRv28hR0MQd1w+wvqCOuNyjY16MBZZXusPuj7t9y3cfufYq7j01Aluthirrdg3pnH1eJnq3uIbV2F1+cRH8Hbkm8T\/T3EXbluyX6DvYzdWQ0piG9FxyjpwxPvgoHck6\/\/iytb6hz23OwFdRUqHXdUddel9SdPJmYk80l6YQL3vxVv62I3T2uEp7Srw3NGvvmv4xNwwurWs3FaD4oEwEyiw2iY0o\/3zVH69OEzYdxHTiz12zb18v3EtnWpj02XwvctNJPpLS+4ELBvP8lG5Cz39sGYdTtXpnWtrlQMHVdh8\/Per3pgY\/09Svng+9X8gL7Wo++2xEeu2pa1uvNdnCRsDUVbst2f9vjFWp1A0uoepO6kpJX+e4KePrWDY3t7UpU0I16\/bD09a24MrYeKOq+C8J4wp2E7PJ\/0jemRZ6dJJDhiY3qCMpmOKxiA6VU6y0YS7Vh3LHR7SnFBO6JuA5s2dFsXu9ff64laEK8fW82rl+3vwrGcl8uDlxTx8IwrlDABd\/ftubN+5e4arDd4b2J\/baHYWxyxm0ZTSm9Hn3G+r\/p1Sbpp8lEYAPLSIUDuV5\/fV6FFcpyY1tXu80JxZm2A2BBZXVBbZYjF7Kzn5swuzvcXfm7LcAfyWAe0neJIZeB7rfCsdT9c4VxCc80mLI+oV\/\/ZB7ZQB+78FUQ6LYurT+8rzB0bX3sLrH\/cZiL7nzrfp7u8egcAKxUFW8hh1fx84+hBWNtrrIWLHO2GEp4OKkxJnbBW3WyRT2ptfuyPjmsoBt3Ua1dW9YfZ7bz1n3qaBpSfzqj\/mslWqy2PqZT0gXTek\/O2aiALR2lQ9mODx+ZbMvX\/08OF\/1lAStI5bust6ZMxbNjaLMnl0xPxrdprNq2q2hMy8jl5ux63rK\/9DjY+lf+RiDDA+EEpcIJiKW7hm1XbRBQc06WymryoVt1Zb1wBvdi1QfDQGPXzOuUawXb3qzuZtOKLzU57PHMDuVwzknrjugi3N7KRQsZK1dVxpBtxbua3qWvo4kt+e6otToT3dZhK37xYz78SP+c6ywQnCzWxhNm9h8LJoQkx6CAJZOb0V8PpPRTd6JMd6vseGwQUM9ndKTsj2Q06adLcVkvHHPeqJeDC9\/w+IJbtFtfCiaDvbptjjpjJ0y5ehb9yEilxKFsP3N4gWC78MPv+JH0SjysNa9gTDl8rUr90AiwlJ76w3DrAHwR3IVgf1ynEj+gEQtmUNsu4sUODQGoutrMsgaw9IIZ1Fr8ZDIANUELGQAAD9BCBgDAAwQyAAAeIJABAPAAgQwAgAcIZAAAPEAgAwDgAQIZAAAPEMgAAHiAQAYAwAMEMgAAHiCQAQDwAIEMAIAHSv7jEo8ePXJrAACgFmghAwDgAQIZAAAPEMgAAHiAQAYAwAMEMgAAHiCQAQDwAIEMAIAHCGQAADxAIAMA4AECGQAADxDIAAB4gEAGAMADBDIAAB4gkAEA8EDlA3lmWF0H3tfgjNteSj59Fqw8Qfk7pLZTw8q5XQXKHY\/2J5fMPXcQwHJFCxmoihkN9vUru6dTV07vVr3bG5vj+G8Pw\/2XPo2X1AZ3EMByVaVAHlfmePIKn1YqVpbRTKcyaldfmSCd63juwX01rX7abQFYKZ76w3DreY8ePXJrf4Ltbjt+U7vOvauWOrfvTr\/azt5X6tzbUp85Ea01V\/\/JE1FwXOq61C5lDunK6k7t+rZXmfHwcNPBXvW4F8sNvq+jF92BvN3BczfZVscp8\/rR8\/bslq7fL\/wsQLXly3uZcjfP8dGgDsRlvrx7yhzo1aDbiiTrC4AnR226rDe3KNU4rhv\/llqOtqvp+ueJFrMJ0c+G1XLSBmooe\/Fz6ajrqju522x\/HD7ehH3fxTUmfN2xc+a18mGcaHW440dX31c2eEWgVkxInh02fyZ6iQrGiOc7PqOpCVsHOuMepjLjx6OZXv1iwjfq1u7aQxgDT7LajyHX7VbbHhvOLpHvDJoW7W5t3xxuBva8EbccNr+oFnPymvrNrNuxtXBvCff0\/fVGpY7G43H1L+wwgQ3UTm7QXGzKlMNz7qLxUq9S6tdRF6rzHTcVRC2no2Pu+ERviVAOgxvA8lGTQM4NfmxCt1G7XghTdtM22+od1KhZH701bK7qW\/Kt4zltbjctZqknajkc79dzUct65oF+CR4ELJ3c1Lgpz28nuqJNwL5ph05+DMr7fMdnK3fcBnevdn0bt6R7Jtp1lNYx8MSqyaSuo0E3c2K8LOjCHtaVTL+uXDct5gWfRGx3nx1rjlsQqWTLGlhS87VaK9uqtRe6N3bGXdalZ3MDeFJUKZCTXXJ2iceHQ+FVf\/b6sLTQ1nFgg7bvGY5byG7J3DGH6rZoV6O5EPgy7tob\/bKfMWTUkCvXrvcnFM6RCHuB5jtumYvOgu7pcMy5VC+SHZJRcqzZLuXueQbgvdrMsi7JnGgOfK7VRY+zM0x7lJyFbR\/XK538VPsevK8+vV0waSWYdf3tDvUFrYPwsdGs05aTndLZ2e8BVFUwi9pO3ArNmmg1x\/Hc4LC+murX4PVgM9Biyv7sniBb1n\/U9oKL3biu0HMEPHkqH8gLFATp1BuL+sGD2WEd7lvYLSLAMlLqwjfY91Bts3qkADwJliaQ57tPs6zC+4wtbvPAilXU0o7vxwfwJFqyFjIAAIjV\/j5kAAAwC4EMAIAHCGQAADxAIAMA4AECGQAADxDIAAB4gEAGAMADBDIAAB4gkAEA8ACBDADAkpP+H3CZ5NA2e9rqAAAAAElFTkSuQmCC\" alt=\"\"><\/p>","protected":false},"excerpt":{"rendered":"<p>Mesta opnun er 34mm og heildarlengd er 305mm.<\/p>","protected":false},"featured_media":31291,"comment_status":"closed","ping_status":"closed","template":"","meta":[],"product_brand":[],"product_cat":[588,777,515],"product_tag":[1024],"class_list":{"0":"post-22194","1":"product","2":"type-product","3":"status-publish","4":"has-post-thumbnail","6":"product_cat-handverkfaeri","7":"product_cat-skiptilyklar","8":"product_cat-verkfaeralausnir","9":"product_tag-bahco","11":"first","12":"instock","13":"taxable","14":"shipping-taxable","15":"purchasable","16":"product-type-simple"},"yoast_head":"<!-- This site is optimized with the Yoast SEO plugin v27.3 - https:\/\/yoast.com\/product\/yoast-seo-wordpress\/ -->\n<title>BAHCO Skiptilykill 12&quot; Svartur - V\u00e9lar &amp; Verkf\u00e6ri<\/title>\n<meta name=\"robots\" content=\"index, follow, max-snippet:-1, max-image-preview:large, max-video-preview:-1\" \/>\n<link rel=\"canonical\" href=\"https:\/\/velarogverkfaeri.is\/en\/verkfaeralausnir\/handverkfaeri\/skiptilyklar\/product\/bahco-skiptilykill-12-svartur\/\" \/>\n<meta property=\"og:locale\" content=\"en_US\" \/>\n<meta property=\"og:type\" content=\"article\" \/>\n<meta property=\"og:title\" content=\"BAHCO Skiptilykill 12&quot; Svartur - V\u00e9lar &amp; Verkf\u00e6ri\" \/>\n<meta property=\"og:description\" content=\"Mesta opnun er 34mm og heildarlengd er 305mm.\" \/>\n<meta property=\"og:url\" content=\"https:\/\/velarogverkfaeri.is\/en\/verkfaeralausnir\/handverkfaeri\/skiptilyklar\/product\/bahco-skiptilykill-12-svartur\/\" \/>\n<meta property=\"og:site_name\" content=\"V\u00e9lar &amp; Verkf\u00e6ri\" \/>\n<meta property=\"article:publisher\" content=\"https:\/\/www.facebook.com\/VelarOgVerkfaeri\" \/>\n<meta property=\"article:modified_time\" content=\"2026-03-24T11:01:09+00:00\" \/>\n<meta property=\"og:image\" content=\"https:\/\/velarogverkfaeri.is\/wp-content\/uploads\/2023\/06\/ca5e5f3e-c064-4fd9-888e-cce724bf77b8.jpeg\" \/>\n\t<meta property=\"og:image:width\" content=\"380\" \/>\n\t<meta property=\"og:image:height\" content=\"380\" \/>\n\t<meta property=\"og:image:type\" content=\"image\/jpeg\" \/>\n<meta name=\"twitter:card\" content=\"summary_large_image\" \/>\n<script type=\"application\/ld+json\" class=\"yoast-schema-graph\">{\"@context\":\"https:\\\/\\\/schema.org\",\"@graph\":[{\"@type\":\"WebPage\",\"@id\":\"https:\\\/\\\/velarogverkfaeri.is\\\/verkfaeralausnir\\\/handverkfaeri\\\/skiptilyklar\\\/product\\\/bahco-skiptilykill-12-svartur\\\/\",\"url\":\"https:\\\/\\\/velarogverkfaeri.is\\\/verkfaeralausnir\\\/handverkfaeri\\\/skiptilyklar\\\/product\\\/bahco-skiptilykill-12-svartur\\\/\",\"name\":\"BAHCO Skiptilykill 12\\\" Svartur - V\u00e9lar &amp; Verkf\u00e6ri\",\"isPartOf\":{\"@id\":\"https:\\\/\\\/velarogverkfaeri.is\\\/en\\\/#website\"},\"primaryImageOfPage\":{\"@id\":\"https:\\\/\\\/velarogverkfaeri.is\\\/verkfaeralausnir\\\/handverkfaeri\\\/skiptilyklar\\\/product\\\/bahco-skiptilykill-12-svartur\\\/#primaryimage\"},\"image\":{\"@id\":\"https:\\\/\\\/velarogverkfaeri.is\\\/verkfaeralausnir\\\/handverkfaeri\\\/skiptilyklar\\\/product\\\/bahco-skiptilykill-12-svartur\\\/#primaryimage\"},\"thumbnailUrl\":\"https:\\\/\\\/velarogverkfaeri.is\\\/wp-content\\\/uploads\\\/2023\\\/06\\\/ca5e5f3e-c064-4fd9-888e-cce724bf77b8.jpeg\",\"datePublished\":\"2023-04-28T17:57:26+00:00\",\"dateModified\":\"2026-03-24T11:01:09+00:00\",\"breadcrumb\":{\"@id\":\"https:\\\/\\\/velarogverkfaeri.is\\\/verkfaeralausnir\\\/handverkfaeri\\\/skiptilyklar\\\/product\\\/bahco-skiptilykill-12-svartur\\\/#breadcrumb\"},\"inLanguage\":\"en-US\",\"potentialAction\":[{\"@type\":\"ReadAction\",\"target\":[\"https:\\\/\\\/velarogverkfaeri.is\\\/verkfaeralausnir\\\/handverkfaeri\\\/skiptilyklar\\\/product\\\/bahco-skiptilykill-12-svartur\\\/\"]}]},{\"@type\":\"ImageObject\",\"inLanguage\":\"en-US\",\"@id\":\"https:\\\/\\\/velarogverkfaeri.is\\\/verkfaeralausnir\\\/handverkfaeri\\\/skiptilyklar\\\/product\\\/bahco-skiptilykill-12-svartur\\\/#primaryimage\",\"url\":\"https:\\\/\\\/velarogverkfaeri.is\\\/wp-content\\\/uploads\\\/2023\\\/06\\\/ca5e5f3e-c064-4fd9-888e-cce724bf77b8.jpeg\",\"contentUrl\":\"https:\\\/\\\/velarogverkfaeri.is\\\/wp-content\\\/uploads\\\/2023\\\/06\\\/ca5e5f3e-c064-4fd9-888e-cce724bf77b8.jpeg\",\"width\":380,\"height\":380},{\"@type\":\"BreadcrumbList\",\"@id\":\"https:\\\/\\\/velarogverkfaeri.is\\\/verkfaeralausnir\\\/handverkfaeri\\\/skiptilyklar\\\/product\\\/bahco-skiptilykill-12-svartur\\\/#breadcrumb\",\"itemListElement\":[{\"@type\":\"ListItem\",\"position\":1,\"name\":\"Home\",\"item\":\"https:\\\/\\\/velarogverkfaeri.is\\\/\"},{\"@type\":\"ListItem\",\"position\":2,\"name\":\"Vefverslun\",\"item\":\"https:\\\/\\\/velarogverkfaeri.is\\\/vefverslun\\\/\"},{\"@type\":\"ListItem\",\"position\":3,\"name\":\"BAHCO Skiptilykill 12&#8243; Svartur\"}]},{\"@type\":\"WebSite\",\"@id\":\"https:\\\/\\\/velarogverkfaeri.is\\\/en\\\/#website\",\"url\":\"https:\\\/\\\/velarogverkfaeri.is\\\/en\\\/\",\"name\":\"V\u00e9lar & Verkf\u00e6ri\",\"description\":\"Umbo\u00f0s- og heildverslun fr\u00e1 \u00e1rinu 1919\",\"publisher\":{\"@id\":\"https:\\\/\\\/velarogverkfaeri.is\\\/en\\\/#organization\"},\"potentialAction\":[{\"@type\":\"SearchAction\",\"target\":{\"@type\":\"EntryPoint\",\"urlTemplate\":\"https:\\\/\\\/velarogverkfaeri.is\\\/en\\\/?s={search_term_string}\"},\"query-input\":{\"@type\":\"PropertyValueSpecification\",\"valueRequired\":true,\"valueName\":\"search_term_string\"}}],\"inLanguage\":\"en-US\"},{\"@type\":\"Organization\",\"@id\":\"https:\\\/\\\/velarogverkfaeri.is\\\/en\\\/#organization\",\"name\":\"V\u00e9lar & Verkf\u00e6ri\",\"url\":\"https:\\\/\\\/velarogverkfaeri.is\\\/en\\\/\",\"logo\":{\"@type\":\"ImageObject\",\"inLanguage\":\"en-US\",\"@id\":\"https:\\\/\\\/velarogverkfaeri.is\\\/en\\\/#\\\/schema\\\/logo\\\/image\\\/\",\"url\":\"https:\\\/\\\/velarogverkfaeri.is\\\/wp-content\\\/uploads\\\/2021\\\/10\\\/vv_logo_350x100.png\",\"contentUrl\":\"https:\\\/\\\/velarogverkfaeri.is\\\/wp-content\\\/uploads\\\/2021\\\/10\\\/vv_logo_350x100.png\",\"width\":350,\"height\":100,\"caption\":\"V\u00e9lar & Verkf\u00e6ri\"},\"image\":{\"@id\":\"https:\\\/\\\/velarogverkfaeri.is\\\/en\\\/#\\\/schema\\\/logo\\\/image\\\/\"},\"sameAs\":[\"https:\\\/\\\/www.facebook.com\\\/VelarOgVerkfaeri\"]}]}<\/script>\n<!-- \/ Yoast SEO plugin. -->","yoast_head_json":{"title":"BAHCO Skiptilykill 12\" Svartur - V\u00e9lar &amp; Verkf\u00e6ri","robots":{"index":"index","follow":"follow","max-snippet":"max-snippet:-1","max-image-preview":"max-image-preview:large","max-video-preview":"max-video-preview:-1"},"canonical":"https:\/\/velarogverkfaeri.is\/en\/verkfaeralausnir\/handverkfaeri\/skiptilyklar\/product\/bahco-skiptilykill-12-svartur\/","og_locale":"en_US","og_type":"article","og_title":"BAHCO Skiptilykill 12\" Svartur - V\u00e9lar &amp; Verkf\u00e6ri","og_description":"Mesta opnun er 34mm og heildarlengd er 305mm.","og_url":"https:\/\/velarogverkfaeri.is\/en\/verkfaeralausnir\/handverkfaeri\/skiptilyklar\/product\/bahco-skiptilykill-12-svartur\/","og_site_name":"V\u00e9lar &amp; Verkf\u00e6ri","article_publisher":"https:\/\/www.facebook.com\/VelarOgVerkfaeri","article_modified_time":"2026-03-24T11:01:09+00:00","og_image":[{"width":380,"height":380,"url":"https:\/\/velarogverkfaeri.is\/wp-content\/uploads\/2023\/06\/ca5e5f3e-c064-4fd9-888e-cce724bf77b8.jpeg","type":"image\/jpeg"}],"twitter_card":"summary_large_image","schema":{"@context":"https:\/\/schema.org","@graph":[{"@type":"WebPage","@id":"https:\/\/velarogverkfaeri.is\/verkfaeralausnir\/handverkfaeri\/skiptilyklar\/product\/bahco-skiptilykill-12-svartur\/","url":"https:\/\/velarogverkfaeri.is\/verkfaeralausnir\/handverkfaeri\/skiptilyklar\/product\/bahco-skiptilykill-12-svartur\/","name":"BAHCO Skiptilykill 12\" Svartur - V\u00e9lar &amp; Verkf\u00e6ri","isPartOf":{"@id":"https:\/\/velarogverkfaeri.is\/en\/#website"},"primaryImageOfPage":{"@id":"https:\/\/velarogverkfaeri.is\/verkfaeralausnir\/handverkfaeri\/skiptilyklar\/product\/bahco-skiptilykill-12-svartur\/#primaryimage"},"image":{"@id":"https:\/\/velarogverkfaeri.is\/verkfaeralausnir\/handverkfaeri\/skiptilyklar\/product\/bahco-skiptilykill-12-svartur\/#primaryimage"},"thumbnailUrl":"https:\/\/velarogverkfaeri.is\/wp-content\/uploads\/2023\/06\/ca5e5f3e-c064-4fd9-888e-cce724bf77b8.jpeg","datePublished":"2023-04-28T17:57:26+00:00","dateModified":"2026-03-24T11:01:09+00:00","breadcrumb":{"@id":"https:\/\/velarogverkfaeri.is\/verkfaeralausnir\/handverkfaeri\/skiptilyklar\/product\/bahco-skiptilykill-12-svartur\/#breadcrumb"},"inLanguage":"en-US","potentialAction":[{"@type":"ReadAction","target":["https:\/\/velarogverkfaeri.is\/verkfaeralausnir\/handverkfaeri\/skiptilyklar\/product\/bahco-skiptilykill-12-svartur\/"]}]},{"@type":"ImageObject","inLanguage":"en-US","@id":"https:\/\/velarogverkfaeri.is\/verkfaeralausnir\/handverkfaeri\/skiptilyklar\/product\/bahco-skiptilykill-12-svartur\/#primaryimage","url":"https:\/\/velarogverkfaeri.is\/wp-content\/uploads\/2023\/06\/ca5e5f3e-c064-4fd9-888e-cce724bf77b8.jpeg","contentUrl":"https:\/\/velarogverkfaeri.is\/wp-content\/uploads\/2023\/06\/ca5e5f3e-c064-4fd9-888e-cce724bf77b8.jpeg","width":380,"height":380},{"@type":"BreadcrumbList","@id":"https:\/\/velarogverkfaeri.is\/verkfaeralausnir\/handverkfaeri\/skiptilyklar\/product\/bahco-skiptilykill-12-svartur\/#breadcrumb","itemListElement":[{"@type":"ListItem","position":1,"name":"Home","item":"https:\/\/velarogverkfaeri.is\/"},{"@type":"ListItem","position":2,"name":"Vefverslun","item":"https:\/\/velarogverkfaeri.is\/vefverslun\/"},{"@type":"ListItem","position":3,"name":"BAHCO Skiptilykill 12&#8243; Svartur"}]},{"@type":"WebSite","@id":"https:\/\/velarogverkfaeri.is\/en\/#website","url":"https:\/\/velarogverkfaeri.is\/en\/","name":"V\u00e9lar & Verkf\u00e6ri","description":"Umbo\u00f0s- og heildverslun fr\u00e1 \u00e1rinu 1919","publisher":{"@id":"https:\/\/velarogverkfaeri.is\/en\/#organization"},"potentialAction":[{"@type":"SearchAction","target":{"@type":"EntryPoint","urlTemplate":"https:\/\/velarogverkfaeri.is\/en\/?s={search_term_string}"},"query-input":{"@type":"PropertyValueSpecification","valueRequired":true,"valueName":"search_term_string"}}],"inLanguage":"en-US"},{"@type":"Organization","@id":"https:\/\/velarogverkfaeri.is\/en\/#organization","name":"V\u00e9lar & Verkf\u00e6ri","url":"https:\/\/velarogverkfaeri.is\/en\/","logo":{"@type":"ImageObject","inLanguage":"en-US","@id":"https:\/\/velarogverkfaeri.is\/en\/#\/schema\/logo\/image\/","url":"https:\/\/velarogverkfaeri.is\/wp-content\/uploads\/2021\/10\/vv_logo_350x100.png","contentUrl":"https:\/\/velarogverkfaeri.is\/wp-content\/uploads\/2021\/10\/vv_logo_350x100.png","width":350,"height":100,"caption":"V\u00e9lar & Verkf\u00e6ri"},"image":{"@id":"https:\/\/velarogverkfaeri.is\/en\/#\/schema\/logo\/image\/"},"sameAs":["https:\/\/www.facebook.com\/VelarOgVerkfaeri"]}]}},"_links":{"self":[{"href":"https:\/\/velarogverkfaeri.is\/en\/wp-json\/wp\/v2\/product\/22194","targetHints":{"allow":["GET"]}}],"collection":[{"href":"https:\/\/velarogverkfaeri.is\/en\/wp-json\/wp\/v2\/product"}],"about":[{"href":"https:\/\/velarogverkfaeri.is\/en\/wp-json\/wp\/v2\/types\/product"}],"replies":[{"embeddable":true,"href":"https:\/\/velarogverkfaeri.is\/en\/wp-json\/wp\/v2\/comments?post=22194"}],"wp:featuredmedia":[{"embeddable":true,"href":"https:\/\/velarogverkfaeri.is\/en\/wp-json\/wp\/v2\/media\/31291"}],"wp:attachment":[{"href":"https:\/\/velarogverkfaeri.is\/en\/wp-json\/wp\/v2\/media?parent=22194"}],"wp:term":[{"taxonomy":"product_brand","embeddable":true,"href":"https:\/\/velarogverkfaeri.is\/en\/wp-json\/wp\/v2\/product_brand?post=22194"},{"taxonomy":"product_cat","embeddable":true,"href":"https:\/\/velarogverkfaeri.is\/en\/wp-json\/wp\/v2\/product_cat?post=22194"},{"taxonomy":"product_tag","embeddable":true,"href":"https:\/\/velarogverkfaeri.is\/en\/wp-json\/wp\/v2\/product_tag?post=22194"}],"curies":[{"name":"wp","href":"https:\/\/api.w.org\/{rel}","templated":true}]}}