{"id":22189,"date":"2023-04-28T17:44:04","date_gmt":"2023-04-28T17:44:04","guid":{"rendered":"https:\/\/vv-dev.webdev.is\/?post_type=product&#038;p=22189"},"modified":"2025-04-25T15:18:35","modified_gmt":"2025-04-25T15:18:35","slug":"tecnolumen-bordlampi-ds36-krom-de-stijl-hannadur-1936","status":"publish","type":"product","link":"https:\/\/velarogverkfaeri.is\/en\/honnunarlausnir\/lampar\/bordlampar\/product\/tecnolumen-bordlampi-ds36-krom-de-stijl-hannadur-1936\/","title":{"rendered":"TECNOLUMEN De Stijl Bor\u00f0lampi"},"content":{"rendered":"<p>Lj\u00f3sgjafinn fyrir \u00feennan n\u00e1ttlampa er falinn \u00ed strokki sem stendur \u00e1 kringl\u00f3ttri grunnpl\u00f6tu og lj\u00f3minn endurkastast mj\u00faklega af hv\u00edtlakka\u00f0ri r\u00fa\u00f0u. Endurskinsskj\u00e1rinn er \u00f3samhverfur festur og h\u00e6gt er a\u00f0 stilla hann me\u00f0 \u00fev\u00ed einfaldlega a\u00f0 sn\u00faa honum.<\/p>\n<p>N\u00e1ttbor\u00f0slampi \u00far kr\u00f3mu\u00f0u, endurskinsmerki hv\u00edtm\u00e1la\u00f0ur a\u00f0 innan.<\/p>\n<p>Hver lampi er n\u00famera\u00f0ur \u00ed r\u00f6\u00f0 og ber TECNOLUMEN innsigli\u00f0.<\/p>\n<p>R\u00e1\u00f0lag\u00f0ur lj\u00f3sgjafi: LED filament kerti 4 W, gl\u00e6rt<\/p>\n<p><img decoding=\"async\" src=\"data:image\/png;base64,iVBORw0KGgoAAAANSUhEUgAAARQAAAA9CAYAAABspJYzAAAAAXNSR0IArs4c6QAAAARnQU1BAACxjwv8YQUAAAAJcEhZcwAADsMAAA7DAcdvqGQAABC8SURBVHhe7Z0JcFRFE8cbUEFUwAhoIIkERVEBIRREUMALIaICigceCEoSUhJQMaCoIKAEPgrNAQLBUkstDwRCVBQtDpEC5YgUFmosQHETiRK8QAERmW\/+ndlks9njvd23u2+X+VVN7c68Y3d23\/Tr6enu10BISKPRaCygoXrVaDSaoNECRaPRWIYWKBqNxjK0QNFoNJahBYpGo7EMLVA0Go1laIGi0WgsQwsUjUZjGR4d2xo0aKDeRRf+fPSitV9A9y06idW+eeuXV4Gya9cuVYsOOnToYOjPi7Z+Ad033Tc74atfXgXKjz\/+SElJSarF3jgcDjr\/\/PMN\/3kXXniharE\/u3fvNnVh6r7ZAzN9i6Wxpm0oQfDff\/\/Rli1b6NNPP60pW7du5XaN5mRECxST7N27lx5\/\/HFKS0ujuLg4Sk1NpWuuuaam9OzZk1q2bEk33XQTPfHEE7y\/RnOyoAWKQf755x+aMGECXXzxxTR79mzas2cP3XHHHTR16lQqKiqilStX8ivqw4YNo++++45mzZrF+0+aNImOHj2qzqQJNUeOHKG5c+fSr7\/+qlpiH1yPc+bM4RvZOeecQ82bN6fLLruM7r33Xvrss8\/UXuYZPXo0bd68WdUMIOdC9UCznNepmv3Bd\/XSlTpgHzkXVzXjHDt2TPTv35+PT09PF2vWrFFbfLN69WreH8fheDkVUluMg+8byr5FEqv7JoW2eOGFF8R5553Hx+zbt09tCT9m+hbMWFu2bJm4\/PLLRdOmTcXIkSNFYWGh+PDDD7kdv4UUKLytU6dOQgoWdZQxMjMzxUUXXSR2796tWvyPNY9bgu1kuAm1QMnNzeVjZ86cqVrMgeNwPP5gs1g96OyEVX2DICkoKBDx8fG8r7PEskApLy8XcootkpKSxKJFi8Thw4fVlvrg93n11Vf598nIyBCHDh1SW7zz0EMPifbt24uysjLVUo0WKC5gn0AGHe4APXr0ULXAwPGpqamqZhyrBl0t20RBYluRqErGiv2q3Y3S\/Jp9\/O4bIMH2TU5Dxbx580Tbtm15H\/cSqwJl06ZNonXr1jzo8RsY5a+\/\/hJZWVmiS5cu4qefflKt9Rk\/fjwLqp07d6qWWvyNNW1DMUCTJk2oVatWqhYYZ599tnoXWUrzB9OcQfOo1FFBjs3ziLK7UeGXamM90qhgs9wP+8qyaHBwv4FV\/Pvvv7Rw4UJeRh47dizJwaG21OW5556jl156iW0A8lpXrdENbHPXXXcd3X777SSFKZ122mlqi3\/OOOMMevHFF\/nYrl27evR\/eeyxx+jdd9+l9957j20wZtECxQB33XUXyXkprVq1SrWY47XXXqNPPvmEzxNZqqi8TL50TCQWDfFXUtogop3lVahFFfDf8EdpaSk9\/fTTdMUVV1C7du141e3bb79VW6MPuCNgIWDQoEEsTALlqaeeovT0dLrzzjvp+PHjqpV49fL111+n999\/n6RWrlpNUq2o1AXNespTi6tRVkp4ceTIEbXFNxUVFWLatGl8HI7HecwS7LTAN9XTH49TGZ7yjBbFHmYN+1eMFolj8kXBGOd0SO5XWiwynNOjMcXCyOQo2L5B3Z8\/f77fKc\/evXvF1KlTRXJyMrd37txZzJo1SzgcDt4eCsz0zehYg8E1Li5O\/Pnnn6olcLBAkJKSwucEkydP5nNLbY7r3vA31jxuMdNJOxBqgQIgRHJycoRUMcUpp5wiBgwYIKQ0F2vXrhVSDWVD19dffy2kFiOKiopEnz59+POkminkHYENY4EQ7KDzibKTFJSquiv1bCi1woUFSk19vyiGYKkRItVCyuM53bCqb0aNsidOnBDr169nwyT+F+wDQb9jxw61h3WY6ZuRsYbvnpiYKKZPn65agmfdunWiTZs2fH02a9ZMbNy4UW3xjhYoLmAf04POjT179vAyXIcOHUSLFi34nO4Ff46cf\/J2GMKCwapBVx9lnPWmTbhpKNvy5L552\/h9tYZSexy21Wo51QImnALFiXPZ+Nxzz+VjfBllcYPAykfHjh2FnD6xIdKKO78TM30zMtaw5It95ZRNtVgDltibNGnCgtYI\/saatqGYpH379nTWWWfR8OHD6cCBA\/T555+TvDApNzeXX7\/44gv67bff6NZbb2VjLgxhdoSNszC6ThlSbU9xJ2UcORyLaUh8dTWpXRpRWTnZ2drSuHFjevjhh+mHH35gxzZfBkv8N\/fffz9JrZIWL15Mb731FsferF69Wu1hLxAbJDVjdpS0ClyzVVVVNGLECOrbt69qDQ4tUIKgUaNGbPDDhQmDFl7hio92W\/NlAQ2dS5RWOLNGYBhipYMc6q2dOf300+nRRx9lj1F\/NGzYkB588EEOkbjxxhvphhtuoBkzZqit9kFqunTmmWcaMkYbAV61MFjDwJuQkKBag0dHGyseeeQR9c4\/WD2QarXPP6K8vJz2799P3bt3Vy3+keq6eleL9RG5pVSYpJaOF3jRTiRVJenUPbszFTvGEXrA9VWD+BhyeY\/jS\/MTqKjddrWsXEUrsrpReXoFZafgTN6xY7Qx\/oOcnBy+OWDJOdABbHW08Ztvvkn33HMPHTp0iAVLMKCPELgIF3n55Zd5tQdLyUbwN9a0QFE0bdo0ov1FHw4fPqxqtVg96DD4h86dWCMovFK5gjJTV1La5uppDx9HJeQY372OcIk1gQIw7bnttts4JitQoWK1QCkrK6NLLrmEhQA0qUApLCykcePGUUlJCd1yyy2UnJxM69evN3zt+x1rckM90AzjiyE8eFSiGDHKecR5PmUANAK+q5eu1AH7yAtT1eoi1WQh592qFl7wufh8T+D7Btu3WtSKjNt\/5TSw1l29cdad++UL5z9iV6OslWzdulU0btxYPPDAA7zCYhYzfTM61mBsllqKqpkHLg\/4vOXLl3MdS8Rdu3bl90bxN9Y8bjHTSffVAL\/sU\/4KHlcXXC54LVCYcA66uoIh9ISzb4GwdOlSXgGaPXu2ajGOmb4ZHWszZswQjRo1EgcOHFAtxkG8Dz5ryZIlqkUIqaGIvLw8VTOGv7EWXqMs1OjpRBmFaarBjcqN9NHKiZQzQdU14UP+N0VyKpRhE\/d6O4BpD2wNMF5iyhFpsrOz2eDsydbmC9hJMjMz2Q7jtJXAc3vDhg0kNTCuW0V4BUr8EFok593eZmulS8bKSd5w6q3qmjCC\/8afXeUkZObMmZSYmFjPTT0SIMeJ1DQ4z87NN9+sWn2DsA+sYuEVrg4ALvxYXn\/++efZBcJKbLRsXEqb5qZRWk99h7Qr8FlAIJ5rykvXEovAlwU+Kjt37uSAxEhz991387L2Bx98QMuXL1etnoFGgtUqaCj33XefaiVasGABB7uOHDlStViHRQLlIxqXmkBJSc5SIMWDOapKFtKcCWPM+UXYnS8Lqn+PfLO\/hr3AygAc+lq3bk3Lli2rk\/LStcBXIhbp0aMHD0g4gkVaSwETJ07k4D0E+XljyZIlvMyMLIKjRo1SrcRZ7HAcoo5DgUUCpW6Yu8O06lxFG1d9RDl9okDhNiwkqmjF4v+p99ELcudimREOUFCb4QG8bt26OmXy5Mlq79gFkcr79u3jaNxIA8fJZ555hiOnoTm5A80FUzQIDUQVuwIBg\/QHgaQmMII9pjxsjCWaM6Raw4EXJ80dHJCmE1IgTDZcScVGjMYxYGDGRYuUDTDgQUvBXTohIYGuvvrqOgX+EbEOXN4HDhzINgw7AAHfokUL9ktxBXlMYEwuKCigrKws1VqLq2E2FNhDoLBBsFbD4QE7oSQATSfEIL5lvLFvFO0G5q+++ooTFCHhTv\/+\/VWrbwSvgsYumDogWVNlZaVqiRynnnoqaxm7dtUmSULOnsGDB7OxFStC7mC69s0331C\/fv1Ui\/XYyCgbS0S\/gRmGPFyAyOJvFNgYoNV4Kn\/\/\/bfaK3pBRnlMN2BHsgNIGgXPVfDxxx\/zyg9idLyFkfzyyy\/8irCRUBEio2wCZZZEXxYwq4gFAzPuwl26dDEVNwKBMm3aNI8lFgQKwjOuvfZav6sr4QJTHhjC16xZw270To3SG3gUDNzmERAZKoI\/M4e5uxpkq4uv\/KOtBi8mh4\/AtO7j5TkMTi3sRxQZmH2AZ9u0adNG1Yxx8OBBnvZ4KlghigUQ5r9p0yZbPB2yWbNm9P3337MwgfMdIt59gSX\/Tp06qVpo0FMeq4kWA7MmIKC14U6PB2tFmo4dO\/I0ZujQoT6XkJ3AoOzJtmIlWqBYTbQYmDUB0blzZ36FcTOSwDgMWwlyvixdupSfquCv4DncRg3sgaIFSgwBRyb3Jd1AC9R6s3PtQML8ow2E+yMLXyQFCvLxYJoDHxOkWEB8DwQGstCdOHGC7VVYycGKj7P06tWLc6mEGi1QLAE5QOQUJ2uFfBc5kC3Ok3AIpODOB9uHptoZDMLSWTBgn3zyyTpt4crytmPHDl7NgU8QYnqchtnff\/+dl5Lbtm1L3bp14xSYSEnqLHDMC6UxtgZ50dQDzYbTF9iAyKcvQMJnEykc3LBL+gJX5EUrBg4cqGq+QfZ\/fP7BgwdVizEi1TezHD9+XCDjPL6Hp9K8efN6ycjN9M3oWMOT\/PA9kFDbyaRJk8SIESNEZWUlb0eyaTzXGE9eyM3N5ceHoIwaNYoz3AeLvdIXxCixGIeEoDg8oc8MuFPHIk5Xd2\/IQR3yZOR4YiA0E0x18vLyVGs1CImIj4\/nFRxMdeCAhyV8+Ms4Aze3b9+u9g4tWqBYAC+DR+0yt2ewgmD2KXvyBqXexR6I2kWApDuYGiLWKZQgnSSEyYABAzw+MRAhAUhbCX+UtWvX0iuvvMJTHLjgO6ewmAaFAy1QNB7B8iiC4fBIEKPAL8LVruBakLA7moGW4slrONTaCbLxQyuB5oG0A55AvNX111\/PQX9YQoZ955133uHAwaNHj6q9wqNB6iTVCnhBPvvss6oWfuBHEI4k1UbBd8EDtVNSUujtt99WrZ5544032EiIWBKsOHgCd0l37Jqk2htYQcH3hTMZgHZSUVHBqyvuWJGkGudGQmo8OQFahyfgzAaBAg0G54JxFjcCeDo7X48dO8b7wlHR24PljeJvrGmBooBAiTR2Eihg27ZtnAukd+\/e7G7uLQbEKVDMPuIh2gQKcD7OAiAIz1vcTLAC5eeff2ZhggBAXykTpk+fzqENV111FV166aXUsmVLiouLY2GHAu0J3wFTIORCwe8YDFqguGCnC9MokR50cJpCuDvuwtAy4OKNdAauIDK5uLj4pBAo0FIwyP\/44w8eI96eThiMQMETKSFMLrjgAs4W5wsYzmHfQV4ab08VxHfF1BWaDIROMPgda3JDPdAsO6lq9gff1UtX6oB95IWpatEBvm+k+7ZlyxYhNRAhL1iRn5\/Pn+Wp4IHxZrBD3wIBmeMLCwtVzTNm+uY61uSURfTq1UsMGzZMtRhj\/vz5Ijk5WcjpUc1ScXZ2Np8f\/x2Wla3A31jzuMW9k3ZHCxTdN7thpm\/OsQaBLKcuYsiQIVw3C\/xP5BRH9OvXj4vUkETfvn0Deq6QN\/yNNb3Ko9HYBEwXMzIyePoYCEjPOWXKlJqlYiS0hpcsplXhQgsUjcZGwLgdDEhg7ZrYCrFH4cSrUVaqbKoWHZgx7kUbum+6b3bCV7+8CpRoxMifF63ovkUnsdo3b\/3yKFA0Go0mELQNRaPRWIYWKBqNxjK0QNFoNJahBYpGo7EIov8DQbKb0om2md0AAAAASUVORK5CYII=\" alt=\"\"><\/p>","protected":false},"excerpt":{"rendered":"<p>Tegund:&nbsp;DS 36 Chr<\/p>\n<p>ATH a\u00f0eins 1 stk til \u00e1 lager<\/p>","protected":false},"featured_media":61902,"comment_status":"closed","ping_status":"closed","template":"","meta":[],"product_brand":[],"product_cat":[575,518,546],"product_tag":[],"class_list":{"0":"post-22189","1":"product","2":"type-product","3":"status-publish","4":"has-post-thumbnail","6":"product_cat-bordlampar","7":"product_cat-honnunarlausnir","8":"product_cat-lampar","10":"first","11":"instock","12":"taxable","13":"shipping-taxable","14":"purchasable","15":"product-type-simple"},"yoast_head":"<!-- This site is optimized with the Yoast SEO plugin v27.3 - https:\/\/yoast.com\/product\/yoast-seo-wordpress\/ -->\n<title>TECNOLUMEN De Stijl Bor\u00f0lampi - V\u00e9lar &amp; Verkf\u00e6ri<\/title>\n<meta name=\"robots\" content=\"index, follow, max-snippet:-1, max-image-preview:large, max-video-preview:-1\" \/>\n<link rel=\"canonical\" href=\"https:\/\/velarogverkfaeri.is\/en\/honnunarlausnir\/lampar\/bordlampar\/product\/tecnolumen-bordlampi-ds36-krom-de-stijl-hannadur-1936\/\" \/>\n<meta property=\"og:locale\" content=\"en_US\" \/>\n<meta property=\"og:type\" content=\"article\" \/>\n<meta property=\"og:title\" content=\"TECNOLUMEN De Stijl Bor\u00f0lampi - V\u00e9lar &amp; Verkf\u00e6ri\" \/>\n<meta property=\"og:description\" content=\"Tegund:&nbsp;DS 36 ChrATH a\u00f0eins 1 stk til \u00e1 lager\" \/>\n<meta property=\"og:url\" content=\"https:\/\/velarogverkfaeri.is\/en\/honnunarlausnir\/lampar\/bordlampar\/product\/tecnolumen-bordlampi-ds36-krom-de-stijl-hannadur-1936\/\" \/>\n<meta property=\"og:site_name\" content=\"V\u00e9lar &amp; Verkf\u00e6ri\" \/>\n<meta property=\"article:publisher\" content=\"https:\/\/www.facebook.com\/VelarOgVerkfaeri\" \/>\n<meta property=\"article:modified_time\" content=\"2025-04-25T15:18:35+00:00\" \/>\n<meta property=\"og:image\" content=\"https:\/\/velarogverkfaeri.is\/wp-content\/uploads\/2024\/06\/e60c0415-7f5c-44ac-8977-ab14013307f0.png\" \/>\n\t<meta property=\"og:image:width\" content=\"1000\" \/>\n\t<meta property=\"og:image:height\" content=\"1000\" \/>\n\t<meta property=\"og:image:type\" content=\"image\/png\" \/>\n<meta name=\"twitter:card\" content=\"summary_large_image\" \/>\n<script type=\"application\/ld+json\" class=\"yoast-schema-graph\">{\"@context\":\"https:\\\/\\\/schema.org\",\"@graph\":[{\"@type\":\"WebPage\",\"@id\":\"https:\\\/\\\/velarogverkfaeri.is\\\/honnunarlausnir\\\/lampar\\\/bordlampar\\\/product\\\/tecnolumen-bordlampi-ds36-krom-de-stijl-hannadur-1936\\\/\",\"url\":\"https:\\\/\\\/velarogverkfaeri.is\\\/honnunarlausnir\\\/lampar\\\/bordlampar\\\/product\\\/tecnolumen-bordlampi-ds36-krom-de-stijl-hannadur-1936\\\/\",\"name\":\"TECNOLUMEN De Stijl Bor\u00f0lampi - V\u00e9lar &amp; Verkf\u00e6ri\",\"isPartOf\":{\"@id\":\"https:\\\/\\\/velarogverkfaeri.is\\\/en\\\/#website\"},\"primaryImageOfPage\":{\"@id\":\"https:\\\/\\\/velarogverkfaeri.is\\\/honnunarlausnir\\\/lampar\\\/bordlampar\\\/product\\\/tecnolumen-bordlampi-ds36-krom-de-stijl-hannadur-1936\\\/#primaryimage\"},\"image\":{\"@id\":\"https:\\\/\\\/velarogverkfaeri.is\\\/honnunarlausnir\\\/lampar\\\/bordlampar\\\/product\\\/tecnolumen-bordlampi-ds36-krom-de-stijl-hannadur-1936\\\/#primaryimage\"},\"thumbnailUrl\":\"https:\\\/\\\/velarogverkfaeri.is\\\/wp-content\\\/uploads\\\/2024\\\/06\\\/e60c0415-7f5c-44ac-8977-ab14013307f0.png\",\"datePublished\":\"2023-04-28T17:44:04+00:00\",\"dateModified\":\"2025-04-25T15:18:35+00:00\",\"breadcrumb\":{\"@id\":\"https:\\\/\\\/velarogverkfaeri.is\\\/honnunarlausnir\\\/lampar\\\/bordlampar\\\/product\\\/tecnolumen-bordlampi-ds36-krom-de-stijl-hannadur-1936\\\/#breadcrumb\"},\"inLanguage\":\"en-US\",\"potentialAction\":[{\"@type\":\"ReadAction\",\"target\":[\"https:\\\/\\\/velarogverkfaeri.is\\\/honnunarlausnir\\\/lampar\\\/bordlampar\\\/product\\\/tecnolumen-bordlampi-ds36-krom-de-stijl-hannadur-1936\\\/\"]}]},{\"@type\":\"ImageObject\",\"inLanguage\":\"en-US\",\"@id\":\"https:\\\/\\\/velarogverkfaeri.is\\\/honnunarlausnir\\\/lampar\\\/bordlampar\\\/product\\\/tecnolumen-bordlampi-ds36-krom-de-stijl-hannadur-1936\\\/#primaryimage\",\"url\":\"https:\\\/\\\/velarogverkfaeri.is\\\/wp-content\\\/uploads\\\/2024\\\/06\\\/e60c0415-7f5c-44ac-8977-ab14013307f0.png\",\"contentUrl\":\"https:\\\/\\\/velarogverkfaeri.is\\\/wp-content\\\/uploads\\\/2024\\\/06\\\/e60c0415-7f5c-44ac-8977-ab14013307f0.png\",\"width\":1000,\"height\":1000},{\"@type\":\"BreadcrumbList\",\"@id\":\"https:\\\/\\\/velarogverkfaeri.is\\\/honnunarlausnir\\\/lampar\\\/bordlampar\\\/product\\\/tecnolumen-bordlampi-ds36-krom-de-stijl-hannadur-1936\\\/#breadcrumb\",\"itemListElement\":[{\"@type\":\"ListItem\",\"position\":1,\"name\":\"Home\",\"item\":\"https:\\\/\\\/velarogverkfaeri.is\\\/\"},{\"@type\":\"ListItem\",\"position\":2,\"name\":\"Vefverslun\",\"item\":\"https:\\\/\\\/velarogverkfaeri.is\\\/vefverslun\\\/\"},{\"@type\":\"ListItem\",\"position\":3,\"name\":\"TECNOLUMEN De Stijl Bor\u00f0lampi\"}]},{\"@type\":\"WebSite\",\"@id\":\"https:\\\/\\\/velarogverkfaeri.is\\\/en\\\/#website\",\"url\":\"https:\\\/\\\/velarogverkfaeri.is\\\/en\\\/\",\"name\":\"V\u00e9lar & Verkf\u00e6ri\",\"description\":\"Umbo\u00f0s- og heildverslun fr\u00e1 \u00e1rinu 1919\",\"publisher\":{\"@id\":\"https:\\\/\\\/velarogverkfaeri.is\\\/en\\\/#organization\"},\"potentialAction\":[{\"@type\":\"SearchAction\",\"target\":{\"@type\":\"EntryPoint\",\"urlTemplate\":\"https:\\\/\\\/velarogverkfaeri.is\\\/en\\\/?s={search_term_string}\"},\"query-input\":{\"@type\":\"PropertyValueSpecification\",\"valueRequired\":true,\"valueName\":\"search_term_string\"}}],\"inLanguage\":\"en-US\"},{\"@type\":\"Organization\",\"@id\":\"https:\\\/\\\/velarogverkfaeri.is\\\/en\\\/#organization\",\"name\":\"V\u00e9lar & Verkf\u00e6ri\",\"url\":\"https:\\\/\\\/velarogverkfaeri.is\\\/en\\\/\",\"logo\":{\"@type\":\"ImageObject\",\"inLanguage\":\"en-US\",\"@id\":\"https:\\\/\\\/velarogverkfaeri.is\\\/en\\\/#\\\/schema\\\/logo\\\/image\\\/\",\"url\":\"https:\\\/\\\/velarogverkfaeri.is\\\/wp-content\\\/uploads\\\/2021\\\/10\\\/vv_logo_350x100.png\",\"contentUrl\":\"https:\\\/\\\/velarogverkfaeri.is\\\/wp-content\\\/uploads\\\/2021\\\/10\\\/vv_logo_350x100.png\",\"width\":350,\"height\":100,\"caption\":\"V\u00e9lar & Verkf\u00e6ri\"},\"image\":{\"@id\":\"https:\\\/\\\/velarogverkfaeri.is\\\/en\\\/#\\\/schema\\\/logo\\\/image\\\/\"},\"sameAs\":[\"https:\\\/\\\/www.facebook.com\\\/VelarOgVerkfaeri\"]}]}<\/script>\n<!-- \/ Yoast SEO plugin. -->","yoast_head_json":{"title":"TECNOLUMEN De Stijl Bor\u00f0lampi - V\u00e9lar &amp; Verkf\u00e6ri","robots":{"index":"index","follow":"follow","max-snippet":"max-snippet:-1","max-image-preview":"max-image-preview:large","max-video-preview":"max-video-preview:-1"},"canonical":"https:\/\/velarogverkfaeri.is\/en\/honnunarlausnir\/lampar\/bordlampar\/product\/tecnolumen-bordlampi-ds36-krom-de-stijl-hannadur-1936\/","og_locale":"en_US","og_type":"article","og_title":"TECNOLUMEN De Stijl Bor\u00f0lampi - V\u00e9lar &amp; Verkf\u00e6ri","og_description":"Tegund:&nbsp;DS 36 ChrATH a\u00f0eins 1 stk til \u00e1 lager","og_url":"https:\/\/velarogverkfaeri.is\/en\/honnunarlausnir\/lampar\/bordlampar\/product\/tecnolumen-bordlampi-ds36-krom-de-stijl-hannadur-1936\/","og_site_name":"V\u00e9lar &amp; Verkf\u00e6ri","article_publisher":"https:\/\/www.facebook.com\/VelarOgVerkfaeri","article_modified_time":"2025-04-25T15:18:35+00:00","og_image":[{"width":1000,"height":1000,"url":"https:\/\/velarogverkfaeri.is\/wp-content\/uploads\/2024\/06\/e60c0415-7f5c-44ac-8977-ab14013307f0.png","type":"image\/png"}],"twitter_card":"summary_large_image","schema":{"@context":"https:\/\/schema.org","@graph":[{"@type":"WebPage","@id":"https:\/\/velarogverkfaeri.is\/honnunarlausnir\/lampar\/bordlampar\/product\/tecnolumen-bordlampi-ds36-krom-de-stijl-hannadur-1936\/","url":"https:\/\/velarogverkfaeri.is\/honnunarlausnir\/lampar\/bordlampar\/product\/tecnolumen-bordlampi-ds36-krom-de-stijl-hannadur-1936\/","name":"TECNOLUMEN De Stijl Bor\u00f0lampi - V\u00e9lar &amp; Verkf\u00e6ri","isPartOf":{"@id":"https:\/\/velarogverkfaeri.is\/en\/#website"},"primaryImageOfPage":{"@id":"https:\/\/velarogverkfaeri.is\/honnunarlausnir\/lampar\/bordlampar\/product\/tecnolumen-bordlampi-ds36-krom-de-stijl-hannadur-1936\/#primaryimage"},"image":{"@id":"https:\/\/velarogverkfaeri.is\/honnunarlausnir\/lampar\/bordlampar\/product\/tecnolumen-bordlampi-ds36-krom-de-stijl-hannadur-1936\/#primaryimage"},"thumbnailUrl":"https:\/\/velarogverkfaeri.is\/wp-content\/uploads\/2024\/06\/e60c0415-7f5c-44ac-8977-ab14013307f0.png","datePublished":"2023-04-28T17:44:04+00:00","dateModified":"2025-04-25T15:18:35+00:00","breadcrumb":{"@id":"https:\/\/velarogverkfaeri.is\/honnunarlausnir\/lampar\/bordlampar\/product\/tecnolumen-bordlampi-ds36-krom-de-stijl-hannadur-1936\/#breadcrumb"},"inLanguage":"en-US","potentialAction":[{"@type":"ReadAction","target":["https:\/\/velarogverkfaeri.is\/honnunarlausnir\/lampar\/bordlampar\/product\/tecnolumen-bordlampi-ds36-krom-de-stijl-hannadur-1936\/"]}]},{"@type":"ImageObject","inLanguage":"en-US","@id":"https:\/\/velarogverkfaeri.is\/honnunarlausnir\/lampar\/bordlampar\/product\/tecnolumen-bordlampi-ds36-krom-de-stijl-hannadur-1936\/#primaryimage","url":"https:\/\/velarogverkfaeri.is\/wp-content\/uploads\/2024\/06\/e60c0415-7f5c-44ac-8977-ab14013307f0.png","contentUrl":"https:\/\/velarogverkfaeri.is\/wp-content\/uploads\/2024\/06\/e60c0415-7f5c-44ac-8977-ab14013307f0.png","width":1000,"height":1000},{"@type":"BreadcrumbList","@id":"https:\/\/velarogverkfaeri.is\/honnunarlausnir\/lampar\/bordlampar\/product\/tecnolumen-bordlampi-ds36-krom-de-stijl-hannadur-1936\/#breadcrumb","itemListElement":[{"@type":"ListItem","position":1,"name":"Home","item":"https:\/\/velarogverkfaeri.is\/"},{"@type":"ListItem","position":2,"name":"Vefverslun","item":"https:\/\/velarogverkfaeri.is\/vefverslun\/"},{"@type":"ListItem","position":3,"name":"TECNOLUMEN De Stijl Bor\u00f0lampi"}]},{"@type":"WebSite","@id":"https:\/\/velarogverkfaeri.is\/en\/#website","url":"https:\/\/velarogverkfaeri.is\/en\/","name":"V\u00e9lar & Verkf\u00e6ri","description":"Umbo\u00f0s- og heildverslun fr\u00e1 \u00e1rinu 1919","publisher":{"@id":"https:\/\/velarogverkfaeri.is\/en\/#organization"},"potentialAction":[{"@type":"SearchAction","target":{"@type":"EntryPoint","urlTemplate":"https:\/\/velarogverkfaeri.is\/en\/?s={search_term_string}"},"query-input":{"@type":"PropertyValueSpecification","valueRequired":true,"valueName":"search_term_string"}}],"inLanguage":"en-US"},{"@type":"Organization","@id":"https:\/\/velarogverkfaeri.is\/en\/#organization","name":"V\u00e9lar & Verkf\u00e6ri","url":"https:\/\/velarogverkfaeri.is\/en\/","logo":{"@type":"ImageObject","inLanguage":"en-US","@id":"https:\/\/velarogverkfaeri.is\/en\/#\/schema\/logo\/image\/","url":"https:\/\/velarogverkfaeri.is\/wp-content\/uploads\/2021\/10\/vv_logo_350x100.png","contentUrl":"https:\/\/velarogverkfaeri.is\/wp-content\/uploads\/2021\/10\/vv_logo_350x100.png","width":350,"height":100,"caption":"V\u00e9lar & Verkf\u00e6ri"},"image":{"@id":"https:\/\/velarogverkfaeri.is\/en\/#\/schema\/logo\/image\/"},"sameAs":["https:\/\/www.facebook.com\/VelarOgVerkfaeri"]}]}},"_links":{"self":[{"href":"https:\/\/velarogverkfaeri.is\/en\/wp-json\/wp\/v2\/product\/22189","targetHints":{"allow":["GET"]}}],"collection":[{"href":"https:\/\/velarogverkfaeri.is\/en\/wp-json\/wp\/v2\/product"}],"about":[{"href":"https:\/\/velarogverkfaeri.is\/en\/wp-json\/wp\/v2\/types\/product"}],"replies":[{"embeddable":true,"href":"https:\/\/velarogverkfaeri.is\/en\/wp-json\/wp\/v2\/comments?post=22189"}],"wp:featuredmedia":[{"embeddable":true,"href":"https:\/\/velarogverkfaeri.is\/en\/wp-json\/wp\/v2\/media\/61902"}],"wp:attachment":[{"href":"https:\/\/velarogverkfaeri.is\/en\/wp-json\/wp\/v2\/media?parent=22189"}],"wp:term":[{"taxonomy":"product_brand","embeddable":true,"href":"https:\/\/velarogverkfaeri.is\/en\/wp-json\/wp\/v2\/product_brand?post=22189"},{"taxonomy":"product_cat","embeddable":true,"href":"https:\/\/velarogverkfaeri.is\/en\/wp-json\/wp\/v2\/product_cat?post=22189"},{"taxonomy":"product_tag","embeddable":true,"href":"https:\/\/velarogverkfaeri.is\/en\/wp-json\/wp\/v2\/product_tag?post=22189"}],"curies":[{"name":"wp","href":"https:\/\/api.w.org\/{rel}","templated":true}]}}