{"id":22024,"date":"2023-06-08T19:22:08","date_gmt":"2023-06-08T19:22:08","guid":{"rendered":"https:\/\/vv-dev.webdev.is\/?post_type=product&#038;p=22024"},"modified":"2026-02-05T14:01:32","modified_gmt":"2026-02-05T14:01:32","slug":"bahco-skiptilykill-10-svartur","status":"publish","type":"product","link":"https:\/\/velarogverkfaeri.is\/en\/verkfaeralausnir\/handverkfaeri\/skiptilyklar\/product\/bahco-skiptilykill-10-svartur\/","title":{"rendered":"BAHCO Skiptilykill 10&#8243; Svartur"},"content":{"rendered":"<p><img decoding=\"async\" src=\"data:image\/png;base64,iVBORw0KGgoAAAANSUhEUgAAAecAAADrCAYAAABTuF6bAAAAAXNSR0IArs4c6QAAAARnQU1BAACxjwv8YQUAAAAJcEhZcwAADsMAAA7DAcdvqGQAABp7SURBVHhe7d1fbFTV3sbxx\/eOe1tEeiJq00AQeI8eFAPRi5KWpBwjJqaGNCFM4O2NwAVJDZGShmKITbxQvBklQ0waIjERgzahDb3QYOTIUQ8FQjOpUmMLh6n3XPqutfbaM3umM\/0DM9MFfD85+3SvPf9as\/d+9m+ttYfH\/jIEAACC8T\/+JwAACAThDABAYAhnAAACQzgDABCYCuF8Xekdb+m1iktGY\/6ZY+loW\/qK37AgOQ29Y193REM5v2nB\/O+Wvu7bC5QbUY993TsjuuM3Rb974W8BACAEc1fOLSl9evZznZu1pLTePSGnP35zK\/p1ajEpO6OprP2Z1dRtt6H2bk9p3P7MTuXDGQCAEN1nt3ajOt6PAnugo9FvW4i16vZB373Bb6q1DamSCwsAAMLEmDMAAIG573C+M3Rk9tjxlYwbhy63xGPTs8Z73WuidjyOHS0LHBOOx5Qrvm6BY9X53z35+tIx+JK\/1312tC35uy9uHB4AgEj1K2cbbn0jWr3nI9+N\/JG6W6KH7La5u7FHdNiE2mCTf206pdV2W2ISVznuAqE7I+U\/83Md22bfa5ETzmzImt9d23rNe\/jubxe8\/RrKj7\/bvyerdHfpe9ttb+mw7Guj36FuXfYAgIfK3OGczWhvvlr0y3xBOTXpJpIdzI9BN6rjoA1Z6dmm+celO\/oS49eNbTq4xyR79qL+XTFkr+urk1kX\/Mlx7\/XdUYh+e3mh6WyqYxPw4zaEu9f6bYb5HQZs2L7fpuXRBv\/3lHlvG+rJ1wIAcA\/mDudys7XzIVXe8qZVLtS\/SnTp3rl8UeNqUdMKv2ER3PvN5cq\/NGR+jJ\/cX3wRsWO\/0lmzfWomet6c7K1dvjqe5+9zGlfqWb+atLqpwa8BAHDvqt+tvcEEnKl2h\/oKQbnXVLYdfUe1qAndi2Qr7qKLiHiZt5K13d82yFvUfbByMBePg5sg99sBAKi26oez62aWutPFIVmz8dcVTa7L\/N616Vh+HLnM5DM\/QezweRPe+b+pVx3+YQAAqq0GE8JsN3Mdv1zEdzEPnZ57LHxu9n5tG7i2ii4O6LFLI757v7aVPwAAsRp0a293s7OT3drx0rOoqdMLtVbdfW3R5LXEZLXoFq\/FfKb9YhQf0In3Wd5kJ6QlxtDj2du+CQBAtc0dzuVma7ul8r3HY+n9Sqt0Ill0O9X4yY8Xd2vTQtlv\/7K3XSV+32ic+3Md3OifsyAmoPPvE90qtbzj7eKLjQ+kg4nbwwAAqLbH\/jL8ehXYL+vol0wozhpjdvc\/T5rwo3sYAIC5VLlbu0G2F3ior+QLOvwXk2hbJ8EMAMA8qlw5R+xtR4fP+4Znu5j5xiwAAOZXk3AGAAD3rgb3OQMAgPtBOAMAEBjCGQCAwBDOAAAEhnAGACAwhDMAAIEhnAEACAzhDABAYAhnAAACQzgDABAYwhkAgMAQzgAABIZwBgAgMIQzAACBIZwBAAgM4QwAQGAIZwAAAkM4AwAQGMIZAIDAPPaX4dfz7t6969cAAEC9LFu2zP2kcgYAIDCEMwAAgSGcAQAIDOEMAEBgCGcAAAJDOAMAEBjCGQCAwBDOAAAEhnAGACAwhDMAAIEhnAEACAzhDABAYAhnAAACQzgDABCYmvyTkbnh97TvswnfMrb26ExqjW\/cUCYjpfJt4CEzM6reA4PK+qaau3TiaKsafTN2LbNb\/ZPlHwPwaKrdPxl5ddAE81PqPX1KZ9wyoNTklxqeiR\/\/ScN+tdrsya5zp13eU++R3erNfyhQJz6Ynz6U2P9ljonMDf8Ea0bDZv\/sv+CbAFCi6uF87fKoqZRf0HO+LTWo\/ei7am+IWrlbv0crNfBc6pRO7Go2axPKmsL96Sf9hwJ1kvv5krJbe5Ra5zeY\/f\/vm80+OXlLOde+oczOHmVW9ejMoVa3BQBKVb1bO+rSllIfFgI55rrxktVCvrvbVhLmhOV7wlt2Daj\/+bFE12CrqcS7XOC7959+Q70yz7HvVdRlOKNrV01IrzMf7CqY2+r0rwOWRrRvT795KgrsmRnlGhqi\/fXqoDq\/WFGxW3vWvu6Og3ZNJ46VdlOhRxcCNvS\/1MpDm3TxeHTcuOPoyWF1HjcXzFaF7nUA4Yi7tWsw5mxPEgOFruui8ebCCSe5zYb2jxuTJxn7+uZCwCdOYvLj2YWTUqw44LW1S6nJwcJJEairwv7oQrL0StVaSDgn9vXStnv9cfkLV3\/c5AO4tB39Phc3V\/hdAAShdmPOWqOUG2vrUbttXhhQ585BXXOPlWe7owsBukYvbjU\/tr5RqLzXvaD2iUv6JR5CNiec7eWC2XYVxmPdG2+7E+PNW4w7YynY4ZxozHnL9z3qLBpzXoTEvt745FPm\/1v1YrzvP7FCLfpd04ldvP3NOOgf18pmc2Gweb1vN2jlKik7\/adrAQhbDW+lSob0qH686jdXUJjM5bu+XajH2xKVeDkzY7o4YSrtfyZmgK\/rUq8NeWBJmZA2gakLP815gQoASXW4zzm6gq\/MVr27dWblQL7qtaFquwLzVbBbZo9hz21G05NMCkM9RfsydwkAuF9VDufo5JRJVslXh5WZSHTFzfKnpieSIXpDP5rKOfvZJ4Xbr4zczBwnvIZWdW6dUObrRNfhvJ8LVFtUJRfvu+aY+GLUXGy2MzERwIJVN5xn\/tTKN7t083ihi7owYSXS+PwmtcRd1kdGldMabd\/VrOH8a37Si7ZS\/nCTLh6It+3WiRPDRWFd6rmUvZ860RVe8rlAXazr0plDTymT33dnT8KyE7uifXRUmhjUPrvujgUAiNTkG8IAAMDi1XC2NgAAuB+EMwAAgSGcAQAIDOEMAEBgCGcAAAJDOAMAEBjCGQCAwBDOAAAEhnAGACAwhDMAAIEhnAEACAzhDABAYAhnAAACQzgDABCYsv9kJAAAWDpUzgAABIZwBgAgMIQzAACBIZwBAAgM4QwAQGAIZwAAAkM4AwAQGMIZAIDAEM4AAASGcAYAIDCEMwAAgSGcAQAIDOEMAEBgCGcAAAJTk3C+M3REr+14q7Ckr\/tHrOtKF7WBh9NY2uz774zojm\/nXckUHR\/pK357CXcc2WMlN6KeHRmN+e0AHn7VD2dz4tl7cpWOnf1c59zykbp\/O6OhXPz4vzTkV6vNnQzdCe+Iet55Sz35DwXqKachs\/8dPu+bSTZo+ybVnY6Pj16pr3JAA3g0VT2cxy6NSNte0nrflhrV8f5RdTRGrTtTk9FKDazv\/lyf7mkxa1mNZ6Vnm\/yHAnVzXekd+5V+plfn+tr8toKxsxlpz9v540Faq9fNPjt0enaFvbxplVY3NZhDaKWebWnScr8dwMOv6uG8vMmE4\/lEpZxgK9u9J01qnu+PKtx893ZUacTdfK7idV158bZCl17c1Zevkou6DXO60\/R2VJGkU\/q1j65A1FmuQa\/b\/a97rd+QdF0\/mGq69KJx+cYtWp29qH+XHjMbUhpwKb5W3e+3Ec7AI6T64dzRqQ5Tuaa7fXgmxpfzle02U1UkTmBj6f2a2lno5nv25H691n1Rr8Zdf33S4WQIm3D\/YZN\/LH\/SsgG\/X4f7zGvt556VXm0Z0Q90F6KeGhvnCdEWNa3wqwBQQQ0mhJmrfB+yHbbpquS5K1gb2t0bfMO8\/uVt5sc2E\/JxgbHhJXUkK4uWlF7PP9+Kgtl1JbrPNsumKaVNkf7rFOPOAIAHSw3COZYM6fkr2MJkLj+RJu76dkv\/3JPIcv\/Rt9kWde9IdCVuSOmYDXkgKFlN3farAFBBDcM51iA7DF1ZNN482PRRvuq1obp6T6EdLYVJZQuT0x+\/MSkMIYl6hUp7c+5cvqjxli36B7sqAK\/K4RwFbdFtIVe+UTrbppeLuqGTZjRVNLM6mjQzfvLjoklld3JzdE83tqlrW1bps4n7p+f9XKD+1u9ISUX79nV9dTKrjp1M+AJQ8Nhfhl+\/f7nrGrs9rcG+jMb9JqlNx86mCrdW2VnY3f7xlpQ+fb9NGjoSzeJ2\/POTzzNWt7Tp1YMp\/eOyee53W9zrik9mftw5fpvSzwXqxN5RUNifPb+vu33WfglJ34jbbHX0JedcAEC1wxkAANy3Oow5AwCAxSCcAQAIDOEMAEBgCGcAAAJDOAMAEBjCGQCAwBDOAAAEhnAGACAwhDMAAIEhnAEACAzhDABAYAhnAAACQzgDABAYwhkAgMCU\/Scj796969cAAEC9LFu2zP2kcgYAIDCEMwAAgSGcAQAIDOEMAEBgCGcAAAJDOAMAEBjCGQCAwBDOAAAEhnAGACAwhDMAAIEhnAEACAzhDABAYAhnAAACQzgDABCY6v+TkVcH1Xlc6j3dpef8pqVwLbNb\/erRmdQavwWok5lR9R4YVNY3W3YNqL+9wbek3PB72vfZhG9F2g+dUmqdb5S83tnKvgw8CuJ\/MpJwBqrJBeslbfnwXUV5fEOZnQO6mQhou2\/+uDERxqXsMXT5BfZd4BHEv+cM1EDu50vKbn3DB7O1Rtt3NSs7\/advz2h6slkrn\/DNMnK3flfLysd9C8CjqO7hbLv0Onfu9sugrvntruKwbVs1lHvcVSDx9sLSOzwTPVzyuh+jrUBdNba\/O6vizU0nu7D\/VFGzjOLnV+aOpcwNV4nH+\/01E\/7DR+L2bmWu+ie74+c9DV+1x1n0mDt2ksfNkVHl\/LMBLK26hnM01vaUek+f0hm7HJL6i04Io+q33Xnu8QGlmk3bnHysa5moazB67JR6tybG8mywHx9143bR4y9IF9zLgKVl9s0zZl9s3+gDe+aWbmpCmQPlAtSylbWU\/aynEJr+GCjrwoDrIrf7\/Yldv6t\/Z4+m3\/THwaFWDR9PXuCaz\/1C2ueOkR49bT\/jixU64drmeNOgTsQXuwCWVB3DeUa\/fD9hAjQxFr2u3ZwQLumX\/PmgWal\/xlVHg\/6+uVmavGXCOzphVRJ1JfYkxvDW6EUT3sDSMtXqgUHJXETm982GVvW7MPTLh126eTwZ0A1qP5p43Ibm5EDlgG7u0nb\/3o1PPmX+v1Uvxp\/1xAq16HdNJ\/K2\/c1WNbq1x7XSHF4tm9f7doNWrjIXBfnudwBLqY7hHHXnDZsTUb4iMFf5mYkJTf\/XP6Uie8Ia0JbvC9VE\/2SX9vmBvYV2AwL1E00EGzYXjcmZ2rOYsO40F5LDlytVx2bfN4GqCz8lKmAAD7s6hnN0pV7oei4sFWetJuSGP9HFzYVu7TNH4woACE0hmJlxDeBe1DGco27q4S+KJ53kZhY2xtX4\/CYpOQ5nFz9e\/dxGW1l8qfxwmR\/nA+pvnmC+Olg8xmza\/ReSwznm9UVd2KZ9fFQtu9qX9NZEAPVVo3AeVX8yRM1iZ4bamawnNl\/SvsT2EyeGC6FakTlBHbitzkS1bSe0tE8M6ht7olvXpRO7VJhkc0Lq3GXKdKCu7ExpE8x29cJAfh+PFj+T+pZ5LDm0474TIL4n2vYQ2SckXzsgHTo1d9c4gIdO9b+EpBZmfbFDvM0G9tJ+2QkAANVSu28IqxV7P+bxUd+wWpf8W8gAAKimBy+cAQB4yPH1nQAABIpwBgAgMIQzAACBIZwBAAgM4QwAQGAIZwAAAkM4AwAQGMIZAIDAEM4AAASGcAYAIDCEMwAAgSGcAQAITNl\/+AIAACwdKmcAAAJDOAMAEBjCGQCAwBDOAAAEhnAGACAwhDMAAIEhnAEACAzhDABAYAhnAAACQzgDABAYwhkAgMAQzgAABIZwBgAgMIQzAACBqV0450bUs+MtvZZc3hnRHf8w8LC6M3SkeL9PX\/ePXFfatNNXfLPEWNo+P6Mx357PnaGMhnK+YfljrsdvdL9H\/rPn5j67wnOjv+eI\/6ycht5J\/g32b4ofK1b+PaPXF97v\/oylF\/7fC3iQ1CSc3UHZfVGvpj\/XubOF5dNXLmrv\/QZ0IvR73rEnDQ5OBORKRntPrtKx\/H7\/kbp\/O7OAILJPaDH\/a9LyaMM8cvr3d5N+vdizTY1+rZpW6W9VeNux9H6ls23mv89Rddz3+13XD+f9KvCQqX44m5PT4fMt6k7PPviWdxzVuffbFnjyqaCxTQNne9VhVsez2UWczIDaG7s0Im17Set92+yw6nh\/IUHUqPXdizk+ZjRldv8i7tj4XN0bfLtK3HF7NpX4m+5R\/txQhfeyctP61a8CD5uqh3N0cupc2FVxSdf3rK6yK4XHi7oCzfrLvjI59kxGH1SjfwyoguVNpvo9v5BK2Yq7eKPen6JuaHdsmO1Fx4jvJXLb+jWkrNLddnvcRVypi9l\/TmkXswnLSj1Pcde8O+7s86rR49U3oo6+0guV+L+BXxKfE\/\/3iLr7\/RL\/DfZ36s5oXCM67B6jBw0PlyqHc05\/\/Catbmrw7TnYg9UcXM\/2xd1\/vVJf8sRiTjynpYM+hPPVgD0o+\/r9AXlEfzS1afy7\/zCWjSAs7zAXpvnQTITJLDaU9iv9TO8cVakJng8Kx8CxbaZt3y\/fe2SrUPvYfJW5qd4PprS66KLBfP5pG5azP9uGYtw1X50q3Fw0mGNdez6a9X53hj7Wt6985P6+shfb5\/v1w6bosXOm4l5t2u6CYUMqast2kdvHq1SNA4Go3YSwpOTVv78yvnP5osa39SYO1rV6fY\/07eXCgdmxs6SLzwXzpD8h2eVt6TtTqWenCGcEYq263b4ZDb3YcClX1bmxVxvM3Wv9lnJM+B4sHAPrN7WZ9\/vXvVWIJtC7tmULx9eVb9zY78ul4WuOsSiYqxR27u+3Vb75\/DJXELbLfCCx3fY8jE\/N+JbRktLr8e\/Y+L96tUX6dSoR3sBDqsrh3Ki\/PaPig8vyY2Hn+szJxbtjB8zcgetD2yx7T2ZnvzZhdpe5rwh8CwhHMqRH9ENiWGao761o7HXHXMFcxooms69P6o97zCYb7uMnv3Hhbo+l1Xu2FwewPR77ymy\/H+YCPF\/1z9OFHp8DANSgco6u7ucfc3Njc\/7ALVrmrCTKuD2lcSaFIVgNsrt6Ukff5\/p0j1xX76KqYLuv38+s6Q3b1d0yosF0RoPny1Sy9nhMp6STpqpPzvGogvXd5QPajifvnerMH\/+f7in5jwU8oqrfrb0hZQ5CO+Y2e2LKnanCrR\/LN24pGQMzcrk5u6fX7yg\/brb6lf8lnBGAaHJT8eTF8t3HtjvXhdWcE62ymrrtV\/2+XjwTfLEa3VDR+HnzPpWqY9vL1ddmqvtyE8vuz+yAjuaodGyKL8jt7WFUzoBVkzFnexCeS2\/Rt\/GkmHyX1Sodi28VsSeB0ud88LG+muuM4E4cqwqTbXbsd5NJkmNWwJLJzehvO1P6tS+xT\/ep4vitC6tnMtpb8Qs5WvTr6cK+XjxGvVYvu4vg6PEFV7obXnITyV7dOMcxYydb+eMs\/kKTaikEtP2do4sF280f\/Y0fS68Uhr7m5cago\/eq1peaAKF47C\/DrwMIhbubwX6RTzW+rKPAzcS23ciLHT4CUFf1ma0NYOm5mdha\/EQ0AHVH5QwAQGConAEACAzhDABAYAhnAAACQzgDABAYwhkAgMAQzgAABIZwBgAgMIQzAACBIZwBAAgM4QwAQGAIZwAAAkM4AwAQmLL\/8MXdu3f9GgAAqJdly5a5n1TOAAAEhnAGACAwhDMAAIEhnAEACAzhDABAYAhnAAACQzgDABAYwhkAgMAQzgAABIZwBgAgMIQzAACBIZwBAAgM4QwAQGAIZwAAAlP9cJ4ZVe\/O9zQ849tLKaTfBY+ka5nd6jwyqpxvO1cH1bnTbPdL5qrfnndDmcTjnZkbfjuARwWVM1AjueH31D\/ZrBbfduwF4\/HflfrwlM6ctkuPdDwZ0DMaPjKgm7sG\/OOn1KsBAhp4xNQonCeUOZC48qd6xaPGVMf7PntKvW8+pazfZF37elDa9X9qb\/AbtEbbdzVr+AtfXV8dVkZd2ld4gp77Z5daLnzJMQQ8QmoUzs2JysAsh54yYW0D2lYFZbrpXDffoK6ZVdsN2Dt8I3qeD\/fexFnJViOF0I+X6LVR1VHY3vv1bbcVqKt8ddyl5\/ymyA39eEF6+slC8FqNz29Sy8Ql\/WJ282uXR6VVT6rRP+Y0rNeW5gld\/Lk0nUu6v+P9nhQHHnj16dZe166UO7lI7ftKqwATqKZqaD9UOJFlP\/tS2hcHe6tpfxI935z0TthqJA59c\/JrUatpR6+9lulxVccJ\/\/i+lb8XVS1A7ZnAPDCopw+9m6iOk5q18gm\/WkHLysf92tyuZUq6v7ea15p2f\/kPBvAAqf+Yc0OrOrcmqgDbjTfRqhfXRU1n6xuFE9u6F9SuCU3\/16z\/9\/YcYWurElOx72vNVx2uIvHrQD3EgZlK7s81MaPpSb8K4KFTl3DODX9iArhZW56PEve5jbYaHo66sS+Pmqv99pLuvwrWdZlKWuqPu\/BcheIr7plbuumeBCyRmVGduWB7fnoK3czHR6WJQe0z69GkL3+hOYfs9J9+bS4Naj86oC3fFz6rf7J4rBrAg6suE8LcxJjTiW4+181tTmSZQXMyM5X0gk8oN5Q5rkK3tllqX6EAC9TQqv7EvumWQ61SczTUklq3Ri9ulW7eKh4Tzv18SdnmTfq7OQzshasmbxXfejUzpouJi9uYvei9uLnQrX3maKHXCMCDrT4TwvyYcIG56n\/TVM8XTFWx0KrZsSe30ULl7BdXkfhJM5mvC5PN7MxYxpwREjvzWvEcCueGvvlswh0PLljthasGdSIxqcvtx8mhHs8O2yhZpdul9J5qAA+k+o85x9xY8uxqYC52pvaZlYlKwSwn8reh2G6+HrVfGMifqH7caNr+tUAQbHXt7l6IA3VAOpTsAYr246cToduvHp1JrfGPx+zEs9vqTBwL9p7p9olBfTPrS00APGge+8vw63l37971a7Vjg3bf9BtlTjqV2dusSk9UdpsNbGao4pFib9c6cElbPkwMF7ltNrBLe6oAPCiWLVvmfi5NONv7mt19oJVuN6nE3sfco8yEbxrcOoJHljuORn3DKtxWCODBtLThDAAAZonDeenGnAEAQFmEMwAAgSGcAQAIDOEMAEBgCGcAAAJDOAMAEBTp\/wF5f6OhsFsHEwAAAABJRU5ErkJggg==\" alt=\"\"><\/p>","protected":false},"excerpt":{"rendered":"<p>H\u00e1marksopnun er 31mm og heildarlengd 255mm.<\/p>","protected":false},"featured_media":42564,"comment_status":"closed","ping_status":"closed","template":"","meta":[],"product_brand":[],"product_cat":[588,777,515],"product_tag":[1024],"class_list":{"0":"post-22024","1":"product","2":"type-product","3":"status-publish","4":"has-post-thumbnail","6":"product_cat-handverkfaeri","7":"product_cat-skiptilyklar","8":"product_cat-verkfaeralausnir","9":"product_tag-bahco","11":"first","12":"instock","13":"taxable","14":"shipping-taxable","15":"purchasable","16":"product-type-simple"},"yoast_head":"<!-- This site is optimized with the Yoast SEO plugin v27.3 - https:\/\/yoast.com\/product\/yoast-seo-wordpress\/ -->\n<title>BAHCO Skiptilykill 10&quot; Svartur - V\u00e9lar &amp; Verkf\u00e6ri<\/title>\n<meta name=\"robots\" content=\"index, follow, max-snippet:-1, max-image-preview:large, max-video-preview:-1\" \/>\n<link rel=\"canonical\" href=\"https:\/\/velarogverkfaeri.is\/en\/verkfaeralausnir\/handverkfaeri\/skiptilyklar\/product\/bahco-skiptilykill-10-svartur\/\" \/>\n<meta property=\"og:locale\" content=\"en_US\" \/>\n<meta property=\"og:type\" content=\"article\" \/>\n<meta property=\"og:title\" content=\"BAHCO Skiptilykill 10&quot; Svartur - V\u00e9lar &amp; Verkf\u00e6ri\" \/>\n<meta property=\"og:description\" content=\"H\u00e1marksopnun er 31mm og heildarlengd 255mm.\" \/>\n<meta property=\"og:url\" content=\"https:\/\/velarogverkfaeri.is\/en\/verkfaeralausnir\/handverkfaeri\/skiptilyklar\/product\/bahco-skiptilykill-10-svartur\/\" \/>\n<meta property=\"og:site_name\" content=\"V\u00e9lar &amp; Verkf\u00e6ri\" \/>\n<meta property=\"article:publisher\" content=\"https:\/\/www.facebook.com\/VelarOgVerkfaeri\" \/>\n<meta property=\"article:modified_time\" content=\"2026-02-05T14:01:32+00:00\" \/>\n<meta property=\"og:image\" content=\"https:\/\/velarogverkfaeri.is\/wp-content\/uploads\/2023\/06\/3197e18c-b47a-4013-9711-f713edfc5f70.jpeg\" \/>\n\t<meta property=\"og:image:width\" content=\"500\" \/>\n\t<meta property=\"og:image:height\" content=\"500\" \/>\n\t<meta property=\"og:image:type\" content=\"image\/jpeg\" \/>\n<meta name=\"twitter:card\" content=\"summary_large_image\" \/>\n<script type=\"application\/ld+json\" class=\"yoast-schema-graph\">{\"@context\":\"https:\\\/\\\/schema.org\",\"@graph\":[{\"@type\":\"WebPage\",\"@id\":\"https:\\\/\\\/velarogverkfaeri.is\\\/verkfaeralausnir\\\/handverkfaeri\\\/skiptilyklar\\\/product\\\/bahco-skiptilykill-10-svartur\\\/\",\"url\":\"https:\\\/\\\/velarogverkfaeri.is\\\/verkfaeralausnir\\\/handverkfaeri\\\/skiptilyklar\\\/product\\\/bahco-skiptilykill-10-svartur\\\/\",\"name\":\"BAHCO Skiptilykill 10\\\" Svartur - V\u00e9lar &amp; Verkf\u00e6ri\",\"isPartOf\":{\"@id\":\"https:\\\/\\\/velarogverkfaeri.is\\\/en\\\/#website\"},\"primaryImageOfPage\":{\"@id\":\"https:\\\/\\\/velarogverkfaeri.is\\\/verkfaeralausnir\\\/handverkfaeri\\\/skiptilyklar\\\/product\\\/bahco-skiptilykill-10-svartur\\\/#primaryimage\"},\"image\":{\"@id\":\"https:\\\/\\\/velarogverkfaeri.is\\\/verkfaeralausnir\\\/handverkfaeri\\\/skiptilyklar\\\/product\\\/bahco-skiptilykill-10-svartur\\\/#primaryimage\"},\"thumbnailUrl\":\"https:\\\/\\\/velarogverkfaeri.is\\\/wp-content\\\/uploads\\\/2023\\\/06\\\/3197e18c-b47a-4013-9711-f713edfc5f70.jpeg\",\"datePublished\":\"2023-06-08T19:22:08+00:00\",\"dateModified\":\"2026-02-05T14:01:32+00:00\",\"breadcrumb\":{\"@id\":\"https:\\\/\\\/velarogverkfaeri.is\\\/verkfaeralausnir\\\/handverkfaeri\\\/skiptilyklar\\\/product\\\/bahco-skiptilykill-10-svartur\\\/#breadcrumb\"},\"inLanguage\":\"en-US\",\"potentialAction\":[{\"@type\":\"ReadAction\",\"target\":[\"https:\\\/\\\/velarogverkfaeri.is\\\/verkfaeralausnir\\\/handverkfaeri\\\/skiptilyklar\\\/product\\\/bahco-skiptilykill-10-svartur\\\/\"]}]},{\"@type\":\"ImageObject\",\"inLanguage\":\"en-US\",\"@id\":\"https:\\\/\\\/velarogverkfaeri.is\\\/verkfaeralausnir\\\/handverkfaeri\\\/skiptilyklar\\\/product\\\/bahco-skiptilykill-10-svartur\\\/#primaryimage\",\"url\":\"https:\\\/\\\/velarogverkfaeri.is\\\/wp-content\\\/uploads\\\/2023\\\/06\\\/3197e18c-b47a-4013-9711-f713edfc5f70.jpeg\",\"contentUrl\":\"https:\\\/\\\/velarogverkfaeri.is\\\/wp-content\\\/uploads\\\/2023\\\/06\\\/3197e18c-b47a-4013-9711-f713edfc5f70.jpeg\",\"width\":500,\"height\":500},{\"@type\":\"BreadcrumbList\",\"@id\":\"https:\\\/\\\/velarogverkfaeri.is\\\/verkfaeralausnir\\\/handverkfaeri\\\/skiptilyklar\\\/product\\\/bahco-skiptilykill-10-svartur\\\/#breadcrumb\",\"itemListElement\":[{\"@type\":\"ListItem\",\"position\":1,\"name\":\"Home\",\"item\":\"https:\\\/\\\/velarogverkfaeri.is\\\/\"},{\"@type\":\"ListItem\",\"position\":2,\"name\":\"Vefverslun\",\"item\":\"https:\\\/\\\/velarogverkfaeri.is\\\/vefverslun\\\/\"},{\"@type\":\"ListItem\",\"position\":3,\"name\":\"BAHCO Skiptilykill 10&#8243; Svartur\"}]},{\"@type\":\"WebSite\",\"@id\":\"https:\\\/\\\/velarogverkfaeri.is\\\/en\\\/#website\",\"url\":\"https:\\\/\\\/velarogverkfaeri.is\\\/en\\\/\",\"name\":\"V\u00e9lar & Verkf\u00e6ri\",\"description\":\"Umbo\u00f0s- og heildverslun fr\u00e1 \u00e1rinu 1919\",\"publisher\":{\"@id\":\"https:\\\/\\\/velarogverkfaeri.is\\\/en\\\/#organization\"},\"potentialAction\":[{\"@type\":\"SearchAction\",\"target\":{\"@type\":\"EntryPoint\",\"urlTemplate\":\"https:\\\/\\\/velarogverkfaeri.is\\\/en\\\/?s={search_term_string}\"},\"query-input\":{\"@type\":\"PropertyValueSpecification\",\"valueRequired\":true,\"valueName\":\"search_term_string\"}}],\"inLanguage\":\"en-US\"},{\"@type\":\"Organization\",\"@id\":\"https:\\\/\\\/velarogverkfaeri.is\\\/en\\\/#organization\",\"name\":\"V\u00e9lar & Verkf\u00e6ri\",\"url\":\"https:\\\/\\\/velarogverkfaeri.is\\\/en\\\/\",\"logo\":{\"@type\":\"ImageObject\",\"inLanguage\":\"en-US\",\"@id\":\"https:\\\/\\\/velarogverkfaeri.is\\\/en\\\/#\\\/schema\\\/logo\\\/image\\\/\",\"url\":\"https:\\\/\\\/velarogverkfaeri.is\\\/wp-content\\\/uploads\\\/2021\\\/10\\\/vv_logo_350x100.png\",\"contentUrl\":\"https:\\\/\\\/velarogverkfaeri.is\\\/wp-content\\\/uploads\\\/2021\\\/10\\\/vv_logo_350x100.png\",\"width\":350,\"height\":100,\"caption\":\"V\u00e9lar & Verkf\u00e6ri\"},\"image\":{\"@id\":\"https:\\\/\\\/velarogverkfaeri.is\\\/en\\\/#\\\/schema\\\/logo\\\/image\\\/\"},\"sameAs\":[\"https:\\\/\\\/www.facebook.com\\\/VelarOgVerkfaeri\"]}]}<\/script>\n<!-- \/ Yoast SEO plugin. -->","yoast_head_json":{"title":"BAHCO Skiptilykill 10\" Svartur - V\u00e9lar &amp; Verkf\u00e6ri","robots":{"index":"index","follow":"follow","max-snippet":"max-snippet:-1","max-image-preview":"max-image-preview:large","max-video-preview":"max-video-preview:-1"},"canonical":"https:\/\/velarogverkfaeri.is\/en\/verkfaeralausnir\/handverkfaeri\/skiptilyklar\/product\/bahco-skiptilykill-10-svartur\/","og_locale":"en_US","og_type":"article","og_title":"BAHCO Skiptilykill 10\" Svartur - V\u00e9lar &amp; Verkf\u00e6ri","og_description":"H\u00e1marksopnun er 31mm og heildarlengd 255mm.","og_url":"https:\/\/velarogverkfaeri.is\/en\/verkfaeralausnir\/handverkfaeri\/skiptilyklar\/product\/bahco-skiptilykill-10-svartur\/","og_site_name":"V\u00e9lar &amp; Verkf\u00e6ri","article_publisher":"https:\/\/www.facebook.com\/VelarOgVerkfaeri","article_modified_time":"2026-02-05T14:01:32+00:00","og_image":[{"width":500,"height":500,"url":"https:\/\/velarogverkfaeri.is\/wp-content\/uploads\/2023\/06\/3197e18c-b47a-4013-9711-f713edfc5f70.jpeg","type":"image\/jpeg"}],"twitter_card":"summary_large_image","schema":{"@context":"https:\/\/schema.org","@graph":[{"@type":"WebPage","@id":"https:\/\/velarogverkfaeri.is\/verkfaeralausnir\/handverkfaeri\/skiptilyklar\/product\/bahco-skiptilykill-10-svartur\/","url":"https:\/\/velarogverkfaeri.is\/verkfaeralausnir\/handverkfaeri\/skiptilyklar\/product\/bahco-skiptilykill-10-svartur\/","name":"BAHCO Skiptilykill 10\" Svartur - V\u00e9lar &amp; Verkf\u00e6ri","isPartOf":{"@id":"https:\/\/velarogverkfaeri.is\/en\/#website"},"primaryImageOfPage":{"@id":"https:\/\/velarogverkfaeri.is\/verkfaeralausnir\/handverkfaeri\/skiptilyklar\/product\/bahco-skiptilykill-10-svartur\/#primaryimage"},"image":{"@id":"https:\/\/velarogverkfaeri.is\/verkfaeralausnir\/handverkfaeri\/skiptilyklar\/product\/bahco-skiptilykill-10-svartur\/#primaryimage"},"thumbnailUrl":"https:\/\/velarogverkfaeri.is\/wp-content\/uploads\/2023\/06\/3197e18c-b47a-4013-9711-f713edfc5f70.jpeg","datePublished":"2023-06-08T19:22:08+00:00","dateModified":"2026-02-05T14:01:32+00:00","breadcrumb":{"@id":"https:\/\/velarogverkfaeri.is\/verkfaeralausnir\/handverkfaeri\/skiptilyklar\/product\/bahco-skiptilykill-10-svartur\/#breadcrumb"},"inLanguage":"en-US","potentialAction":[{"@type":"ReadAction","target":["https:\/\/velarogverkfaeri.is\/verkfaeralausnir\/handverkfaeri\/skiptilyklar\/product\/bahco-skiptilykill-10-svartur\/"]}]},{"@type":"ImageObject","inLanguage":"en-US","@id":"https:\/\/velarogverkfaeri.is\/verkfaeralausnir\/handverkfaeri\/skiptilyklar\/product\/bahco-skiptilykill-10-svartur\/#primaryimage","url":"https:\/\/velarogverkfaeri.is\/wp-content\/uploads\/2023\/06\/3197e18c-b47a-4013-9711-f713edfc5f70.jpeg","contentUrl":"https:\/\/velarogverkfaeri.is\/wp-content\/uploads\/2023\/06\/3197e18c-b47a-4013-9711-f713edfc5f70.jpeg","width":500,"height":500},{"@type":"BreadcrumbList","@id":"https:\/\/velarogverkfaeri.is\/verkfaeralausnir\/handverkfaeri\/skiptilyklar\/product\/bahco-skiptilykill-10-svartur\/#breadcrumb","itemListElement":[{"@type":"ListItem","position":1,"name":"Home","item":"https:\/\/velarogverkfaeri.is\/"},{"@type":"ListItem","position":2,"name":"Vefverslun","item":"https:\/\/velarogverkfaeri.is\/vefverslun\/"},{"@type":"ListItem","position":3,"name":"BAHCO Skiptilykill 10&#8243; Svartur"}]},{"@type":"WebSite","@id":"https:\/\/velarogverkfaeri.is\/en\/#website","url":"https:\/\/velarogverkfaeri.is\/en\/","name":"V\u00e9lar & Verkf\u00e6ri","description":"Umbo\u00f0s- og heildverslun fr\u00e1 \u00e1rinu 1919","publisher":{"@id":"https:\/\/velarogverkfaeri.is\/en\/#organization"},"potentialAction":[{"@type":"SearchAction","target":{"@type":"EntryPoint","urlTemplate":"https:\/\/velarogverkfaeri.is\/en\/?s={search_term_string}"},"query-input":{"@type":"PropertyValueSpecification","valueRequired":true,"valueName":"search_term_string"}}],"inLanguage":"en-US"},{"@type":"Organization","@id":"https:\/\/velarogverkfaeri.is\/en\/#organization","name":"V\u00e9lar & Verkf\u00e6ri","url":"https:\/\/velarogverkfaeri.is\/en\/","logo":{"@type":"ImageObject","inLanguage":"en-US","@id":"https:\/\/velarogverkfaeri.is\/en\/#\/schema\/logo\/image\/","url":"https:\/\/velarogverkfaeri.is\/wp-content\/uploads\/2021\/10\/vv_logo_350x100.png","contentUrl":"https:\/\/velarogverkfaeri.is\/wp-content\/uploads\/2021\/10\/vv_logo_350x100.png","width":350,"height":100,"caption":"V\u00e9lar & Verkf\u00e6ri"},"image":{"@id":"https:\/\/velarogverkfaeri.is\/en\/#\/schema\/logo\/image\/"},"sameAs":["https:\/\/www.facebook.com\/VelarOgVerkfaeri"]}]}},"_links":{"self":[{"href":"https:\/\/velarogverkfaeri.is\/en\/wp-json\/wp\/v2\/product\/22024","targetHints":{"allow":["GET"]}}],"collection":[{"href":"https:\/\/velarogverkfaeri.is\/en\/wp-json\/wp\/v2\/product"}],"about":[{"href":"https:\/\/velarogverkfaeri.is\/en\/wp-json\/wp\/v2\/types\/product"}],"replies":[{"embeddable":true,"href":"https:\/\/velarogverkfaeri.is\/en\/wp-json\/wp\/v2\/comments?post=22024"}],"wp:featuredmedia":[{"embeddable":true,"href":"https:\/\/velarogverkfaeri.is\/en\/wp-json\/wp\/v2\/media\/42564"}],"wp:attachment":[{"href":"https:\/\/velarogverkfaeri.is\/en\/wp-json\/wp\/v2\/media?parent=22024"}],"wp:term":[{"taxonomy":"product_brand","embeddable":true,"href":"https:\/\/velarogverkfaeri.is\/en\/wp-json\/wp\/v2\/product_brand?post=22024"},{"taxonomy":"product_cat","embeddable":true,"href":"https:\/\/velarogverkfaeri.is\/en\/wp-json\/wp\/v2\/product_cat?post=22024"},{"taxonomy":"product_tag","embeddable":true,"href":"https:\/\/velarogverkfaeri.is\/en\/wp-json\/wp\/v2\/product_tag?post=22024"}],"curies":[{"name":"wp","href":"https:\/\/api.w.org\/{rel}","templated":true}]}}