{"id":21983,"date":"2023-06-08T19:22:15","date_gmt":"2023-06-08T19:22:15","guid":{"rendered":"https:\/\/vv-dev.webdev.is\/?post_type=product&#038;p=21983"},"modified":"2026-02-05T14:01:33","modified_gmt":"2026-02-05T14:01:33","slug":"bahco-skiptilykill-8-svartur","status":"publish","type":"product","link":"https:\/\/velarogverkfaeri.is\/en\/verkfaeralausnir\/handverkfaeri\/skiptilyklar\/product\/bahco-skiptilykill-8-svartur\/","title":{"rendered":"BAHCO Skiptilykill 8&#8243; Svartur"},"content":{"rendered":"<p><img decoding=\"async\" src=\"data:image\/png;base64,iVBORw0KGgoAAAANSUhEUgAAAd4AAADxCAYAAABlE9aUAAAAAXNSR0IArs4c6QAAAARnQU1BAACxjwv8YQUAAAAJcEhZcwAADsMAAA7DAcdvqGQAABoBSURBVHhe7d3da1TX\/sfxT39\/QxNrk0NtG4Li0znt0Voq7YUhEWLLsVBSJCAOeubmqBdCirSRYCzSQC\/a9GZaGRGCGAr1YA04wVy0WGr1tOcYFcOQ1kgTrZPee9nfWnuvmdl7MpkkNbMmJu8X3XU\/zEMie+3PXt+1ZnzqD0MAAMCL\/3N\/AgAADwheAAA8IngBAPCI4AUAwCOCFwAAjwheAAA8IngBAPCI4AUAwCOCFwAAjwheAAA8mmfw3lZq97t6a9YlrVH3yNFUuC91w+2Yl5yG3rPPO6ahnNs1b+5nS9122\/OUG1aXfd57w3rodoU\/e\/F3AQBgsS2sx9uc0Bfnz+nCjCWhTcEDcvr1l2BFP08uJEGnNZm1f2Y1+SDYUX0PJjVm\/8xOFoIXAIBqW+RSc73aPwrDuK+93u2bj\/VKuhBPbna7qm1zouSmAQCA6mOMFwAAjxY9eB8OHZs5VnsjHYz7llvyY8EzxleD54Tb+XHjcJnnGGx+DHfW581zbLjws0efXzrmXfL7Bu8d7ov+7Asb9wYALEfV7\/Ha4OoZ1tr9n7rS7qdKNoeH7L7KpeVhfWACa6DRPTeV0Fq7LzIhqpwg\/JNpqfCe53Rip32tBU7esgFqfnbt7Dav4UrSQaj2aqgw3m1\/n6xSydLXtvve1Qeyzw1\/Bm9ldADAkrWw4M2mdaDQy3PLXCE4ORFMyjpSGPOtV\/sRG6DSi41zjwO390TGi+tbdWS\/Se3sFf1n1gC9rX+fygahHh1n3pQMA\/Kb6\/NNXtOrNeE9ZgM2ud7tM8zP0GeD9KNWrQp3uN+nzGvbwI4+FwCw4i0seMvNai4EUHmrGtcEgf3vSJn14fUrGlOzGle7HQsQvF4lN37QkPlj7NSh+A3C7kNKZc3+yenwcRXZjze5Xu0cv1+gvkEvutWotY11bg0AgFD1S82bTXiZXupQTzEED5geaXvPcS1o4vMC2Z5y7AYhv8zZA7UlaRvSzUoemT104+POJqTdfgAAKql+8AalXymZigdg1cY7VzcGZew\/r1UnCuO2ZSZyuclWH1wywVz4nbrV7g4DAFCJh8lVtvTr8YsxXNl36GzlsefK7OeRbZja3m88fEevDruSe3V77ACA5clDqXlXMIs5WmrOL10LmmI8X+uV7GkNJ4JFJn6FH3NayHvaL\/Vw4Rt5nVWNdnJXZMw6P8vZbQIAUMnCgrfcrOZgmf2ztaOpQ0qpdFJW+JGisVOfLezjPfNlv5XKfvQo8vOG48rndGSLe8y8mPAtvE74caFV7f+K30h8LB2JfEQKAIBKnvrDcOtVYL9oolcygTdjTDf4fO+ECTZKtgCAlaPKpeY62crsUE\/Jl0u4L9XQzg5CFwCwolS5xxuyH7354JLbcGzZl29yAgCsNF6CFwAAhDx8jhcAAOQRvAAAeETwAgDgEcELAIBHBC8AAB4RvAAAeETwAgDgEcELAIBHBC8AAB4RvAAAeETwAgDgEcELAIBHBC8AAB4RvAAAeETwAgDgEcELAIBHBC8AAB4RvAAAeETwAgDg0VN\/GG59Vo8ePXJrAADgcdDjBQDAI4IXAACPCF4AADwieAEA8IjgBQDAI4IXAACPCF4AADwieAEA8IjgBQDAI4IXAACPCF4AADwieAEA8IjgBQDAI4IXAACPvPyzgLnMhzp4ZtxtGS1dGkyscxt3lE5LicI2sMxMj6j78ICybrN5b5962+qC9Vvpfeq9HKyWaFLik\/flHgZgGal+8N4cUMdJqftspzYEO6aVOfa5dNBdVOzx6y9HgnjxFC9qTWpuMsH\/WvGCB3gRhO5VbS+EqLnR3NOnu5HwLRXcqH63Tf3Hd6je7QOwfFS91Hzr+ojp4b7sQteqU9vx4p187v69cKUKNiROq39vk1kbV9bk7vPPErrwK\/fTVWVb3o70XNdplzkns1O\/u+1Sd3TxzLja3iF0geWq6j3esMyssmWzGWW2Qgna9oq7lHbV6aA099JopFy3o9CDDl5\/6m11yzzGvlZTZ6SnMK1bN00AbzRvHPQ8Hqij0PMGaiM47xUdbimq1Nudca4H7aBNU5G20nb0tBIb7ZrtWX+lhqPbdOVk2G6CdvRsRh0nzc2wFWsrAHzxMMYbltYybis+vlu8mET32QvTtS3RC4h9fmTMy5anv1wdXDQUBLvpIRQuOHnx8FZLpxITA5p6p\/RxgEduvPf5GeerFZ7rKnssfxNbPNdLt+PDOq7dFMK1dDtsH1cYfgG88zCreZ0SZ09r8GyX2uzm5T517BnQreBYebZEXLzwrNPWFvNHtFy38WW1jV\/Vf6fdtrmY7IpdqFzorjEhH7y3WbY8CEL47v38kwDfTPiZ0JXpeZYP1q+CYIyfyyUix+uffc78f4e25h\/\/zGo1656mIqd4sWT9tBqaTK\/3tU1uu04Na1Sh5A2gWjx+nCgawCO6dtPtnoXt9XbsCZegrBYEdn5fpAddzvSoroybHvKbkVLexk512wAHasL1OFu6ZulhMrYLrBQ1+BxveOc9O9tb3afBhr5Cb9UGph2fKvReg2XmmHFl05qaYIIVaqEYurPN3p9XbxfAslDl4A1DNB3t3d7MKD0eKY\/N8LumYjOQ7+ia6fFmz3yuTKSElpuuUDKu26GOlnGlv77jdhhzvi9QDXOHLr1dYGWpbvBO\/66Gdzp192SxbBz\/TK9U\/9I2NefLyMdGlHMft8gUnvOjttoe7ifbdOVwft8+9fdnYkFcakOiT4mJSHm65H2B6rM3nm5YJDZUYpf8PAf3GHq7wIrh5ZurAABAqAZjvAAArFwELwAAHhG8AAB4RPACAOARwQsAgEcELwAAHhG8AAB4RPACAOARwQsAgEcELwAAHhG8AAB4RPACAOARwQsAgEcELwAAHs3rnwUEAACLgx4vAAAeEbwAAHhE8AIA4BHBCwCARwQvAAAeEbwAAHhE8AIA4BHBCwCARwQvAAAeEbwAAHhE8AIA4BHBCwCARwQvAAAeEbwAAHjkJXgfDh3TW7vfLS6p2+6IdVup2DawzNxIx87\/rqGcOxA3mnLH7OPfG9ZDtx\/A8lL94DUXkQOn1ujE+XO6ECyfKvnLoArXnhs\/aMitLjZ7IQsvdsfU9d7sFzygamyI9kwomcqf\/9168dQhpW644wBWnKoH7+jVYWnnK9rktqV6tX90XO314dbDyYlwpQo2Jc\/pi\/3NZi2rsaz0YqN7U8CT4Pze2VE436X1enWn9PPkzJvAVY3N4Tm6ulFrX2jQKrcfwPJS9eC1FxNdivRwI2yP9MApk4iXesOeaaHknNOQ6aHGSnO5YXW57bd2pzXqHhmUsc3zCr3bWIkup4eN\/wp7GqmEfu4pPg\/wYdWW7VobO\/9v6\/tL5W8CV7UfV3KzWalvVV9yfbgTwLLz1B+GW6+S20rt7i2Wk3d260LkomKD88BkR2yfDdHvt50LL0KF5zcrmXI9ZVu+O9uoLz5qlezzTXi39+Qfn2fD+5BSJtcDOxNK\/pLW5J7SxwHVFm0DkfMYwIrkYXLVeiXd2Fa73Qx6t5V7nrZEXAzHsDQXK9dtfkXt2Sv6T74X0ZzQP8qF7gsm5PNjy9smgxAuV+IDqiaYWPWDXs2fh+c7NJlkvgGwknmZ1RyKBvCwvp9jcklxYtS7+uCS2ZEvRwdLpAddTu5\/+iZreha7I+W6zQmdsAEOeGNuAM8Oa+3+XZE5DqYd9LRq7Nv\/MWsZWKE8Bm9eneyw7+zC8d2Bxk8LvVUbmGv3F7fDZaHlupx+\/YUJVlgispMEL7BCVTl4wxCNfXTixkWlsq16ddZx1mlNxmYgh5NRxk59Fpug9TBXoVRX36rOnVmlzkc+Hzzn+wKLrV5\/f73ZnLsXI0Mrt5XqKe0FA1hJqju5Kndbow+mNNCT1pjbJbXqxPlE8aJjZysn3fHmRGzCVMg9Pvo4Y21zq944ktDfr5vHfrs9eF784xclk6tK3xfwJJhAWDifjZIJhgBWFg+zmgEAQF4NxngBAFi5CF4AADwieAEA8IjgBQDAI4IXAACPCF4AADwieAEA8IjgBQDAI4IXAACPCF4AADwieAEA8IjgBQDAI4IXAACPCF4AADya1z8L+OjRI7cGAAAeBz1eAAA8IngBAPCI4AUAwCOCFwAAjwheAAA8IngBAPCI4AUAwCOCFwAAjwheAAA8IngBAPCI4AUAwCOCFwAAjwheAAA8IngBAPCo+v8s4M0BdZyUus92aoPbVQu30vvUqy4NJta5PYAn0yPqPjygrNts3tun3rY6t2UEbWTEbUhtR08rsdFtWCXPD7RwLgNPKnq8QDUFoXlV2z85rcGzdunS82e61J2ZLh4\/eU+JyHGd3Kf0zfBw4LcHytqgDY67hdAFnlgEL1BFuZ+umtB8W8UO7jrt2tuk7NTvwdatrwekvf+ccTzz5Yhybk\/u\/j01NzzttgA86WoevLnMh+rYs88tA7rl9gc9Abtty3DljuuO0oX9xaXQkyh53rVwL+BVfdv7M3qnualxt3ZH1y5Lzz8bKTsb9S9tU\/P4Vf3XncrFx1cWtKX0nWBYJX\/e39K0Msfy29GetG0\/Hypz07az8FjQdqLt5lgx\/AEsnpoGr71QHDzznLrz5bOjUm+ssY+o9\/rLrrzWp0ST2TYXFutWuk939\/YVSm\/dLZGxs6B8NxKMlYXHX5bMBQ6oOXNuDppzsW1LPoyb1PCMWy1rWlMTUvZMVzEQXRso63Kfrm0Jz\/v+vffUu6dLU++4dnB0hzInozev40p\/KR0M2khYAu\/4crX6g23T3jSg\/vyNLIBFU8PgndZ\/vxs34RiZdLWxzTT24p2+vSgl3sxfoOr0t9eapIn7JpjDi9FswvJeV2SCyjptNcEM1JbpZR62pWUTatHJUxXVqe24C858IE70zR6+TZ3a5V67\/tnnzP93aGv+vZ5ZrWbd01QkS9ve2aH6YO1pNZjm1fzaJrddp4Y1JvBdSRzA4qlh8P4uW0HLnHR38cHSpfT4uKZ+cw+Zlb0Y9Wn7d8VeQO9Epw66gbL5luYAf2xpt08Zc0MYm9Fsep1zn+9R5tw3YanLP0Z6rgCeJDUM3vAOu1gOLi7z6Q3kMp\/rymvFUvPg8fydO7DUFEM3Pt4bVmLu3o+Xc4OKTdM2\/S0+9Atgmahh8Ial4+jsTSs3Pb8xJTsBRdFxL7u48eENW2yP4CsVhqfcuBrg32yhG9rwZqc5jz8vnqvm8RfPjEdKwOb5sbKy2T45oua9bTX9XDyAP89T8I6oNxqQZrEzKO2Mz\/7XrupgZH9\/fyZyEZqNufgcfqCOSC\/ZTg5pGx\/QRTtrc2On+vfKPMa9br\/Usdd0rwGv7IxiE7p29XJf4RwPFzfJqW6Heo8+VzxXTUgr8gUaucx98\/\/oc8Pj8XI1gCdJ9b+5qhrsrOXgSwneL37+Mdhnw7i235AFAEAlT2bwWiVfs2dnb9b6aykBAJjLkxu8AAA8gWo4uQoAgJWH4AUAwCOCFwAAjwheAAA8IngBAPCI4AUAwCOCFwAAjwheAAA8IngBAPCI4AUAwCOCFwAAjwheAAA8mtc\/kgAAABYHPV4AADwieAEA8IjgBQDAI4IXAACPCF4AADwieAEA8IjgBQDAI4IXAACPCF4AADwieAEA8IjgBQDAI4IXAACPCF4AADwieAEA8Mhf8OaG1bX7Xb0VXd4b1kN3GFiuHg4di5\/3qdvuyG2lzHbqhtssMZqyj09r1G3P5eFQWkM5t2G5NtfldgY\/R+G9Kwvee5bHhr\/PMfdeOQ29F\/0d7O+UPxZX\/jXD5xdf7\/GMpub\/9wXUipfgDRpc8oreSJ3ThfPF5YvXr+jA44ZvJNC73rMXBBoelpAbaR04tUYnCuf9p0r+MjiPkLEPaDb\/NWpVuGMOOf3n2wm3HvdiY71bW0xr9JdFeNnR1CGlsq3m7+e42h\/79W7r+0tuFVjCqh+85sLzwaVmJVMzG9aq9uO68FHrPC8ss6hvVd\/5brWb1bFsdgEXKqD6Rq8OSztf0Sa3bU5YtX80n5Cp16bkQtrHtCbN6R8TtI1zSm5224skaLfnE5Hf6U8qXBsW4bWs3JR+dqvAUlb14A0vPB3zu5stKUfPKF\/dKB6PlefM+quuR3HihbQ+XoyaFbAIVjWaXuul+fRwrXzZNazaxErDQdsw+2NtxFV3gn29GlJWqaTdny\/bzlb2de9TWvY1QThbxShfLg\/anX3cYlSqeobV3lN6E5L\/O3BL5H3yfx9hCd4t+d\/B\/kzJtMY0rA+CY1S+sHRVOXhz+vUXaW1jnduuwDZE03Be7MmX5LqlnuhFw1xUzkpHXMAW7uJtg+vpdY3tmH5tbNXYt\/9j7BhLwqp2c9NZCMRIUMxgA+eQUi90V+hNmlD5uNgGTuw02\/b1ClUf23u0x+bqUZte95GE1sZuCMz7n7VBOPO9beDly+WL03s2NwSmrWv\/pzNe7+HQZ\/rm9U+D36\/sjfSlXn2\/LTx2wfSU15rt4GZgcyLcli1b2+OL1IsGqsDf5Kqo6F27u6N9eP2KxnZ2Rxriev1jv\/TN9WKja99TUnYLQnfCXWzs8i\/pW9PDzk4SvFgi1isZnJvhcIgNjnK9sWCs04Zucr3bU44J1iPFNrBpW6t5vR\/+XM\/OhHXnzmyxfd24GIy1vloarKaNhaG7SEEW\/P62d27ev8zdgS1j90X224rB2OS02zKaE\/pH\/mes\/6veaJZ+nowEM\/AEqHLw1usvLyjecCw39nShx1w4nId2gCpolC6QzXLgVHbmcyNmlrHdnbzbApaOaAAP6\/vIUMlQz7vhWOfuSqFbxupGc65P6Nc\/mTs2uMdOXQyC27altft3xcPVtseeMvsfh7m5LvTW5yhr568BwHJT9R5veFc+9xhXMBbmGmVsqdgDKOPBpMaYYIUlq072VI9q7zmnL\/YrKL8uqPdqz\/XHmV28eZeSzcMaSKU1cKlMD9S2x1RCOmV649E5FYtgU7J8+Nrx2wOTHYX2\/8X+kr8sYBmofql5c8I0MDvGNXOSx8PJ4scfVm3ZXjLmZORyFUvGm3aXH6da+\/pfCV4sAeFEofhEwPIlXVtiDYKo4qSlrCYfuFV3rsdnTC9UfTB8M3bJvM5svVpbneppNb3ycpO0Hs\/M8A3nhLRvy99s249I0ePF8uNljNc2sAup7fomP8GkUEZaoxP5j0vYBl76mI8\/078rtfbgorCmOHFl96FgYkZ0jAiomdy0\/rInoZ97Iud0j2YdLw2C6IW0Dsz6ZRLN+vls8VyPjwmv16vBDW54fN491M2vBJOy3thSoc3YiUuuneW\/jGOxFMPX\/szhjYAtvYe\/42fS68XhqDkFY77hay3WF3IA1fDUH4ZbB7BUBbP+7ZfQLMYXTRQFM5ZtaXehQzoA\/rTazGoGUHvBjGUtfFIXgMdCjxcAAI\/o8QIA4BHBCwCARwQvAAAeEbwAAHhE8AIA4BHBCwCARwQvAAAeEbwAAHhE8AIA4BHBCwCARwQvAAAeEbwAAHg0r38k4dGjR24NAAA8Dnq8AAB4RPACAOARwQsAgEcELwAAHhG8AAB4RPACAOARwQsAgEcELwAAHhG8AAB4RPACAOARwQsAgEcELwAAHhG8AAB4RPACAOBR9f9ZwOkRdR++qu2fvK+2OrevVpbSz4KVIzjvBpR1m817+9QbOQFzmQ918My42wq1HT2txEa3UfL8QEuXBhPr3AaAJwnBC1TTjHPujtJ7+nQ3Er630vt0bUskaEvdHFDH9ZcJWmCZ8FRqHlf68D517MkvHyoz7Q4By1jup6vKtrwdudFbp117m5Sd+t1tT2tqokkNz7jNMnL376m54Wm3BeBJV5ser72DP3lPiU\/+KfV3Kb2mpGwWHJe6z3ZKpjcw2NCl7d\/1Ke2qcdFSXbkynbQjeO4Gc1HLHDOvn39eyw7p8j16vKgp28PtVf6ctz3gr9RQ4Zy0jx9siJenywt70xm3lVda2gZQW7WZXLWxTYmmcV35SWo72Knmy19FesAmLL8cUdtRG5yh7JmvpIOnNXjWLEd3mO3Pw8ebUO8\/85wJWXfsE\/NahdC1FywTuupUvzt+sOFefJwM8M2cs4OXzXm\/xd1oTt\/X3ZKKUPpmeChke8S2DXQVK0bpO+5Y3K10WMIO2oJZulsIXWApqv2s5rod6mixIeyS92bG9FB3aGt0vCtaqtv4strMhWrqN7P+24MKQXpH1y43KXFwh+rdnvqXtplgBmrF9EgPD0gmDAvjueb873VBmb95vHsyGr51ajseOX7WPHeir0z4hgENYOmrSfDmMp+bcG3S9pfCNN2wxfZiM7pl1m9dHzF36W2F3m5FGztND1jqzfcEzEXt+XxPOehJAEuFKwO3dFXugQY3olLmevlebRDE79ghkx+D9lJkA7pP278r9ox7Jzp1kN4usOTUZHLVwaA8HBnTCkrPIxpMD2jwsrnwzPtiYS5mwVhwsUcw68xQoGaKoVvNmcn2hvbKa8VS8+DxYrUHwNLhKXiblPikGI6Dbgy2KLyLz14ekebb2w2s09aWkWKP1y1Bma5uk7Y3mcD\/uthzuPV1yWchgaqbI3RvDsTHdM12rx0ieTP\/WPP8WFnZ3myWrwrZoRRFx4LtcmxEOXccwNKwhD7Hay9QM2d3xmeAWuGFTEdPa9f9D9Wvf8ZKd8Es5++2qT+423cXPXes7WiXdLLyDFJg8cRn1cfZSYBtmspkNHVmJDITuTg50MplRnRxakCZy26HEftyjQJ7rv+orbGb2mJboRIELB3VD955CgJz6u0FleJmhnK4b34fvQCWkXI3uMG+B+qYUWECUEtLI3gLn+tdaE90Zo+Cj09gxQra0YjbsOK9ZwBLw5Lp8QIAsBLU\/nO8AACsIAQvAAAeEbwAAHhE8AIA4BHBCwCARwQvAADeSP8Pin6+fpaMfdAAAAAASUVORK5CYII=\" alt=\"\"><\/p>","protected":false},"excerpt":{"rendered":"<p>Mesta opnun skiptilykilsins er 27mm og heildarlengd 205mm.<\/p>","protected":false},"featured_media":42649,"comment_status":"closed","ping_status":"closed","template":"","meta":[],"product_brand":[],"product_cat":[588,777,515],"product_tag":[1024],"class_list":{"0":"post-21983","1":"product","2":"type-product","3":"status-publish","4":"has-post-thumbnail","6":"product_cat-handverkfaeri","7":"product_cat-skiptilyklar","8":"product_cat-verkfaeralausnir","9":"product_tag-bahco","11":"first","12":"instock","13":"taxable","14":"shipping-taxable","15":"purchasable","16":"product-type-simple"},"yoast_head":"<!-- This site is optimized with the Yoast SEO plugin v27.3 - https:\/\/yoast.com\/product\/yoast-seo-wordpress\/ -->\n<title>BAHCO Skiptilykill 8&quot; Svartur - V\u00e9lar &amp; Verkf\u00e6ri<\/title>\n<meta name=\"robots\" content=\"index, follow, max-snippet:-1, max-image-preview:large, max-video-preview:-1\" \/>\n<link rel=\"canonical\" href=\"https:\/\/velarogverkfaeri.is\/en\/verkfaeralausnir\/handverkfaeri\/skiptilyklar\/product\/bahco-skiptilykill-8-svartur\/\" \/>\n<meta property=\"og:locale\" content=\"en_US\" \/>\n<meta property=\"og:type\" content=\"article\" \/>\n<meta property=\"og:title\" content=\"BAHCO Skiptilykill 8&quot; Svartur - V\u00e9lar &amp; Verkf\u00e6ri\" \/>\n<meta property=\"og:description\" content=\"Mesta opnun skiptilykilsins er 27mm og heildarlengd 205mm.\" \/>\n<meta property=\"og:url\" content=\"https:\/\/velarogverkfaeri.is\/en\/verkfaeralausnir\/handverkfaeri\/skiptilyklar\/product\/bahco-skiptilykill-8-svartur\/\" \/>\n<meta property=\"og:site_name\" content=\"V\u00e9lar &amp; Verkf\u00e6ri\" \/>\n<meta property=\"article:publisher\" content=\"https:\/\/www.facebook.com\/VelarOgVerkfaeri\" \/>\n<meta property=\"article:modified_time\" content=\"2026-02-05T14:01:33+00:00\" \/>\n<meta property=\"og:image\" content=\"https:\/\/velarogverkfaeri.is\/wp-content\/uploads\/2023\/06\/67bd3ab5-f74a-44b1-a1c9-7ab3741a7dcd.jpeg\" \/>\n\t<meta property=\"og:image:width\" content=\"500\" \/>\n\t<meta property=\"og:image:height\" content=\"397\" \/>\n\t<meta property=\"og:image:type\" content=\"image\/jpeg\" \/>\n<meta name=\"twitter:card\" content=\"summary_large_image\" \/>\n<script type=\"application\/ld+json\" class=\"yoast-schema-graph\">{\"@context\":\"https:\\\/\\\/schema.org\",\"@graph\":[{\"@type\":\"WebPage\",\"@id\":\"https:\\\/\\\/velarogverkfaeri.is\\\/verkfaeralausnir\\\/handverkfaeri\\\/skiptilyklar\\\/product\\\/bahco-skiptilykill-8-svartur\\\/\",\"url\":\"https:\\\/\\\/velarogverkfaeri.is\\\/verkfaeralausnir\\\/handverkfaeri\\\/skiptilyklar\\\/product\\\/bahco-skiptilykill-8-svartur\\\/\",\"name\":\"BAHCO Skiptilykill 8\\\" Svartur - V\u00e9lar &amp; Verkf\u00e6ri\",\"isPartOf\":{\"@id\":\"https:\\\/\\\/velarogverkfaeri.is\\\/en\\\/#website\"},\"primaryImageOfPage\":{\"@id\":\"https:\\\/\\\/velarogverkfaeri.is\\\/verkfaeralausnir\\\/handverkfaeri\\\/skiptilyklar\\\/product\\\/bahco-skiptilykill-8-svartur\\\/#primaryimage\"},\"image\":{\"@id\":\"https:\\\/\\\/velarogverkfaeri.is\\\/verkfaeralausnir\\\/handverkfaeri\\\/skiptilyklar\\\/product\\\/bahco-skiptilykill-8-svartur\\\/#primaryimage\"},\"thumbnailUrl\":\"https:\\\/\\\/velarogverkfaeri.is\\\/wp-content\\\/uploads\\\/2023\\\/06\\\/67bd3ab5-f74a-44b1-a1c9-7ab3741a7dcd.jpeg\",\"datePublished\":\"2023-06-08T19:22:15+00:00\",\"dateModified\":\"2026-02-05T14:01:33+00:00\",\"breadcrumb\":{\"@id\":\"https:\\\/\\\/velarogverkfaeri.is\\\/verkfaeralausnir\\\/handverkfaeri\\\/skiptilyklar\\\/product\\\/bahco-skiptilykill-8-svartur\\\/#breadcrumb\"},\"inLanguage\":\"en-US\",\"potentialAction\":[{\"@type\":\"ReadAction\",\"target\":[\"https:\\\/\\\/velarogverkfaeri.is\\\/verkfaeralausnir\\\/handverkfaeri\\\/skiptilyklar\\\/product\\\/bahco-skiptilykill-8-svartur\\\/\"]}]},{\"@type\":\"ImageObject\",\"inLanguage\":\"en-US\",\"@id\":\"https:\\\/\\\/velarogverkfaeri.is\\\/verkfaeralausnir\\\/handverkfaeri\\\/skiptilyklar\\\/product\\\/bahco-skiptilykill-8-svartur\\\/#primaryimage\",\"url\":\"https:\\\/\\\/velarogverkfaeri.is\\\/wp-content\\\/uploads\\\/2023\\\/06\\\/67bd3ab5-f74a-44b1-a1c9-7ab3741a7dcd.jpeg\",\"contentUrl\":\"https:\\\/\\\/velarogverkfaeri.is\\\/wp-content\\\/uploads\\\/2023\\\/06\\\/67bd3ab5-f74a-44b1-a1c9-7ab3741a7dcd.jpeg\",\"width\":500,\"height\":397},{\"@type\":\"BreadcrumbList\",\"@id\":\"https:\\\/\\\/velarogverkfaeri.is\\\/verkfaeralausnir\\\/handverkfaeri\\\/skiptilyklar\\\/product\\\/bahco-skiptilykill-8-svartur\\\/#breadcrumb\",\"itemListElement\":[{\"@type\":\"ListItem\",\"position\":1,\"name\":\"Home\",\"item\":\"https:\\\/\\\/velarogverkfaeri.is\\\/\"},{\"@type\":\"ListItem\",\"position\":2,\"name\":\"Vefverslun\",\"item\":\"https:\\\/\\\/velarogverkfaeri.is\\\/vefverslun\\\/\"},{\"@type\":\"ListItem\",\"position\":3,\"name\":\"BAHCO Skiptilykill 8&#8243; Svartur\"}]},{\"@type\":\"WebSite\",\"@id\":\"https:\\\/\\\/velarogverkfaeri.is\\\/en\\\/#website\",\"url\":\"https:\\\/\\\/velarogverkfaeri.is\\\/en\\\/\",\"name\":\"V\u00e9lar & Verkf\u00e6ri\",\"description\":\"Umbo\u00f0s- og heildverslun fr\u00e1 \u00e1rinu 1919\",\"publisher\":{\"@id\":\"https:\\\/\\\/velarogverkfaeri.is\\\/en\\\/#organization\"},\"potentialAction\":[{\"@type\":\"SearchAction\",\"target\":{\"@type\":\"EntryPoint\",\"urlTemplate\":\"https:\\\/\\\/velarogverkfaeri.is\\\/en\\\/?s={search_term_string}\"},\"query-input\":{\"@type\":\"PropertyValueSpecification\",\"valueRequired\":true,\"valueName\":\"search_term_string\"}}],\"inLanguage\":\"en-US\"},{\"@type\":\"Organization\",\"@id\":\"https:\\\/\\\/velarogverkfaeri.is\\\/en\\\/#organization\",\"name\":\"V\u00e9lar & Verkf\u00e6ri\",\"url\":\"https:\\\/\\\/velarogverkfaeri.is\\\/en\\\/\",\"logo\":{\"@type\":\"ImageObject\",\"inLanguage\":\"en-US\",\"@id\":\"https:\\\/\\\/velarogverkfaeri.is\\\/en\\\/#\\\/schema\\\/logo\\\/image\\\/\",\"url\":\"https:\\\/\\\/velarogverkfaeri.is\\\/wp-content\\\/uploads\\\/2021\\\/10\\\/vv_logo_350x100.png\",\"contentUrl\":\"https:\\\/\\\/velarogverkfaeri.is\\\/wp-content\\\/uploads\\\/2021\\\/10\\\/vv_logo_350x100.png\",\"width\":350,\"height\":100,\"caption\":\"V\u00e9lar & Verkf\u00e6ri\"},\"image\":{\"@id\":\"https:\\\/\\\/velarogverkfaeri.is\\\/en\\\/#\\\/schema\\\/logo\\\/image\\\/\"},\"sameAs\":[\"https:\\\/\\\/www.facebook.com\\\/VelarOgVerkfaeri\"]}]}<\/script>\n<!-- \/ Yoast SEO plugin. -->","yoast_head_json":{"title":"BAHCO Skiptilykill 8\" Svartur - V\u00e9lar &amp; Verkf\u00e6ri","robots":{"index":"index","follow":"follow","max-snippet":"max-snippet:-1","max-image-preview":"max-image-preview:large","max-video-preview":"max-video-preview:-1"},"canonical":"https:\/\/velarogverkfaeri.is\/en\/verkfaeralausnir\/handverkfaeri\/skiptilyklar\/product\/bahco-skiptilykill-8-svartur\/","og_locale":"en_US","og_type":"article","og_title":"BAHCO Skiptilykill 8\" Svartur - V\u00e9lar &amp; Verkf\u00e6ri","og_description":"Mesta opnun skiptilykilsins er 27mm og heildarlengd 205mm.","og_url":"https:\/\/velarogverkfaeri.is\/en\/verkfaeralausnir\/handverkfaeri\/skiptilyklar\/product\/bahco-skiptilykill-8-svartur\/","og_site_name":"V\u00e9lar &amp; Verkf\u00e6ri","article_publisher":"https:\/\/www.facebook.com\/VelarOgVerkfaeri","article_modified_time":"2026-02-05T14:01:33+00:00","og_image":[{"width":500,"height":397,"url":"https:\/\/velarogverkfaeri.is\/wp-content\/uploads\/2023\/06\/67bd3ab5-f74a-44b1-a1c9-7ab3741a7dcd.jpeg","type":"image\/jpeg"}],"twitter_card":"summary_large_image","schema":{"@context":"https:\/\/schema.org","@graph":[{"@type":"WebPage","@id":"https:\/\/velarogverkfaeri.is\/verkfaeralausnir\/handverkfaeri\/skiptilyklar\/product\/bahco-skiptilykill-8-svartur\/","url":"https:\/\/velarogverkfaeri.is\/verkfaeralausnir\/handverkfaeri\/skiptilyklar\/product\/bahco-skiptilykill-8-svartur\/","name":"BAHCO Skiptilykill 8\" Svartur - V\u00e9lar &amp; Verkf\u00e6ri","isPartOf":{"@id":"https:\/\/velarogverkfaeri.is\/en\/#website"},"primaryImageOfPage":{"@id":"https:\/\/velarogverkfaeri.is\/verkfaeralausnir\/handverkfaeri\/skiptilyklar\/product\/bahco-skiptilykill-8-svartur\/#primaryimage"},"image":{"@id":"https:\/\/velarogverkfaeri.is\/verkfaeralausnir\/handverkfaeri\/skiptilyklar\/product\/bahco-skiptilykill-8-svartur\/#primaryimage"},"thumbnailUrl":"https:\/\/velarogverkfaeri.is\/wp-content\/uploads\/2023\/06\/67bd3ab5-f74a-44b1-a1c9-7ab3741a7dcd.jpeg","datePublished":"2023-06-08T19:22:15+00:00","dateModified":"2026-02-05T14:01:33+00:00","breadcrumb":{"@id":"https:\/\/velarogverkfaeri.is\/verkfaeralausnir\/handverkfaeri\/skiptilyklar\/product\/bahco-skiptilykill-8-svartur\/#breadcrumb"},"inLanguage":"en-US","potentialAction":[{"@type":"ReadAction","target":["https:\/\/velarogverkfaeri.is\/verkfaeralausnir\/handverkfaeri\/skiptilyklar\/product\/bahco-skiptilykill-8-svartur\/"]}]},{"@type":"ImageObject","inLanguage":"en-US","@id":"https:\/\/velarogverkfaeri.is\/verkfaeralausnir\/handverkfaeri\/skiptilyklar\/product\/bahco-skiptilykill-8-svartur\/#primaryimage","url":"https:\/\/velarogverkfaeri.is\/wp-content\/uploads\/2023\/06\/67bd3ab5-f74a-44b1-a1c9-7ab3741a7dcd.jpeg","contentUrl":"https:\/\/velarogverkfaeri.is\/wp-content\/uploads\/2023\/06\/67bd3ab5-f74a-44b1-a1c9-7ab3741a7dcd.jpeg","width":500,"height":397},{"@type":"BreadcrumbList","@id":"https:\/\/velarogverkfaeri.is\/verkfaeralausnir\/handverkfaeri\/skiptilyklar\/product\/bahco-skiptilykill-8-svartur\/#breadcrumb","itemListElement":[{"@type":"ListItem","position":1,"name":"Home","item":"https:\/\/velarogverkfaeri.is\/"},{"@type":"ListItem","position":2,"name":"Vefverslun","item":"https:\/\/velarogverkfaeri.is\/vefverslun\/"},{"@type":"ListItem","position":3,"name":"BAHCO Skiptilykill 8&#8243; Svartur"}]},{"@type":"WebSite","@id":"https:\/\/velarogverkfaeri.is\/en\/#website","url":"https:\/\/velarogverkfaeri.is\/en\/","name":"V\u00e9lar & Verkf\u00e6ri","description":"Umbo\u00f0s- og heildverslun fr\u00e1 \u00e1rinu 1919","publisher":{"@id":"https:\/\/velarogverkfaeri.is\/en\/#organization"},"potentialAction":[{"@type":"SearchAction","target":{"@type":"EntryPoint","urlTemplate":"https:\/\/velarogverkfaeri.is\/en\/?s={search_term_string}"},"query-input":{"@type":"PropertyValueSpecification","valueRequired":true,"valueName":"search_term_string"}}],"inLanguage":"en-US"},{"@type":"Organization","@id":"https:\/\/velarogverkfaeri.is\/en\/#organization","name":"V\u00e9lar & Verkf\u00e6ri","url":"https:\/\/velarogverkfaeri.is\/en\/","logo":{"@type":"ImageObject","inLanguage":"en-US","@id":"https:\/\/velarogverkfaeri.is\/en\/#\/schema\/logo\/image\/","url":"https:\/\/velarogverkfaeri.is\/wp-content\/uploads\/2021\/10\/vv_logo_350x100.png","contentUrl":"https:\/\/velarogverkfaeri.is\/wp-content\/uploads\/2021\/10\/vv_logo_350x100.png","width":350,"height":100,"caption":"V\u00e9lar & Verkf\u00e6ri"},"image":{"@id":"https:\/\/velarogverkfaeri.is\/en\/#\/schema\/logo\/image\/"},"sameAs":["https:\/\/www.facebook.com\/VelarOgVerkfaeri"]}]}},"_links":{"self":[{"href":"https:\/\/velarogverkfaeri.is\/en\/wp-json\/wp\/v2\/product\/21983","targetHints":{"allow":["GET"]}}],"collection":[{"href":"https:\/\/velarogverkfaeri.is\/en\/wp-json\/wp\/v2\/product"}],"about":[{"href":"https:\/\/velarogverkfaeri.is\/en\/wp-json\/wp\/v2\/types\/product"}],"replies":[{"embeddable":true,"href":"https:\/\/velarogverkfaeri.is\/en\/wp-json\/wp\/v2\/comments?post=21983"}],"wp:featuredmedia":[{"embeddable":true,"href":"https:\/\/velarogverkfaeri.is\/en\/wp-json\/wp\/v2\/media\/42649"}],"wp:attachment":[{"href":"https:\/\/velarogverkfaeri.is\/en\/wp-json\/wp\/v2\/media?parent=21983"}],"wp:term":[{"taxonomy":"product_brand","embeddable":true,"href":"https:\/\/velarogverkfaeri.is\/en\/wp-json\/wp\/v2\/product_brand?post=21983"},{"taxonomy":"product_cat","embeddable":true,"href":"https:\/\/velarogverkfaeri.is\/en\/wp-json\/wp\/v2\/product_cat?post=21983"},{"taxonomy":"product_tag","embeddable":true,"href":"https:\/\/velarogverkfaeri.is\/en\/wp-json\/wp\/v2\/product_tag?post=21983"}],"curies":[{"name":"wp","href":"https:\/\/api.w.org\/{rel}","templated":true}]}}