{"id":21975,"date":"2023-06-07T14:16:56","date_gmt":"2023-06-07T14:16:56","guid":{"rendered":"https:\/\/vv-dev.webdev.is\/?post_type=product&#038;p=21975"},"modified":"2026-03-25T15:46:53","modified_gmt":"2026-03-25T15:46:53","slug":"assa-abloy-hurdarbremsa-523t-2-hvit-utopnun","status":"publish","type":"product","link":"https:\/\/velarogverkfaeri.is\/en\/lykillausnir\/hurdabunadur-lykillausnir\/hurdarbremsur\/product\/assa-abloy-hurdarbremsa-523t-2-hvit-utopnun\/","title":{"rendered":"ASSA ABLOY Hur\u00f0arbremsa 545 mm hv\u00edt 0523T200V"},"content":{"rendered":"<p>ASSA ABLOY 523T er hur\u00f0arbremsa fyrir \u00fatihur\u00f0ir sem opnast \u00fat \u00e1 vi\u00f0, gluggahur\u00f0ir, geymsluhur\u00f0ir e\u00f0a \u00feess h\u00e1ttar.<br \/>Hur\u00f0arbremsan dregur \u00far h\u00e6ttu \u00e1 klemmum og tryggir a\u00f0 hur\u00f0in geti ekki bl\u00e1si\u00f0 upp. Bremsukrafturinn er breytilegur me\u00f0 einfaldri stillingu \u00e1 n\u00faningi.<\/p>\n<p>Lengd 545 mm. Rammi 770-910 mm (opnunarbreidd)<\/p>\n<p>-Fyrir hur\u00f0ir sem opnast \u00fat \u00e1 vi\u00f0<br \/>-Heldur hur\u00f0inni me\u00f0 n\u00faningi \u00ed \u00e6skilegri opnunarst\u00f6\u00f0u<br \/>-Kemur \u00ed veg fyrir a\u00f0 hur\u00f0in fj\u00faki aftur og dregur \u00far h\u00e6ttu \u00e1 klemmum<br \/>-Stillanlegur hemlunarkraftur me\u00f0 n\u00faningsstillingu<br \/>-Passar b\u00e6\u00f0i \u00e1 h\u00e6gri- og vinstrihengdar hur\u00f0ir<br \/>-Stangir eru \u00far ry\u00f0fr\u00edu st\u00e1li me\u00f0 asetal plasti<\/p>\n<p>Efni: Rammafesting og hur\u00f0arfesting eru \u00far l\u00f6kku\u00f0u st\u00e1li me\u00f0 hl\u00edf \u00far asetalplasti<\/p>","protected":false},"excerpt":{"rendered":"<p>Tegund:&nbsp;0523T200V<\/p>","protected":false},"featured_media":34297,"comment_status":"closed","ping_status":"closed","template":"","meta":[],"product_brand":[],"product_cat":[921,597,517],"product_tag":[],"class_list":{"0":"post-21975","1":"product","2":"type-product","3":"status-publish","4":"has-post-thumbnail","6":"product_cat-hurdarbremsur","7":"product_cat-hurdabunadur-lykillausnir","8":"product_cat-lykillausnir","10":"first","11":"instock","12":"taxable","13":"shipping-taxable","14":"purchasable","15":"product-type-simple"},"yoast_head":"<!-- This site is optimized with the Yoast SEO plugin v27.3 - https:\/\/yoast.com\/product\/yoast-seo-wordpress\/ -->\n<title>ASSA ABLOY Hur\u00f0arbremsa 545 mm hv\u00edt 0523T200V - V\u00e9lar &amp; Verkf\u00e6ri<\/title>\n<meta name=\"robots\" content=\"index, follow, max-snippet:-1, max-image-preview:large, max-video-preview:-1\" \/>\n<link rel=\"canonical\" href=\"https:\/\/velarogverkfaeri.is\/en\/lykillausnir\/hurdabunadur-lykillausnir\/hurdarbremsur\/product\/assa-abloy-hurdarbremsa-523t-2-hvit-utopnun\/\" \/>\n<meta property=\"og:locale\" content=\"en_US\" \/>\n<meta property=\"og:type\" content=\"article\" \/>\n<meta property=\"og:title\" content=\"ASSA ABLOY Hur\u00f0arbremsa 545 mm hv\u00edt 0523T200V - V\u00e9lar &amp; Verkf\u00e6ri\" \/>\n<meta property=\"og:description\" content=\"Tegund:&nbsp;0523T200V\" \/>\n<meta property=\"og:url\" content=\"https:\/\/velarogverkfaeri.is\/en\/lykillausnir\/hurdabunadur-lykillausnir\/hurdarbremsur\/product\/assa-abloy-hurdarbremsa-523t-2-hvit-utopnun\/\" \/>\n<meta property=\"og:site_name\" content=\"V\u00e9lar &amp; Verkf\u00e6ri\" \/>\n<meta property=\"article:publisher\" content=\"https:\/\/www.facebook.com\/VelarOgVerkfaeri\" \/>\n<meta property=\"article:modified_time\" content=\"2026-03-25T15:46:53+00:00\" \/>\n<meta property=\"og:image\" content=\"https:\/\/velarogverkfaeri.is\/wp-content\/uploads\/2023\/06\/2ff90e8b-f29e-492b-b5d0-d4729f1762ea.jpeg\" \/>\n\t<meta property=\"og:image:width\" content=\"630\" \/>\n\t<meta property=\"og:image:height\" content=\"420\" \/>\n\t<meta property=\"og:image:type\" content=\"image\/jpeg\" \/>\n<meta name=\"twitter:card\" content=\"summary_large_image\" \/>\n<meta name=\"twitter:label1\" content=\"Est. reading time\" \/>\n\t<meta name=\"twitter:data1\" content=\"1 minute\" \/>\n<script type=\"application\/ld+json\" class=\"yoast-schema-graph\">{\"@context\":\"https:\\\/\\\/schema.org\",\"@graph\":[{\"@type\":\"WebPage\",\"@id\":\"https:\\\/\\\/velarogverkfaeri.is\\\/lykillausnir\\\/hurdabunadur-lykillausnir\\\/hurdarbremsur\\\/product\\\/assa-abloy-hurdarbremsa-523t-2-hvit-utopnun\\\/\",\"url\":\"https:\\\/\\\/velarogverkfaeri.is\\\/lykillausnir\\\/hurdabunadur-lykillausnir\\\/hurdarbremsur\\\/product\\\/assa-abloy-hurdarbremsa-523t-2-hvit-utopnun\\\/\",\"name\":\"ASSA ABLOY Hur\u00f0arbremsa 545 mm hv\u00edt 0523T200V - V\u00e9lar &amp; Verkf\u00e6ri\",\"isPartOf\":{\"@id\":\"https:\\\/\\\/velarogverkfaeri.is\\\/en\\\/#website\"},\"primaryImageOfPage\":{\"@id\":\"https:\\\/\\\/velarogverkfaeri.is\\\/lykillausnir\\\/hurdabunadur-lykillausnir\\\/hurdarbremsur\\\/product\\\/assa-abloy-hurdarbremsa-523t-2-hvit-utopnun\\\/#primaryimage\"},\"image\":{\"@id\":\"https:\\\/\\\/velarogverkfaeri.is\\\/lykillausnir\\\/hurdabunadur-lykillausnir\\\/hurdarbremsur\\\/product\\\/assa-abloy-hurdarbremsa-523t-2-hvit-utopnun\\\/#primaryimage\"},\"thumbnailUrl\":\"https:\\\/\\\/velarogverkfaeri.is\\\/wp-content\\\/uploads\\\/2023\\\/06\\\/2ff90e8b-f29e-492b-b5d0-d4729f1762ea.jpeg\",\"datePublished\":\"2023-06-07T14:16:56+00:00\",\"dateModified\":\"2026-03-25T15:46:53+00:00\",\"breadcrumb\":{\"@id\":\"https:\\\/\\\/velarogverkfaeri.is\\\/lykillausnir\\\/hurdabunadur-lykillausnir\\\/hurdarbremsur\\\/product\\\/assa-abloy-hurdarbremsa-523t-2-hvit-utopnun\\\/#breadcrumb\"},\"inLanguage\":\"en-US\",\"potentialAction\":[{\"@type\":\"ReadAction\",\"target\":[\"https:\\\/\\\/velarogverkfaeri.is\\\/lykillausnir\\\/hurdabunadur-lykillausnir\\\/hurdarbremsur\\\/product\\\/assa-abloy-hurdarbremsa-523t-2-hvit-utopnun\\\/\"]}]},{\"@type\":\"ImageObject\",\"inLanguage\":\"en-US\",\"@id\":\"https:\\\/\\\/velarogverkfaeri.is\\\/lykillausnir\\\/hurdabunadur-lykillausnir\\\/hurdarbremsur\\\/product\\\/assa-abloy-hurdarbremsa-523t-2-hvit-utopnun\\\/#primaryimage\",\"url\":\"https:\\\/\\\/velarogverkfaeri.is\\\/wp-content\\\/uploads\\\/2023\\\/06\\\/2ff90e8b-f29e-492b-b5d0-d4729f1762ea.jpeg\",\"contentUrl\":\"https:\\\/\\\/velarogverkfaeri.is\\\/wp-content\\\/uploads\\\/2023\\\/06\\\/2ff90e8b-f29e-492b-b5d0-d4729f1762ea.jpeg\",\"width\":630,\"height\":420},{\"@type\":\"BreadcrumbList\",\"@id\":\"https:\\\/\\\/velarogverkfaeri.is\\\/lykillausnir\\\/hurdabunadur-lykillausnir\\\/hurdarbremsur\\\/product\\\/assa-abloy-hurdarbremsa-523t-2-hvit-utopnun\\\/#breadcrumb\",\"itemListElement\":[{\"@type\":\"ListItem\",\"position\":1,\"name\":\"Home\",\"item\":\"https:\\\/\\\/velarogverkfaeri.is\\\/\"},{\"@type\":\"ListItem\",\"position\":2,\"name\":\"Vefverslun\",\"item\":\"https:\\\/\\\/velarogverkfaeri.is\\\/vefverslun\\\/\"},{\"@type\":\"ListItem\",\"position\":3,\"name\":\"ASSA ABLOY Hur\u00f0arbremsa 545 mm hv\u00edt 0523T200V\"}]},{\"@type\":\"WebSite\",\"@id\":\"https:\\\/\\\/velarogverkfaeri.is\\\/en\\\/#website\",\"url\":\"https:\\\/\\\/velarogverkfaeri.is\\\/en\\\/\",\"name\":\"V\u00e9lar & Verkf\u00e6ri\",\"description\":\"Umbo\u00f0s- og heildverslun fr\u00e1 \u00e1rinu 1919\",\"publisher\":{\"@id\":\"https:\\\/\\\/velarogverkfaeri.is\\\/en\\\/#organization\"},\"potentialAction\":[{\"@type\":\"SearchAction\",\"target\":{\"@type\":\"EntryPoint\",\"urlTemplate\":\"https:\\\/\\\/velarogverkfaeri.is\\\/en\\\/?s={search_term_string}\"},\"query-input\":{\"@type\":\"PropertyValueSpecification\",\"valueRequired\":true,\"valueName\":\"search_term_string\"}}],\"inLanguage\":\"en-US\"},{\"@type\":\"Organization\",\"@id\":\"https:\\\/\\\/velarogverkfaeri.is\\\/en\\\/#organization\",\"name\":\"V\u00e9lar & Verkf\u00e6ri\",\"url\":\"https:\\\/\\\/velarogverkfaeri.is\\\/en\\\/\",\"logo\":{\"@type\":\"ImageObject\",\"inLanguage\":\"en-US\",\"@id\":\"https:\\\/\\\/velarogverkfaeri.is\\\/en\\\/#\\\/schema\\\/logo\\\/image\\\/\",\"url\":\"https:\\\/\\\/velarogverkfaeri.is\\\/wp-content\\\/uploads\\\/2021\\\/10\\\/vv_logo_350x100.png\",\"contentUrl\":\"https:\\\/\\\/velarogverkfaeri.is\\\/wp-content\\\/uploads\\\/2021\\\/10\\\/vv_logo_350x100.png\",\"width\":350,\"height\":100,\"caption\":\"V\u00e9lar & Verkf\u00e6ri\"},\"image\":{\"@id\":\"https:\\\/\\\/velarogverkfaeri.is\\\/en\\\/#\\\/schema\\\/logo\\\/image\\\/\"},\"sameAs\":[\"https:\\\/\\\/www.facebook.com\\\/VelarOgVerkfaeri\"]}]}<\/script>\n<!-- \/ Yoast SEO plugin. -->","yoast_head_json":{"title":"ASSA ABLOY Hur\u00f0arbremsa 545 mm hv\u00edt 0523T200V - V\u00e9lar &amp; Verkf\u00e6ri","robots":{"index":"index","follow":"follow","max-snippet":"max-snippet:-1","max-image-preview":"max-image-preview:large","max-video-preview":"max-video-preview:-1"},"canonical":"https:\/\/velarogverkfaeri.is\/en\/lykillausnir\/hurdabunadur-lykillausnir\/hurdarbremsur\/product\/assa-abloy-hurdarbremsa-523t-2-hvit-utopnun\/","og_locale":"en_US","og_type":"article","og_title":"ASSA ABLOY Hur\u00f0arbremsa 545 mm hv\u00edt 0523T200V - V\u00e9lar &amp; Verkf\u00e6ri","og_description":"Tegund:&nbsp;0523T200V","og_url":"https:\/\/velarogverkfaeri.is\/en\/lykillausnir\/hurdabunadur-lykillausnir\/hurdarbremsur\/product\/assa-abloy-hurdarbremsa-523t-2-hvit-utopnun\/","og_site_name":"V\u00e9lar &amp; Verkf\u00e6ri","article_publisher":"https:\/\/www.facebook.com\/VelarOgVerkfaeri","article_modified_time":"2026-03-25T15:46:53+00:00","og_image":[{"width":630,"height":420,"url":"https:\/\/velarogverkfaeri.is\/wp-content\/uploads\/2023\/06\/2ff90e8b-f29e-492b-b5d0-d4729f1762ea.jpeg","type":"image\/jpeg"}],"twitter_card":"summary_large_image","twitter_misc":{"Est. reading time":"1 minute"},"schema":{"@context":"https:\/\/schema.org","@graph":[{"@type":"WebPage","@id":"https:\/\/velarogverkfaeri.is\/lykillausnir\/hurdabunadur-lykillausnir\/hurdarbremsur\/product\/assa-abloy-hurdarbremsa-523t-2-hvit-utopnun\/","url":"https:\/\/velarogverkfaeri.is\/lykillausnir\/hurdabunadur-lykillausnir\/hurdarbremsur\/product\/assa-abloy-hurdarbremsa-523t-2-hvit-utopnun\/","name":"ASSA ABLOY Hur\u00f0arbremsa 545 mm hv\u00edt 0523T200V - V\u00e9lar &amp; Verkf\u00e6ri","isPartOf":{"@id":"https:\/\/velarogverkfaeri.is\/en\/#website"},"primaryImageOfPage":{"@id":"https:\/\/velarogverkfaeri.is\/lykillausnir\/hurdabunadur-lykillausnir\/hurdarbremsur\/product\/assa-abloy-hurdarbremsa-523t-2-hvit-utopnun\/#primaryimage"},"image":{"@id":"https:\/\/velarogverkfaeri.is\/lykillausnir\/hurdabunadur-lykillausnir\/hurdarbremsur\/product\/assa-abloy-hurdarbremsa-523t-2-hvit-utopnun\/#primaryimage"},"thumbnailUrl":"https:\/\/velarogverkfaeri.is\/wp-content\/uploads\/2023\/06\/2ff90e8b-f29e-492b-b5d0-d4729f1762ea.jpeg","datePublished":"2023-06-07T14:16:56+00:00","dateModified":"2026-03-25T15:46:53+00:00","breadcrumb":{"@id":"https:\/\/velarogverkfaeri.is\/lykillausnir\/hurdabunadur-lykillausnir\/hurdarbremsur\/product\/assa-abloy-hurdarbremsa-523t-2-hvit-utopnun\/#breadcrumb"},"inLanguage":"en-US","potentialAction":[{"@type":"ReadAction","target":["https:\/\/velarogverkfaeri.is\/lykillausnir\/hurdabunadur-lykillausnir\/hurdarbremsur\/product\/assa-abloy-hurdarbremsa-523t-2-hvit-utopnun\/"]}]},{"@type":"ImageObject","inLanguage":"en-US","@id":"https:\/\/velarogverkfaeri.is\/lykillausnir\/hurdabunadur-lykillausnir\/hurdarbremsur\/product\/assa-abloy-hurdarbremsa-523t-2-hvit-utopnun\/#primaryimage","url":"https:\/\/velarogverkfaeri.is\/wp-content\/uploads\/2023\/06\/2ff90e8b-f29e-492b-b5d0-d4729f1762ea.jpeg","contentUrl":"https:\/\/velarogverkfaeri.is\/wp-content\/uploads\/2023\/06\/2ff90e8b-f29e-492b-b5d0-d4729f1762ea.jpeg","width":630,"height":420},{"@type":"BreadcrumbList","@id":"https:\/\/velarogverkfaeri.is\/lykillausnir\/hurdabunadur-lykillausnir\/hurdarbremsur\/product\/assa-abloy-hurdarbremsa-523t-2-hvit-utopnun\/#breadcrumb","itemListElement":[{"@type":"ListItem","position":1,"name":"Home","item":"https:\/\/velarogverkfaeri.is\/"},{"@type":"ListItem","position":2,"name":"Vefverslun","item":"https:\/\/velarogverkfaeri.is\/vefverslun\/"},{"@type":"ListItem","position":3,"name":"ASSA ABLOY Hur\u00f0arbremsa 545 mm hv\u00edt 0523T200V"}]},{"@type":"WebSite","@id":"https:\/\/velarogverkfaeri.is\/en\/#website","url":"https:\/\/velarogverkfaeri.is\/en\/","name":"V\u00e9lar & Verkf\u00e6ri","description":"Umbo\u00f0s- og heildverslun fr\u00e1 \u00e1rinu 1919","publisher":{"@id":"https:\/\/velarogverkfaeri.is\/en\/#organization"},"potentialAction":[{"@type":"SearchAction","target":{"@type":"EntryPoint","urlTemplate":"https:\/\/velarogverkfaeri.is\/en\/?s={search_term_string}"},"query-input":{"@type":"PropertyValueSpecification","valueRequired":true,"valueName":"search_term_string"}}],"inLanguage":"en-US"},{"@type":"Organization","@id":"https:\/\/velarogverkfaeri.is\/en\/#organization","name":"V\u00e9lar & Verkf\u00e6ri","url":"https:\/\/velarogverkfaeri.is\/en\/","logo":{"@type":"ImageObject","inLanguage":"en-US","@id":"https:\/\/velarogverkfaeri.is\/en\/#\/schema\/logo\/image\/","url":"https:\/\/velarogverkfaeri.is\/wp-content\/uploads\/2021\/10\/vv_logo_350x100.png","contentUrl":"https:\/\/velarogverkfaeri.is\/wp-content\/uploads\/2021\/10\/vv_logo_350x100.png","width":350,"height":100,"caption":"V\u00e9lar & Verkf\u00e6ri"},"image":{"@id":"https:\/\/velarogverkfaeri.is\/en\/#\/schema\/logo\/image\/"},"sameAs":["https:\/\/www.facebook.com\/VelarOgVerkfaeri"]}]}},"_links":{"self":[{"href":"https:\/\/velarogverkfaeri.is\/en\/wp-json\/wp\/v2\/product\/21975","targetHints":{"allow":["GET"]}}],"collection":[{"href":"https:\/\/velarogverkfaeri.is\/en\/wp-json\/wp\/v2\/product"}],"about":[{"href":"https:\/\/velarogverkfaeri.is\/en\/wp-json\/wp\/v2\/types\/product"}],"replies":[{"embeddable":true,"href":"https:\/\/velarogverkfaeri.is\/en\/wp-json\/wp\/v2\/comments?post=21975"}],"wp:featuredmedia":[{"embeddable":true,"href":"https:\/\/velarogverkfaeri.is\/en\/wp-json\/wp\/v2\/media\/34297"}],"wp:attachment":[{"href":"https:\/\/velarogverkfaeri.is\/en\/wp-json\/wp\/v2\/media?parent=21975"}],"wp:term":[{"taxonomy":"product_brand","embeddable":true,"href":"https:\/\/velarogverkfaeri.is\/en\/wp-json\/wp\/v2\/product_brand?post=21975"},{"taxonomy":"product_cat","embeddable":true,"href":"https:\/\/velarogverkfaeri.is\/en\/wp-json\/wp\/v2\/product_cat?post=21975"},{"taxonomy":"product_tag","embeddable":true,"href":"https:\/\/velarogverkfaeri.is\/en\/wp-json\/wp\/v2\/product_tag?post=21975"}],"curies":[{"name":"wp","href":"https:\/\/api.w.org\/{rel}","templated":true}]}}